{"id":2322,"date":"2017-11-18T20:21:17","date_gmt":"2017-11-18T20:21:17","guid":{"rendered":"http:\/\/biblian.is\/1981\/lukasargudspjall-2-kafli\/"},"modified":"2021-06-06T11:03:39","modified_gmt":"2021-06-06T11:03:39","slug":"lukasargudspjall-2-kafli","status":"publish","type":"page","link":"https:\/\/biblian.is\/1981\/lukasargudspjall-2-kafli\/","title":{"rendered":"L\u00fakasargu\u00f0spjall 2. kafli"},"content":{"rendered":"<p><a name=\"1\"><span class=\"versanumer\">1<\/span><\/a>En \u00fea\u00f0 bar til um \u00feessar mundir, a\u00f0 bo\u00f0 kom fr\u00e1 \u00c1g\u00fastus keisara, a\u00f0 skr\u00e1setja skyldi alla heimsbygg\u00f0ina.<a name=\"2\"><span class=\"versanumer\">2<\/span><\/a>\u00deetta var fyrsta skr\u00e1setningin og var gj\u00f6r\u00f0 \u00fe\u00e1 er K\u00fdren\u00edus var landstj\u00f3ri \u00e1 S\u00fdrlandi.<a name=\"3\"><span class=\"versanumer\">3<\/span><\/a>F\u00f3ru \u00fe\u00e1 allir til a\u00f0 l\u00e1ta skr\u00e1setja sig, hver til sinnar borgar.<a name=\"4\"><span class=\"versanumer\">4<\/span><\/a>\u00de\u00e1 f\u00f3r og J\u00f3sef \u00far Gal\u00edleu fr\u00e1 borginni Nasaret upp til J\u00fadeu, til borgar Dav\u00ed\u00f0s, sem heitir Betlehem, en hann var af \u00e6tt og kyni Dav\u00ed\u00f0s,<a name=\"5\"><span class=\"versanumer\">5<\/span><\/a>a\u00f0 l\u00e1ta skr\u00e1setja sig \u00e1samt Mar\u00edu heitkonu sinni, sem var \u00feungu\u00f0.<a name=\"6\"><span class=\"versanumer\">6<\/span><\/a>En me\u00f0an \u00feau voru \u00fear, kom s\u00e1 t\u00edmi, er h\u00fan skyldi ver\u00f0a l\u00e9ttari.<a name=\"7\"><span class=\"versanumer\">7<\/span><\/a>F\u00e6ddi h\u00fan \u00fe\u00e1 son sinn frumgetinn, vaf\u00f0i hann reifum og lag\u00f0i hann \u00ed j\u00f6tu, af \u00fev\u00ed a\u00f0 eigi var r\u00fam handa \u00feeim \u00ed gistih\u00fasi.<a name=\"8\"><span class=\"versanumer\">8<\/span><\/a>En \u00ed s\u00f6mu bygg\u00f0 voru hir\u00f0ar \u00fati \u00ed haga og g\u00e6ttu um n\u00f3ttina hjar\u00f0ar sinnar.<a name=\"9\"><span class=\"versanumer\">9<\/span><\/a>Og engill Drottins st\u00f3\u00f0 hj\u00e1 \u00feeim, og d\u00fdr\u00f0 Drottins lj\u00f3ma\u00f0i kringum \u00fe\u00e1. \u00deeir ur\u00f0u mj\u00f6g hr\u00e6ddir,<a name=\"10\"><span class=\"versanumer\">10<\/span><\/a>en engillinn sag\u00f0i vi\u00f0 \u00fe\u00e1: Veri\u00f0 \u00f3hr\u00e6ddir, \u00fev\u00ed sj\u00e1, \u00e9g bo\u00f0a y\u00f0ur mikinn f\u00f6gnu\u00f0, sem veitast mun \u00f6llum l\u00fd\u00f0num:<a name=\"11\"><span class=\"versanumer\">11<\/span><\/a>Y\u00f0ur er \u00ed dag frelsari f\u00e6ddur, sem er Kristur Drottinn, \u00ed borg Dav\u00ed\u00f0s.<a name=\"12\"><span class=\"versanumer\">12<\/span><\/a>Og hafi\u00f0 \u00feetta til marks: \u00de\u00e9r munu\u00f0 finna ungbarn reifa\u00f0 og lagt \u00ed j\u00f6tu.<a name=\"13\"><span class=\"versanumer\">13<\/span><\/a>Og \u00ed s\u00f6mu svipan var me\u00f0 englinum fj\u00f6ldi himneskra hersveita, sem lofu\u00f0u Gu\u00f0 og s\u00f6g\u00f0u:<a name=\"14\"><span class=\"versanumer\">14<\/span><\/a>D\u00fdr\u00f0 s\u00e9 Gu\u00f0i \u00ed upph\u00e6\u00f0um, og fri\u00f0ur \u00e1 j\u00f6r\u00f0u me\u00f0 m\u00f6nnum, sem hann hefur vel\u00fe\u00f3knun \u00e1.<a name=\"15\"><span class=\"versanumer\">15<\/span><\/a>\u00deegar englarnir voru farnir fr\u00e1 \u00feeim til himins, s\u00f6g\u00f0u hir\u00f0arnir s\u00edn \u00e1 milli: F\u00f6rum beint til Betlehem a\u00f0 sj\u00e1 \u00fea\u00f0, sem gj\u00f6rst hefur og Drottinn hefur kunngj\u00f6rt oss.<a name=\"16\"><span class=\"versanumer\">16<\/span><\/a>Og \u00feeir f\u00f3ru me\u00f0 skyndi og fundu Mar\u00edu og J\u00f3sef og ungbarni\u00f0, sem l\u00e1 \u00ed j\u00f6tu.<a name=\"17\"><span class=\"versanumer\">17<\/span><\/a>\u00deegar \u00feeir s\u00e1u \u00fea\u00f0, sk\u00fdr\u00f0u \u00feeir fr\u00e1 \u00fev\u00ed, er \u00feeim haf\u00f0i veri\u00f0 sagt um barn \u00feetta.<a name=\"18\"><span class=\"versanumer\">18<\/span><\/a>Og allir, sem heyr\u00f0u, undru\u00f0ust \u00fea\u00f0, er hir\u00f0arnir s\u00f6g\u00f0u \u00feeim.<a name=\"19\"><span class=\"versanumer\">19<\/span><\/a>En Mar\u00eda geymdi allt \u00feetta \u00ed hjarta s\u00e9r og hugleiddi \u00fea\u00f0.<a name=\"20\"><span class=\"versanumer\">20<\/span><\/a>Og hir\u00f0arnir sneru aftur og vegs\u00f6mu\u00f0u Gu\u00f0 og lofu\u00f0u hann fyrir \u00fea\u00f0, sem \u00feeir h\u00f6f\u00f0u heyrt og s\u00e9\u00f0, en allt var \u00fea\u00f0 eins og \u00feeim haf\u00f0i veri\u00f0 sagt.<a name=\"21\"><span class=\"versanumer\">21<\/span><\/a>\u00deegar \u00e1tta dagar voru li\u00f0nir, skyldi umskera hann, og var hann l\u00e1tinn heita Jes\u00fas, eins og engillinn nefndi hann, \u00e1\u00f0ur en hann var getinn \u00ed m\u00f3\u00f0url\u00edfi.<a name=\"22\"><span class=\"versanumer\">22<\/span><\/a>En er hreinsunardagar \u00feeirra voru \u00fati eftir l\u00f6gm\u00e1li M\u00f3se, f\u00f3ru \u00feau me\u00f0 hann upp til Jer\u00fasalem til a\u00f0 f\u00e6ra hann Drottni,<a name=\"23\"><span class=\"versanumer\">23<\/span><\/a>en svo er rita\u00f0 \u00ed l\u00f6gm\u00e1li Drottins: Allt karlkyns, er fyrst f\u00e6\u00f0ist af m\u00f3\u00f0url\u00edfi, skal helga\u00f0 Drottni,<a name=\"24\"><span class=\"versanumer\">24<\/span><\/a>og til a\u00f0 f\u00e6ra f\u00f3rn eins og segir \u00ed l\u00f6gm\u00e1li Drottins, tv\u00e6r turtild\u00fafur e\u00f0a tv\u00e6r ungar d\u00fafur.<a name=\"25\"><span class=\"versanumer\">25<\/span><\/a>\u00de\u00e1 var \u00ed Jer\u00fasalem ma\u00f0ur, er S\u00edmeon h\u00e9t. Hann var r\u00e9ttl\u00e1tur og gu\u00f0r\u00e6kinn og v\u00e6nti huggunar \u00cdsraels, og yfir honum var heilagur andi.<a name=\"26\"><span class=\"versanumer\">26<\/span><\/a>Honum haf\u00f0i heilagur andi vitra\u00f0, a\u00f0 hann skyldi ekki dau\u00f0ann sj\u00e1, fyrr en hann hef\u00f0i s\u00e9\u00f0 Krist Drottins.<a name=\"27\"><span class=\"versanumer\">27<\/span><\/a>Hann kom a\u00f0 tilla\u00f0an andans \u00ed helgid\u00f3minn. Og er foreldrarnir f\u00e6r\u00f0u \u00feanga\u00f0 sveininn Jes\u00fa til a\u00f0 fara me\u00f0 hann eftir venju l\u00f6gm\u00e1lsins,<a name=\"28\"><span class=\"versanumer\">28<\/span><\/a>t\u00f3k S\u00edmeon hann \u00ed fangi\u00f0, lofa\u00f0i Gu\u00f0 og sag\u00f0i:<a name=\"29\"><span class=\"versanumer\">29<\/span><\/a>N\u00fa l\u00e6tur \u00fe\u00fa, Drottinn, \u00fej\u00f3n \u00feinn \u00ed fri\u00f0i fara, eins og \u00fe\u00fa hefur heiti\u00f0 m\u00e9r,<a name=\"30\"><span class=\"versanumer\">30<\/span><\/a>\u00fev\u00ed a\u00f0 augu m\u00edn hafa s\u00e9\u00f0 hj\u00e1lpr\u00e6\u00f0i \u00feitt,<a name=\"31\"><span class=\"versanumer\">31<\/span><\/a>sem \u00fe\u00fa hefur fyrirb\u00fai\u00f0 \u00ed augs\u00fdn allra l\u00fd\u00f0a,<a name=\"32\"><span class=\"versanumer\">32<\/span><\/a>lj\u00f3s til opinberunar hei\u00f0ingjum og til vegsemdar l\u00fd\u00f0 \u00fe\u00ednum \u00cdsrael.<a name=\"33\"><span class=\"versanumer\">33<\/span><\/a>Fa\u00f0ir hans og m\u00f3\u00f0ir undru\u00f0ust \u00fea\u00f0, er sagt var um hann.<a name=\"34\"><span class=\"versanumer\">34<\/span><\/a>En S\u00edmeon blessa\u00f0i \u00feau og sag\u00f0i vi\u00f0 Mar\u00edu m\u00f3\u00f0ur hans: \u00deessi sveinn er settur til falls og til vi\u00f0reisnar m\u00f6rgum \u00ed \u00cdsrael og til t\u00e1kns, sem m\u00f3ti ver\u00f0ur m\u00e6lt,<a name=\"35\"><span class=\"versanumer\">35<\/span><\/a>og sj\u00e1lf munt \u00fe\u00fa sver\u00f0i n\u00edst \u00ed s\u00e1lu \u00feinni. \u00deannig munu hugsanir margra hjartna ver\u00f0a auglj\u00f3sar.<a name=\"36\"><span class=\"versanumer\">36<\/span><\/a>Og \u00fear var Anna sp\u00e1kona Fan\u00faelsd\u00f3ttir af \u00e6tt Assers, kona h\u00e1\u00f6ldru\u00f0. Haf\u00f0i h\u00fan lifa\u00f0 sj\u00f6 \u00e1r me\u00f0 manni s\u00ednum fr\u00e1 \u00fev\u00ed h\u00fan var m\u00e6r<a name=\"37\"><span class=\"versanumer\">37<\/span><\/a>og s\u00ed\u00f0an veri\u00f0 ekkja fram \u00e1 \u00e1ttat\u00edu og fj\u00f6gra \u00e1ra aldur. H\u00fan v\u00e9k eigi \u00far helgid\u00f3minum, en \u00fej\u00f3na\u00f0i Gu\u00f0i n\u00f3tt og dag me\u00f0 f\u00f6stum og b\u00e6nahaldi.<a name=\"38\"><span class=\"versanumer\">38<\/span><\/a>H\u00fan kom a\u00f0 \u00e1 s\u00f6mu stundu og lofa\u00f0i Gu\u00f0. Og h\u00fan tala\u00f0i um barni\u00f0 vi\u00f0 alla, sem v\u00e6ntu lausnar Jer\u00fasalem.<a name=\"39\"><span class=\"versanumer\">39<\/span><\/a>Og er \u00feau h\u00f6f\u00f0u loki\u00f0 \u00f6llu eftir l\u00f6gm\u00e1li Drottins, sneru \u00feau aftur til Gal\u00edleu, til borgar sinnar Nasaret.<a name=\"40\"><span class=\"versanumer\">40<\/span><\/a>En sveinninn \u00f3x og styrktist, fylltur visku, og n\u00e1\u00f0 Gu\u00f0s var yfir honum.<a name=\"41\"><span class=\"versanumer\">41<\/span><\/a>Foreldrar hans fer\u00f0u\u00f0ust \u00e1r hvert til Jer\u00fasalem \u00e1 p\u00e1skah\u00e1t\u00ed\u00f0inni.<a name=\"42\"><span class=\"versanumer\">42<\/span><\/a>Og \u00feegar hann var t\u00f3lf \u00e1ra gamall, f\u00f3ru \u00feau upp \u00feanga\u00f0 eins og si\u00f0ur var \u00e1 h\u00e1t\u00ed\u00f0inni.<a name=\"43\"><span class=\"versanumer\">43<\/span><\/a>\u00deau voru \u00fear \u00fat h\u00e1t\u00ed\u00f0isdagana. En \u00feegar \u00feau sneru heimlei\u00f0is, var\u00f0 sveinninn Jes\u00fas eftir \u00ed Jer\u00fasalem, og vissu foreldrar hans \u00fea\u00f0 eigi.<a name=\"44\"><span class=\"versanumer\">44<\/span><\/a>\u00deau hug\u00f0u, a\u00f0 hann v\u00e6ri me\u00f0 samfer\u00f0af\u00f3lkinu, og f\u00f3ru eina daglei\u00f0 og leitu\u00f0u hans me\u00f0al fr\u00e6nda og kunningja.<a name=\"45\"><span class=\"versanumer\">45<\/span><\/a>En \u00feau fundu hann ekki og sneru \u00fe\u00e1 aftur til Jer\u00fasalem og leitu\u00f0u hans.<a name=\"46\"><span class=\"versanumer\">46<\/span><\/a>Eftir \u00ferj\u00e1 daga fundu \u00feau hann \u00ed helgid\u00f3minum. \u00dear sat hann mitt \u00e1 me\u00f0al l\u00e6rife\u00f0ranna, hl\u00fdddi \u00e1 \u00fe\u00e1 og spur\u00f0i \u00fe\u00e1.<a name=\"47\"><span class=\"versanumer\">47<\/span><\/a>En alla, sem heyr\u00f0u til hans, fur\u00f0a\u00f0i st\u00f3rum \u00e1 skilningi hans og andsv\u00f6rum.<a name=\"48\"><span class=\"versanumer\">48<\/span><\/a>Og er \u00feau s\u00e1u hann \u00fear, br\u00e1 \u00feeim mj\u00f6g, og m\u00f3\u00f0ir hans sag\u00f0i vi\u00f0 hann: Barn, hv\u00ed gj\u00f6r\u00f0ir \u00fe\u00fa okkur \u00feetta? Vi\u00f0 fa\u00f0ir \u00feinn h\u00f6fum leita\u00f0 \u00fe\u00edn harm\u00ferungin.<a name=\"49\"><span class=\"versanumer\">49<\/span><\/a>Og hann sag\u00f0i vi\u00f0 \u00feau: Hvers vegna voru\u00f0 \u00fei\u00f0 a\u00f0 leita a\u00f0 m\u00e9r? Vissu\u00f0 \u00fei\u00f0 ekki, a\u00f0 m\u00e9r ber a\u00f0 vera \u00ed h\u00fasi f\u00f6\u00f0ur m\u00edns?<a name=\"50\"><span class=\"versanumer\">50<\/span><\/a>En \u00feau skildu ekki \u00fea\u00f0 er hann tala\u00f0i vi\u00f0 \u00feau.<a name=\"51\"><span class=\"versanumer\">51<\/span><\/a>Og hann f\u00f3r heim me\u00f0 \u00feeim og kom til Nasaret og var \u00feeim hl\u00fd\u00f0inn. En m\u00f3\u00f0ir hans geymdi allt \u00feetta \u00ed hjarta s\u00e9r.<a name=\"52\"><span class=\"versanumer\">52<\/span><\/a>Og Jes\u00fas \u00feroska\u00f0ist a\u00f0 visku og vexti, og n\u00e1\u00f0 hj\u00e1 Gu\u00f0i og m\u00f6nnum.<\/p>\n<div class=\"footnote1981\"><b>2.1<\/b> Hlst. Matt 1.18-25<br \/>\n<b>2.4<\/b> Betlehem M\u00edk 5.1; Matt 2.1+<br \/>\n<b>2.5<\/b> Mar\u00eda Matt 1.16,20; 2.11,20; 13.55; Mrk 6.3; L\u00fak 1.27-56; 2.16,19,34; Post 1.14<br \/>\n<b>2.7<\/b> F\u00e6\u00f0ing Jes\u00fa Matt 1.25 \u2013 frumgetinn 2M\u00f3s 13.2,12,15; L\u00fak 2.23; R\u00f3m 8.29; K\u00f3l 1.15,18; Heb 1.6; Opb 1.5<br \/>\n<b>2.9<\/b> D\u00fdr\u00f0 Drottins L\u00fak 9.26,32; 21.27; 24.26; R\u00f3m 3.23<br \/>\n<b>2.11<\/b> \u00cd dag L\u00fak 4.21; 5.26; 13.32; 19.9; 23.43 \u2013 frelsari 1) Gu\u00f0 5M\u00f3s 32.15; 1Sam 10.19; Slm 24.5; 27.1,9; 62.2,7 o.fl.; L\u00fak 1.47; 1T\u00edm 1.1 2) Jes\u00fas J\u00f3h 4.42; Post 5.31; 13.23; Ef 5.23; Fil 3.20; 2T\u00edm 1.10; T\u00edt 1.4; 2.13; 3.6; 2P\u00e9t 1.1,11; 2.20; 3.18; 1J\u00f3h 4.14; sbr Mrk 3.4; 5.23,28,34; 6.56; 10.52; 15.31 og hlst.<br \/>\n<b>2.14<\/b> \u00cd upph\u00e6\u00f0um &#8230; fri\u00f0ur L\u00fak 19.38; sbr L\u00fak 1.79+<br \/>\n<b>2.19<\/b> Geymdi og hugleiddi L\u00fak 2.51<br \/>\n<b>2.20<\/b> Vegsama, lofa Gu\u00f0 L\u00fak 5.25-26; 7.16; 13.13; 17.15,18; 18.43; Post 4.21 \u2013 og lofa L\u00fak 18.43; 19.37; Post 3.8-9<br \/>\n<b>2.21<\/b> Umskurn \u00e1 \u00e1ttunda degi 1M\u00f3s 17.12; 3M\u00f3s 12.3; L\u00fak 1.59 \u2013 \u00e1\u00f0ur en hann var getinn L\u00fak 1.31<br \/>\n<b>2.22<\/b> Hreinsunardagur 3M\u00f3s 12.3-6<br \/>\n<b>2.23<\/b> Fyrst af m\u00f3\u00f0url\u00edfi 2M\u00f3s 13.2,12,15; 34.20; 4M\u00f3s 18.15-16<br \/>\n<b>2.24<\/b> Tv\u00e6r turtild\u00fafur 3M\u00f3s 12.8<br \/>\n<b>2.25<\/b> Hann v\u00e6nti L\u00fak 2.38; 23.51 \u2013 frelsun \u00cdsraels Jes 40.1; 49.13; 51.12; 61.2 \u2013 heilagur andi var yfir honum 4M\u00f3s 11.17; 2Kon 2.15; Jes 11.2; 42.1; 61.1; Esk 11.5<br \/>\n<b>2.26<\/b> Kristur Drottins 1Sam 24.7,11; 26.9,11,16,23; 2Sam 1.14,16<br \/>\n<b>2.30<\/b> Hj\u00e1lpr\u00e6\u00f0i \u00feitt L\u00fak 1.69,71,77; 3.6; T\u00edt 2.11<br \/>\n<b>2.31<\/b> \u00cd augs\u00fdn allra l\u00fd\u00f0a Jes 52.10<br \/>\n<b>2.32<\/b> Lj\u00f3s fyrir hei\u00f0ingjana Jes 42.6; 49.6; L\u00fak 24.47 \u2013 til vegsemdar l\u00fd\u00f0 \u00fe\u00ednum Jes 46.13<br \/>\n<b>2.34<\/b> Til falls og vi\u00f0reisnar Jes 8.14; 1Kor 1.23; 1P\u00e9t 2.8<br \/>\n<b>2.35<\/b> Hugsanir ver\u00f0a auglj\u00f3sar Mrk 7.6-8; L\u00fak 16.15; Post 1.24; 15.8<br \/>\n<b>2.37<\/b> B\u00e6nahald n\u00f3tt og dag 1T\u00edm 5.5<br \/>\n<b>2.38<\/b> Allir, sem v\u00e6ntu L\u00fak 2.25; 23.51 \u2013 lausn Jer\u00fasalem Jes 52.9<br \/>\n<b>2.39<\/b> Nasaret Matt 2.23<br \/>\n<b>2.40<\/b> Sveinninn \u00f3x L\u00fak 2.52; sbr 1.80 \u2013 viska L\u00fak 2.52; 11.31; 21.15<br \/>\n<b>2.41<\/b> P\u00e1skah\u00e1t\u00ed\u00f0in 2M\u00f3s 12.24-27; 5M\u00f3s 16.1-8; L\u00fak 22.1,7-15 og hlst.; J\u00f3h 2.13,23<br \/>\n<b>2.49<\/b> \u00cd h\u00fasi f\u00f6\u00f0ur m\u00edns J\u00f3h 2.16<br \/>\n<b>2.51<\/b> Geymdi og hugleiddi L\u00fak 2.19<br \/>\n<b>2.52<\/b> \u00deroska\u00f0ist a\u00f0 visku 1Sam 2.26, Okv 3.4; L\u00fak 1.80; 2.40<\/div>\n","protected":false},"excerpt":{"rendered":"<p>1En \u00fea\u00f0 bar til um \u00feessar mundir, a\u00f0 bo\u00f0 kom fr\u00e1 \u00c1g\u00fastus keisara, a\u00f0 skr\u00e1setja skyldi alla heimsbygg\u00f0ina.2\u00deetta var fyrsta skr\u00e1setningin og var gj\u00f6r\u00f0 \u00fe\u00e1 er K\u00fdren\u00edus var landstj\u00f3ri \u00e1 S\u00fdrlandi.3F\u00f3ru \u00fe\u00e1 allir til a\u00f0 l\u00e1ta skr\u00e1setja sig, hver til sinnar borgar.4\u00de\u00e1 f\u00f3r og J\u00f3sef \u00far Gal\u00edleu fr\u00e1 borginni Nasaret upp til J\u00fadeu, til borgar Dav\u00ed\u00f0s, sem heitir Betlehem, en hann var af \u00e6tt og kyni Dav\u00ed\u00f0s,5a\u00f0 l\u00e1ta skr\u00e1setja sig \u00e1samt Mar\u00edu heitkonu sinni, sem var \u00feungu\u00f0.6En me\u00f0an \u00feau voru \u00fear, kom s\u00e1 t\u00edmi, er h\u00fan skyldi ver\u00f0a l\u00e9ttari.7F\u00e6ddi h\u00fan \u00fe\u00e1 son sinn frumgetinn, vaf\u00f0i hann reifum og lag\u00f0i hann <a href=\"https:\/\/biblian.is\/1981\/lukasargudspjall-2-kafli\/\"> [&#8230;]<\/a><\/p>\n","protected":false},"author":1,"featured_media":0,"parent":0,"menu_order":0,"comment_status":"open","ping_status":"open","template":"bibliukaflar.php","meta":{"footnotes":""},"class_list":["post-2322","page","type-page","status-publish","hentry"],"_links":{"self":[{"href":"https:\/\/biblian.is\/1981\/wp-json\/wp\/v2\/pages\/2322","targetHints":{"allow":["GET"]}}],"collection":[{"href":"https:\/\/biblian.is\/1981\/wp-json\/wp\/v2\/pages"}],"about":[{"href":"https:\/\/biblian.is\/1981\/wp-json\/wp\/v2\/types\/page"}],"author":[{"embeddable":true,"href":"https:\/\/biblian.is\/1981\/wp-json\/wp\/v2\/users\/1"}],"replies":[{"embeddable":true,"href":"https:\/\/biblian.is\/1981\/wp-json\/wp\/v2\/comments?post=2322"}],"version-history":[{"count":0,"href":"https:\/\/biblian.is\/1981\/wp-json\/wp\/v2\/pages\/2322\/revisions"}],"wp:attachment":[{"href":"https:\/\/biblian.is\/1981\/wp-json\/wp\/v2\/media?parent=2322"}],"curies":[{"name":"wp","href":"https:\/\/api.w.org\/{rel}","templated":true}]}}