{"id":2321,"date":"2017-11-18T20:21:17","date_gmt":"2017-11-18T20:21:17","guid":{"rendered":"http:\/\/biblian.is\/1981\/lukasargudspjall-1-kafli\/"},"modified":"2017-11-18T20:21:17","modified_gmt":"2017-11-18T20:21:17","slug":"lukasargudspjall-1-kafli","status":"publish","type":"page","link":"https:\/\/biblian.is\/1981\/lukasargudspjall-1-kafli\/","title":{"rendered":"L\u00fakasargu\u00f0spjall 1. kafli"},"content":{"rendered":"<p><a name=\"1\"><span class=\"versanumer\">1<\/span><\/a>Margir hafa teki\u00f0 s\u00e9r fyrir hendur a\u00f0 rekja s\u00f6gu \u00feeirra vi\u00f0bur\u00f0a, er gj\u00f6rst hafa me\u00f0al vor,<a name=\"2\"><span class=\"versanumer\">2<\/span><\/a>samkv\u00e6mt \u00fev\u00ed, sem oss hafa flutt \u00feeir menn, er fr\u00e1 \u00f6ndver\u00f0u voru sj\u00f3narvottar og \u00fej\u00f3nar or\u00f0sins.<a name=\"3\"><span class=\"versanumer\">3<\/span><\/a>N\u00fa hef \u00e9g athuga\u00f0 kostg\u00e6filega allt \u00feetta fr\u00e1 upphafi og r\u00e9\u00f0 \u00fev\u00ed einnig af a\u00f0 rita samfellda s\u00f6gu fyrir \u00feig, g\u00f6fugi \u00dee\u00f3f\u00edlus,<a name=\"4\"><span class=\"versanumer\">4<\/span><\/a>svo a\u00f0 \u00fe\u00fa megir ganga \u00far skugga um sannindi \u00feeirra fr\u00e1sagna, sem \u00fe\u00fa hefur fr\u00e6\u00f0st um.<a name=\"5\"><span class=\"versanumer\">5<\/span><\/a>\u00c1 d\u00f6gum Her\u00f3desar, konungs \u00ed J\u00fadeu, var uppi prestur nokkur a\u00f0 nafni Sakar\u00eda, af sveit Ab\u00eda. Kona hans var og af \u00e6tt Arons og h\u00e9t El\u00edsabet.<a name=\"6\"><span class=\"versanumer\">6<\/span><\/a>\u00deau voru b\u00e6\u00f0i r\u00e9ttl\u00e1t fyrir Gu\u00f0i og lif\u00f0u vammlaus eftir \u00f6llum bo\u00f0um og \u00e1kv\u00e6\u00f0um Drottins.<a name=\"7\"><span class=\"versanumer\">7<\/span><\/a>En \u00feau \u00e1ttu ekki barn, \u00fev\u00ed a\u00f0 El\u00edsabet var \u00f3byrja, og b\u00e6\u00f0i voru \u00feau hnigin a\u00f0 aldri.<a name=\"8\"><span class=\"versanumer\">8<\/span><\/a>En svo bar vi\u00f0, er r\u00f6\u00f0in kom a\u00f0 sveit hans og hann var a\u00f0 gegna \u00fej\u00f3nustu fyrir Gu\u00f0i,<a name=\"9\"><span class=\"versanumer\">9<\/span><\/a>a\u00f0 \u00fea\u00f0 f\u00e9ll \u00ed hans hlut, samkv\u00e6mt venju prestd\u00f3msins, a\u00f0 ganga inn \u00ed musteri Drottins og f\u00f3rna reykelsi.<a name=\"10\"><span class=\"versanumer\">10<\/span><\/a>En allur f\u00f3lksfj\u00f6ldinn var fyrir utan \u00e1 b\u00e6n, me\u00f0an reykelsisf\u00f3rnin var f\u00e6r\u00f0.<a name=\"11\"><span class=\"versanumer\">11<\/span><\/a>Birtist honum \u00fe\u00e1 engill Drottins, sem st\u00f3\u00f0 h\u00e6gra megin vi\u00f0 reykelsisaltari\u00f0.<a name=\"12\"><span class=\"versanumer\">12<\/span><\/a>Sakar\u00eda var\u00f0 hverft vi\u00f0 s\u00fdn \u00feessa, og \u00f3tta sl\u00f3 \u00e1 hann.<a name=\"13\"><span class=\"versanumer\">13<\/span><\/a>En engillinn sag\u00f0i vi\u00f0 hann: \u00d3ttast \u00fe\u00fa eigi, Sakar\u00eda, \u00fev\u00ed b\u00e6n \u00fe\u00edn er heyr\u00f0. El\u00edsabet kona \u00fe\u00edn mun f\u00e6\u00f0a \u00fe\u00e9r son, og \u00fe\u00fa skalt l\u00e1ta hann heita J\u00f3hannes.<a name=\"14\"><span class=\"versanumer\">14<\/span><\/a>Og \u00fe\u00e9r mun veitast gle\u00f0i og f\u00f6gnu\u00f0ur, og margir munu gle\u00f0jast vegna f\u00e6\u00f0ingar hans.<a name=\"15\"><span class=\"versanumer\">15<\/span><\/a>\u00dev\u00ed a\u00f0 hann mun ver\u00f0a mikill \u00ed augliti Drottins. Aldrei mun hann drekka v\u00edn n\u00e9 \u00e1fengan drykk, en fyllast heil\u00f6gum anda \u00feegar fr\u00e1 m\u00f3\u00f0url\u00edfi.<a name=\"16\"><span class=\"versanumer\">16<\/span><\/a>Og m\u00f6rgum af \u00cdsraels sonum mun hann sn\u00faa til Drottins, Gu\u00f0s \u00feeirra.<a name=\"17\"><span class=\"versanumer\">17<\/span><\/a>Og hann mun ganga fyrir honum \u00ed anda og krafti El\u00eda til a\u00f0 sn\u00faa hj\u00f6rtum fe\u00f0ra til barna og \u00f3hl\u00fd\u00f0num til hugarfars r\u00e9ttl\u00e1tra og b\u00faa Drottni altygja\u00f0an l\u00fd\u00f0.<a name=\"18\"><span class=\"versanumer\">18<\/span><\/a>Sakar\u00eda sag\u00f0i vi\u00f0 engilinn: Af hverju get \u00e9g vita\u00f0 \u00feetta? \u00c9g er gamall og kona m\u00edn hnigin a\u00f0 aldri.<a name=\"19\"><span class=\"versanumer\">19<\/span><\/a>En engillinn svara\u00f0i honum: \u00c9g er Gabr\u00edel, sem stend frammi fyrir Gu\u00f0i, \u00e9g var sendur til a\u00f0 tala vi\u00f0 \u00feig og flytja \u00fe\u00e9r \u00feessa gle\u00f0ifregn.<a name=\"20\"><span class=\"versanumer\">20<\/span><\/a>Og \u00fe\u00fa munt ver\u00f0a m\u00e1llaus og ekki geta tala\u00f0 til \u00feess dags, er \u00feetta kemur fram, vegna \u00feess a\u00f0 \u00fe\u00fa tr\u00fa\u00f0ir ekki or\u00f0um m\u00ednum, en \u00feau munu r\u00e6tast \u00e1 s\u00ednum t\u00edma.<a name=\"21\"><span class=\"versanumer\">21<\/span><\/a>Og f\u00f3lki\u00f0 bei\u00f0 eftir Sakar\u00eda og undra\u00f0ist, hve honum dvaldist \u00ed musterinu.<a name=\"22\"><span class=\"versanumer\">22<\/span><\/a>En er hann kom \u00fat, gat hann ekki tala\u00f0 vi\u00f0 \u00fe\u00e1, og skildu \u00feeir, a\u00f0 hann haf\u00f0i s\u00e9\u00f0 s\u00fdn \u00ed musterinu. Hann gaf \u00feeim bendingar og var m\u00e1llaus \u00e1fram.<a name=\"23\"><span class=\"versanumer\">23<\/span><\/a>Og er \u00fej\u00f3nustudagar hans voru li\u00f0nir, f\u00f3r hann heim til s\u00edn.<a name=\"24\"><span class=\"versanumer\">24<\/span><\/a>En eftir \u00feessa daga var\u00f0 El\u00edsabet kona hans \u00feungu\u00f0, og h\u00fan leyndi s\u00e9r \u00ed fimm m\u00e1nu\u00f0i og sag\u00f0i:<a name=\"25\"><span class=\"versanumer\">25<\/span><\/a>\u00deannig hefur Drottinn gj\u00f6rt vi\u00f0 mig, er hann leit til m\u00edn a\u00f0 afm\u00e1 hneisu m\u00edna \u00ed augum manna.<a name=\"26\"><span class=\"versanumer\">26<\/span><\/a>En \u00e1 sj\u00f6tta m\u00e1nu\u00f0i var Gabr\u00edel engill sendur fr\u00e1 Gu\u00f0i til borgar \u00ed Gal\u00edleu, sem heitir Nasaret,<a name=\"27\"><span class=\"versanumer\">27<\/span><\/a>til meyjar, er var f\u00f6stnu\u00f0 manni, sem J\u00f3sef h\u00e9t, af \u00e6tt Dav\u00ed\u00f0s, en m\u00e6rin h\u00e9t Mar\u00eda.<a name=\"28\"><span class=\"versanumer\">28<\/span><\/a>Og engillinn kom inn til hennar og sag\u00f0i: Heil vert \u00fe\u00fa, sem n\u00fdtur n\u00e1\u00f0ar Gu\u00f0s! Drottinn er me\u00f0 \u00fe\u00e9r.<a name=\"29\"><span class=\"versanumer\">29<\/span><\/a>En h\u00fan var\u00f0 hr\u00e6dd vi\u00f0 \u00feessi or\u00f0 og hugleiddi, hv\u00edl\u00edk \u00feessi kve\u00f0ja v\u00e6ri.<a name=\"30\"><span class=\"versanumer\">30<\/span><\/a>Og engillinn sag\u00f0i vi\u00f0 hana: \u00d3ttast \u00fe\u00fa eigi, Mar\u00eda, \u00fev\u00ed a\u00f0 \u00fe\u00fa hefur fundi\u00f0 n\u00e1\u00f0 hj\u00e1 Gu\u00f0i.<a name=\"31\"><span class=\"versanumer\">31<\/span><\/a>\u00de\u00fa munt \u00feungu\u00f0 ver\u00f0a og son ala, og \u00fe\u00fa skalt l\u00e1ta hann heita JES\u00da.<a name=\"32\"><span class=\"versanumer\">32<\/span><\/a>Hann mun ver\u00f0a mikill og kalla\u00f0ur sonur hins h\u00e6sta. Drottinn Gu\u00f0 mun gefa honum h\u00e1s\u00e6ti Dav\u00ed\u00f0s f\u00f6\u00f0ur hans,<a name=\"33\"><span class=\"versanumer\">33<\/span><\/a>og hann mun r\u00edkja yfir \u00e6tt Jakobs a\u00f0 eil\u00edfu, og \u00e1 r\u00edki hans mun enginn endir ver\u00f0a.<a name=\"34\"><span class=\"versanumer\">34<\/span><\/a>\u00de\u00e1 sag\u00f0i Mar\u00eda vi\u00f0 engilinn: Hvernig m\u00e1 \u00feetta ver\u00f0a, \u00fear e\u00f0 \u00e9g hef ekki karlmanns kennt?<a name=\"35\"><span class=\"versanumer\">35<\/span><\/a>Og engillinn sag\u00f0i vi\u00f0 hana: Heilagur andi mun koma yfir \u00feig og kraftur hins h\u00e6sta mun yfirskyggja \u00feig. Fyrir \u00fev\u00ed mun og barni\u00f0 ver\u00f0a kalla\u00f0 heilagt, sonur Gu\u00f0s.<a name=\"36\"><span class=\"versanumer\">36<\/span><\/a>El\u00edsabet, fr\u00e6ndkona \u00fe\u00edn, er einnig or\u00f0in \u00feungu\u00f0 a\u00f0 syni \u00ed elli sinni, og \u00feetta er sj\u00f6tti m\u00e1nu\u00f0ur hennar, sem k\u00f6llu\u00f0 var \u00f3byrja,<a name=\"37\"><span class=\"versanumer\">37<\/span><\/a>en Gu\u00f0i er enginn hlutur um megn.<a name=\"38\"><span class=\"versanumer\">38<\/span><\/a>\u00de\u00e1 sag\u00f0i Mar\u00eda: Sj\u00e1, \u00e9g er amb\u00e1tt Drottins. Ver\u00f0i m\u00e9r eftir or\u00f0um \u00fe\u00ednum. Og engillinn f\u00f3r burt fr\u00e1 henni.<a name=\"39\"><span class=\"versanumer\">39<\/span><\/a>En \u00e1 \u00feeim d\u00f6gum t\u00f3k Mar\u00eda sig upp og f\u00f3r me\u00f0 fl\u00fdti til borgar nokkurrar \u00ed fjallbygg\u00f0um J\u00fada.<a name=\"40\"><span class=\"versanumer\">40<\/span><\/a>H\u00fan kom inn \u00ed h\u00fas Sakar\u00eda og heilsa\u00f0i El\u00edsabetu.<a name=\"41\"><span class=\"versanumer\">41<\/span><\/a>\u00de\u00e1 var\u00f0 \u00fea\u00f0, \u00feegar El\u00edsabet heyr\u00f0i kve\u00f0ju Mar\u00edu, a\u00f0 barni\u00f0 t\u00f3k vi\u00f0brag\u00f0 \u00ed l\u00edfi hennar, og El\u00edsabet fylltist heil\u00f6gum anda<a name=\"42\"><span class=\"versanumer\">42<\/span><\/a>og hr\u00f3pa\u00f0i h\u00e1rri r\u00f6ddu: Blessu\u00f0 ert \u00fe\u00fa me\u00f0al kvenna og blessa\u00f0ur \u00e1v\u00f6xtur l\u00edfs \u00fe\u00edns.<a name=\"43\"><span class=\"versanumer\">43<\/span><\/a>Hva\u00f0an kemur m\u00e9r \u00feetta, a\u00f0 m\u00f3\u00f0ir Drottins m\u00edns kemur til m\u00edn?<a name=\"44\"><span class=\"versanumer\">44<\/span><\/a>\u00deegar kve\u00f0ja \u00fe\u00edn hlj\u00f3ma\u00f0i \u00ed eyrum m\u00e9r, t\u00f3k barni\u00f0 vi\u00f0brag\u00f0 af gle\u00f0i \u00ed l\u00edfi m\u00ednu.<a name=\"45\"><span class=\"versanumer\">45<\/span><\/a>S\u00e6l er h\u00fan, sem tr\u00fa\u00f0i \u00fev\u00ed, a\u00f0 r\u00e6tast mundi \u00fea\u00f0, sem sagt var vi\u00f0 hana fr\u00e1 Drottni.<a name=\"46\"><span class=\"versanumer\">46<\/span><\/a>Og Mar\u00eda sag\u00f0i: \u00d6nd m\u00edn miklar Drottin,<a name=\"47\"><span class=\"versanumer\">47<\/span><\/a>og andi minn gle\u00f0st \u00ed Gu\u00f0i, frelsara m\u00ednum.<a name=\"48\"><span class=\"versanumer\">48<\/span><\/a>\u00dev\u00ed a\u00f0 hann hefur liti\u00f0 til amb\u00e1ttar sinnar \u00ed sm\u00e6\u00f0 hennar, h\u00e9\u00f0an af munu allar kynsl\u00f3\u00f0ir mig s\u00e6la segja.<a name=\"49\"><span class=\"versanumer\">49<\/span><\/a>\u00dev\u00ed a\u00f0 mikla hluti hefur hinn voldugi vi\u00f0 mig gj\u00f6rt, og heilagt er nafn hans.<a name=\"50\"><span class=\"versanumer\">50<\/span><\/a>Miskunn hans vi\u00f0 \u00fe\u00e1, er \u00f3ttast hann, varir fr\u00e1 kyni til kyns.<a name=\"51\"><span class=\"versanumer\">51<\/span><\/a>M\u00e1ttarverk hefur hann unni\u00f0 me\u00f0 armi s\u00ednum og drembil\u00e1tum \u00ed hug og hjarta hefur hann tv\u00edstra\u00f0.<a name=\"52\"><span class=\"versanumer\">52<\/span><\/a>Valdh\u00f6fum hefur hann steypt af st\u00f3li og upp hafi\u00f0 sm\u00e6lingja,<a name=\"53\"><span class=\"versanumer\">53<\/span><\/a>hungra\u00f0a hefur hann fyllt g\u00e6\u00f0um, en l\u00e1ti\u00f0 r\u00edka t\u00f3mhenta fr\u00e1 s\u00e9r fara.<a name=\"54\"><span class=\"versanumer\">54<\/span><\/a>Hann hefur minnst miskunnar sinnar og teki\u00f0 a\u00f0 s\u00e9r \u00cdsrael, \u00fej\u00f3n sinn,<a name=\"55\"><span class=\"versanumer\">55<\/span><\/a>eins og hann tala\u00f0i til fe\u00f0ra vorra, vi\u00f0 Abraham og ni\u00f0ja hans \u00e6vinlega.<a name=\"56\"><span class=\"versanumer\">56<\/span><\/a>En Mar\u00eda dvaldist hj\u00e1 henni h\u00e9r um bil \u00ferj\u00e1 m\u00e1nu\u00f0i og sneri s\u00ed\u00f0an heim til s\u00edn.<a name=\"57\"><span class=\"versanumer\">57<\/span><\/a>N\u00fa kom s\u00e1 t\u00edmi, a\u00f0 El\u00edsabet skyldi ver\u00f0a l\u00e9ttari, og \u00f3l h\u00fan son.<a name=\"58\"><span class=\"versanumer\">58<\/span><\/a>Og n\u00e1grannar hennar og \u00e6ttmenn heyr\u00f0u, hversu mikla miskunn Drottinn haf\u00f0i au\u00f0s\u00fdnt henni, og samf\u00f6gnu\u00f0u henni.<a name=\"59\"><span class=\"versanumer\">59<\/span><\/a>\u00c1 \u00e1ttunda degi komu \u00feeir a\u00f0 umskera sveininn, og vildu \u00feeir l\u00e1ta hann heita Sakar\u00eda \u00ed h\u00f6fu\u00f0i\u00f0 \u00e1 f\u00f6\u00f0ur s\u00ednum.<a name=\"60\"><span class=\"versanumer\">60<\/span><\/a>\u00de\u00e1 m\u00e6lti m\u00f3\u00f0ir hans: Eigi skal hann svo heita, heldur J\u00f3hannes.<a name=\"61\"><span class=\"versanumer\">61<\/span><\/a>En \u00feeir s\u00f6g\u00f0u vi\u00f0 hana: Enginn er \u00ed \u00e6tt \u00feinni, sem heitir \u00fev\u00ed nafni.<a name=\"62\"><span class=\"versanumer\">62<\/span><\/a>Bentu \u00feeir \u00fe\u00e1 f\u00f6\u00f0ur hans, a\u00f0 hann l\u00e9ti \u00fe\u00e1 vita, hva\u00f0 sveinninn skyldi heita.<a name=\"63\"><span class=\"versanumer\">63<\/span><\/a>Hann ba\u00f0 um spjald og reit: J\u00f3hannes er nafn hans, og ur\u00f0u \u00feeir allir undrandi.<a name=\"64\"><span class=\"versanumer\">64<\/span><\/a>Jafnskj\u00f3tt laukst upp munnur hans og tunga, og hann f\u00f3r a\u00f0 tala og lofa\u00f0i Gu\u00f0.<a name=\"65\"><span class=\"versanumer\">65<\/span><\/a>En \u00f3tta sl\u00f3 \u00e1 alla n\u00e1granna \u00feeirra og \u00fe\u00f3tti \u00feessi atbur\u00f0ur miklum t\u00ed\u00f0indum s\u00e6ta \u00ed allri fjallbygg\u00f0 J\u00fadeu.<a name=\"66\"><span class=\"versanumer\">66<\/span><\/a>Og allir, sem \u00feetta heyr\u00f0u, festu \u00fea\u00f0 \u00ed huga s\u00e9r og s\u00f6g\u00f0u: Hva\u00f0 mun barn \u00feetta ver\u00f0a? \u00dev\u00ed a\u00f0 h\u00f6nd Drottins var me\u00f0 honum.<a name=\"67\"><span class=\"versanumer\">67<\/span><\/a>En Sakar\u00eda fa\u00f0ir hans fylltist heil\u00f6gum anda og m\u00e6lti af sp\u00e1mannlegri andagift:<a name=\"68\"><span class=\"versanumer\">68<\/span><\/a>Lofa\u00f0ur s\u00e9 Drottinn, Gu\u00f0 \u00cdsraels, \u00fev\u00ed a\u00f0 hann hefur vitja\u00f0 l\u00fd\u00f0s s\u00edns og b\u00fai\u00f0 honum lausn.<a name=\"69\"><span class=\"versanumer\">69<\/span><\/a>Hann hefur reist oss horn hj\u00e1lpr\u00e6\u00f0is \u00ed h\u00fasi Dav\u00ed\u00f0s \u00fej\u00f3ns s\u00edns,<a name=\"70\"><span class=\"versanumer\">70<\/span><\/a>eins og hann tala\u00f0i fyrir munn sinna heil\u00f6gu sp\u00e1manna fr\u00e1 \u00f6ndver\u00f0u,<a name=\"71\"><span class=\"versanumer\">71<\/span><\/a>frelsun fr\u00e1 \u00f3vinum vorum og \u00far h\u00f6ndum allra, er hata oss.<a name=\"72\"><span class=\"versanumer\">72<\/span><\/a>Hann hefur au\u00f0s\u00fdnt fe\u00f0rum vorum miskunn og minnst s\u00edns heilaga s\u00e1ttm\u00e1la,<a name=\"73\"><span class=\"versanumer\">73<\/span><\/a>\u00feess ei\u00f0s, er hann s\u00f3r Abraham f\u00f6\u00f0ur vorum<a name=\"74\"><span class=\"versanumer\">74<\/span><\/a>a\u00f0 hr\u00edfa oss \u00far h\u00f6ndum \u00f3vina og veita oss a\u00f0 \u00fej\u00f3na s\u00e9r \u00f3ttalaust<a name=\"75\"><span class=\"versanumer\">75<\/span><\/a>\u00ed heilagleik og r\u00e9ttl\u00e6ti fyrir augum hans alla daga vora.<a name=\"76\"><span class=\"versanumer\">76<\/span><\/a>Og \u00fe\u00fa, sveinn! munt nefndur ver\u00f0a sp\u00e1ma\u00f0ur hins h\u00e6sta, \u00fev\u00ed a\u00f0 \u00fe\u00fa munt ganga fyrir Drottni a\u00f0 grei\u00f0a vegu hans<a name=\"77\"><span class=\"versanumer\">77<\/span><\/a>og veita l\u00fd\u00f0 hans \u00feekkingu \u00e1 hj\u00e1lpr\u00e6\u00f0inu, sem er fyrirgefning synda \u00feeirra.<a name=\"78\"><span class=\"versanumer\">78<\/span><\/a>\u00deessu veldur hjartans miskunn Gu\u00f0s vors. H\u00fan l\u00e6tur upp renna s\u00f3l af h\u00e6\u00f0um a\u00f0 vitja vor<a name=\"79\"><span class=\"versanumer\">79<\/span><\/a>og l\u00fdsa \u00feeim, sem sitja \u00ed myrkri og skugga dau\u00f0ans, og beina f\u00f3tum vorum \u00e1 fri\u00f0ar veg.<a name=\"80\"><span class=\"versanumer\">80<\/span><\/a>En sveinninn \u00f3x og var\u00f0 \u00fer\u00f3ttmikill \u00ed anda. Hann dvaldist \u00ed \u00f3bygg\u00f0um til \u00feess dags, er hann skyldi koma fram fyrir \u00cdsrael.<\/p>\n<div class=\"footnote1981\"><b>1.2<\/b> Sj\u00f3narvottar J\u00f3h 15.27 \u2013 or\u00f0i\u00f0 Post 4.31; 6.2,7; 11.1<br \/>\n<b>1.3<\/b> \u00dee\u00f3f\u00edlus Post 1.1<br \/>\n<b>1.5<\/b> Her\u00f3des Matt 2.1 \u2013 sveit Ab\u00eda 1Kro 24.10<br \/>\n<b>1.7<\/b> \u00d3byrja 1M\u00f3s 11.30; 25.21; 29.31; D\u00f3m 13.2-3; 1Sam 1.5 \u2013 hnigin a\u00f0 aldri 1M\u00f3s 18.11<br \/>\n<b>1.9<\/b> F\u00f3rna reykelsi 2M\u00f3s 30.7<br \/>\n<b>1.10<\/b> F\u00f3lksfj\u00f6ldinn L\u00fak 1.21,68,77; 2.10,32; 3.15,18,21 o.fl.<br \/>\n<b>1.11<\/b> Reykelsisaltari 1Kon 6.20-21; 7.48<br \/>\n<b>1.12<\/b> Var\u00f0 hverft vi\u00f0 D\u00f3m 6.22; 13.20,22; Dan 8.17-18; 10.7-8,11,16; Tob 12.16 \u2013 \u00f3tti frammi fyrir 1) opinberun L\u00fak 2.9; 9.34 2) kraftaverki L\u00fak 1.65; 5.26; 7.16; 8.25,35,37; 24.5,37; Post 2.43 3) annarri \u00edhlutun Gu\u00f0s Post 5.5,11; 19.17<br \/>\n<b>1.13<\/b> \u00d3ttast \u00fe\u00fa eigi Matt 28.5+ ; Mrk 16.6+ &#8211; h\u00fan mun f\u00e6\u00f0a son 1M\u00f3s 17.19; D\u00f3m 13.3,5; Jes 7.14<br \/>\n<b>1.15<\/b> Aldrei v\u00edn n\u00e9 \u00e1fengan drykk 4M\u00f3s 6.3-4; D\u00f3m 13.4,7,14; 1Sam 1.11; L\u00fak 7.33 \u2013 fr\u00e1 m\u00f3\u00f0url\u00edfi D\u00f3m 13.5; 16.17; Jer 1.5; Jes 49.1,5; Gal 1.15; sbr L\u00fak 1.41-44<br \/>\n<b>1.16<\/b> Sn\u00faa til Drottins Mal 2.6<br \/>\n<b>1.17<\/b> El\u00eda Matt 11.14+ &#8211; sn\u00faa hj\u00f6rtum fe\u00f0ra &#8230; Mal 3.23-24; S\u00edr 48.10 \u2013 b\u00faa Drottni altygja\u00f0an l\u00fd\u00f0 Mal 3.1; sbr Jes 40.3; Mrk 1.3; L\u00fak 1.76; 3.4<br \/>\n<b>1.18<\/b> M\u00f3tb\u00e1rur Sakar\u00eda 1M\u00f3s 18.11-12<br \/>\n<b>1.19<\/b> Gabr\u00edel Dan 8.16; 9.21 \u2013 sendur Heb 1.14 \u2013 flytja gle\u00f0ifregn L\u00fak 2.10; 3.18; 4.18,43<br \/>\n<b>1.20<\/b> \u00de\u00fa tr\u00fa\u00f0ir ekki L\u00fak 1.45<br \/>\n<b>1.25<\/b> Afm\u00e1 hneisu m\u00edna 1M\u00f3s 30.23<br \/>\n<b>1.26<\/b> Nasaret J\u00f3h 1.46<br \/>\n<b>1.27<\/b> J\u00f3sef og Mar\u00eda Matt 1.16,18; L\u00fak 2.5<br \/>\n<b>1.28<\/b> Drottinn er me\u00f0 \u00fe\u00e9r 2M\u00f3s 3.12; D\u00f3m 6.12; Jer 1.8,19; 15.20; sbr 1M\u00f3s 26.24; 28.15<br \/>\n<b>1.31<\/b> F\u00e6\u00f0ing bo\u00f0u\u00f0 1M\u00f3s 16.11; D\u00f3m 13.5; Jes 7.14; Matt 1.21-23<br \/>\n<b>1.32<\/b> Sonur Gu\u00f0s 2Sam 7.14; Slm 2.7; 89.27 \u2013 hinn h\u00e6sti Mrk 5.7; L\u00fak 1.35,76; 6.35; 8.28; Post 7.48; 16.17; Heb 7.1 \u2013 h\u00e1s\u00e6ti Dav\u00ed\u00f0s Jes 9.6; 2Sam 7.12,13,16<br \/>\n<b>1.33<\/b> R\u00edkja a\u00f0 eil\u00edfu M\u00edk 4.7; Dan 7.14<br \/>\n<b>1.35<\/b> Heilagur andi Matt 1.20 \u2013 sonur Gu\u00f0s L\u00fak 3.22; 4.3,9,34,41; 8.28; 9.35; 10.22; 22.70; Post 9.20,22; 22.70; sbr Matt 14.33+ ; Mrk 1.1+<br \/>\n<b>1.37<\/b> Gu\u00f0i ekkert um megn 1M\u00f3s 18.14<br \/>\n<b>1.38<\/b> Amb\u00e1tt Drottins Rut 3.9; 1Sam 25.41<br \/>\n<b>1.41<\/b> Fyllist heil\u00f6gum anda L\u00fak 1.15<br \/>\n<b>1.45<\/b> S\u00e6l Matt 5.3+ &#8211; h\u00fan, sem tr\u00fa\u00f0i L\u00fak 1.20<br \/>\n<b>1.46-55<\/b> Lofs\u00f6ngur Mar\u00edu 1Sam 2.1-10<br \/>\n<b>1.48<\/b> \u00cd sm\u00e6\u00f0 hennar 1Sam 1.11<br \/>\n<b>1.49<\/b> Heilagt er nafn hans Slm 111.9<br \/>\n<b>1.50<\/b> Miskunn hans &#8230; Slm 103.13,17<br \/>\n<b>1.51<\/b> Drembil\u00e1tum tv\u00edstra\u00f0 2Sam 22.28<br \/>\n<b>1.52<\/b> Valdh\u00f6fum steypt Job 12.19 \u2013 sm\u00e6lingjar upp hafnir Job 5.11<br \/>\n<b>1.53<\/b> Umskipti 1Sam 2.5 \u2013 hungra\u00f0ir metta\u00f0ir Slm 107.9<br \/>\n<b>1.54<\/b> Teki\u00f0 \u00cdsrael a\u00f0 s\u00e9r Slm 98.3 \u2013 \u00fej\u00f3nn hans, \u00cdsrael Jes 41.8 \u2013 Gu\u00f0 minnist 1M\u00f3s 8.1; 9.15; 2M\u00f3s 2.24; L\u00fak 1.72<br \/>\n<b>1.55<\/b> Abraham og ni\u00f0jar hans M\u00edk 7.20; 1M\u00f3s 17.7; 22.17<br \/>\n<b>1.59<\/b> Umskurn \u00e1 \u00e1ttunda degi L\u00fak 2.21; sbr 1M\u00f3s 17.12; 3M\u00f3s 12.3; Fil 3.5<br \/>\n<b>1.60<\/b> Hann skal heita J\u00f3hannes L\u00fak 1.13<br \/>\n<b>1.63<\/b> Undrun L\u00fak 8.25,56; 9.43; 11.14; L\u00fak 24.12,41; Post 2.7; 3.10<br \/>\n<b>1.66<\/b> H\u00f6nd Drottins 1Kon 18.46; 2Kon 3.15; Esk 1.3; 3.14,22; 8.1; Slm 80.18; 139.5<br \/>\n<b>1.68<\/b> Lofa\u00f0ur s\u00e9 Drottinn Slm 41.14; 72.18; 106.48; 2Kor 1.3; Ef 1.3; 1P\u00e9t 1.3 \u2013 Gu\u00f0 vitjar 1M\u00f3s 21.1; 50.24-25; 2M\u00f3s 3.16; Jer 29.10; Slm 65.10; 80.15; 106.4; sbr 2M\u00f3s 32.34; Jes 10.12 o.fl.; L\u00fak 1.78; 7.16; 19.44; Post 15.14 \u2013 lausn Slm 111.9; 130.7-8; Jes 63.4; L\u00fak 2.38; 21.28; 24.21<br \/>\n<b>1.69<\/b> Horn hj\u00e1lpr\u00e6\u00f0is Slm 18.3 \u2013 \u00ed h\u00fasi Dav\u00ed\u00f0s Matt 1.1+<br \/>\n<b>1.71<\/b> Frelsun fr\u00e1 \u00f3vinum Slm 106.10<br \/>\n<b>1.72<\/b> Miskunn og s\u00e1ttm\u00e1li Slm 106.45-46 \u2013 minnast s\u00e1ttm\u00e1lans Slm 105.8-9; 1M\u00f3s 17.7; 3M\u00f3s 26.42<br \/>\n<b>1.73<\/b> S\u00f3r Abraham ei\u00f0 1M\u00f3s 22.16-17<br \/>\n<b>1.75<\/b> \u00cd heilagleik og r\u00e9ttl\u00e6ti T\u00edt 2.12<br \/>\n<b>1.76<\/b> Grei\u00f0a vegu hans Jes 40.3; Mal 3.1; Matt 3.3<br \/>\n<b>1.77<\/b> Fyrirgefning synda Matt 26.28+<br \/>\n<b>1.78<\/b> S\u00f3l af h\u00e6\u00f0um a\u00f0 vitja vor Mal 3.20<br \/>\n<b>1.79<\/b> Sitja \u00ed myrkri Jes 9.1; 58.8; 60.1-2; Matt 4.16 \u2013 fri\u00f0ur Jes 9.5-6; M\u00edk 5.4; L\u00fak 2.14,29; 7.50; 8.48; 10.5-6; 11.21; 19.38,42; 24.36<br \/>\n<b>1.80<\/b> Sveinninn \u00f3x L\u00fak 2.40; sbr 1M\u00f3s 21.8,20; D\u00f3m 13.24-25; 1Sam 2.21,26; 3.19 \u2013 \u00ed \u00f3bygg\u00f0um Matt 3.1+ ; L\u00fak 3.2,4; L\u00fak 7.24<\/div>\n","protected":false},"excerpt":{"rendered":"<p>1Margir hafa teki\u00f0 s\u00e9r fyrir hendur a\u00f0 rekja s\u00f6gu \u00feeirra vi\u00f0bur\u00f0a, er gj\u00f6rst hafa me\u00f0al vor,2samkv\u00e6mt \u00fev\u00ed, sem oss hafa flutt \u00feeir menn, er fr\u00e1 \u00f6ndver\u00f0u voru sj\u00f3narvottar og \u00fej\u00f3nar or\u00f0sins.3N\u00fa hef \u00e9g athuga\u00f0 kostg\u00e6filega allt \u00feetta fr\u00e1 upphafi og r\u00e9\u00f0 \u00fev\u00ed einnig af a\u00f0 rita samfellda s\u00f6gu fyrir \u00feig, g\u00f6fugi \u00dee\u00f3f\u00edlus,4svo a\u00f0 \u00fe\u00fa megir ganga \u00far skugga um sannindi \u00feeirra fr\u00e1sagna, sem \u00fe\u00fa hefur fr\u00e6\u00f0st um.5\u00c1 d\u00f6gum Her\u00f3desar, konungs \u00ed J\u00fadeu, var uppi prestur nokkur a\u00f0 nafni Sakar\u00eda, af sveit Ab\u00eda. Kona hans var og af \u00e6tt Arons og h\u00e9t El\u00edsabet.6\u00deau voru b\u00e6\u00f0i r\u00e9ttl\u00e1t fyrir Gu\u00f0i og lif\u00f0u vammlaus <a href=\"https:\/\/biblian.is\/1981\/lukasargudspjall-1-kafli\/\"> [&#8230;]<\/a><\/p>\n","protected":false},"author":1,"featured_media":0,"parent":0,"menu_order":0,"comment_status":"open","ping_status":"open","template":"bibliukaflar.php","meta":{"footnotes":""},"class_list":["post-2321","page","type-page","status-publish","hentry"],"_links":{"self":[{"href":"https:\/\/biblian.is\/1981\/wp-json\/wp\/v2\/pages\/2321","targetHints":{"allow":["GET"]}}],"collection":[{"href":"https:\/\/biblian.is\/1981\/wp-json\/wp\/v2\/pages"}],"about":[{"href":"https:\/\/biblian.is\/1981\/wp-json\/wp\/v2\/types\/page"}],"author":[{"embeddable":true,"href":"https:\/\/biblian.is\/1981\/wp-json\/wp\/v2\/users\/1"}],"replies":[{"embeddable":true,"href":"https:\/\/biblian.is\/1981\/wp-json\/wp\/v2\/comments?post=2321"}],"version-history":[{"count":0,"href":"https:\/\/biblian.is\/1981\/wp-json\/wp\/v2\/pages\/2321\/revisions"}],"wp:attachment":[{"href":"https:\/\/biblian.is\/1981\/wp-json\/wp\/v2\/media?parent=2321"}],"curies":[{"name":"wp","href":"https:\/\/api.w.org\/{rel}","templated":true}]}}