{"id":2320,"date":"2017-11-18T20:21:17","date_gmt":"2017-11-18T20:21:17","guid":{"rendered":"http:\/\/biblian.is\/1981\/markusargudspjall-16-kafli\/"},"modified":"2021-06-06T11:03:49","modified_gmt":"2021-06-06T11:03:49","slug":"markusargudspjall-16-kafli","status":"publish","type":"page","link":"https:\/\/biblian.is\/1981\/markusargudspjall-16-kafli\/","title":{"rendered":"Mark\u00fasargu\u00f0spjall 16. kafli"},"content":{"rendered":"<p><a name=\"1\"><span class=\"versanumer\">1<\/span><\/a>\u00de\u00e1 er hv\u00edldardagurinn var li\u00f0inn, keyptu \u00fe\u00e6r Mar\u00eda Magdalena, Mar\u00eda m\u00f3\u00f0ir Jakobs og Sal\u00f3me ilmsmyrsl til a\u00f0 fara og smyrja hann.<a name=\"2\"><span class=\"versanumer\">2<\/span><\/a>Og mj\u00f6g \u00e1rla hinn fyrsta dag vikunnar, um s\u00f3laruppr\u00e1s, koma \u00fe\u00e6r a\u00f0 gr\u00f6finni.<a name=\"3\"><span class=\"versanumer\">3<\/span><\/a>\u00de\u00e6r s\u00f6g\u00f0u s\u00edn \u00e1 milli: Hver mun velta fyrir oss steininum fr\u00e1 grafarmunnanum?<a name=\"4\"><span class=\"versanumer\">4<\/span><\/a>En \u00feegar \u00fe\u00e6r l\u00edta upp, sj\u00e1 \u00fe\u00e6r, a\u00f0 steininum haf\u00f0i veri\u00f0 velt fr\u00e1, en hann var mj\u00f6g st\u00f3r.<a name=\"5\"><span class=\"versanumer\">5<\/span><\/a>\u00de\u00e6r st\u00edga inn \u00ed gr\u00f6fina og sj\u00e1 ungan mann sitja h\u00e6gra megin, kl\u00e6ddan hv\u00edtri skikkju og \u00fe\u00e6r skelfdust.<a name=\"6\"><span class=\"versanumer\">6<\/span><\/a>En hann sag\u00f0i vi\u00f0 \u00fe\u00e6r: Skelfist eigi. \u00de\u00e9r leiti\u00f0 a\u00f0 Jes\u00fa fr\u00e1 Nasaret, hinum krossfesta. Hann er upp risinn, hann er ekki h\u00e9r. Sj\u00e1, \u00fearna er sta\u00f0urinn, \u00fear sem \u00feeir l\u00f6g\u00f0u hann.<a name=\"7\"><span class=\"versanumer\">7<\/span><\/a>En fari\u00f0 og segi\u00f0 l\u00e6risveinum hans og P\u00e9tri: Hann fer \u00e1 undan y\u00f0ur til Gal\u00edleu. \u00dear munu\u00f0 \u00fe\u00e9r sj\u00e1 hann, eins og hann sag\u00f0i y\u00f0ur.<a name=\"8\"><span class=\"versanumer\">8<\/span><\/a>\u00de\u00e6r f\u00f3ru \u00fat og fl\u00fd\u00f0u fr\u00e1 gr\u00f6finni, \u00fev\u00ed \u00f3tti og ofbo\u00f0 var yfir \u00fe\u00e6r komi\u00f0. \u00de\u00e6r s\u00f6g\u00f0u engum fr\u00e1 neinu, \u00fev\u00ed \u00fe\u00e6r voru hr\u00e6ddar.<a name=\"9\"><span class=\"versanumer\">9<\/span><\/a>\u00deegar hann var upp risinn \u00e1rla hinn fyrsta dag vikunnar, birtist hann fyrst Mar\u00edu Magdalenu, en \u00fat af henni haf\u00f0i hann reki\u00f0 sj\u00f6 illa anda.<a name=\"10\"><span class=\"versanumer\">10<\/span><\/a>H\u00fan f\u00f3r og kunngj\u00f6r\u00f0i \u00feetta \u00feeim, er me\u00f0 honum h\u00f6f\u00f0u veri\u00f0 og h\u00f6rmu\u00f0u n\u00fa og gr\u00e9tu.<a name=\"11\"><span class=\"versanumer\">11<\/span><\/a>\u00de\u00e1 er \u00feeir heyr\u00f0u, a\u00f0 hann v\u00e6ri lifandi og h\u00fan hef\u00f0i s\u00e9\u00f0 hann, tr\u00fa\u00f0u \u00feeir ekki.<a name=\"12\"><span class=\"versanumer\">12<\/span><\/a>Eftir \u00feetta birtist hann \u00ed annarri mynd tveimur \u00feeirra, \u00fear sem \u00feeir voru \u00e1 g\u00f6ngu \u00e1 lei\u00f0 \u00fat \u00ed sveit.<a name=\"13\"><span class=\"versanumer\">13<\/span><\/a>\u00deeir sneru vi\u00f0 og kunngj\u00f6r\u00f0u hinum, en \u00feeir tr\u00fa\u00f0u \u00feeim ekki heldur.<a name=\"14\"><span class=\"versanumer\">14<\/span><\/a>Seinna birtist hann \u00feeim ellefu, \u00feegar \u00feeir s\u00e1tu til bor\u00f0s, og \u00e1v\u00edta\u00f0i \u00fe\u00e1 fyrir vantr\u00fa \u00feeirra og har\u00f0\u00fa\u00f0 hjartans, a\u00f0 \u00feeir hef\u00f0u ekki tr\u00faa\u00f0 \u00feeim, er s\u00e1u hann upp risinn.<a name=\"15\"><span class=\"versanumer\">15<\/span><\/a>Hann sag\u00f0i vi\u00f0 \u00fe\u00e1: Fari\u00f0 \u00fat um allan heim, og pr\u00e9diki\u00f0 fagna\u00f0arerindi\u00f0 \u00f6llu mannkyni.<a name=\"16\"><span class=\"versanumer\">16<\/span><\/a>S\u00e1 sem tr\u00fair og sk\u00edrist, mun h\u00f3lpinn ver\u00f0a, en s\u00e1 sem tr\u00fair ekki, mun fyrird\u00e6mdur ver\u00f0a.<a name=\"17\"><span class=\"versanumer\">17<\/span><\/a>En \u00feessi t\u00e1kn munu fylgja \u00feeim, er tr\u00faa: \u00cd m\u00ednu nafni munu \u00feeir reka \u00fat illa anda, tala n\u00fdjum tungum,<a name=\"18\"><span class=\"versanumer\">18<\/span><\/a>taka upp h\u00f6ggorma, og \u00fe\u00f3 a\u00f0 \u00feeir drekki eitthva\u00f0 banv\u00e6nt, mun \u00feeim ekki ver\u00f0a meint af. Yfir sj\u00faka munu \u00feeir leggja hendur, og \u00feeir ver\u00f0a heilir.<a name=\"19\"><span class=\"versanumer\">19<\/span><\/a>\u00deegar n\u00fa Drottinn Jes\u00fas haf\u00f0i tala\u00f0 vi\u00f0 \u00fe\u00e1, var hann upp numinn til himins og settist til h\u00e6gri handar Gu\u00f0i.<a name=\"20\"><span class=\"versanumer\">20<\/span><\/a>\u00deeir f\u00f3ru og pr\u00e9diku\u00f0u hvarvetna, en Drottinn var \u00ed verki me\u00f0 \u00feeim og sta\u00f0festi bo\u00f0un \u00feeirra me\u00f0 t\u00e1knum, sem henni fylgdu.<\/p>\n<div class=\"footnote1981\"><b>16.1-8<\/b> Hlst. Matt 26.1-8; L\u00fak 24.1-12; J\u00f3h 20.1-10<br \/>\n<b>16.1<\/b> Mar\u00eda Magdalena Matt 27.56+ &#8211; smurning til greftrunar Mrk 14.8; J\u00f3h 19.40<br \/>\n<b>16.3<\/b> Steinn fyrir gr\u00f6finni J\u00f3h 11.38-39<br \/>\n<b>16.5<\/b> Kl\u00e6ddur hv\u00edtri skikkju Mrk 9.3; Post 1.10; Opb 7.9,13<br \/>\n<b>16.6<\/b> Skelfist J\u00f3s 1.9; Jes 41.10; Jer 1.8; Matt 17.7; Mrk 5.36; 6.50; L\u00fak 1.30; 2.9-10; 12.32; J\u00f3h 6.20; Opb 1.18 \u2013 upp risinn Post 2.23-24; 3.15; 4.10; 5.30; 10.40; 13.30<br \/>\n<b>16.7<\/b> Hinn upprisni birtist P\u00e9tri L\u00fak 24.34; 1Kor 15.5 \u2013 til Gal\u00edleu Matt 26.32; Mrk 14.28<br \/>\n<b>16.9-11<\/b> Hlst. Matt 28.9-10; J\u00f3h 20.11-18<br \/>\n<b>16.9<\/b> Mar\u00eda Magdalena Matt 27.56+<br \/>\n<b>16.12-13<\/b> Hlst. L\u00fak 24.13-35<br \/>\n<b>16.14-20<\/b> Hlst. Matt 28.16-20; L\u00fak 24.36-53; J\u00f3h 20.19-23; Post 1.6-11<br \/>\n<b>16.16<\/b> Tr\u00fa, sk\u00edrn, s\u00e1luhj\u00e1lp Post 2.38; 16.31,33<br \/>\n<b>16.17<\/b> Illir andar reknir \u00fat \u00ed nafni Jes\u00fa Post 8.7; 16.18 \u2013 tala n\u00fdjum tungum Post 2.4,11; 10.46; 19.6; 1Kor 14.2-40<br \/>\n<b>16.18<\/b> H\u00f6ggormar L\u00fak 10.19; Post 28.3-6 \u2013 leggja hendur yfir sj\u00faka Matt 9.18+ ; Mrk 5.23+ ; Post 4.30; 5.16; Jak 5.14-15<br \/>\n<b>16.19<\/b> Upp numinn til himins 2Kon 2.11; Post 1.9-11; 1T\u00edm 3.16 \u2013 til h\u00e6gri handar Gu\u00f0i Slm 110.1; Matt 22.44+<br \/>\n<b>16.20<\/b> Sta\u00f0fest me\u00f0 t\u00e1knum Post 14.3; Heb 2.3-4<\/div>\n","protected":false},"excerpt":{"rendered":"<p>1\u00de\u00e1 er hv\u00edldardagurinn var li\u00f0inn, keyptu \u00fe\u00e6r Mar\u00eda Magdalena, Mar\u00eda m\u00f3\u00f0ir Jakobs og Sal\u00f3me ilmsmyrsl til a\u00f0 fara og smyrja hann.2Og mj\u00f6g \u00e1rla hinn fyrsta dag vikunnar, um s\u00f3laruppr\u00e1s, koma \u00fe\u00e6r a\u00f0 gr\u00f6finni.3\u00de\u00e6r s\u00f6g\u00f0u s\u00edn \u00e1 milli: Hver mun velta fyrir oss steininum fr\u00e1 grafarmunnanum?4En \u00feegar \u00fe\u00e6r l\u00edta upp, sj\u00e1 \u00fe\u00e6r, a\u00f0 steininum haf\u00f0i veri\u00f0 velt fr\u00e1, en hann var mj\u00f6g st\u00f3r.5\u00de\u00e6r st\u00edga inn \u00ed gr\u00f6fina og sj\u00e1 ungan mann sitja h\u00e6gra megin, kl\u00e6ddan hv\u00edtri skikkju og \u00fe\u00e6r skelfdust.6En hann sag\u00f0i vi\u00f0 \u00fe\u00e6r: Skelfist eigi. \u00de\u00e9r leiti\u00f0 a\u00f0 Jes\u00fa fr\u00e1 Nasaret, hinum krossfesta. Hann er upp risinn, hann er ekki <a href=\"https:\/\/biblian.is\/1981\/markusargudspjall-16-kafli\/\"> [&#8230;]<\/a><\/p>\n","protected":false},"author":1,"featured_media":0,"parent":0,"menu_order":0,"comment_status":"open","ping_status":"open","template":"bibliukaflar.php","meta":{"footnotes":""},"class_list":["post-2320","page","type-page","status-publish","hentry"],"_links":{"self":[{"href":"https:\/\/biblian.is\/1981\/wp-json\/wp\/v2\/pages\/2320","targetHints":{"allow":["GET"]}}],"collection":[{"href":"https:\/\/biblian.is\/1981\/wp-json\/wp\/v2\/pages"}],"about":[{"href":"https:\/\/biblian.is\/1981\/wp-json\/wp\/v2\/types\/page"}],"author":[{"embeddable":true,"href":"https:\/\/biblian.is\/1981\/wp-json\/wp\/v2\/users\/1"}],"replies":[{"embeddable":true,"href":"https:\/\/biblian.is\/1981\/wp-json\/wp\/v2\/comments?post=2320"}],"version-history":[{"count":0,"href":"https:\/\/biblian.is\/1981\/wp-json\/wp\/v2\/pages\/2320\/revisions"}],"wp:attachment":[{"href":"https:\/\/biblian.is\/1981\/wp-json\/wp\/v2\/media?parent=2320"}],"curies":[{"name":"wp","href":"https:\/\/api.w.org\/{rel}","templated":true}]}}