{"id":2319,"date":"2017-11-18T20:21:17","date_gmt":"2017-11-18T20:21:17","guid":{"rendered":"http:\/\/biblian.is\/1981\/markusargudspjall-15-kafli\/"},"modified":"2021-06-06T11:03:48","modified_gmt":"2021-06-06T11:03:48","slug":"markusargudspjall-15-kafli","status":"publish","type":"page","link":"https:\/\/biblian.is\/1981\/markusargudspjall-15-kafli\/","title":{"rendered":"Mark\u00fasargu\u00f0spjall 15. kafli"},"content":{"rendered":"<p><a name=\"1\"><span class=\"versanumer\">1<\/span><\/a>\u00deegar a\u00f0 morgni gj\u00f6r\u00f0u \u00e6\u00f0stu prestarnir sam\u00feykkt me\u00f0 \u00f6ldungunum, fr\u00e6\u00f0im\u00f6nnunum og \u00f6llu r\u00e1\u00f0inu. \u00deeir l\u00e9tu binda Jes\u00fa og f\u00e6ra brott og framseldu hann P\u00edlatusi.<a name=\"2\"><span class=\"versanumer\">2<\/span><\/a>P\u00edlatus spur\u00f0i hann: Ert \u00fe\u00fa konungur Gy\u00f0inga? Hann svara\u00f0i: \u00de\u00fa segir \u00fea\u00f0.<a name=\"3\"><span class=\"versanumer\">3<\/span><\/a>En \u00e6\u00f0stu prestarnir b\u00e1ru \u00e1 hann margar sakir.<a name=\"4\"><span class=\"versanumer\">4<\/span><\/a>P\u00edlatus spur\u00f0i hann aftur: Svarar \u00fe\u00fa engu? \u00de\u00fa heyrir, hve \u00feungar sakir \u00feeir bera \u00e1 \u00feig.<a name=\"5\"><span class=\"versanumer\">5<\/span><\/a>En Jes\u00fas svara\u00f0i engu framar, og undra\u00f0ist P\u00edlatus \u00fea\u00f0.<a name=\"6\"><span class=\"versanumer\">6<\/span><\/a>En \u00e1 h\u00e1t\u00ed\u00f0inni var hann vanur a\u00f0 gefa \u00feeim lausan einn bandingja, \u00feann er \u00feeir b\u00e1\u00f0u um.<a name=\"7\"><span class=\"versanumer\">7<\/span><\/a>Ma\u00f0ur a\u00f0 nafni Barabbas var \u00fe\u00e1 \u00ed b\u00f6ndum \u00e1samt upphlaupsm\u00f6nnum. H\u00f6f\u00f0u \u00feeir frami\u00f0 manndr\u00e1p \u00ed upphlaupinu.<a name=\"8\"><span class=\"versanumer\">8<\/span><\/a>N\u00fa kom mannfj\u00f6ldinn og t\u00f3k a\u00f0 bi\u00f0ja, a\u00f0 P\u00edlatus veitti \u00feeim hi\u00f0 sama og hann v\u00e6ri vanur.<a name=\"9\"><span class=\"versanumer\">9<\/span><\/a>P\u00edlatus svara\u00f0i \u00feeim: Vilji\u00f0 \u00fe\u00e9r, a\u00f0 \u00e9g gefi y\u00f0ur lausan konung Gy\u00f0inga?<a name=\"10\"><span class=\"versanumer\">10<\/span><\/a>Hann vissi, a\u00f0 \u00e6\u00f0stu prestarnir h\u00f6f\u00f0u fyrir \u00f6fundar sakir framselt hann.<a name=\"11\"><span class=\"versanumer\">11<\/span><\/a>En \u00e6\u00f0stu prestarnir \u00e6stu m\u00faginn til a\u00f0 heimta, a\u00f0 hann g\u00e6fi \u00feeim heldur Barabbas lausan.<a name=\"12\"><span class=\"versanumer\">12<\/span><\/a>P\u00edlatus t\u00f3k enn til m\u00e1ls og sag\u00f0i vi\u00f0 \u00fe\u00e1: Hva\u00f0 \u00e1 \u00e9g \u00fe\u00e1 a\u00f0 gj\u00f6ra vi\u00f0 \u00feann, sem \u00fe\u00e9r kalli\u00f0 konung Gy\u00f0inga?<a name=\"13\"><span class=\"versanumer\">13<\/span><\/a>En \u00feeir \u00e6ptu \u00e1 m\u00f3ti: Krossfestu hann!<a name=\"14\"><span class=\"versanumer\">14<\/span><\/a>P\u00edlatus spur\u00f0i: Hva\u00f0 illt hefur hann \u00fe\u00e1 gj\u00f6rt? En \u00feeir \u00e6ptu \u00fev\u00ed meir: Krossfestu hann!<a name=\"15\"><span class=\"versanumer\">15<\/span><\/a>En me\u00f0 \u00fev\u00ed a\u00f0 P\u00edlatus vildi gj\u00f6ra f\u00f3lkinu til h\u00e6fis, gaf hann \u00feeim Barabbas lausan. Hann l\u00e9t h\u00fa\u00f0str\u00fdkja Jes\u00fa og framseldi hann til krossfestingar.<a name=\"16\"><span class=\"versanumer\">16<\/span><\/a>Hermennirnir f\u00f3ru me\u00f0 hann inn \u00ed h\u00f6llina, a\u00f0setur landsh\u00f6f\u00f0ingjans, og k\u00f6llu\u00f0u saman alla hersveitina.<a name=\"17\"><span class=\"versanumer\">17<\/span><\/a>\u00deeir f\u00e6ra hann \u00ed purpuraskikkju, fl\u00e9tta \u00feyrnik\u00f3r\u00f3nu og setja \u00e1 h\u00f6fu\u00f0 honum.<a name=\"18\"><span class=\"versanumer\">18<\/span><\/a>\u00de\u00e1 t\u00f3ku \u00feeir a\u00f0 heilsa honum: Heill \u00fe\u00fa, konungur Gy\u00f0inga!<a name=\"19\"><span class=\"versanumer\">19<\/span><\/a>Og \u00feeir sl\u00f3gu h\u00f6fu\u00f0 hans me\u00f0 reyrsprota og hr\u00e6ktu \u00e1 hann, f\u00e9llu \u00e1 kn\u00e9 og hylltu hann.<a name=\"20\"><span class=\"versanumer\">20<\/span><\/a>\u00deegar \u00feeir h\u00f6f\u00f0u spotta\u00f0 hann, f\u00e6r\u00f0u \u00feeir hann \u00far purpuraskikkjunni og \u00ed hans eigin kl\u00e6\u00f0i. \u00de\u00e1 leiddu \u00feeir hann \u00fat til a\u00f0 krossfesta hann.<a name=\"21\"><span class=\"versanumer\">21<\/span><\/a>En ma\u00f0ur nokkur \u00e1tti lei\u00f0 \u00fear hj\u00e1 og var a\u00f0 koma utan \u00far sveit. Hann ney\u00f0a \u00feeir til a\u00f0 bera kross Jes\u00fa. \u00dea\u00f0 var S\u00edmon fr\u00e1 K\u00fdrene, fa\u00f0ir \u00feeirra Alexanders og R\u00fafusar.<a name=\"22\"><span class=\"versanumer\">22<\/span><\/a>\u00deeir fara me\u00f0 hann til \u00feess sta\u00f0ar, er heitir Golgata, \u00fea\u00f0 \u00fe\u00fd\u00f0ir hausk\u00fapusta\u00f0ur.<a name=\"23\"><span class=\"versanumer\">23<\/span><\/a>\u00deeir b\u00e1ru honum v\u00edn, blanda\u00f0 myrru, en hann \u00fe\u00e1\u00f0i ekki.<a name=\"24\"><span class=\"versanumer\">24<\/span><\/a>\u00de\u00e1 krossfestu \u00feeir hann. Og \u00feeir skiptu me\u00f0 s\u00e9r kl\u00e6\u00f0um hans og k\u00f6stu\u00f0u hlutum um, hva\u00f0 hver skyldi f\u00e1.<a name=\"25\"><span class=\"versanumer\">25<\/span><\/a>En \u00fea\u00f0 var um dagm\u00e1l, er \u00feeir krossfestu hann.<a name=\"26\"><span class=\"versanumer\">26<\/span><\/a>Og yfirskriftin um sakargift hans var svo skr\u00e1\u00f0: KONUNGUR GY\u00d0INGA.<a name=\"27\"><span class=\"versanumer\">27<\/span><\/a>Me\u00f0 honum krossfestu \u00feeir tvo r\u00e6ningja, annan til h\u00e6gri handar honum, en hinn til vinstri.<a name=\"28\"><span class=\"versanumer\">28<\/span><\/a>\u00de\u00e1 r\u00e6ttist s\u00fa ritning, er segir: Me\u00f0 illvirkjum var hann talinn.<a name=\"29\"><span class=\"versanumer\">29<\/span><\/a>\u00deeir, sem fram hj\u00e1 gengu, h\u00e6ddu hann, sk\u00f3ku h\u00f6fu\u00f0 s\u00edn og s\u00f6g\u00f0u: Svei, \u00fe\u00fa, sem br\u00fdtur ni\u00f0ur musteri\u00f0 og reisir \u00fea\u00f0 \u00e1 \u00ferem d\u00f6gum!<a name=\"30\"><span class=\"versanumer\">30<\/span><\/a>Bjarga n\u00fa sj\u00e1lfum \u00fe\u00e9r, og st\u00edg ni\u00f0ur af krossinum.<a name=\"31\"><span class=\"versanumer\">31<\/span><\/a>Eins gj\u00f6r\u00f0u \u00e6\u00f0stu prestarnir gys a\u00f0 honum og fr\u00e6\u00f0imennirnir og s\u00f6g\u00f0u hver vi\u00f0 annan: \u00d6\u00f0rum bjarga\u00f0i hann, sj\u00e1lfum s\u00e9r getur hann ekki bjarga\u00f0.<a name=\"32\"><span class=\"versanumer\">32<\/span><\/a>St\u00edgi n\u00fa Kristur, konungur \u00cdsraels, ni\u00f0ur af krossinum, svo a\u00f0 v\u00e9r getum s\u00e9\u00f0 og tr\u00faa\u00f0. Einnig sm\u00e1nu\u00f0u hann \u00feeir, sem me\u00f0 honum voru krossfestir.<a name=\"33\"><span class=\"versanumer\">33<\/span><\/a>\u00c1 h\u00e1degi var\u00f0 myrkur um allt land til n\u00f3ns.<a name=\"34\"><span class=\"versanumer\">34<\/span><\/a>Og \u00e1 n\u00f3ni kalla\u00f0i Jes\u00fas h\u00e1rri r\u00f6ddu: El\u00f3\u00ed, El\u00f3\u00ed, lama sabaktan\u00ed! \u00dea\u00f0 \u00fe\u00fd\u00f0ir: Gu\u00f0 minn, Gu\u00f0 minn, hv\u00ed hefur \u00fe\u00fa yfirgefi\u00f0 mig?<a name=\"35\"><span class=\"versanumer\">35<\/span><\/a>Nokkrir \u00feeirra, er hj\u00e1 st\u00f3\u00f0u, heyr\u00f0u \u00feetta og s\u00f6g\u00f0u: Heyri\u00f0, hann kallar \u00e1 El\u00eda!<a name=\"36\"><span class=\"versanumer\">36<\/span><\/a>Hlj\u00f3p \u00fe\u00e1 einn til, fyllti njar\u00f0arv\u00f6tt ediki, stakk \u00e1 reyrstaf og gaf honum a\u00f0 drekka. Hann m\u00e6lti: L\u00e1tum sj\u00e1, hvort El\u00eda kemur a\u00f0 taka hann ofan.<a name=\"37\"><span class=\"versanumer\">37<\/span><\/a>En Jes\u00fas kalla\u00f0i h\u00e1rri r\u00f6ddu og gaf upp andann.<a name=\"38\"><span class=\"versanumer\">38<\/span><\/a>Og fortjald musterisins rifna\u00f0i \u00ed tvennt, ofan fr\u00e1 allt ni\u00f0ur \u00far.<a name=\"39\"><span class=\"versanumer\">39<\/span><\/a>\u00deegar hundra\u00f0sh\u00f6f\u00f0inginn, sem st\u00f3\u00f0 gegnt honum, s\u00e1 hann gefa upp andann \u00e1 \u00feennan h\u00e1tt, sag\u00f0i hann: Sannarlega var \u00feessi ma\u00f0ur sonur Gu\u00f0s.<a name=\"40\"><span class=\"versanumer\">40<\/span><\/a>\u00dear voru og konur \u00e1lengdar og horf\u00f0u \u00e1, me\u00f0al \u00feeirra Mar\u00eda Magdalena, Mar\u00eda, m\u00f3\u00f0ir \u00feeirra Jakobs yngra og J\u00f3se, og Sal\u00f3me.<a name=\"41\"><span class=\"versanumer\">41<\/span><\/a>\u00de\u00e6r h\u00f6f\u00f0u fylgt honum og \u00fej\u00f3na\u00f0, er hann var \u00ed Gal\u00edleu. \u00dear voru margar a\u00f0rar konur, sem h\u00f6f\u00f0u fari\u00f0 me\u00f0 honum upp til Jer\u00fasalem.<a name=\"42\"><span class=\"versanumer\">42<\/span><\/a>N\u00fa var komi\u00f0 kv\u00f6ld. \u00de\u00e1 var a\u00f0fangadagur, \u00fea\u00f0 er dagurinn fyrir hv\u00edldardag.<a name=\"43\"><span class=\"versanumer\">43<\/span><\/a>\u00de\u00e1 kom J\u00f3sef fr\u00e1 Ar\u00edma\u00feeu, g\u00f6fugur r\u00e1\u00f0sherra, er sj\u00e1lfur v\u00e6nti Gu\u00f0s r\u00edkis. Hann dirf\u00f0ist a\u00f0 fara inn til P\u00edlatusar og bi\u00f0ja um l\u00edkama Jes\u00fa.<a name=\"44\"><span class=\"versanumer\">44<\/span><\/a>P\u00edlatus fur\u00f0a\u00f0i \u00e1, a\u00f0 hann skyldi \u00feegar vera anda\u00f0ur. Hann kalla\u00f0i til s\u00edn hundra\u00f0sh\u00f6f\u00f0ingjann og spur\u00f0i, hvort hann v\u00e6ri \u00feegar l\u00e1tinn.<a name=\"45\"><span class=\"versanumer\">45<\/span><\/a>Og er hann var\u00f0 \u00feess v\u00eds hj\u00e1 hundra\u00f0sh\u00f6f\u00f0ingjanum, gaf hann J\u00f3sef l\u00edki\u00f0.<a name=\"46\"><span class=\"versanumer\">46<\/span><\/a>En hann keypti l\u00ednkl\u00e6\u00f0i, t\u00f3k hann ofan, sveipa\u00f0i hann l\u00ednkl\u00e6\u00f0inu og lag\u00f0i \u00ed gr\u00f6f, h\u00f6ggna \u00ed klett, og velti steini fyrir grafarmunnann.<a name=\"47\"><span class=\"versanumer\">47<\/span><\/a>Mar\u00eda Magdalena og Mar\u00eda m\u00f3\u00f0ir J\u00f3se s\u00e1u, hvar hann var lag\u00f0ur.<\/p>\n<div class=\"footnote1981\"><b>15.1-5<\/b> Hlst. Matt 27.1-2,11-14; L\u00fak 23.1-5; J\u00f3h 18.28-38<br \/>\n<b>15.1<\/b> A\u00f0 morgni L\u00fak 22.66 \u2013 \u00e6\u00f0stu prestar Mrk 11.27+<br \/>\n<b>15.2<\/b> Konungur Gy\u00f0inga Matt 2.2+ &#8211; \u00fea\u00f0 eru \u00fe\u00edn or\u00f0 Matt 26.25<br \/>\n<b>15.5<\/b> Svara\u00f0i engu Mrk 14.60-61; L\u00fak 23.9; sbr Jes 53.7; Post 8.32<br \/>\n<b>15.6-15<\/b> Hlst. Matt 27.15-26; L\u00fak 23.13-25; J\u00f3h 18.39-19.16<br \/>\n<b>15.8<\/b> Mannfj\u00f6ldinn Mrk 12.37<br \/>\n<b>15.11<\/b> Barabbas valinn Post 3.14<br \/>\n<b>15.13<\/b> Krossfestu hann Post 3.13; 13.28<br \/>\n<b>15.15<\/b> H\u00fa\u00f0str\u00fdking L\u00fak 23.16-22; J\u00f3h 19.1; Post 5.40 o.fl.<br \/>\n<b>15.16-20<\/b> Hlst. Matt 27.27-31; J\u00f3h 19.2-3<br \/>\n<b>15.17-19<\/b> Jes\u00fas h\u00e6ddur Mrk 10.34; 15.31; L\u00fak 23.11; sbr Slm 22.8; 44.14; 52.8<br \/>\n<b>15.18<\/b> Konungur Gy\u00f0inga Matt 2.2+<br \/>\n<b>15.19<\/b> Sl\u00f3gu h\u00f6fu\u00f0 hans M\u00edk 4.14<br \/>\n<b>15.21-32<\/b> Hlst. Matt 27.32-44; L\u00fak 23.26-43; J\u00f3h 19.17-27<br \/>\n<b>15.21<\/b> R\u00fafus sbr R\u00f3m 16.13<br \/>\n<b>15.23<\/b> V\u00edn blanda\u00f0 myrru sbr Slm 69.22<br \/>\n<b>15.24<\/b> Sbr Slm 22.19; J\u00f3h 19.24<br \/>\n<b>15.27<\/b> Vi\u00f0 hli\u00f0 Jes\u00fa Mrk 10.37 \u2013 r\u00e6ningjar Mrk 14.48; sbr Jes 53.12<br \/>\n<b>15.29<\/b> Sk\u00f3ku h\u00f6fu\u00f0 s\u00edn Slm 22.8; Jer 18.16; sbr Slm 109.25; Job 16.4; Hlj 2.15 \u2013 br\u00fdtur ni\u00f0ur musteri\u00f0 Mrk 14.58; sbr Matt 26.61+<br \/>\n<b>15.33-41<\/b> Hlst. Matt 27.45-56; L\u00fak 23.44-49; J\u00f3h 19.28-30<br \/>\n<b>15.33<\/b> Myrkur 2M\u00f3s 10.22; Am 8.9-10<br \/>\n<b>15.34<\/b> Sbr Slm 22.2<br \/>\n<b>15.35<\/b> El\u00eda Matt 11.14+ ; Mrk 9.11-13<br \/>\n<b>15.36<\/b> Sbr Slm 69.22; Matt 27.34; Mrk 15.23; L\u00fak 23.36<br \/>\n<b>15.38<\/b> Fortjald musterisins 2M\u00f3s 26.31-35; Heb 6.19; 9.3,6-12; 10.19-20<br \/>\n<b>15.40<\/b> Konur L\u00fak 8.2-3<br \/>\n<b>15.42-47<\/b> Hlst. Matt 27.57-61; L\u00fak 23.50-56; J\u00f3h 19.38-42<br \/>\n<b>15.43<\/b> L\u00edkami Jes\u00fa Post 13.29<br \/>\n<b>15.46<\/b> Lag\u00f0ur \u00ed gr\u00f6f Mrk 6.29; Post 13.29<\/div>\n","protected":false},"excerpt":{"rendered":"<p>1\u00deegar a\u00f0 morgni gj\u00f6r\u00f0u \u00e6\u00f0stu prestarnir sam\u00feykkt me\u00f0 \u00f6ldungunum, fr\u00e6\u00f0im\u00f6nnunum og \u00f6llu r\u00e1\u00f0inu. \u00deeir l\u00e9tu binda Jes\u00fa og f\u00e6ra brott og framseldu hann P\u00edlatusi.2P\u00edlatus spur\u00f0i hann: Ert \u00fe\u00fa konungur Gy\u00f0inga? Hann svara\u00f0i: \u00de\u00fa segir \u00fea\u00f0.3En \u00e6\u00f0stu prestarnir b\u00e1ru \u00e1 hann margar sakir.4P\u00edlatus spur\u00f0i hann aftur: Svarar \u00fe\u00fa engu? \u00de\u00fa heyrir, hve \u00feungar sakir \u00feeir bera \u00e1 \u00feig.5En Jes\u00fas svara\u00f0i engu framar, og undra\u00f0ist P\u00edlatus \u00fea\u00f0.6En \u00e1 h\u00e1t\u00ed\u00f0inni var hann vanur a\u00f0 gefa \u00feeim lausan einn bandingja, \u00feann er \u00feeir b\u00e1\u00f0u um.7Ma\u00f0ur a\u00f0 nafni Barabbas var \u00fe\u00e1 \u00ed b\u00f6ndum \u00e1samt upphlaupsm\u00f6nnum. H\u00f6f\u00f0u \u00feeir frami\u00f0 manndr\u00e1p \u00ed upphlaupinu.8N\u00fa kom mannfj\u00f6ldinn og t\u00f3k <a href=\"https:\/\/biblian.is\/1981\/markusargudspjall-15-kafli\/\"> [&#8230;]<\/a><\/p>\n","protected":false},"author":1,"featured_media":0,"parent":0,"menu_order":0,"comment_status":"open","ping_status":"open","template":"bibliukaflar.php","meta":{"footnotes":""},"class_list":["post-2319","page","type-page","status-publish","hentry"],"_links":{"self":[{"href":"https:\/\/biblian.is\/1981\/wp-json\/wp\/v2\/pages\/2319","targetHints":{"allow":["GET"]}}],"collection":[{"href":"https:\/\/biblian.is\/1981\/wp-json\/wp\/v2\/pages"}],"about":[{"href":"https:\/\/biblian.is\/1981\/wp-json\/wp\/v2\/types\/page"}],"author":[{"embeddable":true,"href":"https:\/\/biblian.is\/1981\/wp-json\/wp\/v2\/users\/1"}],"replies":[{"embeddable":true,"href":"https:\/\/biblian.is\/1981\/wp-json\/wp\/v2\/comments?post=2319"}],"version-history":[{"count":0,"href":"https:\/\/biblian.is\/1981\/wp-json\/wp\/v2\/pages\/2319\/revisions"}],"wp:attachment":[{"href":"https:\/\/biblian.is\/1981\/wp-json\/wp\/v2\/media?parent=2319"}],"curies":[{"name":"wp","href":"https:\/\/api.w.org\/{rel}","templated":true}]}}