{"id":2318,"date":"2017-11-18T20:21:17","date_gmt":"2017-11-18T20:21:17","guid":{"rendered":"http:\/\/biblian.is\/1981\/markusargudspjall-14-kafli\/"},"modified":"2021-06-06T11:03:48","modified_gmt":"2021-06-06T11:03:48","slug":"markusargudspjall-14-kafli","status":"publish","type":"page","link":"https:\/\/biblian.is\/1981\/markusargudspjall-14-kafli\/","title":{"rendered":"Mark\u00fasargu\u00f0spjall 14. kafli"},"content":{"rendered":"<p><a name=\"1\"><span class=\"versanumer\">1<\/span><\/a>N\u00fa voru tveir dagar til p\u00e1ska og h\u00e1t\u00ed\u00f0ar \u00f3s\u00fdr\u00f0u brau\u00f0anna. Og \u00e6\u00f0stu prestarnir og fr\u00e6\u00f0imennirnir leitu\u00f0u fyrir s\u00e9r, hvernig \u00feeir g\u00e6tu handsama\u00f0 Jes\u00fa me\u00f0 svikum og teki\u00f0 hann af l\u00edfi.<a name=\"2\"><span class=\"versanumer\">2<\/span><\/a>En \u00feeir s\u00f6g\u00f0u: Ekki \u00e1 h\u00e1t\u00ed\u00f0inni, \u00fe\u00e1 g\u00e6ti or\u00f0i\u00f0 upp\u00feot me\u00f0 l\u00fd\u00f0num.<a name=\"3\"><span class=\"versanumer\">3<\/span><\/a>Hann var \u00ed Betan\u00edu, \u00ed h\u00fasi S\u00edmonar l\u00edk\u00fer\u00e1a, og sat a\u00f0 bor\u00f0i. \u00de\u00e1 kom \u00fear kona og haf\u00f0i alabastursbu\u00f0k me\u00f0 \u00f3mengu\u00f0um, d\u00fdrum nardussmyrslum. H\u00fan braut bu\u00f0kinn og hellti yfir h\u00f6fu\u00f0 honum.<a name=\"4\"><span class=\"versanumer\">4<\/span><\/a>En \u00fear voru nokkrir, er gramdist \u00feetta, og \u00feeir s\u00f6g\u00f0u s\u00edn \u00e1 milli: Til hvers er \u00feessi s\u00f3un \u00e1 smyrslum?<a name=\"5\"><span class=\"versanumer\">5<\/span><\/a>\u00deessi smyrsl hef\u00f0i m\u00e1tt selja fyrir meira en \u00ferj\u00fa hundru\u00f0 denara og gefa f\u00e1t\u00e6kum. Og \u00feeir atyrtu hana.<a name=\"6\"><span class=\"versanumer\">6<\/span><\/a>En Jes\u00fas sag\u00f0i: L\u00e1ti\u00f0 hana \u00ed fri\u00f0i! Hva\u00f0 eru\u00f0 \u00fe\u00e9r a\u00f0 angra hana? Gott verk gj\u00f6r\u00f0i h\u00fan m\u00e9r.<a name=\"7\"><span class=\"versanumer\">7<\/span><\/a>F\u00e1t\u00e6ka hafi\u00f0 \u00fe\u00e9r jafnan hj\u00e1 y\u00f0ur og geti\u00f0 gj\u00f6rt \u00feeim gott, n\u00e6r \u00fe\u00e9r vilji\u00f0, en mig hafi\u00f0 \u00fe\u00e9r ekki \u00e1vallt.<a name=\"8\"><span class=\"versanumer\">8<\/span><\/a>H\u00fan gj\u00f6r\u00f0i \u00fea\u00f0, sem \u00ed hennar valdi st\u00f3\u00f0. H\u00fan hefur fyrirfram smurt l\u00edkama minn til greftrunar.<a name=\"9\"><span class=\"versanumer\">9<\/span><\/a>Sannlega segi \u00e9g y\u00f0ur: Hvar sem fagna\u00f0arerindi\u00f0 ver\u00f0ur flutt, um heim allan, mun og geti\u00f0 ver\u00f0a \u00feess, sem h\u00fan gj\u00f6r\u00f0i, til minningar um hana.<a name=\"10\"><span class=\"versanumer\">10<\/span><\/a>J\u00fadas \u00cdskar\u00edot, einn \u00feeirra t\u00f3lf, f\u00f3r \u00fe\u00e1 til \u00e6\u00f0stu prestanna a\u00f0 framselja \u00feeim hann.<a name=\"11\"><span class=\"versanumer\">11<\/span><\/a>\u00deegar \u00feeir heyr\u00f0u \u00fea\u00f0, ur\u00f0u \u00feeir gla\u00f0ir vi\u00f0 og h\u00e9tu honum f\u00e9 fyrir. En hann leita\u00f0i f\u00e6ris a\u00f0 framselja hann.<a name=\"12\"><span class=\"versanumer\">12<\/span><\/a>\u00c1 fyrsta degi \u00f3s\u00fdr\u00f0u brau\u00f0anna, \u00feegar menn sl\u00e1tru\u00f0u p\u00e1skalambinu, s\u00f6g\u00f0u l\u00e6risveinar hans vi\u00f0 hann: Hvert vilt \u00fe\u00fa, a\u00f0 v\u00e9r f\u00f6rum og b\u00faum \u00fe\u00e9r p\u00e1skam\u00e1lt\u00ed\u00f0ina?<a name=\"13\"><span class=\"versanumer\">13<\/span><\/a>\u00de\u00e1 sendi hann tvo l\u00e6risveina s\u00edna og sag\u00f0i vi\u00f0 \u00fe\u00e1: Fari\u00f0 inn \u00ed borgina, og ykkur mun m\u00e6ta ma\u00f0ur, sem ber vatnsker. Fylgi\u00f0 honum,<a name=\"14\"><span class=\"versanumer\">14<\/span><\/a>og \u00fear sem hann fer inn, skulu\u00f0 \u00fei\u00f0 segja vi\u00f0 h\u00fasr\u00e1\u00f0andann: Meistarinn spyr: Hvar er herbergi\u00f0, \u00fear sem \u00e9g get neytt p\u00e1skam\u00e1lt\u00ed\u00f0arinnar me\u00f0 l\u00e6risveinum m\u00ednum?<a name=\"15\"><span class=\"versanumer\">15<\/span><\/a>Hann mun \u00fe\u00e1 s\u00fdna ykkur loftsal mikinn, b\u00fainn h\u00e6gindum og til rei\u00f0u. Hafi\u00f0 \u00fear vi\u00f0b\u00fana\u00f0 fyrir oss.<a name=\"16\"><span class=\"versanumer\">16<\/span><\/a>L\u00e6risveinarnir f\u00f3ru, komu inn \u00ed borgina og fundu allt eins og hann haf\u00f0i sagt og bjuggu til p\u00e1skam\u00e1lt\u00ed\u00f0ar.<a name=\"17\"><span class=\"versanumer\">17<\/span><\/a>Um kv\u00f6ldi\u00f0 kom hann me\u00f0 \u00feeim t\u00f3lf.<a name=\"18\"><span class=\"versanumer\">18<\/span><\/a>\u00deegar \u00feeir s\u00e1tu a\u00f0 bor\u00f0i og m\u00f6tu\u00f0ust sag\u00f0i Jes\u00fas: Sannlega segi \u00e9g y\u00f0ur: Einn af y\u00f0ur mun sv\u00edkja mig, einn sem me\u00f0 m\u00e9r etur.<a name=\"19\"><span class=\"versanumer\">19<\/span><\/a>\u00deeir ur\u00f0u hryggir vi\u00f0 og s\u00f6g\u00f0u vi\u00f0 hann, einn af \u00f6\u00f0rum: Ekki er \u00fea\u00f0 \u00e9g?<a name=\"20\"><span class=\"versanumer\">20<\/span><\/a>Hann svara\u00f0i \u00feeim: \u00dea\u00f0 er einn \u00feeirra t\u00f3lf. Hann d\u00fdfir \u00ed sama fat og \u00e9g.<a name=\"21\"><span class=\"versanumer\">21<\/span><\/a>Mannssonurinn fer a\u00f0 s\u00f6nnu h\u00e9\u00f0an, svo sem um hann er rita\u00f0, en vei \u00feeim manni, sem \u00fev\u00ed veldur, a\u00f0 Mannssonurinn ver\u00f0ur framseldur. Betra v\u00e6ri \u00feeim manni a\u00f0 hafa aldrei f\u00e6\u00f0st.<a name=\"22\"><span class=\"versanumer\">22<\/span><\/a>\u00de\u00e1 er \u00feeir m\u00f6tu\u00f0ust, t\u00f3k hann brau\u00f0, \u00feakka\u00f0i Gu\u00f0i, braut \u00fea\u00f0 og gaf \u00feeim og sag\u00f0i: Taki\u00f0, \u00feetta er l\u00edkami minn.<a name=\"23\"><span class=\"versanumer\">23<\/span><\/a>Og hann t\u00f3k kaleik, gj\u00f6r\u00f0i \u00feakkir og gaf \u00feeim, og \u00feeir drukku af honum allir.<a name=\"24\"><span class=\"versanumer\">24<\/span><\/a>Og hann sag\u00f0i vi\u00f0 \u00fe\u00e1: \u00deetta er bl\u00f3\u00f0 mitt, bl\u00f3\u00f0 s\u00e1ttm\u00e1lans, \u00fathellt fyrir marga.<a name=\"25\"><span class=\"versanumer\">25<\/span><\/a>Sannlega segi \u00e9g y\u00f0ur: H\u00e9\u00f0an \u00ed fr\u00e1 mun \u00e9g eigi drekka af \u00e1vexti v\u00ednvi\u00f0arins til \u00feess dags, er \u00e9g drekk hann n\u00fdjan \u00ed Gu\u00f0s r\u00edki.<a name=\"26\"><span class=\"versanumer\">26<\/span><\/a>\u00deegar \u00feeir h\u00f6f\u00f0u sungi\u00f0 lofs\u00f6nginn, f\u00f3ru \u00feeir til Ol\u00edufjallsins.<a name=\"27\"><span class=\"versanumer\">27<\/span><\/a>Og Jes\u00fas sag\u00f0i vi\u00f0 \u00fe\u00e1: \u00de\u00e9r munu\u00f0 allir hneykslast, \u00fev\u00ed a\u00f0 rita\u00f0 er: \u00c9g mun sl\u00e1 hir\u00f0inn, og sau\u00f0irnir munu tv\u00edstrast.<a name=\"28\"><span class=\"versanumer\">28<\/span><\/a>En eftir a\u00f0 \u00e9g er upp risinn, mun \u00e9g fara \u00e1 undan y\u00f0ur til Gal\u00edleu.<a name=\"29\"><span class=\"versanumer\">29<\/span><\/a>\u00de\u00e1 sag\u00f0i P\u00e9tur: \u00de\u00f3tt allir hneykslist, geri \u00e9g \u00fea\u00f0 aldrei.<a name=\"30\"><span class=\"versanumer\">30<\/span><\/a>Jes\u00fas sag\u00f0i vi\u00f0 hann: Sannlega segi \u00e9g \u00fe\u00e9r: N\u00fa \u00ed n\u00f3tt, \u00e1\u00f0ur en hani galar tvisvar, muntu \u00ferisvar afneita m\u00e9r.<a name=\"31\"><span class=\"versanumer\">31<\/span><\/a>En P\u00e9tur kva\u00f0 enn fastar a\u00f0: \u00de\u00f3 a\u00f0 \u00e9g \u00e6tti a\u00f0 deyja me\u00f0 \u00fe\u00e9r, \u00fe\u00e1 mun \u00e9g aldrei afneita \u00fe\u00e9r. Eins t\u00f6lu\u00f0u \u00feeir allir.<a name=\"32\"><span class=\"versanumer\">32<\/span><\/a>\u00deeir koma til sta\u00f0ar, er heitir Getsemane, og Jes\u00fas segir vi\u00f0 l\u00e6risveina s\u00edna: Setjist h\u00e9r, me\u00f0an \u00e9g bi\u00f0st fyrir.<a name=\"33\"><span class=\"versanumer\">33<\/span><\/a>Hann t\u00f3k me\u00f0 s\u00e9r \u00fe\u00e1 P\u00e9tur, Jakob og J\u00f3hannes. Og n\u00fa setti a\u00f0 honum \u00f3gn og angist.<a name=\"34\"><span class=\"versanumer\">34<\/span><\/a>Hann segir vi\u00f0 \u00fe\u00e1: S\u00e1l m\u00edn er hrygg allt til dau\u00f0a. B\u00ed\u00f0i\u00f0 h\u00e9r og vaki\u00f0.<a name=\"35\"><span class=\"versanumer\">35<\/span><\/a>\u00de\u00e1 gekk hann l\u00edti\u00f0 eitt \u00e1fram, f\u00e9ll til jar\u00f0ar og ba\u00f0, a\u00f0 s\u00fa stund f\u00e6ri fram hj\u00e1 s\u00e9r, ef ver\u00f0a m\u00e6tti.<a name=\"36\"><span class=\"versanumer\">36<\/span><\/a>Hann sag\u00f0i: Abba, fa\u00f0ir! allt megnar \u00fe\u00fa. Tak \u00feennan kaleik fr\u00e1 m\u00e9r! \u00de\u00f3 ekki sem \u00e9g vil, heldur sem \u00fe\u00fa vilt.<a name=\"37\"><span class=\"versanumer\">37<\/span><\/a>Hann kemur aftur og finnur \u00fe\u00e1 sofandi. \u00de\u00e1 sag\u00f0i hann vi\u00f0 P\u00e9tur: S\u00edmon, sefur \u00fe\u00fa? Gastu ekki vaka\u00f0 eina stund?<a name=\"38\"><span class=\"versanumer\">38<\/span><\/a>Vaki\u00f0 og bi\u00f0ji\u00f0, a\u00f0 \u00fe\u00e9r falli\u00f0 ekki \u00ed freistni. Andinn er rei\u00f0ub\u00fainn, en holdi\u00f0 veikt.<a name=\"39\"><span class=\"versanumer\">39<\/span><\/a>Aftur v\u00e9k hann brott og ba\u00f0st fyrir me\u00f0 s\u00f6mu or\u00f0um.<a name=\"40\"><span class=\"versanumer\">40<\/span><\/a>\u00deegar hann kom aftur, fann hann \u00fe\u00e1 enn sofandi, \u00fev\u00ed drungi var \u00e1 augum \u00feeirra. Og ekki vissu \u00feeir, hva\u00f0 \u00feeir \u00e6ttu a\u00f0 segja vi\u00f0 hann.<a name=\"41\"><span class=\"versanumer\">41<\/span><\/a>\u00cd \u00feri\u00f0ja sinn kom hann og sag\u00f0i vi\u00f0 \u00fe\u00e1: Sofi\u00f0 \u00fe\u00e9r enn og hv\u00edlist? N\u00fa er n\u00f3g. Stundin er komin. Mannssonurinn er framseldur \u00ed hendur syndugra manna.<a name=\"42\"><span class=\"versanumer\">42<\/span><\/a>Standi\u00f0 upp, f\u00f6rum! S\u00e1 er \u00ed n\u00e1nd, er mig sv\u00edkur.<a name=\"43\"><span class=\"versanumer\">43<\/span><\/a>Um lei\u00f0, me\u00f0an hann var enn a\u00f0 tala, kemur J\u00fadas, einn \u00feeirra t\u00f3lf, og me\u00f0 honum flokkur manna fr\u00e1 \u00e6\u00f0stu prestunum, fr\u00e6\u00f0im\u00f6nnunum og \u00f6ldungunum, og h\u00f6f\u00f0u \u00feeir sver\u00f0 og barefli.<a name=\"44\"><span class=\"versanumer\">44<\/span><\/a>Svikarinn haf\u00f0i sagt \u00feeim \u00feetta til marks: S\u00e1 sem \u00e9g kyssi, hann er \u00fea\u00f0. Taki\u00f0 hann h\u00f6ndum og f\u00e6ri\u00f0 brott \u00ed tryggri v\u00f6rslu.<a name=\"45\"><span class=\"versanumer\">45<\/span><\/a>Hann kemur, gengur beint a\u00f0 Jes\u00fa og segir: Rabb\u00ed! og kyssti hann.<a name=\"46\"><span class=\"versanumer\">46<\/span><\/a>En hinir l\u00f6g\u00f0u hendur \u00e1 hann og t\u00f3ku hann.<a name=\"47\"><span class=\"versanumer\">47<\/span><\/a>Einn \u00feeirra, er hj\u00e1 st\u00f3\u00f0u, br\u00e1 sver\u00f0i, hj\u00f3 til \u00fej\u00f3ns \u00e6\u00f0sta prestsins og snei\u00f0 af honum eyra\u00f0.<a name=\"48\"><span class=\"versanumer\">48<\/span><\/a>\u00de\u00e1 sag\u00f0i Jes\u00fas vi\u00f0 \u00fe\u00e1: Eru\u00f0 \u00fe\u00e9r a\u00f0 fara a\u00f0 m\u00e9r me\u00f0 sver\u00f0um og bareflum eins og gegn r\u00e6ningja til a\u00f0 handtaka mig?<a name=\"49\"><span class=\"versanumer\">49<\/span><\/a>Daglega var \u00e9g hj\u00e1 y\u00f0ur \u00ed helgid\u00f3minum og kenndi, og \u00fe\u00e9r t\u00f3ku\u00f0 mig ekki h\u00f6ndum. En ritningarnar hlj\u00f3ta a\u00f0 r\u00e6tast.<a name=\"50\"><span class=\"versanumer\">50<\/span><\/a>\u00de\u00e1 yfirg\u00e1fu hann allir l\u00e6risveinar hans og fl\u00fd\u00f0u.<a name=\"51\"><span class=\"versanumer\">51<\/span><\/a>En ma\u00f0ur nokkur ungur fylgdist me\u00f0 honum. Hann haf\u00f0i l\u00ednkl\u00e6\u00f0i eitt \u00e1 berum s\u00e9r. \u00deeir vildu taka hann,<a name=\"52\"><span class=\"versanumer\">52<\/span><\/a>en hann l\u00e9t eftir l\u00ednkl\u00e6\u00f0i\u00f0 og fl\u00fd\u00f0i nakinn.<a name=\"53\"><span class=\"versanumer\">53<\/span><\/a>N\u00fa f\u00e6r\u00f0u \u00feeir Jes\u00fa til \u00e6\u00f0sta prestsins. \u00dear komu saman allir \u00e6\u00f0stu prestarnir, \u00f6ldungarnir og fr\u00e6\u00f0imennirnir.<a name=\"54\"><span class=\"versanumer\">54<\/span><\/a>P\u00e9tur fylgdi honum \u00e1lengdar, allt inn \u00ed gar\u00f0 \u00e6\u00f0sta prestsins. \u00dear sat hann hj\u00e1 \u00fej\u00f3nunum og vermdi sig vi\u00f0 eldinn.<a name=\"55\"><span class=\"versanumer\">55<\/span><\/a>\u00c6\u00f0stu prestarnir og allt r\u00e1\u00f0i\u00f0 leitu\u00f0u vitnis gegn Jes\u00fa til a\u00f0 geta l\u00edfl\u00e1ti\u00f0 hann, en fundu eigi.<a name=\"56\"><span class=\"versanumer\">56<\/span><\/a>Margir b\u00e1ru \u00fe\u00f3 lj\u00fagvitni gegn honum, en frambur\u00f0i \u00feeirra bar ekki saman.<a name=\"57\"><span class=\"versanumer\">57<\/span><\/a>\u00de\u00e1 st\u00f3\u00f0u nokkrir upp og b\u00e1ru lj\u00fagvitni gegn honum og s\u00f6g\u00f0u:<a name=\"58\"><span class=\"versanumer\">58<\/span><\/a>V\u00e9r heyr\u00f0um hann segja: \u00c9g mun brj\u00f3ta ni\u00f0ur musteri \u00feetta, sem me\u00f0 h\u00f6ndum er gj\u00f6rt, og reisa anna\u00f0 \u00e1 \u00ferem d\u00f6gum, sem ekki er me\u00f0 h\u00f6ndum gj\u00f6rt.<a name=\"59\"><span class=\"versanumer\">59<\/span><\/a>En ekki bar \u00feeim heldur saman um \u00feetta.<a name=\"60\"><span class=\"versanumer\">60<\/span><\/a>\u00de\u00e1 st\u00f3\u00f0 \u00e6\u00f0sti presturinn upp og spur\u00f0i Jes\u00fa: Svarar \u00fe\u00fa \u00fev\u00ed engu, sem \u00feessir vitna gegn \u00fe\u00e9r?<a name=\"61\"><span class=\"versanumer\">61<\/span><\/a>En hann \u00feag\u00f0i og svara\u00f0i engu. Enn spur\u00f0i \u00e6\u00f0sti presturinn hann: Ertu Kristur, sonur hins blessa\u00f0a?<a name=\"62\"><span class=\"versanumer\">62<\/span><\/a>Jes\u00fas sag\u00f0i: \u00c9g er s\u00e1, og \u00fe\u00e9r munu\u00f0 sj\u00e1 Mannssoninn sitja til h\u00e6gri handar m\u00e1ttarins og koma \u00ed sk\u00fdjum himins.<a name=\"63\"><span class=\"versanumer\">63<\/span><\/a>\u00de\u00e1 reif \u00e6\u00f0sti presturinn kl\u00e6\u00f0i s\u00edn og sag\u00f0i: Hva\u00f0 \u00feurfum v\u00e9r n\u00fa framar votta vi\u00f0?<a name=\"64\"><span class=\"versanumer\">64<\/span><\/a>\u00de\u00e9r heyr\u00f0u\u00f0 gu\u00f0lasti\u00f0. Hva\u00f0 l\u00edst y\u00f0ur? Og \u00feeir d\u00e6mdu hann allir sekan og dau\u00f0a ver\u00f0an.<a name=\"65\"><span class=\"versanumer\">65<\/span><\/a>\u00de\u00e1 t\u00f3ku sumir a\u00f0 hr\u00e6kja \u00e1 hann, \u00feeir huldu andlit hans, sl\u00f3gu hann me\u00f0 hnefunum og s\u00f6g\u00f0u vi\u00f0 hann: Sp\u00e1\u00f0u! Eins b\u00f6r\u00f0u \u00fej\u00f3narnir hann.<a name=\"66\"><span class=\"versanumer\">66<\/span><\/a>P\u00e9tur var ni\u00f0ri \u00ed gar\u00f0inum. \u00dear kom ein af \u00feernum \u00e6\u00f0sta prestsins<a name=\"67\"><span class=\"versanumer\">67<\/span><\/a>og s\u00e1, hvar P\u00e9tur var a\u00f0 orna s\u00e9r. H\u00fan horfir \u00e1 hann og segir: \u00de\u00fa varst l\u00edka me\u00f0 manninum fr\u00e1 Nasaret, \u00feessum Jes\u00fa.<a name=\"68\"><span class=\"versanumer\">68<\/span><\/a>\u00dev\u00ed neita\u00f0i hann og sag\u00f0i: Ekki veit \u00e9g n\u00e9 skil, hva\u00f0 \u00fe\u00fa ert a\u00f0 fara. Og hann gekk \u00fat \u00ed forgar\u00f0inn,  en \u00fe\u00e1 g\u00f3l hani.<a name=\"69\"><span class=\"versanumer\">69<\/span><\/a>\u00dear s\u00e1 \u00feernan hann og f\u00f3r enn a\u00f0 segja vi\u00f0 \u00fe\u00e1, sem hj\u00e1 st\u00f3\u00f0u: \u00deessi er einn af \u00feeim.<a name=\"70\"><span class=\"versanumer\">70<\/span><\/a>En hann neita\u00f0i sem \u00e1\u00f0ur. Litlu s\u00ed\u00f0ar s\u00f6g\u00f0u \u00feeir, er hj\u00e1 st\u00f3\u00f0u enn vi\u00f0 P\u00e9tur: V\u00edst ertu einn af \u00feeim, enda ertu Gal\u00edleuma\u00f0ur.<a name=\"71\"><span class=\"versanumer\">71<\/span><\/a>En hann s\u00f3r og s\u00e1rt vi\u00f0 lag\u00f0i: \u00c9g \u00feekki ekki \u00feennan mann, sem \u00fe\u00e9r tali\u00f0 um.<a name=\"72\"><span class=\"versanumer\">72<\/span><\/a>Um lei\u00f0 g\u00f3l hani anna\u00f0 sinn, og P\u00e9tur minntist \u00feess, er Jes\u00fas haf\u00f0i m\u00e6lt vi\u00f0 hann: \u00c1\u00f0ur en hani galar tvisvar muntu \u00ferisvar afneita m\u00e9r. \u00de\u00e1 f\u00f3r hann a\u00f0 gr\u00e1ta.<\/p>\n<div class=\"footnote1981\"><b>14.1-2<\/b> Hlst. Matt 26.1-5; L\u00fak 22.1-2; J\u00f3h 11.45-53<br \/>\n<b>14.1<\/b> P\u00e1skar 2M\u00f3s 12.1-20; 5M\u00f3s 16.1-8 \u2013 r\u00e1\u00f0agj\u00f6r\u00f0ir gegn Jes\u00fa Matt 12.14+<br \/>\n<b>14.3-9<\/b> Hlst. Matt 26.6-13; J\u00f3h 12.1-8<br \/>\n<b>14.3<\/b> Betan\u00eda Matt 21.17+ ; kona sbr L\u00fak 7.36-38<br \/>\n<b>14.7<\/b> F\u00e1t\u00e6kir 5M\u00f3s 15.11<br \/>\n<b>14.8<\/b> Smurning til greftrunar Mrk 16.1; J\u00f3h 19.40<br \/>\n<b>14.9<\/b> Fagna\u00f0arerindi\u00f0 Mrk 1.1+ &#8211; um heim allan Matt 24.14; R\u00f3m 10.8<br \/>\n<b>14.10-11<\/b> Hlst. Matt 26.14-16; L\u00fak 22.3-6<br \/>\n<b>14.10<\/b> J\u00fadas \u00cdskar\u00edot Matt 10.4+ &#8211; hinir t\u00f3lf Matt 10.2+ &#8211; framselja Matt 26.2+<br \/>\n<b>14.12-25<\/b> Hlst. Matt 26.17-29; L\u00fak 22.7-23; J\u00f3h 13.21-30; 1Kor 11.23-25<br \/>\n<b>14.12<\/b> P\u00e1skalambi\u00f0 2M\u00f3s 12.6,14-20<br \/>\n<b>14.18<\/b> Einn sem me\u00f0 m\u00e9r etur Slm 41.10; J\u00f3h 13.18<br \/>\n<b>14.21<\/b> Mannssonurinn Matt 8.20+<br \/>\n<b>14.22<\/b> Brau\u00f0 Matt 14.19 og hlst.; 15.36; Mrk 8.6<br \/>\n<b>14.23<\/b> Kaleikur 1Kor 10.16<br \/>\n<b>14.24<\/b> Bl\u00f3\u00f0 s\u00e1ttm\u00e1lans 2M\u00f3s 24.8; Sak 9.11; Heb 9.20 \u2013 fyrir marga Mrk 10.45+<br \/>\n<b>14.25<\/b> \u00cd Gu\u00f0s r\u00edki Jes 25.6; L\u00fak 13.29<br \/>\n<b>14.26-31<\/b> Hlst. Matt 26.30-35; L\u00fak 22.31-34; J\u00f3h 13.36-38<br \/>\n<b>14.26<\/b> Lofs\u00f6ngurinn Slm 115-118<br \/>\n<b>14.27<\/b> Hafna Matt 5.29+ &#8211; rita\u00f0 er Sak 13.7; sbr Matt 26.56; Mrk 14.50<br \/>\n<b>14.28<\/b> Til Gal\u00edleu Matt 26.32; 28.7,10,16; Mrk 16.7; J\u00f3h 21; sbr Mrk 1.14<br \/>\n<b>14.31<\/b> Deyja me\u00f0 Jes\u00fa J\u00f3h 11.16<br \/>\n<b>14.32-42<\/b> Hlst. Matt 26.36-46; L\u00fak 22.39-46<br \/>\n<b>14.32<\/b> Getsemane sbr J\u00f3h 18.1<br \/>\n<b>14.33<\/b> P\u00e9tur, Jakob og J\u00f3hannes Matt 17.1+ og hlst.; Mrk 1.29<br \/>\n<b>14.34<\/b> Hrygg\u00f0 Slm 42.6,12; 43.5; J\u00f3h 12.27 \u2013 allt til dau\u00f0a J\u00f3n 4.9<br \/>\n<b>14.35<\/b> S\u00fa stund J\u00f3h 12.27; 13.1; 17.1<br \/>\n<b>14.36<\/b> Abba, fa\u00f0ir R\u00f3m 8.15; Gal 4.6; sbr L\u00fak 11.2 \u2013 \u00feessi kaleikur Matt 20.22+ ; Mrk 10.38 \u2013 sem \u00fe\u00fa vilt Matt 6.10+ ; J\u00f3h 5.30; 6.38<br \/>\n<b>14.38<\/b> Freistni Matt 6.13; L\u00fak 11.4<br \/>\n<b>14.43-52<\/b> Hlst. Matt 26.47-56; L\u00fak 22.47-53; J\u00f3h 18.3-12<br \/>\n<b>14.43<\/b> J\u00fadas Matt 10.4+ ; Mrk 14.10 \u2013 \u00e6\u00f0stu prestar, fr\u00e6\u00f0imenn og \u00f6ldungar Mrk 11.27+<br \/>\n<b>14.45<\/b> Meistari Mrk 9.5+<br \/>\n<b>14.47<\/b> Snei\u00f0 af eyra\u00f0 J\u00f3h 18.26<br \/>\n<b>14.49<\/b> Kenndi daglega L\u00fak 19.47; 21.37; J\u00f3h 18.20<br \/>\n<b>14.50<\/b> Fl\u00fd\u00f0u Sak 13.7; Mrk 14.27 og hlst.; J\u00f3h 16.2<br \/>\n<b>14.53-65<\/b> Hlst. Matt 26.57-68; L\u00fak 22.54-55,63-71; J\u00f3h 18.13-14,19-24<br \/>\n<b>14.53<\/b> \u00c6\u00f0stu prestar Mrk 11.27+<br \/>\n<b>14.58<\/b> Brj\u00f3ta ni\u00f0ur musteri\u00f0 Matt 24.2-3; Mrk 15.29 og hlst.; J\u00f3h 2.19; Post 6.14 \u2013 ekki me\u00f0 h\u00f6ndum gert Post 7.48-50; 17.24<br \/>\n<b>14.61<\/b> Hann \u00feag\u00f0i Mrk 15.4-5 og hlst.; sbr Jes 50.6-8; 53.7; Post 8.32 \u2013 sonur Gu\u00f0s Matt 14.33+ ; Mrk 5.7; L\u00fak 8.28<br \/>\n<b>14.62<\/b> Mannssonurinn Matt 8.20+ &#8211; til h\u00e6gri handar Slm 110.1; Matt 22.4+ &#8211; \u00ed sk\u00fdjum Matt 24.30+ ; Mrk 13.26; L\u00fak 21.27; 1\u00deess 4.17; Opb 1.7; 14.14<br \/>\n<b>14.63<\/b> Reif kl\u00e6\u00f0i s\u00edn Matt 26.65+<br \/>\n<b>14.64<\/b> Gu\u00f0last Matt 9.3+ &#8211; dau\u00f0a ver\u00f0ur 3M\u00f3s 24.16; J\u00f3h 19.7<br \/>\n<b>14.65<\/b> Hr\u00e6kja Jes 50.6<br \/>\n<b>14.66-72<\/b> Hlst. Matt 26.6-75; L\u00fak 22.56-62; J\u00f3h 18.15-18,25-27<br \/>\n<b>14.72<\/b> Sbr Mrk 14.30 og hlst.; J\u00f3h 13.38<\/div>\n","protected":false},"excerpt":{"rendered":"<p>1N\u00fa voru tveir dagar til p\u00e1ska og h\u00e1t\u00ed\u00f0ar \u00f3s\u00fdr\u00f0u brau\u00f0anna. Og \u00e6\u00f0stu prestarnir og fr\u00e6\u00f0imennirnir leitu\u00f0u fyrir s\u00e9r, hvernig \u00feeir g\u00e6tu handsama\u00f0 Jes\u00fa me\u00f0 svikum og teki\u00f0 hann af l\u00edfi.2En \u00feeir s\u00f6g\u00f0u: Ekki \u00e1 h\u00e1t\u00ed\u00f0inni, \u00fe\u00e1 g\u00e6ti or\u00f0i\u00f0 upp\u00feot me\u00f0 l\u00fd\u00f0num.3Hann var \u00ed Betan\u00edu, \u00ed h\u00fasi S\u00edmonar l\u00edk\u00fer\u00e1a, og sat a\u00f0 bor\u00f0i. \u00de\u00e1 kom \u00fear kona og haf\u00f0i alabastursbu\u00f0k me\u00f0 \u00f3mengu\u00f0um, d\u00fdrum nardussmyrslum. H\u00fan braut bu\u00f0kinn og hellti yfir h\u00f6fu\u00f0 honum.4En \u00fear voru nokkrir, er gramdist \u00feetta, og \u00feeir s\u00f6g\u00f0u s\u00edn \u00e1 milli: Til hvers er \u00feessi s\u00f3un \u00e1 smyrslum?5\u00deessi smyrsl hef\u00f0i m\u00e1tt selja fyrir meira en \u00ferj\u00fa hundru\u00f0 denara <a href=\"https:\/\/biblian.is\/1981\/markusargudspjall-14-kafli\/\"> [&#8230;]<\/a><\/p>\n","protected":false},"author":1,"featured_media":0,"parent":0,"menu_order":0,"comment_status":"open","ping_status":"open","template":"bibliukaflar.php","meta":{"footnotes":""},"class_list":["post-2318","page","type-page","status-publish","hentry"],"_links":{"self":[{"href":"https:\/\/biblian.is\/1981\/wp-json\/wp\/v2\/pages\/2318","targetHints":{"allow":["GET"]}}],"collection":[{"href":"https:\/\/biblian.is\/1981\/wp-json\/wp\/v2\/pages"}],"about":[{"href":"https:\/\/biblian.is\/1981\/wp-json\/wp\/v2\/types\/page"}],"author":[{"embeddable":true,"href":"https:\/\/biblian.is\/1981\/wp-json\/wp\/v2\/users\/1"}],"replies":[{"embeddable":true,"href":"https:\/\/biblian.is\/1981\/wp-json\/wp\/v2\/comments?post=2318"}],"version-history":[{"count":0,"href":"https:\/\/biblian.is\/1981\/wp-json\/wp\/v2\/pages\/2318\/revisions"}],"wp:attachment":[{"href":"https:\/\/biblian.is\/1981\/wp-json\/wp\/v2\/media?parent=2318"}],"curies":[{"name":"wp","href":"https:\/\/api.w.org\/{rel}","templated":true}]}}