{"id":2317,"date":"2017-11-18T20:21:17","date_gmt":"2017-11-18T20:21:17","guid":{"rendered":"http:\/\/biblian.is\/1981\/markusargudspjall-13-kafli\/"},"modified":"2021-06-06T11:03:48","modified_gmt":"2021-06-06T11:03:48","slug":"markusargudspjall-13-kafli","status":"publish","type":"page","link":"https:\/\/biblian.is\/1981\/markusargudspjall-13-kafli\/","title":{"rendered":"Mark\u00fasargu\u00f0spjall 13. kafli"},"content":{"rendered":"<p><a name=\"1\"><span class=\"versanumer\">1<\/span><\/a>\u00deegar Jes\u00fas gekk \u00fat \u00far helgid\u00f3minum, segir einn l\u00e6risveina hans vi\u00f0 hann: Meistari, l\u00edt \u00e1, hv\u00edl\u00edkir steinar, hv\u00edl\u00edkar byggingar!<a name=\"2\"><span class=\"versanumer\">2<\/span><\/a>Jes\u00fas svara\u00f0i honum: S\u00e9r\u00f0u \u00feessar miklu byggingar? Ekki mun eftir l\u00e1tinn steinn yfir steini, er eigi s\u00e9 ni\u00f0ur brotinn.<a name=\"3\"><span class=\"versanumer\">3<\/span><\/a>\u00de\u00e1 er hann sat \u00e1 Ol\u00edufjallinu gegnt helgid\u00f3minum, spur\u00f0u hann einslega \u00feeir P\u00e9tur, Jakob, J\u00f3hannes og Andr\u00e9s:<a name=\"4\"><span class=\"versanumer\">4<\/span><\/a>Seg \u00fe\u00fa oss, hven\u00e6r ver\u00f0ur \u00feetta? Og hvert mun t\u00e1kn \u00feess, a\u00f0 allt \u00feetta s\u00e9 a\u00f0 koma fram?<a name=\"5\"><span class=\"versanumer\">5<\/span><\/a>En Jes\u00fas t\u00f3k a\u00f0 segja \u00feeim: Varist a\u00f0 l\u00e1ta nokkurn lei\u00f0a y\u00f0ur \u00ed villu.<a name=\"6\"><span class=\"versanumer\">6<\/span><\/a>Margir munu koma \u00ed m\u00ednu nafni og segja: \u00dea\u00f0 er \u00e9g! og marga munu \u00feeir lei\u00f0a \u00ed villu.<a name=\"7\"><span class=\"versanumer\">7<\/span><\/a>En \u00feegar \u00fe\u00e9r spyrji\u00f0 herna\u00f0 og \u00f3fri\u00f0art\u00ed\u00f0indi, \u00fe\u00e1 skelfist ekki. \u00deetta \u00e1 a\u00f0 ver\u00f0a, en endirinn er ekki \u00fear me\u00f0 kominn.<a name=\"8\"><span class=\"versanumer\">8<\/span><\/a>\u00dej\u00f3\u00f0 mun r\u00edsa gegn \u00fej\u00f3\u00f0 og r\u00edki gegn r\u00edki, \u00fe\u00e1 ver\u00f0a landskj\u00e1lftar \u00e1 \u00fdmsum st\u00f6\u00f0um og hungur. \u00deetta er upphaf f\u00e6\u00f0ingarhr\u00ed\u00f0anna.<a name=\"9\"><span class=\"versanumer\">9<\/span><\/a>G\u00e6ti\u00f0 a\u00f0 sj\u00e1lfum y\u00f0ur. Menn munu draga y\u00f0ur fyrir d\u00f3mst\u00f3la, \u00ed samkundum ver\u00f0i\u00f0 \u00fe\u00e9r h\u00fa\u00f0str\u00fdktir, og \u00fe\u00e9r munu\u00f0 leiddir fyrir landsh\u00f6f\u00f0ingja og konunga m\u00edn vegna, \u00feeim til vitnisbur\u00f0ar.<a name=\"10\"><span class=\"versanumer\">10<\/span><\/a>En fyrst \u00e1 a\u00f0 pr\u00e9dika \u00f6llum \u00fej\u00f3\u00f0um fagna\u00f0arerindi\u00f0.<a name=\"11\"><span class=\"versanumer\">11<\/span><\/a>\u00deegar menn taka y\u00f0ur og draga fyrir r\u00e9tt, hafi\u00f0 \u00fe\u00e1 ekki fyrirfram \u00e1hyggjur af \u00fev\u00ed, hva\u00f0 \u00fe\u00e9r eigi\u00f0 a\u00f0 segja, heldur tali\u00f0 \u00fea\u00f0, sem y\u00f0ur ver\u00f0ur gefi\u00f0 \u00e1 \u00feeirri stundu. \u00de\u00e9r eru\u00f0 ekki \u00feeir sem tala, heldur heilagur andi.<a name=\"12\"><span class=\"versanumer\">12<\/span><\/a>\u00de\u00e1 mun br\u00f3\u00f0ir selja br\u00f3\u00f0ur \u00ed dau\u00f0a og fa\u00f0ir barn sitt. B\u00f6rn munu r\u00edsa gegn foreldrum og valda \u00feeim dau\u00f0a.<a name=\"13\"><span class=\"versanumer\">13<\/span><\/a>Og \u00fe\u00e9r munu\u00f0 hata\u00f0ir af \u00f6llum vegna nafns m\u00edns. En s\u00e1 sem sta\u00f0fastur er allt til enda, mun h\u00f3lpinn ver\u00f0a.<a name=\"14\"><span class=\"versanumer\">14<\/span><\/a>En \u00feegar \u00fe\u00e9r sj\u00e1i\u00f0 vi\u00f0urstygg\u00f0 ey\u00f0ingarinnar standa \u00fear, er ekki skyldi lesandinn athugi \u00fea\u00f0 \u00fe\u00e1 fl\u00fdi \u00feeir, sem \u00ed J\u00fadeu eru, til fjalla.<a name=\"15\"><span class=\"versanumer\">15<\/span><\/a>S\u00e1 sem er uppi \u00e1 \u00feaki, fari ekki ofan og inn \u00ed h\u00fasi\u00f0 a\u00f0 s\u00e6kja neitt.<a name=\"16\"><span class=\"versanumer\">16<\/span><\/a>Og s\u00e1 sem er \u00e1 akri, skal ekki hverfa aftur a\u00f0 taka yfirh\u00f6fn s\u00edna.<a name=\"17\"><span class=\"versanumer\">17<\/span><\/a>Vei \u00feeim sem \u00feunga\u00f0ar eru e\u00f0a b\u00f6rn hafa \u00e1 brj\u00f3sti \u00e1 \u00feeim d\u00f6gum.<a name=\"18\"><span class=\"versanumer\">18<\/span><\/a>Bi\u00f0ji\u00f0, a\u00f0 \u00fea\u00f0 ver\u00f0i ekki um vetur.<a name=\"19\"><span class=\"versanumer\">19<\/span><\/a>\u00c1 \u00feeim d\u00f6gum ver\u00f0ur s\u00fa \u00ferenging, sem engin hefur \u00fev\u00edl\u00edk veri\u00f0 fr\u00e1 upphafi sk\u00f6punar, er Gu\u00f0 skapa\u00f0i, allt til \u00feessa, og mun aldrei ver\u00f0a.<a name=\"20\"><span class=\"versanumer\">20<\/span><\/a>Ef Drottinn hef\u00f0i ekki stytt \u00feessa daga, k\u00e6mist enginn ma\u00f0ur af. En hann hefur stytt \u00fe\u00e1 vegna \u00feeirra, sem hann hefur \u00fatvali\u00f0.<a name=\"21\"><span class=\"versanumer\">21<\/span><\/a>Og ef einhver segir \u00fe\u00e1 vi\u00f0 y\u00f0ur: H\u00e9r er Kristur, e\u00f0a: \u00dear, \u00fe\u00e1 tr\u00fai\u00f0 \u00fev\u00ed ekki.<a name=\"22\"><span class=\"versanumer\">22<\/span><\/a>\u00dev\u00ed a\u00f0 fram munu koma falskristar og falssp\u00e1menn, og \u00feeir munu gj\u00f6ra t\u00e1kn og undur til a\u00f0 lei\u00f0a afvega hina \u00fatv\u00f6ldu ef or\u00f0i\u00f0 g\u00e6ti.<a name=\"23\"><span class=\"versanumer\">23<\/span><\/a>Veri\u00f0 varir um y\u00f0ur. \u00c9g hef sagt y\u00f0ur allt fyrir.<a name=\"24\"><span class=\"versanumer\">24<\/span><\/a>En \u00e1 \u00feeim d\u00f6gum, eftir \u00ferenging \u00feessa, mun s\u00f3lin sortna og tungli\u00f0 h\u00e6tta a\u00f0 sk\u00edna.<a name=\"25\"><span class=\"versanumer\">25<\/span><\/a>Stj\u00f6rnurnar munu hrapa af himni og kraftar himnanna bifast.<a name=\"26\"><span class=\"versanumer\">26<\/span><\/a>\u00de\u00e1 munu menn sj\u00e1 Mannssoninn koma \u00ed sk\u00fdjum me\u00f0 miklum m\u00e6tti og d\u00fdr\u00f0.<a name=\"27\"><span class=\"versanumer\">27<\/span><\/a>Og hann mun senda \u00fat englana og safna s\u00ednum \u00fatv\u00f6ldu \u00far \u00e1ttunum fj\u00f3rum, fr\u00e1 skautum jar\u00f0ar til himinskauta.<a name=\"28\"><span class=\"versanumer\">28<\/span><\/a>Nemi\u00f0 l\u00edkingu af f\u00edkjutr\u00e9nu. \u00deegar greinar \u00feess fara a\u00f0 m\u00fdkjast og laufi\u00f0 a\u00f0 springa \u00fat, \u00fe\u00e1 viti\u00f0 \u00fe\u00e9r, a\u00f0 sumar er \u00ed n\u00e1nd.<a name=\"29\"><span class=\"versanumer\">29<\/span><\/a>Eins skulu\u00f0 \u00fe\u00e9r vita, \u00feegar \u00fe\u00e9r sj\u00e1i\u00f0 \u00feetta ver\u00f0a, a\u00f0 hann er \u00ed n\u00e1nd, fyrir dyrum.<a name=\"30\"><span class=\"versanumer\">30<\/span><\/a>Sannlega segi \u00e9g y\u00f0ur: \u00deessi kynsl\u00f3\u00f0 mun ekki l\u00ed\u00f0a undir lok, uns allt \u00feetta er komi\u00f0 fram.<a name=\"31\"><span class=\"versanumer\">31<\/span><\/a>Himinn og j\u00f6r\u00f0 munu l\u00ed\u00f0a undir lok, en or\u00f0 m\u00edn munu aldrei undir lok l\u00ed\u00f0a.<a name=\"32\"><span class=\"versanumer\">32<\/span><\/a>En \u00feann dag e\u00f0a stund veit enginn, hvorki englar \u00e1 himni n\u00e9 sonurinn, enginn nema fa\u00f0irinn.<a name=\"33\"><span class=\"versanumer\">33<\/span><\/a>Veri\u00f0 varir um y\u00f0ur, vaki\u00f0! \u00de\u00e9r viti\u00f0 ekki, n\u00e6r t\u00edminn er kominn.<a name=\"34\"><span class=\"versanumer\">34<\/span><\/a>Svo er \u00feetta sem ma\u00f0ur fari \u00far landi, skilji vi\u00f0 h\u00fas sitt og feli \u00fej\u00f3num s\u00ednum umr\u00e1\u00f0in, hverjum sitt verk. Dyraver\u00f0inum b\u00fd\u00f0ur hann a\u00f0 vaka.<a name=\"35\"><span class=\"versanumer\">35<\/span><\/a>Vaki\u00f0 \u00fev\u00ed, \u00fe\u00e9r viti\u00f0 ekki, n\u00e6r h\u00fasb\u00f3ndinn kemur, a\u00f0 kveldi, \u00e1 mi\u00f0n\u00e6tti, \u00ed \u00f3ttu e\u00f0a d\u00f6gun.<a name=\"36\"><span class=\"versanumer\">36<\/span><\/a>L\u00e1ti\u00f0 hann ekki finna y\u00f0ur sofandi, \u00feegar hann kemur allt \u00ed einu.<a name=\"37\"><span class=\"versanumer\">37<\/span><\/a>\u00dea\u00f0 sem \u00e9g segi y\u00f0ur, \u00fea\u00f0 segi \u00e9g \u00f6llum: Vaki\u00f0!<\/p>\n<div class=\"footnote1981\"><b>13.1-23<\/b> Hlst. Matt 24.1-28; L\u00fak 21.5-24<br \/>\n<b>13.2<\/b> Ekki stein yfir steini L\u00fak 19.44<br \/>\n<b>13.3<\/b> Ol\u00edfjalli\u00f0 Mrk 11.1 og hlst.+ &#8211; P\u00e9tur, Jakob og J\u00f3hannes Matt 17.1+ &#8211; Andr\u00e9s Matt 4.18+<br \/>\n<b>13.5<\/b> Varist villukennendur Matt 24.4+<br \/>\n<b>13.6<\/b> \u00cd m\u00ednu nafni J\u00f3h 5.43<br \/>\n<b>13.7<\/b> \u00deetta \u00e1 a\u00f0 ver\u00f0a Dan 2.28<br \/>\n<b>13.8<\/b> \u00dej\u00f3\u00f0 gegn \u00fej\u00f3\u00f0 Jes 19.2-6,17; 2Kro 15.6 \u2013 f\u00e6\u00f0ingarhr\u00ed\u00f0ir Matt 24.8<br \/>\n<b>13.9<\/b> Draga fyrir d\u00f3mst\u00f3la Matt 10.17 \u2013 bera vitni Matt 10.18; 24.14; Mrk 1.44; 6.11<br \/>\n<b>13.10<\/b> Fagna\u00f0arerindi\u00f0 Mrk 1.1+ &#8211; pr\u00e9dika Matt 3.1+ ; 24.14+ &#8211; \u00f6llum \u00fej\u00f3\u00f0um Matt 10.18; 28.19; L\u00fak 21.24; R\u00f3m 11.25<br \/>\n<b>13.11<\/b> Hafi\u00f0 ekki \u00e1hyggjur Matt 10.19; L\u00fak 12.11-12<br \/>\n<b>13.12<\/b> Sbr M\u00edk 7.6<br \/>\n<b>13.13<\/b> Hata\u00f0ir vegna Jes\u00fa Matt 10.22; 24.9; J\u00f3h 15.18-21; 16.2; 1P\u00e9t 4.14 \u2013 sta\u00f0fastur Matt 10.22<br \/>\n<b>13.14<\/b> Vi\u00f0urstygg\u00f0 ey\u00f0ingarinnar Dan 9.27; 11.31; 12.11; 1Makk 1.54; 6.7<br \/>\n<b>13.16<\/b> Ekki hverfa aftur L\u00fak 17.31<br \/>\n<b>13.17<\/b> Vei L\u00fak 23.29; sbr Matt 11.21+<br \/>\n<b>13.19<\/b> \u00derenging Matt 24.21+<br \/>\n<b>13.22<\/b> T\u00e1kn og undur 5M\u00f3s 13.2-4; 2\u00deess 2.9-10; 13.13-14<br \/>\n<b>13.24-27<\/b> Hlst. Matt 24.29-31; L\u00fak 21.25-28<br \/>\n<b>13.24-25<\/b> S\u00f3lin sortnar Jes 13.10; 34.4; Esk 32.7-8; Jl 2.10; 3.4; 4.15; Opb 6.12-14; 8.12<br \/>\n<b>13.26<\/b> Mannssonurinn Matt 8.20+ &#8211; koma hans Matt 10.23+ ; Mrk 8.38; Opb 1.7 \u2013 \u00ed sk\u00fdjum 3M\u00f3s 16.2; 4M\u00f3s 11.25; Matt 24.30+<br \/>\n<b>13.27<\/b> Himinskaut 5M\u00f3s 30.4; Neh 1.9; Esk 37.9; Sak 2.10<br \/>\n<b>13.28-31<\/b> Hlst. Matt 24.32-35; L\u00fak 21.29-33<br \/>\n<b>13.28<\/b> F\u00edkjutr\u00e9 Matt 21.19; Mrk 11.13<br \/>\n<b>13.31<\/b> En or\u00f0 m\u00edn Matt 5.18; L\u00fak 16.17<br \/>\n<b>13.32-37<\/b> Hlst. Matt 24.36-44<br \/>\n<b>13.32<\/b> S\u00e1 dagur e\u00f0a stund Post 1.7; 1\u00deess 5.1,2 \u2013 sonurinn, fa\u00f0irinn Matt 11.27; L\u00fak 10.22<br \/>\n<b>13.33<\/b> Vaki\u00f0 Matt 24.42+ ; 25.13<br \/>\n<b>13.34<\/b> Ma\u00f0ur fer \u00far landi Matt 25.14<br \/>\n<b>13.35-36<\/b> \u00d3v\u00e6nt heimkoma h\u00fasb\u00f3nda L\u00fak 12.36-38<br \/>\n<b>13.37<\/b> Vaki\u00f0 Matt 24.42+<\/div>\n","protected":false},"excerpt":{"rendered":"<p>1\u00deegar Jes\u00fas gekk \u00fat \u00far helgid\u00f3minum, segir einn l\u00e6risveina hans vi\u00f0 hann: Meistari, l\u00edt \u00e1, hv\u00edl\u00edkir steinar, hv\u00edl\u00edkar byggingar!2Jes\u00fas svara\u00f0i honum: S\u00e9r\u00f0u \u00feessar miklu byggingar? Ekki mun eftir l\u00e1tinn steinn yfir steini, er eigi s\u00e9 ni\u00f0ur brotinn.3\u00de\u00e1 er hann sat \u00e1 Ol\u00edufjallinu gegnt helgid\u00f3minum, spur\u00f0u hann einslega \u00feeir P\u00e9tur, Jakob, J\u00f3hannes og Andr\u00e9s:4Seg \u00fe\u00fa oss, hven\u00e6r ver\u00f0ur \u00feetta? Og hvert mun t\u00e1kn \u00feess, a\u00f0 allt \u00feetta s\u00e9 a\u00f0 koma fram?5En Jes\u00fas t\u00f3k a\u00f0 segja \u00feeim: Varist a\u00f0 l\u00e1ta nokkurn lei\u00f0a y\u00f0ur \u00ed villu.6Margir munu koma \u00ed m\u00ednu nafni og segja: \u00dea\u00f0 er \u00e9g! og marga munu \u00feeir lei\u00f0a \u00ed villu.7En <a href=\"https:\/\/biblian.is\/1981\/markusargudspjall-13-kafli\/\"> [&#8230;]<\/a><\/p>\n","protected":false},"author":1,"featured_media":0,"parent":0,"menu_order":0,"comment_status":"open","ping_status":"open","template":"bibliukaflar.php","meta":{"footnotes":""},"class_list":["post-2317","page","type-page","status-publish","hentry"],"_links":{"self":[{"href":"https:\/\/biblian.is\/1981\/wp-json\/wp\/v2\/pages\/2317","targetHints":{"allow":["GET"]}}],"collection":[{"href":"https:\/\/biblian.is\/1981\/wp-json\/wp\/v2\/pages"}],"about":[{"href":"https:\/\/biblian.is\/1981\/wp-json\/wp\/v2\/types\/page"}],"author":[{"embeddable":true,"href":"https:\/\/biblian.is\/1981\/wp-json\/wp\/v2\/users\/1"}],"replies":[{"embeddable":true,"href":"https:\/\/biblian.is\/1981\/wp-json\/wp\/v2\/comments?post=2317"}],"version-history":[{"count":0,"href":"https:\/\/biblian.is\/1981\/wp-json\/wp\/v2\/pages\/2317\/revisions"}],"wp:attachment":[{"href":"https:\/\/biblian.is\/1981\/wp-json\/wp\/v2\/media?parent=2317"}],"curies":[{"name":"wp","href":"https:\/\/api.w.org\/{rel}","templated":true}]}}