{"id":2316,"date":"2017-11-18T20:21:17","date_gmt":"2017-11-18T20:21:17","guid":{"rendered":"http:\/\/biblian.is\/1981\/markusargudspjall-12-kafli\/"},"modified":"2021-06-06T11:03:47","modified_gmt":"2021-06-06T11:03:47","slug":"markusargudspjall-12-kafli","status":"publish","type":"page","link":"https:\/\/biblian.is\/1981\/markusargudspjall-12-kafli\/","title":{"rendered":"Mark\u00fasargu\u00f0spjall 12. kafli"},"content":{"rendered":"<p><a name=\"1\"><span class=\"versanumer\">1<\/span><\/a>Og hann t\u00f3k a\u00f0 tala til \u00feeirra \u00ed d\u00e6mis\u00f6gum: Ma\u00f0ur planta\u00f0i v\u00edngar\u00f0. Hann hl\u00f3\u00f0 gar\u00f0 um hann, gr\u00f3f fyrir v\u00edn\u00fer\u00f6ng og reisti turn, seldi hann s\u00ed\u00f0an v\u00ednyrkjum \u00e1 leigu og f\u00f3r \u00far landi.<a name=\"2\"><span class=\"versanumer\">2<\/span><\/a>\u00c1 settum t\u00edma sendi hann \u00fej\u00f3n til v\u00ednyrkjanna a\u00f0 f\u00e1 hj\u00e1 \u00feeim hlut af \u00e1vexti v\u00edngar\u00f0sins.<a name=\"3\"><span class=\"versanumer\">3<\/span><\/a>En \u00feeir t\u00f3ku hann og b\u00f6r\u00f0u og sendu burt t\u00f3mhentan.<a name=\"4\"><span class=\"versanumer\">4<\/span><\/a>Aftur sendi hann til \u00feeirra annan \u00fej\u00f3n. Hann l\u00f6mdu \u00feeir \u00ed h\u00f6fu\u00f0i\u00f0 og sv\u00edvirtu.<a name=\"5\"><span class=\"versanumer\">5<\/span><\/a>Enn sendi hann annan, og hann dr\u00e1pu \u00feeir, og marga fleiri \u00fdmist b\u00f6r\u00f0u \u00feeir e\u00f0a dr\u00e1pu.<a name=\"6\"><span class=\"versanumer\">6<\/span><\/a>Einn \u00e1tti hann eftir enn, elska\u00f0an son. Hann sendi hann s\u00ed\u00f0astan til \u00feeirra og sag\u00f0i: \u00deeir munu vir\u00f0a son minn.<a name=\"7\"><span class=\"versanumer\">7<\/span><\/a>En v\u00ednyrkjar \u00feessir s\u00f6g\u00f0u s\u00edn \u00e1 milli: \u00deetta er erfinginn. F\u00f6rum og drepum hann, \u00fe\u00e1 f\u00e1um v\u00e9r arfinn.<a name=\"8\"><span class=\"versanumer\">8<\/span><\/a>Og \u00feeir t\u00f3ku hann og dr\u00e1pu og k\u00f6stu\u00f0u honum \u00fat fyrir v\u00edngar\u00f0inn.<a name=\"9\"><span class=\"versanumer\">9<\/span><\/a>Hva\u00f0 mun n\u00fa eigandi v\u00edngar\u00f0sins gj\u00f6ra? Hann mun koma, tort\u00edma v\u00ednyrkjunum og f\u00e1 \u00f6\u00f0rum v\u00edngar\u00f0inn.<a name=\"10\"><span class=\"versanumer\">10<\/span><\/a>Hafi\u00f0 \u00fe\u00e9r eigi lesi\u00f0 \u00feessa ritningu: S\u00e1 steinn, sem smi\u00f0irnir h\u00f6fnu\u00f0u, er or\u00f0inn hyrningarsteinn.<a name=\"11\"><span class=\"versanumer\">11<\/span><\/a>\u00deetta er verk Drottins, og undursamlegt er \u00fea\u00f0 \u00ed augum vorum.<a name=\"12\"><span class=\"versanumer\">12<\/span><\/a>\u00deeir vildu taka hann h\u00f6ndum, en \u00f3ttu\u00f0ust f\u00f3lki\u00f0. \u00deeir skildu, a\u00f0 hann \u00e1tti vi\u00f0 \u00fe\u00e1 me\u00f0 d\u00e6mis\u00f6gunni. Og \u00feeir yfirg\u00e1fu hann og gengu burt.<a name=\"13\"><span class=\"versanumer\">13<\/span><\/a>\u00de\u00e1 sendu \u00feeir til hans nokkra far\u00edsea og Her\u00f3desarsinna, og skyldu \u00feeir vei\u00f0a hann \u00ed or\u00f0um.<a name=\"14\"><span class=\"versanumer\">14<\/span><\/a>\u00deeir koma og segja vi\u00f0 hann: Meistari, v\u00e9r vitum, a\u00f0 \u00fe\u00fa ert sannor\u00f0ur og hir\u00f0ir ekki um \u00e1lit neins, enda gj\u00f6rir \u00fe\u00fa \u00fe\u00e9r engan mannamun, heldur kennir Gu\u00f0s veg \u00ed sannleika. Leyfist a\u00f0 gjalda keisaranum skatt e\u00f0a ekki? Eigum v\u00e9r a\u00f0 gjalda e\u00f0a ekki gjalda?<a name=\"15\"><span class=\"versanumer\">15<\/span><\/a>En hann s\u00e1 hr\u00e6sni \u00feeirra og sag\u00f0i vi\u00f0 \u00fe\u00e1: Hv\u00ed freisti\u00f0 \u00fe\u00e9r m\u00edn? F\u00e1i\u00f0 m\u00e9r denar, l\u00e1ti\u00f0 mig sj\u00e1.<a name=\"16\"><span class=\"versanumer\">16<\/span><\/a>\u00deeir fengu honum pening. Hann spyr: Hvers mynd og yfirskrift er \u00feetta? \u00deeir sv\u00f6ru\u00f0u: Keisarans.<a name=\"17\"><span class=\"versanumer\">17<\/span><\/a>En Jes\u00fas sag\u00f0i vi\u00f0 \u00fe\u00e1: Gjaldi\u00f0 keisaranum \u00fea\u00f0, sem keisarans er, og Gu\u00f0i \u00fea\u00f0, sem Gu\u00f0s er. Og \u00fe\u00e1 fur\u00f0a\u00f0i st\u00f3rlega \u00e1 honum.<a name=\"18\"><span class=\"versanumer\">18<\/span><\/a>Sadd\u00fakear komu til hans, en \u00feeir neita \u00fev\u00ed, a\u00f0 upprisa s\u00e9 til, og s\u00f6g\u00f0u vi\u00f0 hann:<a name=\"19\"><span class=\"versanumer\">19<\/span><\/a>Meistari, M\u00f3se segir oss \u00ed ritningunum, a\u00f0 deyi ma\u00f0ur barnlaus, en l\u00e1ti eftir sig konu, skuli br\u00f3\u00f0ir hans ganga a\u00f0 eiga ekkjuna og vekja honum ni\u00f0ja.<a name=\"20\"><span class=\"versanumer\">20<\/span><\/a>N\u00fa voru sj\u00f6 br\u00e6\u00f0ur. S\u00e1 fyrsti t\u00f3k s\u00e9r konu, en d\u00f3 barnlaus.<a name=\"21\"><span class=\"versanumer\">21<\/span><\/a>Annar br\u00f3\u00f0irinn gekk a\u00f0 eiga hana og d\u00f3 barnlaus. Eins hinn \u00feri\u00f0ji,<a name=\"22\"><span class=\"versanumer\">22<\/span><\/a>og allir sj\u00f6 ur\u00f0u barnlausir. S\u00ed\u00f0ast allra d\u00f3 konan.<a name=\"23\"><span class=\"versanumer\">23<\/span><\/a>\u00cd upprisunni, \u00feegar menn r\u00edsa upp, kona hvers \u00feeirra ver\u00f0ur h\u00fan \u00fe\u00e1? Allir sj\u00f6 h\u00f6f\u00f0u \u00e1tt hana.<a name=\"24\"><span class=\"versanumer\">24<\/span><\/a>Jes\u00fas svara\u00f0i \u00feeim: Er \u00fea\u00f0 ekki \u00feetta, sem veldur \u00fev\u00ed, a\u00f0 \u00fe\u00e9r villist: \u00de\u00e9r \u00feekki\u00f0 ekki ritningarnar n\u00e9 m\u00e1tt Gu\u00f0s?<a name=\"25\"><span class=\"versanumer\">25<\/span><\/a>\u00deegar menn r\u00edsa upp fr\u00e1 dau\u00f0um, kv\u00e6nast \u00feeir hvorki n\u00e9 giftast. \u00deeir eru sem englar \u00e1 himnum.<a name=\"26\"><span class=\"versanumer\">26<\/span><\/a>En um \u00fe\u00e1 dau\u00f0u, a\u00f0 \u00feeir r\u00edsa upp, hafi\u00f0 \u00fe\u00e9r ekki lesi\u00f0 \u00fea\u00f0 \u00ed b\u00f3k M\u00f3se, \u00ed s\u00f6gunni um \u00feyrnirunninn? Gu\u00f0 segir vi\u00f0 M\u00f3se: \u00c9g er Gu\u00f0 Abrahams, Gu\u00f0 \u00cdsaks og Gu\u00f0 Jakobs.<a name=\"27\"><span class=\"versanumer\">27<\/span><\/a>Ekki er hann Gu\u00f0 dau\u00f0ra heldur lifenda. \u00de\u00e9r villist st\u00f3rlega.<a name=\"28\"><span class=\"versanumer\">28<\/span><\/a>\u00de\u00e1 kom til hans fr\u00e6\u00f0ima\u00f0ur einn. Hann haf\u00f0i hl\u00fdtt \u00e1 or\u00f0askipti \u00feeirra og fann, a\u00f0 Jes\u00fas haf\u00f0i svara\u00f0 \u00feeim vel. Hann spur\u00f0i: Hvert er \u00e6\u00f0st allra bo\u00f0or\u00f0a?<a name=\"29\"><span class=\"versanumer\">29<\/span><\/a>Jes\u00fas svara\u00f0i: \u00c6\u00f0st er \u00feetta: Heyr, \u00cdsrael! Drottinn, Gu\u00f0 vor, hann einn er Drottinn.<a name=\"30\"><span class=\"versanumer\">30<\/span><\/a>Og \u00fe\u00fa skalt elska Drottin, Gu\u00f0 \u00feinn, af \u00f6llu hjarta \u00fe\u00ednu, allri s\u00e1lu \u00feinni, \u00f6llum huga \u00fe\u00ednum og \u00f6llum m\u00e6tti \u00fe\u00ednum.<a name=\"31\"><span class=\"versanumer\">31<\/span><\/a>Anna\u00f0 er \u00feetta: \u00de\u00fa skalt elska n\u00e1unga \u00feinn eins og sj\u00e1lfan \u00feig. Ekkert bo\u00f0or\u00f0 anna\u00f0 er \u00feessum meira.<a name=\"32\"><span class=\"versanumer\">32<\/span><\/a>Fr\u00e6\u00f0ima\u00f0urinn sag\u00f0i \u00fe\u00e1 vi\u00f0 hann: R\u00e9tt er \u00fea\u00f0, meistari, satt sag\u00f0ir \u00fe\u00fa, a\u00f0 einn er hann og enginn er annar en hann.<a name=\"33\"><span class=\"versanumer\">33<\/span><\/a>Og a\u00f0 elska hann af \u00f6llu hjarta, \u00f6llum skilningi og \u00f6llum m\u00e6tti og elska n\u00e1ungann eins og sj\u00e1lfan sig, \u00fea\u00f0 er \u00f6llum brennif\u00f3rnum og sl\u00e1turf\u00f3rnum meira.<a name=\"34\"><span class=\"versanumer\">34<\/span><\/a>Jes\u00fas s\u00e1, a\u00f0 hann svara\u00f0i viturlega, og sag\u00f0i vi\u00f0 hann: \u00de\u00fa ert ekki fjarri Gu\u00f0s r\u00edki. Og enginn \u00feor\u00f0i framar a\u00f0 spyrja hann.<a name=\"35\"><span class=\"versanumer\">35<\/span><\/a>\u00deegar Jes\u00fas var a\u00f0 kenna \u00ed helgid\u00f3minum, sag\u00f0i hann: Hvernig geta fr\u00e6\u00f0imennirnir sagt, a\u00f0 Kristur s\u00e9 sonur Dav\u00ed\u00f0s?<a name=\"36\"><span class=\"versanumer\">36<\/span><\/a>Sj\u00e1lfur m\u00e6lti Dav\u00ed\u00f0 af heil\u00f6gum anda: Drottinn sag\u00f0i vi\u00f0 minn drottin: Set \u00feig m\u00e9r til h\u00e6gri handar, \u00feanga\u00f0 til \u00e9g gj\u00f6ri \u00f3vini \u00fe\u00edna a\u00f0 f\u00f3tsk\u00f6r \u00feinni.<a name=\"37\"><span class=\"versanumer\">37<\/span><\/a>Dav\u00ed\u00f0 kallar hann sj\u00e1lfur drottin. Hvernig getur hann \u00fe\u00e1 veri\u00f0 sonur hans? Og hinn mikli mannfj\u00f6ldi hl\u00fdddi f\u00faslega \u00e1 hann.<a name=\"38\"><span class=\"versanumer\">38<\/span><\/a>\u00cd kenningu sinni sag\u00f0i hann: Varist fr\u00e6\u00f0imennina, sem f\u00fdsir a\u00f0 ganga \u00ed s\u00ed\u00f0skikkjum og l\u00e1ta heilsa s\u00e9r \u00e1 torgum,<a name=\"39\"><span class=\"versanumer\">39<\/span><\/a>vilja skipa \u00e6\u00f0sta bekk \u00ed samkundum og hef\u00f0ars\u00e6ti \u00ed veislum.<a name=\"40\"><span class=\"versanumer\">40<\/span><\/a>\u00deeir eta upp heimili ekkna og flytja langar b\u00e6nir a\u00f0 yfirskini. \u00deeir munu f\u00e1 \u00fev\u00ed \u00feyngri d\u00f3m.<a name=\"41\"><span class=\"versanumer\">41<\/span><\/a>Jes\u00fas settist gegnt fj\u00e1rhirslunni og horf\u00f0i \u00e1 f\u00f3lki\u00f0 leggja peninga \u00ed hana. Margir au\u00f0menn l\u00f6g\u00f0u \u00fear miki\u00f0.<a name=\"42\"><span class=\"versanumer\">42<\/span><\/a>\u00de\u00e1 kom ekkja ein f\u00e1t\u00e6k og l\u00e9t \u00fear tvo sm\u00e1peninga, eins eyris vir\u00f0i.<a name=\"43\"><span class=\"versanumer\">43<\/span><\/a>Og hann kalla\u00f0i til s\u00edn l\u00e6risveina s\u00edna og sag\u00f0i vi\u00f0 \u00fe\u00e1: Sannlega segi \u00e9g y\u00f0ur, \u00feessi f\u00e1t\u00e6ka ekkja gaf meira en allir hinir, er l\u00f6g\u00f0u \u00ed fj\u00e1rhirsluna.<a name=\"44\"><span class=\"versanumer\">44<\/span><\/a>Allir g\u00e1fu \u00feeir af allsn\u00e6gtum s\u00ednum, en h\u00fan gaf af skorti s\u00ednum allt sem h\u00fan \u00e1tti, alla bj\u00f6rg s\u00edna.<\/p>\n<div class=\"footnote1981\"><b>12.1-12<\/b> Hlst. Matt 21.33-46; L\u00fak 20.9-19<br \/>\n<b>12.1<\/b> V\u00edngar\u00f0ur Jes 5.1-2<br \/>\n<b>12.6<\/b> Hans elska\u00f0i sonur 1M\u00f3s 22.2; Mrk 1.11 og hlst.; 9.7 og hlst.; 2P\u00e9t 1.17<br \/>\n<b>12.8<\/b> \u00dat fyrir v\u00edngar\u00f0inn Matt 12.39+<br \/>\n<b>12.10-11<\/b> Sbr Slm 118.22-23<br \/>\n<b>12.10<\/b> Hyrningarsteinn Post 4.11; 1P\u00e9t 2.7<br \/>\n<b>12.12<\/b> \u00d3ttu\u00f0ust f\u00f3lki\u00f0 Matt 14.5+<br \/>\n<b>12.13-17<\/b> Hlst. Matt 22.15-22; L\u00fak 20.20-26<br \/>\n<b>12.13<\/b> Her\u00f3desarsinnar Mrk 3.6+ &#8211; vei\u00f0a \u00ed or\u00f0um Matt 16.1+ ; sbr Mrk 8.11; 10.2<br \/>\n<b>12.14<\/b> Gu\u00f0s vegur Matt 7.14; 11.10; 21.32; Mrk 1.2-3 og hlst.; L\u00fak 1.76; 7.27; J\u00f3h 1.23; Post 13.10; 16.17; R\u00f3m 3.17; 11.33; Heb 3.10; Opb 15.3<br \/>\n<b>12.17<\/b> Gjalda keisaranum R\u00f3m 13.7<br \/>\n<b>12.18-27<\/b> Hlst. Matt 22.23-33; L\u00fak 20.27-40<br \/>\n<b>12.18<\/b> Sadd\u00fakear Post 23.8<br \/>\n<b>12.19<\/b> M\u00e1gsskylda 1M\u00f3s 38.8; 5M\u00f3s 25.5-10<br \/>\n<b>12.26<\/b> \u00deyrnirunninn 2M\u00f3s 3.2 \u2013 Gu\u00f0 Abrahams 2M\u00f3s 3.6,15-16<br \/>\n<b>12.23-34<\/b> Hlst. Matt 22.34-40; L\u00fak 10.25-28<br \/>\n<b>12.29-30<\/b> Sbr 5M\u00f3s 6.4-5; J\u00f3s 22.5; L\u00fak 10.27<br \/>\n<b>12.31<\/b> Sbr 3M\u00f3s 19.18; R\u00f3m 13.9; Gal 5.14; Jak 2.8<br \/>\n<b>12.32<\/b> R\u00e9tt, meistari L\u00fak 20.39 \u2013 Gu\u00f0 er einn 5M\u00f3s 6.4 \u2013 enginn annar Gu\u00f0 5M\u00f3s 4.35; Jes 45.21<br \/>\n<b>12.33<\/b> Af \u00f6llu hjarta Mrk 12.30; 2Kon 23.25 \u2013 \u00f6llum f\u00f3rnum meira 1Sam 15.22; H\u00f3s 6.6<br \/>\n<b>12.34<\/b> Gu\u00f0s r\u00edki Matt 3.2+ ; 6.10+ &#8211; enginn \u00feor\u00f0i framar &#8230; Matt 22.46; L\u00fak 20.40<br \/>\n<b>12.35-37<\/b> Hlst. Matt 22.41-46; L\u00fak 20.41-44<br \/>\n<b>12.35<\/b> Sonur Dav\u00ed\u00f0s Matt 1.1+<br \/>\n<b>12.36<\/b> Sbr Slm 110.1; Matt 22.44+<br \/>\n<b>12.37<\/b> Hl\u00fdddu f\u00faslega L\u00fak 19.48; 21.38<br \/>\n<b>12.38-40<\/b> Hlst. Matt 23.1-36; L\u00fak 20.45-47<br \/>\n<b>12.41-44<\/b> Hlst. L\u00fak 21.1-4<br \/>\n<b>12.41<\/b> Fj\u00e1rhirsla musterisins J\u00f3h 8.20; sbr 2Kon 12.9<br \/>\n<b>12.44<\/b> Allt sem h\u00fan \u00e1tti 2Kor 8.12<\/div>\n","protected":false},"excerpt":{"rendered":"<p>1Og hann t\u00f3k a\u00f0 tala til \u00feeirra \u00ed d\u00e6mis\u00f6gum: Ma\u00f0ur planta\u00f0i v\u00edngar\u00f0. Hann hl\u00f3\u00f0 gar\u00f0 um hann, gr\u00f3f fyrir v\u00edn\u00fer\u00f6ng og reisti turn, seldi hann s\u00ed\u00f0an v\u00ednyrkjum \u00e1 leigu og f\u00f3r \u00far landi.2\u00c1 settum t\u00edma sendi hann \u00fej\u00f3n til v\u00ednyrkjanna a\u00f0 f\u00e1 hj\u00e1 \u00feeim hlut af \u00e1vexti v\u00edngar\u00f0sins.3En \u00feeir t\u00f3ku hann og b\u00f6r\u00f0u og sendu burt t\u00f3mhentan.4Aftur sendi hann til \u00feeirra annan \u00fej\u00f3n. Hann l\u00f6mdu \u00feeir \u00ed h\u00f6fu\u00f0i\u00f0 og sv\u00edvirtu.5Enn sendi hann annan, og hann dr\u00e1pu \u00feeir, og marga fleiri \u00fdmist b\u00f6r\u00f0u \u00feeir e\u00f0a dr\u00e1pu.6Einn \u00e1tti hann eftir enn, elska\u00f0an son. Hann sendi hann s\u00ed\u00f0astan til \u00feeirra og sag\u00f0i: \u00deeir <a href=\"https:\/\/biblian.is\/1981\/markusargudspjall-12-kafli\/\"> [&#8230;]<\/a><\/p>\n","protected":false},"author":1,"featured_media":0,"parent":0,"menu_order":0,"comment_status":"open","ping_status":"open","template":"bibliukaflar.php","meta":{"footnotes":""},"class_list":["post-2316","page","type-page","status-publish","hentry"],"_links":{"self":[{"href":"https:\/\/biblian.is\/1981\/wp-json\/wp\/v2\/pages\/2316","targetHints":{"allow":["GET"]}}],"collection":[{"href":"https:\/\/biblian.is\/1981\/wp-json\/wp\/v2\/pages"}],"about":[{"href":"https:\/\/biblian.is\/1981\/wp-json\/wp\/v2\/types\/page"}],"author":[{"embeddable":true,"href":"https:\/\/biblian.is\/1981\/wp-json\/wp\/v2\/users\/1"}],"replies":[{"embeddable":true,"href":"https:\/\/biblian.is\/1981\/wp-json\/wp\/v2\/comments?post=2316"}],"version-history":[{"count":0,"href":"https:\/\/biblian.is\/1981\/wp-json\/wp\/v2\/pages\/2316\/revisions"}],"wp:attachment":[{"href":"https:\/\/biblian.is\/1981\/wp-json\/wp\/v2\/media?parent=2316"}],"curies":[{"name":"wp","href":"https:\/\/api.w.org\/{rel}","templated":true}]}}