{"id":2315,"date":"2017-11-18T20:21:17","date_gmt":"2017-11-18T20:21:17","guid":{"rendered":"http:\/\/biblian.is\/1981\/markusargudspjall-11-kafli\/"},"modified":"2021-06-06T11:03:47","modified_gmt":"2021-06-06T11:03:47","slug":"markusargudspjall-11-kafli","status":"publish","type":"page","link":"https:\/\/biblian.is\/1981\/markusargudspjall-11-kafli\/","title":{"rendered":"Mark\u00fasargu\u00f0spjall 11. kafli"},"content":{"rendered":"<p><a name=\"1\"><span class=\"versanumer\">1<\/span><\/a>\u00deegar \u00feeir n\u00e1lgast Jer\u00fasalem og koma til Betfage og Betan\u00edu vi\u00f0 Ol\u00edufjalli\u00f0, sendir hann tvo l\u00e6risveina s\u00edna<a name=\"2\"><span class=\"versanumer\">2<\/span><\/a>og segir vi\u00f0 \u00fe\u00e1: Fari\u00f0 \u00ed \u00feorpi\u00f0 h\u00e9r framundan ykkur. Um lei\u00f0 og \u00fei\u00f0 komi\u00f0 \u00feanga\u00f0, munu\u00f0 \u00fei\u00f0 finna fola bundinn, sem enginn hefur enn komi\u00f0 \u00e1 bak. Leysi\u00f0 hann, og komi\u00f0 me\u00f0 hann.<a name=\"3\"><span class=\"versanumer\">3<\/span><\/a>Ef einhver spyr ykkur: Hvers vegna gj\u00f6ri\u00f0 \u00fei\u00f0 \u00feetta? \u00de\u00e1 svari\u00f0: Herrann \u00fearf hans vi\u00f0, hann sendir hann jafnskj\u00f3tt aftur hinga\u00f0.<a name=\"4\"><span class=\"versanumer\">4<\/span><\/a>\u00deeir f\u00f3ru og fundu folann bundinn vi\u00f0 dyr \u00fati \u00e1 str\u00e6tinu og leystu hann.<a name=\"5\"><span class=\"versanumer\">5<\/span><\/a>Nokkrir sem st\u00f3\u00f0u \u00fear, s\u00f6g\u00f0u vi\u00f0 \u00fe\u00e1: Hvers vegna eru\u00f0 \u00fei\u00f0 a\u00f0 leysa folann?<a name=\"6\"><span class=\"versanumer\">6<\/span><\/a>\u00deeir sv\u00f6ru\u00f0u eins og Jes\u00fas haf\u00f0i sagt, og \u00feeir l\u00e9tu \u00fe\u00e1 fara.<a name=\"7\"><span class=\"versanumer\">7<\/span><\/a>S\u00ed\u00f0an f\u00e6r\u00f0u \u00feeir Jes\u00fa folann og l\u00f6g\u00f0u \u00e1 hann kl\u00e6\u00f0i s\u00edn, en hann settist \u00e1 bak.<a name=\"8\"><span class=\"versanumer\">8<\/span><\/a>Og margir breiddu kl\u00e6\u00f0i s\u00edn \u00e1 veginn, en a\u00f0rir lim, sem \u00feeir h\u00f6f\u00f0u skori\u00f0 \u00e1 v\u00f6llunum.<a name=\"9\"><span class=\"versanumer\">9<\/span><\/a>\u00deeir sem \u00e1 undan f\u00f3ru og eftir fylgdu, hr\u00f3pu\u00f0u: H\u00f3sanna! Blessa\u00f0ur s\u00e9 s\u00e1 sem kemur, \u00ed nafni Drottins!<a name=\"10\"><span class=\"versanumer\">10<\/span><\/a>Blessa\u00f0 s\u00e9 hi\u00f0 komandi r\u00edki f\u00f6\u00f0ur vors Dav\u00ed\u00f0s! H\u00f3sanna \u00ed h\u00e6stum h\u00e6\u00f0um!<a name=\"11\"><span class=\"versanumer\">11<\/span><\/a>Hann f\u00f3r inn \u00ed Jer\u00fasalem og \u00ed helgid\u00f3minn. \u00dear leit hann yfir allt, en \u00fear sem komi\u00f0 var kv\u00f6ld, f\u00f3r hann til Betan\u00edu me\u00f0 \u00feeim t\u00f3lf.<a name=\"12\"><span class=\"versanumer\">12<\/span><\/a>\u00c1 lei\u00f0inni fr\u00e1 Betan\u00edu morguninn eftir kenndi hann hungurs.<a name=\"13\"><span class=\"versanumer\">13<\/span><\/a>\u00de\u00e1 s\u00e1 hann \u00e1lengdar laufga\u00f0 f\u00edkjutr\u00e9 og f\u00f3r a\u00f0 g\u00e1, hvort hann fyndi nokku\u00f0 \u00e1 \u00fev\u00ed. En \u00feegar hann kom a\u00f0 \u00fev\u00ed, fann hann ekkert nema bl\u00f6\u00f0, enda var ekki f\u00edknat\u00ed\u00f0.<a name=\"14\"><span class=\"versanumer\">14<\/span><\/a>Hann sag\u00f0i \u00fe\u00e1 vi\u00f0 tr\u00e9\u00f0: Enginn neyti framar \u00e1vaxtar af \u00fe\u00e9r a\u00f0 eil\u00edfu! \u00deetta heyr\u00f0u l\u00e6risveinar hans.<a name=\"15\"><span class=\"versanumer\">15<\/span><\/a>\u00deeir komu til Jer\u00fasalem, og hann gekk \u00ed helgid\u00f3minn og t\u00f3k a\u00f0 reka \u00fat \u00fe\u00e1, sem voru a\u00f0 selja \u00fear og kaupa, og hratt um bor\u00f0um v\u00edxlaranna og st\u00f3lum d\u00fafnasalanna.<a name=\"16\"><span class=\"versanumer\">16<\/span><\/a>Og engum leyf\u00f0i hann a\u00f0 bera neitt um helgid\u00f3minn.<a name=\"17\"><span class=\"versanumer\">17<\/span><\/a>Og hann kenndi \u00feeim og sag\u00f0i: Er ekki rita\u00f0: H\u00fas mitt \u00e1 a\u00f0 vera b\u00e6nah\u00fas fyrir allar \u00fej\u00f3\u00f0ir? En \u00fe\u00e9r hafi\u00f0 gj\u00f6rt \u00fea\u00f0 a\u00f0 r\u00e6ningjab\u00e6li.<a name=\"18\"><span class=\"versanumer\">18<\/span><\/a>\u00c6\u00f0stu prestarnir og fr\u00e6\u00f0imennirnir heyr\u00f0u \u00feetta og leitu\u00f0u fyrir s\u00e9r, hvernig \u00feeir g\u00e6tu r\u00e1\u00f0i\u00f0 hann af d\u00f6gum. \u00deeim st\u00f3\u00f0 \u00f3tti af honum, \u00fev\u00ed a\u00f0 allur l\u00fd\u00f0urinn hreifst mj\u00f6g af kenningu hans.<a name=\"19\"><span class=\"versanumer\">19<\/span><\/a>\u00deegar lei\u00f0 a\u00f0 kv\u00f6ldi, f\u00f3ru \u00feeir \u00far borginni.<a name=\"20\"><span class=\"versanumer\">20<\/span><\/a>\u00c1rla morguns f\u00f3ru \u00feeir hj\u00e1 f\u00edkjutr\u00e9nu og s\u00e1u, a\u00f0 \u00fea\u00f0 var visna\u00f0 fr\u00e1 r\u00f3tum.<a name=\"21\"><span class=\"versanumer\">21<\/span><\/a>P\u00e9tur minntist \u00feess, sem gerst haf\u00f0i, og segir vi\u00f0 hann: Rabb\u00ed, sj\u00e1\u00f0u! f\u00edkjutr\u00e9\u00f0, sem \u00fe\u00fa form\u00e6ltir, er visna\u00f0.<a name=\"22\"><span class=\"versanumer\">22<\/span><\/a>Jes\u00fas svara\u00f0i \u00feeim: Tr\u00fai\u00f0 \u00e1 Gu\u00f0.<a name=\"23\"><span class=\"versanumer\">23<\/span><\/a>Sannlega segi \u00e9g y\u00f0ur: Hver sem segir vi\u00f0 fjall \u00feetta: Lyft \u00fe\u00e9r upp, og steyp \u00fe\u00e9r \u00ed hafi\u00f0, og efar ekki \u00ed hjarta s\u00ednu, heldur tr\u00fair, a\u00f0 svo fari sem hann m\u00e6lir, honum mun ver\u00f0a a\u00f0 \u00fev\u00ed.<a name=\"24\"><span class=\"versanumer\">24<\/span><\/a>Fyrir \u00fev\u00ed segi \u00e9g y\u00f0ur: Hvers sem \u00fe\u00e9r bi\u00f0ji\u00f0 \u00ed b\u00e6n y\u00f0ar, \u00fe\u00e1 tr\u00fai\u00f0, a\u00f0 \u00fe\u00e9r hafi\u00f0 \u00f6\u00f0last \u00fea\u00f0, og y\u00f0ur mun \u00fea\u00f0 veitast.<a name=\"25\"><span class=\"versanumer\">25<\/span><\/a>Og \u00feegar \u00fe\u00e9r eru\u00f0 a\u00f0 bi\u00f0ja, \u00fe\u00e1 fyrirgefi\u00f0, ef y\u00f0ur \u00feykir nokku\u00f0 vi\u00f0 einhvern, til \u00feess a\u00f0 fa\u00f0ir y\u00f0ar \u00e1 himnum fyrirgefi einnig y\u00f0ur misgj\u00f6r\u00f0ir y\u00f0ar.<a name=\"26\"><span class=\"versanumer\">26<\/span><\/a>Ef \u00fe\u00e9r fyrirgefi\u00f0 ekki, mun fa\u00f0ir y\u00f0ar \u00e1 himnum ekki heldur fyrirgefa misgj\u00f6r\u00f0ir y\u00f0ar.<a name=\"27\"><span class=\"versanumer\">27<\/span><\/a>\u00deeir koma aftur til Jer\u00fasalem, og \u00feegar hann var \u00e1 gangi \u00ed helgid\u00f3minum, koma til hans \u00e6\u00f0stu prestarnir, fr\u00e6\u00f0imennirnir og \u00f6ldungarnir<a name=\"28\"><span class=\"versanumer\">28<\/span><\/a>og segja vi\u00f0 hann: Me\u00f0 hva\u00f0a valdi gj\u00f6rir \u00fe\u00fa \u00feetta? Hver gaf \u00fe\u00e9r \u00fea\u00f0 vald, a\u00f0 \u00fe\u00fa gj\u00f6rir \u00feetta?<a name=\"29\"><span class=\"versanumer\">29<\/span><\/a>Jes\u00fas sag\u00f0i vi\u00f0 \u00fe\u00e1: \u00c9g vil leggja eina spurningu fyrir y\u00f0ur. Svari\u00f0 henni, og \u00e9g mun segja y\u00f0ur, me\u00f0 hva\u00f0a valdi \u00e9g gj\u00f6ri \u00feetta.<a name=\"30\"><span class=\"versanumer\">30<\/span><\/a>Var sk\u00edrn J\u00f3hannesar fr\u00e1 himni e\u00f0a fr\u00e1 m\u00f6nnum? Svari\u00f0 m\u00e9r!<a name=\"31\"><span class=\"versanumer\">31<\/span><\/a>\u00deeir r\u00e1\u00f0gu\u00f0ust hver vi\u00f0 annan um \u00feetta og s\u00f6g\u00f0u: Ef v\u00e9r sv\u00f6rum: Fr\u00e1 himni, spyr hann: Hv\u00ed tr\u00fa\u00f0u\u00f0 \u00fe\u00e9r honum \u00fe\u00e1 ekki?<a name=\"32\"><span class=\"versanumer\">32<\/span><\/a>E\u00f0a \u00e6ttum v\u00e9r a\u00f0 svara: Fr\u00e1 m\u00f6nnum? \u00fea\u00f0 \u00feor\u00f0u \u00feeir ekki fyrir l\u00fd\u00f0num, \u00fev\u00ed allir t\u00f6ldu, a\u00f0 J\u00f3hannes hef\u00f0i veri\u00f0 sannur sp\u00e1ma\u00f0ur.<a name=\"33\"><span class=\"versanumer\">33<\/span><\/a>\u00deeir sv\u00f6ru\u00f0u Jes\u00fa: V\u00e9r vitum \u00fea\u00f0 ekki. Jes\u00fas sag\u00f0i vi\u00f0 \u00fe\u00e1: \u00c9g segi y\u00f0ur \u00fe\u00e1 ekki heldur, me\u00f0 hva\u00f0a valdi \u00e9g gj\u00f6ri \u00feetta.<\/p>\n<div class=\"footnote1981\"><b>11.1-11<\/b> Hlst. Matt 21.1-11; L\u00fak 19.28-40; J\u00f3h 12.12-19<br \/>\n<b>11.1<\/b> Betan\u00eda Matt 21.17+ &#8211; Ol\u00edfjalli\u00f0 Sak 14.4; Mrk 13.3 og hlst.; 14.26 og hlst.; L\u00fak 21.37; J\u00f3h 8.1; Post 1.12<br \/>\n<b>11.2<\/b> Foli Sak 9.9<br \/>\n<b>11.9<\/b> Sbr Slm 118.25-26; Matt 21.15; 23.39<br \/>\n<b>11.10<\/b> Dav\u00ed\u00f0 L\u00fak 1.32-33; Post 2.29; sbr Matt 1.6+<br \/>\n<b>11.12-14<\/b> Hlst. Matt 21.18-19<br \/>\n<b>11.13<\/b> F\u00edkjutr\u00e9 L\u00fak 13.6 \u2013 \u00e1n \u00e1vaxta Jer 8.13; H\u00f3s 9.16-17; Jl 1.7; M\u00edk 7.1<br \/>\n<b>11.14<\/b> F\u00edkjutr\u00e9nu form\u00e6lt Mrk 11.20<br \/>\n<b>11.15-19<\/b> Hlst. Matt 21.12-17; L\u00fak 19.45-48; J\u00f3h 2.13-22<br \/>\n<b>11.17<\/b> B\u00e6nah\u00fas Jes 56.7 \u2013 r\u00e6ningjab\u00e6li Jer 7.11<br \/>\n<b>11.18<\/b> R\u00e1\u00f0agj\u00f6r\u00f0ir gegn Jes\u00fa Matt 12.14+ ; Mrk 14.1; L\u00fak 20.19; 22.2 \u2013 \u00f3ttu\u00f0ust f\u00f3lki\u00f0 Matt 14.5+<br \/>\n<b>11.20-26<\/b> Hlst. Matt 21.20-22<br \/>\n<b>11.20<\/b> F\u00edkjutr\u00e9nu form\u00e6lt Mrk 11.14<br \/>\n<b>11.23<\/b> Tr\u00fa, sem flytur fj\u00f6ll Matt 17.20 ; sbr Mrk 9.23<br \/>\n<b>11.24<\/b> B\u00e6n og tr\u00fa Matt 18.19<br \/>\n<b>11.25<\/b> Fa\u00f0ir ykkar \u00e1 himnum Matt 6.9+ &#8211; fyrirgefning Matt 6.14; Ef 4.32; K\u00f3l 3.13 \u2013 \u00e1 m\u00f3ti einhverjum Matt 5.23; Opb 2.4,14,20<br \/>\n<b>11.27-33<\/b> Hlst. Matt 21.23-27; L\u00fak 20.1-8<br \/>\n<b>11.27<\/b> \u00c6\u00f0stu prestar, fr\u00e6\u00f0imenn og \u00f6ldungar Matt 16.21; 27.41; Mrk 8.31; 14.43,53; 15.1; L\u00fak 9.22; 20.1; 22.66<br \/>\n<b>11.30<\/b> Sk\u00edrn J\u00f3hannesar Matt 3.6+<br \/>\n<b>11.31<\/b> Fr\u00e1 Gu\u00f0i L\u00fak 11.16+ &#8211; J\u00f3hannesi sk\u00edrara hafna\u00f0 Matt 21.32; L\u00fak 7.30<br \/>\n<b>11.32<\/b> \u00d3ttu\u00f0ust f\u00f3lki\u00f0 Matt 14.5+ ; Mrk 14.2<\/div>\n","protected":false},"excerpt":{"rendered":"<p>1\u00deegar \u00feeir n\u00e1lgast Jer\u00fasalem og koma til Betfage og Betan\u00edu vi\u00f0 Ol\u00edufjalli\u00f0, sendir hann tvo l\u00e6risveina s\u00edna2og segir vi\u00f0 \u00fe\u00e1: Fari\u00f0 \u00ed \u00feorpi\u00f0 h\u00e9r framundan ykkur. Um lei\u00f0 og \u00fei\u00f0 komi\u00f0 \u00feanga\u00f0, munu\u00f0 \u00fei\u00f0 finna fola bundinn, sem enginn hefur enn komi\u00f0 \u00e1 bak. Leysi\u00f0 hann, og komi\u00f0 me\u00f0 hann.3Ef einhver spyr ykkur: Hvers vegna gj\u00f6ri\u00f0 \u00fei\u00f0 \u00feetta? \u00de\u00e1 svari\u00f0: Herrann \u00fearf hans vi\u00f0, hann sendir hann jafnskj\u00f3tt aftur hinga\u00f0.4\u00deeir f\u00f3ru og fundu folann bundinn vi\u00f0 dyr \u00fati \u00e1 str\u00e6tinu og leystu hann.5Nokkrir sem st\u00f3\u00f0u \u00fear, s\u00f6g\u00f0u vi\u00f0 \u00fe\u00e1: Hvers vegna eru\u00f0 \u00fei\u00f0 a\u00f0 leysa folann?6\u00deeir sv\u00f6ru\u00f0u eins og Jes\u00fas <a href=\"https:\/\/biblian.is\/1981\/markusargudspjall-11-kafli\/\"> [&#8230;]<\/a><\/p>\n","protected":false},"author":1,"featured_media":0,"parent":0,"menu_order":0,"comment_status":"open","ping_status":"open","template":"bibliukaflar.php","meta":{"footnotes":""},"class_list":["post-2315","page","type-page","status-publish","hentry"],"_links":{"self":[{"href":"https:\/\/biblian.is\/1981\/wp-json\/wp\/v2\/pages\/2315","targetHints":{"allow":["GET"]}}],"collection":[{"href":"https:\/\/biblian.is\/1981\/wp-json\/wp\/v2\/pages"}],"about":[{"href":"https:\/\/biblian.is\/1981\/wp-json\/wp\/v2\/types\/page"}],"author":[{"embeddable":true,"href":"https:\/\/biblian.is\/1981\/wp-json\/wp\/v2\/users\/1"}],"replies":[{"embeddable":true,"href":"https:\/\/biblian.is\/1981\/wp-json\/wp\/v2\/comments?post=2315"}],"version-history":[{"count":0,"href":"https:\/\/biblian.is\/1981\/wp-json\/wp\/v2\/pages\/2315\/revisions"}],"wp:attachment":[{"href":"https:\/\/biblian.is\/1981\/wp-json\/wp\/v2\/media?parent=2315"}],"curies":[{"name":"wp","href":"https:\/\/api.w.org\/{rel}","templated":true}]}}