{"id":2314,"date":"2017-11-18T20:21:17","date_gmt":"2017-11-18T20:21:17","guid":{"rendered":"http:\/\/biblian.is\/1981\/markusargudspjall-10-kafli\/"},"modified":"2021-06-06T11:03:46","modified_gmt":"2021-06-06T11:03:46","slug":"markusargudspjall-10-kafli","status":"publish","type":"page","link":"https:\/\/biblian.is\/1981\/markusargudspjall-10-kafli\/","title":{"rendered":"Mark\u00fasargu\u00f0spjall 10. kafli"},"content":{"rendered":"<p><a name=\"1\"><span class=\"versanumer\">1<\/span><\/a>Hann t\u00f3k sig upp \u00fea\u00f0an og h\u00e9lt til bygg\u00f0a J\u00fadeu og yfir um J\u00f3rdan. Fj\u00f6ldi f\u00f3lks safnast enn til hans, og hann kenndi \u00feeim, eins og hann var vanur.<a name=\"2\"><span class=\"versanumer\">2<\/span><\/a>Far\u00edsear komu og spur\u00f0u hann, hvort ma\u00f0ur m\u00e6tti skilja vi\u00f0 konu s\u00edna. \u00deeir vildu freista hans.<a name=\"3\"><span class=\"versanumer\">3<\/span><\/a>Hann svara\u00f0i \u00feeim: Hva\u00f0 hefur M\u00f3se bo\u00f0i\u00f0 y\u00f0ur?<a name=\"4\"><span class=\"versanumer\">4<\/span><\/a>\u00deeir s\u00f6g\u00f0u: M\u00f3se leyf\u00f0i a\u00f0 rita skilna\u00f0arbr\u00e9f og skilja vi\u00f0 hana.<a name=\"5\"><span class=\"versanumer\">5<\/span><\/a>Jes\u00fas m\u00e6lti \u00fe\u00e1 til \u00feeirra: Vegna har\u00f0\u00fa\u00f0ar hjartna y\u00f0ar rita\u00f0i hann y\u00f0ur \u00feetta bo\u00f0or\u00f0,<a name=\"6\"><span class=\"versanumer\">6<\/span><\/a>en fr\u00e1 upphafi sk\u00f6punar gj\u00f6r\u00f0i Gu\u00f0 \u00feau karl og konu.<a name=\"7\"><span class=\"versanumer\">7<\/span><\/a>Fyrir \u00fev\u00ed skal ma\u00f0ur yfirgefa f\u00f6\u00f0ur sinn og m\u00f3\u00f0ur og bindast konu sinni,<a name=\"8\"><span class=\"versanumer\">8<\/span><\/a>og \u00feau tv\u00f6 skulu ver\u00f0a einn ma\u00f0ur. \u00deannig eru \u00feau ekki framar tv\u00f6, heldur einn ma\u00f0ur.<a name=\"9\"><span class=\"versanumer\">9<\/span><\/a>\u00dea\u00f0 sem Gu\u00f0 hefur tengt saman, m\u00e1 ma\u00f0ur eigi sundur skilja.<a name=\"10\"><span class=\"versanumer\">10<\/span><\/a>\u00deegar l\u00e6risveinarnir voru komnir inn, spur\u00f0u \u00feeir hann aftur um \u00feetta.<a name=\"11\"><span class=\"versanumer\">11<\/span><\/a>En hann sag\u00f0i vi\u00f0 \u00fe\u00e1: S\u00e1 sem skilur vi\u00f0 konu s\u00edna og kv\u00e6nist annarri, dr\u00fdgir h\u00f3r gegn henni.<a name=\"12\"><span class=\"versanumer\">12<\/span><\/a>Og ef kona skilur vi\u00f0 mann sinn og giftist \u00f6\u00f0rum, dr\u00fdgir h\u00fan h\u00f3r.<a name=\"13\"><span class=\"versanumer\">13<\/span><\/a>Menn f\u00e6r\u00f0u b\u00f6rn til hans, a\u00f0 hann snerti \u00feau, en l\u00e6risveinarnir \u00e1t\u00f6ldu \u00fe\u00e1.<a name=\"14\"><span class=\"versanumer\">14<\/span><\/a>\u00deegar Jes\u00fas s\u00e1 \u00fea\u00f0, s\u00e1rna\u00f0i honum, og hann m\u00e6lti vi\u00f0 \u00fe\u00e1: Leyfi\u00f0 b\u00f6rnunum a\u00f0 koma til m\u00edn, varni\u00f0 \u00feeim eigi, \u00fev\u00ed a\u00f0 sl\u00edkra er Gu\u00f0s r\u00edki.<a name=\"15\"><span class=\"versanumer\">15<\/span><\/a>Sannlega segi \u00e9g y\u00f0ur: Hver sem tekur ekki vi\u00f0 Gu\u00f0s r\u00edki eins og barn, mun aldrei inn \u00ed \u00fea\u00f0 koma.<a name=\"16\"><span class=\"versanumer\">16<\/span><\/a>Og hann t\u00f3k \u00feau s\u00e9r \u00ed fa\u00f0m, lag\u00f0i hendur yfir \u00feau og blessa\u00f0i \u00feau.<a name=\"17\"><span class=\"versanumer\">17<\/span><\/a>\u00deegar hann var a\u00f0 leggja af sta\u00f0, kom ma\u00f0ur hlaupandi, f\u00e9ll \u00e1 kn\u00e9 fyrir honum og spur\u00f0i hann: G\u00f3\u00f0i meistari, hva\u00f0 \u00e1 \u00e9g a\u00f0 gj\u00f6ra til \u00feess a\u00f0 \u00f6\u00f0last eil\u00edft l\u00edf?<a name=\"18\"><span class=\"versanumer\">18<\/span><\/a>Jes\u00fas sag\u00f0i vi\u00f0 hann: Hv\u00ed kallar \u00fe\u00fa mig g\u00f3\u00f0an? Enginn er g\u00f3\u00f0ur nema Gu\u00f0 einn.<a name=\"19\"><span class=\"versanumer\">19<\/span><\/a>\u00de\u00fa kannt bo\u00f0or\u00f0in: \u00de\u00fa skalt ekki mor\u00f0 fremja, \u00fe\u00fa skalt ekki dr\u00fdgja h\u00f3r, \u00fe\u00fa skalt ekki stela, \u00fe\u00fa skalt ekki bera lj\u00fagvitni, \u00fe\u00fa skalt ekki pretta, hei\u00f0ra f\u00f6\u00f0ur \u00feinn og m\u00f3\u00f0ur.<a name=\"20\"><span class=\"versanumer\">20<\/span><\/a>Hinn svara\u00f0i honum: Meistari, alls \u00feessa hef \u00e9g g\u00e6tt fr\u00e1 \u00e6sku.<a name=\"21\"><span class=\"versanumer\">21<\/span><\/a>Jes\u00fas horf\u00f0i \u00e1 hann me\u00f0 \u00e1st\u00fa\u00f0 og sag\u00f0i vi\u00f0 hann: Eins er \u00fe\u00e9r vant. Far \u00fe\u00fa, sel allt, sem \u00fe\u00fa \u00e1tt, og gef f\u00e1t\u00e6kum, og munt \u00fe\u00fa fj\u00e1rsj\u00f3\u00f0 eiga \u00e1 himni. Kom s\u00ed\u00f0an, og fylg m\u00e9r.<a name=\"22\"><span class=\"versanumer\">22<\/span><\/a>En hann var\u00f0 dapur \u00ed brag\u00f0i vi\u00f0 \u00feessi or\u00f0 og f\u00f3r burt hryggur, enda \u00e1tti hann miklar eignir.<a name=\"23\"><span class=\"versanumer\">23<\/span><\/a>\u00de\u00e1 leit Jes\u00fas \u00ed kring og sag\u00f0i vi\u00f0 l\u00e6risveina s\u00edna: Hve torvelt ver\u00f0ur \u00feeim, sem au\u00f0inn hafa, a\u00f0 ganga inn \u00ed Gu\u00f0s r\u00edki.<a name=\"24\"><span class=\"versanumer\">24<\/span><\/a>L\u00e6risveinunum br\u00e1 mj\u00f6g vi\u00f0 or\u00f0 Jes\u00fa, en hann sag\u00f0i aftur vi\u00f0 \u00fe\u00e1: B\u00f6rn, hve torvelt er a\u00f0 komast inn \u00ed Gu\u00f0s r\u00edki.<a name=\"25\"><span class=\"versanumer\">25<\/span><\/a>Au\u00f0veldara er \u00falfalda a\u00f0 fara gegnum n\u00e1larauga en au\u00f0manni a\u00f0 komast inn \u00ed Gu\u00f0s r\u00edki.<a name=\"26\"><span class=\"versanumer\">26<\/span><\/a>En \u00feeir ur\u00f0u steini lostnir og s\u00f6g\u00f0u s\u00edn \u00e1 milli: Hver getur \u00fe\u00e1 or\u00f0i\u00f0 h\u00f3lpinn?<a name=\"27\"><span class=\"versanumer\">27<\/span><\/a>Jes\u00fas horf\u00f0i \u00e1 \u00fe\u00e1 og sag\u00f0i: Fyrir m\u00f6nnum eru engin r\u00e1\u00f0 til \u00feessa, en fyrir Gu\u00f0i. Gu\u00f0 megnar allt.<a name=\"28\"><span class=\"versanumer\">28<\/span><\/a>\u00de\u00e1 sag\u00f0i P\u00e9tur vi\u00f0 hann: V\u00e9r yfirg\u00e1fum allt og fylgdum \u00fe\u00e9r.<a name=\"29\"><span class=\"versanumer\">29<\/span><\/a>Jes\u00fas sag\u00f0i: Sannlega segi \u00e9g y\u00f0ur, a\u00f0 enginn hefur yfirgefi\u00f0 heimili, br\u00e6\u00f0ur e\u00f0a systur, m\u00f3\u00f0ur e\u00f0a f\u00f6\u00f0ur, b\u00f6rn e\u00f0a akra vegna m\u00edn og fagna\u00f0arerindisins,<a name=\"30\"><span class=\"versanumer\">30<\/span><\/a>\u00e1n \u00feess a\u00f0 hann f\u00e1i hundra\u00f0falt aftur, n\u00fa \u00e1 \u00feessum t\u00edma heimili, br\u00e6\u00f0ur og systur, m\u00e6\u00f0ur, b\u00f6rn og akra, jafnframt ofs\u00f3knum, og \u00ed hinum komandi heimi eil\u00edft l\u00edf.<a name=\"31\"><span class=\"versanumer\">31<\/span><\/a>En margir hinir fyrstu munu ver\u00f0a s\u00ed\u00f0astir og hinir s\u00ed\u00f0ustu fyrstir.<a name=\"32\"><span class=\"versanumer\">32<\/span><\/a>\u00deeir voru n\u00fa \u00e1 lei\u00f0 upp til Jer\u00fasalem. Jes\u00fas gekk \u00e1 undan \u00feeim, en \u00feeir voru skelfdir, og \u00feeir sem eftir fylgdu voru hr\u00e6ddir. Og enn t\u00f3k hann til s\u00edn \u00fe\u00e1 t\u00f3lf og f\u00f3r a\u00f0 segja \u00feeim, hva\u00f0 fram vi\u00f0 sig \u00e6tti a\u00f0 koma.<a name=\"33\"><span class=\"versanumer\">33<\/span><\/a>N\u00fa f\u00f6rum v\u00e9r upp til Jer\u00fasalem. \u00dear ver\u00f0ur Mannssonurinn framseldur \u00e6\u00f0stu prestum og fr\u00e6\u00f0im\u00f6nnum. \u00deeir munu d\u00e6ma hann til dau\u00f0a og framselja hann hei\u00f0ingjum.<a name=\"34\"><span class=\"versanumer\">34<\/span><\/a>Og \u00feeir munu h\u00e6\u00f0a hann, hr\u00e6kja \u00e1 hann, h\u00fa\u00f0str\u00fdkja og l\u00edfl\u00e1ta, en eftir \u00ferj\u00e1 daga mun hann upp r\u00edsa.<a name=\"35\"><span class=\"versanumer\">35<\/span><\/a>\u00de\u00e1 komu til hans Jakob og J\u00f3hannes, synir Sebedeusar, og s\u00f6g\u00f0u vi\u00f0 hann: Meistari, okkur langar, a\u00f0 \u00fe\u00fa gj\u00f6rir fyrir okkur \u00fea\u00f0 sem vi\u00f0 \u00e6tlum a\u00f0 bi\u00f0ja \u00feig.<a name=\"36\"><span class=\"versanumer\">36<\/span><\/a>Hann spur\u00f0i \u00fe\u00e1: Hva\u00f0 vilji\u00f0 \u00fei\u00f0, a\u00f0 \u00e9g gj\u00f6ri fyrir ykkur?<a name=\"37\"><span class=\"versanumer\">37<\/span><\/a>\u00deeir sv\u00f6ru\u00f0u: Veit okkur, a\u00f0 vi\u00f0 f\u00e1um a\u00f0 sitja \u00fe\u00e9r vi\u00f0 hli\u00f0 \u00ed d\u00fdr\u00f0 \u00feinni, annar til h\u00e6gri handar \u00fe\u00e9r og hinn til vinstri.<a name=\"38\"><span class=\"versanumer\">38<\/span><\/a>Jes\u00fas sag\u00f0i vi\u00f0 \u00fe\u00e1: \u00dei\u00f0 viti\u00f0 ekki, hvers \u00fei\u00f0 bi\u00f0ji\u00f0. Geti\u00f0 \u00fei\u00f0 drukki\u00f0 \u00feann kaleik, sem \u00e9g drekk, e\u00f0a sk\u00edrst \u00feeirri sk\u00edrn, sem \u00e9g sk\u00edrist?<a name=\"39\"><span class=\"versanumer\">39<\/span><\/a>\u00deeir s\u00f6g\u00f0u vi\u00f0 hann: \u00dea\u00f0 getum vi\u00f0. Jes\u00fas m\u00e6lti: \u00deann kaleik, sem \u00e9g drekk, munu\u00f0 \u00fei\u00f0 drekka, og \u00fei\u00f0 munu\u00f0 sk\u00edrast \u00feeirri sk\u00edrn, sem \u00e9g sk\u00edrist.<a name=\"40\"><span class=\"versanumer\">40<\/span><\/a>En mitt er ekki a\u00f0 veita, hver situr m\u00e9r til h\u00e6gri handar e\u00f0a vinstri. \u00dea\u00f0 veitist \u00feeim, sem \u00fea\u00f0 er fyrirb\u00fai\u00f0.<a name=\"41\"><span class=\"versanumer\">41<\/span><\/a>\u00deegar hinir t\u00edu heyr\u00f0u \u00feetta, gramdist \u00feeim vi\u00f0 \u00fe\u00e1 Jakob og J\u00f3hannes.<a name=\"42\"><span class=\"versanumer\">42<\/span><\/a>En Jes\u00fas kalla\u00f0i \u00fe\u00e1 til s\u00edn og m\u00e6lti: \u00de\u00e9r viti\u00f0, a\u00f0 \u00feeir, sem teljast r\u00e1\u00f0a fyrir \u00fej\u00f3\u00f0um, drottna yfir \u00feeim, og h\u00f6f\u00f0ingjar \u00feeirra l\u00e1ta menn kenna \u00e1 valdi s\u00ednu.<a name=\"43\"><span class=\"versanumer\">43<\/span><\/a>En eigi s\u00e9 svo me\u00f0al y\u00f0ar, heldur s\u00e9 s\u00e1, sem mikill vill ver\u00f0a me\u00f0al y\u00f0ar, \u00fej\u00f3nn y\u00f0ar.<a name=\"44\"><span class=\"versanumer\">44<\/span><\/a>Og s\u00e1 er vill fremstur vera me\u00f0al y\u00f0ar, s\u00e9 allra \u00fer\u00e6ll.<a name=\"45\"><span class=\"versanumer\">45<\/span><\/a>\u00dev\u00ed a\u00f0 Mannssonurinn er ekki kominn til \u00feess a\u00f0 l\u00e1ta \u00fej\u00f3na s\u00e9r, heldur til a\u00f0 \u00fej\u00f3na og gefa l\u00edf sitt til lausnargjalds fyrir marga.<a name=\"46\"><span class=\"versanumer\">46<\/span><\/a>\u00deeir komu til Jer\u00edk\u00f3. Og \u00feegar hann f\u00f3r \u00fat \u00far borginni \u00e1samt l\u00e6risveinum s\u00ednum og miklum mannfj\u00f6lda, sat \u00fear vi\u00f0 veginn Bart\u00edmeus, sonur T\u00edmeusar, blindur beiningama\u00f0ur.<a name=\"47\"><span class=\"versanumer\">47<\/span><\/a>\u00deegar hann heyr\u00f0i, a\u00f0 \u00fear f\u00e6ri Jes\u00fas fr\u00e1 Nasaret, t\u00f3k hann a\u00f0 hr\u00f3pa: Sonur Dav\u00ed\u00f0s, Jes\u00fas, miskunna \u00fe\u00fa m\u00e9r!<a name=\"48\"><span class=\"versanumer\">48<\/span><\/a>Margir h\u00f6stu\u00f0u \u00e1 hann, a\u00f0 hann \u00feeg\u00f0i, en hann hr\u00f3pa\u00f0i \u00fev\u00ed meir: Sonur Dav\u00ed\u00f0s, miskunna \u00fe\u00fa m\u00e9r!<a name=\"49\"><span class=\"versanumer\">49<\/span><\/a>Jes\u00fas nam sta\u00f0ar og sag\u00f0i: Kalli\u00f0 \u00e1 hann. \u00deeir kalla \u00e1 blinda manninn og segja vi\u00f0 hann: Vertu hughraustur, statt upp, hann kallar \u00e1 \u00feig.<a name=\"50\"><span class=\"versanumer\">50<\/span><\/a>Hann kasta\u00f0i fr\u00e1 s\u00e9r yfirh\u00f6fn sinni, spratt \u00e1 f\u00e6tur og kom til Jes\u00fa.<a name=\"51\"><span class=\"versanumer\">51<\/span><\/a>Jes\u00fas spur\u00f0i hann: Hva\u00f0 vilt \u00fe\u00fa, a\u00f0 \u00e9g gj\u00f6ri fyrir \u00feig? Blindi ma\u00f0urinn svara\u00f0i honum: Rabb\u00fan\u00ed, a\u00f0 \u00e9g f\u00e1i aftur sj\u00f3n.<a name=\"52\"><span class=\"versanumer\">52<\/span><\/a>Jes\u00fas sag\u00f0i vi\u00f0 hann: Far \u00fe\u00fa, tr\u00fa \u00fe\u00edn hefur bjarga\u00f0 \u00fe\u00e9r. Jafnskj\u00f3tt f\u00e9kk hann sj\u00f3nina og fylgdi honum \u00e1 fer\u00f0inni.<\/p>\n<div class=\"footnote1981\"><b>10.1-12<\/b> Hlst. Matt 9.1-12<br \/>\n<b>10.2<\/b> Jes\u00fa freista\u00f0 Matt 16.1+ ; Mrk 8.11; 12.13-15<br \/>\n<b>10.4<\/b> Skilna\u00f0arbr\u00e9f 5M\u00f3s 24.1,3; Matt 5.31; 19.7<br \/>\n<b>10.5<\/b> \u00dever\u00fa\u00f0 Mrk 3.5+<br \/>\n<b>10.6<\/b> Karl og kona 1M\u00f3s 1.27; 5.2<br \/>\n<b>10.7<\/b> Sbr 1M\u00f3s 2.24; Ef 5.31<br \/>\n<b>10.11-12<\/b> Skilna\u00f0ur og h\u00f3r Matt 5.32; L\u00fak 16.18; sbr 1Kor 7.10-11<br \/>\n<b>10.13-16<\/b> Hlst. Matt 19.13-15; L\u00fak 18.15-17<br \/>\n<b>10.15<\/b> Eins og barn Matt 18.3 \u2013 inn \u00ed Gu\u00f0s r\u00edki Matt 5.20+<br \/>\n<b>10.17-31<\/b> Hlst. Matt 19.16-30; L\u00fak 18.18-30<br \/>\n<b>10.19<\/b> Bo\u00f0or\u00f0in 2M\u00f3s 20.12-16; 5M\u00f3s 5.16-20 \u2013 \u00fe\u00fa skalt ekki pretta 5M\u00f3s 24.14; Jak 5.4<br \/>\n<b>10.21<\/b> Fj\u00e1rsj\u00f3\u00f0ur \u00e1 himni Matt 6.20; L\u00fak 12.33<br \/>\n<b>10.23<\/b> Torvelt hinum r\u00edku Mrk 4.19<br \/>\n<b>10.27<\/b> Gu\u00f0i ekkert um megn 1M\u00f3s 18.14; Job 42.2; Sak 8.6; Mrk 14.36<br \/>\n<b>10.29<\/b> Vegna fagna\u00f0arerindisins Mrk 8.35; sbr Mrk 1.1+<br \/>\n<b>10.31<\/b> Fyrstir og s\u00ed\u00f0astir Matt 19.30; 20.16; L\u00fak 13.30<br \/>\n<b>10.32-34<\/b> Hlst. Matt 20.17-19; L\u00fak 18.31-34<br \/>\n<b>10.32<\/b> Til Jer\u00fasalem L\u00fak 9.51+ ; J\u00f3h 11.7-16<br \/>\n<b>10.33-34<\/b> Sagt fyrir um \u00fej\u00e1ningar Matt 16.21; 17.22-23; Mrk 8.31; 9.31; L\u00fak 24.7<br \/>\n<b>10.35-45<\/b> Hlst. Matt 20.20-28<br \/>\n<b>10.35<\/b> Jakaob og J\u00f3hannes Matt 4.21+<br \/>\n<b>10.36<\/b> Hva\u00f0 vilji\u00f0 \u00fei\u00f0? Mrk 10.51 og hlst.<br \/>\n<b>10.37<\/b> Hlutdeild \u00ed d\u00fdr\u00f0 Krists Matt 19.28; L\u00fak 22.30<br \/>\n<b>10.38<\/b> Kaleikur Matt 20.22; sbr Slm 75.9; Jes 51.17-22; Esk 23.31-34; Mrk 14.36 \u2013 sk\u00edrn L\u00fak 12.50<br \/>\n<b>10.39<\/b> P\u00edslarv\u00e6tti Jakobs Post 12.2<br \/>\n<b>10.42<\/b> Beita valdi L\u00fak 22.25<br \/>\n<b>10.43-44<\/b> \u00dej\u00f3nusta Matt 20.26+<br \/>\n<b>10.45<\/b> Mannssonurinn Matt 8.20+ &#8211; til lausnargjalds fyrir alla Jes 53.11-12; Mrk 14.24 og hlst.; 1T\u00edm 2.5-6<br \/>\n<b>10.46-52<\/b> Hlst. Matt 20.29-34; L\u00fak 18.35-43<br \/>\n<b>10.47<\/b> Sonur Dav\u00ed\u00f0s Matt 1.1+ &#8211; miskunna \u00fe\u00fa m\u00e9r Matt 9.27; 15.22<br \/>\n<b>10.51<\/b> Hva\u00f0 vilt \u00fe\u00fa? Mrk 10.36 \u2013 Herra minn sbr Mrk 9.5<br \/>\n<b>10.52<\/b> Tr\u00fa \u00fe\u00edn Matt 9.22+ ; Mrk 5.34 og hlst.; L\u00fak 7.50; 17.19; sbr Post 3.16<\/div>\n","protected":false},"excerpt":{"rendered":"<p>1Hann t\u00f3k sig upp \u00fea\u00f0an og h\u00e9lt til bygg\u00f0a J\u00fadeu og yfir um J\u00f3rdan. Fj\u00f6ldi f\u00f3lks safnast enn til hans, og hann kenndi \u00feeim, eins og hann var vanur.2Far\u00edsear komu og spur\u00f0u hann, hvort ma\u00f0ur m\u00e6tti skilja vi\u00f0 konu s\u00edna. \u00deeir vildu freista hans.3Hann svara\u00f0i \u00feeim: Hva\u00f0 hefur M\u00f3se bo\u00f0i\u00f0 y\u00f0ur?4\u00deeir s\u00f6g\u00f0u: M\u00f3se leyf\u00f0i a\u00f0 rita skilna\u00f0arbr\u00e9f og skilja vi\u00f0 hana.5Jes\u00fas m\u00e6lti \u00fe\u00e1 til \u00feeirra: Vegna har\u00f0\u00fa\u00f0ar hjartna y\u00f0ar rita\u00f0i hann y\u00f0ur \u00feetta bo\u00f0or\u00f0,6en fr\u00e1 upphafi sk\u00f6punar gj\u00f6r\u00f0i Gu\u00f0 \u00feau karl og konu.7Fyrir \u00fev\u00ed skal ma\u00f0ur yfirgefa f\u00f6\u00f0ur sinn og m\u00f3\u00f0ur og bindast konu sinni,8og \u00feau tv\u00f6 skulu ver\u00f0a einn <a href=\"https:\/\/biblian.is\/1981\/markusargudspjall-10-kafli\/\"> [&#8230;]<\/a><\/p>\n","protected":false},"author":1,"featured_media":0,"parent":0,"menu_order":0,"comment_status":"open","ping_status":"open","template":"bibliukaflar.php","meta":{"footnotes":""},"class_list":["post-2314","page","type-page","status-publish","hentry"],"_links":{"self":[{"href":"https:\/\/biblian.is\/1981\/wp-json\/wp\/v2\/pages\/2314","targetHints":{"allow":["GET"]}}],"collection":[{"href":"https:\/\/biblian.is\/1981\/wp-json\/wp\/v2\/pages"}],"about":[{"href":"https:\/\/biblian.is\/1981\/wp-json\/wp\/v2\/types\/page"}],"author":[{"embeddable":true,"href":"https:\/\/biblian.is\/1981\/wp-json\/wp\/v2\/users\/1"}],"replies":[{"embeddable":true,"href":"https:\/\/biblian.is\/1981\/wp-json\/wp\/v2\/comments?post=2314"}],"version-history":[{"count":0,"href":"https:\/\/biblian.is\/1981\/wp-json\/wp\/v2\/pages\/2314\/revisions"}],"wp:attachment":[{"href":"https:\/\/biblian.is\/1981\/wp-json\/wp\/v2\/media?parent=2314"}],"curies":[{"name":"wp","href":"https:\/\/api.w.org\/{rel}","templated":true}]}}