{"id":2313,"date":"2017-11-18T20:21:17","date_gmt":"2017-11-18T20:21:17","guid":{"rendered":"http:\/\/biblian.is\/1981\/markusargudspjall-9-kafli\/"},"modified":"2021-06-06T11:03:51","modified_gmt":"2021-06-06T11:03:51","slug":"markusargudspjall-9-kafli","status":"publish","type":"page","link":"https:\/\/biblian.is\/1981\/markusargudspjall-9-kafli\/","title":{"rendered":"Mark\u00fasargu\u00f0spjall 9. kafli"},"content":{"rendered":"<p><a name=\"1\"><span class=\"versanumer\">1<\/span><\/a>Og hann sag\u00f0i vi\u00f0 \u00fe\u00e1: Sannlega segi \u00e9g y\u00f0ur: Nokkrir \u00feeirra, sem h\u00e9r standa, munu eigi dau\u00f0a b\u00ed\u00f0a, fyrr en \u00feeir sj\u00e1 Gu\u00f0s r\u00edki komi\u00f0 me\u00f0 krafti.<a name=\"2\"><span class=\"versanumer\">2<\/span><\/a>Eftir sex daga tekur Jes\u00fas me\u00f0 s\u00e9r \u00fe\u00e1 P\u00e9tur, Jakob og J\u00f3hannes og fer me\u00f0 \u00fe\u00e1 upp \u00e1 h\u00e1tt fjall, a\u00f0 \u00feeir v\u00e6ru einir saman. \u00dear ummynda\u00f0ist hann fyrir augum \u00feeirra,<a name=\"3\"><span class=\"versanumer\">3<\/span><\/a>og kl\u00e6\u00f0i hans ur\u00f0u fannhv\u00edt og sk\u00ednandi, og f\u00e6r enginn bleikir \u00e1 j\u00f6r\u00f0u svo hv\u00edtt gj\u00f6rt.<a name=\"4\"><span class=\"versanumer\">4<\/span><\/a>Og \u00feeim birtist El\u00eda \u00e1samt M\u00f3se, og voru \u00feeir \u00e1 tali vi\u00f0 Jes\u00fa.<a name=\"5\"><span class=\"versanumer\">5<\/span><\/a>\u00de\u00e1 tekur P\u00e9tur til m\u00e1ls og segir vi\u00f0 Jes\u00fa: Rabb\u00ed, gott er, a\u00f0 v\u00e9r erum h\u00e9r. Gj\u00f6rum \u00ferj\u00e1r tjaldb\u00fa\u00f0ir, \u00fe\u00e9r eina, M\u00f3se eina og El\u00eda eina.<a name=\"6\"><span class=\"versanumer\">6<\/span><\/a>Hann vissi ekki, hva\u00f0 hann \u00e1tti a\u00f0 segja, enda ur\u00f0u \u00feeir mj\u00f6g skelfdir.<a name=\"7\"><span class=\"versanumer\">7<\/span><\/a>\u00de\u00e1 kom sk\u00fd og skygg\u00f0i yfir \u00fe\u00e1, og r\u00f6dd kom \u00far sk\u00fdinu: \u00deessi er minn elska\u00f0i sonur, hl\u00fd\u00f0i\u00f0 \u00e1 hann!<a name=\"8\"><span class=\"versanumer\">8<\/span><\/a>Og sn\u00f6gglega, \u00feegar \u00feeir litu \u00ed kring, s\u00e1u \u00feeir engan framar hj\u00e1 s\u00e9r nema Jes\u00fa einan.<a name=\"9\"><span class=\"versanumer\">9<\/span><\/a>\u00c1 lei\u00f0inni ofan fjalli\u00f0 banna\u00f0i hann \u00feeim a\u00f0 segja nokkrum fr\u00e1 \u00fev\u00ed, er \u00feeir h\u00f6f\u00f0u s\u00e9\u00f0, fyrr en Mannssonurinn v\u00e6ri risinn upp fr\u00e1 dau\u00f0um.<a name=\"10\"><span class=\"versanumer\">10<\/span><\/a>\u00deeir festu or\u00f0in \u00ed minni og r\u00e6ddu um, hva\u00f0 v\u00e6ri a\u00f0 r\u00edsa upp fr\u00e1 dau\u00f0um.<a name=\"11\"><span class=\"versanumer\">11<\/span><\/a>Og \u00feeir spur\u00f0u hann: Hv\u00ed segja fr\u00e6\u00f0imennirnir, a\u00f0 El\u00eda eigi fyrst a\u00f0 koma?<a name=\"12\"><span class=\"versanumer\">12<\/span><\/a>Hann svara\u00f0i \u00feeim: V\u00edst kemur El\u00eda fyrst og f\u00e6rir allt \u00ed lag. En hvernig er rita\u00f0 um Mannssoninn? \u00c1 hann ekki margt a\u00f0 l\u00ed\u00f0a og sm\u00e1\u00f0ur ver\u00f0a?<a name=\"13\"><span class=\"versanumer\">13<\/span><\/a>En \u00e9g segi y\u00f0ur: El\u00eda er kominn, og \u00feeir gj\u00f6r\u00f0u honum allt, sem \u00feeir vildu, eins og rita\u00f0 er um hann.<a name=\"14\"><span class=\"versanumer\">14<\/span><\/a>\u00deegar \u00feeir komu til l\u00e6risveinanna, s\u00e1u \u00feeir mannfj\u00f6lda mikinn kringum \u00fe\u00e1 og fr\u00e6\u00f0imenn a\u00f0 \u00fer\u00e1tta vi\u00f0 \u00fe\u00e1.<a name=\"15\"><span class=\"versanumer\">15<\/span><\/a>En um lei\u00f0 og f\u00f3lki\u00f0 s\u00e1 hann, sl\u00f3 \u00feegar felmtri \u00e1 alla, og \u00feeir hlupu til og heilsu\u00f0u honum.<a name=\"16\"><span class=\"versanumer\">16<\/span><\/a>Hann spur\u00f0i \u00fe\u00e1: Um hva\u00f0 eru\u00f0 \u00fe\u00e9r a\u00f0 \u00fer\u00e1tta vi\u00f0 \u00fe\u00e1?<a name=\"17\"><span class=\"versanumer\">17<\/span><\/a>En einn \u00far mannfj\u00f6ldanum svara\u00f0i honum: Meistari, \u00e9g f\u00e6r\u00f0i til \u00fe\u00edn son minn, sem m\u00e1lleysis andi er \u00ed.<a name=\"18\"><span class=\"versanumer\">18<\/span><\/a>Hvar sem andinn gr\u00edpur hann, slengir hann honum fl\u00f6tum, og hann fro\u00f0ufellir, gn\u00edstir t\u00f6nnum og stir\u00f0nar upp. \u00c9g ba\u00f0 l\u00e6risveina \u00fe\u00edna a\u00f0 reka hann \u00fat, en \u00feeir g\u00e1tu \u00fea\u00f0 ekki.<a name=\"19\"><span class=\"versanumer\">19<\/span><\/a>Jes\u00fas svarar \u00feeim: \u00d3, \u00fe\u00fa vantr\u00faa kynsl\u00f3\u00f0, hversu lengi \u00e1 \u00e9g a\u00f0 vera hj\u00e1 y\u00f0ur? Hversu lengi \u00e1 \u00e9g a\u00f0 umbera y\u00f0ur? F\u00e6ri\u00f0 hann til m\u00edn.<a name=\"20\"><span class=\"versanumer\">20<\/span><\/a>\u00deeir f\u00e6r\u00f0u hann \u00fe\u00e1 til Jes\u00fa, en um lei\u00f0 og andinn s\u00e1 hann, teyg\u00f0i hann drenginn \u00e1kaflega, hann f\u00e9ll til jar\u00f0ar, veltist um og fro\u00f0ufelldi.<a name=\"21\"><span class=\"versanumer\">21<\/span><\/a>Jes\u00fas spur\u00f0i \u00fe\u00e1 f\u00f6\u00f0ur hans: Hve lengi hefur honum li\u00f0i\u00f0 svo? Hann sag\u00f0i: Fr\u00e1 bernsku.<a name=\"22\"><span class=\"versanumer\">22<\/span><\/a>Og oft hefur hann kasta\u00f0 honum b\u00e6\u00f0i \u00ed eld og vatn til a\u00f0 fyrirfara honum. En ef \u00fe\u00fa getur nokku\u00f0, \u00fe\u00e1 sj\u00e1 aumur \u00e1 okkur og hj\u00e1lpa okkur.<a name=\"23\"><span class=\"versanumer\">23<\/span><\/a>Jes\u00fas sag\u00f0i vi\u00f0 hann: Ef \u00fe\u00fa getur! S\u00e1 getur allt sem tr\u00fair.<a name=\"24\"><span class=\"versanumer\">24<\/span><\/a>Jafnskj\u00f3tt hr\u00f3pa\u00f0i fa\u00f0ir sveinsins: \u00c9g tr\u00fai, hj\u00e1lpa \u00fe\u00fa vantr\u00fa minni.<a name=\"25\"><span class=\"versanumer\">25<\/span><\/a>N\u00fa s\u00e9r Jes\u00fas, a\u00f0 mannfj\u00f6ldi \u00feyrpist a\u00f0. \u00de\u00e1 hastar hann \u00e1 \u00f3hreina andann og segir: \u00de\u00fa dumbi, daufi andi, \u00e9g b\u00fd\u00f0 \u00fe\u00e9r, far \u00fat af honum, og kom aldrei framar \u00ed hann.<a name=\"26\"><span class=\"versanumer\">26<\/span><\/a>\u00de\u00e1 \u00e6pti andinn, teyg\u00f0i hann mj\u00f6g og f\u00f3r, en sveinninn var\u00f0 sem n\u00e1r, svo a\u00f0 flestir s\u00f6g\u00f0u: Hann er d\u00e1inn.<a name=\"27\"><span class=\"versanumer\">27<\/span><\/a>En Jes\u00fas t\u00f3k \u00ed h\u00f6nd honum og reisti hann upp, og hann st\u00f3\u00f0 \u00e1 f\u00e6tur.<a name=\"28\"><span class=\"versanumer\">28<\/span><\/a>\u00deegar Jes\u00fas var kominn inn og or\u00f0inn einn me\u00f0 l\u00e6risveinum s\u00ednum, spur\u00f0u \u00feeir hann: Hv\u00ed g\u00e1tum v\u00e9r ekki reki\u00f0 hann \u00fat?<a name=\"29\"><span class=\"versanumer\">29<\/span><\/a>Hann m\u00e6lti: \u00deetta kyn ver\u00f0ur eigi \u00fat reki\u00f0 nema me\u00f0 b\u00e6n.<a name=\"30\"><span class=\"versanumer\">30<\/span><\/a>\u00deeir h\u00e9ldu n\u00fa brott \u00fea\u00f0an og f\u00f3ru um Gal\u00edleu, en hann vildi ekki, a\u00f0 neinn vissi \u00fea\u00f0,<a name=\"31\"><span class=\"versanumer\">31<\/span><\/a>\u00fev\u00ed a\u00f0 hann var a\u00f0 kenna l\u00e6risveinum s\u00ednum. Hann sag\u00f0i \u00feeim: Mannssonurinn ver\u00f0ur framseldur \u00ed manna hendur, og \u00feeir munu l\u00edfl\u00e1ta hann, en \u00fe\u00e1 er hann hefur l\u00edfl\u00e1tinn veri\u00f0, mun hann upp r\u00edsa eftir \u00ferj\u00e1 daga.<a name=\"32\"><span class=\"versanumer\">32<\/span><\/a>En \u00feeir skildu ekki \u00fea\u00f0 sem hann sag\u00f0i og \u00feor\u00f0u ekki a\u00f0 spyrja hann.<a name=\"33\"><span class=\"versanumer\">33<\/span><\/a>\u00deeir komu til Kapernaum. \u00deegar hann var kominn inn, spur\u00f0i hann \u00fe\u00e1: Hva\u00f0 voru\u00f0 \u00fe\u00e9r a\u00f0 r\u00e6\u00f0a \u00e1 lei\u00f0inni?<a name=\"34\"><span class=\"versanumer\">34<\/span><\/a>En \u00feeir \u00fe\u00f6g\u00f0u. \u00deeir h\u00f6f\u00f0u veri\u00f0 a\u00f0 r\u00e6\u00f0a \u00fea\u00f0 s\u00edn \u00e1 milli \u00e1 lei\u00f0inni, hver v\u00e6ri mestur.<a name=\"35\"><span class=\"versanumer\">35<\/span><\/a>Hann settist ni\u00f0ur, kalla\u00f0i \u00e1 \u00fe\u00e1 t\u00f3lf og sag\u00f0i vi\u00f0 \u00fe\u00e1: Hver sem vill vera fremstur, s\u00e9 s\u00ed\u00f0astur allra og \u00fej\u00f3nn allra.<a name=\"36\"><span class=\"versanumer\">36<\/span><\/a>Og hann t\u00f3k l\u00edti\u00f0 barn, setti \u00fea\u00f0 me\u00f0al \u00feeirra, t\u00f3k \u00fea\u00f0 s\u00e9r \u00ed fa\u00f0m og sag\u00f0i vi\u00f0 \u00fe\u00e1:<a name=\"37\"><span class=\"versanumer\">37<\/span><\/a>Hver sem tekur vi\u00f0 einu sl\u00edku barni \u00ed m\u00ednu nafni, tekur vi\u00f0 m\u00e9r, og hver sem tekur vi\u00f0 m\u00e9r, tekur ekki a\u00f0eins vi\u00f0 m\u00e9r, heldur og vi\u00f0 \u00feeim er sendi mig.<a name=\"38\"><span class=\"versanumer\">38<\/span><\/a>J\u00f3hannes sag\u00f0i vi\u00f0 hann: Meistari, v\u00e9r s\u00e1um mann reka \u00fat illa anda \u00ed \u00fe\u00ednu nafni, og vildum v\u00e9r varna honum \u00feess, af \u00fev\u00ed a\u00f0 hann fylgdi oss ekki.<a name=\"39\"><span class=\"versanumer\">39<\/span><\/a>Jes\u00fas sag\u00f0i: Varni\u00f0 honum \u00feess ekki, \u00fev\u00ed a\u00f0 enginn er s\u00e1, a\u00f0 hann gj\u00f6ri kraftaverk \u00ed m\u00ednu nafni og geti \u00feegar \u00e1 eftir tala\u00f0 illa um mig.<a name=\"40\"><span class=\"versanumer\">40<\/span><\/a>S\u00e1 sem er ekki \u00e1 m\u00f3ti oss, er me\u00f0 oss.<a name=\"41\"><span class=\"versanumer\">41<\/span><\/a>Hver sem gefur y\u00f0ur bikar vatns a\u00f0 drekka, vegna \u00feess a\u00f0 \u00fe\u00e9r eru\u00f0 Krists, sannlega segi \u00e9g y\u00f0ur, hann mun alls ekki missa af launum s\u00ednum.<a name=\"42\"><span class=\"versanumer\">42<\/span><\/a>Hverjum \u00feeim, sem t\u00e6lir til falls einn af \u00feessum sm\u00e6lingjum, sem tr\u00faa, v\u00e6ri betra a\u00f0 vera varpa\u00f0 \u00ed hafi\u00f0 me\u00f0 mylnustein um h\u00e1lsinn.<a name=\"43\"><span class=\"versanumer\">43<\/span><\/a>Ef h\u00f6nd \u00fe\u00edn t\u00e6lir \u00feig til falls, \u00fe\u00e1 sn\u00ed\u00f0 hana af. Betra er \u00fe\u00e9r handarvana inn a\u00f0 ganga til l\u00edfsins en hafa b\u00e1\u00f0ar hendur og fara til helv\u00edtis, \u00ed hinn \u00f3sl\u00f6kkvanda eld.<a name=\"44\"><span class=\"versanumer\">44<\/span><\/a>\u00dear sem ormarnir deyja ekki og eldurinn slokknar ekki.<a name=\"45\"><span class=\"versanumer\">45<\/span><\/a>Ef f\u00f3tur \u00feinn t\u00e6lir \u00feig til falls, \u00fe\u00e1 sn\u00ed\u00f0 hann af. Betra er \u00fe\u00e9r h\u00f6ltum inn a\u00f0 ganga til l\u00edfsins en hafa b\u00e1\u00f0a f\u00e6tur og ver\u00f0a kasta\u00f0 \u00ed helv\u00edti.<a name=\"46\"><span class=\"versanumer\">46<\/span><\/a>\u00dear sem ormarnir deyja ekki og eldurinn slokknar ekki.<a name=\"47\"><span class=\"versanumer\">47<\/span><\/a>Og ef auga \u00feitt t\u00e6lir \u00feig til falls, \u00fe\u00e1 r\u00edf \u00fea\u00f0 \u00far. Betra er \u00fe\u00e9r eineyg\u00f0um inn a\u00f0 ganga \u00ed Gu\u00f0s r\u00edki en hafa b\u00e6\u00f0i augu og ver\u00f0a kasta\u00f0 \u00ed helv\u00edti,<a name=\"48\"><span class=\"versanumer\">48<\/span><\/a>\u00fear sem ormarnir deyja ekki og eldurinn slokknar ekki.<a name=\"49\"><span class=\"versanumer\">49<\/span><\/a>S\u00e9rhver mun eldi saltast.<a name=\"50\"><span class=\"versanumer\">50<\/span><\/a>Salti\u00f0 er gott, en ef salti\u00f0 missir seltuna, me\u00f0 hverju vilji\u00f0 \u00fe\u00e9r \u00fe\u00e1 krydda \u00fea\u00f0? Hafi\u00f0 salt \u00ed sj\u00e1lfum y\u00f0ur, og haldi\u00f0 fri\u00f0 y\u00f0ar \u00e1 milli.<\/p>\n<div class=\"footnote1981\"><b>9.1<\/b> Gu\u00f0s r\u00edki \u00ed n\u00e1nd Mrk 13.30 \u2013 me\u00f0 krafti R\u00f3m 1.4<br \/>\n<b>9.2-13<\/b> Hlst. Matt 17.1-13; L\u00fak 9.28-36<br \/>\n<b>9.2-8<\/b> Ummyndunin 2P\u00e9t 1.17-18<br \/>\n<b>9.2<\/b> P\u00e9tur, Jakob og J\u00f3hannes Matt 17.1+ ; Mrk 1.29<br \/>\n<b>9.3<\/b> Fannhv\u00edt kl\u00e6\u00f0i Matt 28.3; Opb 3.4; 4.4<br \/>\n<b>9.4<\/b> El\u00eda Matt 11.14; 2Kon 2.11-12<br \/>\n<b>9.5<\/b> Meistari Mrk 11.21; 14.44-45; J\u00f3h 1.38; sbr Mrk 10.51<br \/>\n<b>9.7<\/b> Sk\u00fd Matt 17.5+ &#8211; minn elska\u00f0i sonur Mrk 1.11 og hlst. 2P\u00e9t 1.17 \u2013 hl\u00fd\u00f0i\u00f0 \u00e1 hann 5M\u00f3s 18.15; Post 3.22<br \/>\n<b>9.9<\/b> Banna\u00f0i a\u00f0 segja fr\u00e1 Matt 8.4+ ; Mrk 1.25+<br \/>\n<b>9.11-12<\/b> El\u00eda fyrst Matt 11.14+ ; sbr J\u00f3h 1.21<br \/>\n<b>9.12<\/b> Rita\u00f0 er Jes 53.3; Slm 22.1-19; sbr Mrk 8.31<br \/>\n<b>9.13<\/b> El\u00eda kominn Matt 11.14<br \/>\n<b>9.14-29<\/b> Hlst. Matt 17.14-20; L\u00fak 9.37-43a<br \/>\n<b>9.19<\/b> Vantr\u00faa kynsl\u00f3\u00f0 Matt 12.39+<br \/>\n<b>9.23<\/b> S\u00e1 getur allt Matt 21.21; Mrk 11.23-24; L\u00fak 17.6; sbr Matt 5.36<br \/>\n<b>9.24<\/b> Hj\u00e1lpa vantr\u00fa minni L\u00fak 17.5<br \/>\n<b>9.25<\/b> Hasta \u00e1 Mrk 1.25; L\u00fak 4.39<br \/>\n<b>9.26<\/b> \u00c6pti og f\u00f3r Mrk 1.26<br \/>\n<b>9.27<\/b> T\u00f3k \u00ed h\u00f6nd honum Mrk 1.31; 5.41 og hlst. \u2013 reis upp Matt 9.25; Mrk 1.31; 5.41; L\u00fak 7.14; 8.54; Post 3.7<br \/>\n<b>9.30-32<\/b> Hlst. Matt 17.22-23; L\u00fak 9.43b-45<br \/>\n<b>9.31<\/b> \u00dej\u00e1ningar Mannssonarins Matt 16.21; 20.18-19; Mrk 8.31; 10.33-34; L\u00fak 18.32-33; 24.7<br \/>\n<b>9.33-37<\/b> Hlst. Matt 18.1-5; L\u00fak 9.46-48<br \/>\n<b>9.34<\/b> Hver er mestur? L\u00fak 22.24<br \/>\n<b>9.35<\/b> \u00dej\u00f3nn allra Matt 19.30+ ; 20.26+<br \/>\n<b>9.37<\/b> Taka vi\u00f0 Jes\u00fa Matt 10.40; L\u00fak 10.16; J\u00f3h 13.20<br \/>\n<b>9.38-41<\/b> Hlst. L\u00fak 9.49-50<br \/>\n<b>9.40<\/b> Me\u00f0 e\u00f0a \u00e1 m\u00f3ti Matt 12.30; L\u00fak 11.23<br \/>\n<b>9.41<\/b> Bikar vatns Matt 10.42<br \/>\n<b>9.42-50<\/b> Hlst. Matt 18.6-9; L\u00fak 17.1-2<br \/>\n<b>9.42<\/b> T\u00e6la til falls Matt 5.29<br \/>\n<b>9.43<\/b> H\u00f6nd Matt 5.30<br \/>\n<b>9.47<\/b> Auga Matt 5.29<br \/>\n<b>9.48<\/b> Sbr Jes 66.24<br \/>\n<b>9.50<\/b> Salt Matt 5.13; L\u00fak 14.34 \u2013 hafi\u00f0 salt K\u00f3l 4.6 \u2013 haldi\u00f0 fri\u00f0 R\u00f3m 12.18; 1\u00deess 5.13<\/div>\n","protected":false},"excerpt":{"rendered":"<p>1Og hann sag\u00f0i vi\u00f0 \u00fe\u00e1: Sannlega segi \u00e9g y\u00f0ur: Nokkrir \u00feeirra, sem h\u00e9r standa, munu eigi dau\u00f0a b\u00ed\u00f0a, fyrr en \u00feeir sj\u00e1 Gu\u00f0s r\u00edki komi\u00f0 me\u00f0 krafti.2Eftir sex daga tekur Jes\u00fas me\u00f0 s\u00e9r \u00fe\u00e1 P\u00e9tur, Jakob og J\u00f3hannes og fer me\u00f0 \u00fe\u00e1 upp \u00e1 h\u00e1tt fjall, a\u00f0 \u00feeir v\u00e6ru einir saman. \u00dear ummynda\u00f0ist hann fyrir augum \u00feeirra,3og kl\u00e6\u00f0i hans ur\u00f0u fannhv\u00edt og sk\u00ednandi, og f\u00e6r enginn bleikir \u00e1 j\u00f6r\u00f0u svo hv\u00edtt gj\u00f6rt.4Og \u00feeim birtist El\u00eda \u00e1samt M\u00f3se, og voru \u00feeir \u00e1 tali vi\u00f0 Jes\u00fa.5\u00de\u00e1 tekur P\u00e9tur til m\u00e1ls og segir vi\u00f0 Jes\u00fa: Rabb\u00ed, gott er, a\u00f0 v\u00e9r erum h\u00e9r. Gj\u00f6rum <a href=\"https:\/\/biblian.is\/1981\/markusargudspjall-9-kafli\/\"> [&#8230;]<\/a><\/p>\n","protected":false},"author":1,"featured_media":0,"parent":0,"menu_order":0,"comment_status":"open","ping_status":"open","template":"bibliukaflar.php","meta":{"footnotes":""},"class_list":["post-2313","page","type-page","status-publish","hentry"],"_links":{"self":[{"href":"https:\/\/biblian.is\/1981\/wp-json\/wp\/v2\/pages\/2313","targetHints":{"allow":["GET"]}}],"collection":[{"href":"https:\/\/biblian.is\/1981\/wp-json\/wp\/v2\/pages"}],"about":[{"href":"https:\/\/biblian.is\/1981\/wp-json\/wp\/v2\/types\/page"}],"author":[{"embeddable":true,"href":"https:\/\/biblian.is\/1981\/wp-json\/wp\/v2\/users\/1"}],"replies":[{"embeddable":true,"href":"https:\/\/biblian.is\/1981\/wp-json\/wp\/v2\/comments?post=2313"}],"version-history":[{"count":0,"href":"https:\/\/biblian.is\/1981\/wp-json\/wp\/v2\/pages\/2313\/revisions"}],"wp:attachment":[{"href":"https:\/\/biblian.is\/1981\/wp-json\/wp\/v2\/media?parent=2313"}],"curies":[{"name":"wp","href":"https:\/\/api.w.org\/{rel}","templated":true}]}}