{"id":2311,"date":"2017-11-18T20:21:17","date_gmt":"2017-11-18T20:21:17","guid":{"rendered":"http:\/\/biblian.is\/1981\/markusargudspjall-7-kafli\/"},"modified":"2021-06-06T11:03:51","modified_gmt":"2021-06-06T11:03:51","slug":"markusargudspjall-7-kafli","status":"publish","type":"page","link":"https:\/\/biblian.is\/1981\/markusargudspjall-7-kafli\/","title":{"rendered":"Mark\u00fasargu\u00f0spjall 7. kafli"},"content":{"rendered":"<p><a name=\"1\"><span class=\"versanumer\">1<\/span><\/a>N\u00fa safnast a\u00f0 honum far\u00edsear og nokkrir fr\u00e6\u00f0imenn, komnir fr\u00e1 Jer\u00fasalem.<a name=\"2\"><span class=\"versanumer\">2<\/span><\/a>\u00deeir s\u00e1u, a\u00f0 sumir l\u00e6risveina hans neyttu matar me\u00f0 vanhelgum, \u00fea\u00f0 er \u00f3\u00fevegnum h\u00f6ndum.<a name=\"3\"><span class=\"versanumer\">3<\/span><\/a>En far\u00edsear, og reyndar Gy\u00f0ingar allir, eta ekki nema \u00feeir taki \u00e1\u00f0ur handlaugar, og fylgja \u00feeir svo erf\u00f0avenju forfe\u00f0ra sinna.<a name=\"4\"><span class=\"versanumer\">4<\/span><\/a>Og ekki neyta \u00feeir matar, \u00feegar \u00feeir koma fr\u00e1 torgi, nema \u00feeir hreinsi sig \u00e1\u00f0ur. Margt anna\u00f0 hafa \u00feeir gengist undir a\u00f0 r\u00e6kja, svo sem a\u00f0 hreinsa bikara, k\u00f6nnur og eirkatla.<a name=\"5\"><span class=\"versanumer\">5<\/span><\/a>Far\u00edsearnir og fr\u00e6\u00f0imennirnir spyrja hann: Hvers vegna fylgja l\u00e6risveinar \u00fe\u00ednir ekki erf\u00f0avenju forfe\u00f0ranna, heldur neyta matar me\u00f0 vanhelgum h\u00f6ndum?<a name=\"6\"><span class=\"versanumer\">6<\/span><\/a>Jes\u00fas svarar \u00feeim: Sannsp\u00e1r var Jesaja um y\u00f0ur hr\u00e6snara, \u00fear sem rita\u00f0 er: \u00deessi l\u00fd\u00f0ur hei\u00f0rar mig me\u00f0 v\u00f6runum, en hjarta \u00feeirra er langt fr\u00e1 m\u00e9r.<a name=\"7\"><span class=\"versanumer\">7<\/span><\/a>Til einskis d\u00fdrka \u00feeir mig, er \u00feeir kenna \u00fe\u00e1 l\u00e6rd\u00f3ma, sem eru mannasetningar einar.<a name=\"8\"><span class=\"versanumer\">8<\/span><\/a>\u00de\u00e9r hafni\u00f0 bo\u00f0um Gu\u00f0s, en haldi\u00f0 erfikenning manna.<a name=\"9\"><span class=\"versanumer\">9<\/span><\/a>Enn sag\u00f0i hann vi\u00f0 \u00fe\u00e1: Listavel gj\u00f6ri\u00f0 \u00fe\u00e9r a\u00f0 engu bo\u00f0 Gu\u00f0s, svo \u00fe\u00e9r geti\u00f0 r\u00e6kt erfikenning y\u00f0ar.<a name=\"10\"><span class=\"versanumer\">10<\/span><\/a>M\u00f3se sag\u00f0i: Hei\u00f0ra f\u00f6\u00f0ur \u00feinn og m\u00f3\u00f0ur \u00fe\u00edna. og Hver sem form\u00e6lir f\u00f6\u00f0ur e\u00f0a m\u00f3\u00f0ur, skal dau\u00f0a deyja.<a name=\"11\"><span class=\"versanumer\">11<\/span><\/a>En \u00fe\u00e9r segi\u00f0: Ef ma\u00f0ur segir vi\u00f0 f\u00f6\u00f0ur sinn e\u00f0a m\u00f3\u00f0ur: \u00dea\u00f0, sem \u00fe\u00e9r hef\u00f0i geta\u00f0 or\u00f0i\u00f0 til styrktar fr\u00e1 m\u00e9r, er korban, \u00fea\u00f0 er musterisf\u00e9,<a name=\"12\"><span class=\"versanumer\">12<\/span><\/a>\u00fe\u00e1 leyfi\u00f0 \u00fe\u00e9r honum ekki framar a\u00f0 gj\u00f6ra neitt fyrir f\u00f6\u00f0ur sinn e\u00f0a m\u00f3\u00f0ur.<a name=\"13\"><span class=\"versanumer\">13<\/span><\/a>\u00deannig l\u00e1ti\u00f0 \u00fe\u00e9r erfikenning y\u00f0ar, sem \u00fe\u00e9r fylgi\u00f0 fram, \u00f3gilda or\u00f0 Gu\u00f0s. Og margt anna\u00f0 gj\u00f6ri\u00f0 \u00fe\u00e9r \u00feessu l\u00edkt.<a name=\"14\"><span class=\"versanumer\">14<\/span><\/a>Aftur kalla\u00f0i hann til s\u00edn mannfj\u00f6ldann og sag\u00f0i: Heyri\u00f0 mig allir, og skilji\u00f0.<a name=\"15\"><span class=\"versanumer\">15<\/span><\/a>Ekkert er \u00fea\u00f0 utan mannsins, er saurgi hann, \u00fe\u00f3tt inn \u00ed hann fari. Hitt saurgar manninn, sem \u00fat fr\u00e1 honum fer.<a name=\"16\"><span class=\"versanumer\">16<\/span><\/a>Ef einhver hefur eyru a\u00f0 heyra, hann heyri!<a name=\"17\"><span class=\"versanumer\">17<\/span><\/a>\u00deegar hann var kominn inn fr\u00e1 f\u00f3lkinu, spur\u00f0u l\u00e6risveinar hans hann um l\u00edkinguna.<a name=\"18\"><span class=\"versanumer\">18<\/span><\/a>Og hann segir vi\u00f0 \u00fe\u00e1: Eru\u00f0 \u00fe\u00e9r einnig svo skilningslausir? Skilji\u00f0 \u00fe\u00e9r eigi, a\u00f0 ekkert, sem fer inn \u00ed manninn utan fr\u00e1, getur saurga\u00f0 hann?<a name=\"19\"><span class=\"versanumer\">19<\/span><\/a>\u00dev\u00ed a\u00f0 ekki fer \u00fea\u00f0 inn \u00ed hjarta hans, heldur maga og \u00fat s\u00ed\u00f0an \u00ed safn\u00fer\u00f3na. \u00deannig l\u00fdsti hann alla f\u00e6\u00f0u hreina.<a name=\"20\"><span class=\"versanumer\">20<\/span><\/a>Og hann sag\u00f0i: \u00dea\u00f0 sem fer \u00fat fr\u00e1 manninum, \u00fea\u00f0 saurgar manninn.<a name=\"21\"><span class=\"versanumer\">21<\/span><\/a>\u00dev\u00ed a\u00f0 innan fr\u00e1, \u00far hjarta mannsins, koma hinar illu hugsanir, saurlifna\u00f0ur, \u00fej\u00f3fna\u00f0ur, manndr\u00e1p,<a name=\"22\"><span class=\"versanumer\">22<\/span><\/a>h\u00f3rd\u00f3mur, \u00e1girnd, illmennska, sviksemi, taumleysi, \u00f6fund, lastm\u00e6lgi, hroki, heimska.<a name=\"23\"><span class=\"versanumer\">23<\/span><\/a>Allt \u00feetta illa kemur innan a\u00f0 og saurgar manninn.<a name=\"24\"><span class=\"versanumer\">24<\/span><\/a>Hann t\u00f3k sig upp \u00fea\u00f0an og h\u00e9lt til bygg\u00f0a T\u00fdrusar. \u00dear f\u00f3r hann inn \u00ed h\u00fas og vildi engan l\u00e1ta vita. En eigi f\u00e9kk hann dulist.<a name=\"25\"><span class=\"versanumer\">25<\/span><\/a>Kona ein fr\u00e9tti \u00feegar af honum og kom og f\u00e9ll honum til f\u00f3ta, en d\u00f3ttir hennar haf\u00f0i \u00f3hreinan anda.<a name=\"26\"><span class=\"versanumer\">26<\/span><\/a>Konan var hei\u00f0in, \u00e6ttu\u00f0 \u00far F\u00f6nik\u00edu s\u00fdrlensku. H\u00fan ba\u00f0 hann a\u00f0 reka illa andann \u00fat af d\u00f3ttur sinni.<a name=\"27\"><span class=\"versanumer\">27<\/span><\/a>Hann sag\u00f0i vi\u00f0 hana: Lofa\u00f0u b\u00f6rnunum a\u00f0 se\u00f0jast fyrst, ekki s\u00e6mir a\u00f0 taka brau\u00f0 barnanna og kasta \u00fev\u00ed fyrir hundana.<a name=\"28\"><span class=\"versanumer\">28<\/span><\/a>H\u00fan svara\u00f0i honum: Satt er \u00fea\u00f0, herra, \u00fe\u00f3 eta hundarnir undir bor\u00f0inu af molum barnanna.<a name=\"29\"><span class=\"versanumer\">29<\/span><\/a>Og hann sag\u00f0i vi\u00f0 hana: Vegna \u00feessara or\u00f0a skaltu heim sn\u00faa, illi andinn er farinn \u00far d\u00f3ttur \u00feinni.<a name=\"30\"><span class=\"versanumer\">30<\/span><\/a>H\u00fan f\u00f3r heim, fann barni\u00f0 liggjandi \u00e1 r\u00faminu, og illi andinn var farinn.<a name=\"31\"><span class=\"versanumer\">31<\/span><\/a>S\u00ed\u00f0an h\u00e9lt hann \u00far T\u00fdrusarbygg\u00f0um, um S\u00eddon og yfir Dekap\u00f3lisbygg\u00f0ir mi\u00f0jar til Gal\u00edleuvatns.<a name=\"32\"><span class=\"versanumer\">32<\/span><\/a>\u00de\u00e1 f\u00e6ra \u00feeir til hans mann, daufan og m\u00e1lhaltan, og bi\u00f0ja hann a\u00f0 leggja h\u00f6nd s\u00edna yfir hann.<a name=\"33\"><span class=\"versanumer\">33<\/span><\/a>Jes\u00fas leiddi hann afs\u00ed\u00f0is fr\u00e1 f\u00f3lkinu, stakk fingrum s\u00ednum \u00ed eyru honum og v\u00e6tti tungu hans me\u00f0 munnvatni s\u00ednu.<a name=\"34\"><span class=\"versanumer\">34<\/span><\/a>\u00de\u00e1 leit hann upp til himins, andvarpa\u00f0i og sag\u00f0i vi\u00f0 hann: Effa\u00fea, \u00fea\u00f0 er: Opnist \u00fe\u00fa.<a name=\"35\"><span class=\"versanumer\">35<\/span><\/a>Og eyru hans opnu\u00f0ust, og haft tungu hans losna\u00f0i, og hann tala\u00f0i sk\u00fdrt.<a name=\"36\"><span class=\"versanumer\">36<\/span><\/a>Jes\u00fas banna\u00f0i \u00feeim a\u00f0 segja \u00feetta neinum, en svo mj\u00f6g sem hann banna\u00f0i \u00feeim, \u00fev\u00ed frekar s\u00f6g\u00f0u \u00feeir fr\u00e1 \u00fev\u00ed.<a name=\"37\"><span class=\"versanumer\">37<\/span><\/a>Menn undru\u00f0ust n\u00e6sta mj\u00f6g og s\u00f6g\u00f0u: Allt gj\u00f6rir hann vel, daufa l\u00e6tur hann heyra og m\u00e1llausa m\u00e6la.<\/p>\n<div class=\"footnote1981\"><b>7.1-23<\/b> Hlst. Matt 15.1-20<br \/>\n<b>7.2<\/b> Hreinsunarsi\u00f0a ekki g\u00e6tt L\u00fak 11.38<br \/>\n<b>7.4<\/b> Hreinsun bikara Matt 23.25; L\u00fak 11.39<br \/>\n<b>7.6-7<\/b> Sbr Jes 29.13<br \/>\n<b>7.10<\/b> Sbr 2M\u00f3s 20.12; 5M\u00f3s 5.16; Matt 15.4+ &#8211; form\u00e6la f\u00f6\u00f0ur e\u00f0a m\u00f3\u00f0ur 2M\u00f3s 21.17; 3M\u00f3s 20.9<br \/>\n<b>7.17<\/b> L\u00e6risveinarnir spyrja Jes\u00fa Matt 13.36; Mrk 4.10; L\u00fak 8.9<br \/>\n<b>7.19<\/b> \u00d6ll f\u00e6\u00f0a l\u00fdst hrein Post 10.9-16; T\u00edt 1.15<br \/>\n<b>7.21-22<\/b> Lestir Matt 15.19+<br \/>\n<b>7.24-30<\/b> Hlst. Matt 15.21-28<br \/>\n<b>7.32<\/b> Leggja hendur yfir Matt 9.18+ ; Mrk 5.23+<br \/>\n<b>7.33<\/b> Sbr Mrk 8.23<br \/>\n<b>7.34<\/b> Leit upp til himins Matt 14.19; Mrk 6.41<br \/>\n<b>7.36<\/b> Banna\u00f0i \u00feeim a\u00f0 segja fr\u00e1 Mrk 1.25+ &#8211; \u00fev\u00ed frekar Mrk 1.45<br \/>\n<b>7.37<\/b> Daufir, m\u00e1llausir Jes 35.5-6; Matt 11.5 og hlst.<\/div>\n","protected":false},"excerpt":{"rendered":"<p>1N\u00fa safnast a\u00f0 honum far\u00edsear og nokkrir fr\u00e6\u00f0imenn, komnir fr\u00e1 Jer\u00fasalem.2\u00deeir s\u00e1u, a\u00f0 sumir l\u00e6risveina hans neyttu matar me\u00f0 vanhelgum, \u00fea\u00f0 er \u00f3\u00fevegnum h\u00f6ndum.3En far\u00edsear, og reyndar Gy\u00f0ingar allir, eta ekki nema \u00feeir taki \u00e1\u00f0ur handlaugar, og fylgja \u00feeir svo erf\u00f0avenju forfe\u00f0ra sinna.4Og ekki neyta \u00feeir matar, \u00feegar \u00feeir koma fr\u00e1 torgi, nema \u00feeir hreinsi sig \u00e1\u00f0ur. Margt anna\u00f0 hafa \u00feeir gengist undir a\u00f0 r\u00e6kja, svo sem a\u00f0 hreinsa bikara, k\u00f6nnur og eirkatla.5Far\u00edsearnir og fr\u00e6\u00f0imennirnir spyrja hann: Hvers vegna fylgja l\u00e6risveinar \u00fe\u00ednir ekki erf\u00f0avenju forfe\u00f0ranna, heldur neyta matar me\u00f0 vanhelgum h\u00f6ndum?6Jes\u00fas svarar \u00feeim: Sannsp\u00e1r var Jesaja um y\u00f0ur hr\u00e6snara, \u00fear <a href=\"https:\/\/biblian.is\/1981\/markusargudspjall-7-kafli\/\"> [&#8230;]<\/a><\/p>\n","protected":false},"author":1,"featured_media":0,"parent":0,"menu_order":0,"comment_status":"open","ping_status":"open","template":"bibliukaflar.php","meta":{"footnotes":""},"class_list":["post-2311","page","type-page","status-publish","hentry"],"_links":{"self":[{"href":"https:\/\/biblian.is\/1981\/wp-json\/wp\/v2\/pages\/2311","targetHints":{"allow":["GET"]}}],"collection":[{"href":"https:\/\/biblian.is\/1981\/wp-json\/wp\/v2\/pages"}],"about":[{"href":"https:\/\/biblian.is\/1981\/wp-json\/wp\/v2\/types\/page"}],"author":[{"embeddable":true,"href":"https:\/\/biblian.is\/1981\/wp-json\/wp\/v2\/users\/1"}],"replies":[{"embeddable":true,"href":"https:\/\/biblian.is\/1981\/wp-json\/wp\/v2\/comments?post=2311"}],"version-history":[{"count":0,"href":"https:\/\/biblian.is\/1981\/wp-json\/wp\/v2\/pages\/2311\/revisions"}],"wp:attachment":[{"href":"https:\/\/biblian.is\/1981\/wp-json\/wp\/v2\/media?parent=2311"}],"curies":[{"name":"wp","href":"https:\/\/api.w.org\/{rel}","templated":true}]}}