{"id":2310,"date":"2017-11-18T20:21:17","date_gmt":"2017-11-18T20:21:17","guid":{"rendered":"http:\/\/biblian.is\/1981\/markusargudspjall-6-kafli\/"},"modified":"2021-06-06T11:03:50","modified_gmt":"2021-06-06T11:03:50","slug":"markusargudspjall-6-kafli","status":"publish","type":"page","link":"https:\/\/biblian.is\/1981\/markusargudspjall-6-kafli\/","title":{"rendered":"Mark\u00fasargu\u00f0spjall 6. kafli"},"content":{"rendered":"<p><a name=\"1\"><span class=\"versanumer\">1<\/span><\/a>\u00dea\u00f0an f\u00f3r Jes\u00fas og kom \u00ed \u00e6ttborg s\u00edna, og l\u00e6risveinar hans fylgdu honum.<a name=\"2\"><span class=\"versanumer\">2<\/span><\/a>\u00deegar hv\u00edldardagur var kominn, t\u00f3k hann a\u00f0 kenna \u00ed samkundunni, og \u00feeir m\u00f6rgu, sem \u00e1 hl\u00fdddu, undru\u00f0ust st\u00f3rum. \u00deeir s\u00f6g\u00f0u: Hva\u00f0an kemur honum \u00feetta? Hver er s\u00fa speki, sem honum er gefin, og \u00feau kraftaverk, sem gj\u00f6rast fyrir hendur hans?<a name=\"3\"><span class=\"versanumer\">3<\/span><\/a>Er \u00feetta ekki smi\u00f0urinn, sonur Mar\u00edu, br\u00f3\u00f0ir \u00feeirra Jakobs, J\u00f3se, J\u00fadasar og S\u00edmonar? Og eru ekki systur hans h\u00e9r hj\u00e1 oss? Og \u00feeir hneykslu\u00f0ust \u00e1 honum.<a name=\"4\"><span class=\"versanumer\">4<\/span><\/a>\u00de\u00e1 sag\u00f0i Jes\u00fas: Hvergi er sp\u00e1ma\u00f0ur minna metinn en \u00ed landi s\u00ednu, me\u00f0 fr\u00e6ndum og heimam\u00f6nnum.<a name=\"5\"><span class=\"versanumer\">5<\/span><\/a>Og hann gat ekki gj\u00f6rt \u00fear neitt kraftaverk, nema hann lag\u00f0i hendur yfir nokkra sj\u00faka og l\u00e6kna\u00f0i \u00fe\u00e1.<a name=\"6\"><span class=\"versanumer\">6<\/span><\/a>Og hann undra\u00f0ist vantr\u00fa \u00feeirra. Hann f\u00f3r n\u00fa um \u00feorpin \u00fear \u00ed kring og kenndi.<a name=\"7\"><span class=\"versanumer\">7<\/span><\/a>Og hann kalla\u00f0i \u00fe\u00e1 t\u00f3lf til s\u00edn, t\u00f3k a\u00f0 senda \u00fe\u00e1 \u00fat, tvo og tvo, og gaf \u00feeim vald yfir \u00f3hreinum \u00f6ndum.<a name=\"8\"><span class=\"versanumer\">8<\/span><\/a>Hann bau\u00f0 \u00feeim a\u00f0 taka ekkert til fer\u00f0arinnar anna\u00f0 en staf, ekki brau\u00f0, mal n\u00e9 peninga \u00ed belti.<a name=\"9\"><span class=\"versanumer\">9<\/span><\/a>\u00deeir skyldu hafa sk\u00f3 \u00e1 f\u00f3tum, en ekki tvo kyrtla.<a name=\"10\"><span class=\"versanumer\">10<\/span><\/a>Og hann sag\u00f0i vi\u00f0 \u00fe\u00e1: Hvar sem \u00fe\u00e9r f\u00e1i\u00f0 inni, \u00fear s\u00e9 a\u00f0setur y\u00f0ar, uns \u00fe\u00e9r leggi\u00f0 upp a\u00f0 n\u00fdju.<a name=\"11\"><span class=\"versanumer\">11<\/span><\/a>En hvar sem ekki er teki\u00f0 vi\u00f0 y\u00f0ur n\u00e9 \u00e1 y\u00f0ur hl\u00fdtt, \u00fea\u00f0an skulu\u00f0 \u00fe\u00e9r fara og hrista dusti\u00f0 af f\u00f3tum y\u00f0ar \u00feeim til vitnisbur\u00f0ar.<a name=\"12\"><span class=\"versanumer\">12<\/span><\/a>\u00deeir l\u00f6g\u00f0u af sta\u00f0 og pr\u00e9diku\u00f0u, a\u00f0 menn skyldu gj\u00f6ra i\u00f0run,<a name=\"13\"><span class=\"versanumer\">13<\/span><\/a>r\u00e1ku \u00fat marga illa anda og smur\u00f0u marga sj\u00faka me\u00f0 ol\u00edu og l\u00e6knu\u00f0u \u00fe\u00e1.<a name=\"14\"><span class=\"versanumer\">14<\/span><\/a>Her\u00f3des konungur fr\u00e9tti \u00feetta, enda var nafn Jes\u00fa or\u00f0i\u00f0 v\u00ed\u00f0fr\u00e6gt. S\u00f6g\u00f0u sumir: J\u00f3hannes sk\u00edrari er risinn upp fr\u00e1 dau\u00f0um, \u00feess vegna eru kraftarnir a\u00f0 verki \u00ed honum.<a name=\"15\"><span class=\"versanumer\">15<\/span><\/a>A\u00f0rir s\u00f6g\u00f0u: Hann er El\u00eda, enn a\u00f0rir: Hann er sp\u00e1ma\u00f0ur eins og sp\u00e1mennirnir fornu.<a name=\"16\"><span class=\"versanumer\">16<\/span><\/a>\u00deegar Her\u00f3des heyr\u00f0i \u00feetta, sag\u00f0i hann: J\u00f3hannes, sem \u00e9g l\u00e9t h\u00e1lsh\u00f6ggva, hann er upp risinn.<a name=\"17\"><span class=\"versanumer\">17<\/span><\/a>En Her\u00f3des haf\u00f0i sent menn a\u00f0 taka J\u00f3hannes h\u00f6ndum, fj\u00f6tra hann og varpa \u00ed fangelsi vegna Her\u00f3d\u00edasar, konu Filippusar, br\u00f3\u00f0ur s\u00edns. Hann haf\u00f0i gengi\u00f0 a\u00f0 eiga hana,<a name=\"18\"><span class=\"versanumer\">18<\/span><\/a>en J\u00f3hannes haf\u00f0i sagt vi\u00f0 Her\u00f3des: \u00de\u00fa m\u00e1tt ekki eiga konu br\u00f3\u00f0ur \u00fe\u00edns.<a name=\"19\"><span class=\"versanumer\">19<\/span><\/a>\u00deess vegna lag\u00f0i Her\u00f3d\u00edas f\u00e6\u00f0 \u00e1 J\u00f3hannes og vildi dey\u00f0a hann, en gat ekki,<a name=\"20\"><span class=\"versanumer\">20<\/span><\/a>\u00fev\u00ed a\u00f0 Her\u00f3des haf\u00f0i beyg af honum og vernda\u00f0i hann, \u00fear e\u00f0 hann vissi, a\u00f0 hann var ma\u00f0ur r\u00e9ttl\u00e1tur og heilagur. Hann komst \u00ed mikinn vanda, \u00feegar hann hl\u00fdddi \u00e1 m\u00e1l hans, en \u00fe\u00f3 var honum lj\u00faft a\u00f0 hlusta \u00e1 hann.<a name=\"21\"><span class=\"versanumer\">21<\/span><\/a>&#8222;En n\u00fa kom hentugur dagur; \u00e1 afm\u00e6li s\u00ednu gj\u00f6r\u00f0i Her\u00f3des veislu g\u00e6\u00f0ingum s\u00ednum, hersh\u00f6f\u00f0ingjum og fyrirm\u00f6nnum Gal\u00edleu.&#8220;<a name=\"22\"><span class=\"versanumer\">22<\/span><\/a>D\u00f3ttir Her\u00f3d\u00edasar gekk \u00fear inn og st\u00e9 dans. H\u00fan hreif Her\u00f3des og gesti hans, og konungur sag\u00f0i vi\u00f0 st\u00falkuna: Bi\u00f0 mig hvers \u00fe\u00fa vilt, og mun \u00e9g veita \u00fe\u00e9r.<a name=\"23\"><span class=\"versanumer\">23<\/span><\/a>Og hann s\u00f3r henni: Hva\u00f0 sem \u00fe\u00fa bi\u00f0ur um, \u00fea\u00f0 mun \u00e9g veita \u00fe\u00e9r, allt a\u00f0 helmingi r\u00edkis m\u00edns.<a name=\"24\"><span class=\"versanumer\">24<\/span><\/a>H\u00fan gekk \u00fe\u00e1 \u00fat og spur\u00f0i m\u00f3\u00f0ur s\u00edna: Um hva\u00f0 \u00e1 \u00e9g a\u00f0 bi\u00f0ja? H\u00fan svara\u00f0i: H\u00f6fu\u00f0 J\u00f3hannesar sk\u00edrara.<a name=\"25\"><span class=\"versanumer\">25<\/span><\/a>Jafnskj\u00f3tt skunda\u00f0i h\u00fan til konungs og ba\u00f0 hann: Gef m\u00e9r \u00feegar \u00e1 fati h\u00f6fu\u00f0 J\u00f3hannesar sk\u00edrara.<a name=\"26\"><span class=\"versanumer\">26<\/span><\/a>Konungur var\u00f0 hryggur vi\u00f0, en vegna ei\u00f0sins og gesta sinna vildi hann ekki synja henni \u00feessa,<a name=\"27\"><span class=\"versanumer\">27<\/span><\/a>heldur sendi \u00feegar var\u00f0mann og bau\u00f0 a\u00f0 f\u00e6ra s\u00e9r h\u00f6fu\u00f0 J\u00f3hannesar. Hann f\u00f3r og hj\u00f3 af h\u00f6fu\u00f0 J\u00f3hannesar \u00ed fangelsinu,<a name=\"28\"><span class=\"versanumer\">28<\/span><\/a>kom me\u00f0 h\u00f6fu\u00f0 hans \u00e1 fati og f\u00e6r\u00f0i st\u00falkunni, en st\u00falkan m\u00f3\u00f0ur sinni.<a name=\"29\"><span class=\"versanumer\">29<\/span><\/a>\u00deegar l\u00e6risveinar hans fr\u00e9ttu \u00feetta, komu \u00feeir, t\u00f3ku l\u00edk hans og l\u00f6g\u00f0u \u00ed gr\u00f6f.<a name=\"30\"><span class=\"versanumer\">30<\/span><\/a>Postularnir komu n\u00fa aftur til Jes\u00fa og s\u00f6g\u00f0u honum fr\u00e1 \u00f6llu \u00fev\u00ed, er \u00feeir h\u00f6f\u00f0u gj\u00f6rt og kennt.<a name=\"31\"><span class=\"versanumer\">31<\/span><\/a>Hann sag\u00f0i vi\u00f0 \u00fe\u00e1: Komi\u00f0 \u00fe\u00e9r n\u00fa \u00e1 \u00f3bygg\u00f0an sta\u00f0, svo a\u00f0 v\u00e9r s\u00e9um einir saman, og hv\u00edlist um stund. En fj\u00f6ldi f\u00f3lks var st\u00f6\u00f0ugt a\u00f0 koma og fara, svo a\u00f0 \u00feeir h\u00f6f\u00f0u ekki einu sinni n\u00e6\u00f0i til a\u00f0 matast.<a name=\"32\"><span class=\"versanumer\">32<\/span><\/a>Og \u00feeir f\u00f3ru \u00e1 b\u00e1tnum einir saman \u00e1 \u00f3bygg\u00f0an sta\u00f0.<a name=\"33\"><span class=\"versanumer\">33<\/span><\/a>Menn s\u00e1u \u00fe\u00e1 fara, og margir \u00feekktu \u00fe\u00e1, og n\u00fa streymdi f\u00f3lk \u00feanga\u00f0 gangandi \u00far \u00f6llum borgunum og var\u00f0 \u00e1 undan \u00feeim.<a name=\"34\"><span class=\"versanumer\">34<\/span><\/a>\u00deegar Jes\u00fas steig \u00e1 land, s\u00e1 hann \u00fear mikinn mannfj\u00f6lda, og hann kenndi \u00ed brj\u00f3sti um \u00fe\u00e1, \u00fev\u00ed a\u00f0 \u00feeir voru sem sau\u00f0ir, er engan hir\u00f0i hafa. Og hann kenndi \u00feeim margt.<a name=\"35\"><span class=\"versanumer\">35<\/span><\/a>\u00de\u00e1 er mj\u00f6g var \u00e1li\u00f0i\u00f0 dags, komu l\u00e6risveinar hans a\u00f0 m\u00e1li vi\u00f0 hann og s\u00f6g\u00f0u: H\u00e9r er engin mannabygg\u00f0 og langt \u00e1 daginn li\u00f0i\u00f0.<a name=\"36\"><span class=\"versanumer\">36<\/span><\/a>L\u00e1t \u00fe\u00e1 fara, a\u00f0 \u00feeir geti n\u00e1\u00f0 til b\u00fdla og \u00feorpa h\u00e9r \u00ed kring og keypt s\u00e9r eitthva\u00f0 til matar.<a name=\"37\"><span class=\"versanumer\">37<\/span><\/a>En hann svara\u00f0i \u00feeim: Gefi\u00f0 \u00feeim sj\u00e1lfir a\u00f0 eta. \u00deeir svara honum: Eigum v\u00e9r a\u00f0 fara og kaupa brau\u00f0 fyrir tv\u00f6 hundru\u00f0 denara og gefa \u00feeim a\u00f0 eta?<a name=\"38\"><span class=\"versanumer\">38<\/span><\/a>Jes\u00fas spyr \u00fe\u00e1: Hve m\u00f6rg brau\u00f0 hafi\u00f0 \u00fe\u00e9r? Fari\u00f0 og g\u00e6ti\u00f0 a\u00f0. \u00deeir hug\u00f0u a\u00f0 og sv\u00f6ru\u00f0u: Fimm brau\u00f0 og tvo fiska.<a name=\"39\"><span class=\"versanumer\">39<\/span><\/a>\u00de\u00e1 bau\u00f0 hann \u00feeim a\u00f0 l\u00e1ta alla setjast \u00ed gr\u00e6ngresi\u00f0 og skipta s\u00e9r \u00ed h\u00f3pa.<a name=\"40\"><span class=\"versanumer\">40<\/span><\/a>\u00deeir settust ni\u00f0ur \u00ed flokkum, hundra\u00f0 \u00ed sumum, en fimmt\u00edu \u00ed \u00f6\u00f0rum.<a name=\"41\"><span class=\"versanumer\">41<\/span><\/a>Og hann t\u00f3k brau\u00f0in fimm og fiskana tvo, leit upp til himins, \u00feakka\u00f0i Gu\u00f0i, braut brau\u00f0in og gaf l\u00e6risveinunum til a\u00f0 bera fram fyrir mannfj\u00f6ldann. Fiskunum tveim skipti hann og me\u00f0al allra.<a name=\"42\"><span class=\"versanumer\">42<\/span><\/a>Og \u00feeir neyttu allir og ur\u00f0u mettir.<a name=\"43\"><span class=\"versanumer\">43<\/span><\/a>\u00deeir t\u00f3ku saman brau\u00f0bitana, er fylltu t\u00f3lf k\u00f6rfur, svo og fiskleifarnar.<a name=\"44\"><span class=\"versanumer\">44<\/span><\/a>En \u00feeir, sem brau\u00f0anna neyttu, voru fimm \u00fe\u00fasund karlmenn.<a name=\"45\"><span class=\"versanumer\">45<\/span><\/a>Tafarlaust kn\u00fa\u00f0i hann l\u00e6risveina s\u00edna a\u00f0 fara \u00ed b\u00e1tinn og halda \u00e1 undan yfir til Betsa\u00eddu, me\u00f0an hann sendi f\u00f3lki\u00f0 brott.<a name=\"46\"><span class=\"versanumer\">46<\/span><\/a>Og \u00fe\u00e1 er hann haf\u00f0i kvatt \u00fea\u00f0, f\u00f3r hann til fjalls a\u00f0 bi\u00f0jast fyrir.<a name=\"47\"><span class=\"versanumer\">47<\/span><\/a>\u00deegar kv\u00f6ld var komi\u00f0, var b\u00e1turinn \u00e1 mi\u00f0ju vatni, en hann einn \u00e1 landi.<a name=\"48\"><span class=\"versanumer\">48<\/span><\/a>Hann s\u00e1, a\u00f0 \u00feeim var \u00feungur r\u00f3\u00f0urinn, \u00fev\u00ed a\u00f0 vindur var \u00e1 m\u00f3ti \u00feeim, og er langt var li\u00f0i\u00f0 n\u00e6tur kemur hann til \u00feeirra, gangandi \u00e1 vatninu, og \u00e6tlar fram hj\u00e1 \u00feeim.<a name=\"49\"><span class=\"versanumer\">49<\/span><\/a>\u00deegar \u00feeir s\u00e1u hann ganga \u00e1 vatninu, hug\u00f0u \u00feeir, a\u00f0 \u00fear f\u00e6ri vofa, og \u00e6ptu upp yfir sig.<a name=\"50\"><span class=\"versanumer\">50<\/span><\/a>\u00dev\u00ed a\u00f0 allir s\u00e1u \u00feeir hann og var\u00f0 \u00feeim bilt vi\u00f0. En Jes\u00fas m\u00e6lti jafnskj\u00f3tt til \u00feeirra: Veri\u00f0 hughraustir, \u00fea\u00f0 er \u00e9g, veri\u00f0 \u00f3hr\u00e6ddir.<a name=\"51\"><span class=\"versanumer\">51<\/span><\/a>Og hann st\u00e9 \u00ed b\u00e1tinn til \u00feeirra og l\u00e6g\u00f0i \u00fe\u00e1 vindinn. Og \u00feeir ur\u00f0u \u00f6ldungis agndofa,<a name=\"52\"><span class=\"versanumer\">52<\/span><\/a>enda h\u00f6f\u00f0u \u00feeir ekki skili\u00f0 \u00fea\u00f0, sem gj\u00f6rst haf\u00f0i me\u00f0 brau\u00f0in, hj\u00f6rtu \u00feeirra voru blind.<a name=\"53\"><span class=\"versanumer\">53<\/span><\/a>\u00deegar \u00feeir h\u00f6f\u00f0u n\u00e1\u00f0 yfir um, komu \u00feeir a\u00f0 landi vi\u00f0 Genesaret og l\u00f6g\u00f0u \u00fear a\u00f0.<a name=\"54\"><span class=\"versanumer\">54<\/span><\/a>Um lei\u00f0 og \u00feeir stigu \u00far b\u00e1tnum, \u00feekktu menn hann.<a name=\"55\"><span class=\"versanumer\">55<\/span><\/a>Og f\u00f3lk t\u00f3k a\u00f0 streyma fram og aftur um allt \u00fea\u00f0 h\u00e9ra\u00f0 og bera sj\u00faklinga \u00ed bur\u00f0arrekkjum hvert \u00feanga\u00f0, sem \u00feeir heyr\u00f0u, a\u00f0 hann v\u00e6ri.<a name=\"56\"><span class=\"versanumer\">56<\/span><\/a>Og hvar sem hann kom \u00ed \u00feorp, borgir e\u00f0a \u00e1 b\u00e6i, l\u00f6g\u00f0u menn sj\u00faka \u00e1 torgin og b\u00e1\u00f0u hann, a\u00f0 \u00feeir fengju r\u00e9tt a\u00f0 snerta fald kl\u00e6\u00f0a hans, og allir \u00feeir, sem snertu hann, ur\u00f0u heilir.<\/p>\n<div class=\"footnote1981\"><b>6.1-6a<\/b> Hlst. Matt 13.53-58; L\u00fak 4.16-30<br \/>\n<b>6.2<\/b> Undrun Mrk 1.22+ &#8211; hver er s\u00fa speki? J\u00f3h 7.15<br \/>\n<b>6.3<\/b> Sonur Mar\u00edu J\u00f3h 6.42 \u2013 m\u00f3\u00f0ir og br\u00e6\u00f0ur Jes\u00fa Mrk 3.31+ &#8211; ors\u00f6k hneykslunar Matt 5.29+<br \/>\n<b>6.4<\/b> Sp\u00e1ma\u00f0ur \u00ed f\u00f6\u00f0urlandi L\u00fak 4.24; J\u00f3h 4.44<br \/>\n<b>6.5<\/b> L\u00e6kning og tr\u00fa Mrk 2.5+ &#8211; Jes\u00fas l\u00e6knar Matt 14.14; Mrk 6.13 \u2013 lag\u00f0i hendur yfir Matt 9.18+ ; Mrk 5.23+<br \/>\n<b>66b-13<\/b> Hlst. Matt 10.1,5-15; L\u00fak 9.1-6<br \/>\n<b>6.7<\/b> Tveir og tveir L\u00fak 10.1<br \/>\n<b>6.8<\/b> Bau\u00f0 \u00feeim &#8230; L\u00fak 10.4<br \/>\n<b>6.10<\/b> A\u00f0setur L\u00fak 10.7<br \/>\n<b>6.11<\/b> Hrista dusti\u00f0 L\u00fak 10.11; Post 13.51 \u2013 til vi\u00f0v\u00f6runar Matt 8.4; 10.18; Mrk 1.44; 13.9; L\u00fak 5.14<br \/>\n<b>6.12<\/b> Taka sinnaskiptum Matt 3.2+<br \/>\n<b>6.13<\/b> Smurning me\u00f0 ol\u00edu Jak 5.14 \u2013 l\u00e6kningar Matt 14.14; Mrk 6.5<br \/>\n<b>6.14-29<\/b> Hlst. Matt 14.1-12; L\u00fak 9.7-9<br \/>\n<b>6.14<\/b> Her\u00f3des Matt 14.1+<br \/>\n<b>6.14-15<\/b> Hvern menn t\u00f6ldu Jes\u00fa vera Matt 16.14 og hlst.<br \/>\n<b>6.15<\/b> El\u00eda Matt 11.14+ ; Mrk 9.4 \u2013 Jes\u00fas talinn sp\u00e1ma\u00f0ur Matt 16.14+ ; sbr Matt 21.11<br \/>\n<b>6.18<\/b> \u00d3leyfilegt 3M\u00f3s 18.16<br \/>\n<b>6.23<\/b> Hva\u00f0 sem \u00fe\u00fa bi\u00f0ur um Est 5.3,6; 7.2<br \/>\n<b>6.29<\/b> L\u00f6g\u00f0u \u00ed gr\u00f6f Matt 27.59-60; L\u00fak 23.52-53; J\u00f3h 19.38,41<br \/>\n<b>6.30-44<\/b> Hlst Matt 14.13-22; L\u00fak 9.10-17; J\u00f3h 6.1-14<br \/>\n<b>6.30<\/b> Postularnir Matt 10.2+ ; L\u00fak 6.13; sbr Mrk 3.13-14 \u2013 koma aftur L\u00fak 10.17<br \/>\n<b>6.31<\/b> Ekki n\u00e6\u00f0i a\u00f0 matast Mrk 3.20<br \/>\n<b>6.32<\/b> Mettun \u00ed \u00f3bygg\u00f0um 2M\u00f3s 16; 5M\u00f3s 8.3,16; Slm 78.24-25,29; 105.40; SSal 16.20-26; 1Kor 10.3<br \/>\n<b>6.34<\/b> Kenndi \u00ed brj\u00f3sti um \u00fe\u00e1 Matt 9.36+ ; Mrk 8.2 \u2013 sau\u00f0ir \u00e1n hir\u00f0is Matt 9.36+ ; Sak 10.2; J\u00fadt 11.19 \u2013 hir\u00f0ir \u00cdsraels 4M\u00f3s 27.15-17; Esk 34.15,23; 37.24; Slm 23.1; 77.21; 78.52-53,70-72; 80.1<br \/>\n<b>6.35-44<\/b> Jes\u00fas mettar Matt 15.32-38; Mrk 8.1-9<br \/>\n<b>6.37<\/b> L\u00e6risveinum sagt til verka Mrk 3.14-15; 6.7,12-13,30<br \/>\n<b>6.40<\/b> \u00cd flokkum 2M\u00f3s 18.21,25; 4M\u00f3s 31.14; 5M\u00f3s 1.15<br \/>\n<b>6.42<\/b> Mettunin Jes 25.6-8; 55.1-2; sbr Matt 8.11; 22.1-4<br \/>\n<b>6.45-52<\/b> Hlst. Matt 14.22-23; J\u00f3h 6.15-21<br \/>\n<b>6.46<\/b> Jes\u00fas bi\u00f0st fyrir Mrk 1.35; L\u00fak 3.21+ ; sbr Matt 14.23+ ; J\u00f3h 6.15 \u2013 til fjalls Mrk 3.13; 6.46; 9.2<br \/>\n<b>6.48<\/b> Gangandi \u00e1 vatninu Job 9.8; Slm 77.20; sbr Mrk 4.41<br \/>\n<b>6.49<\/b> Vofa L\u00fak 24.37<br \/>\n<b>6.50<\/b> \u00dea\u00f0 er \u00e9g 2M\u00f3s 3.14; 5M\u00f3s 32.39; Jes 41.4; 43.10,13; sbr J\u00f3h 8.24,28,58 \u2013 veri\u00f0 \u00f3hr\u00e6ddir Mrk 16.6+<br \/>\n<b>6.51<\/b> Vindinn l\u00e6g\u00f0i Mrk 4.39<br \/>\n<b>6.52<\/b> Blind hj\u00f6rtu Mrk 3.5+ ; sbr Mrk 4.13; 8.17<br \/>\n<b>6.53-56<\/b> Hlst. Matt 14.34-36<br \/>\n<b>6.55<\/b> Sj\u00fakir bornir til Jes\u00fa Mrk 1.32+ ; sbr 3.8+<br \/>\n<b>6.56<\/b> Faldur Matt 9.20 og hlst.+<\/div>\n","protected":false},"excerpt":{"rendered":"<p>1\u00dea\u00f0an f\u00f3r Jes\u00fas og kom \u00ed \u00e6ttborg s\u00edna, og l\u00e6risveinar hans fylgdu honum.2\u00deegar hv\u00edldardagur var kominn, t\u00f3k hann a\u00f0 kenna \u00ed samkundunni, og \u00feeir m\u00f6rgu, sem \u00e1 hl\u00fdddu, undru\u00f0ust st\u00f3rum. \u00deeir s\u00f6g\u00f0u: Hva\u00f0an kemur honum \u00feetta? Hver er s\u00fa speki, sem honum er gefin, og \u00feau kraftaverk, sem gj\u00f6rast fyrir hendur hans?3Er \u00feetta ekki smi\u00f0urinn, sonur Mar\u00edu, br\u00f3\u00f0ir \u00feeirra Jakobs, J\u00f3se, J\u00fadasar og S\u00edmonar? Og eru ekki systur hans h\u00e9r hj\u00e1 oss? Og \u00feeir hneykslu\u00f0ust \u00e1 honum.4\u00de\u00e1 sag\u00f0i Jes\u00fas: Hvergi er sp\u00e1ma\u00f0ur minna metinn en \u00ed landi s\u00ednu, me\u00f0 fr\u00e6ndum og heimam\u00f6nnum.5Og hann gat ekki gj\u00f6rt \u00fear neitt kraftaverk, nema <a href=\"https:\/\/biblian.is\/1981\/markusargudspjall-6-kafli\/\"> [&#8230;]<\/a><\/p>\n","protected":false},"author":1,"featured_media":0,"parent":0,"menu_order":0,"comment_status":"open","ping_status":"open","template":"bibliukaflar.php","meta":{"footnotes":""},"class_list":["post-2310","page","type-page","status-publish","hentry"],"_links":{"self":[{"href":"https:\/\/biblian.is\/1981\/wp-json\/wp\/v2\/pages\/2310","targetHints":{"allow":["GET"]}}],"collection":[{"href":"https:\/\/biblian.is\/1981\/wp-json\/wp\/v2\/pages"}],"about":[{"href":"https:\/\/biblian.is\/1981\/wp-json\/wp\/v2\/types\/page"}],"author":[{"embeddable":true,"href":"https:\/\/biblian.is\/1981\/wp-json\/wp\/v2\/users\/1"}],"replies":[{"embeddable":true,"href":"https:\/\/biblian.is\/1981\/wp-json\/wp\/v2\/comments?post=2310"}],"version-history":[{"count":0,"href":"https:\/\/biblian.is\/1981\/wp-json\/wp\/v2\/pages\/2310\/revisions"}],"wp:attachment":[{"href":"https:\/\/biblian.is\/1981\/wp-json\/wp\/v2\/media?parent=2310"}],"curies":[{"name":"wp","href":"https:\/\/api.w.org\/{rel}","templated":true}]}}