{"id":2309,"date":"2017-11-18T20:21:17","date_gmt":"2017-11-18T20:21:17","guid":{"rendered":"http:\/\/biblian.is\/1981\/markusargudspjall-5-kafli\/"},"modified":"2021-06-06T11:03:50","modified_gmt":"2021-06-06T11:03:50","slug":"markusargudspjall-5-kafli","status":"publish","type":"page","link":"https:\/\/biblian.is\/1981\/markusargudspjall-5-kafli\/","title":{"rendered":"Mark\u00fasargu\u00f0spjall 5. kafli"},"content":{"rendered":"<p><a name=\"1\"><span class=\"versanumer\">1<\/span><\/a>\u00deeir komu n\u00fa yfir um vatni\u00f0 \u00ed bygg\u00f0 Gerasena.<a name=\"2\"><span class=\"versanumer\">2<\/span><\/a>Og um lei\u00f0 og Jes\u00fas st\u00e9 \u00far b\u00e1tnum, kom ma\u00f0ur \u00e1 m\u00f3ti honum fr\u00e1 gr\u00f6funum, haldinn \u00f3hreinum anda.<a name=\"3\"><span class=\"versanumer\">3<\/span><\/a>Hann haf\u00f0ist vi\u00f0 \u00ed gr\u00f6funum, og enginn gat lengur bundi\u00f0 hann, ekki einu sinni me\u00f0 hlekkjum.<a name=\"4\"><span class=\"versanumer\">4<\/span><\/a>Oft haf\u00f0i hann veri\u00f0 fj\u00f6tra\u00f0ur \u00e1 f\u00f3tum og h\u00f6ndum, en hann braut jafn\u00f3\u00f0um af s\u00e9r hlekkina og sleit fj\u00f6trana, og gat enginn r\u00e1\u00f0i\u00f0 vi\u00f0 hann.<a name=\"5\"><span class=\"versanumer\">5<\/span><\/a>Allar n\u00e6tur og daga var hann \u00ed gr\u00f6funum e\u00f0a \u00e1 fj\u00f6llum, \u00e6pti og lamdi sig grj\u00f3ti.<a name=\"6\"><span class=\"versanumer\">6<\/span><\/a>\u00deegar hann s\u00e1 Jes\u00fa \u00e1lengdar, hlj\u00f3p hann og f\u00e9ll fram fyrir honum<a name=\"7\"><span class=\"versanumer\">7<\/span><\/a>og \u00e6pti h\u00e1rri r\u00f6ddu: Hva\u00f0 vilt \u00fe\u00fa m\u00e9r, Jes\u00fas, sonur Gu\u00f0s hins h\u00e6sta? \u00c9g s\u00e6ri \u00feig vi\u00f0 Gu\u00f0, kvel \u00fe\u00fa mig eigi!<a name=\"8\"><span class=\"versanumer\">8<\/span><\/a>\u00dev\u00ed a\u00f0 Jes\u00fas haf\u00f0i sagt vi\u00f0 hann: \u00de\u00fa \u00f3hreini andi, far \u00fat af manninum.<a name=\"9\"><span class=\"versanumer\">9<\/span><\/a>Jes\u00fas spur\u00f0i hann \u00fe\u00e1: Hva\u00f0 heitir \u00fe\u00fa? Hinn svara\u00f0i: Hersing heiti \u00e9g, v\u00e9r erum margir.<a name=\"10\"><span class=\"versanumer\">10<\/span><\/a>Og hann ba\u00f0 Jes\u00fa \u00e1kaft a\u00f0 senda \u00fe\u00e1 ekki brott \u00far h\u00e9ra\u00f0inu.<a name=\"11\"><span class=\"versanumer\">11<\/span><\/a>En \u00fear \u00ed fjallinu var mikil sv\u00ednahj\u00f6r\u00f0 \u00e1 beit.<a name=\"12\"><span class=\"versanumer\">12<\/span><\/a>Og \u00feeir b\u00e1\u00f0u hann: Send oss \u00ed sv\u00ednin, l\u00e1t oss fara \u00ed \u00feau!<a name=\"13\"><span class=\"versanumer\">13<\/span><\/a>Hann leyf\u00f0i \u00feeim \u00fea\u00f0, og f\u00f3ru \u00fe\u00e1 \u00f3hreinu andarnir \u00fat og \u00ed sv\u00ednin, og hj\u00f6r\u00f0in, n\u00e6r tveim \u00fe\u00fasundum, ruddist fram af hamrinum \u00ed vatni\u00f0 og drukkna\u00f0i \u00fear.<a name=\"14\"><span class=\"versanumer\">14<\/span><\/a>En hir\u00f0arnir fl\u00fd\u00f0u og s\u00f6g\u00f0u t\u00ed\u00f0indin \u00ed borginni og sveitinni. Menn f\u00f3ru \u00fe\u00e1 a\u00f0 sj\u00e1, hva\u00f0 gj\u00f6rst haf\u00f0i,<a name=\"15\"><span class=\"versanumer\">15<\/span><\/a>komu til Jes\u00fa og s\u00e1u haldna manninn, sem hersingin haf\u00f0i veri\u00f0 \u00ed, sitja \u00fear kl\u00e6ddan og heilvita. Og \u00feeir ur\u00f0u hr\u00e6ddir.<a name=\"16\"><span class=\"versanumer\">16<\/span><\/a>En sj\u00f3narvottar s\u00f6g\u00f0u \u00feeim, hva\u00f0 fram haf\u00f0i fari\u00f0 vi\u00f0 haldna manninn, og fr\u00e1 sv\u00ednunum.<a name=\"17\"><span class=\"versanumer\">17<\/span><\/a>Og \u00feeir t\u00f3ku a\u00f0 bi\u00f0ja Jes\u00fa a\u00f0 fara burt \u00far h\u00e9ru\u00f0um \u00feeirra.<a name=\"18\"><span class=\"versanumer\">18<\/span><\/a>\u00de\u00e1 er hann st\u00e9 \u00ed b\u00e1tinn, ba\u00f0 s\u00e1, er haldinn haf\u00f0i veri\u00f0, a\u00f0 f\u00e1 a\u00f0 vera me\u00f0 honum.<a name=\"19\"><span class=\"versanumer\">19<\/span><\/a>En Jes\u00fas leyf\u00f0i honum \u00fea\u00f0 eigi, heldur sag\u00f0i: Far heim til \u00fe\u00edn og \u00feinna, og seg \u00feeim, hve miki\u00f0 Drottinn hefur gj\u00f6rt fyrir \u00feig og veri\u00f0 \u00fe\u00e9r miskunnsamur.<a name=\"20\"><span class=\"versanumer\">20<\/span><\/a>Hann f\u00f3r og t\u00f3k a\u00f0 kunngj\u00f6ra \u00ed Dekap\u00f3lis, hve miki\u00f0 Jes\u00fas haf\u00f0i fyrir hann gj\u00f6rt, og undru\u00f0ust \u00fea\u00f0 allir.<a name=\"21\"><span class=\"versanumer\">21<\/span><\/a>\u00deegar Jes\u00fas kom aftur yfir um \u00e1 b\u00e1tnum, safna\u00f0ist a\u00f0 honum mikill mannfj\u00f6ldi, \u00fear sem hann var vi\u00f0 vatni\u00f0.<a name=\"22\"><span class=\"versanumer\">22<\/span><\/a>\u00dear kom og einn af samkundustj\u00f3runum, Ja\u00edrus a\u00f0 nafni, og er hann s\u00e1 Jes\u00fa, f\u00e9ll hann til f\u00f3ta honum,<a name=\"23\"><span class=\"versanumer\">23<\/span><\/a>ba\u00f0 hann \u00e1kaft og sag\u00f0i: D\u00f3ttir m\u00edn litla er a\u00f0 dau\u00f0a komin. Kom og legg hendur yfir hana, a\u00f0 h\u00fan l\u00e6knist og lifi.<a name=\"24\"><span class=\"versanumer\">24<\/span><\/a>Jes\u00fas f\u00f3r me\u00f0 honum. Og mikill mannfj\u00f6ldi fylgdi honum, og var \u00fer\u00f6ng um hann.<a name=\"25\"><span class=\"versanumer\">25<\/span><\/a>\u00dear var kona, sem haf\u00f0i haft bl\u00f3\u00f0l\u00e1t \u00ed t\u00f3lf \u00e1r.<a name=\"26\"><span class=\"versanumer\">26<\/span><\/a>H\u00fan haf\u00f0i or\u00f0i\u00f0 margt a\u00f0 \u00feola hj\u00e1 m\u00f6rgum l\u00e6knum, kosta\u00f0 til aleigu sinni, en engan bata fengi\u00f0, \u00f6llu heldur versna\u00f0.<a name=\"27\"><span class=\"versanumer\">27<\/span><\/a>H\u00fan heyr\u00f0i um Jes\u00fa og kom n\u00fa \u00ed mann\u00fer\u00f6nginni a\u00f0 baki honum og snart kl\u00e6\u00f0i hans.<a name=\"28\"><span class=\"versanumer\">28<\/span><\/a>H\u00fan hugsa\u00f0i: Ef \u00e9g f\u00e6 a\u00f0eins snert kl\u00e6\u00f0i hans, mun \u00e9g heil ver\u00f0a.<a name=\"29\"><span class=\"versanumer\">29<\/span><\/a>Jafnskj\u00f3tt \u00fevarr bl\u00f3\u00f0l\u00e1t hennar, og h\u00fan fann \u00fea\u00f0 \u00e1 s\u00e9r, a\u00f0 h\u00fan var heil af meini s\u00ednu.<a name=\"30\"><span class=\"versanumer\">30<\/span><\/a>Jes\u00fas fann \u00feegar \u00e1 sj\u00e1lfum s\u00e9r, a\u00f0 kraftur haf\u00f0i fari\u00f0 \u00fat fr\u00e1 honum, og hann sneri s\u00e9r vi\u00f0 \u00ed mann\u00fer\u00f6nginni og sag\u00f0i: Hver snart kl\u00e6\u00f0i m\u00edn?<a name=\"31\"><span class=\"versanumer\">31<\/span><\/a>L\u00e6risveinar hans s\u00f6g\u00f0u vi\u00f0 hann: \u00de\u00fa s\u00e9r\u00f0, a\u00f0 mannfj\u00f6ldinn \u00ferengir a\u00f0 \u00fe\u00e9r, og spyr\u00f0 \u00fe\u00f3: Hver snart mig?<a name=\"32\"><span class=\"versanumer\">32<\/span><\/a>Hann lita\u00f0ist um til a\u00f0 sj\u00e1, hver \u00feetta hef\u00f0i gj\u00f6rt,<a name=\"33\"><span class=\"versanumer\">33<\/span><\/a>en konan, sem vissi, hva\u00f0 fram vi\u00f0 sig haf\u00f0i fari\u00f0, kom hr\u00e6dd og skj\u00e1lfandi, f\u00e9ll til f\u00f3ta honum og sag\u00f0i honum allan sannleikann.<a name=\"34\"><span class=\"versanumer\">34<\/span><\/a>Jes\u00fas sag\u00f0i vi\u00f0 hana: D\u00f3ttir, tr\u00fa \u00fe\u00edn hefur bjarga\u00f0 \u00fe\u00e9r. Far \u00fe\u00fa \u00ed fri\u00f0i, og ver heil meina \u00feinna.<a name=\"35\"><span class=\"versanumer\">35<\/span><\/a>Me\u00f0an hann var a\u00f0 segja \u00feetta, koma menn heiman fr\u00e1 samkundustj\u00f3ranum og segja: D\u00f3ttir \u00fe\u00edn er l\u00e1tin, hv\u00ed \u00f3makar \u00fe\u00fa meistarann lengur?<a name=\"36\"><span class=\"versanumer\">36<\/span><\/a>Jes\u00fas heyr\u00f0i, hva\u00f0 \u00feeir s\u00f6g\u00f0u, en gaf ekki um, heldur sag\u00f0i vi\u00f0 samkundustj\u00f3rann: \u00d3ttast ekki, tr\u00fa \u00fe\u00fa a\u00f0eins.<a name=\"37\"><span class=\"versanumer\">37<\/span><\/a>Og n\u00fa leyf\u00f0i hann engum a\u00f0 fylgja s\u00e9r nema P\u00e9tri og \u00feeim br\u00e6\u00f0rum Jakobi og J\u00f3hannesi.<a name=\"38\"><span class=\"versanumer\">38<\/span><\/a>\u00deeir koma a\u00f0 h\u00fasi samkundustj\u00f3rans. \u00dear s\u00e9r hann, a\u00f0 allt er \u00ed uppn\u00e1mi, gr\u00e1tur mikill og kveinan.<a name=\"39\"><span class=\"versanumer\">39<\/span><\/a>Hann gengur inn og segir vi\u00f0 \u00fe\u00e1: Hv\u00ed hafi\u00f0 \u00fe\u00e9r svo h\u00e1tt og gr\u00e1ti\u00f0? Barni\u00f0 er ekki d\u00e1i\u00f0, \u00fea\u00f0 sefur.<a name=\"40\"><span class=\"versanumer\">40<\/span><\/a>En \u00feeir hl\u00f3gu a\u00f0 honum. \u00de\u00e1 l\u00e9t hann alla fara \u00fat og t\u00f3k me\u00f0 s\u00e9r f\u00f6\u00f0ur barnsins og m\u00f3\u00f0ur og \u00fe\u00e1 sem me\u00f0 honum voru, og gekk \u00fear inn, sem barni\u00f0 var.<a name=\"41\"><span class=\"versanumer\">41<\/span><\/a>Og hann t\u00f3k h\u00f6nd barnsins og sag\u00f0i: Tal\u00ed\u00fea k\u00fam! \u00dea\u00f0 \u00fe\u00fd\u00f0ir: St\u00falka litla, \u00e9g segi \u00fe\u00e9r, r\u00eds upp!<a name=\"42\"><span class=\"versanumer\">42<\/span><\/a>Jafnskj\u00f3tt reis st\u00falkan upp og f\u00f3r a\u00f0 ganga um, en h\u00fan var t\u00f3lf \u00e1ra. Og menn ur\u00f0u fr\u00e1 s\u00e9r numdir af undrun.<a name=\"43\"><span class=\"versanumer\">43<\/span><\/a>En hann lag\u00f0i r\u00edkt \u00e1 vi\u00f0 \u00fe\u00e1 a\u00f0 l\u00e1ta engan vita \u00feetta og bau\u00f0 a\u00f0 gefa henni a\u00f0 eta.<\/p>\n<div class=\"footnote1981\"><b>5.1-20<\/b> Hlst. Matt 8.28-34; L\u00fak 8.26-39<br \/>\n<b>5.2<\/b> Haldinn \u00f3hreinum anda Mrk 1.23 \u2013 fr\u00e1 gr\u00f6funum Jes 65.4<br \/>\n<b>5.7<\/b> Hva\u00f0 vilt \u00fe\u00fa m\u00e9r? Matt 8.29+ &#8211; sonur Gu\u00f0s Matt 14.33+ ; Mrk 1.1+ ; sbr 1.24; 3.11 \u2013 sonur Hins H\u00e6sta L\u00fak 1.32+; 6.35 \u2013 \u00e9g bi\u00f0 \u00feig Matt 26.63<br \/>\n<b>5.9<\/b> Fj\u00f6ldi illra anda Matt 12.45; L\u00fak 8.2,27; 11.26<br \/>\n<b>5.18<\/b> Vera me\u00f0 Jes\u00fa Mrk 3.14<br \/>\n<b>5.19<\/b> Far heim til \u00fe\u00edn Matt 9.6; Mrk 8.26; L\u00fak 5.24; 8.39<br \/>\n<b>5.20<\/b> Kunngera Matt 3.1+ ; Mrk 1.4+<br \/>\n<b>5.21-43<\/b> Hlst. Matt 9.18-26; L\u00fak 8.40-56<br \/>\n<b>5.23<\/b> Leggja hendur yfir Matt 9.18+ ; L\u00fak 4.40; Post 9.12,17; 28.8<br \/>\n<b>5.27<\/b> Snart kl\u00e6\u00f0i hans Matt 14.36; Mrk 6.56<br \/>\n<b>5.28<\/b> Snerting l\u00e6knar Matt 14.36; Mrk 3.10; 6.56; L\u00fak 6.19; Post 5.15; 19.11-12<br \/>\n<b>5.30<\/b> Kraftur L\u00fak 6.19<br \/>\n<b>5.34<\/b> Tr\u00fa \u00fe\u00edn Mrk 10.52 og hlst.; L\u00fak 7.50; 17.19; sbr Matt 9.22+ &#8211; far \u00ed fri\u00f0i 1Sam 1.17; 20.42; 2Sam 15.9; 2Kon 5.19; L\u00fak 7.50; Post 16.36; Jak 2.16<br \/>\n<b>5.35<\/b> Hv\u00ed \u00f3maka? J\u00f3h 11.21,32<br \/>\n<b>5.36<\/b> \u00d3ttast ekki Mrk 16.6+<br \/>\n<b>5.37<\/b> P\u00e9tur, Jakob og J\u00f3hannes Matt 17.1 og hlst.+ ; Mrk 1.29; 9.2; 14.33<br \/>\n<b>5.39<\/b> Svefn og dau\u00f0i Matt 9.24+ ; 27.52; 1Kor 11.30; 15.6<br \/>\n<b>5.41<\/b> Vekja, reisa upp Matt 9.25+<br \/>\n<b>5.43<\/b> Halda leyndu Matt 8.4+<\/div>\n","protected":false},"excerpt":{"rendered":"<p>1\u00deeir komu n\u00fa yfir um vatni\u00f0 \u00ed bygg\u00f0 Gerasena.2Og um lei\u00f0 og Jes\u00fas st\u00e9 \u00far b\u00e1tnum, kom ma\u00f0ur \u00e1 m\u00f3ti honum fr\u00e1 gr\u00f6funum, haldinn \u00f3hreinum anda.3Hann haf\u00f0ist vi\u00f0 \u00ed gr\u00f6funum, og enginn gat lengur bundi\u00f0 hann, ekki einu sinni me\u00f0 hlekkjum.4Oft haf\u00f0i hann veri\u00f0 fj\u00f6tra\u00f0ur \u00e1 f\u00f3tum og h\u00f6ndum, en hann braut jafn\u00f3\u00f0um af s\u00e9r hlekkina og sleit fj\u00f6trana, og gat enginn r\u00e1\u00f0i\u00f0 vi\u00f0 hann.5Allar n\u00e6tur og daga var hann \u00ed gr\u00f6funum e\u00f0a \u00e1 fj\u00f6llum, \u00e6pti og lamdi sig grj\u00f3ti.6\u00deegar hann s\u00e1 Jes\u00fa \u00e1lengdar, hlj\u00f3p hann og f\u00e9ll fram fyrir honum7og \u00e6pti h\u00e1rri r\u00f6ddu: Hva\u00f0 vilt \u00fe\u00fa m\u00e9r, Jes\u00fas, sonur <a href=\"https:\/\/biblian.is\/1981\/markusargudspjall-5-kafli\/\"> [&#8230;]<\/a><\/p>\n","protected":false},"author":1,"featured_media":0,"parent":0,"menu_order":0,"comment_status":"open","ping_status":"open","template":"bibliukaflar.php","meta":{"footnotes":""},"class_list":["post-2309","page","type-page","status-publish","hentry"],"_links":{"self":[{"href":"https:\/\/biblian.is\/1981\/wp-json\/wp\/v2\/pages\/2309","targetHints":{"allow":["GET"]}}],"collection":[{"href":"https:\/\/biblian.is\/1981\/wp-json\/wp\/v2\/pages"}],"about":[{"href":"https:\/\/biblian.is\/1981\/wp-json\/wp\/v2\/types\/page"}],"author":[{"embeddable":true,"href":"https:\/\/biblian.is\/1981\/wp-json\/wp\/v2\/users\/1"}],"replies":[{"embeddable":true,"href":"https:\/\/biblian.is\/1981\/wp-json\/wp\/v2\/comments?post=2309"}],"version-history":[{"count":0,"href":"https:\/\/biblian.is\/1981\/wp-json\/wp\/v2\/pages\/2309\/revisions"}],"wp:attachment":[{"href":"https:\/\/biblian.is\/1981\/wp-json\/wp\/v2\/media?parent=2309"}],"curies":[{"name":"wp","href":"https:\/\/api.w.org\/{rel}","templated":true}]}}