{"id":2308,"date":"2017-11-18T20:21:17","date_gmt":"2017-11-18T20:21:17","guid":{"rendered":"http:\/\/biblian.is\/1981\/markusargudspjall-4-kafli\/"},"modified":"2021-06-06T11:03:50","modified_gmt":"2021-06-06T11:03:50","slug":"markusargudspjall-4-kafli","status":"publish","type":"page","link":"https:\/\/biblian.is\/1981\/markusargudspjall-4-kafli\/","title":{"rendered":"Mark\u00fasargu\u00f0spjall 4. kafli"},"content":{"rendered":"<p><a name=\"1\"><span class=\"versanumer\">1<\/span><\/a>Aftur t\u00f3k hann a\u00f0 kenna vi\u00f0 vatni\u00f0. Svo mikill mannfj\u00f6ldi safna\u00f0ist a\u00f0 honum, a\u00f0 hann var\u00f0 a\u00f0 st\u00edga \u00ed b\u00e1t og sitja \u00fear, \u00fati \u00e1 vatninu. En allt f\u00f3lki\u00f0 var \u00e1 landi vi\u00f0 vatni\u00f0.<a name=\"2\"><span class=\"versanumer\">2<\/span><\/a>Hann kenndi \u00feeim margt \u00ed d\u00e6mis\u00f6gum og sag\u00f0i vi\u00f0 \u00fe\u00e1:<a name=\"3\"><span class=\"versanumer\">3<\/span><\/a>Hl\u00fd\u00f0i\u00f0 \u00e1! S\u00e1\u00f0ma\u00f0ur gekk \u00fat a\u00f0 s\u00e1,<a name=\"4\"><span class=\"versanumer\">4<\/span><\/a>og \u00fe\u00e1 er hann s\u00e1\u00f0i, f\u00e9ll sumt hj\u00e1 g\u00f6tunni, og fuglar komu og \u00e1tu \u00fea\u00f0 upp.<a name=\"5\"><span class=\"versanumer\">5<\/span><\/a>Sumt f\u00e9ll \u00ed gr\u00fdtta j\u00f6r\u00f0, \u00fear sem var l\u00edtill jar\u00f0vegur, og \u00fea\u00f0 rann skj\u00f3tt upp, \u00fev\u00ed \u00fea\u00f0 haf\u00f0i ekki dj\u00fapa j\u00f6r\u00f0.<a name=\"6\"><span class=\"versanumer\">6<\/span><\/a>En er s\u00f3l h\u00e6kka\u00f0i, visna\u00f0i \u00fea\u00f0, og s\u00f6kum \u00feess a\u00f0 \u00fea\u00f0 haf\u00f0i ekki r\u00e6tur, skr\u00e6lna\u00f0i \u00fea\u00f0.<a name=\"7\"><span class=\"versanumer\">7<\/span><\/a>Og sumt f\u00e9ll me\u00f0al \u00feyrna, og \u00feyrnarnir uxu og k\u00e6f\u00f0u \u00fea\u00f0, og \u00fea\u00f0 bar ekki \u00e1v\u00f6xt.<a name=\"8\"><span class=\"versanumer\">8<\/span><\/a>En sumt f\u00e9ll \u00ed g\u00f3\u00f0a j\u00f6r\u00f0, kom upp, \u00f3x og bar \u00e1v\u00f6xt, \u00fea\u00f0 gaf \u00fer\u00edtugfaldan, sextugfaldan og hundra\u00f0faldan \u00e1v\u00f6xt.<a name=\"9\"><span class=\"versanumer\">9<\/span><\/a>Og hann sag\u00f0i: Hver sem eyru hefur a\u00f0 heyra, hann heyri!<a name=\"10\"><span class=\"versanumer\">10<\/span><\/a>\u00deegar hann var or\u00f0inn einn, spur\u00f0u \u00feeir t\u00f3lf og hinir, sem me\u00f0 honum voru, um d\u00e6mis\u00f6gurnar.<a name=\"11\"><span class=\"versanumer\">11<\/span><\/a>Hann svara\u00f0i \u00feeim: Y\u00f0ur er gefinn leyndard\u00f3mur Gu\u00f0s r\u00edkis. Hinir, sem fyrir utan eru, f\u00e1 allt \u00ed d\u00e6mis\u00f6gum,<a name=\"12\"><span class=\"versanumer\">12<\/span><\/a>a\u00f0 sj\u00e1andi sj\u00e1i \u00feeir og skynji ekki, heyrandi heyri \u00feeir og skilji ekki, svo \u00feeir sn\u00fai s\u00e9r eigi og ver\u00f0i fyrirgefi\u00f0.<a name=\"13\"><span class=\"versanumer\">13<\/span><\/a>Og hann segir vi\u00f0 \u00fe\u00e1: \u00de\u00e9r skilji\u00f0 eigi \u00feessa d\u00e6mis\u00f6gu. Hvernig f\u00e1i\u00f0 \u00fe\u00e9r \u00fe\u00e1 skili\u00f0 nokkra d\u00e6mis\u00f6gu?<a name=\"14\"><span class=\"versanumer\">14<\/span><\/a>S\u00e1\u00f0ma\u00f0urinn s\u00e1ir or\u00f0inu.<a name=\"15\"><span class=\"versanumer\">15<\/span><\/a>\u00dea\u00f0 hj\u00e1 g\u00f6tunni, \u00fear sem or\u00f0inu er s\u00e1\u00f0, merkir \u00fe\u00e1 sem heyra, en Satan kemur jafnskj\u00f3tt og tekur burt or\u00f0i\u00f0, sem \u00ed \u00fe\u00e1 var s\u00e1\u00f0.<a name=\"16\"><span class=\"versanumer\">16<\/span><\/a>Eins \u00fea\u00f0 sem s\u00e1\u00f0 var \u00ed gr\u00fdtta j\u00f6r\u00f0, \u00fea\u00f0 merkir \u00fe\u00e1 sem taka or\u00f0inu me\u00f0 f\u00f6gnu\u00f0i, um lei\u00f0 og \u00feeir heyra \u00fea\u00f0,<a name=\"17\"><span class=\"versanumer\">17<\/span><\/a>en hafa enga r\u00f3tfestu. \u00deeir eru hvikulir og er \u00ferenging ver\u00f0ur s\u00ed\u00f0an e\u00f0a ofs\u00f3kn vegna or\u00f0sins, breg\u00f0ast \u00feeir \u00feegar.<a name=\"18\"><span class=\"versanumer\">18<\/span><\/a>\u00d6\u00f0ru var s\u00e1\u00f0 me\u00f0al \u00feyrna. \u00dea\u00f0 merkir \u00fe\u00e1 sem heyra or\u00f0i\u00f0,<a name=\"19\"><span class=\"versanumer\">19<\/span><\/a>en \u00e1hyggjur heimsins, t\u00e1l au\u00f0\u00e6fanna og a\u00f0rar girndir koma til og kefja or\u00f0i\u00f0, svo \u00fea\u00f0 ber engan \u00e1v\u00f6xt.<a name=\"20\"><span class=\"versanumer\">20<\/span><\/a>Hitt, sem s\u00e1\u00f0 var \u00ed g\u00f3\u00f0a j\u00f6r\u00f0, merkir \u00fe\u00e1 sem heyra or\u00f0i\u00f0, taka vi\u00f0 \u00fev\u00ed og bera \u00fer\u00edtugfaldan, sextugfaldan og hundra\u00f0faldan \u00e1v\u00f6xt.<a name=\"21\"><span class=\"versanumer\">21<\/span><\/a>Og hann sag\u00f0i vi\u00f0 \u00fe\u00e1: Ekki bera menn lj\u00f3s inn og setja \u00fea\u00f0 undir m\u00e6liker e\u00f0a bekk? Er \u00fea\u00f0 ekki sett \u00e1 lj\u00f3sastiku?<a name=\"22\"><span class=\"versanumer\">22<\/span><\/a>\u00dev\u00ed a\u00f0 ekkert er huli\u00f0, a\u00f0 \u00fea\u00f0 ver\u00f0i eigi gj\u00f6rt opinbert, n\u00e9 leynt, a\u00f0 \u00fea\u00f0 komi ekki \u00ed lj\u00f3s.<a name=\"23\"><span class=\"versanumer\">23<\/span><\/a>Ef einhver hefur eyru a\u00f0 heyra, hann heyri!<a name=\"24\"><span class=\"versanumer\">24<\/span><\/a>Enn sag\u00f0i hann vi\u00f0 \u00fe\u00e1: G\u00e6ti\u00f0 a\u00f0, hva\u00f0 \u00fe\u00e9r heyri\u00f0. Me\u00f0 \u00feeim m\u00e6li, sem \u00fe\u00e9r m\u00e6li\u00f0, mun y\u00f0ur m\u00e6lt ver\u00f0a og vi\u00f0 y\u00f0ur b\u00e6tt.<a name=\"25\"><span class=\"versanumer\">25<\/span><\/a>\u00dev\u00ed a\u00f0 \u00feeim, sem hefur, mun gefi\u00f0 ver\u00f0a, og fr\u00e1 \u00feeim, sem eigi hefur, mun teki\u00f0 ver\u00f0a jafnvel \u00fea\u00f0 sem hann hefur.<a name=\"26\"><span class=\"versanumer\">26<\/span><\/a>\u00de\u00e1 sag\u00f0i hann: Svo er Gu\u00f0s r\u00edki sem ma\u00f0ur s\u00e1i s\u00e6\u00f0i \u00ed j\u00f6r\u00f0.<a name=\"27\"><span class=\"versanumer\">27<\/span><\/a>Hann sefur s\u00ed\u00f0an og vakir, n\u00e6tur og daga, en s\u00e6\u00f0i\u00f0 gr\u00e6r og vex, hann veit ekki me\u00f0 hverjum h\u00e6tti.<a name=\"28\"><span class=\"versanumer\">28<\/span><\/a>Sj\u00e1lfkrafa ber j\u00f6r\u00f0in \u00e1v\u00f6xt, fyrst str\u00e1i\u00f0, \u00fe\u00e1 axi\u00f0 og s\u00ed\u00f0an fullvaxi\u00f0 hveiti \u00ed axinu.<a name=\"29\"><span class=\"versanumer\">29<\/span><\/a>En \u00fe\u00e1 er \u00e1v\u00f6xturinn er full\u00feroska, l\u00e6tur hann \u00feegar bera \u00fat sig\u00f0ina, \u00fev\u00ed a\u00f0 uppskeran er komin.<a name=\"30\"><span class=\"versanumer\">30<\/span><\/a>Og hann sag\u00f0i: Vi\u00f0 hva\u00f0 eigum v\u00e9r a\u00f0 l\u00edkja Gu\u00f0s r\u00edki? Me\u00f0 hva\u00f0a d\u00e6mi eigum v\u00e9r a\u00f0 l\u00fdsa \u00fev\u00ed?<a name=\"31\"><span class=\"versanumer\">31<\/span><\/a>L\u00edkt er \u00fea\u00f0 mustar\u00f0skorni. \u00deegar \u00fev\u00ed er s\u00e1\u00f0 \u00ed mold, er \u00fea\u00f0 sm\u00e6rra hverju s\u00e1\u00f0korni \u00e1 j\u00f6r\u00f0u.<a name=\"32\"><span class=\"versanumer\">32<\/span><\/a>En eftir a\u00f0 \u00fev\u00ed er s\u00e1\u00f0 tekur \u00fea\u00f0 a\u00f0 spretta, \u00fea\u00f0 ver\u00f0ur \u00f6llum jurtum meira og f\u00e6r svo st\u00f3rar greinar, a\u00f0 fuglar himins geta hrei\u00f0ra\u00f0 sig \u00ed skugga \u00feess.<a name=\"33\"><span class=\"versanumer\">33<\/span><\/a>\u00cd m\u00f6rgum sl\u00edkum d\u00e6mis\u00f6gum flutti hann \u00feeim or\u00f0i\u00f0, svo sem \u00feeir g\u00e1tu numi\u00f0,<a name=\"34\"><span class=\"versanumer\">34<\/span><\/a>og \u00e1n d\u00e6misagna tala\u00f0i hann ekki til \u00feeirra, en fyrir l\u00e6risveinum s\u00ednum sk\u00fdr\u00f0i hann allt, \u00feegar \u00feeir voru einir.<a name=\"35\"><span class=\"versanumer\">35<\/span><\/a>A\u00f0 kv\u00f6ldi sama dags sag\u00f0i hann vi\u00f0 \u00fe\u00e1: F\u00f6rum yfir um!<a name=\"36\"><span class=\"versanumer\">36<\/span><\/a>\u00deeir skildu \u00fe\u00e1 vi\u00f0 mannfj\u00f6ldann og t\u00f3ku hann me\u00f0 s\u00e9r, \u00fear sem hann var, \u00ed b\u00e1tnum, en a\u00f0rir b\u00e1tar voru me\u00f0 honum.<a name=\"37\"><span class=\"versanumer\">37<\/span><\/a>\u00de\u00e1 brast \u00e1 stormhrina mikil, og f\u00e9llu \u00f6ldurnar inn \u00ed b\u00e1tinn, svo vi\u00f0 l\u00e1, a\u00f0 hann fyllti.<a name=\"38\"><span class=\"versanumer\">38<\/span><\/a>Jes\u00fas var \u00ed skutnum og svaf \u00e1 kodda. \u00deeir v\u00f6ktu hann og s\u00f6g\u00f0u vi\u00f0 hann: Meistari, hir\u00f0ir \u00fe\u00fa ekki um, a\u00f0 v\u00e9r f\u00f6rumst?<a name=\"39\"><span class=\"versanumer\">39<\/span><\/a>Hann vakna\u00f0i, hasta\u00f0i \u00e1 vindinn og sag\u00f0i vi\u00f0 vatni\u00f0: \u00deegi \u00fe\u00fa, haf hlj\u00f3tt um \u00feig! \u00de\u00e1 l\u00e6g\u00f0i vindinn og ger\u00f0i stillilogn.<a name=\"40\"><span class=\"versanumer\">40<\/span><\/a>Og hann sag\u00f0i vi\u00f0 \u00fe\u00e1: Hv\u00ed eru\u00f0 \u00fe\u00e9r hr\u00e6ddir, hafi\u00f0 \u00fe\u00e9r enn enga tr\u00fa?<a name=\"41\"><span class=\"versanumer\">41<\/span><\/a>En \u00feeir ur\u00f0u miklum \u00f3tta lostnir og s\u00f6g\u00f0u hver vi\u00f0 annan: Hver er \u00feessi? Jafnvel vindur og vatn hl\u00fd\u00f0a honum.<\/p>\n<div class=\"footnote1981\"><b>4.1-9<\/b> Hlst. Matt 13.1-9; L\u00fak 8.4-8<br \/>\n<b>4.1<\/b> Me\u00f0 mannfj\u00f6ldanum vi\u00f0 vatni\u00f0 Mrk 2.13; 3.7-9; 4.1-2; 5.21; L\u00fak 5.1-3<br \/>\n<b>4.2<\/b> \u00cd d\u00e6mis\u00f6gum Matt 13.34; Mrk 4.33-34<br \/>\n<b>4.9<\/b> Eyru a\u00f0 heyra Matt 11.15+ ; Mrk 4.23; 7.16<br \/>\n<b>4.10-20<\/b> Hlst. Matt 13.10-17; L\u00fak 8.9-10<br \/>\n<b>4.10<\/b> Me\u00f0 honum Mrk 3.34 \u2013 hinir t\u00f3lf Matt 10.2+ ; Mrk 3.16 \u2013 spurt um d\u00e6mis\u00f6gurnar Matt 13.36 og hlst.; 15.15; Mrk 7.17; 9.28; 10.10; 13.3<br \/>\n<b>4.11<\/b> Leyndard\u00f3mur Gu\u00f0s r\u00edkis Dan 2.19,22,27-30; Ef 1.9; 3.3+ ; 6.19; K\u00f3l 4.3 \u2013 a\u00f0rir 1Kor 5.12-13; K\u00f3l 4.5; 1\u00deess 4.12<br \/>\n<b>4.12<\/b> Sbr Jes 6.9-10; J\u00f3h 12.40; Post 28.26-27<br \/>\n<b>4.13-20<\/b> Hlst. Matt 13.18-23; L\u00fak 8.11-15<br \/>\n<b>4.13<\/b> Skildu ekki Mrk 6.52; 7.18; 8.17,18,21,33; 9.10,32; 10.38<br \/>\n<b>4.15<\/b> Satan Mrk 1.13+<br \/>\n<b>4.17<\/b> Breg\u00f0ast Matt 5.29+ ; Mrk 14.27<br \/>\n<b>4.19<\/b> T\u00e1l au\u00f0\u00e6fa Matt 13.22+ og hlst.; 19.23; L\u00fak 12.15-21<br \/>\n<b>4.21-25<\/b> Hlst. L\u00fak 8.16-18<br \/>\n<b>4.21<\/b> Lj\u00f3s undir m\u00e6liker Matt 5.15; L\u00fak 11.33<br \/>\n<b>4.22<\/b> Huli\u00f0 gert opinbert L\u00fak 12.2<br \/>\n<b>4.23<\/b> Eyru a\u00f0 heyra Matt 11.15+ ; Mrk 4.9<br \/>\n<b>4.24<\/b> \u00deeim m\u00e6li &#8230; Matt 7.2; L\u00fak 6.38<br \/>\n<b>4.25<\/b> \u00deeim, sem &#8230; Matt 13.12+<br \/>\n<b>4.27<\/b> S\u00e6\u00f0i\u00f0 gr\u00e6r Jak 5.7<br \/>\n<b>4.29<\/b> Sig\u00f0 og kornskur\u00f0ur Jl 4.13; Opb 14.15<br \/>\n<b>4.30-34<\/b> Hlst. Mrk 13.31-32,34-35; L\u00fak 13.18-19<br \/>\n<b>4.31<\/b> Mustar\u00f0skorn Matt 13.31; 17.20; L\u00fak 17.6<br \/>\n<b>4.32<\/b> \u00cd skugga \u00feess Esk 17.23; 31.6; Dan 4.9,11,18<br \/>\n<b>4.35-41<\/b> Hlst. Matt 8.23-27; L\u00fak 8.22-25<br \/>\n<b>4.39<\/b> Hasta \u00e1 Mrk 1.25; 9.25; L\u00fak 4.39<br \/>\n<b>4.41<\/b> Vindur og vatn hl\u00fd\u00f0a Slm 65.8; 77.17; 89.10; 107.23-32 \u2013 \u00f3tta lostnir Mrk 1.27<\/div>\n","protected":false},"excerpt":{"rendered":"<p>1Aftur t\u00f3k hann a\u00f0 kenna vi\u00f0 vatni\u00f0. Svo mikill mannfj\u00f6ldi safna\u00f0ist a\u00f0 honum, a\u00f0 hann var\u00f0 a\u00f0 st\u00edga \u00ed b\u00e1t og sitja \u00fear, \u00fati \u00e1 vatninu. En allt f\u00f3lki\u00f0 var \u00e1 landi vi\u00f0 vatni\u00f0.2Hann kenndi \u00feeim margt \u00ed d\u00e6mis\u00f6gum og sag\u00f0i vi\u00f0 \u00fe\u00e1:3Hl\u00fd\u00f0i\u00f0 \u00e1! S\u00e1\u00f0ma\u00f0ur gekk \u00fat a\u00f0 s\u00e1,4og \u00fe\u00e1 er hann s\u00e1\u00f0i, f\u00e9ll sumt hj\u00e1 g\u00f6tunni, og fuglar komu og \u00e1tu \u00fea\u00f0 upp.5Sumt f\u00e9ll \u00ed gr\u00fdtta j\u00f6r\u00f0, \u00fear sem var l\u00edtill jar\u00f0vegur, og \u00fea\u00f0 rann skj\u00f3tt upp, \u00fev\u00ed \u00fea\u00f0 haf\u00f0i ekki dj\u00fapa j\u00f6r\u00f0.6En er s\u00f3l h\u00e6kka\u00f0i, visna\u00f0i \u00fea\u00f0, og s\u00f6kum \u00feess a\u00f0 \u00fea\u00f0 haf\u00f0i ekki r\u00e6tur, skr\u00e6lna\u00f0i \u00fea\u00f0.7Og sumt <a href=\"https:\/\/biblian.is\/1981\/markusargudspjall-4-kafli\/\"> [&#8230;]<\/a><\/p>\n","protected":false},"author":1,"featured_media":0,"parent":0,"menu_order":0,"comment_status":"open","ping_status":"open","template":"bibliukaflar.php","meta":{"footnotes":""},"class_list":["post-2308","page","type-page","status-publish","hentry"],"_links":{"self":[{"href":"https:\/\/biblian.is\/1981\/wp-json\/wp\/v2\/pages\/2308","targetHints":{"allow":["GET"]}}],"collection":[{"href":"https:\/\/biblian.is\/1981\/wp-json\/wp\/v2\/pages"}],"about":[{"href":"https:\/\/biblian.is\/1981\/wp-json\/wp\/v2\/types\/page"}],"author":[{"embeddable":true,"href":"https:\/\/biblian.is\/1981\/wp-json\/wp\/v2\/users\/1"}],"replies":[{"embeddable":true,"href":"https:\/\/biblian.is\/1981\/wp-json\/wp\/v2\/comments?post=2308"}],"version-history":[{"count":0,"href":"https:\/\/biblian.is\/1981\/wp-json\/wp\/v2\/pages\/2308\/revisions"}],"wp:attachment":[{"href":"https:\/\/biblian.is\/1981\/wp-json\/wp\/v2\/media?parent=2308"}],"curies":[{"name":"wp","href":"https:\/\/api.w.org\/{rel}","templated":true}]}}