{"id":2307,"date":"2017-11-18T20:21:11","date_gmt":"2017-11-18T20:21:11","guid":{"rendered":"http:\/\/biblian.is\/1981\/markusargudspjall-3-kafli\/"},"modified":"2021-06-06T11:03:49","modified_gmt":"2021-06-06T11:03:49","slug":"markusargudspjall-3-kafli","status":"publish","type":"page","link":"https:\/\/biblian.is\/1981\/markusargudspjall-3-kafli\/","title":{"rendered":"Mark\u00fasargu\u00f0spjall 3. kafli"},"content":{"rendered":"<p><a name=\"1\"><span class=\"versanumer\">1<\/span><\/a>\u00d6\u00f0ru sinni gekk hann \u00ed samkunduh\u00fas. \u00dear var ma\u00f0ur me\u00f0 visna h\u00f6nd,<a name=\"2\"><span class=\"versanumer\">2<\/span><\/a>og h\u00f6f\u00f0u \u00feeir n\u00e1nar g\u00e6tur \u00e1 Jes\u00fa, hvort hann l\u00e6kna\u00f0i hann \u00e1 hv\u00edldardegi. \u00deeir hug\u00f0ust k\u00e6ra hann.<a name=\"3\"><span class=\"versanumer\">3<\/span><\/a>Og Jes\u00fas segir vi\u00f0 manninn me\u00f0 visnu h\u00f6ndina: Statt upp og kom h\u00e9r fram!<a name=\"4\"><span class=\"versanumer\">4<\/span><\/a>S\u00ed\u00f0an spyr hann \u00fe\u00e1: Hvort er heldur leyfilegt a\u00f0 gj\u00f6ra gott e\u00f0a gj\u00f6ra illt \u00e1 hv\u00edldardegi, bjarga l\u00edfi e\u00f0a dey\u00f0a? En \u00feeir \u00fe\u00f6g\u00f0u.<a name=\"5\"><span class=\"versanumer\">5<\/span><\/a>Og hann leit \u00ed kring \u00e1 \u00fe\u00e1 me\u00f0 rei\u00f0i, s\u00e1rhryggur yfir har\u00f0\u00fa\u00f0 hjartna \u00feeirra, og sag\u00f0i vi\u00f0 manninn: R\u00e9ttu fram h\u00f6nd \u00fe\u00edna. Hann r\u00e9tti fram h\u00f6ndina, og h\u00fan var\u00f0 heil.<a name=\"6\"><span class=\"versanumer\">6<\/span><\/a>\u00de\u00e1 gengu far\u00edsearnir \u00fat og t\u00f3ku \u00feegar me\u00f0 Her\u00f3desarsinnum saman r\u00e1\u00f0 s\u00edn gegn honum, hvernig \u00feeir g\u00e6tu n\u00e1\u00f0 l\u00edfi hans.<a name=\"7\"><span class=\"versanumer\">7<\/span><\/a>Jes\u00fas f\u00f3r me\u00f0 l\u00e6risveinum s\u00ednum \u00fat a\u00f0 vatninu, og fylgdi mikill fj\u00f6ldi \u00far Gal\u00edleu og \u00far J\u00fadeu,<a name=\"8\"><span class=\"versanumer\">8<\/span><\/a>fr\u00e1 Jer\u00fasalem, \u00cdd\u00fameu, landinu handan J\u00f3rdanar, og \u00far bygg\u00f0um T\u00fdrusar og S\u00eddonar kom til hans fj\u00f6ldi manna, er heyrt h\u00f6f\u00f0u, hve miki\u00f0 hann gj\u00f6r\u00f0i.<a name=\"9\"><span class=\"versanumer\">9<\/span><\/a>Og hann bau\u00f0 l\u00e6risveinum s\u00ednum a\u00f0 hafa til b\u00e1t fyrir sig, svo a\u00f0 mannfj\u00f6ldinn \u00ferengdi eigi a\u00f0 honum.<a name=\"10\"><span class=\"versanumer\">10<\/span><\/a>En marga haf\u00f0i hann l\u00e6kna\u00f0, og \u00fev\u00ed \u00feustu a\u00f0 honum allir \u00feeir, sem einhver mein h\u00f6f\u00f0u, til a\u00f0 snerta hann.<a name=\"11\"><span class=\"versanumer\">11<\/span><\/a>Og hven\u00e6r sem \u00f3hreinir andar s\u00e1u hann, f\u00e9llu \u00feeir fram fyrir honum og \u00e6ptu upp: \u00de\u00fa ert sonur Gu\u00f0s.<a name=\"12\"><span class=\"versanumer\">12<\/span><\/a>En hann lag\u00f0i r\u00edkt \u00e1 vi\u00f0 \u00fe\u00e1, a\u00f0 \u00feeir gj\u00f6r\u00f0u hann eigi kunnan.<a name=\"13\"><span class=\"versanumer\">13<\/span><\/a>S\u00ed\u00f0an f\u00f3r hann til fjalls og kalla\u00f0i til s\u00edn \u00fe\u00e1 er hann sj\u00e1lfur vildi, og \u00feeir komu til hans.<a name=\"14\"><span class=\"versanumer\">14<\/span><\/a>Hann skipa\u00f0i t\u00f3lf, er skyldu vera me\u00f0 honum og hann g\u00e6ti sent \u00fat a\u00f0 pr\u00e9dika,<a name=\"15\"><span class=\"versanumer\">15<\/span><\/a>me\u00f0 valdi a\u00f0 reka \u00fat illa anda.<a name=\"16\"><span class=\"versanumer\">16<\/span><\/a>Hann skipa\u00f0i \u00fe\u00e1 t\u00f3lf: S\u00edmon, er hann gaf nafni\u00f0 P\u00e9tur,<a name=\"17\"><span class=\"versanumer\">17<\/span><\/a>Jakob Sebedeusson og J\u00f3hannes br\u00f3\u00f0ur hans, en \u00feeim gaf hann nafni\u00f0 Boanerges, sem \u00fe\u00fd\u00f0ir \u00ferumusynir,<a name=\"18\"><span class=\"versanumer\">18<\/span><\/a>og Andr\u00e9s, Filippus og Bart\u00f3l\u00f3meus, Matteus og T\u00f3mas, Jakob Alfeusson, Taddeus og S\u00edmon vandl\u00e6tara<a name=\"19\"><span class=\"versanumer\">19<\/span><\/a>og J\u00fadas \u00cdskar\u00edot, \u00feann er sveik hann.<a name=\"20\"><span class=\"versanumer\">20<\/span><\/a>\u00deegar hann kemur heim, safnast \u00fear aftur mannfj\u00f6ldi, svo \u00feeir g\u00e1tu ekki einu sinni matast.<a name=\"21\"><span class=\"versanumer\">21<\/span><\/a>Hans n\u00e1nustu fr\u00e9ttu \u00fea\u00f0 og f\u00f3ru \u00fat og vildu n\u00e1 honum, enda s\u00f6g\u00f0u \u00feeir, a\u00f0 hann v\u00e6ri fr\u00e1 s\u00e9r.<a name=\"22\"><span class=\"versanumer\">22<\/span><\/a>Og fr\u00e6\u00f0imennirnir, er komnir voru ofan fr\u00e1 Jer\u00fasalem, s\u00f6g\u00f0u: Beelseb\u00fal er \u00ed honum. Me\u00f0 fulltingi h\u00f6f\u00f0ingja illra anda rekur hann \u00fat illu andana.<a name=\"23\"><span class=\"versanumer\">23<\/span><\/a>En Jes\u00fas kalla\u00f0i \u00fe\u00e1 til s\u00edn og m\u00e6lti vi\u00f0 \u00fe\u00e1 \u00ed l\u00edkingum: Hvernig getur Satan reki\u00f0 Satan \u00fat?<a name=\"24\"><span class=\"versanumer\">24<\/span><\/a>Ver\u00f0i r\u00edki sj\u00e1lfu s\u00e9r sundur\u00feykkt, f\u00e6r \u00fea\u00f0 r\u00edki eigi sta\u00f0ist,<a name=\"25\"><span class=\"versanumer\">25<\/span><\/a>og ver\u00f0i heimili sj\u00e1lfu s\u00e9r sundur\u00feykkt, f\u00e6r \u00fea\u00f0 heimili eigi sta\u00f0ist.<a name=\"26\"><span class=\"versanumer\">26<\/span><\/a>S\u00e9 n\u00fa Satan risinn gegn sj\u00e1lfum s\u00e9r og or\u00f0inn s\u00e9r sundur\u00feykkur, f\u00e6r hann ekki sta\u00f0ist, \u00fe\u00e1 er \u00fati um hann.<a name=\"27\"><span class=\"versanumer\">27<\/span><\/a>Enginn getur brotist inn \u00ed h\u00fas hins sterka og r\u00e6nt f\u00f6ngum hans, nema hann bindi \u00e1\u00f0ur hinn sterka, \u00fe\u00e1 getur hann r\u00e6nt h\u00fas hans.<a name=\"28\"><span class=\"versanumer\">28<\/span><\/a>Sannlega segi \u00e9g y\u00f0ur: Allt ver\u00f0ur mannanna b\u00f6rnum fyrirgefi\u00f0, allar syndir \u00feeirra og lastm\u00e6lin, hve mj\u00f6g sem \u00feeir kunna a\u00f0 lastm\u00e6la,<a name=\"29\"><span class=\"versanumer\">29<\/span><\/a>en s\u00e1 sem lastm\u00e6lir gegn heil\u00f6gum anda, f\u00e6r eigi fyrirgefningu um aldur, hann er sekur um eil\u00edfa synd.<a name=\"30\"><span class=\"versanumer\">30<\/span><\/a>En \u00feeir h\u00f6f\u00f0u sagt: \u00d3hreinn andi er \u00ed honum.<a name=\"31\"><span class=\"versanumer\">31<\/span><\/a>N\u00fa koma m\u00f3\u00f0ir hans og br\u00e6\u00f0ur, standa \u00fati og gera honum or\u00f0 a\u00f0 koma.<a name=\"32\"><span class=\"versanumer\">32<\/span><\/a>Mikill fj\u00f6ldi sat \u00ed kringum hann, og var honum sagt: M\u00f3\u00f0ir \u00fe\u00edn, br\u00e6\u00f0ur og systur eru h\u00e9r \u00fati og spyrja eftir \u00fe\u00e9r.<a name=\"33\"><span class=\"versanumer\">33<\/span><\/a>Hann svarar \u00feeim: Hver er m\u00f3\u00f0ir m\u00edn og br\u00e6\u00f0ur?<a name=\"34\"><span class=\"versanumer\">34<\/span><\/a>Og hann leit \u00e1 \u00fe\u00e1, er kringum hann s\u00e1tu, og segir: H\u00e9r er m\u00f3\u00f0ir m\u00edn og br\u00e6\u00f0ur m\u00ednir!<a name=\"35\"><span class=\"versanumer\">35<\/span><\/a>Hver, sem gj\u00f6rir vilja Gu\u00f0s, s\u00e1 er br\u00f3\u00f0ir minn, systir og m\u00f3\u00f0ir.<\/p>\n<div class=\"footnote1981\"><b>3.1-6<\/b> Hlst. Matt 12.9-14; L\u00fak 6.6-11<br \/>\n<b>3.2<\/b> Hug\u00f0ust k\u00e6ra hann J\u00f3h 8.6<br \/>\n<b>3.4<\/b> Leyfilegt \u00e1 hv\u00edldardegi L\u00fak 14.3; J\u00f3h 5.10 \u2013 gera gott \u00e1 hv\u00edldardegi J\u00f3h 5.16-17<br \/>\n<b>3.5<\/b> Leit \u00e1 \u00fe\u00e1  Mrk 3.34; 5.32; 10.23; 11.11 \u2013 har\u00f0\u00fa\u00f0 hjartans 2M\u00f3s 7.13; Jes 6.9-10; Matt 13.15; 19.8; Mrk 6.52; 8.17; 10.5; 16.14; L\u00fak 21.34; J\u00f3h 12.40; Post 7.51; 28.27; R\u00f3m 2.5; 11.25; Ef 4.18; Heb 3.8,10,12,15; 4.7<br \/>\n<b>3.6<\/b> R\u00e1\u00f0um r\u00e1\u00f0i\u00f0 gegn Jes\u00fa Matt 12.14+ &#8211; Her\u00f3desarsinnar Matt 22.16; Mrk 3.6; 12.13 \u2013 Her\u00f3des Matt 14.1<br \/>\n<b>3.7<\/b> Vi\u00f0 vatni\u00f0 Mrk 2.13; 3.7-8; 5.21; L\u00fak 5.1-3<br \/>\n<b>3.8<\/b> Komu til hans Matt 4.25; 8.1; 12.15; 14.13; Mrk 1.32,45; 2.1,13; 3.7-8,20; 4.1; 5.21; 6.31,34,54; 8.1; L\u00fak 6.17-19<br \/>\n<b>3.9<\/b> Jes\u00fas kennir \u00far b\u00e1ti Mrk 4.1 og hlst.; L\u00fak 5.3<br \/>\n<b>3.10<\/b> Snerta Jes\u00fa Mrk 5.28+<br \/>\n<b>3.11<\/b> Sonur Gu\u00f0s Matt 14.33+ ; Mrk 1.1+ &#8211; \u00f3hreinir andar \u00feekktu hann Mrk 5.7<br \/>\n<b>3.12<\/b> Halda leyndu Mrk 1.25+<br \/>\n<b>3.13-19<\/b> Hlst. Matt 10.1-4; L\u00fak 6.12-16<br \/>\n<b>3.13<\/b> Til fjalls Mrk 6.46; 9.2 \u2013 Jes\u00fas kallar l\u00e6risveina Mrk 1.17; 2.14; Matt 4.19+<br \/>\n<b>3.14<\/b> Vera me\u00f0 Jes\u00fa Mrk 5.18 \u2013 senda Matt 10.5+ &#8211; pr\u00e9dika Matt 3.1+ ; Mrk 1.4+<br \/>\n<b>3.15<\/b> Reka \u00fat illa anda Matt 7.22; 8.16 og hlst.,31; 9.32-34 og hlst.; 10.8; 12.24; 17.18; Mrk 1.39; 6.13; 7.26; 9.38; 16.9,17; L\u00fak 4.35; 9.1; 13.32<br \/>\n<b>3.16<\/b> T\u00f3lf postular Matt 10.2+ &#8211; S\u00edmon P\u00e9tur Matt 16.16-18; J\u00f3h 1.42<br \/>\n<b>3.17<\/b> \u00derumusynir L\u00fak 9.54<br \/>\n<b>3.18<\/b> Vandl\u00e6tari L\u00fak 6.15<br \/>\n<b>3.19<\/b> J\u00fadas \u00cdskar\u00edot Matt 10.4+<br \/>\n<b>3.20-30<\/b> Hlst. Matt 12.22-32; L\u00fak 11.14-23; 12.10<br \/>\n<b>3.20<\/b> Mannfj\u00f6ldinn Mrk 3.8+<br \/>\n<b>3.21<\/b> A hann v\u00e6ri fr\u00e1 s\u00e9r J\u00f3h 10.20<br \/>\n<b>3.22<\/b> Me\u00f0 fulltingi illra anda Matt 9.34 og hlst.; 10.25; 12.24; J\u00f3h 7.20; 8.48-52; 10.20-21 \u2013 Beelseb\u00fal Matt 10.25+<br \/>\n<b>3.23<\/b> \u00cd l\u00edkingum Mrk 4.11; 7.17 \u2013 Satan Mrk 1.13+<br \/>\n<b>3.27<\/b> Hinn sterki Jes 49.24-25; 53.12; Mrk 1.7<br \/>\n<b>3.28<\/b> Allt ver\u00f0ur fyrirgefi\u00f0 1T\u00edm 1.13 \u2013 lastm\u00e6li Matt 9.3+ ; Mrk 2.7 og hlst.<br \/>\n<b>3.30<\/b> Haldinn \u00f3hreinum anda Mrk 3.22+<br \/>\n<b>3.31-35<\/b> Hlst. Matt 12.46-50; L\u00fak 8.19-21<br \/>\n<b>3.31<\/b> M\u00f3\u00f0ir og br\u00e6\u00f0ur Jes\u00fa Matt 13.55-56; Mrk 6.3; J\u00f3h 2.12; Post 1.14<br \/>\n<b>3.35<\/b> Gera vilja Gu\u00f0s Matt 6.10+<\/div>\n","protected":false},"excerpt":{"rendered":"<p>1\u00d6\u00f0ru sinni gekk hann \u00ed samkunduh\u00fas. \u00dear var ma\u00f0ur me\u00f0 visna h\u00f6nd,2og h\u00f6f\u00f0u \u00feeir n\u00e1nar g\u00e6tur \u00e1 Jes\u00fa, hvort hann l\u00e6kna\u00f0i hann \u00e1 hv\u00edldardegi. \u00deeir hug\u00f0ust k\u00e6ra hann.3Og Jes\u00fas segir vi\u00f0 manninn me\u00f0 visnu h\u00f6ndina: Statt upp og kom h\u00e9r fram!4S\u00ed\u00f0an spyr hann \u00fe\u00e1: Hvort er heldur leyfilegt a\u00f0 gj\u00f6ra gott e\u00f0a gj\u00f6ra illt \u00e1 hv\u00edldardegi, bjarga l\u00edfi e\u00f0a dey\u00f0a? En \u00feeir \u00fe\u00f6g\u00f0u.5Og hann leit \u00ed kring \u00e1 \u00fe\u00e1 me\u00f0 rei\u00f0i, s\u00e1rhryggur yfir har\u00f0\u00fa\u00f0 hjartna \u00feeirra, og sag\u00f0i vi\u00f0 manninn: R\u00e9ttu fram h\u00f6nd \u00fe\u00edna. Hann r\u00e9tti fram h\u00f6ndina, og h\u00fan var\u00f0 heil.6\u00de\u00e1 gengu far\u00edsearnir \u00fat og t\u00f3ku \u00feegar me\u00f0 Her\u00f3desarsinnum <a href=\"https:\/\/biblian.is\/1981\/markusargudspjall-3-kafli\/\"> [&#8230;]<\/a><\/p>\n","protected":false},"author":1,"featured_media":0,"parent":0,"menu_order":0,"comment_status":"open","ping_status":"open","template":"bibliukaflar.php","meta":{"footnotes":""},"class_list":["post-2307","page","type-page","status-publish","hentry"],"_links":{"self":[{"href":"https:\/\/biblian.is\/1981\/wp-json\/wp\/v2\/pages\/2307","targetHints":{"allow":["GET"]}}],"collection":[{"href":"https:\/\/biblian.is\/1981\/wp-json\/wp\/v2\/pages"}],"about":[{"href":"https:\/\/biblian.is\/1981\/wp-json\/wp\/v2\/types\/page"}],"author":[{"embeddable":true,"href":"https:\/\/biblian.is\/1981\/wp-json\/wp\/v2\/users\/1"}],"replies":[{"embeddable":true,"href":"https:\/\/biblian.is\/1981\/wp-json\/wp\/v2\/comments?post=2307"}],"version-history":[{"count":0,"href":"https:\/\/biblian.is\/1981\/wp-json\/wp\/v2\/pages\/2307\/revisions"}],"wp:attachment":[{"href":"https:\/\/biblian.is\/1981\/wp-json\/wp\/v2\/media?parent=2307"}],"curies":[{"name":"wp","href":"https:\/\/api.w.org\/{rel}","templated":true}]}}