{"id":2306,"date":"2017-11-18T20:21:11","date_gmt":"2017-11-18T20:21:11","guid":{"rendered":"http:\/\/biblian.is\/1981\/markusargudspjall-2-kafli\/"},"modified":"2021-06-06T11:03:49","modified_gmt":"2021-06-06T11:03:49","slug":"markusargudspjall-2-kafli","status":"publish","type":"page","link":"https:\/\/biblian.is\/1981\/markusargudspjall-2-kafli\/","title":{"rendered":"Mark\u00fasargu\u00f0spjall 2. kafli"},"content":{"rendered":"<p><a name=\"1\"><span class=\"versanumer\">1<\/span><\/a>Nokkrum d\u00f6gum s\u00ed\u00f0ar kom hann aftur til Kapernaum. \u00deegar fr\u00e9ttist, a\u00f0 hann v\u00e6ri heima,<a name=\"2\"><span class=\"versanumer\">2<\/span><\/a>s\u00f6fnu\u00f0ust \u00fear svo margir, a\u00f0 hvergi var lengur r\u00fam, ekki einu sinni fyrir dyrum \u00fati. Og hann flutti \u00feeim or\u00f0i\u00f0.<a name=\"3\"><span class=\"versanumer\">3<\/span><\/a>\u00de\u00e1 er komi\u00f0 me\u00f0 lama mann, og b\u00e1ru fj\u00f3rir.<a name=\"4\"><span class=\"versanumer\">4<\/span><\/a>\u00deegar \u00feeir g\u00e1tu ekki komist me\u00f0 hann til Jes\u00fa fyrir f\u00f3lkinu, rufu \u00feeir \u00feekjuna uppi yfir honum, gr\u00f3fu \u00fear \u00ed gegn og l\u00e9tu s\u00edga ofan rekkjuna, sem hinn lami l\u00e1 \u00ed.<a name=\"5\"><span class=\"versanumer\">5<\/span><\/a>\u00de\u00e1 er Jes\u00fas s\u00e9r tr\u00fa \u00feeirra, segir hann vi\u00f0 lama manninn: Barni\u00f0 mitt, syndir \u00fe\u00ednar eru fyrirgefnar.<a name=\"6\"><span class=\"versanumer\">6<\/span><\/a>\u00dear s\u00e1tu nokkrir fr\u00e6\u00f0imenn og hugsu\u00f0u \u00ed hj\u00f6rtum s\u00ednum:<a name=\"7\"><span class=\"versanumer\">7<\/span><\/a>Hv\u00ed m\u00e6lir \u00feessi ma\u00f0ur svo? Hann gu\u00f0lastar. Hver getur fyrirgefi\u00f0 syndir nema Gu\u00f0 einn?<a name=\"8\"><span class=\"versanumer\">8<\/span><\/a>Samstundis skynja\u00f0i Jes\u00fas \u00ed anda s\u00ednum, a\u00f0 \u00feeir hugsu\u00f0u \u00feannig me\u00f0 s\u00e9r, og hann sag\u00f0i vi\u00f0 \u00fe\u00e1: Hv\u00ed hugsi\u00f0 \u00fe\u00e9r sl\u00edkt \u00ed hj\u00f6rtum y\u00f0ar?<a name=\"9\"><span class=\"versanumer\">9<\/span><\/a>Hvort er au\u00f0veldara a\u00f0 segja vi\u00f0 lama manninn: Syndir \u00fe\u00ednar eru fyrirgefnar, e\u00f0a segja: Statt upp, tak rekkju \u00fe\u00edna og gakk?<a name=\"10\"><span class=\"versanumer\">10<\/span><\/a>En til \u00feess a\u00f0 \u00fe\u00e9r viti\u00f0, a\u00f0 Mannssonurinn hefur vald til a\u00f0 fyrirgefa syndir \u00e1 j\u00f6r\u00f0u,<a name=\"11\"><span class=\"versanumer\">11<\/span><\/a>\u00fe\u00e1 segi \u00e9g \u00fe\u00e9r og n\u00fa talar hann vi\u00f0 lama manninn: Statt upp, tak rekkju \u00fe\u00edna, og far heim til \u00fe\u00edn.<a name=\"12\"><span class=\"versanumer\">12<\/span><\/a>Hann st\u00f3\u00f0 upp, t\u00f3k jafnskj\u00f3tt rekkjuna og gekk burt \u00ed allra augs\u00fdn, svo a\u00f0 allir voru fur\u00f0u lostnir, lofu\u00f0u Gu\u00f0 og s\u00f6g\u00f0u: Aldrei \u00e1\u00f0ur h\u00f6fum v\u00e9r \u00fev\u00edl\u00edkt s\u00e9\u00f0.<a name=\"13\"><span class=\"versanumer\">13<\/span><\/a>Aftur f\u00f3r hann \u00fat og gekk me\u00f0 vatninu, og allur mannfj\u00f6ldinn kom til hans, og hann kenndi \u00feeim.<a name=\"14\"><span class=\"versanumer\">14<\/span><\/a>Og er hann gekk \u00fear, s\u00e1 hann Lev\u00ed Alfeusson sitja hj\u00e1 tollb\u00fa\u00f0inni, og hann segir vi\u00f0 hann: Fylg \u00fe\u00fa m\u00e9r! Og hann st\u00f3\u00f0 upp og fylgdi honum.<a name=\"15\"><span class=\"versanumer\">15<\/span><\/a>Svo bar vi\u00f0, a\u00f0 Jes\u00fas sat a\u00f0 bor\u00f0i \u00ed h\u00fasi hans, og margir tollheimtumenn og bersyndugir s\u00e1tu \u00fear me\u00f0 honum og l\u00e6risveinum hans, en margir fylgdu honum.<a name=\"16\"><span class=\"versanumer\">16<\/span><\/a>Fr\u00e6\u00f0imenn af flokki far\u00edsea, sem s\u00e1u, a\u00f0 hann samneytti bersyndugum og tollheimtum\u00f6nnum, s\u00f6g\u00f0u \u00fe\u00e1 vi\u00f0 l\u00e6risveina hans: Hann etur me\u00f0 tollheimtum\u00f6nnum og bersyndugum.<a name=\"17\"><span class=\"versanumer\">17<\/span><\/a>Jes\u00fas heyr\u00f0i \u00feetta og svara\u00f0i \u00feeim: Ekki \u00feurfa heilbrig\u00f0ir l\u00e6knis vi\u00f0, heldur \u00feeir, sem sj\u00fakir eru. \u00c9g er ekki kominn til a\u00f0 kalla r\u00e9ttl\u00e1ta, heldur syndara.<a name=\"18\"><span class=\"versanumer\">18<\/span><\/a>L\u00e6risveinar J\u00f3hannesar og far\u00edsear h\u00e9ldu n\u00fa f\u00f6stu. \u00de\u00e1 koma menn til Jes\u00fa og spyrja hann: Hv\u00ed fasta l\u00e6risveinar J\u00f3hannesar og l\u00e6risveinar far\u00edsea, en \u00fe\u00ednir l\u00e6risveinar fasta ekki?<a name=\"19\"><span class=\"versanumer\">19<\/span><\/a>Jes\u00fas svara\u00f0i \u00feeim: Hvort geta br\u00fa\u00f0kaupsgestir fasta\u00f0, me\u00f0an br\u00fa\u00f0guminn er hj\u00e1 \u00feeim? Alla \u00fe\u00e1 stund, sem br\u00fa\u00f0guminn er hj\u00e1 \u00feeim, geta \u00feeir ekki fasta\u00f0.<a name=\"20\"><span class=\"versanumer\">20<\/span><\/a>En koma munu \u00feeir dagar, er br\u00fa\u00f0guminn ver\u00f0ur fr\u00e1 \u00feeim tekinn, \u00fe\u00e1 munu \u00feeir fasta, \u00e1 \u00feeim degi.<a name=\"21\"><span class=\"versanumer\">21<\/span><\/a>Enginn saumar b\u00f3t af \u00f3\u00fe\u00e6f\u00f0um d\u00fak \u00e1 gamalt fat, \u00fev\u00ed \u00fe\u00e1 r\u00edfur n\u00fdja b\u00f3tin af hinu gamla og ver\u00f0ur af verri rifa.<a name=\"22\"><span class=\"versanumer\">22<\/span><\/a>Og enginn l\u00e6tur n\u00fdtt v\u00edn \u00e1 gamla belgi, \u00fev\u00ed \u00fe\u00e1 sprengir v\u00edni\u00f0 belgina, og v\u00edni\u00f0 \u00f3n\u00fdtist og belgirnir. N\u00fdtt v\u00edn er l\u00e1ti\u00f0 \u00e1 n\u00fdja belgi.<a name=\"23\"><span class=\"versanumer\">23<\/span><\/a>Svo bar vi\u00f0, a\u00f0 Jes\u00fas f\u00f3r um s\u00e1\u00f0l\u00f6nd \u00e1 hv\u00edldardegi, og l\u00e6risveinar hans t\u00f3ku a\u00f0 t\u00edna korn\u00f6x \u00e1 lei\u00f0inni.<a name=\"24\"><span class=\"versanumer\">24<\/span><\/a>Far\u00edsearnir s\u00f6g\u00f0u \u00fe\u00e1 vi\u00f0 hann: L\u00edt \u00e1, hv\u00ed gj\u00f6ra \u00feeir \u00fea\u00f0, sem er ekki leyfilegt \u00e1 hv\u00edldardegi?<a name=\"25\"><span class=\"versanumer\">25<\/span><\/a>Hann svara\u00f0i \u00feeim: Hafi\u00f0 \u00fe\u00e9r aldrei lesi\u00f0, hva\u00f0 Dav\u00ed\u00f0 gj\u00f6r\u00f0i, er honum l\u00e1 \u00e1, \u00feegar hann hungra\u00f0i og menn hans?<a name=\"26\"><span class=\"versanumer\">26<\/span><\/a>Hann f\u00f3r inn \u00ed Gu\u00f0s h\u00fas, \u00feegar Ab\u00edatar var \u00e6\u00f0sti prestur, og \u00e1t sko\u00f0unarbrau\u00f0in, en \u00feau m\u00e1 enginn eta nema prestarnir, og gaf l\u00edka m\u00f6nnum s\u00ednum.<a name=\"27\"><span class=\"versanumer\">27<\/span><\/a>Og hann sag\u00f0i vi\u00f0 \u00fe\u00e1: Hv\u00edldardagurinn var\u00f0 til mannsins vegna og eigi ma\u00f0urinn vegna hv\u00edldardagsins.<a name=\"28\"><span class=\"versanumer\">28<\/span><\/a>\u00dev\u00ed er Mannssonurinn einnig herra hv\u00edldardagsins.<\/p>\n<div class=\"footnote1981\"><b>2.1-12<\/b> Hlst. Matt 9.1-8; L\u00fak 5.17-26<br \/>\n<b>2.1<\/b> Kaperna\u00fam Matt 4.13+ &#8211; heima Mrk 1.29<br \/>\n<b>2.2<\/b> Flutti or\u00f0i\u00f0 Post 4.29,31; 8.25; sbr Mrk 1.4+<br \/>\n<b>2.5<\/b> Tr\u00fa Mrk 4.40; 11.23 \u2013 og l\u00e6kning Mrk 5.34,36; 9.23; 10.52 \u2013 syndir fyrirgefnar L\u00fak 7.48<br \/>\n<b>2.7<\/b> Gu\u00f0lasta Matt 9.3+ &#8211; Gu\u00f0 einn fyrirgefur Slm 103.3; Jes 43.25; 1J\u00f3h 1.9<br \/>\n<b>2.8<\/b> Skynja\u00f0i hugsanir \u00feeirra Matt 12.25 \u2013 hv\u00ed? Matt 16.8<br \/>\n<b>2.10<\/b> Mannssonurinn Matt 8.20+<br \/>\n<b>2.12<\/b> Lofa Gu\u00f0 Matt 5.16; 9.8+ ; L\u00fak 2.20+ ; J\u00f3h 12.28; 13.31-32; 14.13; 17.1; 21.19; Post 12.23; 13.48; R\u00f3m 15.6,9; 1Kor 6.20; 2Kor 9.13; Gal 1.24; 2\u00deess 3.1; 1P\u00e9t 2.12; 4.11,16; Opb 15.4 \u2013 aldrei \u00e1\u00f0ur &#8230; Matt 9.33<br \/>\n<b>2.13-17<\/b> Hlst. Matt 9.9-13; L\u00fak 5.27-32<br \/>\n<b>2.13<\/b> Allir komu til hans Mrk 3.7-8+ &#8211; Jes\u00fas kennir Mrk 1.22; 6.2<br \/>\n<b>2.14<\/b> Lev\u00ed (Matteus) L\u00fak 5.27,29; sbr Matt 9.9+ &#8211; fylg \u00fe\u00fa m\u00e9r Matt 4.19+: 19.21 og hlst.; Mrk 1.17; 9.59<br \/>\n<b>2.15<\/b> Tollheimtumenn Matt 5.46+ &#8211; syndarar Matt 11.19; L\u00fak 6.32-34; 7.34; 15.1-2,10; 19.7; J\u00f3h 9.16,24<br \/>\n<b>2.16<\/b> Vinur tollheimtumanna og syndara Matt 9.11; 11.19+ ; L\u00fak 7.34<br \/>\n<b>2.17<\/b> Kominn til a\u00f0 &#8230; Mrk 10.45; 11.9<br \/>\n<b>2.18-22<\/b> Hlst. Matt 9.14-17; L\u00fak 5.33-39<br \/>\n<b>2.18<\/b> L\u00e6risveinar J\u00f3hannesar Matt 9.14+ &#8211; fasta Matt 6.16+<br \/>\n<b>2.19<\/b> Br\u00fa\u00f0gumi Matt 9.15+<br \/>\n<b>2.22<\/b> Gamalt og n\u00fdtt 2Kor 5.17; Gal 1.6; 4.9; J\u00f3h 1.17<br \/>\n<b>2.23-28<\/b> Hlst. Matt 12.1-8; L\u00fak 6.1-5<br \/>\n<b>2.23<\/b> \u00c1 hv\u00edldardegi Matt 12.1+ &#8211; t\u00edna korn\u00f6x 5M\u00f3s 23.25<br \/>\n<b>2.24<\/b> Ekki leyfilegt 2M\u00f3s 34.21<br \/>\n<b>2.25-26<\/b> Dav\u00ed\u00f0 og sko\u00f0unarbrau\u00f0in 1Sam 21.2-7<br \/>\n<b>2.26<\/b> Ab\u00edatar 2Sam 15.35<br \/>\n<b>2.27<\/b> Hv\u00edldardagurinn mannsins vegna 2M\u00f3s 20.8-10; 5M\u00f3s 5.12-14; sbr 1Makk 2.39-41; Mrk 3.4; Matt 12.11-12; L\u00fak 14.5<br \/>\n<b>2.28<\/b> Mannssonurinn Matt 8.20+<\/div>\n","protected":false},"excerpt":{"rendered":"<p>1Nokkrum d\u00f6gum s\u00ed\u00f0ar kom hann aftur til Kapernaum. \u00deegar fr\u00e9ttist, a\u00f0 hann v\u00e6ri heima,2s\u00f6fnu\u00f0ust \u00fear svo margir, a\u00f0 hvergi var lengur r\u00fam, ekki einu sinni fyrir dyrum \u00fati. Og hann flutti \u00feeim or\u00f0i\u00f0.3\u00de\u00e1 er komi\u00f0 me\u00f0 lama mann, og b\u00e1ru fj\u00f3rir.4\u00deegar \u00feeir g\u00e1tu ekki komist me\u00f0 hann til Jes\u00fa fyrir f\u00f3lkinu, rufu \u00feeir \u00feekjuna uppi yfir honum, gr\u00f3fu \u00fear \u00ed gegn og l\u00e9tu s\u00edga ofan rekkjuna, sem hinn lami l\u00e1 \u00ed.5\u00de\u00e1 er Jes\u00fas s\u00e9r tr\u00fa \u00feeirra, segir hann vi\u00f0 lama manninn: Barni\u00f0 mitt, syndir \u00fe\u00ednar eru fyrirgefnar.6\u00dear s\u00e1tu nokkrir fr\u00e6\u00f0imenn og hugsu\u00f0u \u00ed hj\u00f6rtum s\u00ednum:7Hv\u00ed m\u00e6lir \u00feessi ma\u00f0ur svo? Hann <a href=\"https:\/\/biblian.is\/1981\/markusargudspjall-2-kafli\/\"> [&#8230;]<\/a><\/p>\n","protected":false},"author":1,"featured_media":0,"parent":0,"menu_order":0,"comment_status":"open","ping_status":"open","template":"bibliukaflar.php","meta":{"footnotes":""},"class_list":["post-2306","page","type-page","status-publish","hentry"],"_links":{"self":[{"href":"https:\/\/biblian.is\/1981\/wp-json\/wp\/v2\/pages\/2306","targetHints":{"allow":["GET"]}}],"collection":[{"href":"https:\/\/biblian.is\/1981\/wp-json\/wp\/v2\/pages"}],"about":[{"href":"https:\/\/biblian.is\/1981\/wp-json\/wp\/v2\/types\/page"}],"author":[{"embeddable":true,"href":"https:\/\/biblian.is\/1981\/wp-json\/wp\/v2\/users\/1"}],"replies":[{"embeddable":true,"href":"https:\/\/biblian.is\/1981\/wp-json\/wp\/v2\/comments?post=2306"}],"version-history":[{"count":0,"href":"https:\/\/biblian.is\/1981\/wp-json\/wp\/v2\/pages\/2306\/revisions"}],"wp:attachment":[{"href":"https:\/\/biblian.is\/1981\/wp-json\/wp\/v2\/media?parent=2306"}],"curies":[{"name":"wp","href":"https:\/\/api.w.org\/{rel}","templated":true}]}}