{"id":2305,"date":"2017-11-18T20:21:11","date_gmt":"2017-11-18T20:21:11","guid":{"rendered":"http:\/\/biblian.is\/1981\/markusargudspjall-1-kafli\/"},"modified":"2022-12-16T12:38:47","modified_gmt":"2022-12-16T12:38:47","slug":"markusargudspjall-1-kafli","status":"publish","type":"page","link":"https:\/\/biblian.is\/1981\/markusargudspjall-1-kafli\/","title":{"rendered":"Mark\u00fasargu\u00f0spjall 1. kafli"},"content":{"rendered":"<p><a name=\"1\"><\/a><span class=\"versanumer\">1<\/span>Upphaf fagna\u00f0arerindisins um Jes\u00fa Krist, Gu\u00f0s son.<a name=\"2\"><\/a><span class=\"versanumer\">2<\/span>Svo er rita\u00f0 hj\u00e1 Jesaja sp\u00e1manni: Sj\u00e1, \u00e9g sendi sendibo\u00f0a minn \u00e1 undan \u00fe\u00e9r, er grei\u00f0a mun veg \u00feinn.<a name=\"3\"><\/a><span class=\"versanumer\">3<\/span>R\u00f6dd hr\u00f3panda \u00ed ey\u00f0im\u00f6rk: Grei\u00f0i\u00f0 veg Drottins, gj\u00f6ri\u00f0 beinar brautir hans.<a name=\"4\"><\/a><span class=\"versanumer\">4<\/span>\u00deannig kom J\u00f3hannes sk\u00edrari fram \u00ed \u00f3bygg\u00f0inni og pr\u00e9dika\u00f0i i\u00f0runarsk\u00edrn til fyrirgefningar synda,<a name=\"5\"><\/a><span class=\"versanumer\">5<\/span>og menn streymdu til hans fr\u00e1 allri J\u00fadeubygg\u00f0 og allir Jer\u00fasalemb\u00faar og l\u00e9tu sk\u00edrast af honum \u00ed \u00e1nni J\u00f3rdan og j\u00e1tu\u00f0u syndir s\u00ednar.<a name=\"6\"><\/a><span class=\"versanumer\">6<\/span>En J\u00f3hannes var \u00ed kl\u00e6\u00f0um \u00far \u00falfaldah\u00e1ri, me\u00f0 le\u00f0urbelti um lendar s\u00e9r og \u00e1t engisprettur og villihunang.<a name=\"7\"><\/a><span class=\"versanumer\">7<\/span>Hann pr\u00e9dika\u00f0i svo: S\u00e1 kemur eftir mig, sem m\u00e9r er m\u00e1ttugri, og er \u00e9g ekki ver\u00f0ur \u00feess a\u00f0 krj\u00fapa ni\u00f0ur og leysa sk\u00f3\u00feveng hans.<a name=\"8\"><\/a><span class=\"versanumer\">8<\/span>\u00c9g hef sk\u00edrt y\u00f0ur me\u00f0 vatni, en hann mun sk\u00edra y\u00f0ur me\u00f0 heil\u00f6gum anda.<a name=\"9\"><\/a><span class=\"versanumer\">9<\/span>Svo bar vi\u00f0 \u00e1 \u00feeim d\u00f6gum, a\u00f0 Jes\u00fas kom fr\u00e1 Nasaret \u00ed Gal\u00edleu og var sk\u00edr\u00f0ur af J\u00f3hannesi \u00ed J\u00f3rdan.<a name=\"10\"><\/a><span class=\"versanumer\">10<\/span>Um lei\u00f0 og hann st\u00e9 upp \u00far vatninu, s\u00e1 hann himnana lj\u00fakast upp og andann st\u00edga ni\u00f0ur yfir sig eins og d\u00fafu.<a name=\"11\"><\/a><span class=\"versanumer\">11<\/span>Og r\u00f6dd kom af himnum: \u00de\u00fa ert minn elska\u00f0i sonur, \u00e1 \u00fe\u00e9r hef \u00e9g vel\u00fe\u00f3knun.<a name=\"12\"><\/a><span class=\"versanumer\">12<\/span>\u00de\u00e1 kn\u00fa\u00f0i andinn hann \u00fat \u00ed \u00f3bygg\u00f0ina,<a name=\"13\"><\/a><span class=\"versanumer\">13<\/span>og hann var \u00ed \u00f3bygg\u00f0inni fj\u00f6rut\u00edu daga, og Satan freista\u00f0i hans. Hann haf\u00f0ist vi\u00f0 me\u00f0al villid\u00fdra, og englar \u00fej\u00f3nu\u00f0u honum.<a name=\"14\"><\/a><span class=\"versanumer\">14<\/span>\u00deegar J\u00f3hannes haf\u00f0i veri\u00f0 tekinn h\u00f6ndum, kom Jes\u00fas til Gal\u00edleu og pr\u00e9dika\u00f0i fagna\u00f0arerindi Gu\u00f0s<a name=\"15\"><\/a><span class=\"versanumer\">15<\/span>og sag\u00f0i: T\u00edminn er fullna\u00f0ur og Gu\u00f0s r\u00edki \u00ed n\u00e1nd. Gj\u00f6ri\u00f0 i\u00f0run og tr\u00fai\u00f0 fagna\u00f0arerindinu.<a name=\"16\"><\/a><span class=\"versanumer\">16<\/span>Jes\u00fas var \u00e1 gangi me\u00f0 Gal\u00edleuvatni og s\u00e1 S\u00edmon og Andr\u00e9s, br\u00f3\u00f0ur S\u00edmonar, vera a\u00f0 kasta netum \u00ed vatni\u00f0, en \u00feeir voru fiskimenn.<a name=\"17\"><\/a><span class=\"versanumer\">17<\/span>Jes\u00fas sag\u00f0i vi\u00f0 \u00fe\u00e1: Komi\u00f0 og fylgi\u00f0 m\u00e9r, og mun \u00e9g l\u00e1ta y\u00f0ur menn vei\u00f0a.<a name=\"18\"><\/a><span class=\"versanumer\">18<\/span>Og \u00feegar \u00ed sta\u00f0 l\u00e9tu \u00feeir eftir netin og fylgdu honum.<a name=\"19\"><\/a><span class=\"versanumer\">19<\/span>Hann gekk skammt \u00fea\u00f0an og s\u00e1 Jakob Sebedeusson og J\u00f3hannes br\u00f3\u00f0ur hans, og voru \u00feeir einnig \u00e1 b\u00e1ti a\u00f0 b\u00faa net.<a name=\"20\"><\/a><span class=\"versanumer\">20<\/span>Jes\u00fas kalla\u00f0i \u00fe\u00e1, og \u00feeir yfirg\u00e1fu Sebedeus f\u00f6\u00f0ur sinn hj\u00e1 daglaunam\u00f6nnunum \u00ed b\u00e1tnum og fylgdu honum.<a name=\"21\"><\/a><span class=\"versanumer\">21<\/span>\u00deeir komu til Kapernaum. Og hv\u00edldardaginn gekk Jes\u00fas \u00ed samkunduna og kenndi.<a name=\"22\"><\/a><span class=\"versanumer\">22<\/span>Undru\u00f0ust menn mj\u00f6g kenningu hans, \u00fev\u00ed a\u00f0 hann kenndi \u00feeim eins og s\u00e1 er vald hefur, og ekki eins og fr\u00e6\u00f0imennirnir.<a name=\"23\"><\/a><span class=\"versanumer\">23<\/span>\u00dear var \u00ed samkundu \u00feeirra ma\u00f0ur haldinn \u00f3hreinum anda. Hann \u00e6pti:<a name=\"24\"><\/a><span class=\"versanumer\">24<\/span>Hva\u00f0 vilt \u00fe\u00fa oss, Jes\u00fas fr\u00e1 Nasaret? Ert \u00fe\u00fa kominn a\u00f0 tort\u00edma oss? \u00c9g veit, hver \u00fe\u00fa ert, hinn heilagi Gu\u00f0s.<a name=\"25\"><\/a><span class=\"versanumer\">25<\/span>Jes\u00fas hasta\u00f0i \u00fe\u00e1 \u00e1 hann og m\u00e6lti: \u00deegi \u00fe\u00fa, og far \u00fat af honum.<a name=\"26\"><\/a><span class=\"versanumer\">26<\/span>\u00de\u00e1 teyg\u00f0i \u00f3hreini andinn manninn, rak upp hlj\u00f3\u00f0 miki\u00f0 og f\u00f3r \u00fat af honum.<a name=\"27\"><\/a><span class=\"versanumer\">27<\/span>Sl\u00f3 felmtri \u00e1 alla, og hver spur\u00f0i annan: Hva\u00f0 er \u00feetta? N\u00fd kenning me\u00f0 valdi! Hann skipar jafnvel \u00f3hreinum \u00f6ndum og \u00feeir hl\u00fd\u00f0a honum.<a name=\"28\"><\/a><span class=\"versanumer\">28<\/span>Og or\u00f0st\u00edr hans barst \u00feegar um alla Gal\u00edleu.<a name=\"29\"><\/a><span class=\"versanumer\">29<\/span>\u00dar samkundunni f\u00f3ru \u00feeir rakleitt \u00ed h\u00fas S\u00edmonar og Andr\u00e9sar og me\u00f0 \u00feeim Jakob og J\u00f3hannes.<a name=\"30\"><\/a><span class=\"versanumer\">30<\/span>Tengdam\u00f3\u00f0ir S\u00edmonar l\u00e1 me\u00f0 s\u00f3tthita, og s\u00f6g\u00f0u \u00feeir Jes\u00fa \u00feegar fr\u00e1 henni.<a name=\"31\"><\/a><span class=\"versanumer\">31<\/span>Hann gekk \u00fe\u00e1 a\u00f0, t\u00f3k \u00ed h\u00f6nd henni og reisti hana \u00e1 f\u00e6tur. S\u00f3tthitinn f\u00f3r \u00far henni, og h\u00fan gekk \u00feeim fyrir beina.<a name=\"32\"><\/a><span class=\"versanumer\">32<\/span>\u00deegar kv\u00f6ld var komi\u00f0 og s\u00f3lin setst, f\u00e6r\u00f0u menn til hans alla \u00fe\u00e1, er sj\u00fakir voru og haldnir illum \u00f6ndum,<a name=\"33\"><\/a><span class=\"versanumer\">33<\/span>og allur b\u00e6rinn var saman kominn vi\u00f0 dyrnar.<a name=\"34\"><\/a><span class=\"versanumer\">34<\/span>Hann l\u00e6kna\u00f0i marga, er \u00fej\u00e1\u00f0ust af \u00fdmsum sj\u00fakd\u00f3mum, og rak \u00fat marga illa anda, en illu \u00f6ndunum banna\u00f0i hann a\u00f0 tala, \u00fev\u00ed a\u00f0 \u00feeir vissu hver hann var.<a name=\"35\"><\/a><span class=\"versanumer\">35<\/span>Og \u00e1rla, l\u00f6ngu fyrir d\u00f6gun, f\u00f3r hann \u00e1 f\u00e6tur og gekk \u00fat, v\u00e9k burt \u00e1 \u00f3bygg\u00f0an sta\u00f0 og ba\u00f0st \u00fear fyrir.<a name=\"36\"><\/a><span class=\"versanumer\">36<\/span>\u00deeir S\u00edmon leitu\u00f0u hann uppi,<a name=\"37\"><\/a><span class=\"versanumer\">37<\/span>og \u00feegar \u00feeir fundu hann, s\u00f6g\u00f0u \u00feeir vi\u00f0 hann: Allir eru a\u00f0 leita a\u00f0 \u00fe\u00e9r.<a name=\"38\"><\/a><span class=\"versanumer\">38<\/span>Hann sag\u00f0i vi\u00f0 \u00fe\u00e1: V\u00e9r skulum fara anna\u00f0, \u00ed \u00feorpin h\u00e9r \u00ed grennd, svo a\u00f0 \u00e9g geti einnig pr\u00e9dika\u00f0 \u00fear, \u00fev\u00ed a\u00f0 til \u00feess er \u00e9g kominn.<a name=\"39\"><\/a><span class=\"versanumer\">39<\/span>Og hann f\u00f3r og pr\u00e9dika\u00f0i \u00ed samkundum \u00feeirra \u00ed allri Gal\u00edleu og rak \u00fat illa anda.<a name=\"40\"><\/a><span class=\"versanumer\">40<\/span>Ma\u00f0ur nokkur l\u00edk\u00fer\u00e1r kom til hans, f\u00e9ll \u00e1 kn\u00e9 og ba\u00f0 hann: Ef \u00fe\u00fa vilt, getur \u00fe\u00fa hreinsa\u00f0 mig.<a name=\"41\"><\/a><span class=\"versanumer\">41<\/span>Og hann kenndi \u00ed brj\u00f3sti um manninn, r\u00e9tti \u00fat h\u00f6ndina, snart hann og m\u00e6lti: \u00c9g vil, ver\u00f0 \u00fe\u00fa hreinn!<a name=\"42\"><\/a><span class=\"versanumer\">42<\/span>Jafnskj\u00f3tt hvarf af honum l\u00edk\u00fer\u00e1in, og hann var\u00f0 hreinn.<a name=\"43\"><\/a><span class=\"versanumer\">43<\/span>Og Jes\u00fas l\u00e9t hann fara, lag\u00f0i r\u00edkt \u00e1 vi\u00f0 hann<a name=\"44\"><\/a><span class=\"versanumer\">44<\/span>og sag\u00f0i: G\u00e6t \u00feess a\u00f0 segja engum neitt, en far \u00fe\u00fa, s\u00fdn \u00feig prestinum og f\u00f3rna fyrir hreinsun \u00fe\u00edna \u00fev\u00ed, sem M\u00f3se bau\u00f0, \u00feeim til vitnisbur\u00f0ar.<a name=\"45\"><\/a><span class=\"versanumer\">45<\/span>En ma\u00f0urinn gekk burt og r\u00e6ddi margt um \u00feetta og v\u00ed\u00f0fr\u00e6g\u00f0i mj\u00f6g, svo a\u00f0 Jes\u00fas gat ekki framar komi\u00f0 opinberlega \u00ed neina borg, heldur haf\u00f0ist vi\u00f0 \u00fati \u00e1 \u00f3bygg\u00f0um st\u00f6\u00f0um. En menn komu til hans hva\u00f0an\u00e6va.<\/p>\n<div class=\"footnote1981\"><b>1.1-8<\/b> Hlst. Matt 3.1-12; L\u00fak 3.1-9,15-17; J\u00f3h 1.19-28<br \/>\n<b>1.1<\/b> Fagna\u00f0arerindi Mrk 1.14; 8.35; 10.29; 13.10; 14.9; 16.15; R\u00f3m 1.1; 15.19; 16.25 \u2013 Kristur Mrk 8.29-30; 14.61-62 \u2013 sonur Gu\u00f0s Mrk 1.11; 3.11; 5.7; 9.7; 14.61-62; 15.39; sbr Matt 14.33<br \/>\n<b>1.2<\/b> Sbr 2M\u00f3s 23.20; Mal 3.1; Matt 11.10; L\u00fak 1.76; 7.27<br \/>\n<b>1.3<\/b> Sbr Jes 40.3; J\u00f3h 1.23<br \/>\n<b>1.4<\/b> J\u00f3hannes sk\u00edrari Mrk 6.14,24-25; 8.28; sbr Matt 3.1+ &#8211; \u00f3bygg\u00f0ir Matt 3.1+ &#8211; sk\u00edrast til fyrirgefningar synda Post 13.24; 19.4; sbr Matt 3.6+ &#8211; bo\u00f0a Matt 3.1+ ; Mrk 1.14,38-39,45; 3.14; 5.20; 6.12; 7.36; 13.10; 14.9; 16.15; Gal 2.2; K\u00f3l 1.23; 1\u00deess 2.9 \u2013 sinnaskipti Matt 3.2+ &#8211; fyrirgefning synda Slm 32.5; Okv 28.13; L\u00fak 18.13-14; Post 19.18; Jak 4.10; 1J\u00f3h 1.9; sbr Matt 26.28+<br \/>\n<b>1.5<\/b> Sk\u00edrn J\u00f3hannesar Matt 3.6+ &#8211; j\u00e1tu\u00f0u syndir 3M\u00f3s 5.5-6; 26.40; Neh 1.6; Dan 9.20<br \/>\n<b>1.6<\/b> Kl\u00e6\u00f0i J\u00f3hannesar Matt 3.4+<br \/>\n<b>1.7<\/b> Ekki ver\u00f0ur Post 13.25<br \/>\n<b>1.8<\/b> Sk\u00edrn me\u00f0 heil\u00f6gum anda Matt 3.11+<br \/>\n<b>1.9-13<\/b> Hlst Matt 3.13-4.11; L\u00fak 3.21-22; 4.1-13<br \/>\n<b>1.10<\/b> Himnarnir lukust upp Jes 63.19; sbr Matt 3.16+ &#8211; andinn st\u00e9 ni\u00f0ur yfir Jes\u00fa Jes 11.2; 42.1; 63.11<br \/>\n<b>1.11<\/b> Minn elska\u00f0i sonur 1M\u00f3s 22.2; Matt 3.17+<br \/>\n<b>1.12<\/b> \u00cd \u00f3bygg\u00f0 Matt 3.1+<br \/>\n<b>1.13<\/b> Fj\u00f6rut\u00edu Matt 4.2+ &#8211; freista Heb 2.18; 4.15 \u2013 Satan Job 1.6; Matt 4.10; Mrk 3.23,26 og hlst.; 4.15; 8.33 og hlst.; L\u00fak 10.18; 13.16; 22.3,31; J\u00f3h 13.27; Post 5.3; 26.18; R\u00f3m 16.20; 1Kor 5.5; 7.5; 2Kor 2.11; 11.14; 12.7; 1\u00deess 2.18; 2\u00deess 2.9; 1T\u00edm 1.20; 5.15; Opb 2.9,13,24; 3.9; 12.9; 20.7<br \/>\n<b>1.14-15<\/b> Hlst. Matt 4.12-17; L\u00fak 4.14-15<br \/>\n<b>1.14<\/b> J\u00f3hannes sk\u00edrari handtekinn Matt 4.12+ &#8211; fagna\u00f0arerindi Gu\u00f0s R\u00f3m 1.1; 15.16; 2Kor 11.7<br \/>\n<b>1.15<\/b> T\u00edminn fullna\u00f0ur Dan 12.4-9; Mrk 13.20; Gal 4.4; Ef 1.10 \u2013 Gu\u00f0s r\u00edki Matt 3.2+ ; 6.10+ &#8211; taki\u00f0 sinnaskiptum Matt 3.2+ &#8211; tr\u00fai\u00f0 fagna\u00f0arerindinu 1\u00deess 1.5-6; 2.13; K\u00f3l 1.5-6<br \/>\n<b>1.16-20<\/b> Hlst. Matt 4.18-22; L\u00fak 5.1-11<br \/>\n<b>1.16<\/b> S\u00edmon og Andr\u00e9s Matt 4.18+<br \/>\n<b>1.17<\/b> Fylgi\u00f0 m\u00e9r Matt 4.19+ &#8211; vei\u00f0a menn Matt 13.47-50<br \/>\n<b>1.19<\/b> Jakob og J\u00f3hannes Mrk 3.17; 10.35; Matt 4.21+<br \/>\n<b>1.21-28<\/b> Hlst. L\u00fak 4.31-37<br \/>\n<b>1.21<\/b> Samkunduh\u00fas og hv\u00edldardagur Mrk 6.2; L\u00fak 4.16; 6.6; 13.10 \u2013 Kaperna\u00fam Matt 4.13+<br \/>\n<b>1.22<\/b> Snortnir af or\u00f0um hans Matt 7.28-29; Mrk 6.2; 10.26; 11.18 \u2013 vald Jes\u00fa Mrk 1.27; 2.10; 11.28-33; sbr J\u00f3h 7.46<br \/>\n<b>1.23<\/b> Haldinn \u00f3hreinum anda Mrk 5.2<br \/>\n<b>1.24<\/b> Hva\u00f0 vilt \u00fe\u00fa okkur? Matt 8.29+ &#8211; til a\u00f0 tort\u00edma L\u00fak 10.18; Opb 20.10 \u2013 hinn heilagi Gu\u00f0s L\u00fak 4.34; J\u00f3h 6.69; Post 3.14; 4.27,30<br \/>\n<b>1.25<\/b> \u00deegi \u00fe\u00fa Mrk 1.34,44; 3.12; 5.43; 7.36; 8.26,30; 9.9; L\u00fak 4.41; 5.14; 8.56; sbr Matt 8.4+ &#8211; hasta \u00e1 Mrk 9.25; L\u00fak 4.39<br \/>\n<b>1.27<\/b> Felmtur Mrk 9.15; 10.24,32; sbr 1.22+<br \/>\n<b>1.28<\/b> Or\u00f0st\u00edr Jes\u00fa Matt 4.24<br \/>\n<b>1.29-34<\/b> Hlst. Mrk 8.14-17; L\u00fak 4.38-41<br \/>\n<b>1.31<\/b> T\u00f3k \u00ed h\u00f6nd Mrk 5.41 og hlst.; 9.27<br \/>\n<b>1.32<\/b> Sj\u00fakir f\u00e6r\u00f0ir til Jes\u00fa Matt 4.24 \u2013 illir andar og sj\u00fakd\u00f3mar Mrk 3.10-11; 6.13; sbr Matt 8.16; L\u00fak 6.18; Post 5.16; 8.7<br \/>\n<b>1.34<\/b> Banna\u00f0i \u00feeim a\u00f0 tala Mrk 1.25+ ; 3.12<br \/>\n<b>1.35-39<\/b> Hlst. L\u00fak 4.42-44<br \/>\n<b>1.35<\/b> Jes\u00fas bi\u00f0st fyrir Matt 14.23+ ; Mrk 6.46; L\u00fak 3.21+<br \/>\n<b>1.38<\/b> Pr\u00e9dika Mrk 1.4+ &#8211; fagna\u00f0arerindi Mrk 1.1+<br \/>\n<b>1.39<\/b> F\u00f3r og pr\u00e9dika\u00f0i Matt 9.35; Mrk 6.6<br \/>\n<b>1.40-45<\/b> Hlst. Matt 8.1-4; L\u00fak 5.12-16<br \/>\n<b>1.40<\/b> L\u00edk\u00fer\u00e1r Matt 8.2+<br \/>\n<b>1.41<\/b> Kenndi \u00ed brj\u00f3sti um hann Matt 9.36+ ; 20.34; Mrk 8.2; 9.22; L\u00fak 7.13; Matt 18.27; L\u00fak 10.33; 15.20<br \/>\n<b>1.43<\/b> Lag\u00f0i r\u00edkt \u00e1 vi\u00f0 hann Matt 9.30; sbr Mrk 1.41<br \/>\n<b>1.44<\/b> Segja engum Mrk 1.25+ &#8211; s\u00fdn \u00feig prestinum L\u00fak 17.14 \u2013 M\u00f3se bau\u00f0 3M\u00f3s 14.2-32<br \/>\n<b>1.45<\/b> V\u00ed\u00f0fr\u00e6g\u00f0i Mrk 1.4+<\/div>\n","protected":false},"excerpt":{"rendered":"<p>1Upphaf fagna\u00f0arerindisins um Jes\u00fa Krist, Gu\u00f0s son.2Svo er rita\u00f0 hj\u00e1 Jesaja sp\u00e1manni: Sj\u00e1, \u00e9g sendi sendibo\u00f0a minn \u00e1 undan \u00fe\u00e9r, er grei\u00f0a mun veg \u00feinn.3R\u00f6dd hr\u00f3panda \u00ed ey\u00f0im\u00f6rk: Grei\u00f0i\u00f0 veg Drottins, gj\u00f6ri\u00f0 beinar brautir hans.4\u00deannig kom J\u00f3hannes sk\u00edrari fram \u00ed \u00f3bygg\u00f0inni og pr\u00e9dika\u00f0i i\u00f0runarsk\u00edrn til fyrirgefningar synda,5og menn streymdu til hans fr\u00e1 allri J\u00fadeubygg\u00f0 og allir Jer\u00fasalemb\u00faar og l\u00e9tu sk\u00edrast af honum \u00ed \u00e1nni J\u00f3rdan og j\u00e1tu\u00f0u syndir s\u00ednar.6En J\u00f3hannes var \u00ed kl\u00e6\u00f0um \u00far \u00falfaldah\u00e1ri, me\u00f0 le\u00f0urbelti um lendar s\u00e9r og \u00e1t engisprettur og villihunang.7Hann pr\u00e9dika\u00f0i svo: S\u00e1 kemur eftir mig, sem m\u00e9r er m\u00e1ttugri, og er \u00e9g ekki ver\u00f0ur <a href=\"https:\/\/biblian.is\/1981\/markusargudspjall-1-kafli\/\"> [&#8230;]<\/a><\/p>\n","protected":false},"author":1,"featured_media":0,"parent":0,"menu_order":0,"comment_status":"open","ping_status":"open","template":"bibliukaflar.php","meta":{"footnotes":""},"class_list":["post-2305","page","type-page","status-publish","hentry"],"_links":{"self":[{"href":"https:\/\/biblian.is\/1981\/wp-json\/wp\/v2\/pages\/2305","targetHints":{"allow":["GET"]}}],"collection":[{"href":"https:\/\/biblian.is\/1981\/wp-json\/wp\/v2\/pages"}],"about":[{"href":"https:\/\/biblian.is\/1981\/wp-json\/wp\/v2\/types\/page"}],"author":[{"embeddable":true,"href":"https:\/\/biblian.is\/1981\/wp-json\/wp\/v2\/users\/1"}],"replies":[{"embeddable":true,"href":"https:\/\/biblian.is\/1981\/wp-json\/wp\/v2\/comments?post=2305"}],"version-history":[{"count":0,"href":"https:\/\/biblian.is\/1981\/wp-json\/wp\/v2\/pages\/2305\/revisions"}],"wp:attachment":[{"href":"https:\/\/biblian.is\/1981\/wp-json\/wp\/v2\/media?parent=2305"}],"curies":[{"name":"wp","href":"https:\/\/api.w.org\/{rel}","templated":true}]}}