{"id":2303,"date":"2017-11-18T20:21:11","date_gmt":"2017-11-18T20:21:11","guid":{"rendered":"http:\/\/biblian.is\/1981\/matteusargudspjall-27-kafli\/"},"modified":"2021-06-06T11:03:59","modified_gmt":"2021-06-06T11:03:59","slug":"matteusargudspjall-27-kafli","status":"publish","type":"page","link":"https:\/\/biblian.is\/1981\/matteusargudspjall-27-kafli\/","title":{"rendered":"Matteusargu\u00f0spjall 27. kafli"},"content":{"rendered":"<p><a name=\"1\"><span class=\"versanumer\">1<\/span><\/a>A\u00f0 morgni gj\u00f6r\u00f0u allir \u00e6\u00f0stu prestarnir og \u00f6ldungar l\u00fd\u00f0sins sam\u00feykkt gegn Jes\u00fa, a\u00f0 hann skyldi af l\u00edfi tekinn.<a name=\"2\"><span class=\"versanumer\">2<\/span><\/a>\u00deeir l\u00e9tu binda hann og f\u00e6ra brott og framseldu hann P\u00edlatusi landsh\u00f6f\u00f0ingja.<a name=\"3\"><span class=\"versanumer\">3<\/span><\/a>\u00deegar J\u00fadas, sem sveik hann, s\u00e1, a\u00f0 hann var d\u00e6mdur sekur, i\u00f0ra\u00f0ist hann og skila\u00f0i \u00e6\u00f0stu prestunum og \u00f6ldungunum silfurpeningunum \u00ferj\u00e1t\u00edu<a name=\"4\"><span class=\"versanumer\">4<\/span><\/a>og m\u00e6lti: \u00c9g dr\u00fdg\u00f0i synd, \u00e9g sveik saklaust bl\u00f3\u00f0. \u00deeir s\u00f6g\u00f0u: Hva\u00f0 var\u00f0ar oss um \u00fea\u00f0? \u00dea\u00f0 er \u00feitt a\u00f0 sj\u00e1 fyrir \u00fev\u00ed.<a name=\"5\"><span class=\"versanumer\">5<\/span><\/a>Hann fleyg\u00f0i \u00fe\u00e1 silfrinu inn \u00ed musteri\u00f0 og h\u00e9lt brott. S\u00ed\u00f0an f\u00f3r hann og hengdi sig.<a name=\"6\"><span class=\"versanumer\">6<\/span><\/a>\u00c6\u00f0stu prestarnir t\u00f3ku silfri\u00f0 og s\u00f6g\u00f0u: Ekki m\u00e1 l\u00e1ta \u00fea\u00f0 \u00ed gu\u00f0skistuna, \u00fev\u00ed \u00feetta eru bl\u00f3\u00f0peningar.<a name=\"7\"><span class=\"versanumer\">7<\/span><\/a>Og \u00feeir ur\u00f0u \u00e1s\u00e1ttir um a\u00f0 kaupa fyrir \u00fe\u00e1 leirkerasmi\u00f0s akurinn til grafreits handa \u00fatlendingum.<a name=\"8\"><span class=\"versanumer\">8<\/span><\/a>\u00deess vegna kallast hann enn \u00ed dag Bl\u00f3\u00f0reitur.<a name=\"9\"><span class=\"versanumer\">9<\/span><\/a>\u00de\u00e1 r\u00e6ttist \u00fea\u00f0, sem sagt var fyrir munn Jerem\u00eda sp\u00e1manns: \u00deeir t\u00f3ku silfurpeningana \u00ferj\u00e1t\u00edu, \u00fea\u00f0 ver\u00f0, sem s\u00e1 var metinn \u00e1, er til ver\u00f0s var lag\u00f0ur af \u00cdsraels sonum,<a name=\"10\"><span class=\"versanumer\">10<\/span><\/a>og keyptu fyrir \u00fe\u00e1 leirkerasmi\u00f0s akurinn eins og Drottinn haf\u00f0i fyrir mig lagt.<a name=\"11\"><span class=\"versanumer\">11<\/span><\/a>Jes\u00fas kom n\u00fa fyrir landsh\u00f6f\u00f0ingjann. Landsh\u00f6f\u00f0inginn spur\u00f0i hann: Ert \u00fe\u00fa konungur Gy\u00f0inga? Jes\u00fas svara\u00f0i: \u00de\u00fa segir \u00fea\u00f0.<a name=\"12\"><span class=\"versanumer\">12<\/span><\/a>\u00c6\u00f0stu prestarnir og \u00f6ldungarnir b\u00e1ru \u00e1 hann sakir, en hann svara\u00f0i engu.<a name=\"13\"><span class=\"versanumer\">13<\/span><\/a>\u00de\u00e1 spur\u00f0i P\u00edlatus hann: Heyrir \u00fe\u00fa ekki, hve mj\u00f6g \u00feeir vitna gegn \u00fe\u00e9r?<a name=\"14\"><span class=\"versanumer\">14<\/span><\/a>En hann svara\u00f0i honum ekki, engu or\u00f0i hans, og undra\u00f0ist landsh\u00f6f\u00f0inginn mj\u00f6g.<a name=\"15\"><span class=\"versanumer\">15<\/span><\/a>\u00c1 h\u00e1t\u00ed\u00f0inni var landsh\u00f6f\u00f0inginn vanur a\u00f0 gefa l\u00fd\u00f0num lausan einn bandingja, \u00feann er \u00feeir vildu.<a name=\"16\"><span class=\"versanumer\">16<\/span><\/a>\u00de\u00e1 var \u00fear alr\u00e6mdur bandingi \u00ed haldi, Barabbas a\u00f0 nafni.<a name=\"17\"><span class=\"versanumer\">17<\/span><\/a>Sem \u00feeir n\u00fa voru saman komnir, sag\u00f0i P\u00edlatus vi\u00f0 \u00fe\u00e1: Hvorn vilji\u00f0 \u00fe\u00e9r, a\u00f0 \u00e9g gefi y\u00f0ur lausan, Barabbas e\u00f0a Jes\u00fa, sem kallast Kristur?<a name=\"18\"><span class=\"versanumer\">18<\/span><\/a>Hann vissi, a\u00f0 \u00feeir h\u00f6f\u00f0u fyrir \u00f6fundar sakir framselt hann.<a name=\"19\"><span class=\"versanumer\">19<\/span><\/a>Me\u00f0an P\u00edlatus sat \u00e1 d\u00f3mst\u00f3lnum, sendi kona hans til hans me\u00f0 \u00feessi or\u00f0: L\u00e1ttu \u00feennan r\u00e9ttl\u00e1ta mann vera, \u00feungir hafa draumar m\u00ednir veri\u00f0 \u00ed n\u00f3tt hans vegna.<a name=\"20\"><span class=\"versanumer\">20<\/span><\/a>En \u00e6\u00f0stu prestarnir og \u00f6ldungarnir fengu m\u00faginn til a\u00f0 bi\u00f0ja um Barabbas, en a\u00f0 Jes\u00fas yr\u00f0i deyddur.<a name=\"21\"><span class=\"versanumer\">21<\/span><\/a>Landsh\u00f6f\u00f0inginn spur\u00f0i: Hvorn \u00feeirra tveggja vilji\u00f0 \u00fe\u00e9r, a\u00f0 \u00e9g gefi y\u00f0ur lausan? \u00deeir s\u00f6g\u00f0u: Barabbas.<a name=\"22\"><span class=\"versanumer\">22<\/span><\/a>P\u00edlatus spyr: Hva\u00f0 \u00e1 \u00e9g \u00fe\u00e1 a\u00f0 gj\u00f6ra vi\u00f0 Jes\u00fa, sem kallast Kristur? \u00deeir segja allir: Krossfestu hann.<a name=\"23\"><span class=\"versanumer\">23<\/span><\/a>Hann spur\u00f0i: Hva\u00f0 illt hefur hann \u00fe\u00e1 gj\u00f6rt? En \u00feeir \u00e6ptu \u00fev\u00ed meir: Krossfestu hann!<a name=\"24\"><span class=\"versanumer\">24<\/span><\/a>N\u00fa s\u00e9r P\u00edlatus, a\u00f0 hann f\u00e6r ekki a\u00f0 gj\u00f6rt, en \u00f3l\u00e6tin aukast. Hann t\u00f3k vatn, \u00fevo\u00f0i hendur s\u00ednar frammi fyrir f\u00f3lkinu og m\u00e6lti: S\u00fdkn er \u00e9g af bl\u00f3\u00f0i \u00feessa manns! Svari\u00f0 \u00fe\u00e9r sj\u00e1lfir fyrir!<a name=\"25\"><span class=\"versanumer\">25<\/span><\/a>Og allur l\u00fd\u00f0urinn sag\u00f0i: Komi bl\u00f3\u00f0 hans yfir oss og yfir b\u00f6rn vor!<a name=\"26\"><span class=\"versanumer\">26<\/span><\/a>\u00de\u00e1 gaf hann \u00feeim Barabbas lausan, en l\u00e9t h\u00fa\u00f0str\u00fdkja Jes\u00fa og framseldi hann til krossfestingar.<a name=\"27\"><span class=\"versanumer\">27<\/span><\/a>Hermenn landsh\u00f6f\u00f0ingjans f\u00f3ru n\u00fa me\u00f0 hann inn \u00ed h\u00f6llina og s\u00f6fnu\u00f0u um hann allri hersveitinni.<a name=\"28\"><span class=\"versanumer\">28<\/span><\/a>\u00deeir afkl\u00e6ddu hann og f\u00e6r\u00f0u hann \u00ed skarlatsrau\u00f0a k\u00e1pu,<a name=\"29\"><span class=\"versanumer\">29<\/span><\/a>fl\u00e9ttu\u00f0u \u00feyrnik\u00f3r\u00f3nu og settu \u00e1 h\u00f6fu\u00f0 honum, en reyrsprota \u00ed h\u00e6gri h\u00f6nd hans. S\u00ed\u00f0an f\u00e9llu \u00feeir \u00e1 kn\u00e9 fyrir honum og h\u00f6f\u00f0u hann a\u00f0 h\u00e1\u00f0i og s\u00f6g\u00f0u: Heill \u00fe\u00fa, konungur Gy\u00f0inga!<a name=\"30\"><span class=\"versanumer\">30<\/span><\/a>Og \u00feeir hr\u00e6ktu \u00e1 hann, t\u00f3ku reyrsprotann og sl\u00f3gu hann \u00ed h\u00f6fu\u00f0i\u00f0.<a name=\"31\"><span class=\"versanumer\">31<\/span><\/a>\u00deegar \u00feeir h\u00f6f\u00f0u spotta\u00f0 hann, f\u00e6r\u00f0u \u00feeir hann \u00far k\u00e1punni og \u00ed hans eigin kl\u00e6\u00f0i. \u00de\u00e1 leiddu \u00feeir hann \u00fat til a\u00f0 krossfesta hann.<a name=\"32\"><span class=\"versanumer\">32<\/span><\/a>\u00c1 lei\u00f0inni hittu \u00feeir mann fr\u00e1 K\u00fdrene, er S\u00edmon h\u00e9t. Hann neyddu \u00feeir til a\u00f0 bera kross Jes\u00fa.<a name=\"33\"><span class=\"versanumer\">33<\/span><\/a>Og er \u00feeir komu til \u00feess sta\u00f0ar, er heitir Golgata, \u00fea\u00f0 \u00fe\u00fd\u00f0ir hausk\u00fapusta\u00f0ur,<a name=\"34\"><span class=\"versanumer\">34<\/span><\/a>g\u00e1fu \u00feeir honum v\u00edn a\u00f0 drekka, galli blanda\u00f0. Hann brag\u00f0a\u00f0i \u00fea\u00f0, en vildi ekki drekka.<a name=\"35\"><span class=\"versanumer\">35<\/span><\/a>\u00de\u00e1 krossfestu \u00feeir hann. Og \u00feeir k\u00f6stu\u00f0u hlutum um kl\u00e6\u00f0i hans og skiptu me\u00f0 s\u00e9r,<a name=\"36\"><span class=\"versanumer\">36<\/span><\/a>s\u00e1tu \u00fear svo og g\u00e6ttu hans.<a name=\"37\"><span class=\"versanumer\">37<\/span><\/a>Yfir h\u00f6f\u00f0i hans festu \u00feeir sakargift hans svo skr\u00e1\u00f0a: \u00deESSI ER JES\u00daS, KONUNGUR GY\u00d0INGA.<a name=\"38\"><span class=\"versanumer\">38<\/span><\/a>\u00de\u00e1 voru krossfestir me\u00f0 honum tveir r\u00e6ningjar, annar til h\u00e6gri, hinn til vinstri.<a name=\"39\"><span class=\"versanumer\">39<\/span><\/a>\u00deeir, sem fram hj\u00e1 gengu, h\u00e6ddu hann, sk\u00f3ku h\u00f6fu\u00f0 s\u00edn<a name=\"40\"><span class=\"versanumer\">40<\/span><\/a>og s\u00f6g\u00f0u: \u00de\u00fa sem br\u00fdtur ni\u00f0ur musteri\u00f0 og reisir \u00fea\u00f0 \u00e1 \u00ferem d\u00f6gum. Bjarga n\u00fa sj\u00e1lfum \u00fe\u00e9r, ef \u00fe\u00fa ert sonur Gu\u00f0s, og st\u00edg ni\u00f0ur af krossinum!<a name=\"41\"><span class=\"versanumer\">41<\/span><\/a>Eins gj\u00f6r\u00f0u \u00e6\u00f0stu prestarnir gys a\u00f0 honum og fr\u00e6\u00f0imennirnir og \u00f6ldungarnir og s\u00f6g\u00f0u:<a name=\"42\"><span class=\"versanumer\">42<\/span><\/a>\u00d6\u00f0rum bjarga\u00f0i hann, sj\u00e1lfum s\u00e9r getur hann ekki bjarga\u00f0. Hann er konungur \u00cdsraels, st\u00edgi hann n\u00fa ni\u00f0ur af krossinum, \u00fe\u00e1 skulum v\u00e9r tr\u00faa \u00e1 hann.<a name=\"43\"><span class=\"versanumer\">43<\/span><\/a>Hann treystir Gu\u00f0i. N\u00fa \u00e6tti Gu\u00f0 a\u00f0 frelsa hann, ef hann hefur m\u00e6tur \u00e1 honum. E\u00f0a sag\u00f0i hann ekki: \u00c9g er sonur Gu\u00f0s?<a name=\"44\"><span class=\"versanumer\">44<\/span><\/a>Einnig r\u00e6ningjarnir, sem me\u00f0 honum voru krossfestir, sm\u00e1nu\u00f0u hann \u00e1 sama h\u00e1tt.<a name=\"45\"><span class=\"versanumer\">45<\/span><\/a>En fr\u00e1 h\u00e1degi var\u00f0 myrkur um allt land til n\u00f3ns.<a name=\"46\"><span class=\"versanumer\">46<\/span><\/a>Og um n\u00f3n kalla\u00f0i Jes\u00fas h\u00e1rri r\u00f6ddu: El\u00ed, El\u00ed, lama sabaktan\u00ed! \u00dea\u00f0 \u00fe\u00fd\u00f0ir: Gu\u00f0 minn, Gu\u00f0 minn, hv\u00ed hefur \u00fe\u00fa yfirgefi\u00f0 mig?<a name=\"47\"><span class=\"versanumer\">47<\/span><\/a>Nokkrir \u00feeirra, er \u00fear st\u00f3\u00f0u, heyr\u00f0u \u00feetta og s\u00f6g\u00f0u: Hann kallar \u00e1 El\u00eda!<a name=\"48\"><span class=\"versanumer\">48<\/span><\/a>Jafnskj\u00f3tt hlj\u00f3p einn \u00feeirra til, t\u00f3k njar\u00f0arv\u00f6tt og fyllti ediki, stakk \u00e1 reyrstaf og gaf honum a\u00f0 drekka.<a name=\"49\"><span class=\"versanumer\">49<\/span><\/a>Hinir s\u00f6g\u00f0u: Sj\u00e1um til, hvort El\u00eda kemur a\u00f0 bjarga honum.<a name=\"50\"><span class=\"versanumer\">50<\/span><\/a>En Jes\u00fas hr\u00f3pa\u00f0i aftur h\u00e1rri r\u00f6ddu og gaf upp andann.<a name=\"51\"><span class=\"versanumer\">51<\/span><\/a>\u00de\u00e1 rifna\u00f0i fortjald musterisins \u00ed tvennt, ofan fr\u00e1 og ni\u00f0ur \u00far, j\u00f6r\u00f0in skalf og bj\u00f6rgin klofnu\u00f0u,<a name=\"52\"><span class=\"versanumer\">52<\/span><\/a>grafir opnu\u00f0ust og margir l\u00edkamir helgra l\u00e1tinna manna risu upp.<a name=\"53\"><span class=\"versanumer\">53<\/span><\/a>Eftir upprisu Jes\u00fa gengu \u00feeir \u00far gr\u00f6fum s\u00ednum og komu \u00ed borgina helgu og birtust m\u00f6rgum.<a name=\"54\"><span class=\"versanumer\">54<\/span><\/a>\u00deegar hundra\u00f0sh\u00f6f\u00f0inginn og \u00feeir, sem me\u00f0 honum g\u00e6ttu Jes\u00fa, s\u00e1u landskj\u00e1lftann og atbur\u00f0i \u00feessa, hr\u00e6ddust \u00feeir mj\u00f6g og s\u00f6g\u00f0u: Sannarlega var \u00feessi ma\u00f0ur sonur Gu\u00f0s.<a name=\"55\"><span class=\"versanumer\">55<\/span><\/a>\u00dear voru og margar konur, sem \u00e1lengdar horf\u00f0u \u00e1, \u00fe\u00e6r h\u00f6f\u00f0u fylgt Jes\u00fa fr\u00e1 Gal\u00edleu og \u00fej\u00f3na\u00f0 honum.<a name=\"56\"><span class=\"versanumer\">56<\/span><\/a>Me\u00f0al \u00feeirra var Mar\u00eda Magdalena, Mar\u00eda, m\u00f3\u00f0ir \u00feeirra Jakobs og J\u00f3sefs, og m\u00f3\u00f0ir Sebedeussona.<a name=\"57\"><span class=\"versanumer\">57<\/span><\/a>Um kv\u00f6ldi\u00f0 kom au\u00f0ugur ma\u00f0ur fr\u00e1 Ar\u00edma\u00feeu, J\u00f3sef a\u00f0 nafni, er sj\u00e1lfur var or\u00f0inn l\u00e6risveinn Jes\u00fa.<a name=\"58\"><span class=\"versanumer\">58<\/span><\/a>Hann gekk til P\u00edlatusar og ba\u00f0 hann um l\u00edkama Jes\u00fa. P\u00edlatus bau\u00f0 \u00fe\u00e1 a\u00f0 f\u00e1 J\u00f3sef hann.<a name=\"59\"><span class=\"versanumer\">59<\/span><\/a>J\u00f3sef t\u00f3k l\u00edki\u00f0, sveipa\u00f0i \u00fea\u00f0 hreinu l\u00ednkl\u00e6\u00f0i<a name=\"60\"><span class=\"versanumer\">60<\/span><\/a>og lag\u00f0i \u00ed n\u00fdja gr\u00f6f, sem hann \u00e1tti og haf\u00f0i l\u00e1ti\u00f0 h\u00f6ggva \u00ed klett, velti s\u00ed\u00f0an st\u00f3rum steini fyrir grafarmunnann og f\u00f3r burt.<a name=\"61\"><span class=\"versanumer\">61<\/span><\/a>Mar\u00eda Magdalena var \u00fear og Mar\u00eda hin, og s\u00e1tu \u00fe\u00e6r gegnt gr\u00f6finni.<a name=\"62\"><span class=\"versanumer\">62<\/span><\/a>N\u00e6sta dag, daginn eftir a\u00f0fangadag, gengu \u00e6\u00f0stu prestarnir og far\u00edsearnir saman fyrir P\u00edlatus<a name=\"63\"><span class=\"versanumer\">63<\/span><\/a>og s\u00f6g\u00f0u: Herra, v\u00e9r minnumst \u00feess, a\u00f0 svikari \u00feessi sag\u00f0i \u00ed lifanda l\u00edfi: Eftir \u00ferj\u00e1 daga r\u00eds \u00e9g upp.<a name=\"64\"><span class=\"versanumer\">64<\/span><\/a>Bj\u00f3\u00f0 \u00fev\u00ed, a\u00f0 grafarinnar s\u00e9 vandlega g\u00e6tt allt til \u00feri\u00f0ja dags, ella g\u00e6tu l\u00e6risveinar hans komi\u00f0 og stoli\u00f0 honum og sagt f\u00f3lkinu: Hann er risinn fr\u00e1 dau\u00f0um. \u00de\u00e1 ver\u00f0a s\u00ed\u00f0ari svikin verri hinum fyrri.<a name=\"65\"><span class=\"versanumer\">65<\/span><\/a>P\u00edlatus sag\u00f0i vi\u00f0 \u00fe\u00e1: H\u00e9r hafi\u00f0 \u00fe\u00e9r var\u00f0menn, fari\u00f0 og b\u00fai\u00f0 svo tryggilega um sem best \u00fe\u00e9r kunni\u00f0.<a name=\"66\"><span class=\"versanumer\">66<\/span><\/a>\u00deeir f\u00f3ru og gengu tryggilega fr\u00e1 gr\u00f6finni og innsiglu\u00f0u steininn me\u00f0 a\u00f0sto\u00f0 var\u00f0mannanna.<\/p>\n<div class=\"footnote1981\"><b>27.1-2<\/b> Hlst. Mrk 15.1; L\u00fak 23.1-2; J\u00f3h 18.28-32<br \/>\n<b>27.1<\/b> Sam\u00feykkt Matt 12.14; Mrk 3.6<br \/>\n<b>27.2<\/b> Framselja Matt 26.2+<br \/>\n<b>27.3-10<\/b> Hlst. Post 1.18-19<br \/>\n<b>27.3<\/b> \u00derj\u00e1t\u00edu silfurpeningar Matt 26.15+<br \/>\n<b>27.4<\/b> \u00dea\u00f0 er \u00feitt Matt 27.24<br \/>\n<b>27.8<\/b> Bl\u00f3\u00f0reitur Post 1.19<br \/>\n<b>27.9<\/b> Ritningar r\u00e6tast Matt 1.22+<br \/>\n<b>27.9-10<\/b> Sbr Sak 11.12-13; Jer 18.2-3; 19.1-2; 32.6-15<br \/>\n<b>27.11-14<\/b> Hlst. Mrk 15.2-5; L\u00fak 23.3-5; J\u00f3h 18.33-38<br \/>\n<b>27.11<\/b> Konungur gy\u00f0inga Matt 2.2+<br \/>\n<b>27.12<\/b> Svara\u00f0i engu Matt 26.63+<br \/>\n<b>27.15-26<\/b> Hlst. Mrk 15.6-15; L\u00fak 23.13-25; J\u00f3h 18.39-19.16<br \/>\n<b>27.22<\/b> Krossfestu hann Post 3.13; 13.28<br \/>\n<b>27.24<\/b> \u00devo\u00f0i hendur s\u00ednar sbr 5M\u00f3s 21.6-8 \u2013 s\u00fdkn Post 18.6; 20.26 \u2013 svari\u00f0 sj\u00e1lf Matt 27.4<br \/>\n<b>27.25<\/b> Yfir okkur 2Sam 1.13-16; Post 5.28 \u2013 yfir b\u00f6rn okkar L\u00fak 23.28<br \/>\n<b>27.26<\/b> H\u00fa\u00f0str\u00fdking Matt 10.17; 23.34; Post 5.40; 22.19<br \/>\n<b>27.27-31<\/b> Hlst. Mrk 15.16-20; J\u00f3h 19.2-3<br \/>\n<b>27.29<\/b> H\u00e6\u00f0a Matt 20.19; 27.41; sbr Slm 22.8; 44.14; 52.8 \u2013 konungur Gy\u00f0inga Matt 2.2+<br \/>\n<b>27.30<\/b> Hr\u00e6kja Matt 26.67; sbr Jes 50.6<br \/>\n<b>27.33-44<\/b> Hlst. Mrk 15.21-32; L\u00fak 23.26-43; J\u00f3h 19.17-27<br \/>\n<b>27.32<\/b> K\u00fdrene Post 2.10; 11.20<br \/>\n<b>27.34<\/b> Sbr Slm 69.22<br \/>\n<b>27.35<\/b> Sbr Slm 22.19<br \/>\n<b>27.38<\/b> R\u00e6ningjar Matt 26.55; sbr Jes 53.12 \u2013 me\u00f0 honum Matt 20.21<br \/>\n<b>27.39<\/b> H\u00e6\u00f0ast a\u00f0 Slm 22.8; 109.25; Hlj 2.15<br \/>\n<b>27.40<\/b> Br\u00fdtur ni\u00f0ur musteri\u00f0 Matt 26.61+ &#8211; sonur Gu\u00f0s Matt 14.33+<br \/>\n<b>27.41<\/b> Gera gys a\u00f0 Matt 27.29<br \/>\n<b>27.42<\/b> Konungur \u00cdsraels J\u00f3h 1.49; 12.13<br \/>\n<b>27.43<\/b> Sbr Slm 22.9; SSal 2.13,18-20 \u2013 sag\u00f0i hann ekki &#8230; J\u00f3h 5.18; 10.36; 19.7<br \/>\n<b>27.45-56<\/b> Hlst. Mrk 15.33-41; L\u00fak 23.44-49; J\u00f3h 19.28-30<br \/>\n<b>27.45<\/b> Myrkur 2M\u00f3s 10.22; Am 8.9-10<br \/>\n<b>27.46<\/b> Sbr Slm 22.2<br \/>\n<b>27.47<\/b> El\u00eda Matt 11.14+<br \/>\n<b>27.48<\/b> Sbr Slm 69.22<br \/>\n<b>27.51<\/b> Fortjald musterisins 2M\u00f3s 26.31-35; Heb 6.19; 10.20<br \/>\n<b>27.51-53<\/b> N\u00e1tt\u00faruhamfarir Am 8.3; Jes 26.19; Esk 37.12; Dan 12.2<br \/>\n<b>27.53<\/b> Borgin helga Matt 4.5+<br \/>\n<b>27.54<\/b> Sonur Gu\u00f0s Matt 14.33+<br \/>\n<b>27.55<\/b> Konur L\u00fak 8.2-3<br \/>\n<b>27.56<\/b> Mar\u00eda Magdalena Matt 27.61; 28.1; Mrk 15.40,47; 16.1,9; L\u00fak 8.2; 24.10; J\u00f3h 19.25; 20.1-18 \u2013 kona Sebedeusar Matt 20.20<br \/>\n<b>27.57-61<\/b> Hlst. Mrk 15.42-47; L\u00fak 23.50-56; J\u00f3h 19.38-42<br \/>\n<b>27.58<\/b> Sbr 5M\u00f3s 21.22-33<br \/>\n<b>27.60<\/b> Gr\u00f6f Mrk 6.29; Post 13.29 \u2013 st\u00f3r steinn Matt 28.2; Mrk 16.3-4<br \/>\n<b>27.61<\/b> Mar\u00eda hin Matt 27.56; 28.1; Mrk 15.40,47; 16.1; L\u00fak 24.10; J\u00f3h 19.25<br \/>\n<b>27.62<\/b> Hv\u00edldardaginn Mrk 15.42; L\u00fak 23.54; J\u00f3h 19.31,42<br \/>\n<b>27.63<\/b> \u00der\u00edr dagar Matt 12.40; 16.21 og hlst.; 17.23 og hlst.; 20.19; L\u00fak 24.7<\/div>\n","protected":false},"excerpt":{"rendered":"<p>1A\u00f0 morgni gj\u00f6r\u00f0u allir \u00e6\u00f0stu prestarnir og \u00f6ldungar l\u00fd\u00f0sins sam\u00feykkt gegn Jes\u00fa, a\u00f0 hann skyldi af l\u00edfi tekinn.2\u00deeir l\u00e9tu binda hann og f\u00e6ra brott og framseldu hann P\u00edlatusi landsh\u00f6f\u00f0ingja.3\u00deegar J\u00fadas, sem sveik hann, s\u00e1, a\u00f0 hann var d\u00e6mdur sekur, i\u00f0ra\u00f0ist hann og skila\u00f0i \u00e6\u00f0stu prestunum og \u00f6ldungunum silfurpeningunum \u00ferj\u00e1t\u00edu4og m\u00e6lti: \u00c9g dr\u00fdg\u00f0i synd, \u00e9g sveik saklaust bl\u00f3\u00f0. \u00deeir s\u00f6g\u00f0u: Hva\u00f0 var\u00f0ar oss um \u00fea\u00f0? \u00dea\u00f0 er \u00feitt a\u00f0 sj\u00e1 fyrir \u00fev\u00ed.5Hann fleyg\u00f0i \u00fe\u00e1 silfrinu inn \u00ed musteri\u00f0 og h\u00e9lt brott. S\u00ed\u00f0an f\u00f3r hann og hengdi sig.6\u00c6\u00f0stu prestarnir t\u00f3ku silfri\u00f0 og s\u00f6g\u00f0u: Ekki m\u00e1 l\u00e1ta \u00fea\u00f0 \u00ed gu\u00f0skistuna, \u00fev\u00ed \u00feetta eru <a href=\"https:\/\/biblian.is\/1981\/matteusargudspjall-27-kafli\/\"> [&#8230;]<\/a><\/p>\n","protected":false},"author":1,"featured_media":0,"parent":0,"menu_order":0,"comment_status":"open","ping_status":"open","template":"bibliukaflar.php","meta":{"footnotes":""},"class_list":["post-2303","page","type-page","status-publish","hentry"],"_links":{"self":[{"href":"https:\/\/biblian.is\/1981\/wp-json\/wp\/v2\/pages\/2303","targetHints":{"allow":["GET"]}}],"collection":[{"href":"https:\/\/biblian.is\/1981\/wp-json\/wp\/v2\/pages"}],"about":[{"href":"https:\/\/biblian.is\/1981\/wp-json\/wp\/v2\/types\/page"}],"author":[{"embeddable":true,"href":"https:\/\/biblian.is\/1981\/wp-json\/wp\/v2\/users\/1"}],"replies":[{"embeddable":true,"href":"https:\/\/biblian.is\/1981\/wp-json\/wp\/v2\/comments?post=2303"}],"version-history":[{"count":0,"href":"https:\/\/biblian.is\/1981\/wp-json\/wp\/v2\/pages\/2303\/revisions"}],"wp:attachment":[{"href":"https:\/\/biblian.is\/1981\/wp-json\/wp\/v2\/media?parent=2303"}],"curies":[{"name":"wp","href":"https:\/\/api.w.org\/{rel}","templated":true}]}}