{"id":2302,"date":"2017-11-18T20:21:11","date_gmt":"2017-11-18T20:21:11","guid":{"rendered":"http:\/\/biblian.is\/1981\/matteusargudspjall-26-kafli\/"},"modified":"2021-06-06T11:03:58","modified_gmt":"2021-06-06T11:03:58","slug":"matteusargudspjall-26-kafli","status":"publish","type":"page","link":"https:\/\/biblian.is\/1981\/matteusargudspjall-26-kafli\/","title":{"rendered":"Matteusargu\u00f0spjall 26. kafli"},"content":{"rendered":"<p><a name=\"1\"><span class=\"versanumer\">1<\/span><\/a>\u00deegar Jes\u00fas haf\u00f0i loki\u00f0 \u00f6llum \u00feessum or\u00f0um, sag\u00f0i hann vi\u00f0 l\u00e6risveina s\u00edna:<a name=\"2\"><span class=\"versanumer\">2<\/span><\/a>\u00de\u00e9r viti\u00f0, a\u00f0 eftir tvo daga eru p\u00e1skar. \u00de\u00e1 ver\u00f0ur Mannssonurinn framseldur til krossfestingar.<a name=\"3\"><span class=\"versanumer\">3<\/span><\/a>\u00c6\u00f0stu prestarnir og \u00f6ldungar l\u00fd\u00f0sins s\u00f6fnu\u00f0ust n\u00fa saman \u00ed h\u00f6ll \u00e6\u00f0sta prestsins, er Ka\u00edfas h\u00e9t,<a name=\"4\"><span class=\"versanumer\">4<\/span><\/a>og r\u00e9\u00f0u me\u00f0 s\u00e9r a\u00f0 handsama Jes\u00fa me\u00f0 svikum og taka hann af l\u00edfi.<a name=\"5\"><span class=\"versanumer\">5<\/span><\/a>En \u00feeir s\u00f6g\u00f0u: Ekki \u00e1 h\u00e1t\u00ed\u00f0inni, annars ver\u00f0ur upp\u00feot me\u00f0 l\u00fd\u00f0num.<a name=\"6\"><span class=\"versanumer\">6<\/span><\/a>En Jes\u00fas var \u00ed Betan\u00edu, \u00ed h\u00fasi S\u00edmonar l\u00edk\u00fer\u00e1a.<a name=\"7\"><span class=\"versanumer\">7<\/span><\/a>Kom \u00fe\u00e1 til hans kona og haf\u00f0i alabastursbu\u00f0k me\u00f0 d\u00fdrum smyrslum og hellti yfir h\u00f6fu\u00f0 honum, \u00fear sem hann sat a\u00f0 bor\u00f0i.<a name=\"8\"><span class=\"versanumer\">8<\/span><\/a>Vi\u00f0 \u00feessa sj\u00f3n ur\u00f0u l\u00e6risveinarnir gramir og s\u00f6g\u00f0u: Til hvers er \u00feessi s\u00f3un?<a name=\"9\"><span class=\"versanumer\">9<\/span><\/a>\u00deetta hef\u00f0i m\u00e1tt selja d\u00fdru ver\u00f0i og gefa f\u00e1t\u00e6kum.<a name=\"10\"><span class=\"versanumer\">10<\/span><\/a>Jes\u00fas var\u00f0 \u00feess v\u00eds og sag\u00f0i vi\u00f0 \u00fe\u00e1: Hva\u00f0 eru\u00f0 \u00fe\u00e9r a\u00f0 angra konuna? Gott verk gj\u00f6r\u00f0i h\u00fan m\u00e9r.<a name=\"11\"><span class=\"versanumer\">11<\/span><\/a>F\u00e1t\u00e6ka hafi\u00f0 \u00fe\u00e9r jafnan hj\u00e1 y\u00f0ur, en mig hafi\u00f0 \u00fe\u00e9r ekki \u00e1vallt.<a name=\"12\"><span class=\"versanumer\">12<\/span><\/a>\u00deegar h\u00fan hellti \u00feessum smyrslum yfir l\u00edkama minn, var h\u00fan a\u00f0 b\u00faa mig til greftrunar.<a name=\"13\"><span class=\"versanumer\">13<\/span><\/a>Sannlega segi \u00e9g y\u00f0ur: Hvar sem fagna\u00f0arerindi \u00feetta ver\u00f0ur flutt, um heim allan, mun \u00feess og geti\u00f0 ver\u00f0a, sem h\u00fan gj\u00f6r\u00f0i, til minningar um hana.<a name=\"14\"><span class=\"versanumer\">14<\/span><\/a>\u00de\u00e1 f\u00f3r einn \u00feeirra t\u00f3lf, J\u00fadas \u00cdskar\u00edot a\u00f0 nafni, til \u00e6\u00f0stu prestanna<a name=\"15\"><span class=\"versanumer\">15<\/span><\/a>og sag\u00f0i: Hva\u00f0 vilji\u00f0 \u00fe\u00e9r gefa m\u00e9r fyrir a\u00f0 framselja y\u00f0ur Jes\u00fa? En \u00feeir greiddu honum \u00ferj\u00e1t\u00edu silfurpeninga.<a name=\"16\"><span class=\"versanumer\">16<\/span><\/a>Upp fr\u00e1 \u00feessu leita\u00f0i hann f\u00e6ris a\u00f0 framselja hann.<a name=\"17\"><span class=\"versanumer\">17<\/span><\/a>\u00c1 fyrsta degi \u00f3s\u00fdr\u00f0u brau\u00f0anna komu l\u00e6risveinarnir til Jes\u00fa og s\u00f6g\u00f0u: Hvar vilt \u00fe\u00fa, a\u00f0 v\u00e9r b\u00faum \u00fe\u00e9r p\u00e1skam\u00e1lt\u00ed\u00f0ina?<a name=\"18\"><span class=\"versanumer\">18<\/span><\/a>Hann m\u00e6lti: Fari\u00f0 til \u00e1kve\u00f0ins manns \u00ed borginni, og segi\u00f0 vi\u00f0 hann: Meistarinn segir: Minn t\u00edmi er \u00ed n\u00e1nd, hj\u00e1 \u00fe\u00e9r vil \u00e9g halda p\u00e1ska me\u00f0 l\u00e6risveinum m\u00ednum.<a name=\"19\"><span class=\"versanumer\">19<\/span><\/a>L\u00e6risveinarnir gj\u00f6r\u00f0u sem Jes\u00fas bau\u00f0 \u00feeim og bjuggu til p\u00e1skam\u00e1lt\u00ed\u00f0ar.<a name=\"20\"><span class=\"versanumer\">20<\/span><\/a>Um kv\u00f6ldi\u00f0 sat hann til bor\u00f0s me\u00f0 \u00feeim t\u00f3lf.<a name=\"21\"><span class=\"versanumer\">21<\/span><\/a>Og er \u00feeir m\u00f6tu\u00f0ust, sag\u00f0i hann: Sannlega segi \u00e9g y\u00f0ur: Einn af y\u00f0ur mun sv\u00edkja mig.<a name=\"22\"><span class=\"versanumer\">22<\/span><\/a>\u00deeir ur\u00f0u mj\u00f6g hryggir og s\u00f6g\u00f0u vi\u00f0 hann, einn af \u00f6\u00f0rum: Ekki er \u00fea\u00f0 \u00e9g, herra?<a name=\"23\"><span class=\"versanumer\">23<\/span><\/a>Hann svara\u00f0i \u00feeim: S\u00e1 sem d\u00fdf\u00f0i hendi \u00ed fati\u00f0 me\u00f0 m\u00e9r, mun sv\u00edkja mig.<a name=\"24\"><span class=\"versanumer\">24<\/span><\/a>Mannssonurinn fer a\u00f0 s\u00f6nnu h\u00e9\u00f0an, svo sem um hann er rita\u00f0, en vei \u00feeim manni, sem \u00fev\u00ed veldur, a\u00f0 Mannssonurinn ver\u00f0ur framseldur. Betra v\u00e6ri \u00feeim manni a\u00f0 hafa aldrei f\u00e6\u00f0st.<a name=\"25\"><span class=\"versanumer\">25<\/span><\/a>En J\u00fadas, sem sveik hann, sag\u00f0i: Rabb\u00ed, ekki er \u00fea\u00f0 \u00e9g? Jes\u00fas svara\u00f0i: \u00de\u00fa sag\u00f0ir \u00fea\u00f0.<a name=\"26\"><span class=\"versanumer\">26<\/span><\/a>\u00de\u00e1 er \u00feeir m\u00f6tu\u00f0ust, t\u00f3k Jes\u00fas brau\u00f0, \u00feakka\u00f0i Gu\u00f0i, braut \u00fea\u00f0 og gaf l\u00e6risveinunum og sag\u00f0i: Taki\u00f0 og eti\u00f0, \u00feetta er l\u00edkami minn.<a name=\"27\"><span class=\"versanumer\">27<\/span><\/a>Og hann t\u00f3k kaleik, gj\u00f6r\u00f0i \u00feakkir, gaf \u00feeim og sag\u00f0i: Drekki\u00f0 allir h\u00e9r af.<a name=\"28\"><span class=\"versanumer\">28<\/span><\/a>\u00deetta er bl\u00f3\u00f0 mitt, bl\u00f3\u00f0 s\u00e1ttm\u00e1lans, \u00fathellt fyrir marga til fyrirgefningar synda.<a name=\"29\"><span class=\"versanumer\">29<\/span><\/a>\u00c9g segi y\u00f0ur: H\u00e9\u00f0an \u00ed fr\u00e1 mun \u00e9g eigi drekka af \u00feessum v\u00ednvi\u00f0ar \u00e1vexti til \u00feess dags, er \u00e9g drekk hann n\u00fdjan me\u00f0 y\u00f0ur \u00ed r\u00edki f\u00f6\u00f0ur m\u00edns.<a name=\"30\"><span class=\"versanumer\">30<\/span><\/a>\u00deegar \u00feeir h\u00f6f\u00f0u sungi\u00f0 lofs\u00f6nginn, f\u00f3ru \u00feeir til Ol\u00edufjallsins.<a name=\"31\"><span class=\"versanumer\">31<\/span><\/a>\u00de\u00e1 segir Jes\u00fas vi\u00f0 \u00fe\u00e1: \u00c1 \u00feessari n\u00f3ttu munu\u00f0 \u00fe\u00e9r allir hneykslast \u00e1 m\u00e9r, \u00fev\u00ed a\u00f0 rita\u00f0 er: \u00c9g mun sl\u00e1 hir\u00f0inn, og sau\u00f0ir hjar\u00f0arinnar munu tv\u00edstrast.<a name=\"32\"><span class=\"versanumer\">32<\/span><\/a>En eftir a\u00f0 \u00e9g er upp risinn, mun \u00e9g fara \u00e1 undan y\u00f0ur til Gal\u00edleu.<a name=\"33\"><span class=\"versanumer\">33<\/span><\/a>\u00de\u00e1 segir P\u00e9tur: \u00de\u00f3tt allir hneykslist \u00e1 \u00fe\u00e9r, skal \u00e9g aldrei hneykslast.<a name=\"34\"><span class=\"versanumer\">34<\/span><\/a>Jes\u00fas sag\u00f0i vi\u00f0 hann: Sannlega segi \u00e9g \u00fe\u00e9r: \u00c1 \u00feessari n\u00f3ttu, \u00e1\u00f0ur en hani galar, muntu \u00ferisvar afneita m\u00e9r.<a name=\"35\"><span class=\"versanumer\">35<\/span><\/a>P\u00e9tur svarar: \u00de\u00f3tt \u00e9g \u00e6tti a\u00f0 deyja me\u00f0 \u00fe\u00e9r, \u00fe\u00e1 mun \u00e9g aldrei afneita \u00fe\u00e9r. Eins t\u00f6lu\u00f0u allir l\u00e6risveinarnir.<a name=\"36\"><span class=\"versanumer\">36<\/span><\/a>\u00de\u00e1 kemur Jes\u00fas me\u00f0 \u00feeim til sta\u00f0ar, er heitir Getsemane, og hann segir vi\u00f0 l\u00e6risveinana: Setjist h\u00e9r, me\u00f0an \u00e9g fer og bi\u00f0st fyrir \u00fearna.<a name=\"37\"><span class=\"versanumer\">37<\/span><\/a>Hann t\u00f3k me\u00f0 s\u00e9r \u00fe\u00e1 P\u00e9tur og b\u00e1\u00f0a sonu Sebedeusar. Og n\u00fa setti a\u00f0 honum hrygg\u00f0 og angist.<a name=\"38\"><span class=\"versanumer\">38<\/span><\/a>Hann segir vi\u00f0 \u00fe\u00e1: S\u00e1l m\u00edn er hrygg allt til dau\u00f0a. B\u00ed\u00f0i\u00f0 h\u00e9r og vaki\u00f0 me\u00f0 m\u00e9r.<a name=\"39\"><span class=\"versanumer\">39<\/span><\/a>\u00de\u00e1 gekk hann l\u00edti\u00f0 eitt \u00e1fram, f\u00e9ll fram \u00e1 \u00e1sj\u00f3nu s\u00edna, ba\u00f0st fyrir og sag\u00f0i: Fa\u00f0ir minn, ef ver\u00f0a m\u00e1, \u00fe\u00e1 fari \u00feessi kaleikur fram hj\u00e1 m\u00e9r. \u00de\u00f3 ekki sem \u00e9g vil, heldur sem \u00fe\u00fa vilt.<a name=\"40\"><span class=\"versanumer\">40<\/span><\/a>Hann kemur aftur til l\u00e6risveinanna og finnur \u00fe\u00e1 sofandi. \u00de\u00e1 sag\u00f0i hann vi\u00f0 P\u00e9tur: \u00de\u00e9r g\u00e1tu\u00f0 \u00fe\u00e1 ekki vaka\u00f0 me\u00f0 m\u00e9r eina stund?<a name=\"41\"><span class=\"versanumer\">41<\/span><\/a>Vaki\u00f0 og bi\u00f0ji\u00f0, a\u00f0 \u00fe\u00e9r falli\u00f0 ekki \u00ed freistni. Andinn er rei\u00f0ub\u00fainn, en holdi\u00f0 veikt.<a name=\"42\"><span class=\"versanumer\">42<\/span><\/a>Aftur v\u00e9k hann brott anna\u00f0 sinn og ba\u00f0: Fa\u00f0ir minn, ef eigi ver\u00f0ur hj\u00e1 \u00fev\u00ed komist, a\u00f0 \u00e9g drekki \u00feennan kaleik, \u00fe\u00e1 ver\u00f0i \u00feinn vilji.<a name=\"43\"><span class=\"versanumer\">43<\/span><\/a>\u00deegar hann kom aftur, fann hann \u00fe\u00e1 enn sofandi, \u00fev\u00ed drungi var \u00e1 augum \u00feeirra.<a name=\"44\"><span class=\"versanumer\">44<\/span><\/a>\u00de\u00e1 f\u00f3r hann enn fr\u00e1 \u00feeim og ba\u00f0st fyrir \u00feri\u00f0ja sinn me\u00f0 s\u00f6mu or\u00f0um og fyrr.<a name=\"45\"><span class=\"versanumer\">45<\/span><\/a>Og hann kom til l\u00e6risveinanna og sag\u00f0i vi\u00f0 \u00fe\u00e1: Sofi\u00f0 \u00fe\u00e9r enn og hv\u00edlist? Sj\u00e1, stundin er komin og Mannssonurinn er framseldur \u00ed hendur syndugra manna.<a name=\"46\"><span class=\"versanumer\">46<\/span><\/a>Standi\u00f0 upp, f\u00f6rum! \u00cd n\u00e1nd er s\u00e1, er mig sv\u00edkur.<a name=\"47\"><span class=\"versanumer\">47<\/span><\/a>Me\u00f0an hann var enn a\u00f0 tala, kom J\u00fadas, einn \u00feeirra t\u00f3lf, og me\u00f0 honum mikill flokkur fr\u00e1 \u00e6\u00f0stu prestunum og \u00f6ldungum l\u00fd\u00f0sins, og h\u00f6f\u00f0u \u00feeir sver\u00f0 og barefli.<a name=\"48\"><span class=\"versanumer\">48<\/span><\/a>Svikarinn haf\u00f0i sagt \u00feeim \u00feetta til marks: S\u00e1 sem \u00e9g kyssi, hann er \u00fea\u00f0. Taki\u00f0 hann h\u00f6ndum.<a name=\"49\"><span class=\"versanumer\">49<\/span><\/a>Hann gekk beint a\u00f0 Jes\u00fa og sag\u00f0i: Heill, rabb\u00ed! og kyssti hann.<a name=\"50\"><span class=\"versanumer\">50<\/span><\/a>Jes\u00fas sag\u00f0i vi\u00f0 hann: Vinur, hv\u00ed ertu h\u00e9r? \u00de\u00e1 komu hinir, l\u00f6g\u00f0u hendur \u00e1 Jes\u00fa og t\u00f3ku hann.<a name=\"51\"><span class=\"versanumer\">51<\/span><\/a>Einn \u00feeirra, sem me\u00f0 Jes\u00fa voru, greip til sver\u00f0s og br\u00e1 \u00fev\u00ed, hj\u00f3 til \u00fej\u00f3ns \u00e6\u00f0sta prestsins og snei\u00f0 af honum eyra\u00f0.<a name=\"52\"><span class=\"versanumer\">52<\/span><\/a>Jes\u00fas sag\u00f0i vi\u00f0 hann: Sl\u00ed\u00f0ra sver\u00f0 \u00feitt! Allir, sem sver\u00f0i breg\u00f0a, munu fyrir sver\u00f0i falla.<a name=\"53\"><span class=\"versanumer\">53<\/span><\/a>Hyggur \u00fe\u00fa, a\u00f0 \u00e9g geti ekki be\u00f0i\u00f0 f\u00f6\u00f0ur minn a\u00f0 senda m\u00e9r n\u00fa meira en t\u00f3lf sveitir engla?<a name=\"54\"><span class=\"versanumer\">54<\/span><\/a>Hvernig \u00e6ttu \u00fe\u00e1 ritningarnar a\u00f0 r\u00e6tast, sem segja, a\u00f0 \u00feetta eigi svo a\u00f0 ver\u00f0a?<a name=\"55\"><span class=\"versanumer\">55<\/span><\/a>\u00c1 \u00feeirri stundu sag\u00f0i Jes\u00fas vi\u00f0 flokkinn: Eru\u00f0 \u00fe\u00e9r a\u00f0 fara a\u00f0 m\u00e9r me\u00f0 sver\u00f0um og bareflum eins og gegn r\u00e6ningja til a\u00f0 handtaka mig? Daglega sat \u00e9g \u00ed helgid\u00f3minum og kenndi, og \u00fe\u00e9r t\u00f3ku\u00f0 mig ekki h\u00f6ndum.<a name=\"56\"><span class=\"versanumer\">56<\/span><\/a>En allt ver\u00f0ur \u00feetta til \u00feess, a\u00f0 ritningar sp\u00e1mannanna r\u00e6tist. \u00de\u00e1 yfirg\u00e1fu hann l\u00e6risveinarnir allir og fl\u00fd\u00f0u.<a name=\"57\"><span class=\"versanumer\">57<\/span><\/a>\u00deeir sem t\u00f3ku Jes\u00fa h\u00f6ndum, f\u00e6r\u00f0u hann til Ka\u00edfasar, \u00e6\u00f0sta prests, en \u00fear voru saman komnir fr\u00e6\u00f0imennirnir og \u00f6ldungarnir.<a name=\"58\"><span class=\"versanumer\">58<\/span><\/a>P\u00e9tur fylgdi honum \u00e1lengdar, allt a\u00f0 gar\u00f0i \u00e6\u00f0sta prestsins. \u00dear gekk hann inn og settist hj\u00e1 \u00fej\u00f3nunum til a\u00f0 sj\u00e1, hver yr\u00f0i endir \u00e1.<a name=\"59\"><span class=\"versanumer\">59<\/span><\/a>\u00c6\u00f0stu prestarnir og allt r\u00e1\u00f0i\u00f0 leitu\u00f0u lj\u00fagvitnis gegn Jes\u00fa til a\u00f0 geta l\u00edfl\u00e1ti\u00f0 hann,<a name=\"60\"><span class=\"versanumer\">60<\/span><\/a>en fundu ekkert, \u00fe\u00f3tt margir lj\u00fagvottar k\u00e6mu. Loks komu tveir<a name=\"61\"><span class=\"versanumer\">61<\/span><\/a>og s\u00f6g\u00f0u: \u00deessi ma\u00f0ur sag\u00f0i: \u00c9g get broti\u00f0 ni\u00f0ur musteri Gu\u00f0s og reist \u00fea\u00f0 aftur \u00e1 \u00ferem d\u00f6gum.<a name=\"62\"><span class=\"versanumer\">62<\/span><\/a>\u00de\u00e1 st\u00f3\u00f0 \u00e6\u00f0sti presturinn upp og sag\u00f0i: Svarar \u00fe\u00fa \u00fev\u00ed engu, sem \u00feessir vitna gegn \u00fe\u00e9r?<a name=\"63\"><span class=\"versanumer\">63<\/span><\/a>En Jes\u00fas \u00feag\u00f0i. \u00de\u00e1 sag\u00f0i \u00e6\u00f0sti presturinn vi\u00f0 hann: \u00c9g s\u00e6ri \u00feig vi\u00f0 lifandi Gu\u00f0, seg\u00f0u oss: Ertu Kristur, sonur Gu\u00f0s?<a name=\"64\"><span class=\"versanumer\">64<\/span><\/a>Jes\u00fas svarar honum: \u00de\u00fa sag\u00f0ir \u00fea\u00f0. En \u00e9g segi y\u00f0ur: Upp fr\u00e1 \u00feessu munu\u00f0 \u00fe\u00e9r sj\u00e1 Mannssoninn sitja til h\u00e6gri handar m\u00e1ttarins og koma \u00e1 sk\u00fdjum himins.<a name=\"65\"><span class=\"versanumer\">65<\/span><\/a>\u00de\u00e1 reif \u00e6\u00f0sti presturinn kl\u00e6\u00f0i s\u00edn og sag\u00f0i: Hann gu\u00f0lastar, hva\u00f0 \u00feurfum v\u00e9r n\u00fa framar votta vi\u00f0? \u00de\u00e9r heyr\u00f0u\u00f0 gu\u00f0lasti\u00f0.<a name=\"66\"><span class=\"versanumer\">66<\/span><\/a>Hva\u00f0 l\u00edst y\u00f0ur? \u00deeir sv\u00f6ru\u00f0u: Hann er dau\u00f0asekur.<a name=\"67\"><span class=\"versanumer\">67<\/span><\/a>Og \u00feeir hr\u00e6ktu \u00ed andlit honum og sl\u00f3gu hann me\u00f0 hnefunum, en a\u00f0rir b\u00f6r\u00f0u hann me\u00f0 st\u00f6fum<a name=\"68\"><span class=\"versanumer\">68<\/span><\/a>og s\u00f6g\u00f0u: Sp\u00e1\u00f0u n\u00fa, Kristur, hver var a\u00f0 sl\u00e1 \u00feig?<a name=\"69\"><span class=\"versanumer\">69<\/span><\/a>En P\u00e9tur sat \u00fati \u00ed gar\u00f0inum. \u00dear kom a\u00f0 honum \u00feerna ein og sag\u00f0i: \u00de\u00fa varst l\u00edka me\u00f0 Jes\u00fa fr\u00e1 Gal\u00edleu.<a name=\"70\"><span class=\"versanumer\">70<\/span><\/a>\u00dev\u00ed neita\u00f0i hann svo allir heyr\u00f0u og sag\u00f0i: Ekki veit \u00e9g, hva\u00f0 \u00fe\u00fa ert a\u00f0 fara.<a name=\"71\"><span class=\"versanumer\">71<\/span><\/a>Hann gekk \u00fat \u00ed fordyri\u00f0. \u00dear s\u00e1 hann \u00f6nnur \u00feerna og sag\u00f0i vi\u00f0 \u00fe\u00e1, sem \u00fear voru: \u00deessi var me\u00f0 Jes\u00fa fr\u00e1 Nasaret.<a name=\"72\"><span class=\"versanumer\">72<\/span><\/a>En hann neita\u00f0i sem \u00e1\u00f0ur og s\u00f3r \u00feess ei\u00f0, a\u00f0 hann \u00feekkti ekki \u00feann mann.<a name=\"73\"><span class=\"versanumer\">73<\/span><\/a>Litlu s\u00ed\u00f0ar komu \u00feeir, er \u00fear st\u00f3\u00f0u, og s\u00f6g\u00f0u vi\u00f0 P\u00e9tur: V\u00edst ertu l\u00edka einn af \u00feeim, enda segir m\u00e1lf\u00e6ri \u00feitt til \u00fe\u00edn.<a name=\"74\"><span class=\"versanumer\">74<\/span><\/a>En hann s\u00f3r og s\u00e1rt vi\u00f0 lag\u00f0i, a\u00f0 hann \u00feekkti ekki manninn. Um lei\u00f0 g\u00f3l hani.<a name=\"75\"><span class=\"versanumer\">75<\/span><\/a>Og P\u00e9tur minntist \u00feess, er Jes\u00fas haf\u00f0i m\u00e6lt: \u00c1\u00f0ur en hani galar, muntu \u00ferisvar afneita m\u00e9r. Og hann gekk \u00fat og gr\u00e9t beisklega.<\/p>\n<div class=\"footnote1981\"><b>26.1-5<\/b> Hlst. Mrk 14.1-2; L\u00fak 22.1-2; J\u00f3h 11.45-53<br \/>\n<b>26.1<\/b> A\u00f0 loknu m\u00e1li Matt 7.28+<br \/>\n<b>26.2<\/b> P\u00e1skar 2M\u00f3s 12.1-27 \u2013 \u00fej\u00e1ningar Mannssonarins Matt 16.21+ &#8211; framselja Matt 4.12; 5.25; 10.17,19; 17.22 og hlst.; 27.26 og hlst.; Mrk 10.33; L\u00fak 24.7,20; J\u00f3h 19.16; R\u00f3m 4.25; 1Kor 11.23; Gal 2.20; Ef 5.2<br \/>\n<b>26.3<\/b> R\u00e1\u00f0i\u00f0 kemur saman J\u00f3h 11.47-53<br \/>\n<b>26.6-13<\/b> Hlst. Mrk 14.3-9; J\u00f3h 12.1-8<br \/>\n<b>26.6<\/b> Betan\u00eda Matt 21.17+<br \/>\n<b>26.7<\/b> Kona sbr L\u00fak 7.36-38<br \/>\n<b>26.9<\/b> Selja og gefa Matt 19.21+<br \/>\n<b>26.10<\/b> Gott verk Tob 1.17-19; Post 8.2<br \/>\n<b>26.11<\/b> F\u00e1t\u00e6kir 5M\u00f3s 15.11<br \/>\n<b>26.13<\/b> Fagna\u00f0arerindi Mrk 1.1+ &#8211; um heim Matt 24.14; R\u00f3m 10.18<br \/>\n<b>26.14-16<\/b> Hlst. Mrk 14.10-11; L\u00fak 22.3-6<br \/>\n<b>26.14<\/b> Hinir t\u00f3lf Matt 10.2+ &#8211; J\u00fadas \u00cdskar\u00edot Matt 10.4+<br \/>\n<b>26.15<\/b> \u00derj\u00e1t\u00edu silfurpeningar 2M\u00f3s 21.32; Sak 11.12<br \/>\n<b>26.16<\/b> Framselja Matt 26.2+<br \/>\n<b>26.17-25<\/b> Hlst. Mrk 14.12-21; L\u00fak 22.7-14,21-23; J\u00f3h 13.21-30<br \/>\n<b>26.17<\/b> \u00d3s\u00fdr\u00f0 brau\u00f0 Mrk 14.1 og hlst. 14.12; L\u00fak 22.1; Post 12.3; 20.6; 1Kor 5.7-8 \u2013 hinn fyrsti dagur 2M\u00f3s 12.14-20 \u2013 p\u00e1skar Matt 26.2<br \/>\n<b>26.18<\/b> Minn t\u00edmi J\u00f3h 13.1; sbr J\u00f3h 7.30<br \/>\n<b>26.20<\/b> \u00deeir t\u00f3lf Matt 10.2+<br \/>\n<b>26.21<\/b> Sv\u00edkja Matt 26.2+<br \/>\n<b>26.23<\/b> D\u00fdf\u00f0i \u00ed fati\u00f0 me\u00f0 m\u00e9r Slm 41.10<br \/>\n<b>26.24<\/b> Mannssonurinn Matt 8.20+ &#8211; um hann er rita\u00f0 Slm 22.7,8,16,18; Jes 53.9 \u2013 vei \u00feeim manni Matt 11.21+ &#8211; betra v\u00e6ri Matt 18.6 og hlst.<br \/>\n<b>26.25<\/b> J\u00fadas Matt 26.14 \u2013 \u00fe\u00edn or\u00f0 Matt 26.64<br \/>\n<b>26.26-30<\/b> Hlst. Mrk 14.22-26; L\u00fak 22.15-20; 1Kor 11.23-25<br \/>\n<b>26.26<\/b> Brau\u00f0 Matt 14.19 og hlst.<br \/>\n<b>26.27<\/b> Kaleikur 1Kor 10.16<br \/>\n<b>26.28<\/b> Bl\u00f3\u00f0 s\u00e1ttm\u00e1lans 2M\u00f3s 24.8; Sak 9.11; Heb 9.20 \u2013 fyrir marga Jes 53.12 \u2013 fyrirgefning synda Mrk 1.4; L\u00fak 1.77; 3.3; 24.47; Post 2.38; 5.31; 10.43; 13.38; 26.18; Ef 1.7; K\u00f3l 1.14; Heb 9.22; 10.18<br \/>\n<b>26.29<\/b> \u00cd r\u00edki f\u00f6\u00f0ur m\u00edns Matt 8.11<br \/>\n<b>26.30<\/b> Lofs\u00f6ngurinn Slm 113-118<br \/>\n<b>26.31-35<\/b> Hlst. Mrk 14.27-31; L\u00fak 22.31-34; J\u00f3h 13.36-38<br \/>\n<b>26.31<\/b> Allir hafna m\u00e9r Matt 5.29+ &#8211; rita\u00f0 er Sak 13.7; sbr Matt 26.56; J\u00f3h 16.32<br \/>\n<b>26.35<\/b> Deyja me\u00f0 Jes\u00fa J\u00f3h 11.16<br \/>\n<b>26.36-46<\/b> Hlst. Mrk 14.32-42; L\u00fak 22.39-46<br \/>\n<b>26.36<\/b> Getsemane sbr J\u00f3h 18.1 \u2013 Jes\u00fas bi\u00f0st fyrir Matt 14.23+ ; Heb 5.7-8<br \/>\n<b>26.37<\/b> P\u00e9tur, Jakob og J\u00f3hannes Matt 17.1+ ; sbr Matt 4.18+<br \/>\n<b>26.38<\/b> Hrygg\u00f0 allt til dau\u00f0a 1Kon 19.4; J\u00f3h 12.27 &#8211;  vaki\u00f0 Matt 24.42+<br \/>\n<b>26.39<\/b> \u00deessi kaleikur Matt 20.22+ &#8211; sem \u00fe\u00fa vilt Matt 6.10+<br \/>\n<b>26.41<\/b> Falli\u00f0 ekki \u00ed freistni Matt 6.13; L\u00fak 11.4<br \/>\n<b>26.44<\/b> \u00deri\u00f0ja sinn 2Kor 12.8<br \/>\n<b>26.45<\/b> Stundin er komin J\u00f3h 12.23; 13.1; 17.1 \u2013 framseldur Matt 26.2+<br \/>\n<b>26.46<\/b> Standi\u00f0 upp J\u00f3h 14.31<br \/>\n<b>26.47-56<\/b> Hlst. Mrk 14.43-50; L\u00fak 22.47-53; J\u00f3h 18.3-12<br \/>\n<b>26.47<\/b> J\u00fadas Matt 10.4+<br \/>\n<b>26.51<\/b> Snei\u00f0 af eyra\u00f0 J\u00f3h 18.26<br \/>\n<b>26.52<\/b> Breg\u00f0a sver\u00f0i, falla fyrir sver\u00f0i 1M\u00f3s 9.6; Opb 13.10<br \/>\n<b>26.54<\/b> Ritningar r\u00e6tast Matt 1.22+<br \/>\n<b>26.55<\/b> Daglega L\u00fak 19.47; 21.37; J\u00f3h 18.20<br \/>\n<b>26.56<\/b> L\u00e6risveinarnir fl\u00fdja Sak 13.7; Matt 26.31; J\u00f3h 16.32<br \/>\n<b>26.57-68<\/b> Hlst Mrk 14.53-65; L\u00fak 22.54-55,63-71; J\u00f3h 18.13-14,19-24<br \/>\n<b>26.57<\/b> Ka\u00edfas Matt 26.3; L\u00fak 3.2; J\u00f3h 11.49; 18.13-14,24,28; Post 4.6<br \/>\n<b>26.60<\/b> Lj\u00fagvottar Slm 27.12; 35.11; Post 6.13<br \/>\n<b>26.61<\/b> Ey\u00f0ilegging musterisins Matt 24.2-3; 27.40; J\u00f3h 2.19; Post 6.14<br \/>\n<b>26.63<\/b> Jes\u00fas \u00feag\u00f0i Matt 27.12,14; sbr Jes 53.7; Post 8.32 \u2013 sonur Gu\u00f0s Matt 14.33+<br \/>\n<b>26.64<\/b> \u00de\u00edn or\u00f0 Matt 26.25 \u2013 Mannssonurinn Matt 8.20+ &#8211; til h\u00e6gri handar Slm 110.1; Matt 22.44+ &#8211; koma \u00e1 sk\u00fdjum Matt 24.30+<br \/>\n<b>26.65<\/b> Reif kl\u00e6\u00f0i s\u00edn 4M\u00f3s 14.6; 2Sam 13.19; Esr 9.3; Job 1.20; 2.12; Jer 36.24; Post 14.14 \u2013 gu\u00f0lasta Matt 9.3+<br \/>\n<b>26.66<\/b> Dau\u00f0asekur 3M\u00f3s 24.16; J\u00f3h 19.7<br \/>\n<b>26.67<\/b> Mis\u00feyrmingar Jes 50.5-7; 53.7; sbr Matt 21.35+<br \/>\n<b>26.69-75<\/b> Hlst. Mrk 14.66-72; L\u00fak 22.56-62; J\u00f3h 18.15-18,25-27<br \/>\n<b>26.71<\/b> Fr\u00e1 Nasaret Matt 2.23+<br \/>\n<b>26.74<\/b> Hani g\u00f3l Matt 26.34; J\u00f3h 13.38<\/div>\n","protected":false},"excerpt":{"rendered":"<p>1\u00deegar Jes\u00fas haf\u00f0i loki\u00f0 \u00f6llum \u00feessum or\u00f0um, sag\u00f0i hann vi\u00f0 l\u00e6risveina s\u00edna:2\u00de\u00e9r viti\u00f0, a\u00f0 eftir tvo daga eru p\u00e1skar. \u00de\u00e1 ver\u00f0ur Mannssonurinn framseldur til krossfestingar.3\u00c6\u00f0stu prestarnir og \u00f6ldungar l\u00fd\u00f0sins s\u00f6fnu\u00f0ust n\u00fa saman \u00ed h\u00f6ll \u00e6\u00f0sta prestsins, er Ka\u00edfas h\u00e9t,4og r\u00e9\u00f0u me\u00f0 s\u00e9r a\u00f0 handsama Jes\u00fa me\u00f0 svikum og taka hann af l\u00edfi.5En \u00feeir s\u00f6g\u00f0u: Ekki \u00e1 h\u00e1t\u00ed\u00f0inni, annars ver\u00f0ur upp\u00feot me\u00f0 l\u00fd\u00f0num.6En Jes\u00fas var \u00ed Betan\u00edu, \u00ed h\u00fasi S\u00edmonar l\u00edk\u00fer\u00e1a.7Kom \u00fe\u00e1 til hans kona og haf\u00f0i alabastursbu\u00f0k me\u00f0 d\u00fdrum smyrslum og hellti yfir h\u00f6fu\u00f0 honum, \u00fear sem hann sat a\u00f0 bor\u00f0i.8Vi\u00f0 \u00feessa sj\u00f3n ur\u00f0u l\u00e6risveinarnir gramir og s\u00f6g\u00f0u: Til hvers <a href=\"https:\/\/biblian.is\/1981\/matteusargudspjall-26-kafli\/\"> [&#8230;]<\/a><\/p>\n","protected":false},"author":1,"featured_media":0,"parent":0,"menu_order":0,"comment_status":"open","ping_status":"open","template":"bibliukaflar.php","meta":{"footnotes":""},"class_list":["post-2302","page","type-page","status-publish","hentry"],"_links":{"self":[{"href":"https:\/\/biblian.is\/1981\/wp-json\/wp\/v2\/pages\/2302","targetHints":{"allow":["GET"]}}],"collection":[{"href":"https:\/\/biblian.is\/1981\/wp-json\/wp\/v2\/pages"}],"about":[{"href":"https:\/\/biblian.is\/1981\/wp-json\/wp\/v2\/types\/page"}],"author":[{"embeddable":true,"href":"https:\/\/biblian.is\/1981\/wp-json\/wp\/v2\/users\/1"}],"replies":[{"embeddable":true,"href":"https:\/\/biblian.is\/1981\/wp-json\/wp\/v2\/comments?post=2302"}],"version-history":[{"count":0,"href":"https:\/\/biblian.is\/1981\/wp-json\/wp\/v2\/pages\/2302\/revisions"}],"wp:attachment":[{"href":"https:\/\/biblian.is\/1981\/wp-json\/wp\/v2\/media?parent=2302"}],"curies":[{"name":"wp","href":"https:\/\/api.w.org\/{rel}","templated":true}]}}