{"id":2301,"date":"2017-11-18T20:21:11","date_gmt":"2017-11-18T20:21:11","guid":{"rendered":"http:\/\/biblian.is\/1981\/matteusargudspjall-25-kafli\/"},"modified":"2021-06-06T11:03:58","modified_gmt":"2021-06-06T11:03:58","slug":"matteusargudspjall-25-kafli","status":"publish","type":"page","link":"https:\/\/biblian.is\/1981\/matteusargudspjall-25-kafli\/","title":{"rendered":"Matteusargu\u00f0spjall 25. kafli"},"content":{"rendered":"<p><a name=\"1\"><span class=\"versanumer\">1<\/span><\/a>\u00de\u00e1 er l\u00edkt um himnar\u00edki og t\u00edu meyjar, sem f\u00f3ru til m\u00f3ts vi\u00f0 br\u00fa\u00f0gumann me\u00f0 lampa s\u00edna.<a name=\"2\"><span class=\"versanumer\">2<\/span><\/a>Fimm \u00feeirra voru f\u00e1v\u00edsar, en fimm hyggnar.<a name=\"3\"><span class=\"versanumer\">3<\/span><\/a>\u00de\u00e6r f\u00e1v\u00edsu t\u00f3ku lampa s\u00edna, en h\u00f6f\u00f0u ekki ol\u00edu me\u00f0 s\u00e9r,<a name=\"4\"><span class=\"versanumer\">4<\/span><\/a>en hinar hyggnu t\u00f3ku ol\u00edu me\u00f0 \u00e1 k\u00f6nnum \u00e1samt l\u00f6mpum s\u00ednum.<a name=\"5\"><span class=\"versanumer\">5<\/span><\/a>N\u00fa dvaldist br\u00fa\u00f0gumanum, og ur\u00f0u \u00fe\u00e6r allar syfja\u00f0ar og sofnu\u00f0u.<a name=\"6\"><span class=\"versanumer\">6<\/span><\/a>Um mi\u00f0n\u00e6tti kva\u00f0 vi\u00f0 hr\u00f3p: Sj\u00e1, br\u00fa\u00f0guminn kemur, fari\u00f0 til m\u00f3ts vi\u00f0 hann.<a name=\"7\"><span class=\"versanumer\">7<\/span><\/a>\u00de\u00e1 v\u00f6knu\u00f0u meyjarnar allar og t\u00f3ku til lampa s\u00edna.<a name=\"8\"><span class=\"versanumer\">8<\/span><\/a>En \u00fe\u00e6r f\u00e1v\u00edsu s\u00f6g\u00f0u vi\u00f0 \u00fe\u00e6r hyggnu: Gefi\u00f0 oss af ol\u00edu y\u00f0ar, \u00fea\u00f0 er a\u00f0 slokkna \u00e1 l\u00f6mpum vorum.<a name=\"9\"><span class=\"versanumer\">9<\/span><\/a>\u00de\u00e6r hyggnu sv\u00f6ru\u00f0u: Nei, h\u00fan n\u00e6gir aldrei handa \u00f6llum. Fari\u00f0 heldur til kaupmanna og kaupi\u00f0 handa y\u00f0ur.<a name=\"10\"><span class=\"versanumer\">10<\/span><\/a>Me\u00f0an \u00fe\u00e6r voru a\u00f0 kaupa, kom br\u00fa\u00f0guminn, og \u00fe\u00e6r sem vi\u00f0b\u00fanar voru, gengu me\u00f0 honum inn til br\u00fa\u00f0kaupsins, og dyrum var loka\u00f0.<a name=\"11\"><span class=\"versanumer\">11<\/span><\/a>Seinna komu hinar meyjarnar og s\u00f6g\u00f0u: Herra, herra, lj\u00fak upp fyrir oss.<a name=\"12\"><span class=\"versanumer\">12<\/span><\/a>En hann svara\u00f0i: Sannlega segi \u00e9g y\u00f0ur, \u00e9g \u00feekki y\u00f0ur ekki.<a name=\"13\"><span class=\"versanumer\">13<\/span><\/a>Vaki\u00f0 \u00fev\u00ed, \u00fe\u00e9r viti\u00f0 ekki daginn n\u00e9 stundina.<a name=\"14\"><span class=\"versanumer\">14<\/span><\/a>Svo er um himnar\u00edki sem mann, er \u00e6tla\u00f0i \u00far landi. Hann kalla\u00f0i \u00fej\u00f3na s\u00edna og f\u00f3l \u00feeim eigur s\u00ednar.<a name=\"15\"><span class=\"versanumer\">15<\/span><\/a>Einum f\u00e9kk hann fimm talentur, \u00f6\u00f0rum tv\u00e6r og \u00feeim \u00feri\u00f0ja eina, hverjum eftir h\u00e6fni. S\u00ed\u00f0an f\u00f3r hann \u00far landi.<a name=\"16\"><span class=\"versanumer\">16<\/span><\/a>S\u00e1 sem f\u00e9kk fimm talentur, f\u00f3r \u00feegar, \u00e1vaxta\u00f0i \u00fe\u00e6r og gr\u00e6ddi a\u00f0rar fimm.<a name=\"17\"><span class=\"versanumer\">17<\/span><\/a>Eins gj\u00f6r\u00f0i s\u00e1 er tv\u00e6r f\u00e9kk. Hann gr\u00e6ddi a\u00f0rar tv\u00e6r.<a name=\"18\"><span class=\"versanumer\">18<\/span><\/a>En s\u00e1 sem f\u00e9kk eina, f\u00f3r og gr\u00f3f f\u00e9 h\u00fasb\u00f3nda s\u00edns \u00ed j\u00f6r\u00f0 og faldi \u00fea\u00f0.<a name=\"19\"><span class=\"versanumer\">19<\/span><\/a>L\u00f6ngu s\u00ed\u00f0ar kom h\u00fasb\u00f3ndi \u00feessara \u00fej\u00f3na og l\u00e9t \u00fe\u00e1 gj\u00f6ra skil.<a name=\"20\"><span class=\"versanumer\">20<\/span><\/a>S\u00e1 me\u00f0 fimm talenturnar gekk \u00fe\u00e1 fram, f\u00e6r\u00f0i honum a\u00f0rar fimm og sag\u00f0i: Herra, fimm talentur seldir \u00fe\u00fa m\u00e9r \u00ed hendur, h\u00e9r hef \u00e9g gr\u00e6tt a\u00f0rar fimm.<a name=\"21\"><span class=\"versanumer\">21<\/span><\/a>H\u00fasb\u00f3ndi hans sag\u00f0i vi\u00f0 hann: Gott, \u00fe\u00fa g\u00f3\u00f0i og tr\u00fai \u00fej\u00f3nn. Yfir litlu varstu tr\u00far, yfir miki\u00f0 mun \u00e9g setja \u00feig. Gakk inn \u00ed f\u00f6gnu\u00f0 herra \u00fe\u00edns.<a name=\"22\"><span class=\"versanumer\">22<\/span><\/a>\u00de\u00e1 gekk fram s\u00e1 me\u00f0 tv\u00e6r talenturnar og m\u00e6lti: Herra, tv\u00e6r talentur seldir \u00fe\u00fa m\u00e9r \u00ed hendur, h\u00e9r hef \u00e9g gr\u00e6tt a\u00f0rar tv\u00e6r.<a name=\"23\"><span class=\"versanumer\">23<\/span><\/a>Og h\u00fasb\u00f3ndi hans sag\u00f0i vi\u00f0 hann: Gott, \u00fe\u00fa g\u00f3\u00f0i og tr\u00fai \u00fej\u00f3nn, yfir litlu varstu tr\u00far, yfir miki\u00f0 mun \u00e9g setja \u00feig. Gakk inn \u00ed f\u00f6gnu\u00f0 herra \u00fe\u00edns.<a name=\"24\"><span class=\"versanumer\">24<\/span><\/a>Loks kom s\u00e1 er f\u00e9kk eina talentu, og sag\u00f0i: Herra, \u00e9g vissi, a\u00f0 \u00fe\u00fa ert ma\u00f0ur har\u00f0ur, sem uppsker \u00fear, sem \u00fe\u00fa s\u00e1\u00f0ir ekki, og safnar \u00fear, sem \u00fe\u00fa str\u00e1\u00f0ir ekki.<a name=\"25\"><span class=\"versanumer\">25<\/span><\/a>\u00c9g var hr\u00e6ddur og f\u00f3l talentu \u00fe\u00edna \u00ed j\u00f6r\u00f0. H\u00e9r hefur \u00fe\u00fa \u00feitt.<a name=\"26\"><span class=\"versanumer\">26<\/span><\/a>Og h\u00fasb\u00f3ndi hans sag\u00f0i vi\u00f0 hann: Illi og lati \u00fej\u00f3nn, \u00fe\u00fa vissir, a\u00f0 \u00e9g uppsker \u00fear, sem \u00e9g s\u00e1\u00f0i ekki, og safna \u00fear, sem \u00e9g str\u00e1\u00f0i ekki.<a name=\"27\"><span class=\"versanumer\">27<\/span><\/a>\u00de\u00fa \u00e1ttir \u00fev\u00ed a\u00f0 leggja f\u00e9 mitt \u00ed banka. \u00de\u00e1 hef\u00f0i \u00e9g fengi\u00f0 \u00fea\u00f0 me\u00f0 v\u00f6xtum, \u00feegar \u00e9g kom heim.<a name=\"28\"><span class=\"versanumer\">28<\/span><\/a>Taki\u00f0 af honum talentuna, og f\u00e1i\u00f0 \u00feeim, sem hefur t\u00edu talenturnar.<a name=\"29\"><span class=\"versanumer\">29<\/span><\/a>\u00dev\u00ed a\u00f0 hverjum sem hefur, mun gefi\u00f0 ver\u00f0a, og hann mun hafa gn\u00e6g\u00f0, en fr\u00e1 \u00feeim, sem eigi hefur, mun teki\u00f0 ver\u00f0a jafnvel \u00fea\u00f0, sem hann hefur.<a name=\"30\"><span class=\"versanumer\">30<\/span><\/a>Reki\u00f0 \u00feennan \u00f3n\u00fdta \u00fej\u00f3n \u00fat \u00ed ystu myrkur. \u00dear ver\u00f0ur gr\u00e1tur og gn\u00edstran tanna.<a name=\"31\"><span class=\"versanumer\">31<\/span><\/a>\u00deegar Mannssonurinn kemur \u00ed d\u00fdr\u00f0 sinni og allir englar me\u00f0 honum, \u00fe\u00e1 mun hann sitja \u00ed d\u00fdr\u00f0arh\u00e1s\u00e6ti s\u00ednu.<a name=\"32\"><span class=\"versanumer\">32<\/span><\/a>Allar \u00fej\u00f3\u00f0ir munu safnast frammi fyrir honum, og hann mun skilja hvern fr\u00e1 \u00f6\u00f0rum, eins og hir\u00f0ir skilur sau\u00f0i fr\u00e1 h\u00f6frum.<a name=\"33\"><span class=\"versanumer\">33<\/span><\/a>Sau\u00f0unum skipar hann s\u00e9r til h\u00e6gri handar, en h\u00f6frunum til vinstri.<a name=\"34\"><span class=\"versanumer\">34<\/span><\/a>Og \u00fe\u00e1 mun konungurinn segja vi\u00f0 \u00fe\u00e1 til h\u00e6gri: Komi\u00f0 \u00fe\u00e9r, hinir blessu\u00f0u f\u00f6\u00f0ur m\u00edns, og taki\u00f0 a\u00f0 erf\u00f0 r\u00edki\u00f0, sem y\u00f0ur var b\u00fai\u00f0 fr\u00e1 grundv\u00f6llun heims.<a name=\"35\"><span class=\"versanumer\">35<\/span><\/a>\u00dev\u00ed hungra\u00f0ur var \u00e9g, og \u00fe\u00e9r g\u00e1fu\u00f0 m\u00e9r a\u00f0 eta, \u00feyrstur var \u00e9g, og \u00fe\u00e9r g\u00e1fu\u00f0 m\u00e9r a\u00f0 drekka, gestur var \u00e9g, og \u00fe\u00e9r h\u00fdstu\u00f0 mig,<a name=\"36\"><span class=\"versanumer\">36<\/span><\/a>nakinn og \u00fe\u00e9r kl\u00e6ddu\u00f0 mig, sj\u00fakur og \u00fe\u00e9r vitju\u00f0u\u00f0 m\u00edn, \u00ed fangelsi var \u00e9g, og \u00fe\u00e9r komu\u00f0 til m\u00edn.<a name=\"37\"><span class=\"versanumer\">37<\/span><\/a>\u00de\u00e1 munu \u00feeir r\u00e9ttl\u00e1tu segja: Herra, hven\u00e6r s\u00e1um v\u00e9r \u00feig hungra\u00f0an og g\u00e1fum \u00fe\u00e9r a\u00f0 eta e\u00f0a \u00feyrstan og g\u00e1fum \u00fe\u00e9r a\u00f0 drekka?<a name=\"38\"><span class=\"versanumer\">38<\/span><\/a>Hven\u00e6r s\u00e1um v\u00e9r \u00feig gestkominn og h\u00fdstum \u00feig, nakinn og kl\u00e6ddum \u00feig?<a name=\"39\"><span class=\"versanumer\">39<\/span><\/a>Og hven\u00e6r s\u00e1um v\u00e9r \u00feig sj\u00fakan e\u00f0a \u00ed fangelsi og komum til \u00fe\u00edn?<a name=\"40\"><span class=\"versanumer\">40<\/span><\/a>Konungurinn mun \u00fe\u00e1 svara \u00feeim: Sannlega segi \u00e9g y\u00f0ur, \u00fea\u00f0 allt, sem \u00fe\u00e9r gj\u00f6r\u00f0u\u00f0 einum minna minnstu br\u00e6\u00f0ra, \u00fea\u00f0 hafi\u00f0 \u00fe\u00e9r gj\u00f6rt m\u00e9r.<a name=\"41\"><span class=\"versanumer\">41<\/span><\/a>S\u00ed\u00f0an mun hann segja vi\u00f0 \u00fe\u00e1 til vinstri handar: Fari\u00f0 fr\u00e1 m\u00e9r, b\u00f6lva\u00f0ir, \u00ed \u00feann eil\u00edfa eld, sem b\u00fainn er dj\u00f6flinum og \u00e1rum hans.<a name=\"42\"><span class=\"versanumer\">42<\/span><\/a>\u00dev\u00ed hungra\u00f0ur var \u00e9g, en \u00fe\u00e9r g\u00e1fu\u00f0 m\u00e9r ekki a\u00f0 eta, \u00feyrstur var \u00e9g, en \u00fe\u00e9r g\u00e1fu\u00f0 m\u00e9r ekki a\u00f0 drekka,<a name=\"43\"><span class=\"versanumer\">43<\/span><\/a>gestur var \u00e9g, en \u00fe\u00e9r h\u00fdstu\u00f0 mig ekki, nakinn, en \u00fe\u00e9r kl\u00e6ddu\u00f0 mig ekki, \u00e9g var sj\u00fakur og \u00ed fangelsi, en ekki vitju\u00f0u\u00f0 \u00fe\u00e9r m\u00edn.<a name=\"44\"><span class=\"versanumer\">44<\/span><\/a>\u00de\u00e1 munu \u00feeir svara: Herra, hven\u00e6r s\u00e1um v\u00e9r \u00feig hungra\u00f0an e\u00f0a \u00feyrstan, gestkominn e\u00f0a nakinn, sj\u00fakan e\u00f0a \u00ed fangelsi, og hj\u00e1lpu\u00f0um \u00fe\u00e9r ekki?<a name=\"45\"><span class=\"versanumer\">45<\/span><\/a>Hann mun \u00fe\u00e1 svara \u00feeim: Sannlega segi \u00e9g y\u00f0ur: \u00dea\u00f0 allt sem \u00fe\u00e9r gj\u00f6r\u00f0u\u00f0 ekki einum hinna minnstu br\u00e6\u00f0ra minna, \u00fea\u00f0 hafi\u00f0 \u00fe\u00e9r ekki heldur gj\u00f6rt m\u00e9r.<a name=\"46\"><span class=\"versanumer\">46<\/span><\/a>Og \u00feeir munu fara til eil\u00edfrar refsingar, en hinir r\u00e9ttl\u00e1tu til eil\u00edfs l\u00edfs.<\/p>\n<div class=\"footnote1981\"><b>25.1<\/b> Lampi L\u00fak 12.35-36<br \/>\n<b>25.2<\/b> F\u00e1v\u00edsar, hyggnar Matt 7.24,26<br \/>\n<b>25.5<\/b> Br\u00fa\u00f0gumi Matt 9.15+ &#8211; honum dvelst Matt 24.48; 2P\u00e9t 3.9<br \/>\n<b>25.10<\/b> Vera vi\u00f0b\u00fain Matt 24.44 \u2013 br\u00fa\u00f0kaup Opb 19.7,9<br \/>\n<b>25.11<\/b> Lj\u00fak upp fyrir okkur L\u00fak 13.25<br \/>\n<b>25.12<\/b> \u00c9g \u00feekki ykkur ekki Matt 7.23; L\u00fak 13.27<br \/>\n<b>25.13<\/b> Vaki\u00f0 Matt 24.42+<br \/>\n<b>25.14-30<\/b> Hlst. L\u00fak 19.11-27<br \/>\n<b>25.19<\/b> Gera skil Matt 18.23<br \/>\n<b>25.21<\/b> L\u00edti\u00f0, miki\u00f0 L\u00fak 16.10 \u2013 setja \u00feig yfir Matt 24.47<br \/>\n<b>25.29<\/b> Mun gefi\u00f0 Matt 13.12; Mrk 4.25; L\u00fak 8.18; 19.26<br \/>\n<b>25.30<\/b> Ystu myrkur Matt 8.12+<br \/>\n<b>25.31<\/b> Koma Mannsonarins \u00ed d\u00fdr\u00f0 Matt 10.23+ ; 24.3+ ; 24.30+ &#8211; englar hans Sak 14.5; Matt 13.41+ ; J\u00fad 14 \u2013 h\u00e1s\u00e6ti hans Matt 19.28; Opb 3.21; 20.11<br \/>\n<b>25.33<\/b> Til h\u00e6gri handar Matt 22.44+ og hlst.; sbr L\u00fak 12.32<br \/>\n<b>25.34<\/b> R\u00edki\u00f0 sem y\u00f0ur var \u00e6tla\u00f0 L\u00fak 22.30<br \/>\n<b>25.35<\/b> Se\u00f0ja hungra\u00f0a Jes 58.7; Matt 10.42; L\u00fak 3.11; 14.12-14; Post 6.1-3; R\u00f3m 12.20; 1Kor 11.33 \u2013 gestrisni Matt 10.40-42; R\u00f3m 12.13; K\u00f3l 4.10; 1P\u00e9t 4.9; Heb 13.2<br \/>\n<b>25.36<\/b> Kl\u00e6\u00f0a nakta L\u00fak 3.11; Post 9.36,39; Jak 2.15-16 \u2013 vitja sj\u00fakra L\u00fak 10.33-35; 2T\u00edm 1.16-18; Heb 13.3; Jak 5.14<br \/>\n<b>25.40<\/b> Hinir minnstu Matt 10.42 \u2013 m\u00e9r Okv 19.17; Matt 10.40; 18.5; sbr Mrk 9.41<br \/>\n<b>24.41<\/b> Fari\u00f0 Matt 7.23 \u2013 eil\u00edfur eldur Mrk 9.48; J\u00fad 7; Opb 20.10<br \/>\n<b>25.43<\/b> T\u00f3ku ekki vi\u00f0 honum Matt 10.14; L\u00fak 9.53-54<br \/>\n<b>25.46<\/b> Eil\u00edf refsing, eil\u00edft l\u00edf Dan 12.2; J\u00f3h 5.29<\/div>\n","protected":false},"excerpt":{"rendered":"<p>1\u00de\u00e1 er l\u00edkt um himnar\u00edki og t\u00edu meyjar, sem f\u00f3ru til m\u00f3ts vi\u00f0 br\u00fa\u00f0gumann me\u00f0 lampa s\u00edna.2Fimm \u00feeirra voru f\u00e1v\u00edsar, en fimm hyggnar.3\u00de\u00e6r f\u00e1v\u00edsu t\u00f3ku lampa s\u00edna, en h\u00f6f\u00f0u ekki ol\u00edu me\u00f0 s\u00e9r,4en hinar hyggnu t\u00f3ku ol\u00edu me\u00f0 \u00e1 k\u00f6nnum \u00e1samt l\u00f6mpum s\u00ednum.5N\u00fa dvaldist br\u00fa\u00f0gumanum, og ur\u00f0u \u00fe\u00e6r allar syfja\u00f0ar og sofnu\u00f0u.6Um mi\u00f0n\u00e6tti kva\u00f0 vi\u00f0 hr\u00f3p: Sj\u00e1, br\u00fa\u00f0guminn kemur, fari\u00f0 til m\u00f3ts vi\u00f0 hann.7\u00de\u00e1 v\u00f6knu\u00f0u meyjarnar allar og t\u00f3ku til lampa s\u00edna.8En \u00fe\u00e6r f\u00e1v\u00edsu s\u00f6g\u00f0u vi\u00f0 \u00fe\u00e6r hyggnu: Gefi\u00f0 oss af ol\u00edu y\u00f0ar, \u00fea\u00f0 er a\u00f0 slokkna \u00e1 l\u00f6mpum vorum.9\u00de\u00e6r hyggnu sv\u00f6ru\u00f0u: Nei, h\u00fan n\u00e6gir aldrei handa \u00f6llum. Fari\u00f0 heldur <a href=\"https:\/\/biblian.is\/1981\/matteusargudspjall-25-kafli\/\"> [&#8230;]<\/a><\/p>\n","protected":false},"author":1,"featured_media":0,"parent":0,"menu_order":0,"comment_status":"open","ping_status":"open","template":"bibliukaflar.php","meta":{"footnotes":""},"class_list":["post-2301","page","type-page","status-publish","hentry"],"_links":{"self":[{"href":"https:\/\/biblian.is\/1981\/wp-json\/wp\/v2\/pages\/2301","targetHints":{"allow":["GET"]}}],"collection":[{"href":"https:\/\/biblian.is\/1981\/wp-json\/wp\/v2\/pages"}],"about":[{"href":"https:\/\/biblian.is\/1981\/wp-json\/wp\/v2\/types\/page"}],"author":[{"embeddable":true,"href":"https:\/\/biblian.is\/1981\/wp-json\/wp\/v2\/users\/1"}],"replies":[{"embeddable":true,"href":"https:\/\/biblian.is\/1981\/wp-json\/wp\/v2\/comments?post=2301"}],"version-history":[{"count":0,"href":"https:\/\/biblian.is\/1981\/wp-json\/wp\/v2\/pages\/2301\/revisions"}],"wp:attachment":[{"href":"https:\/\/biblian.is\/1981\/wp-json\/wp\/v2\/media?parent=2301"}],"curies":[{"name":"wp","href":"https:\/\/api.w.org\/{rel}","templated":true}]}}