{"id":2300,"date":"2017-11-18T20:21:11","date_gmt":"2017-11-18T20:21:11","guid":{"rendered":"http:\/\/biblian.is\/1981\/matteusargudspjall-24-kafli\/"},"modified":"2021-06-06T11:03:58","modified_gmt":"2021-06-06T11:03:58","slug":"matteusargudspjall-24-kafli","status":"publish","type":"page","link":"https:\/\/biblian.is\/1981\/matteusargudspjall-24-kafli\/","title":{"rendered":"Matteusargu\u00f0spjall 24. kafli"},"content":{"rendered":"<p><a name=\"1\"><span class=\"versanumer\">1<\/span><\/a>Jes\u00fas gekk \u00fat \u00far helgid\u00f3minum og h\u00e9lt brott. \u00de\u00e1 komu l\u00e6risveinar hans og vildu s\u00fdna honum byggingar helgid\u00f3msins.<a name=\"2\"><span class=\"versanumer\">2<\/span><\/a>Hann sag\u00f0i vi\u00f0 \u00fe\u00e1: \u00de\u00e9r sj\u00e1i\u00f0 allt \u00feetta? Sannlega segi \u00e9g y\u00f0ur, h\u00e9r mun ekki eftir l\u00e1tinn steinn yfir steini, er eigi s\u00e9 ni\u00f0ur brotinn.<a name=\"3\"><span class=\"versanumer\">3<\/span><\/a>\u00de\u00e1 er hann sat \u00e1 Ol\u00edufjallinu, gengu l\u00e6risveinarnir til hans og spur\u00f0u hann einslega: Seg \u00fe\u00fa oss, hven\u00e6r ver\u00f0ur \u00feetta? Og hvert mun t\u00e1kn komu \u00feinnar og endaloka veraldar?<a name=\"4\"><span class=\"versanumer\">4<\/span><\/a>Jes\u00fas svara\u00f0i \u00feeim: Varist a\u00f0 l\u00e1ta nokkurn lei\u00f0a y\u00f0ur \u00ed villu.<a name=\"5\"><span class=\"versanumer\">5<\/span><\/a>Margir munu koma \u00ed m\u00ednu nafni og segja: \u00c9g er Kristur! og marga munu \u00feeir lei\u00f0a \u00ed villu.<a name=\"6\"><span class=\"versanumer\">6<\/span><\/a>\u00de\u00e9r munu\u00f0 spyrja herna\u00f0 og \u00f3fri\u00f0art\u00ed\u00f0indi. G\u00e6ti\u00f0 \u00feess, a\u00f0 skelfast ekki. \u00deetta \u00e1 a\u00f0 ver\u00f0a, en endirinn er ekki \u00fear me\u00f0 kominn.<a name=\"7\"><span class=\"versanumer\">7<\/span><\/a>\u00dej\u00f3\u00f0 mun r\u00edsa gegn \u00fej\u00f3\u00f0 og r\u00edki gegn r\u00edki, \u00fe\u00e1 ver\u00f0ur hungur og landskj\u00e1lftar \u00e1 \u00fdmsum st\u00f6\u00f0um.<a name=\"8\"><span class=\"versanumer\">8<\/span><\/a>Allt \u00feetta er upphaf f\u00e6\u00f0ingarhr\u00ed\u00f0anna.<a name=\"9\"><span class=\"versanumer\">9<\/span><\/a>\u00de\u00e1 munu menn framselja y\u00f0ur til pyndinga og taka af l\u00edfi, og allar \u00fej\u00f3\u00f0ir munu hata y\u00f0ur vegna nafns m\u00edns.<a name=\"10\"><span class=\"versanumer\">10<\/span><\/a>Margir munu \u00fe\u00e1 falla fr\u00e1 og framselja hver annan og hata.<a name=\"11\"><span class=\"versanumer\">11<\/span><\/a>Fram munu koma margir falssp\u00e1menn og lei\u00f0a marga \u00ed villu.<a name=\"12\"><span class=\"versanumer\">12<\/span><\/a>Og vegna \u00feess a\u00f0 l\u00f6gleysi magnast, mun k\u00e6rleikur flestra k\u00f3lna.<a name=\"13\"><span class=\"versanumer\">13<\/span><\/a>En s\u00e1 sem sta\u00f0fastur er allt til enda, mun h\u00f3lpinn ver\u00f0a.<a name=\"14\"><span class=\"versanumer\">14<\/span><\/a>Og \u00feetta fagna\u00f0arerindi um r\u00edki\u00f0 ver\u00f0ur pr\u00e9dika\u00f0 um alla heimsbygg\u00f0ina \u00f6llum \u00fej\u00f3\u00f0um til vitnisbur\u00f0ar. Og \u00fe\u00e1 mun endirinn koma.<a name=\"15\"><span class=\"versanumer\">15<\/span><\/a>\u00deegar \u00fe\u00e9r sj\u00e1i\u00f0 vi\u00f0urstygg\u00f0 ey\u00f0ingarinnar, sem Dan\u00edel sp\u00e1ma\u00f0ur talar um, standa \u00e1 helgum sta\u00f0, lesandinn athugi \u00fea\u00f0<a name=\"16\"><span class=\"versanumer\">16<\/span><\/a>\u00fe\u00e1 fl\u00fdi \u00feeir, sem \u00ed J\u00fadeu eru, til fjalla.<a name=\"17\"><span class=\"versanumer\">17<\/span><\/a>S\u00e1 sem er uppi \u00e1 \u00feaki, fari ekki ofan a\u00f0 s\u00e6kja neitt \u00ed h\u00fas sitt.<a name=\"18\"><span class=\"versanumer\">18<\/span><\/a>Og s\u00e1 sem er \u00e1 akri, skal ekki hverfa aftur a\u00f0 taka yfirh\u00f6fn s\u00edna.<a name=\"19\"><span class=\"versanumer\">19<\/span><\/a>Vei \u00feeim sem \u00feunga\u00f0ar eru e\u00f0a b\u00f6rn hafa \u00e1 brj\u00f3sti \u00e1 \u00feeim d\u00f6gum.<a name=\"20\"><span class=\"versanumer\">20<\/span><\/a>Bi\u00f0ji\u00f0, a\u00f0 fl\u00f3tti y\u00f0ar ver\u00f0i ekki um vetur e\u00f0a \u00e1 hv\u00edldardegi.<a name=\"21\"><span class=\"versanumer\">21<\/span><\/a>\u00de\u00e1 ver\u00f0ur s\u00fa mikla \u00ferenging, sem engin hefur \u00fev\u00edl\u00edk veri\u00f0 fr\u00e1 upphafi heims allt til \u00feessa og mun aldrei ver\u00f0a.<a name=\"22\"><span class=\"versanumer\">22<\/span><\/a>Ef dagar \u00feessir hef\u00f0u ekki veri\u00f0 styttir, k\u00e6mist enginn ma\u00f0ur af. En vegna hinna \u00fatv\u00f6ldu munu \u00feeir dagar styttir ver\u00f0a.<a name=\"23\"><span class=\"versanumer\">23<\/span><\/a>Ef einhver segir \u00fe\u00e1 vi\u00f0 y\u00f0ur: H\u00e9r er Kristur e\u00f0a \u00fear, \u00fe\u00e1 tr\u00fai\u00f0 \u00fev\u00ed ekki.<a name=\"24\"><span class=\"versanumer\">24<\/span><\/a>\u00dev\u00ed a\u00f0 fram munu koma falskristar og falssp\u00e1menn, og \u00feeir munu gj\u00f6ra st\u00f3r t\u00e1kn og undur til a\u00f0 lei\u00f0a afvega jafnvel hina \u00fatv\u00f6ldu, ef or\u00f0i\u00f0 g\u00e6ti.<a name=\"25\"><span class=\"versanumer\">25<\/span><\/a>Sj\u00e1, \u00e9g hef sagt y\u00f0ur \u00fea\u00f0 fyrir.<a name=\"26\"><span class=\"versanumer\">26<\/span><\/a>Ef \u00feeir segja vi\u00f0 y\u00f0ur: Sj\u00e1, hann er \u00ed \u00f3bygg\u00f0um, \u00fe\u00e1 fari\u00f0 ekki \u00feanga\u00f0. Ef \u00feeir segja: Sj\u00e1, hann er \u00ed leynum, \u00fe\u00e1 tr\u00fai\u00f0 \u00fev\u00ed ekki.<a name=\"27\"><span class=\"versanumer\">27<\/span><\/a>Eins og elding sem leiftrar fr\u00e1 austri til vesturs, svo mun ver\u00f0a koma Mannssonarins.<a name=\"28\"><span class=\"versanumer\">28<\/span><\/a>\u00dear munu ernirnir safnast, sem hr\u00e6i\u00f0 er.<a name=\"29\"><span class=\"versanumer\">29<\/span><\/a>En \u00feegar eftir \u00ferenging \u00feessara daga mun s\u00f3lin sortna og tungli\u00f0 h\u00e6tta a\u00f0 sk\u00edna. Stj\u00f6rnurnar munu hrapa af himni og kraftar himnanna bifast.<a name=\"30\"><span class=\"versanumer\">30<\/span><\/a>\u00de\u00e1 mun t\u00e1kn Mannssonarins birtast \u00e1 himni, og allar kynkv\u00edslir jar\u00f0arinnar hefja kveinstafi. Og menn munu sj\u00e1 Mannssoninn koma \u00e1 sk\u00fdjum himins me\u00f0 m\u00e6tti og mikilli d\u00fdr\u00f0.<a name=\"31\"><span class=\"versanumer\">31<\/span><\/a>Hann mun senda \u00fat engla s\u00edna me\u00f0 hvellum l\u00fa\u00f0ri, og \u00feeir munu safna hans \u00fatv\u00f6ldu \u00far \u00e1ttunum fj\u00f3rum, himinskauta milli.<a name=\"32\"><span class=\"versanumer\">32<\/span><\/a>Nemi\u00f0 l\u00edkingu af f\u00edkjutr\u00e9nu. \u00deegar greinar \u00feess fara a\u00f0 m\u00fdkjast og laufi\u00f0 a\u00f0 springa \u00fat, \u00fe\u00e1 viti\u00f0 \u00fe\u00e9r, a\u00f0 sumar er \u00ed n\u00e1nd.<a name=\"33\"><span class=\"versanumer\">33<\/span><\/a>Eins skulu\u00f0 \u00fe\u00e9r vita, \u00feegar \u00fe\u00e9r sj\u00e1i\u00f0 allt \u00feetta, a\u00f0 hann er \u00ed n\u00e1nd, fyrir dyrum.<a name=\"34\"><span class=\"versanumer\">34<\/span><\/a>Sannlega segi \u00e9g y\u00f0ur: \u00deessi kynsl\u00f3\u00f0 mun ekki l\u00ed\u00f0a undir lok, uns allt \u00feetta er komi\u00f0 fram.<a name=\"35\"><span class=\"versanumer\">35<\/span><\/a>Himinn og j\u00f6r\u00f0 munu l\u00ed\u00f0a undir lok, en or\u00f0 m\u00edn munu aldrei undir lok l\u00ed\u00f0a.<a name=\"36\"><span class=\"versanumer\">36<\/span><\/a>En \u00feann dag og stund veit enginn, hvorki englar \u00e1 himnum n\u00e9 sonurinn, enginn nema fa\u00f0irinn einn.<a name=\"37\"><span class=\"versanumer\">37<\/span><\/a>Eins og var \u00e1 d\u00f6gum N\u00f3a, svo mun ver\u00f0a vi\u00f0 komu Mannssonarins.<a name=\"38\"><span class=\"versanumer\">38<\/span><\/a>Dagana fyrir fl\u00f3\u00f0i\u00f0 \u00e1tu menn og drukku, kv\u00e6ntust og giftust allt til \u00feess dags, er N\u00f3i gekk \u00ed \u00f6rkina.<a name=\"39\"><span class=\"versanumer\">39<\/span><\/a>Og \u00feeir vissu ekki, fyrr en fl\u00f3\u00f0i\u00f0 kom og hreif \u00fe\u00e1 alla burt. Eins ver\u00f0ur vi\u00f0 komu Mannssonarins.<a name=\"40\"><span class=\"versanumer\">40<\/span><\/a>\u00de\u00e1 ver\u00f0a tveir \u00e1 akri, annar mun tekinn, hinn eftir skilinn.<a name=\"41\"><span class=\"versanumer\">41<\/span><\/a>Tv\u00e6r munu mala \u00e1 kv\u00f6rn, \u00f6nnur ver\u00f0ur tekin, hin eftir skilin.<a name=\"42\"><span class=\"versanumer\">42<\/span><\/a>Vaki\u00f0 \u00fev\u00ed, \u00fe\u00e9r viti\u00f0 eigi, hva\u00f0a dag Drottinn y\u00f0ar kemur.<a name=\"43\"><span class=\"versanumer\">43<\/span><\/a>\u00dea\u00f0 skilji\u00f0 \u00fe\u00e9r, a\u00f0 h\u00fasr\u00e1\u00f0andi vekti og l\u00e9ti ekki brj\u00f3tast inn \u00ed h\u00fas sitt, ef hann vissi \u00e1 hva\u00f0a stundu n\u00e6tur \u00fej\u00f3furinn k\u00e6mi.<a name=\"44\"><span class=\"versanumer\">44<\/span><\/a>Veri\u00f0 \u00fe\u00e9r og vi\u00f0b\u00fanir, \u00fev\u00ed a\u00f0 Mannssonurinn kemur \u00e1 \u00feeirri stundu, sem \u00fe\u00e9r \u00e6tli\u00f0 eigi.<a name=\"45\"><span class=\"versanumer\">45<\/span><\/a>Hver er s\u00e1 tr\u00fai og hyggni \u00fej\u00f3nn, sem h\u00fasb\u00f3ndinn hefur sett yfir hj\u00fa s\u00edn a\u00f0 gefa \u00feeim mat \u00e1 r\u00e9ttum t\u00edma?<a name=\"46\"><span class=\"versanumer\">46<\/span><\/a>S\u00e6ll er s\u00e1 \u00fej\u00f3nn, er h\u00fasb\u00f3ndinn finnur breyta svo, er hann kemur.<a name=\"47\"><span class=\"versanumer\">47<\/span><\/a>Sannlega segi \u00e9g y\u00f0ur: Hann mun setja hann yfir allar eigur s\u00ednar.<a name=\"48\"><span class=\"versanumer\">48<\/span><\/a>En ef illur \u00fej\u00f3nn segir \u00ed hjarta s\u00ednu: H\u00fasb\u00f3nda m\u00ednum dvelst,<a name=\"49\"><span class=\"versanumer\">49<\/span><\/a>og hann tekur a\u00f0 berja sam\u00fej\u00f3na s\u00edna og eta og drekka me\u00f0 sv\u00f6llurum,<a name=\"50\"><span class=\"versanumer\">50<\/span><\/a>\u00fe\u00e1 mun h\u00fasb\u00f3ndi \u00feess \u00fej\u00f3ns koma \u00e1 \u00feeim degi, sem hann v\u00e6ntir ekki, \u00e1 \u00feeirri stundu, sem hann veit ekki,<a name=\"51\"><span class=\"versanumer\">51<\/span><\/a>h\u00f6ggva hann og l\u00e1ta hann f\u00e1 hlut me\u00f0 hr\u00e6snurum. \u00dear ver\u00f0ur gr\u00e1tur og gn\u00edstran tanna.<\/p>\n<div class=\"footnote1981\"><b>24.1-14<\/b> Hlst. Mrk 13.1-13; L\u00fak 21.5-19<br \/>\n<b>24.1<\/b> Musteri\u00f0 J\u00f3h 2.20<br \/>\n<b>24.2<\/b> Ekki steinn yfir steini L\u00fak 19.44<br \/>\n<b>24.3<\/b> Koma Jes\u00fa Matt 24.27,37,39; 1Kor 15.23; 1\u00deess 2.19; 3.13; 4.15; 5.23; 2\u00deess 2.1,8; Jak 5.7,8; 2P\u00e9t 3.4,12; J\u00f3h 2.28; sbr Matt 10.23+<br \/>\n<b>24.4<\/b> Lei\u00f0a \u00ed villu Matt 24.5,11,24; 1J\u00f3h 1.8; 2.26; 3.7; Opb 2.20; 12.9; 13.14<br \/>\n<b>24.6<\/b> \u00deetta \u00e1 a\u00f0 ver\u00f0a Dan 2.28<br \/>\n<b>24.7<\/b> \u00dej\u00f3\u00f0 gegn \u00fej\u00f3\u00f0 Jes 19.2-6,17<br \/>\n<b>24.8<\/b> F\u00e6\u00f0ingarhr\u00ed\u00f0ir Jes 13.8; H\u00f3s 13.13; J\u00f3h 16.21<br \/>\n<b>24.9<\/b> Menn framselja y\u00f0ur Matt 10.17,23 \u2013 \u00ferengingar Matt 13.21; sbr 2Kor 1.4; 2.4; 6.4; Opb 7.14 \u2013 l\u00edfl\u00e1ta J\u00f3h 16.2 \u2013 hata ykkur Matt 10.22; J\u00f3h 15.18<br \/>\n<b>24.11<\/b> Falssp\u00e1menn Matt 7.15+<br \/>\n<b>24.13<\/b> Sta\u00f0fastur Matt 10.22<br \/>\n<b>24.14<\/b> Bo\u00f0un fagna\u00f0arerindisins Matt 26.13; 28.19; Mrk 1.14; 14.9; 16.15; Gal 2.2; K\u00f3l 1.23; 1\u00deess 2.9; sbr Matt 3.1+ &#8211; um alla heimsbygg\u00f0ina R\u00f3m 10.18 \u2013 f\u00e1i a\u00f0 heyra Matt 10.18 \u2013 endirinn Matt 10.22; 24.6,13<br \/>\n<b>24.15-28<\/b> Hlst. Mrk 13.14-23; L\u00fak 21.20-24<br \/>\n<b>24.15<\/b> Vi\u00f0urstygg\u00f0 ey\u00f0ileggingarinnar Dan 9.27; 11.31; 12.11; 1Makk 1.54; 6.4<br \/>\n<b>24.17<\/b> Uppi \u00e1 \u00feaki L\u00fak 17.31<br \/>\n<b>24.19<\/b> Vei Matt 11.21+<br \/>\n<b>24.21<\/b> \u00derenging Dan 12.1; sbr Jl 2.2; Opb 7.14<br \/>\n<b>24.24<\/b> Falskristar Matt 24.5; Post 5.36; 1J\u00f3h 2.18 \u2013 t\u00e1kn 5M\u00f3s 13.2-4; 2\u00deess 2.9-10; Opb 13.13-14<br \/>\n<b>24.27<\/b> Koma Mannssonarins Matt 24.3+ ; sbr  10.23+<br \/>\n<b>24.28<\/b> Ernir og hr\u00e6 L\u00fak 17.37<br \/>\n<b>24.29-31<\/b> Hlst. Mrk 13.24-27; L\u00fak 21.25-28<br \/>\n<b>24.29<\/b> Sbr Jes 13.10; 24.4 \u2013 s\u00f3lin sortnar Esk 32.7; Jl 2.10; 3.4; Opb 6.12 \u2013 festingar ri\u00f0last Hag 2.6,21; Opb 6.13<br \/>\n<b>24.30<\/b> Kveinstafir Sak 12.10,11; Opb 1.7 \u2013 Mannssonurinn \u00e1 sk\u00fdjum Dan 7.13-14; Matt 26.64; Matt 16.27; sbr 2M\u00f3s 19.16; 34.5; Esk 10.3-4; Matt 17.5<br \/>\n<b>24.31<\/b> Sbr 5M\u00f3s 30.4; Sak 2.10; Neh 1.9; Esk 37.9 \u2013 hann sendir engla s\u00edna Matt 13.41 \u2013 l\u00fa\u00f0ur Jes 27.13; 1Kor 15.52; 1\u00deess 4.16<br \/>\n<b>24.32-35<\/b> Hlst. Mrk 13.28-31; L\u00fak 21.29-33<br \/>\n<b>24.33<\/b> Mannssonurinn Matt 8.20+<br \/>\n<b>24.34<\/b> Allt komi\u00f0 fram Matt 10.23; 16.28; 23.36<br \/>\n<b>24.35<\/b> L\u00ed\u00f0a undir lok \u2013 standast Matt 5.18; L\u00fak 16.17<br \/>\n<b>24.36-44<\/b> Hlst. Mrk 13.32-37; L\u00fak 17.26-30,34-36<br \/>\n<b>24.36<\/b> S\u00e1 dagur Post 1.7; 1\u00deess 5.1,2<br \/>\n<b>24.37<\/b> Dagar N\u00f3a 1M\u00f3s 6.9,12 \u2013 koma Mannssonarins Matt 24.3+ ; sbr Matt 10.23+<br \/>\n<b>24.38<\/b> Syndafl\u00f3\u00f0i\u00f0 1M\u00f3s 6.13-7.24; 2P\u00e9t 3.6<br \/>\n<b>24.42<\/b> Vaki\u00f0 Matt 26.38-41; Mrk 13.35-37; L\u00fak 12.37,40; 21.36; Post 20.31; 1Kor 16.13; 1\u00deess 5.6; 1P\u00e9t 5.8; Opb 3.3; 16.15<br \/>\n<b>24.43<\/b> \u00dej\u00f3fur 1\u00deess 5.2; 2P\u00e9t 3.10; Opb 3.3; 16.15; sbr Matt 6.19<br \/>\n<b>24.45-51<\/b> Hlst. L\u00fak 12.41-48<br \/>\n<b>24.47<\/b> Setja yfir Matt 25.21,23<br \/>\n<b>24.51<\/b> Hr\u00e6snarar Matt 6.2+ &#8211; gr\u00e1tur og gn\u00edstran tanna Matt 8.12+<\/div>\n","protected":false},"excerpt":{"rendered":"<p>1Jes\u00fas gekk \u00fat \u00far helgid\u00f3minum og h\u00e9lt brott. \u00de\u00e1 komu l\u00e6risveinar hans og vildu s\u00fdna honum byggingar helgid\u00f3msins.2Hann sag\u00f0i vi\u00f0 \u00fe\u00e1: \u00de\u00e9r sj\u00e1i\u00f0 allt \u00feetta? Sannlega segi \u00e9g y\u00f0ur, h\u00e9r mun ekki eftir l\u00e1tinn steinn yfir steini, er eigi s\u00e9 ni\u00f0ur brotinn.3\u00de\u00e1 er hann sat \u00e1 Ol\u00edufjallinu, gengu l\u00e6risveinarnir til hans og spur\u00f0u hann einslega: Seg \u00fe\u00fa oss, hven\u00e6r ver\u00f0ur \u00feetta? Og hvert mun t\u00e1kn komu \u00feinnar og endaloka veraldar?4Jes\u00fas svara\u00f0i \u00feeim: Varist a\u00f0 l\u00e1ta nokkurn lei\u00f0a y\u00f0ur \u00ed villu.5Margir munu koma \u00ed m\u00ednu nafni og segja: \u00c9g er Kristur! og marga munu \u00feeir lei\u00f0a \u00ed villu.6\u00de\u00e9r munu\u00f0 spyrja herna\u00f0 <a href=\"https:\/\/biblian.is\/1981\/matteusargudspjall-24-kafli\/\"> [&#8230;]<\/a><\/p>\n","protected":false},"author":1,"featured_media":0,"parent":0,"menu_order":0,"comment_status":"open","ping_status":"open","template":"bibliukaflar.php","meta":{"footnotes":""},"class_list":["post-2300","page","type-page","status-publish","hentry"],"_links":{"self":[{"href":"https:\/\/biblian.is\/1981\/wp-json\/wp\/v2\/pages\/2300","targetHints":{"allow":["GET"]}}],"collection":[{"href":"https:\/\/biblian.is\/1981\/wp-json\/wp\/v2\/pages"}],"about":[{"href":"https:\/\/biblian.is\/1981\/wp-json\/wp\/v2\/types\/page"}],"author":[{"embeddable":true,"href":"https:\/\/biblian.is\/1981\/wp-json\/wp\/v2\/users\/1"}],"replies":[{"embeddable":true,"href":"https:\/\/biblian.is\/1981\/wp-json\/wp\/v2\/comments?post=2300"}],"version-history":[{"count":0,"href":"https:\/\/biblian.is\/1981\/wp-json\/wp\/v2\/pages\/2300\/revisions"}],"wp:attachment":[{"href":"https:\/\/biblian.is\/1981\/wp-json\/wp\/v2\/media?parent=2300"}],"curies":[{"name":"wp","href":"https:\/\/api.w.org\/{rel}","templated":true}]}}