{"id":2298,"date":"2017-11-18T20:21:11","date_gmt":"2017-11-18T20:21:11","guid":{"rendered":"http:\/\/biblian.is\/1981\/matteusargudspjall-22-kafli\/"},"modified":"2021-06-06T11:03:57","modified_gmt":"2021-06-06T11:03:57","slug":"matteusargudspjall-22-kafli","status":"publish","type":"page","link":"https:\/\/biblian.is\/1981\/matteusargudspjall-22-kafli\/","title":{"rendered":"Matteusargu\u00f0spjall 22. kafli"},"content":{"rendered":"<p><a name=\"1\"><span class=\"versanumer\">1<\/span><\/a>\u00de\u00e1 t\u00f3k Jes\u00fas enn a\u00f0 tala vi\u00f0 \u00fe\u00e1 \u00ed d\u00e6mis\u00f6gum og m\u00e6lti:<a name=\"2\"><span class=\"versanumer\">2<\/span><\/a>L\u00edkt er um himnar\u00edki og konung einn, sem gj\u00f6r\u00f0i br\u00fa\u00f0kaup sonar s\u00edns.<a name=\"3\"><span class=\"versanumer\">3<\/span><\/a>Hann sendi \u00fej\u00f3na s\u00edna a\u00f0 kalla til br\u00fa\u00f0kaupsins \u00fe\u00e1, sem bo\u00f0nir voru, en \u00feeir vildu ekki koma.<a name=\"4\"><span class=\"versanumer\">4<\/span><\/a>Aftur sendi hann a\u00f0ra \u00fej\u00f3na og m\u00e6lti: Segi\u00f0 \u00feeim, sem bo\u00f0nir voru: Veislu m\u00edna hef \u00e9g b\u00fai\u00f0, uxum m\u00ednum og alif\u00e9 er sl\u00e1tra\u00f0, og allt er tilb\u00fai\u00f0, komi\u00f0 \u00ed br\u00fa\u00f0kaupi\u00f0.<a name=\"5\"><span class=\"versanumer\">5<\/span><\/a>En \u00feeir skeyttu \u00fev\u00ed ekki. Einn f\u00f3r \u00e1 akur sinn, annar til kaupskapar s\u00edns,<a name=\"6\"><span class=\"versanumer\">6<\/span><\/a>en hinir t\u00f3ku \u00fej\u00f3na hans, mis\u00feyrmdu \u00feeim og dr\u00e1pu.<a name=\"7\"><span class=\"versanumer\">7<\/span><\/a>Konungur reiddist, sendi \u00fat her sinn og l\u00e9t tort\u00edma mor\u00f0ingjum \u00feessum og brenna borg \u00feeirra.<a name=\"8\"><span class=\"versanumer\">8<\/span><\/a>S\u00ed\u00f0an segir hann vi\u00f0 \u00fej\u00f3na s\u00edna: Br\u00fa\u00f0kaupsveislan er tilb\u00fain, en hinir bo\u00f0nu voru ekki ver\u00f0ugir.<a name=\"9\"><span class=\"versanumer\">9<\/span><\/a>Fari\u00f0 \u00fev\u00ed \u00fat \u00e1 vegam\u00f3t, og bj\u00f3\u00f0i\u00f0 \u00ed br\u00fa\u00f0kaupi\u00f0 hverjum \u00feeim sem \u00fe\u00e9r finni\u00f0.<a name=\"10\"><span class=\"versanumer\">10<\/span><\/a>\u00dej\u00f3narnir f\u00f3ru \u00fat \u00e1 vegina og s\u00f6fnu\u00f0u \u00f6llum, sem \u00feeir fundu, vondum og g\u00f3\u00f0um, svo a\u00f0 br\u00fa\u00f0kaupssalurinn var\u00f0 alskipa\u00f0ur gestum.<a name=\"11\"><span class=\"versanumer\">11<\/span><\/a>Konungur gekk \u00fe\u00e1 inn a\u00f0 sj\u00e1 gestina og leit \u00fear mann, sem var ekki b\u00fainn br\u00fa\u00f0kaupskl\u00e6\u00f0um.<a name=\"12\"><span class=\"versanumer\">12<\/span><\/a>Hann segir vi\u00f0 hann: Vinur, hvernig ert \u00fe\u00fa h\u00e9r kominn og ert ekki \u00ed br\u00fa\u00f0kaupskl\u00e6\u00f0um? Ma\u00f0urinn gat engu svara\u00f0.<a name=\"13\"><span class=\"versanumer\">13<\/span><\/a>Konungur sag\u00f0i \u00fe\u00e1 vi\u00f0 \u00fej\u00f3na s\u00edna: Bindi\u00f0 hann \u00e1 h\u00f6ndum og f\u00f3tum og varpi\u00f0 honum \u00ed ystu myrkur. \u00dear ver\u00f0ur gr\u00e1tur og gn\u00edstran tanna.<a name=\"14\"><span class=\"versanumer\">14<\/span><\/a>\u00dev\u00ed a\u00f0 margir eru kalla\u00f0ir, en f\u00e1ir \u00fatvaldir.<a name=\"15\"><span class=\"versanumer\">15<\/span><\/a>\u00de\u00e1 gengu far\u00edsearnir burt og t\u00f3ku saman r\u00e1\u00f0 s\u00edn, hvernig \u00feeir g\u00e6tu fl\u00e6kt hann \u00ed or\u00f0um.<a name=\"16\"><span class=\"versanumer\">16<\/span><\/a>\u00deeir senda til hans l\u00e6risveina s\u00edna \u00e1samt Her\u00f3desarsinnum, og \u00feeir segja: Meistari, v\u00e9r vitum, a\u00f0 \u00fe\u00fa ert sannor\u00f0ur og kennir Gu\u00f0s veg \u00ed sannleika, \u00fe\u00fa hir\u00f0ir ekki um \u00e1lit neins, enda gj\u00f6rir \u00fe\u00fa \u00fe\u00e9r engan mannamun.<a name=\"17\"><span class=\"versanumer\">17<\/span><\/a>Seg oss \u00fev\u00ed, hva\u00f0 \u00fe\u00e9r l\u00edst? Leyfist a\u00f0 gjalda keisaranum skatt e\u00f0a ekki?<a name=\"18\"><span class=\"versanumer\">18<\/span><\/a>Jes\u00fas \u00feekkti illsku \u00feeirra og sag\u00f0i: Hv\u00ed freisti\u00f0 \u00fe\u00e9r m\u00edn, hr\u00e6snarar?<a name=\"19\"><span class=\"versanumer\">19<\/span><\/a>S\u00fdni\u00f0 m\u00e9r peninginn, sem goldinn er \u00ed skatt. \u00deeir fengu honum denar.<a name=\"20\"><span class=\"versanumer\">20<\/span><\/a>Hann spyr: Hvers mynd og yfirskrift er \u00feetta?<a name=\"21\"><span class=\"versanumer\">21<\/span><\/a>\u00deeir svara: Keisarans. Hann segir: Gjaldi\u00f0 \u00fe\u00e1 keisaranum \u00fea\u00f0, sem keisarans er, og Gu\u00f0i \u00fea\u00f0, sem Gu\u00f0s er.<a name=\"22\"><span class=\"versanumer\">22<\/span><\/a>\u00deegar \u00feeir heyr\u00f0u \u00feetta, undru\u00f0ust \u00feeir, og \u00feeir yfirg\u00e1fu hann og gengu burt.<a name=\"23\"><span class=\"versanumer\">23<\/span><\/a>Sama dag komu til hans sadd\u00fakear, en \u00feeir neita \u00fev\u00ed, a\u00f0 upprisa s\u00e9 til, og s\u00f6g\u00f0u vi\u00f0 hann:<a name=\"24\"><span class=\"versanumer\">24<\/span><\/a>Meistari, M\u00f3se segir: Deyi ma\u00f0ur barnlaus, \u00fe\u00e1 skal br\u00f3\u00f0ir hans ganga a\u00f0 eiga konu br\u00f3\u00f0ur s\u00edns og vekja honum ni\u00f0ja.<a name=\"25\"><span class=\"versanumer\">25<\/span><\/a>H\u00e9r voru me\u00f0 oss sj\u00f6 br\u00e6\u00f0ur. S\u00e1 fyrsti kv\u00e6ntist og d\u00f3. Hann \u00e1tti engan ni\u00f0ja og eftirl\u00e9t \u00fev\u00ed br\u00f3\u00f0ur s\u00ednum konuna.<a name=\"26\"><span class=\"versanumer\">26<\/span><\/a>Eins var\u00f0 um n\u00e6sta og \u00feri\u00f0ja og \u00fe\u00e1 alla sj\u00f6.<a name=\"27\"><span class=\"versanumer\">27<\/span><\/a>S\u00ed\u00f0ast allra d\u00f3 konan.<a name=\"28\"><span class=\"versanumer\">28<\/span><\/a>Kona hvers \u00feeirra sj\u00f6 ver\u00f0ur h\u00fan \u00ed upprisunni? Allir h\u00f6f\u00f0u \u00feeir \u00e1tt hana.<a name=\"29\"><span class=\"versanumer\">29<\/span><\/a>En Jes\u00fas svara\u00f0i \u00feeim: \u00de\u00e9r villist, \u00fev\u00ed a\u00f0 \u00fe\u00e9r \u00feekki\u00f0 ekki ritningarnar n\u00e9 m\u00e1tt Gu\u00f0s.<a name=\"30\"><span class=\"versanumer\">30<\/span><\/a>\u00cd upprisunni kv\u00e6nast menn hvorki n\u00e9 giftast. \u00deeir eru sem englar \u00e1 himni.<a name=\"31\"><span class=\"versanumer\">31<\/span><\/a>En um upprisu dau\u00f0ra hafi\u00f0 \u00fe\u00e9r ekki lesi\u00f0 \u00fea\u00f0 sem Gu\u00f0 segir vi\u00f0 y\u00f0ur:<a name=\"32\"><span class=\"versanumer\">32<\/span><\/a>\u00c9g er Gu\u00f0 Abrahams, Gu\u00f0 \u00cdsaks og Gu\u00f0 Jakobs. Ekki er hann Gu\u00f0 dau\u00f0ra, heldur lifenda.<a name=\"33\"><span class=\"versanumer\">33<\/span><\/a>En mannfj\u00f6ldinn hl\u00fdddi \u00e1 og undra\u00f0ist mj\u00f6g kenningu hans.<a name=\"34\"><span class=\"versanumer\">34<\/span><\/a>\u00deegar far\u00edsear heyr\u00f0u, a\u00f0 hann haf\u00f0i gj\u00f6rt sadd\u00fakea or\u00f0lausa, komu \u00feeir saman.<a name=\"35\"><span class=\"versanumer\">35<\/span><\/a>Og einn \u00feeirra, sem var l\u00f6gvitringur, vildi freista hans og spur\u00f0i:<a name=\"36\"><span class=\"versanumer\">36<\/span><\/a>Meistari, hvert er hi\u00f0 \u00e6\u00f0sta bo\u00f0or\u00f0 \u00ed l\u00f6gm\u00e1linu?<a name=\"37\"><span class=\"versanumer\">37<\/span><\/a>Hann svara\u00f0i honum: Elska skalt \u00fe\u00fa Drottin, Gu\u00f0 \u00feinn, af \u00f6llu hjarta \u00fe\u00ednu, allri s\u00e1lu \u00feinni og \u00f6llum huga \u00fe\u00ednum.<a name=\"38\"><span class=\"versanumer\">38<\/span><\/a>\u00deetta er hi\u00f0 \u00e6\u00f0sta og fremsta bo\u00f0or\u00f0.<a name=\"39\"><span class=\"versanumer\">39<\/span><\/a>Anna\u00f0 er \u00feessu l\u00edkt: \u00de\u00fa skalt elska n\u00e1unga \u00feinn eins og sj\u00e1lfan \u00feig.<a name=\"40\"><span class=\"versanumer\">40<\/span><\/a>\u00c1 \u00feessum tveimur bo\u00f0or\u00f0um hv\u00edlir allt l\u00f6gm\u00e1li\u00f0 og sp\u00e1mennirnir.<a name=\"41\"><span class=\"versanumer\">41<\/span><\/a>Me\u00f0an far\u00edsearnir voru saman komnir, spur\u00f0i Jes\u00fas \u00fe\u00e1:<a name=\"42\"><span class=\"versanumer\">42<\/span><\/a>Hva\u00f0 vir\u00f0ist y\u00f0ur um Krist? Hvers son er hann? \u00deeir svara: Dav\u00ed\u00f0s.<a name=\"43\"><span class=\"versanumer\">43<\/span><\/a>Hann segir: Hvernig getur \u00fe\u00e1 Dav\u00ed\u00f0, innbl\u00e1sinn andanum, kalla\u00f0 hann drottin? Hann segir:<a name=\"44\"><span class=\"versanumer\">44<\/span><\/a>Drottinn sag\u00f0i vi\u00f0 minn drottin: Set \u00feig m\u00e9r til h\u00e6gri handar, \u00feanga\u00f0 til \u00e9g gj\u00f6ri \u00f3vini \u00fe\u00edna a\u00f0 f\u00f3tsk\u00f6r \u00feinni.<a name=\"45\"><span class=\"versanumer\">45<\/span><\/a>Fyrst Dav\u00ed\u00f0 kallar hann drottin, hvernig getur hann \u00fe\u00e1 veri\u00f0 sonur hans?<a name=\"46\"><span class=\"versanumer\">46<\/span><\/a>Enginn gat svara\u00f0 honum einu or\u00f0i, og fr\u00e1 \u00feeim degi \u00feor\u00f0i enginn a\u00f0 spyrja hann neins framar.<\/p>\n<div class=\"footnote1981\"><b>22.1-14<\/b> Hlst. L\u00fak 14.15-24<br \/>\n<b>22.2<\/b> Br\u00fa\u00f0kaup Matt 9.15 og hlst.; 25.1-12<br \/>\n<b>22.6<\/b> Dr\u00e1pu \u00fej\u00f3nana Matt 21.35+<br \/>\n<b>22.10<\/b> Vondir og g\u00f3\u00f0ir sbr Matt 9.9-13; 13.37-43<br \/>\n<b>22.13<\/b> \u00cd ystur myrkur Matt 8.12+ &#8211; gr\u00e1tur og gn\u00edstran tanna Matt 8.12+<br \/>\n<b>22.15-22<\/b> Hlst. Mrk 12.13-17; L\u00fak 20.20-26<br \/>\n<b>22.15<\/b> R\u00e1\u00f0ager\u00f0ir gegn Jes\u00fa Matt 12.14+ &#8211; Jes\u00fa freista\u00f0 Matt 16.1+<br \/>\n<b>22.18<\/b> Hr\u00e6snarar Matt 6.2+<br \/>\n<b>22.21<\/b> Gjalda keisaranum R\u00f3m 13.7<br \/>\n<b>22.23-33<\/b> Hlst. Mrk 12.18-27; L\u00fak 20.27-40<br \/>\n<b>22.24<\/b> M\u00e1gsskyldur 1M\u00f3s 38.8; 5M\u00f3s 25.5-10<br \/>\n<b>22.32<\/b> 2M\u00f3s 3.6,15,16<br \/>\n<b>22.33<\/b> Undru\u00f0ust kenningu Jes\u00fa Matt 7.28; 13.54; Mrk 11.18; J\u00f3h 7.15<br \/>\n<b>22.34-40<\/b> Hlst. Mrk 12.28-34; L\u00fak 10.25-28<br \/>\n<b>22.35<\/b> Jes\u00fa freista\u00f0 Matt 16.1+<br \/>\n<b>22.37<\/b> Sbr 5M\u00f3s 6.5; J\u00f3s 22.5<br \/>\n<b>22.39<\/b> Sbr 3M\u00f3s 19.18; Matt 5.43; 19.19; R\u00f3m 13.9; Gal 5.14; Jak 2.8<br \/>\n<b>22.40<\/b> L\u00f6gm\u00e1li\u00f0 og sp\u00e1mennirnir Matt 7.12+ ; sbr R\u00f3m 13.10<br \/>\n<b>22.41-46<\/b> Hlst. Mrk 12.35-37; L\u00fak 20.41-44<br \/>\n<b>22.42<\/b> Sonur Dav\u00ed\u00f0s Matt 1.1+<br \/>\n<b>22.44<\/b> Sbr Slm 110.1; Matt 26.64 og hlst.; Mrk 16.19; Post 2.34-35; R\u00f3m 8.34; 1Kor 15.25; Ef 1.20; K\u00f3l 3.1; Heb 1.3,13; 8.1; 10.12-13; 12.2<br \/>\n<b>22.46<\/b> Enginn \u00feor\u00f0i Mrk 12.34; L\u00fak 20.40<\/div>\n","protected":false},"excerpt":{"rendered":"<p>1\u00de\u00e1 t\u00f3k Jes\u00fas enn a\u00f0 tala vi\u00f0 \u00fe\u00e1 \u00ed d\u00e6mis\u00f6gum og m\u00e6lti:2L\u00edkt er um himnar\u00edki og konung einn, sem gj\u00f6r\u00f0i br\u00fa\u00f0kaup sonar s\u00edns.3Hann sendi \u00fej\u00f3na s\u00edna a\u00f0 kalla til br\u00fa\u00f0kaupsins \u00fe\u00e1, sem bo\u00f0nir voru, en \u00feeir vildu ekki koma.4Aftur sendi hann a\u00f0ra \u00fej\u00f3na og m\u00e6lti: Segi\u00f0 \u00feeim, sem bo\u00f0nir voru: Veislu m\u00edna hef \u00e9g b\u00fai\u00f0, uxum m\u00ednum og alif\u00e9 er sl\u00e1tra\u00f0, og allt er tilb\u00fai\u00f0, komi\u00f0 \u00ed br\u00fa\u00f0kaupi\u00f0.5En \u00feeir skeyttu \u00fev\u00ed ekki. Einn f\u00f3r \u00e1 akur sinn, annar til kaupskapar s\u00edns,6en hinir t\u00f3ku \u00fej\u00f3na hans, mis\u00feyrmdu \u00feeim og dr\u00e1pu.7Konungur reiddist, sendi \u00fat her sinn og l\u00e9t tort\u00edma mor\u00f0ingjum \u00feessum og <a href=\"https:\/\/biblian.is\/1981\/matteusargudspjall-22-kafli\/\"> [&#8230;]<\/a><\/p>\n","protected":false},"author":1,"featured_media":0,"parent":0,"menu_order":0,"comment_status":"open","ping_status":"open","template":"bibliukaflar.php","meta":{"footnotes":""},"class_list":["post-2298","page","type-page","status-publish","hentry"],"_links":{"self":[{"href":"https:\/\/biblian.is\/1981\/wp-json\/wp\/v2\/pages\/2298","targetHints":{"allow":["GET"]}}],"collection":[{"href":"https:\/\/biblian.is\/1981\/wp-json\/wp\/v2\/pages"}],"about":[{"href":"https:\/\/biblian.is\/1981\/wp-json\/wp\/v2\/types\/page"}],"author":[{"embeddable":true,"href":"https:\/\/biblian.is\/1981\/wp-json\/wp\/v2\/users\/1"}],"replies":[{"embeddable":true,"href":"https:\/\/biblian.is\/1981\/wp-json\/wp\/v2\/comments?post=2298"}],"version-history":[{"count":0,"href":"https:\/\/biblian.is\/1981\/wp-json\/wp\/v2\/pages\/2298\/revisions"}],"wp:attachment":[{"href":"https:\/\/biblian.is\/1981\/wp-json\/wp\/v2\/media?parent=2298"}],"curies":[{"name":"wp","href":"https:\/\/api.w.org\/{rel}","templated":true}]}}