{"id":2297,"date":"2017-11-18T20:21:11","date_gmt":"2017-11-18T20:21:11","guid":{"rendered":"http:\/\/biblian.is\/1981\/matteusargudspjall-21-kafli\/"},"modified":"2021-06-06T11:03:56","modified_gmt":"2021-06-06T11:03:56","slug":"matteusargudspjall-21-kafli","status":"publish","type":"page","link":"https:\/\/biblian.is\/1981\/matteusargudspjall-21-kafli\/","title":{"rendered":"Matteusargu\u00f0spjall 21. kafli"},"content":{"rendered":"<p><a name=\"1\"><span class=\"versanumer\">1<\/span><\/a>\u00deegar \u00feeir n\u00e1lgu\u00f0ust Jer\u00fasalem og komu til Betfage vi\u00f0 Ol\u00edufjalli\u00f0, sendi Jes\u00fas tvo l\u00e6risveina<a name=\"2\"><span class=\"versanumer\">2<\/span><\/a>og sag\u00f0i vi\u00f0 \u00fe\u00e1: Fari\u00f0 \u00ed \u00feorpi\u00f0 h\u00e9r framundan ykkur, og jafnskj\u00f3tt munu\u00f0 \u00fei\u00f0 finna \u00f6snu bundna og fola hj\u00e1 henni. Leysi\u00f0 \u00feau og f\u00e6ri\u00f0 m\u00e9r.<a name=\"3\"><span class=\"versanumer\">3<\/span><\/a>Ef einhver hefur or\u00f0 um, \u00fe\u00e1 svari\u00f0: Herrann \u00fearf \u00feeirra vi\u00f0, og mun hann jafnskj\u00f3tt senda \u00feau.<a name=\"4\"><span class=\"versanumer\">4<\/span><\/a>\u00deetta var\u00f0, svo a\u00f0 r\u00e6ttist \u00fea\u00f0, sem sagt er fyrir munn sp\u00e1mannsins:<a name=\"5\"><span class=\"versanumer\">5<\/span><\/a>Segi\u00f0 d\u00f3tturinni S\u00edon: Sj\u00e1, konungur \u00feinn kemur til \u00fe\u00edn, h\u00f3gv\u00e6r er hann og r\u00ed\u00f0ur asna, fola undan \u00e1bur\u00f0argrip.<a name=\"6\"><span class=\"versanumer\">6<\/span><\/a>L\u00e6risveinarnir f\u00f3ru og gj\u00f6r\u00f0u sem Jes\u00fas haf\u00f0i bo\u00f0i\u00f0 \u00feeim,<a name=\"7\"><span class=\"versanumer\">7<\/span><\/a>komu me\u00f0 \u00f6snuna og folann og l\u00f6g\u00f0u \u00e1 \u00feau kl\u00e6\u00f0i s\u00edn, en hann steig \u00e1 bak.<a name=\"8\"><span class=\"versanumer\">8<\/span><\/a>Fj\u00f6ldamargir breiddu kl\u00e6\u00f0i s\u00edn \u00e1 veginn, en a\u00f0rir hjuggu lim af trj\u00e1num og str\u00e1\u00f0u \u00e1 veginn.<a name=\"9\"><span class=\"versanumer\">9<\/span><\/a>Og m\u00fagur s\u00e1, sem \u00e1 undan f\u00f3r og eftir fylgdi, hr\u00f3pa\u00f0i: H\u00f3sanna syni Dav\u00ed\u00f0s! Blessa\u00f0ur s\u00e9 s\u00e1 sem kemur, \u00ed nafni Drottins! H\u00f3sanna \u00ed h\u00e6stum h\u00e6\u00f0um!<a name=\"10\"><span class=\"versanumer\">10<\/span><\/a>\u00deegar hann kom inn \u00ed Jer\u00fasalem, var\u00f0 \u00f6ll borgin \u00ed uppn\u00e1mi, og menn spur\u00f0u: Hver er hann?<a name=\"11\"><span class=\"versanumer\">11<\/span><\/a>F\u00f3lki\u00f0 svara\u00f0i: \u00dea\u00f0 er sp\u00e1ma\u00f0urinn Jes\u00fas fr\u00e1 Nasaret \u00ed Gal\u00edleu.<a name=\"12\"><span class=\"versanumer\">12<\/span><\/a>\u00de\u00e1 gekk Jes\u00fas \u00ed helgid\u00f3minn og rak \u00fat alla, sem voru a\u00f0 selja \u00fear og kaupa, hratt um bor\u00f0um v\u00edxlaranna og st\u00f3lum d\u00fafnasalanna<a name=\"13\"><span class=\"versanumer\">13<\/span><\/a>og m\u00e6lti vi\u00f0 \u00fe\u00e1: Rita\u00f0 er: H\u00fas mitt \u00e1 a\u00f0 vera b\u00e6nah\u00fas, en \u00fe\u00e9r gj\u00f6ri\u00f0 \u00fea\u00f0 a\u00f0 r\u00e6ningjab\u00e6li.<a name=\"14\"><span class=\"versanumer\">14<\/span><\/a>Blindir og haltir komu til hans \u00ed helgid\u00f3minum, og hann l\u00e6kna\u00f0i \u00fe\u00e1.<a name=\"15\"><span class=\"versanumer\">15<\/span><\/a>\u00c6\u00f0stu prestarnir og fr\u00e6\u00f0imennirnir s\u00e1u d\u00e1semdarverkin, sem hann gj\u00f6r\u00f0i, og heyr\u00f0u b\u00f6rnin hr\u00f3pa \u00ed helgid\u00f3minum: H\u00f3sanna syni Dav\u00ed\u00f0s! \u00deeir ur\u00f0u gramir vi\u00f0<a name=\"16\"><span class=\"versanumer\">16<\/span><\/a>og s\u00f6g\u00f0u vi\u00f0 hann: Heyrir \u00fe\u00fa, hva\u00f0 \u00feau segja? Jes\u00fas svara\u00f0i \u00feeim: J\u00e1, hafi\u00f0 \u00fe\u00e9r aldrei lesi\u00f0 \u00feetta: Af barna munni og brj\u00f3stmylkinga b\u00fdr\u00f0u \u00fe\u00e9r lof.<a name=\"17\"><span class=\"versanumer\">17<\/span><\/a>Og hann f\u00f3r fr\u00e1 \u00feeim og \u00far borginni til Betan\u00edu og haf\u00f0i \u00fear n\u00e1ttsta\u00f0.<a name=\"18\"><span class=\"versanumer\">18<\/span><\/a>\u00c1rla morguns h\u00e9lt hann aftur til borgarinnar og kenndi hungurs.<a name=\"19\"><span class=\"versanumer\">19<\/span><\/a>Hann s\u00e1 f\u00edkjutr\u00e9 eitt vi\u00f0 veginn og gekk a\u00f0 \u00fev\u00ed, en fann \u00fear ekkert nema bl\u00f6\u00f0in t\u00f3m. Hann segir vi\u00f0 \u00fea\u00f0: Aldrei framar vaxi \u00e1v\u00f6xtur \u00e1 \u00fe\u00e9r a\u00f0 eil\u00edfu. En f\u00edkjutr\u00e9\u00f0 visna\u00f0i \u00feegar \u00ed sta\u00f0.<a name=\"20\"><span class=\"versanumer\">20<\/span><\/a>L\u00e6risveinarnir s\u00e1u \u00feetta, undru\u00f0ust og s\u00f6g\u00f0u: Hvernig gat f\u00edkjutr\u00e9\u00f0 visna\u00f0 svo flj\u00f3tt?<a name=\"21\"><span class=\"versanumer\">21<\/span><\/a>Jes\u00fas svara\u00f0i \u00feeim: Sannlega segi \u00e9g y\u00f0ur: Ef \u00fe\u00e9r eigi\u00f0 tr\u00fa og efist ekki, geti\u00f0 \u00fe\u00e9r ekki a\u00f0eins gj\u00f6rt sl\u00edkt sem fram kom vi\u00f0 f\u00edkjutr\u00e9\u00f0. \u00de\u00e9r g\u00e6tu\u00f0 enda sagt vi\u00f0 fjall \u00feetta: Lyft \u00fe\u00e9r upp, og steyp \u00fe\u00e9r \u00ed hafi\u00f0, og svo mundi fara.<a name=\"22\"><span class=\"versanumer\">22<\/span><\/a>Allt sem \u00fe\u00e9r bi\u00f0ji\u00f0 \u00ed b\u00e6n y\u00f0ar, munu\u00f0 \u00fe\u00e9r \u00f6\u00f0last, ef \u00fe\u00e9r tr\u00fai\u00f0.<a name=\"23\"><span class=\"versanumer\">23<\/span><\/a>Hann gekk \u00ed helgid\u00f3minn. \u00de\u00e1 komu \u00e6\u00f0stu prestarnir og \u00f6ldungar l\u00fd\u00f0sins til hans, \u00fear sem hann var a\u00f0 kenna, og spur\u00f0u: Me\u00f0 hva\u00f0a valdi gj\u00f6rir \u00fe\u00fa \u00feetta? Hver gaf \u00fe\u00e9r \u00feetta vald?<a name=\"24\"><span class=\"versanumer\">24<\/span><\/a>Jes\u00fas svara\u00f0i \u00feeim: \u00c9g vil og leggja eina spurningu fyrir y\u00f0ur. Ef \u00fe\u00e9r svari\u00f0 m\u00e9r, mun \u00e9g segja y\u00f0ur, me\u00f0 hva\u00f0a valdi \u00e9g gj\u00f6ri \u00feetta.<a name=\"25\"><span class=\"versanumer\">25<\/span><\/a>Hva\u00f0an var sk\u00edrn J\u00f3hannesar? Fr\u00e1 himni e\u00f0a fr\u00e1 m\u00f6nnum? \u00deeir r\u00e1\u00f0gu\u00f0ust hver vi\u00f0 annan og s\u00f6g\u00f0u: Ef v\u00e9r sv\u00f6rum: Fr\u00e1 himni, spyr hann: Hv\u00ed tr\u00fa\u00f0u\u00f0 \u00fe\u00e9r honum \u00fe\u00e1 ekki?<a name=\"26\"><span class=\"versanumer\">26<\/span><\/a>Ef v\u00e9r segjum: Fr\u00e1 m\u00f6nnum, megum v\u00e9r \u00f3ttast l\u00fd\u00f0inn, \u00fev\u00ed a\u00f0 allir telja J\u00f3hannes sp\u00e1mann.<a name=\"27\"><span class=\"versanumer\">27<\/span><\/a>Og \u00feeir sv\u00f6ru\u00f0u Jes\u00fa: V\u00e9r vitum \u00fea\u00f0 ekki. Hann sag\u00f0i vi\u00f0 \u00fe\u00e1: \u00c9g segi y\u00f0ur \u00fe\u00e1 ekki heldur, me\u00f0 hva\u00f0a valdi \u00e9g gj\u00f6ri \u00feetta.<a name=\"28\"><span class=\"versanumer\">28<\/span><\/a>Hva\u00f0 vir\u00f0ist y\u00f0ur? Ma\u00f0ur nokkur \u00e1tti tvo sonu. Hann gekk til hins fyrra og sag\u00f0i: Sonur minn, far \u00fe\u00fa og vinn \u00ed dag \u00ed v\u00edngar\u00f0i m\u00ednum.<a name=\"29\"><span class=\"versanumer\">29<\/span><\/a>Hann svara\u00f0i: \u00dea\u00f0 vil \u00e9g ekki. En eftir \u00e1 s\u00e1 hann sig um h\u00f6nd og f\u00f3r.<a name=\"30\"><span class=\"versanumer\">30<\/span><\/a>\u00de\u00e1 gekk hann til hins s\u00ed\u00f0ara og m\u00e6lti \u00e1 s\u00f6mu lei\u00f0. Hann svara\u00f0i: J\u00e1, herra, en f\u00f3r hvergi.<a name=\"31\"><span class=\"versanumer\">31<\/span><\/a>Hvor \u00feeirra tveggja gj\u00f6r\u00f0i vilja f\u00f6\u00f0urins? \u00deeir svara: S\u00e1 fyrri. \u00de\u00e1 m\u00e6lti Jes\u00fas: Sannlega segi \u00e9g y\u00f0ur: Tollheimtumenn og sk\u00e6kjur ver\u00f0a \u00e1 undan y\u00f0ur inn \u00ed Gu\u00f0s r\u00edki.<a name=\"32\"><span class=\"versanumer\">32<\/span><\/a>\u00dev\u00ed a\u00f0 J\u00f3hannes kom til y\u00f0ar og v\u00edsa\u00f0i veg r\u00e9ttl\u00e6tis, og \u00fe\u00e9r tr\u00fa\u00f0u\u00f0 honum ekki, en tollheimtumenn og sk\u00e6kjur tr\u00fa\u00f0u honum. \u00dea\u00f0 s\u00e1u\u00f0 \u00fe\u00e9r, en snerust samt ekki s\u00ed\u00f0ar og tr\u00fa\u00f0u\u00f0 honum.<a name=\"33\"><span class=\"versanumer\">33<\/span><\/a>Heyri\u00f0 a\u00f0ra d\u00e6mis\u00f6gu: Landeigandi nokkur planta\u00f0i v\u00edngar\u00f0. Hann hl\u00f3\u00f0 gar\u00f0 um hann, gr\u00f3f fyrir v\u00edn\u00fer\u00f6ng og reisti turn, seldi hann s\u00ed\u00f0an v\u00ednyrkjum \u00e1 leigu og f\u00f3r \u00far landi.<a name=\"34\"><span class=\"versanumer\">34<\/span><\/a>\u00deegar \u00e1vaxtat\u00edminn n\u00e1lga\u00f0ist, sendi hann \u00fej\u00f3na s\u00edna til v\u00ednyrkjanna a\u00f0 f\u00e1 \u00e1v\u00f6xt sinn.<a name=\"35\"><span class=\"versanumer\">35<\/span><\/a>En v\u00ednyrkjarnir t\u00f3ku \u00fej\u00f3na hans, b\u00f6r\u00f0u einn, dr\u00e1pu annan og gr\u00fdttu hinn \u00feri\u00f0ja.<a name=\"36\"><span class=\"versanumer\">36<\/span><\/a>Aftur sendi hann a\u00f0ra \u00fej\u00f3na, fleiri en \u00fe\u00e1 fyrri, og eins f\u00f3ru \u00feeir me\u00f0 \u00fe\u00e1.<a name=\"37\"><span class=\"versanumer\">37<\/span><\/a>S\u00ed\u00f0ast sendi hann til \u00feeirra son sinn og sag\u00f0i: \u00deeir munu vir\u00f0a son minn.<a name=\"38\"><span class=\"versanumer\">38<\/span><\/a>\u00deegar v\u00ednyrkjarnir s\u00e1u soninn, s\u00f6g\u00f0u \u00feeir s\u00edn \u00e1 milli: \u00deetta er erfinginn. F\u00f6rum og drepum hann, og n\u00e1um arfi hans.<a name=\"39\"><span class=\"versanumer\">39<\/span><\/a>Og \u00feeir t\u00f3ku hann, k\u00f6stu\u00f0u honum \u00fat fyrir v\u00edngar\u00f0inn og dr\u00e1pu hann.<a name=\"40\"><span class=\"versanumer\">40<\/span><\/a>Hva\u00f0 mun n\u00fa eigandi v\u00edngar\u00f0sins gj\u00f6ra vi\u00f0 v\u00ednyrkja \u00feessa, \u00feegar hann kemur?<a name=\"41\"><span class=\"versanumer\">41<\/span><\/a>\u00deeir svara: \u00deeim vondu m\u00f6nnum mun hann v\u00e6g\u00f0arlaust tort\u00edma og selja v\u00edngar\u00f0inn \u00f6\u00f0rum v\u00ednyrkjum \u00e1 leigu, sem gjalda honum \u00e1v\u00f6xtinn \u00e1 r\u00e9ttum t\u00edma.<a name=\"42\"><span class=\"versanumer\">42<\/span><\/a>Og Jes\u00fas segir vi\u00f0 \u00fe\u00e1: Hafi\u00f0 \u00fe\u00e9r aldrei lesi\u00f0 \u00ed ritningunum: S\u00e1 steinn, sem smi\u00f0irnir h\u00f6fnu\u00f0u, er or\u00f0inn hyrningarsteinn. \u00deetta er verk Drottins, og undursamlegt er \u00fea\u00f0 \u00ed augum vorum.<a name=\"43\"><span class=\"versanumer\">43<\/span><\/a>\u00deess vegna segi \u00e9g y\u00f0ur: Gu\u00f0s r\u00edki ver\u00f0ur fr\u00e1 y\u00f0ur teki\u00f0 og gefi\u00f0 \u00feeirri \u00fej\u00f3\u00f0, sem ber \u00e1vexti \u00feess.<a name=\"44\"><span class=\"versanumer\">44<\/span><\/a>S\u00e1 sem fellur \u00e1 \u00feennan stein, mun sundur molast, og \u00feann sem hann fellur \u00e1, mun hann sundur merja.<a name=\"45\"><span class=\"versanumer\">45<\/span><\/a>\u00deegar \u00e6\u00f0stu prestarnir og far\u00edsearnir heyr\u00f0u d\u00e6mis\u00f6gur hans, skildu \u00feeir, a\u00f0 hann \u00e1tti vi\u00f0 \u00fe\u00e1.<a name=\"46\"><span class=\"versanumer\">46<\/span><\/a>\u00deeir vildu taka hann h\u00f6ndum, en \u00f3ttu\u00f0ust f\u00f3lki\u00f0, \u00fear e\u00f0 menn t\u00f6ldu hann vera sp\u00e1mann.<\/p>\n<div class=\"footnote1981\"><b>21.1-11<\/b> Hlst. Mrk 11.1-11; L\u00fak 19.28-38; J\u00f3h 12.12-19<br \/>\n<b>21.1<\/b> Betfage Mrk 11.1; L\u00fak 19.29 \u2013 Ol\u00edufjalli\u00f0 Sak 14.4<br \/>\n<b>21.2<\/b> Asna 1M\u00f3s 49.11; D\u00f3m 5.10<br \/>\n<b>21.5<\/b> Sak 9.9; sbr Jes 62.11<br \/>\n<b>21.8<\/b> Breiddu kl\u00e6\u00f0i \u00e1 veginn 2Kon 9.13<br \/>\n<b>21.9<\/b> H\u00f3sanna Matt 21.15; sbr Slm 118.25; 2Sam 14.4 \u2013 blessa\u00f0ur s\u00e9 s\u00e1 \u2026 Slm 118.26; Matt 23.39; L\u00fak 13.35 \u2013 s\u00e1 sem kemur Matt 3.11+<br \/>\n<b>21.10<\/b> \u00cd uppn\u00e1mi Matt 2.3<br \/>\n<b>21.11<\/b> F\u00f3lki\u00f0 Matt 9.33; 12.23 \u2013 einn af sp\u00e1m\u00f6nnunum Matt 16.14+ &#8211; sp\u00e1ma\u00f0urinn 5M\u00f3s 18.15; Matt 13.57; 17.5 og hlst.; J\u00f3h 1.21; 6.14; 7.40; Post 3.22-23<br \/>\n<b>21.12-17<\/b> Hlst Mrk 11.15-19; L\u00fak 19.45-48; J\u00f3h 2.13-22<br \/>\n<b>21.13<\/b> Sbr Jes 56.7; Jer 7.11<br \/>\n<b>21.14<\/b> Blindir og haltir Matt 11.5; sbr 3M\u00f3s 21.18; 2Sam 5.8<br \/>\n<b>21.16<\/b> Sbr Slm 8.3; 1Kor 15.27; Ef 1.22; Fil 3.21; 1P\u00e9t 3.22; Heb 2.6-8<br \/>\n<b>21.17<\/b> Betan\u00eda Matt 26.6 og hlst.; Mrk 11.1,11-12; L\u00fak 19.29; 24.50; J\u00f3h 11.1,18; 12.1<br \/>\n<b>21.18-22<\/b> Hlst. Mrk 11.12-14,20-24<br \/>\n<b>21.19<\/b> F\u00edkjutr\u00e9 Matt 24.32; L\u00fak 13.6<br \/>\n<b>21.21<\/b> Tr\u00fa, sem flytur fj\u00f6ll Matt 17.20+<br \/>\n<b>21.22<\/b> B\u00e6nheyrsla Matt 7.7-11; 18.19; J\u00f3h 14.13-14<br \/>\n<b>21.23-27<\/b> Hlst. Mrk 11.27-33; L\u00fak 20.1-8<br \/>\n<b>21.26<\/b> \u00d3ttast f\u00f3lki\u00f0 Matt 14.5; 21.46 \u2013 J\u00f3hannes talinn sp\u00e1ma\u00f0ur Matt 14.5+<br \/>\n<b>21.28<\/b> Tveir synir L\u00fak 15.11 \u2013 \u00ed v\u00edngar\u00f0i Matt 20.1,4<br \/>\n<b>21.31<\/b> Vilji f\u00f6\u00f0urins Matt 6.10+ &#8211; tollheimtumenn Matt 5.46+<br \/>\n<b>21.33-46<\/b> Hlst. Mrk 12.1-12; L\u00fak 20.9-19<br \/>\n<b>21.33<\/b> Sbr Jes 5.2<br \/>\n<b>21.34<\/b> \u00c1vextir Matt 3.8+<br \/>\n<b>21.35<\/b> Sendim\u00f6nnum mis\u00feyrmt Matt 22.6; 23.37<br \/>\n<b>21.39<\/b> \u00dat fyrir v\u00edngar\u00f0inn 3M\u00f3s 24.14-16; Post 7.58; sbr J\u00f3h 19.17; Heb 13.12<br \/>\n<b>21.41<\/b> A\u00f0rir v\u00ednyrkjar Matt 21.43<br \/>\n<b>21.42<\/b> Sbr Slm 118.22-23; sbr Post 4.11; 1P\u00e9t 2.7<br \/>\n<b>21.44<\/b> \u00deessi steinn Dan 2.34-35,44-45<br \/>\n<b>21.46<\/b> \u00d3ttu\u00f0ust f\u00f3lki\u00f0 Matt 14.5; 21.26 \u2013 Jes\u00fas talinn sp\u00e1ma\u00f0ur Matt 16.14+<\/div>\n","protected":false},"excerpt":{"rendered":"<p>1\u00deegar \u00feeir n\u00e1lgu\u00f0ust Jer\u00fasalem og komu til Betfage vi\u00f0 Ol\u00edufjalli\u00f0, sendi Jes\u00fas tvo l\u00e6risveina2og sag\u00f0i vi\u00f0 \u00fe\u00e1: Fari\u00f0 \u00ed \u00feorpi\u00f0 h\u00e9r framundan ykkur, og jafnskj\u00f3tt munu\u00f0 \u00fei\u00f0 finna \u00f6snu bundna og fola hj\u00e1 henni. Leysi\u00f0 \u00feau og f\u00e6ri\u00f0 m\u00e9r.3Ef einhver hefur or\u00f0 um, \u00fe\u00e1 svari\u00f0: Herrann \u00fearf \u00feeirra vi\u00f0, og mun hann jafnskj\u00f3tt senda \u00feau.4\u00deetta var\u00f0, svo a\u00f0 r\u00e6ttist \u00fea\u00f0, sem sagt er fyrir munn sp\u00e1mannsins:5Segi\u00f0 d\u00f3tturinni S\u00edon: Sj\u00e1, konungur \u00feinn kemur til \u00fe\u00edn, h\u00f3gv\u00e6r er hann og r\u00ed\u00f0ur asna, fola undan \u00e1bur\u00f0argrip.6L\u00e6risveinarnir f\u00f3ru og gj\u00f6r\u00f0u sem Jes\u00fas haf\u00f0i bo\u00f0i\u00f0 \u00feeim,7komu me\u00f0 \u00f6snuna og folann og l\u00f6g\u00f0u \u00e1 \u00feau kl\u00e6\u00f0i <a href=\"https:\/\/biblian.is\/1981\/matteusargudspjall-21-kafli\/\"> [&#8230;]<\/a><\/p>\n","protected":false},"author":1,"featured_media":0,"parent":0,"menu_order":0,"comment_status":"open","ping_status":"open","template":"bibliukaflar.php","meta":{"footnotes":""},"class_list":["post-2297","page","type-page","status-publish","hentry"],"_links":{"self":[{"href":"https:\/\/biblian.is\/1981\/wp-json\/wp\/v2\/pages\/2297","targetHints":{"allow":["GET"]}}],"collection":[{"href":"https:\/\/biblian.is\/1981\/wp-json\/wp\/v2\/pages"}],"about":[{"href":"https:\/\/biblian.is\/1981\/wp-json\/wp\/v2\/types\/page"}],"author":[{"embeddable":true,"href":"https:\/\/biblian.is\/1981\/wp-json\/wp\/v2\/users\/1"}],"replies":[{"embeddable":true,"href":"https:\/\/biblian.is\/1981\/wp-json\/wp\/v2\/comments?post=2297"}],"version-history":[{"count":0,"href":"https:\/\/biblian.is\/1981\/wp-json\/wp\/v2\/pages\/2297\/revisions"}],"wp:attachment":[{"href":"https:\/\/biblian.is\/1981\/wp-json\/wp\/v2\/media?parent=2297"}],"curies":[{"name":"wp","href":"https:\/\/api.w.org\/{rel}","templated":true}]}}