{"id":2296,"date":"2017-11-18T20:21:11","date_gmt":"2017-11-18T20:21:11","guid":{"rendered":"http:\/\/biblian.is\/1981\/matteusargudspjall-20-kafli\/"},"modified":"2021-06-06T11:03:56","modified_gmt":"2021-06-06T11:03:56","slug":"matteusargudspjall-20-kafli","status":"publish","type":"page","link":"https:\/\/biblian.is\/1981\/matteusargudspjall-20-kafli\/","title":{"rendered":"Matteusargu\u00f0spjall 20. kafli"},"content":{"rendered":"<p><a name=\"1\"><span class=\"versanumer\">1<\/span><\/a>L\u00edkt er um himnar\u00edki og h\u00fasb\u00f3nda einn, sem gekk \u00fat \u00e1rla morguns a\u00f0 r\u00e1\u00f0a verkamenn \u00ed v\u00edngar\u00f0 sinn.<a name=\"2\"><span class=\"versanumer\">2<\/span><\/a>Hann samdi vi\u00f0 verkamennina um denar \u00ed daglaun og sendi \u00fe\u00e1 \u00ed v\u00edngar\u00f0 sinn.<a name=\"3\"><span class=\"versanumer\">3<\/span><\/a>S\u00ed\u00f0an gekk hann \u00fat um dagm\u00e1l og s\u00e1 a\u00f0ra menn standa \u00e1 torginu i\u00f0julausa.<a name=\"4\"><span class=\"versanumer\">4<\/span><\/a>Hann sag\u00f0i vi\u00f0 \u00fe\u00e1: Fari\u00f0 \u00fe\u00e9r einnig \u00ed v\u00edngar\u00f0inn, og \u00e9g mun grei\u00f0a y\u00f0ur sanngj\u00f6rn laun.<a name=\"5\"><span class=\"versanumer\">5<\/span><\/a>\u00deeir f\u00f3ru. Aftur gekk hann \u00fat um h\u00e1degi og n\u00f3n og gj\u00f6r\u00f0i sem fyrr.<a name=\"6\"><span class=\"versanumer\">6<\/span><\/a>Og s\u00ed\u00f0degis f\u00f3r hann enn \u00fat og s\u00e1 menn standa \u00fear. Hann spyr \u00fe\u00e1: Hv\u00ed h\u00edmi\u00f0 \u00fe\u00e9r h\u00e9r i\u00f0julausir allan daginn?<a name=\"7\"><span class=\"versanumer\">7<\/span><\/a>\u00deeir svara: Enginn hefur r\u00e1\u00f0i\u00f0 oss. Hann segir vi\u00f0 \u00fe\u00e1: Fari\u00f0 \u00fe\u00e9r einnig \u00ed v\u00edngar\u00f0inn.<a name=\"8\"><span class=\"versanumer\">8<\/span><\/a>\u00deegar kv\u00f6ld var komi\u00f0, sag\u00f0i eigandi v\u00edngar\u00f0sins vi\u00f0 verkstj\u00f3ra sinn: Kalla \u00fe\u00fa \u00e1 verkamennina og grei\u00f0 \u00feeim kaupi\u00f0. \u00de\u00fa skalt byrja \u00e1 \u00feeim s\u00ed\u00f0ustu og enda \u00e1 \u00feeim fyrstu.<a name=\"9\"><span class=\"versanumer\">9<\/span><\/a>N\u00fa komu \u00feeir, sem r\u00e1\u00f0nir voru s\u00ed\u00f0degis, og fengu hver sinn denar.<a name=\"10\"><span class=\"versanumer\">10<\/span><\/a>\u00deegar \u00feeir fyrstu komu, bjuggust \u00feeir vi\u00f0 a\u00f0 f\u00e1 meira, en fengu sinn denarinn hver.<a name=\"11\"><span class=\"versanumer\">11<\/span><\/a>\u00deeir t\u00f3ku vi\u00f0 honum og f\u00f3ru a\u00f0 m\u00f6gla gegn h\u00fasb\u00f3nda s\u00ednum.<a name=\"12\"><span class=\"versanumer\">12<\/span><\/a>\u00deeir s\u00f6g\u00f0u: \u00deessir s\u00ed\u00f0ustu hafa unni\u00f0 a\u00f0eins eina stund, og \u00fe\u00fa gj\u00f6rir \u00fe\u00e1 jafna oss, er h\u00f6fum bori\u00f0 hita og \u00feunga dagsins.<a name=\"13\"><span class=\"versanumer\">13<\/span><\/a>Hann sag\u00f0i \u00fe\u00e1 vi\u00f0 einn \u00feeirra: Vinur, ekki gj\u00f6ri \u00e9g \u00fe\u00e9r rangt til, s\u00f6mdum vi\u00f0 ekki um einn denar?<a name=\"14\"><span class=\"versanumer\">14<\/span><\/a>Taktu \u00feitt og far\u00f0u lei\u00f0ar \u00feinnar. \u00c9g vil gjalda \u00feessum s\u00ed\u00f0asta eins og \u00fe\u00e9r.<a name=\"15\"><span class=\"versanumer\">15<\/span><\/a>Er \u00e9g ekki sj\u00e1lfur fj\u00e1r m\u00edns r\u00e1\u00f0andi? E\u00f0a s\u00e9r\u00f0u ofsj\u00f3num yfir \u00fev\u00ed, a\u00f0 \u00e9g er g\u00f3\u00f0gjarn?<a name=\"16\"><span class=\"versanumer\">16<\/span><\/a>\u00deannig ver\u00f0a hinir s\u00ed\u00f0ustu fyrstir og hinir fyrstu s\u00ed\u00f0astir.<a name=\"17\"><span class=\"versanumer\">17<\/span><\/a>Jes\u00fas h\u00e9lt n\u00fa upp til Jer\u00fasalem, og \u00e1 lei\u00f0inni t\u00f3k hann \u00fe\u00e1 t\u00f3lf afs\u00ed\u00f0is og sag\u00f0i vi\u00f0 \u00fe\u00e1:<a name=\"18\"><span class=\"versanumer\">18<\/span><\/a>N\u00fa f\u00f6rum v\u00e9r upp til Jer\u00fasalem. \u00dear ver\u00f0ur Mannssonurinn framseldur \u00e6\u00f0stu prestum og fr\u00e6\u00f0im\u00f6nnum. \u00deeir munu d\u00e6ma hann til dau\u00f0a<a name=\"19\"><span class=\"versanumer\">19<\/span><\/a>og framselja hann hei\u00f0ingjum, a\u00f0 \u00feeir h\u00e6\u00f0i hann, h\u00fa\u00f0str\u00fdki og krossfesti. En \u00e1 \u00feri\u00f0ja degi mun hann upp r\u00edsa.<a name=\"20\"><span class=\"versanumer\">20<\/span><\/a>\u00de\u00e1 kom til hans m\u00f3\u00f0ir \u00feeirra Sebedeussona me\u00f0 sonum s\u00ednum, laut honum og vildi bi\u00f0ja hann b\u00f3nar.<a name=\"21\"><span class=\"versanumer\">21<\/span><\/a>Hann spyr hana: Hva\u00f0 viltu? H\u00fan segir: L\u00e1t \u00fe\u00fa \u00feessa tvo syni m\u00edna sitja \u00fe\u00e9r vi\u00f0 hli\u00f0 \u00ed r\u00edki \u00fe\u00ednu, annan til h\u00e6gri handar \u00fe\u00e9r og hinn til vinstri.<a name=\"22\"><span class=\"versanumer\">22<\/span><\/a>Jes\u00fas svarar: \u00dei\u00f0 viti\u00f0 ekki, hvers \u00fei\u00f0 bi\u00f0ji\u00f0. Geti\u00f0 \u00fei\u00f0 drukki\u00f0 \u00feann kaleik, sem \u00e9g \u00e1 a\u00f0 drekka? \u00deeir segja vi\u00f0 hann: \u00dea\u00f0 getum vi\u00f0.<a name=\"23\"><span class=\"versanumer\">23<\/span><\/a>Hann segir vi\u00f0 \u00fe\u00e1: Kaleik minn munu\u00f0 \u00fei\u00f0 drekka. En mitt er ekki a\u00f0 veita, hver situr m\u00e9r til h\u00e6gri handar e\u00f0a vinstri. \u00dea\u00f0 veitist \u00feeim, sem \u00fea\u00f0 er fyrirb\u00fai\u00f0 af f\u00f6\u00f0ur m\u00ednum.<a name=\"24\"><span class=\"versanumer\">24<\/span><\/a>\u00deegar hinir t\u00edu heyr\u00f0u \u00feetta, gramdist \u00feeim vi\u00f0 br\u00e6\u00f0urna tvo.<a name=\"25\"><span class=\"versanumer\">25<\/span><\/a>En Jes\u00fas kalla\u00f0i \u00fe\u00e1 til s\u00edn og m\u00e6lti: \u00de\u00e9r viti\u00f0, a\u00f0 \u00feeir, sem r\u00e1\u00f0a fyrir \u00fej\u00f3\u00f0um, drottna yfir \u00feeim, og h\u00f6f\u00f0ingjar l\u00e1ta menn kenna \u00e1 valdi s\u00ednu.<a name=\"26\"><span class=\"versanumer\">26<\/span><\/a>En eigi s\u00e9 svo me\u00f0al y\u00f0ar, heldur s\u00e9 s\u00e1, sem mikill vill ver\u00f0a me\u00f0al y\u00f0ar, \u00fej\u00f3nn y\u00f0ar.<a name=\"27\"><span class=\"versanumer\">27<\/span><\/a>Og s\u00e1 er vill fremstur vera me\u00f0al y\u00f0ar, s\u00e9 \u00fer\u00e6ll y\u00f0ar,<a name=\"28\"><span class=\"versanumer\">28<\/span><\/a>eins og Mannssonurinn er ekki kominn til \u00feess a\u00f0 l\u00e1ta \u00fej\u00f3na s\u00e9r, heldur til a\u00f0 \u00fej\u00f3na og gefa l\u00edf sitt til lausnargjalds fyrir marga.<a name=\"29\"><span class=\"versanumer\">29<\/span><\/a>\u00deegar \u00feeir f\u00f3ru fr\u00e1 Jer\u00edk\u00f3, fylgdi honum mikill mannfj\u00f6ldi.<a name=\"30\"><span class=\"versanumer\">30<\/span><\/a>Tveir menn blindir s\u00e1tu \u00fear vi\u00f0 veginn. \u00deegar \u00feeir heyr\u00f0u, a\u00f0 \u00fear f\u00e6ri Jes\u00fas, hr\u00f3pu\u00f0u \u00feeir: Herra, miskunna \u00fe\u00fa okkur, sonur Dav\u00ed\u00f0s!<a name=\"31\"><span class=\"versanumer\">31<\/span><\/a>F\u00f3lki\u00f0 hasta\u00f0i \u00e1 \u00fe\u00e1, a\u00f0 \u00feeir \u00feeg\u00f0u, en \u00feeir hr\u00f3pu\u00f0u \u00fev\u00ed meir: Herra, miskunna \u00fe\u00fa okkur, sonur Dav\u00ed\u00f0s!<a name=\"32\"><span class=\"versanumer\">32<\/span><\/a>Jes\u00fas nam sta\u00f0ar, kalla\u00f0i \u00e1 \u00fe\u00e1 og sag\u00f0i: Hva\u00f0 vilji\u00f0 \u00fei\u00f0 a\u00f0 \u00e9g gj\u00f6ri fyrir ykkur?<a name=\"33\"><span class=\"versanumer\">33<\/span><\/a>\u00deeir m\u00e6ltu: Herra, l\u00e1t augu okkar opnast.<a name=\"34\"><span class=\"versanumer\">34<\/span><\/a>Jes\u00fas kenndi \u00ed brj\u00f3sti um \u00fe\u00e1 og snart augu \u00feeirra. Jafnskj\u00f3tt fengu \u00feeir sj\u00f3nina og fylgdu honum.<\/p>\n<div class=\"footnote1981\"><b>20.1<\/b> Verkamenn \u00ed v\u00edngar\u00f0i Matt 21.28,33<br \/>\n<b>20.16<\/b> Fyrstir \u2013 s\u00ed\u00f0astir Matt 19.30; Mrk 10.31; L\u00fak 13.30<br \/>\n<b>20.17-19<\/b> Hlst. Mrk 10.32-34; L\u00fak 18.31-34<br \/>\n<b>20.18<\/b> Sagt fyrir um \u00fej\u00e1ningar Matt 16.21+<br \/>\n<b>20.19<\/b> \u00c1 \u00feri\u00f0ja degi L\u00fak 24.7,46; 1Kor 15.4<br \/>\n<b>20.20-28<\/b> Hlst. Mrk 10.35-45<br \/>\n<b>20.20<\/b> Synir Sebedeusar Matt 4.21+ &#8211; m\u00f3\u00f0ir \u00feeirra Matt 27.56<br \/>\n<b>20.21<\/b> Vi\u00f0 hli\u00f0 hans Matt 19.28; L\u00fak 22.30<br \/>\n<b>20.22<\/b> Kaleikur Jer 25.15-29; Matt 26.39 og hlst. J\u00f3h 18.11<br \/>\n<b>20.26<\/b> \u00dej\u00f3nustan Matt 23.11; Mrk 9.35; 10.43-44; L\u00fak 9.48; 22.26<br \/>\n<b>20.28<\/b> Til a\u00f0 \u00fej\u00f3na Fil 2.7 \u2013 til lausnargjalds fyrir alla Matt 26.28; Mrk 10.45; 1T\u00edm 2.6<br \/>\n<b>20.29-34<\/b> Hlst. Mrk 10.46-52; L\u00fak 18.35-43<br \/>\n<b>20.30<\/b> Tveir blindir Matt 9.27 \u2013 sonur Dav\u00ed\u00f0s  Matt 1.1<br \/>\n<b>20.33<\/b> Blindir f\u00e1 s\u00fdn Jes 61.1-3; Matt 11.5; J\u00f3h 9<br \/>\n<b>20.34<\/b> Kenndi \u00ed brj\u00f3sti um Matt 9.36 og hlst. Mrk 9.22; sbr Matt 18.27; L\u00fak 10.33; 15.20 \u2013 snart augu \u00feeirra Matt 9.29-30<\/div>\n","protected":false},"excerpt":{"rendered":"<p>1L\u00edkt er um himnar\u00edki og h\u00fasb\u00f3nda einn, sem gekk \u00fat \u00e1rla morguns a\u00f0 r\u00e1\u00f0a verkamenn \u00ed v\u00edngar\u00f0 sinn.2Hann samdi vi\u00f0 verkamennina um denar \u00ed daglaun og sendi \u00fe\u00e1 \u00ed v\u00edngar\u00f0 sinn.3S\u00ed\u00f0an gekk hann \u00fat um dagm\u00e1l og s\u00e1 a\u00f0ra menn standa \u00e1 torginu i\u00f0julausa.4Hann sag\u00f0i vi\u00f0 \u00fe\u00e1: Fari\u00f0 \u00fe\u00e9r einnig \u00ed v\u00edngar\u00f0inn, og \u00e9g mun grei\u00f0a y\u00f0ur sanngj\u00f6rn laun.5\u00deeir f\u00f3ru. Aftur gekk hann \u00fat um h\u00e1degi og n\u00f3n og gj\u00f6r\u00f0i sem fyrr.6Og s\u00ed\u00f0degis f\u00f3r hann enn \u00fat og s\u00e1 menn standa \u00fear. Hann spyr \u00fe\u00e1: Hv\u00ed h\u00edmi\u00f0 \u00fe\u00e9r h\u00e9r i\u00f0julausir allan daginn?7\u00deeir svara: Enginn hefur r\u00e1\u00f0i\u00f0 oss. Hann segir vi\u00f0 <a href=\"https:\/\/biblian.is\/1981\/matteusargudspjall-20-kafli\/\"> [&#8230;]<\/a><\/p>\n","protected":false},"author":1,"featured_media":0,"parent":0,"menu_order":0,"comment_status":"open","ping_status":"open","template":"bibliukaflar.php","meta":{"footnotes":""},"class_list":["post-2296","page","type-page","status-publish","hentry"],"_links":{"self":[{"href":"https:\/\/biblian.is\/1981\/wp-json\/wp\/v2\/pages\/2296","targetHints":{"allow":["GET"]}}],"collection":[{"href":"https:\/\/biblian.is\/1981\/wp-json\/wp\/v2\/pages"}],"about":[{"href":"https:\/\/biblian.is\/1981\/wp-json\/wp\/v2\/types\/page"}],"author":[{"embeddable":true,"href":"https:\/\/biblian.is\/1981\/wp-json\/wp\/v2\/users\/1"}],"replies":[{"embeddable":true,"href":"https:\/\/biblian.is\/1981\/wp-json\/wp\/v2\/comments?post=2296"}],"version-history":[{"count":0,"href":"https:\/\/biblian.is\/1981\/wp-json\/wp\/v2\/pages\/2296\/revisions"}],"wp:attachment":[{"href":"https:\/\/biblian.is\/1981\/wp-json\/wp\/v2\/media?parent=2296"}],"curies":[{"name":"wp","href":"https:\/\/api.w.org\/{rel}","templated":true}]}}