{"id":2295,"date":"2017-11-18T20:21:11","date_gmt":"2017-11-18T20:21:11","guid":{"rendered":"http:\/\/biblian.is\/1981\/matteusargudspjall-19-kafli\/"},"modified":"2021-06-06T11:03:55","modified_gmt":"2021-06-06T11:03:55","slug":"matteusargudspjall-19-kafli","status":"publish","type":"page","link":"https:\/\/biblian.is\/1981\/matteusargudspjall-19-kafli\/","title":{"rendered":"Matteusargu\u00f0spjall 19. kafli"},"content":{"rendered":"<p><a name=\"1\"><span class=\"versanumer\">1<\/span><\/a>\u00deegar Jes\u00fas haf\u00f0i m\u00e6lt \u00feessum or\u00f0um, f\u00f3r hann \u00far Gal\u00edleu og h\u00e9lt til bygg\u00f0a J\u00fadeu handan J\u00f3rdanar.<a name=\"2\"><span class=\"versanumer\">2<\/span><\/a>Fj\u00f6ldi manna fylgdi honum, og \u00fear l\u00e6kna\u00f0i hann \u00fe\u00e1.<a name=\"3\"><span class=\"versanumer\">3<\/span><\/a>\u00de\u00e1 komu til hans far\u00edsear og vildu freista hans. \u00deeir spur\u00f0u: Leyfist manni a\u00f0 skilja vi\u00f0 konu s\u00edna fyrir hva\u00f0a s\u00f6k sem er?<a name=\"4\"><span class=\"versanumer\">4<\/span><\/a>Hann svara\u00f0i: Hafi\u00f0 \u00fe\u00e9r eigi lesi\u00f0, a\u00f0 skaparinn gj\u00f6r\u00f0i \u00feau fr\u00e1 upphafi karl og konu<a name=\"5\"><span class=\"versanumer\">5<\/span><\/a>og sag\u00f0i: Fyrir \u00fev\u00ed skal ma\u00f0ur yfirgefa f\u00f6\u00f0ur og m\u00f3\u00f0ur og bindast konu sinni, og \u00feau tv\u00f6 skulu ver\u00f0a einn ma\u00f0ur.<a name=\"6\"><span class=\"versanumer\">6<\/span><\/a>\u00deannig eru \u00feau ekki framar tv\u00f6, heldur einn ma\u00f0ur. \u00dea\u00f0 sem Gu\u00f0 hefur tengt saman, m\u00e1 ma\u00f0ur eigi sundur skilja.<a name=\"7\"><span class=\"versanumer\">7<\/span><\/a>\u00deeir segja vi\u00f0 hann: Hvers vegna bau\u00f0 \u00fe\u00e1 M\u00f3se a\u00f0 gefa konu skilna\u00f0arbr\u00e9f og skilja svo vi\u00f0 hana?<a name=\"8\"><span class=\"versanumer\">8<\/span><\/a>Hann svarar: Vegna har\u00f0\u00fa\u00f0ar hjartna y\u00f0ar leyf\u00f0i M\u00f3se y\u00f0ur a\u00f0 skilja vi\u00f0 konur y\u00f0ar, en fr\u00e1 upphafi var \u00feetta eigi \u00feannig.<a name=\"9\"><span class=\"versanumer\">9<\/span><\/a>\u00c9g segi y\u00f0ur: S\u00e1 sem skilur vi\u00f0 konu s\u00edna nema sakir h\u00f3rd\u00f3ms og kv\u00e6nist annarri, dr\u00fdgir h\u00f3r.<a name=\"10\"><span class=\"versanumer\">10<\/span><\/a>\u00de\u00e1 s\u00f6g\u00f0u l\u00e6risveinar hans: Fyrst svo er h\u00e1tta\u00f0 st\u00f6\u00f0u karls gagnvart konu, \u00fe\u00e1 er ekki v\u00e6nlegt a\u00f0 kv\u00e6nast.<a name=\"11\"><span class=\"versanumer\">11<\/span><\/a>Hann svara\u00f0i \u00feeim: \u00deetta er ekki \u00e1 allra f\u00e6ri, heldur \u00feeirra einna, sem \u00fea\u00f0 er gefi\u00f0.<a name=\"12\"><span class=\"versanumer\">12<\/span><\/a>Sumir eru vanh\u00e6fir til hj\u00faskapar fr\u00e1 m\u00f3\u00f0url\u00edfi, sumir eru vanh\u00e6fir gj\u00f6r\u00f0ir af manna v\u00f6ldum, sumir hafa sj\u00e1lfir gj\u00f6rt sig vanh\u00e6fa vegna himnar\u00edkis. S\u00e1 h\u00f6ndli, sem h\u00f6ndla\u00f0 f\u00e6r.<a name=\"13\"><span class=\"versanumer\">13<\/span><\/a>\u00de\u00e1 f\u00e6r\u00f0u menn til hans b\u00f6rn, a\u00f0 hann leg\u00f0i hendur yfir \u00feau og b\u00e6\u00f0i fyrir \u00feeim, en l\u00e6risveinar hans \u00e1t\u00f6ldu \u00fe\u00e1.<a name=\"14\"><span class=\"versanumer\">14<\/span><\/a>En Jes\u00fas sag\u00f0i: Leyfi\u00f0 b\u00f6rnunum a\u00f0 koma til m\u00edn, varni\u00f0 \u00feeim eigi, \u00fev\u00ed a\u00f0 sl\u00edkra er himnar\u00edki.<a name=\"15\"><span class=\"versanumer\">15<\/span><\/a>Og hann lag\u00f0i hendur yfir \u00feau og f\u00f3r \u00fea\u00f0an.<a name=\"16\"><span class=\"versanumer\">16<\/span><\/a>\u00de\u00e1 kom til hans ma\u00f0ur og spur\u00f0i: Meistari, hva\u00f0 gott \u00e1 \u00e9g a\u00f0 gj\u00f6ra til \u00feess a\u00f0 \u00f6\u00f0last eil\u00edft l\u00edf?<a name=\"17\"><span class=\"versanumer\">17<\/span><\/a>Jes\u00fas sag\u00f0i vi\u00f0 hann: Hv\u00ed spyr \u00fe\u00fa mig um hi\u00f0 g\u00f3\u00f0a? Einn er s\u00e1 hinn g\u00f3\u00f0i. Ef \u00fe\u00fa vilt inn ganga til l\u00edfsins, \u00fe\u00e1 haltu bo\u00f0or\u00f0in.<a name=\"18\"><span class=\"versanumer\">18<\/span><\/a>Hann spur\u00f0i: Hver? Jes\u00fas sag\u00f0i: \u00de\u00fa skalt ekki mor\u00f0 fremja, \u00fe\u00fa skalt ekki dr\u00fdgja h\u00f3r, \u00fe\u00fa skalt ekki stela, \u00fe\u00fa skalt ekki bera lj\u00fagvitni,<a name=\"19\"><span class=\"versanumer\">19<\/span><\/a>hei\u00f0ra f\u00f6\u00f0ur \u00feinn og m\u00f3\u00f0ur, og \u00fe\u00fa skalt elska n\u00e1unga \u00feinn eins og sj\u00e1lfan \u00feig.<a name=\"20\"><span class=\"versanumer\">20<\/span><\/a>\u00de\u00e1 sag\u00f0i ungi ma\u00f0urinn: Alls \u00feessa hef \u00e9g g\u00e6tt. Hvers er m\u00e9r enn vant?<a name=\"21\"><span class=\"versanumer\">21<\/span><\/a>Jes\u00fas sag\u00f0i vi\u00f0 hann: Ef \u00fe\u00fa vilt vera fullkominn, skaltu fara, selja eigur \u00fe\u00ednar og gefa f\u00e1t\u00e6kum, og munt \u00fe\u00fa fj\u00e1rsj\u00f3\u00f0 eiga \u00e1 himnum. Kom s\u00ed\u00f0an, og fylg m\u00e9r.<a name=\"22\"><span class=\"versanumer\">22<\/span><\/a>\u00deegar ungi ma\u00f0urinn heyr\u00f0i \u00feessi or\u00f0, f\u00f3r hann brott hryggur, enda \u00e1tti hann miklar eignir.<a name=\"23\"><span class=\"versanumer\">23<\/span><\/a>En Jes\u00fas sag\u00f0i vi\u00f0 l\u00e6risveina s\u00edna: Sannlega segi \u00e9g y\u00f0ur: Torvelt ver\u00f0ur au\u00f0manni inn a\u00f0 ganga \u00ed himnar\u00edki.<a name=\"24\"><span class=\"versanumer\">24<\/span><\/a>Enn segi \u00e9g: Au\u00f0veldara er \u00falfalda a\u00f0 fara gegnum n\u00e1larauga en au\u00f0manni a\u00f0 komast inn \u00ed Gu\u00f0s r\u00edki.<a name=\"25\"><span class=\"versanumer\">25<\/span><\/a>\u00deegar l\u00e6risveinarnir heyr\u00f0u \u00feetta, ur\u00f0u \u00feeir steini lostnir og s\u00f6g\u00f0u: Hver getur \u00fe\u00e1 or\u00f0i\u00f0 h\u00f3lpinn?<a name=\"26\"><span class=\"versanumer\">26<\/span><\/a>Jes\u00fas horf\u00f0i \u00e1 \u00fe\u00e1 og sag\u00f0i: Fyrir m\u00f6nnum eru engin r\u00e1\u00f0 til \u00feessa, en Gu\u00f0 megnar allt.<a name=\"27\"><span class=\"versanumer\">27<\/span><\/a>\u00de\u00e1 sag\u00f0i P\u00e9tur vi\u00f0 hann: V\u00e9r yfirg\u00e1fum allt og fylgdum \u00fe\u00e9r. Hva\u00f0 munum v\u00e9r hlj\u00f3ta?<a name=\"28\"><span class=\"versanumer\">28<\/span><\/a>Jes\u00fas sag\u00f0i vi\u00f0 \u00fe\u00e1: Sannlega segi \u00e9g y\u00f0ur: \u00deegar allt er or\u00f0i\u00f0 endurf\u00e6tt og Mannssonurinn situr \u00ed d\u00fdr\u00f0arh\u00e1s\u00e6ti s\u00ednu, munu\u00f0 \u00fe\u00e9r, sem fylgi\u00f0 m\u00e9r, einnig sitja \u00ed t\u00f3lf h\u00e1s\u00e6tum og d\u00e6ma t\u00f3lf \u00e6ttkv\u00edslir \u00cdsraels.<a name=\"29\"><span class=\"versanumer\">29<\/span><\/a>Og hver sem hefur yfirgefi\u00f0 heimili, br\u00e6\u00f0ur e\u00f0a systur, f\u00f6\u00f0ur e\u00f0a m\u00f3\u00f0ur, b\u00f6rn e\u00f0a akra sakir nafns m\u00edns, mun f\u00e1 margfalt aftur og \u00f6\u00f0last eil\u00edft l\u00edf.<a name=\"30\"><span class=\"versanumer\">30<\/span><\/a>En margir hinir fyrstu munu ver\u00f0a s\u00ed\u00f0astir og hinir s\u00ed\u00f0ustu fyrstir.<\/p>\n<div class=\"footnote1981\"><b>19.1-12<\/b> Hlst. Mrk 10.1-12<br \/>\n<b>19.1<\/b> A\u00f0 loknu m\u00e1li Matt 7.28+<br \/>\n<b>19.3<\/b> Jes\u00fa freista\u00f0 Matt 16.1+<br \/>\n<b>19.4<\/b> Karl og kona 1M\u00f3s 1.27; 5.2<br \/>\n<b>19.5<\/b> Sbr 1M\u00f3s 2.24; 1Kor 6.16; Ef 5.31<br \/>\n<b>19.7<\/b> Skilna\u00f0arbr\u00e9f 5M\u00f3s 24.1; Matt 5.31<br \/>\n<b>19.9<\/b> Skilja 1Kor 7.10-11 \u2013 h\u00f3rd\u00f3mur sbr Matt 5.32+<br \/>\n<b>19.10<\/b> Kv\u00e6nast ekki 1Kor 7.1-2,7-9<br \/>\n<b>19.11<\/b> &#8230; sem \u00fea\u00f0 er gefi\u00f0 1Kor 7.17<br \/>\n<b>19.12<\/b> S\u00e1 h\u00f6ndli, sem h\u00f6ndla\u00f0 f\u00e6r Matt 11.15; 13.9<br \/>\n<b>19.13-15<\/b> Hlst. Mrk 10.13-16; L\u00fak 18.15-17<br \/>\n<b>19.13<\/b> B\u00f6rn Matt 18.2+<br \/>\n<b>19.15<\/b> Leggja hendur yfir Matt 9.18+<br \/>\n<b>19.16-30<\/b> Hlst. Mrk 10.17-31; L\u00fak 18.18-30<br \/>\n<b>19.16<\/b> Eil\u00edft l\u00edf Matt 18.8+ ; L\u00fak 10.25<br \/>\n<b>19.17<\/b> Halda bo\u00f0or\u00f0in 3M\u00f3s 18.5; L\u00fak 10.28<br \/>\n<b>19.18-19<\/b> Bo\u00f0or\u00f0 Gu\u00f0s 2M\u00f3s 20.12-17; 5M\u00f3s 5.16-21; sbr R\u00f3m 13.9 \u2013 n\u00e1ungi \u00feinn 3M\u00f3s 19.18; Matt 5.43; 22.39; L\u00fak 10.27; R\u00f3m 13.9<br \/>\n<b>19.21<\/b> Fullkominn Matt 5.48 \u2013 selja og gefa Mrk 14.5; L\u00fak 12.23; J\u00f3h 12.5; Post 2.45; 4.34-37 \u2013 fj\u00e1rsj\u00f3\u00f0ur \u00e1 himnum Matt 6.20; K\u00f3l 3.1-2<br \/>\n<b>19.23<\/b> Au\u00f0ma\u00f0ur L\u00fak 6.24; 12.16; 16.19-31; Jak 1.10-11; 5.1-6; Opb 3.17 \u2013 ganga inn \u00ed himnar\u00edki Matt 5.20+<br \/>\n<b>19.26<\/b> Gu\u00f0i er ekkert um megn 1M\u00f3s 18.14; Jer 32.17; Job 42.2<br \/>\n<b>19.27<\/b> P\u00e9tur Matt 4.18+<br \/>\n<b>19.28<\/b> Mannssonurinn Matt 8.20+ &#8211; h\u00e1s\u00e6ti hans sbr Dan 7.9-10,14 \u2013 l\u00e6risveinar d\u00e6ma Matt 20.21 og hlst.; L\u00fak 22.30; 1Kor 6.2; sbr Opb 3.21; 20.4<br \/>\n<b>19.29<\/b> Eil\u00edft l\u00edf Matt 18.8+ ; L\u00fak 10.25<br \/>\n<b>19.30<\/b> Fyrstir og s\u00ed\u00f0astir Matt 20.16; L\u00fak 13.30; Mrk 10.31; L\u00fak 13.30<\/div>\n","protected":false},"excerpt":{"rendered":"<p>1\u00deegar Jes\u00fas haf\u00f0i m\u00e6lt \u00feessum or\u00f0um, f\u00f3r hann \u00far Gal\u00edleu og h\u00e9lt til bygg\u00f0a J\u00fadeu handan J\u00f3rdanar.2Fj\u00f6ldi manna fylgdi honum, og \u00fear l\u00e6kna\u00f0i hann \u00fe\u00e1.3\u00de\u00e1 komu til hans far\u00edsear og vildu freista hans. \u00deeir spur\u00f0u: Leyfist manni a\u00f0 skilja vi\u00f0 konu s\u00edna fyrir hva\u00f0a s\u00f6k sem er?4Hann svara\u00f0i: Hafi\u00f0 \u00fe\u00e9r eigi lesi\u00f0, a\u00f0 skaparinn gj\u00f6r\u00f0i \u00feau fr\u00e1 upphafi karl og konu5og sag\u00f0i: Fyrir \u00fev\u00ed skal ma\u00f0ur yfirgefa f\u00f6\u00f0ur og m\u00f3\u00f0ur og bindast konu sinni, og \u00feau tv\u00f6 skulu ver\u00f0a einn ma\u00f0ur.6\u00deannig eru \u00feau ekki framar tv\u00f6, heldur einn ma\u00f0ur. \u00dea\u00f0 sem Gu\u00f0 hefur tengt saman, m\u00e1 ma\u00f0ur eigi sundur skilja.7\u00deeir <a href=\"https:\/\/biblian.is\/1981\/matteusargudspjall-19-kafli\/\"> [&#8230;]<\/a><\/p>\n","protected":false},"author":1,"featured_media":0,"parent":0,"menu_order":0,"comment_status":"open","ping_status":"open","template":"bibliukaflar.php","meta":{"footnotes":""},"class_list":["post-2295","page","type-page","status-publish","hentry"],"_links":{"self":[{"href":"https:\/\/biblian.is\/1981\/wp-json\/wp\/v2\/pages\/2295","targetHints":{"allow":["GET"]}}],"collection":[{"href":"https:\/\/biblian.is\/1981\/wp-json\/wp\/v2\/pages"}],"about":[{"href":"https:\/\/biblian.is\/1981\/wp-json\/wp\/v2\/types\/page"}],"author":[{"embeddable":true,"href":"https:\/\/biblian.is\/1981\/wp-json\/wp\/v2\/users\/1"}],"replies":[{"embeddable":true,"href":"https:\/\/biblian.is\/1981\/wp-json\/wp\/v2\/comments?post=2295"}],"version-history":[{"count":0,"href":"https:\/\/biblian.is\/1981\/wp-json\/wp\/v2\/pages\/2295\/revisions"}],"wp:attachment":[{"href":"https:\/\/biblian.is\/1981\/wp-json\/wp\/v2\/media?parent=2295"}],"curies":[{"name":"wp","href":"https:\/\/api.w.org\/{rel}","templated":true}]}}