{"id":2294,"date":"2017-11-18T20:21:11","date_gmt":"2017-11-18T20:21:11","guid":{"rendered":"http:\/\/biblian.is\/1981\/matteusargudspjall-18-kafli\/"},"modified":"2021-06-06T11:03:55","modified_gmt":"2021-06-06T11:03:55","slug":"matteusargudspjall-18-kafli","status":"publish","type":"page","link":"https:\/\/biblian.is\/1981\/matteusargudspjall-18-kafli\/","title":{"rendered":"Matteusargu\u00f0spjall 18. kafli"},"content":{"rendered":"<p><a name=\"1\"><span class=\"versanumer\">1<\/span><\/a>\u00c1 \u00feeirri stundu komu l\u00e6risveinarnir til Jes\u00fa og spur\u00f0u: Hver er mestur \u00ed himnar\u00edki?<a name=\"2\"><span class=\"versanumer\">2<\/span><\/a>Hann kalla\u00f0i til s\u00edn l\u00edti\u00f0 barn, setti \u00fea\u00f0 me\u00f0al \u00feeirra<a name=\"3\"><span class=\"versanumer\">3<\/span><\/a>og sag\u00f0i: Sannlega segi \u00e9g y\u00f0ur: Nema \u00fe\u00e9r sn\u00fai\u00f0 vi\u00f0 og ver\u00f0i\u00f0 eins og b\u00f6rn, komist \u00fe\u00e9r aldrei \u00ed himnar\u00edki.<a name=\"4\"><span class=\"versanumer\">4<\/span><\/a>Hver sem au\u00f0m\u00fdkir sj\u00e1lfan sig eins og barn \u00feetta, s\u00e1 er mestur \u00ed himnar\u00edki.<a name=\"5\"><span class=\"versanumer\">5<\/span><\/a>Hver sem tekur vi\u00f0 einu sl\u00edku barni \u00ed m\u00ednu nafni, tekur vi\u00f0 m\u00e9r.<a name=\"6\"><span class=\"versanumer\">6<\/span><\/a>En hverjum \u00feeim, sem t\u00e6lir til falls einn af \u00feessum sm\u00e6lingjum, sem \u00e1 mig tr\u00faa, v\u00e6ri betra a\u00f0 vera s\u00f6kkt \u00ed sj\u00e1vardj\u00fap me\u00f0 mylnustein hengdan um h\u00e1ls.<a name=\"7\"><span class=\"versanumer\">7<\/span><\/a>Vei heiminum vegna ginninga hans. Hj\u00e1 ginningum ver\u00f0ur eigi komist, en vei \u00feeim manni, sem veldur.<a name=\"8\"><span class=\"versanumer\">8<\/span><\/a>Ef h\u00f6nd \u00fe\u00edn e\u00f0a f\u00f3tur t\u00e6lir \u00feig til falls, \u00fe\u00e1 sn\u00ed\u00f0 hann af og kasta fr\u00e1 \u00fe\u00e9r. Betra er \u00fe\u00e9r handarvana e\u00f0a h\u00f6ltum inn a\u00f0 ganga til l\u00edfsins en hafa b\u00e1\u00f0ar hendur og b\u00e1\u00f0a f\u00e6tur og ver\u00f0a kasta\u00f0 \u00ed hinn eil\u00edfa eld.<a name=\"9\"><span class=\"versanumer\">9<\/span><\/a>Og ef auga \u00feitt t\u00e6lir \u00feig til falls, \u00fe\u00e1 r\u00edf \u00fea\u00f0 \u00far og kasta fr\u00e1 \u00fe\u00e9r. Betra er \u00fe\u00e9r eineyg\u00f0um inn a\u00f0 ganga til l\u00edfsins en hafa b\u00e6\u00f0i augu og ver\u00f0a kasta\u00f0 \u00ed eldsv\u00edti\u00f0.<a name=\"10\"><span class=\"versanumer\">10<\/span><\/a>Varist a\u00f0 forsm\u00e1 nokkurn \u00feessara sm\u00e6lingja. \u00c9g segi y\u00f0ur, a\u00f0 englar \u00feeirra \u00e1 himnum sj\u00e1 jafnan auglit m\u00edns himneska f\u00f6\u00f0ur.<a name=\"11\"><span class=\"versanumer\">11<\/span><\/a>\u00dev\u00ed a\u00f0 Mannssonurinn er kominn a\u00f0 frelsa hi\u00f0 t\u00fdnda.<a name=\"12\"><span class=\"versanumer\">12<\/span><\/a>Hva\u00f0 vir\u00f0ist y\u00f0ur? Ef einhver \u00e1 hundra\u00f0 sau\u00f0i og einn \u00feeirra villist fr\u00e1, skilur hann ekki \u00fe\u00e1 n\u00edut\u00edu og n\u00edu eftir \u00ed fjallinu og fer a\u00f0 leita \u00feess, sem villtur er?<a name=\"13\"><span class=\"versanumer\">13<\/span><\/a>Og au\u00f0nist honum a\u00f0 finna hann, \u00fe\u00e1 segi \u00e9g y\u00f0ur me\u00f0 sanni, a\u00f0 hann fagnar meir yfir honum en \u00feeim n\u00edut\u00edu og n\u00edu, sem villtust ekki fr\u00e1.<a name=\"14\"><span class=\"versanumer\">14<\/span><\/a>\u00deannig er \u00fea\u00f0 eigi vilji y\u00f0ar himneska f\u00f6\u00f0ur, a\u00f0 nokkur \u00feessara sm\u00e6lingja glatist.<a name=\"15\"><span class=\"versanumer\">15<\/span><\/a>Ef br\u00f3\u00f0ir \u00feinn syndgar  gegn \u00fe\u00e9r , skaltu fara og tala um fyrir honum, og s\u00e9 \u00fea\u00f0 ykkar einna \u00ed milli. L\u00e1ti hann s\u00e9r segjast, hefur \u00fe\u00fa unni\u00f0 br\u00f3\u00f0ur \u00feinn.<a name=\"16\"><span class=\"versanumer\">16<\/span><\/a>En l\u00e1ti hann s\u00e9r ekki segjast, skaltu taka me\u00f0 \u00fe\u00e9r einn e\u00f0a tvo, a\u00f0 hvert or\u00f0 s\u00e9 sta\u00f0fest me\u00f0 frambur\u00f0i tveggja e\u00f0a \u00feriggja vitna.<a name=\"17\"><span class=\"versanumer\">17<\/span><\/a>Ef hann skeytir \u00feeim ekki, \u00fe\u00e1 seg \u00fea\u00f0 s\u00f6fnu\u00f0inum, og skeyti hann ekki s\u00f6fnu\u00f0inum heldur, \u00fe\u00e1 s\u00e9 hann \u00fe\u00e9r sem hei\u00f0ingi e\u00f0a tollheimtuma\u00f0ur.<a name=\"18\"><span class=\"versanumer\">18<\/span><\/a>Sannlega segi \u00e9g y\u00f0ur: Hva\u00f0 sem \u00fe\u00e9r bindi\u00f0 \u00e1 j\u00f6r\u00f0u, mun bundi\u00f0 \u00e1 himni, og hva\u00f0 sem \u00fe\u00e9r leysi\u00f0 \u00e1 j\u00f6r\u00f0u, mun leyst \u00e1 himni.<a name=\"19\"><span class=\"versanumer\">19<\/span><\/a>Enn segi \u00e9g y\u00f0ur: Hverja \u00fe\u00e1 b\u00e6n, sem tveir y\u00f0ar ver\u00f0a einhuga um \u00e1 j\u00f6r\u00f0u, mun fa\u00f0ir minn \u00e1 himnum veita \u00feeim.<a name=\"20\"><span class=\"versanumer\">20<\/span><\/a>\u00dev\u00ed a\u00f0 hvar sem tveir e\u00f0a \u00fer\u00edr eru saman komnir \u00ed m\u00ednu nafni, \u00fear er \u00e9g mitt \u00e1 me\u00f0al \u00feeirra.<a name=\"21\"><span class=\"versanumer\">21<\/span><\/a>\u00de\u00e1 gekk P\u00e9tur til hans og spur\u00f0i: Herra, hve oft \u00e1 \u00e9g a\u00f0 fyrirgefa br\u00f3\u00f0ur m\u00ednum, ef hann misgj\u00f6rir vi\u00f0 mig? Svo sem sj\u00f6 sinnum?<a name=\"22\"><span class=\"versanumer\">22<\/span><\/a>Jes\u00fas svara\u00f0i: Ekki segi \u00e9g \u00fe\u00e9r sj\u00f6 sinnum heldur sj\u00f6t\u00edu sinnum sj\u00f6.<a name=\"23\"><span class=\"versanumer\">23<\/span><\/a>\u00dev\u00ed a\u00f0 l\u00edkt er um himnar\u00edki og konung, sem vildi l\u00e1ta \u00fej\u00f3na s\u00edna gj\u00f6ra skil.<a name=\"24\"><span class=\"versanumer\">24<\/span><\/a>Hann h\u00f3f reikningsskilin, og var f\u00e6r\u00f0ur til hans ma\u00f0ur, er skulda\u00f0i t\u00edu \u00fe\u00fasund talentur.<a name=\"25\"><span class=\"versanumer\">25<\/span><\/a>S\u00e1 gat ekkert borga\u00f0, og bau\u00f0 konungur \u00fe\u00e1, a\u00f0 hann skyldi seldur \u00e1samt konu og b\u00f6rnum og \u00f6llu, sem hann \u00e1tti, til l\u00fakningar skuldinni.<a name=\"26\"><span class=\"versanumer\">26<\/span><\/a>\u00de\u00e1 f\u00e9ll \u00fej\u00f3nninn til f\u00f3ta honum og sag\u00f0i: Haf bi\u00f0lund vi\u00f0 mig, og \u00e9g mun borga \u00fe\u00e9r allt.<a name=\"27\"><span class=\"versanumer\">27<\/span><\/a>Og herra \u00fej\u00f3nsins kenndi \u00ed brj\u00f3sti um hann, l\u00e9t hann lausan og gaf honum upp skuldina.<a name=\"28\"><span class=\"versanumer\">28<\/span><\/a>\u00deegar \u00fej\u00f3nn \u00feessi kom \u00fat, hitti hann einn sam\u00fej\u00f3n sinn, sem skulda\u00f0i honum hundra\u00f0 denara. Hann greip hann, t\u00f3k fyrir kverkar honum og sag\u00f0i: Borga \u00fea\u00f0, sem \u00fe\u00fa skuldar!<a name=\"29\"><span class=\"versanumer\">29<\/span><\/a>Sam\u00fej\u00f3nn hans f\u00e9ll \u00fe\u00e1 til f\u00f3ta honum og ba\u00f0 hann: Haf bi\u00f0lund vi\u00f0 mig, og \u00e9g mun borga \u00fe\u00e9r.<a name=\"30\"><span class=\"versanumer\">30<\/span><\/a>En hann vildi ekki, heldur f\u00f3r og l\u00e9t varpa honum \u00ed fangelsi, uns hann hef\u00f0i borga\u00f0 skuldina.<a name=\"31\"><span class=\"versanumer\">31<\/span><\/a>\u00deegar sam\u00fej\u00f3nar hans s\u00e1u, hva\u00f0 or\u00f0i\u00f0 var, ur\u00f0u \u00feeir mj\u00f6g hryggir og s\u00f6g\u00f0u herra s\u00ednum allt, sem gj\u00f6rst haf\u00f0i.<a name=\"32\"><span class=\"versanumer\">32<\/span><\/a>Konungurinn kallar \u00fe\u00e1 \u00fej\u00f3ninn fyrir sig og segir vi\u00f0 hann: Illi \u00fej\u00f3nn, alla \u00feessa skuld gaf \u00e9g \u00fe\u00e9r upp, af \u00fev\u00ed a\u00f0 \u00fe\u00fa ba\u00f0st mig.<a name=\"33\"><span class=\"versanumer\">33<\/span><\/a>Bar \u00fe\u00e9r \u00fe\u00e1 ekki einnig a\u00f0 miskunna sam\u00fej\u00f3ni \u00fe\u00ednum, eins og \u00e9g miskunna\u00f0i \u00fe\u00e9r?<a name=\"34\"><span class=\"versanumer\">34<\/span><\/a>Og konungur var\u00f0 rei\u00f0ur og afhenti hann b\u00f6\u00f0lunum, uns hann hef\u00f0i goldi\u00f0 allt, sem hann skulda\u00f0i honum.<a name=\"35\"><span class=\"versanumer\">35<\/span><\/a>\u00deannig mun og fa\u00f0ir minn himneskur gj\u00f6ra vi\u00f0 y\u00f0ur, nema hver og einn y\u00f0ar fyrirgefi af hjarta br\u00f3\u00f0ur s\u00ednum.<\/p>\n<div class=\"footnote1981\"><b>18.1-5<\/b> Hlst. Mrk 9.33-37; L\u00fak 9.46-48<br \/>\n<b>18.1<\/b> Hver er mestur? L\u00fak 22.24; sbr Matt 20.26<br \/>\n<b>18.2<\/b> Barn Matt 2.8-11; 11.16; 19.13-14 og hlst.; sbr Matt 11.25<br \/>\n<b>18.3<\/b> Komast \u00ed himnar\u00edki Matt 5.20+<br \/>\n<b>18.5<\/b> Taka vi\u00f0 Matt 10.40; J\u00f3h 13.20<br \/>\n<b>18.6-9<\/b> Hlst. Mrk 9.42-48; L\u00fak 17.12<br \/>\n<b>18.6<\/b> T\u00e6la Matt 5.29+<br \/>\n<b>18.7<\/b> Heimurinn (mennirnir) Matt 4.8; 5.14; 26.13<br \/>\n<b>18.8-9<\/b> H\u00f6nd, auga Matt 5.29,30 \u2013 eil\u00edft l\u00edf Matt 7.14; 19.16,29; 25.46<br \/>\n<b>18.10-14<\/b> Hlst. L\u00fak 15.3-7<br \/>\n<b>18.10<\/b> Englar \u00feeirra Post 12.15; Heb 1.14<br \/>\n<b>18.12<\/b> Villast Matt 24.4,11,24; 2T\u00edm 3.13; 1J\u00f3h 1.8; 2.26; 3.7; Opb 12.9; 19.20<br \/>\n<b>18.15-20<\/b> Hlst. L\u00fak 17.3<br \/>\n<b>18.15<\/b> Br\u00f3\u00f0ir L\u00fak 17.13 \u2013 tala um fyrir 3M\u00f3s 19.17 \u2013 endurheimta Matt 16.26; 25.16; 1Kor 9.19-22<br \/>\n<b>18.16<\/b> Sbr 5M\u00f3s 19.15; J\u00f3h 8.17; 2Kor 13.1; 1T\u00edm 5.19<br \/>\n<b>18.17<\/b> Tollheimtumenn Matt 5.46+<br \/>\n<b>18.18<\/b> Binda \u2013 leysa Matt 16.19+<br \/>\n<b>18.19<\/b> Bi\u00f0ja Matt 7.7; 21.22; Mrk 11.24; J\u00f3h 15.7; 16.23; Jak 1.5; 1J\u00f3h 3.22; 5.14,15<br \/>\n<b>18.20<\/b> N\u00e1l\u00e6g\u00f0 Jes\u00fa Matt 28.20; J\u00f3h 14.23<br \/>\n<b>18.21<\/b> P\u00e9tur Matt 4.18+<br \/>\n<b>18.27<\/b> Gefa upp skuld L\u00fak 7.42; sbr Matt 6.12<br \/>\n<b>18.34<\/b> Afhenda hann b\u00f6\u00f0linum Matt 5.25-26; L\u00fak 12.58-59<br \/>\n<b>18.35<\/b> Fyrirgefa hvert \u00f6\u00f0ru Matt 6.14-15; Mrk 11.25; Ef 4.32; K\u00f3l 3.13<\/div>\n","protected":false},"excerpt":{"rendered":"<p>1\u00c1 \u00feeirri stundu komu l\u00e6risveinarnir til Jes\u00fa og spur\u00f0u: Hver er mestur \u00ed himnar\u00edki?2Hann kalla\u00f0i til s\u00edn l\u00edti\u00f0 barn, setti \u00fea\u00f0 me\u00f0al \u00feeirra3og sag\u00f0i: Sannlega segi \u00e9g y\u00f0ur: Nema \u00fe\u00e9r sn\u00fai\u00f0 vi\u00f0 og ver\u00f0i\u00f0 eins og b\u00f6rn, komist \u00fe\u00e9r aldrei \u00ed himnar\u00edki.4Hver sem au\u00f0m\u00fdkir sj\u00e1lfan sig eins og barn \u00feetta, s\u00e1 er mestur \u00ed himnar\u00edki.5Hver sem tekur vi\u00f0 einu sl\u00edku barni \u00ed m\u00ednu nafni, tekur vi\u00f0 m\u00e9r.6En hverjum \u00feeim, sem t\u00e6lir til falls einn af \u00feessum sm\u00e6lingjum, sem \u00e1 mig tr\u00faa, v\u00e6ri betra a\u00f0 vera s\u00f6kkt \u00ed sj\u00e1vardj\u00fap me\u00f0 mylnustein hengdan um h\u00e1ls.7Vei heiminum vegna ginninga hans. Hj\u00e1 ginningum ver\u00f0ur <a href=\"https:\/\/biblian.is\/1981\/matteusargudspjall-18-kafli\/\"> [&#8230;]<\/a><\/p>\n","protected":false},"author":1,"featured_media":0,"parent":0,"menu_order":0,"comment_status":"open","ping_status":"open","template":"bibliukaflar.php","meta":{"footnotes":""},"class_list":["post-2294","page","type-page","status-publish","hentry"],"_links":{"self":[{"href":"https:\/\/biblian.is\/1981\/wp-json\/wp\/v2\/pages\/2294","targetHints":{"allow":["GET"]}}],"collection":[{"href":"https:\/\/biblian.is\/1981\/wp-json\/wp\/v2\/pages"}],"about":[{"href":"https:\/\/biblian.is\/1981\/wp-json\/wp\/v2\/types\/page"}],"author":[{"embeddable":true,"href":"https:\/\/biblian.is\/1981\/wp-json\/wp\/v2\/users\/1"}],"replies":[{"embeddable":true,"href":"https:\/\/biblian.is\/1981\/wp-json\/wp\/v2\/comments?post=2294"}],"version-history":[{"count":0,"href":"https:\/\/biblian.is\/1981\/wp-json\/wp\/v2\/pages\/2294\/revisions"}],"wp:attachment":[{"href":"https:\/\/biblian.is\/1981\/wp-json\/wp\/v2\/media?parent=2294"}],"curies":[{"name":"wp","href":"https:\/\/api.w.org\/{rel}","templated":true}]}}