{"id":2293,"date":"2017-11-18T20:21:11","date_gmt":"2017-11-18T20:21:11","guid":{"rendered":"http:\/\/biblian.is\/1981\/matteusargudspjall-17-kafli\/"},"modified":"2021-06-06T11:03:55","modified_gmt":"2021-06-06T11:03:55","slug":"matteusargudspjall-17-kafli","status":"publish","type":"page","link":"https:\/\/biblian.is\/1981\/matteusargudspjall-17-kafli\/","title":{"rendered":"Matteusargu\u00f0spjall 17. kafli"},"content":{"rendered":"<p><a name=\"1\"><span class=\"versanumer\">1<\/span><\/a>Eftir sex daga tekur Jes\u00fas me\u00f0 s\u00e9r \u00fe\u00e1 P\u00e9tur, Jakob og J\u00f3hannes, br\u00f3\u00f0ur hans og fer me\u00f0 \u00fe\u00e1 upp \u00e1 h\u00e1tt fjall, a\u00f0 \u00feeir v\u00e6ru einir saman.<a name=\"2\"><span class=\"versanumer\">2<\/span><\/a>\u00dear ummynda\u00f0ist hann fyrir augum \u00feeirra, \u00e1sj\u00f3na hans skein sem s\u00f3l, og kl\u00e6\u00f0i hans ur\u00f0u bj\u00f6rt eins og lj\u00f3s.<a name=\"3\"><span class=\"versanumer\">3<\/span><\/a>Og M\u00f3se og El\u00eda birtust \u00feeim, og voru \u00feeir \u00e1 tali vi\u00f0 hann.<a name=\"4\"><span class=\"versanumer\">4<\/span><\/a>P\u00e9tur t\u00f3k til m\u00e1ls og sag\u00f0i vi\u00f0 Jes\u00fa: Herra, gott er, a\u00f0 v\u00e9r erum h\u00e9r. Ef \u00fe\u00fa vilt, skal \u00e9g gj\u00f6ra h\u00e9r \u00ferj\u00e1r tjaldb\u00fa\u00f0ir, \u00fe\u00e9r eina, M\u00f3se eina og El\u00eda eina.<a name=\"5\"><span class=\"versanumer\">5<\/span><\/a>Me\u00f0an hann var enn a\u00f0 tala, skygg\u00f0i yfir \u00fe\u00e1 bjart sk\u00fd, og r\u00f6dd \u00far sk\u00fdinu sag\u00f0i: \u00deessi er minn elska\u00f0i sonur, sem \u00e9g hef vel\u00fe\u00f3knun \u00e1. Hl\u00fd\u00f0i\u00f0 \u00e1 hann!<a name=\"6\"><span class=\"versanumer\">6<\/span><\/a>\u00deegar l\u00e6risveinarnir heyr\u00f0u \u00feetta, f\u00e9llu \u00feeir fram \u00e1 \u00e1sj\u00f3nur s\u00ednar og hr\u00e6ddust mj\u00f6g.<a name=\"7\"><span class=\"versanumer\">7<\/span><\/a>Jes\u00fas gekk til \u00feeirra, snart \u00fe\u00e1 og m\u00e6lti: R\u00edsi\u00f0 upp, og \u00f3ttist ekki.<a name=\"8\"><span class=\"versanumer\">8<\/span><\/a>En er \u00feeir h\u00f3fu upp augu s\u00edn, s\u00e1u \u00feeir engan nema Jes\u00fa einan.<a name=\"9\"><span class=\"versanumer\">9<\/span><\/a>\u00c1 lei\u00f0inni ofan fjalli\u00f0 bau\u00f0 Jes\u00fas \u00feeim og m\u00e6lti: Segi\u00f0 engum fr\u00e1 s\u00fdninni, fyrr en Mannssonurinn er risinn upp fr\u00e1 dau\u00f0um.<a name=\"10\"><span class=\"versanumer\">10<\/span><\/a>L\u00e6risveinarnir spur\u00f0u hann: Hv\u00ed segja fr\u00e6\u00f0imennirnir, a\u00f0 El\u00eda eigi fyrst a\u00f0 koma?<a name=\"11\"><span class=\"versanumer\">11<\/span><\/a>Hann svara\u00f0i: V\u00edst kemur El\u00eda og f\u00e6rir allt \u00ed lag.<a name=\"12\"><span class=\"versanumer\">12<\/span><\/a>En \u00e9g segi y\u00f0ur: El\u00eda er \u00feegar kominn, og menn \u00feekktu hann ekki, heldur gj\u00f6r\u00f0u honum allt sem \u00feeir vildu. Eins mun og Mannssonurinn p\u00edslir \u00feola af hendi \u00feeirra.<a name=\"13\"><span class=\"versanumer\">13<\/span><\/a>\u00de\u00e1 skildu l\u00e6risveinarnir, a\u00f0 hann haf\u00f0i tala\u00f0 vi\u00f0 \u00fe\u00e1 um J\u00f3hannes sk\u00edrara.<a name=\"14\"><span class=\"versanumer\">14<\/span><\/a>\u00deegar \u00feeir komu til f\u00f3lksins, gekk til hans ma\u00f0ur, f\u00e9ll \u00e1 kn\u00e9 fyrir honum<a name=\"15\"><span class=\"versanumer\">15<\/span><\/a>og sag\u00f0i: Herra, miskunna \u00fe\u00fa syni m\u00ednum. Hann er tunglsj\u00fakur og illa haldinn. Oft fellur hann \u00e1 eld og oft \u00ed vatn.<a name=\"16\"><span class=\"versanumer\">16<\/span><\/a>\u00c9g f\u00f3r me\u00f0 hann til l\u00e6risveina \u00feinna, en \u00feeir g\u00e1tu ekki l\u00e6kna\u00f0 hann.<a name=\"17\"><span class=\"versanumer\">17<\/span><\/a>Jes\u00fas svara\u00f0i: \u00d3, \u00fe\u00fa vantr\u00faa og rangsn\u00fana kynsl\u00f3\u00f0, hversu lengi \u00e1 \u00e9g a\u00f0 vera hj\u00e1 y\u00f0ur? Hversu lengi \u00e1 \u00e9g a\u00f0 umbera y\u00f0ur? F\u00e6ri\u00f0 hann hinga\u00f0 til m\u00edn.<a name=\"18\"><span class=\"versanumer\">18<\/span><\/a>Og Jes\u00fas hasta\u00f0i \u00e1 hann og illi andinn f\u00f3r \u00far honum. Og sveinninn var\u00f0 heill fr\u00e1 \u00feeirri stundu.<a name=\"19\"><span class=\"versanumer\">19<\/span><\/a>\u00de\u00e1 komu l\u00e6risveinarnir til Jes\u00fa og spur\u00f0u hann einslega: Hvers vegna g\u00e1tum v\u00e9r ekki reki\u00f0 hann \u00fat?<a name=\"20\"><span class=\"versanumer\">20<\/span><\/a>Hann svara\u00f0i \u00feeim: Vegna \u00feess a\u00f0 y\u00f0ur skortir tr\u00fa. Sannlega segi \u00e9g y\u00f0ur: Ef \u00fe\u00e9r hafi\u00f0 tr\u00fa eins og mustar\u00f0skorn, geti\u00f0 \u00fe\u00e9r sagt vi\u00f0 fjall \u00feetta: Flyt \u00feig h\u00e9\u00f0an og \u00feanga\u00f0, og \u00fea\u00f0 mun flytja sig. Ekkert ver\u00f0ur y\u00f0ur um megn.<a name=\"21\"><span class=\"versanumer\">21<\/span><\/a>En \u00feetta kyn ver\u00f0ur eigi \u00fat reki\u00f0 nema me\u00f0 b\u00e6n og f\u00f6stu.<a name=\"22\"><span class=\"versanumer\">22<\/span><\/a>\u00deegar \u00feeir voru saman \u00ed Gal\u00edleu, sag\u00f0i Jes\u00fas vi\u00f0 \u00fe\u00e1: Mannssonurinn ver\u00f0ur framseldur \u00ed manna hendur,<a name=\"23\"><span class=\"versanumer\">23<\/span><\/a>og \u00feeir munu l\u00edfl\u00e1ta hann, en \u00e1 \u00feri\u00f0ja degi mun hann upp r\u00edsa. \u00deeir ur\u00f0u mj\u00f6g hryggir.<a name=\"24\"><span class=\"versanumer\">24<\/span><\/a>\u00de\u00e1 er \u00feeir komu til Kapernaum, gengu menn \u00feeir, sem heimta inn musterisgjaldi\u00f0, til P\u00e9turs og spur\u00f0u: Geldur meistari y\u00f0ar eigi musterisgjaldi\u00f0?<a name=\"25\"><span class=\"versanumer\">25<\/span><\/a>Hann kva\u00f0 svo vera. En er hann kom inn, t\u00f3k Jes\u00fas fyrr til m\u00e1ls og m\u00e6lti: Hva\u00f0 l\u00edst \u00fe\u00e9r, S\u00edmon? Af hverjum heimta konungar jar\u00f0arinnar toll e\u00f0a skatt? Af b\u00f6rnum s\u00ednum e\u00f0a vandalausum?<a name=\"26\"><span class=\"versanumer\">26<\/span><\/a>Af vandalausum, sag\u00f0i P\u00e9tur. Jes\u00fas m\u00e6lti: \u00de\u00e1 eru b\u00f6rnin frj\u00e1ls.<a name=\"27\"><span class=\"versanumer\">27<\/span><\/a>En til \u00feess v\u00e9r hneykslum \u00fe\u00e1 ekki, skaltu fara ni\u00f0ur a\u00f0 vatni og renna \u00f6ngli, taktu s\u00ed\u00f0an fyrsta fiskinn, sem \u00fe\u00fa dregur, opna munn hans og muntu finna pening. Tak hann og grei\u00f0 \u00feeim fyrir mig og \u00feig.<\/p>\n<div class=\"footnote1981\"><b>17.1-13<\/b> Hlst. Mrk 9.2-13; L\u00fak 9.28-36<br \/>\n<b>17.1<\/b> P\u00e9tur, Jakob og J\u00f3hannes Matt 26.37 og hlst.; Mrk 5.37; 13.3; L\u00fak 5.10; 8.51; J\u00f3h 21.2; sbr Post 1.13 \u2013 fjall Matt 4.8; 28.16; sbr Jes 2.2-3; 11.9; Dan 9.16<br \/>\n<b>17.2<\/b> Ummynda\u00f0ist 2P\u00e9t 1.16-18 \u2013 \u00e1sj\u00f3na sem s\u00f3l Matt 28.3; Opb 1.14<br \/>\n<b>17.3<\/b> El\u00eda 2Kon 2.11; Matt 11.14+ &#8211; M\u00f3se 5M\u00f3s 18.15,18; 34.5-7<br \/>\n<b>17.4<\/b> Tjaldb\u00fa\u00f0ir 5M\u00f3s 16.13<br \/>\n<b>17.5<\/b> Sk\u00fd 2M\u00f3s 19.16; 24.15-16; 40.34-35; 1Kon 8.10-12; 2Makk 2.7-8; Post 1.9 \u2013 minn elska\u00f0i sonur Matt 3.17+ &#8211; hl\u00fd\u00f0i\u00f0 \u00e1 hann 5M\u00f3s 18.15; Post 3.22<br \/>\n<b>17.9<\/b> Halda leyndu Matt 8.4+<br \/>\n<b>17.10<\/b> El\u00eda Mal 4.5; sbr Matt 11.14+<br \/>\n<b>17.12<\/b> J\u00f3hannes og El\u00eda Matt 3.4; 11.14; 16.14; Mrk 6.14; 8.28; L\u00fak 1.17; 9.7,19; J\u00f3h 1.26 \u2013 Mannssonurinn Matt 8.20+ &#8211; sagt fyrir um \u00fej\u00e1ningar Matt 16.21+<br \/>\n<b>17.14-23<\/b> Hlst Mrk 9.14-32; L\u00fak 9.37-45<br \/>\n<b>17.17<\/b> Vantr\u00faa kynsl\u00f3\u00f0 Matt 12.39-45+<br \/>\n<b>17.18<\/b> Heill fr\u00e1 \u00feeirri stundu Matt 8.13; 9.22; 15.28; J\u00f3h 4.52-53<br \/>\n<b>17.20<\/b> Mustar\u00f0skorn Matt 13.31; L\u00fak 17.6 \u2013 tr\u00fa, sem flytur fj\u00f6ll Matt 21.21 og hlst.; 1Kor 13.2; sbr Jes 40.4; L\u00fak 17.6<br \/>\n<b>17.21<\/b> Fasta Matt 6.16<br \/>\n<b>17.22-23<\/b> Sagt fyrir um \u00fej\u00e1ningar Matt 16.21+<br \/>\n<b>17.24<\/b> Musterisgjaldi\u00f0 2M\u00f3s 30.13; 38.26<br \/>\n<b>17.27<\/b> Tilefni hneykslunar Matt 5.29+<\/div>\n","protected":false},"excerpt":{"rendered":"<p>1Eftir sex daga tekur Jes\u00fas me\u00f0 s\u00e9r \u00fe\u00e1 P\u00e9tur, Jakob og J\u00f3hannes, br\u00f3\u00f0ur hans og fer me\u00f0 \u00fe\u00e1 upp \u00e1 h\u00e1tt fjall, a\u00f0 \u00feeir v\u00e6ru einir saman.2\u00dear ummynda\u00f0ist hann fyrir augum \u00feeirra, \u00e1sj\u00f3na hans skein sem s\u00f3l, og kl\u00e6\u00f0i hans ur\u00f0u bj\u00f6rt eins og lj\u00f3s.3Og M\u00f3se og El\u00eda birtust \u00feeim, og voru \u00feeir \u00e1 tali vi\u00f0 hann.4P\u00e9tur t\u00f3k til m\u00e1ls og sag\u00f0i vi\u00f0 Jes\u00fa: Herra, gott er, a\u00f0 v\u00e9r erum h\u00e9r. Ef \u00fe\u00fa vilt, skal \u00e9g gj\u00f6ra h\u00e9r \u00ferj\u00e1r tjaldb\u00fa\u00f0ir, \u00fe\u00e9r eina, M\u00f3se eina og El\u00eda eina.5Me\u00f0an hann var enn a\u00f0 tala, skygg\u00f0i yfir \u00fe\u00e1 bjart sk\u00fd, og r\u00f6dd \u00far <a href=\"https:\/\/biblian.is\/1981\/matteusargudspjall-17-kafli\/\"> [&#8230;]<\/a><\/p>\n","protected":false},"author":1,"featured_media":0,"parent":0,"menu_order":0,"comment_status":"open","ping_status":"open","template":"bibliukaflar.php","meta":{"footnotes":""},"class_list":["post-2293","page","type-page","status-publish","hentry"],"_links":{"self":[{"href":"https:\/\/biblian.is\/1981\/wp-json\/wp\/v2\/pages\/2293","targetHints":{"allow":["GET"]}}],"collection":[{"href":"https:\/\/biblian.is\/1981\/wp-json\/wp\/v2\/pages"}],"about":[{"href":"https:\/\/biblian.is\/1981\/wp-json\/wp\/v2\/types\/page"}],"author":[{"embeddable":true,"href":"https:\/\/biblian.is\/1981\/wp-json\/wp\/v2\/users\/1"}],"replies":[{"embeddable":true,"href":"https:\/\/biblian.is\/1981\/wp-json\/wp\/v2\/comments?post=2293"}],"version-history":[{"count":0,"href":"https:\/\/biblian.is\/1981\/wp-json\/wp\/v2\/pages\/2293\/revisions"}],"wp:attachment":[{"href":"https:\/\/biblian.is\/1981\/wp-json\/wp\/v2\/media?parent=2293"}],"curies":[{"name":"wp","href":"https:\/\/api.w.org\/{rel}","templated":true}]}}