{"id":2292,"date":"2017-11-18T20:21:11","date_gmt":"2017-11-18T20:21:11","guid":{"rendered":"http:\/\/biblian.is\/1981\/matteusargudspjall-16-kafli\/"},"modified":"2021-06-06T11:03:54","modified_gmt":"2021-06-06T11:03:54","slug":"matteusargudspjall-16-kafli","status":"publish","type":"page","link":"https:\/\/biblian.is\/1981\/matteusargudspjall-16-kafli\/","title":{"rendered":"Matteusargu\u00f0spjall 16. kafli"},"content":{"rendered":"<p><a name=\"1\"><span class=\"versanumer\">1<\/span><\/a>\u00de\u00e1 komu far\u00edsear og sadd\u00fakear, vildu freista hans og b\u00e1\u00f0u hann a\u00f0 s\u00fdna s\u00e9r t\u00e1kn af himni.<a name=\"2\"><span class=\"versanumer\">2<\/span><\/a>Hann svara\u00f0i \u00feeim: A\u00f0 kv\u00f6ldi segi\u00f0 \u00fe\u00e9r: \u00dea\u00f0 ver\u00f0ur g\u00f3\u00f0vi\u00f0ri, \u00fev\u00ed a\u00f0 ro\u00f0i er \u00e1 lofti.<a name=\"3\"><span class=\"versanumer\">3<\/span><\/a>Og a\u00f0 morgni: Illvi\u00f0ri \u00ed dag, himinninn er rau\u00f0ur og \u00feungb\u00fainn. \u00datlit loftsins kunni\u00f0 \u00fe\u00e9r a\u00f0 r\u00e1\u00f0a, en ekki t\u00e1kn t\u00edmanna.<a name=\"4\"><span class=\"versanumer\">4<\/span><\/a>Vond og \u00f3tr\u00fa kynsl\u00f3\u00f0 heimtar t\u00e1kn, en eigi ver\u00f0ur henni anna\u00f0 t\u00e1kn gefi\u00f0 en t\u00e1kn J\u00f3nasar. S\u00ed\u00f0an skildi hann vi\u00f0 \u00fe\u00e1 og f\u00f3r.<a name=\"5\"><span class=\"versanumer\">5<\/span><\/a>\u00deegar l\u00e6risveinarnir f\u00f3ru yfir um vatni\u00f0, h\u00f6f\u00f0u \u00feeir gleymt a\u00f0 taka me\u00f0 s\u00e9r brau\u00f0.<a name=\"6\"><span class=\"versanumer\">6<\/span><\/a>Jes\u00fas sag\u00f0i vi\u00f0 \u00fe\u00e1: G\u00e6ti\u00f0 y\u00f0ar, varist s\u00fardeig far\u00edsea og sadd\u00fakea.<a name=\"7\"><span class=\"versanumer\">7<\/span><\/a>En \u00feeir r\u00e6ddu s\u00edn \u00e1 milli, a\u00f0 \u00feeir hef\u00f0u ekki teki\u00f0 brau\u00f0.<a name=\"8\"><span class=\"versanumer\">8<\/span><\/a>Jes\u00fas var\u00f0 \u00feess v\u00eds og sag\u00f0i: Hva\u00f0 eru\u00f0 \u00fe\u00e9r a\u00f0 tala um \u00fea\u00f0, tr\u00falitlir menn, a\u00f0 \u00fe\u00e9r hafi\u00f0 ekki brau\u00f0?<a name=\"9\"><span class=\"versanumer\">9<\/span><\/a>Skynji\u00f0 \u00fe\u00e9r ekki enn? Minnist \u00fe\u00e9r ekki brau\u00f0anna fimm handa fimm \u00fe\u00fasundum og hve margar k\u00f6rfur \u00fe\u00e9r t\u00f3ku\u00f0 saman?<a name=\"10\"><span class=\"versanumer\">10<\/span><\/a>E\u00f0a brau\u00f0anna sj\u00f6 handa fj\u00f3rum \u00fe\u00fasundum og hve margar k\u00f6rfur \u00fe\u00e9r t\u00f3ku\u00f0 saman?<a name=\"11\"><span class=\"versanumer\">11<\/span><\/a>Hvernig m\u00e1 \u00fea\u00f0 vera, a\u00f0 \u00fe\u00e9r skynji\u00f0 ekki, a\u00f0 \u00e9g var ekki a\u00f0 tala um brau\u00f0 vi\u00f0 y\u00f0ur. Varist s\u00fardeig far\u00edsea og sadd\u00fakea.<a name=\"12\"><span class=\"versanumer\">12<\/span><\/a>\u00de\u00e1 skildu \u00feeir, a\u00f0 hann haf\u00f0i ekki tala\u00f0 um a\u00f0 varast s\u00fardeig \u00ed brau\u00f0i, heldur kenningu far\u00edsea og sadd\u00fakea.<a name=\"13\"><span class=\"versanumer\">13<\/span><\/a>\u00deegar Jes\u00fas kom \u00ed bygg\u00f0ir Sesareu Filipp\u00ed, spur\u00f0i hann l\u00e6risveina s\u00edna: Hvern segja menn Mannssoninn vera?<a name=\"14\"><span class=\"versanumer\">14<\/span><\/a>\u00deeir sv\u00f6ru\u00f0u: Sumir J\u00f3hannes sk\u00edrara, a\u00f0rir El\u00eda og enn a\u00f0rir Jerem\u00eda e\u00f0a einn af sp\u00e1m\u00f6nnunum.<a name=\"15\"><span class=\"versanumer\">15<\/span><\/a>Hann spyr: En \u00fe\u00e9r, hvern segi\u00f0 \u00fe\u00e9r mig vera?<a name=\"16\"><span class=\"versanumer\">16<\/span><\/a>S\u00edmon P\u00e9tur svarar: \u00de\u00fa ert Kristur, sonur hins lifanda Gu\u00f0s.<a name=\"17\"><span class=\"versanumer\">17<\/span><\/a>\u00de\u00e1 segir Jes\u00fas vi\u00f0 hann: S\u00e6ll ert \u00fe\u00fa, S\u00edmon J\u00f3nasson! Hold og bl\u00f3\u00f0 hefur ekki opinbera\u00f0 \u00fe\u00e9r \u00feetta, heldur fa\u00f0ir minn \u00e1 himnum.<a name=\"18\"><span class=\"versanumer\">18<\/span><\/a>Og \u00e9g segi \u00fe\u00e9r: \u00de\u00fa ert P\u00e9tur, kletturinn, og \u00e1 \u00feessum kletti mun \u00e9g byggja kirkju m\u00edna, og m\u00e1ttur heljar mun ekki \u00e1 henni sigrast.<a name=\"19\"><span class=\"versanumer\">19<\/span><\/a>\u00c9g mun f\u00e1 \u00fe\u00e9r lykla himnar\u00edkis, og hva\u00f0 sem \u00fe\u00fa bindur \u00e1 j\u00f6r\u00f0u, mun bundi\u00f0 \u00e1 himnum, og hva\u00f0 sem \u00fe\u00fa leysir \u00e1 j\u00f6r\u00f0u, mun leyst \u00e1 himnum.<a name=\"20\"><span class=\"versanumer\">20<\/span><\/a>\u00de\u00e1 lag\u00f0i hann r\u00edkt \u00e1 vi\u00f0 l\u00e6risveinana a\u00f0 segja engum, a\u00f0 hann v\u00e6ri Kristur.<a name=\"21\"><span class=\"versanumer\">21<\/span><\/a>Upp fr\u00e1 \u00feessu t\u00f3k Jes\u00fas a\u00f0 s\u00fdna l\u00e6risveinum s\u00ednum fram \u00e1, a\u00f0 hann \u00e6tti a\u00f0 fara til Jer\u00fasalem, l\u00ed\u00f0a \u00fear margt af hendi \u00f6ldunga, \u00e6\u00f0stu presta og fr\u00e6\u00f0imanna og ver\u00f0a l\u00edfl\u00e1tinn, en r\u00edsa upp \u00e1 \u00feri\u00f0ja degi.<a name=\"22\"><span class=\"versanumer\">22<\/span><\/a>En P\u00e9tur t\u00f3k hann \u00e1 einm\u00e6li og f\u00f3r a\u00f0 \u00e1telja hann: Gu\u00f0 n\u00e1\u00f0i \u00feig, herra, \u00feetta m\u00e1 aldrei fyrir \u00feig koma.<a name=\"23\"><span class=\"versanumer\">23<\/span><\/a>Jes\u00fas sneri s\u00e9r vi\u00f0 og m\u00e6lti til P\u00e9turs: V\u00edk fr\u00e1 m\u00e9r, Satan, \u00fe\u00fa ert m\u00e9r til \u00e1steytingar, \u00fe\u00fa hugsar ekki um \u00fea\u00f0, sem Gu\u00f0s er, heldur \u00fea\u00f0, sem manna er.<a name=\"24\"><span class=\"versanumer\">24<\/span><\/a>\u00de\u00e1 m\u00e6lti Jes\u00fas vi\u00f0 l\u00e6risveina s\u00edna: Hver sem vill fylgja m\u00e9r, afneiti sj\u00e1lfum s\u00e9r, taki kross sinn og fylgi m\u00e9r.<a name=\"25\"><span class=\"versanumer\">25<\/span><\/a>\u00dev\u00ed a\u00f0 hver sem vill bjarga l\u00edfi s\u00ednu, mun t\u00fdna \u00fev\u00ed, og hver sem t\u00fdnir l\u00edfi s\u00ednu m\u00edn vegna, mun finna \u00fea\u00f0.<a name=\"26\"><span class=\"versanumer\">26<\/span><\/a>Hva\u00f0 sto\u00f0ar \u00fea\u00f0 manninn a\u00f0 eignast allan heiminn og fyrirgj\u00f6ra s\u00e1lu sinni? E\u00f0a hva\u00f0 g\u00e6ti ma\u00f0ur l\u00e1ti\u00f0 til endurgjalds fyrir s\u00e1lu s\u00edna?<a name=\"27\"><span class=\"versanumer\">27<\/span><\/a>Mannssonurinn mun koma \u00ed d\u00fdr\u00f0 f\u00f6\u00f0ur s\u00edns me\u00f0 englum s\u00ednum, og \u00fe\u00e1 mun hann gjalda s\u00e9rhverjum eftir breytni hans.<a name=\"28\"><span class=\"versanumer\">28<\/span><\/a>Sannlega segi \u00e9g y\u00f0ur: Nokkrir \u00feeirra, sem h\u00e9r standa, munu eigi dau\u00f0a b\u00ed\u00f0a, fyrr en \u00feeir sj\u00e1 Mannssoninn koma \u00ed r\u00edki s\u00ednu.<\/p>\n<div class=\"footnote1981\"><b>16.1-4<\/b> Hlst. Mrk 8.11-13; L\u00fak 12.54-56<br \/>\n<b>16.1<\/b> Jes\u00fa freista\u00f0 Matt 19.3; 22.15,35 \u2013 t\u00e1kn Matt 12.38+<br \/>\n<b>16.4<\/b> T\u00e1kn J\u00f3nasar Matt 12.39; L\u00fak 11.29<br \/>\n<b>16.5-12<\/b> Hlst. Mrk 8.14-21<br \/>\n<b>16.6<\/b> S\u00fardeig Matt 13.33; 1Kor 5.6-8; Gal 5.9<br \/>\n<b>16.9<\/b> Brau\u00f0in fimm Matt 14.13-21 og hlst.; J\u00f3h 6.1-13<br \/>\n<b>16.10<\/b> Brau\u00f0in sj\u00f6 Matt 15.32-38; Mrk 8.1-9<br \/>\n<b>16.13-20<\/b> Hlst. Mrk 8.27-30; L\u00fak 9.18-21<br \/>\n<b>16.13<\/b> Mannssonurinn Matt 8.20+<br \/>\n<b>16.14<\/b> J\u00f3hannes sk\u00edrari Matt 3.1+ ; Mrk 6.14-15; L\u00fak 9.7-8 \u2013 El\u00eda Matt 11.14+ &#8211; sp\u00e1ma\u00f0ur Matt 21.11,46; Mrk 6.15; L\u00fak 7.16,39; 24.19; J\u00f3h 4.19; 9.17; sbr Matt 13.57; J\u00f3h 7.52<br \/>\n<b>16.16<\/b> Sonur Gu\u00f0s Matt 14.33+<br \/>\n<b>16.17<\/b> S\u00e6ll Matt 5.3+ &#8211; enginn ma\u00f0ur 1Kor 15.50; Gal 1.16<br \/>\n<b>16.18<\/b> P\u00e9tur Matt 4.18+ &#8211; bygging Ef 2.20<br \/>\n<b>16.19<\/b> Binda, leysa Matt 18.18; J\u00f3h 20.23<br \/>\n<b>16.20<\/b> Halda leyndu Matt 8.4+<br \/>\n<b>16.21-28<\/b> Hlst. Mrk 8.31-9.1; L\u00fak 9.22-27<br \/>\n<b>16.21<\/b> Jes\u00fas Kristur Matt 1.1,18; J\u00f3h 17.3 \u2013 \u00fej\u00e1ningar Mannssonarins Matt 17.22-23; 20.17-19 og hlst.; sbr 17.12 \u2013 \u00e1 \u00feri\u00f0ja degi 1Kor 15.4; sbr Matt 27.63; Mrk 8.31<br \/>\n<b>16.23<\/b> V\u00edk fr\u00e1 m\u00e9r Mrk 4.10 \u2013 breg\u00f0a f\u00e6ti Matt 5.29+<br \/>\n<b>16.24<\/b> A\u00f0 fylgja Jes\u00fa Matt 4.19+<br \/>\n<b>16.25<\/b> Bjarga l\u00edfi s\u00ednu Matt 10.39; L\u00fak 17.33; J\u00f3h 12.25<br \/>\n<b>16.26<\/b> Eignast allan heiminn Matt 4.8-9<br \/>\n<b>16.27<\/b> Mannssonurinn Matt 8.20+ &#8211; koma Mannssonarins Matt 10.23+ &#8211; eftir breytni Slm 62.13; R\u00f3m 2.6; 2T\u00edm 4.14; sbr Matt 6.4,6,18; Opb 22.12<br \/>\n<b>16.28<\/b> Mannssonurinn \u00ed r\u00edki s\u00ednu Matt 10.23<\/div>\n","protected":false},"excerpt":{"rendered":"<p>1\u00de\u00e1 komu far\u00edsear og sadd\u00fakear, vildu freista hans og b\u00e1\u00f0u hann a\u00f0 s\u00fdna s\u00e9r t\u00e1kn af himni.2Hann svara\u00f0i \u00feeim: A\u00f0 kv\u00f6ldi segi\u00f0 \u00fe\u00e9r: \u00dea\u00f0 ver\u00f0ur g\u00f3\u00f0vi\u00f0ri, \u00fev\u00ed a\u00f0 ro\u00f0i er \u00e1 lofti.3Og a\u00f0 morgni: Illvi\u00f0ri \u00ed dag, himinninn er rau\u00f0ur og \u00feungb\u00fainn. \u00datlit loftsins kunni\u00f0 \u00fe\u00e9r a\u00f0 r\u00e1\u00f0a, en ekki t\u00e1kn t\u00edmanna.4Vond og \u00f3tr\u00fa kynsl\u00f3\u00f0 heimtar t\u00e1kn, en eigi ver\u00f0ur henni anna\u00f0 t\u00e1kn gefi\u00f0 en t\u00e1kn J\u00f3nasar. S\u00ed\u00f0an skildi hann vi\u00f0 \u00fe\u00e1 og f\u00f3r.5\u00deegar l\u00e6risveinarnir f\u00f3ru yfir um vatni\u00f0, h\u00f6f\u00f0u \u00feeir gleymt a\u00f0 taka me\u00f0 s\u00e9r brau\u00f0.6Jes\u00fas sag\u00f0i vi\u00f0 \u00fe\u00e1: G\u00e6ti\u00f0 y\u00f0ar, varist s\u00fardeig far\u00edsea og sadd\u00fakea.7En \u00feeir r\u00e6ddu s\u00edn <a href=\"https:\/\/biblian.is\/1981\/matteusargudspjall-16-kafli\/\"> [&#8230;]<\/a><\/p>\n","protected":false},"author":1,"featured_media":0,"parent":0,"menu_order":0,"comment_status":"open","ping_status":"open","template":"bibliukaflar.php","meta":{"footnotes":""},"class_list":["post-2292","page","type-page","status-publish","hentry"],"_links":{"self":[{"href":"https:\/\/biblian.is\/1981\/wp-json\/wp\/v2\/pages\/2292","targetHints":{"allow":["GET"]}}],"collection":[{"href":"https:\/\/biblian.is\/1981\/wp-json\/wp\/v2\/pages"}],"about":[{"href":"https:\/\/biblian.is\/1981\/wp-json\/wp\/v2\/types\/page"}],"author":[{"embeddable":true,"href":"https:\/\/biblian.is\/1981\/wp-json\/wp\/v2\/users\/1"}],"replies":[{"embeddable":true,"href":"https:\/\/biblian.is\/1981\/wp-json\/wp\/v2\/comments?post=2292"}],"version-history":[{"count":0,"href":"https:\/\/biblian.is\/1981\/wp-json\/wp\/v2\/pages\/2292\/revisions"}],"wp:attachment":[{"href":"https:\/\/biblian.is\/1981\/wp-json\/wp\/v2\/media?parent=2292"}],"curies":[{"name":"wp","href":"https:\/\/api.w.org\/{rel}","templated":true}]}}