{"id":2291,"date":"2017-11-18T20:21:11","date_gmt":"2017-11-18T20:21:11","guid":{"rendered":"http:\/\/biblian.is\/1981\/matteusargudspjall-15-kafli\/"},"modified":"2021-06-06T11:03:54","modified_gmt":"2021-06-06T11:03:54","slug":"matteusargudspjall-15-kafli","status":"publish","type":"page","link":"https:\/\/biblian.is\/1981\/matteusargudspjall-15-kafli\/","title":{"rendered":"Matteusargu\u00f0spjall 15. kafli"},"content":{"rendered":"<p><a name=\"1\"><span class=\"versanumer\">1<\/span><\/a>N\u00fa komu til Jes\u00fa far\u00edsear og fr\u00e6\u00f0imenn fr\u00e1 Jer\u00fasalem og s\u00f6g\u00f0u:<a name=\"2\"><span class=\"versanumer\">2<\/span><\/a>Hvers vegna brj\u00f3ta l\u00e6risveinar \u00fe\u00ednir erfikenning forfe\u00f0ranna? \u00deeir taka ekki handlaugar, \u00e1\u00f0ur en \u00feeir neyta matar.<a name=\"3\"><span class=\"versanumer\">3<\/span><\/a>Hann svara\u00f0i \u00feeim: Hvers vegna brj\u00f3ti\u00f0 \u00fe\u00e9r sj\u00e1lfir bo\u00f0or\u00f0 Gu\u00f0s sakir erfikenningar y\u00f0ar?<a name=\"4\"><span class=\"versanumer\">4<\/span><\/a>Gu\u00f0 hefur sagt: Hei\u00f0ra f\u00f6\u00f0ur \u00feinn og m\u00f3\u00f0ur, og: Hver sem form\u00e6lir f\u00f6\u00f0ur e\u00f0a m\u00f3\u00f0ur, skal dau\u00f0a deyja.<a name=\"5\"><span class=\"versanumer\">5<\/span><\/a>En \u00fe\u00e9r segi\u00f0: Hver sem segir vi\u00f0 f\u00f6\u00f0ur sinn e\u00f0a m\u00f3\u00f0ur: \u00dea\u00f0 sem \u00fe\u00e9r hef\u00f0i geta\u00f0 or\u00f0i\u00f0 til styrktar fr\u00e1 m\u00e9r, er musterisf\u00e9,<a name=\"6\"><span class=\"versanumer\">6<\/span><\/a>hann \u00e1 ekki a\u00f0 hei\u00f0ra f\u00f6\u00f0ur sinn  e\u00f0a m\u00f3\u00f0ur . \u00de\u00e9r \u00f3gildi\u00f0 or\u00f0 Gu\u00f0s me\u00f0 erfikenning y\u00f0ar.<a name=\"7\"><span class=\"versanumer\">7<\/span><\/a>Hr\u00e6snarar, sannsp\u00e1r var Jesaja um y\u00f0ur, er hann segir:<a name=\"8\"><span class=\"versanumer\">8<\/span><\/a>L\u00fd\u00f0ur \u00feessi hei\u00f0rar mig me\u00f0 v\u00f6runum, en hjarta \u00feeirra er langt fr\u00e1 m\u00e9r.<a name=\"9\"><span class=\"versanumer\">9<\/span><\/a>Til einskis d\u00fdrka \u00feeir mig, er \u00feeir kenna \u00fe\u00e1 l\u00e6rd\u00f3ma, sem eru mannasetningar einar.<a name=\"10\"><span class=\"versanumer\">10<\/span><\/a>Og hann kalla\u00f0i til s\u00edn mannfj\u00f6ldann og sag\u00f0i: Heyri\u00f0 og skilji\u00f0.<a name=\"11\"><span class=\"versanumer\">11<\/span><\/a>Ekki saurgar \u00fea\u00f0 manninn, sem inn fer \u00ed munninn, hitt saurgar manninn, sem \u00fat fer af munni.<a name=\"12\"><span class=\"versanumer\">12<\/span><\/a>\u00de\u00e1 komu l\u00e6risveinar hans og s\u00f6g\u00f0u vi\u00f0 hann: Veistu, a\u00f0 far\u00edsearnir hneykslu\u00f0ust, \u00feegar \u00feeir heyr\u00f0u or\u00f0 \u00fe\u00edn?<a name=\"13\"><span class=\"versanumer\">13<\/span><\/a>Hann svara\u00f0i: S\u00e9rhver jurt, sem fa\u00f0ir minn himneskur hefur eigi gr\u00f3\u00f0ursett, mun uppr\u00e6tt ver\u00f0a.<a name=\"14\"><span class=\"versanumer\">14<\/span><\/a>L\u00e1ti\u00f0 \u00fe\u00e1 eiga sig! \u00deeir eru blindir, lei\u00f0togar blindra. Ef blindur lei\u00f0ir blindan, falla b\u00e1\u00f0ir \u00ed gryfju.<a name=\"15\"><span class=\"versanumer\">15<\/span><\/a>\u00de\u00e1 sag\u00f0i P\u00e9tur vi\u00f0 hann: Sk\u00fdr\u00f0u fyrir oss l\u00edkinguna.<a name=\"16\"><span class=\"versanumer\">16<\/span><\/a>Hann svara\u00f0i: Eru\u00f0 \u00fe\u00e9r l\u00edka skilningslausir enn\u00fe\u00e1?<a name=\"17\"><span class=\"versanumer\">17<\/span><\/a>Skilji\u00f0 \u00fe\u00e9r ekki, a\u00f0 allt sem inn kemur \u00ed munninn, fer \u00ed magann og lendir s\u00ed\u00f0an \u00ed safn\u00fer\u00f3nni?<a name=\"18\"><span class=\"versanumer\">18<\/span><\/a>En \u00fea\u00f0 sem \u00fat fer af munni, kemur fr\u00e1 hjartanu. Og sl\u00edkt saurgar manninn.<a name=\"19\"><span class=\"versanumer\">19<\/span><\/a>\u00dev\u00ed a\u00f0 fr\u00e1 hjartanu koma illar hugsanir, manndr\u00e1p, h\u00f3rd\u00f3mur, saurlifna\u00f0ur, \u00fej\u00f3fna\u00f0ur, lj\u00fagvitni, lastm\u00e6lgi.<a name=\"20\"><span class=\"versanumer\">20<\/span><\/a>\u00deetta er \u00fea\u00f0, sem saurgar manninn. En a\u00f0 eta me\u00f0 \u00f3\u00fevegnum h\u00f6ndum saurgar engan mann.<a name=\"21\"><span class=\"versanumer\">21<\/span><\/a>\u00dea\u00f0an h\u00e9lt Jes\u00fas til bygg\u00f0a T\u00fdrusar og S\u00eddonar.<a name=\"22\"><span class=\"versanumer\">22<\/span><\/a>\u00de\u00e1 kom kona nokkur kanversk \u00far \u00feeim h\u00e9ru\u00f0um og kalla\u00f0i: Miskunna \u00fe\u00fa m\u00e9r, herra, sonur Dav\u00ed\u00f0s! D\u00f3ttir m\u00edn er mj\u00f6g kvalin af illum anda.<a name=\"23\"><span class=\"versanumer\">23<\/span><\/a>En hann svara\u00f0i henni engu or\u00f0i. L\u00e6risveinar hans komu \u00fe\u00e1 og b\u00e1\u00f0u hann: L\u00e1ttu hana fara, h\u00fan eltir oss me\u00f0 hr\u00f3pum.<a name=\"24\"><span class=\"versanumer\">24<\/span><\/a>Hann m\u00e6lti: \u00c9g er ekki sendur nema til t\u00fdndra sau\u00f0a af \u00cdsraels\u00e6tt.<a name=\"25\"><span class=\"versanumer\">25<\/span><\/a>Konan kom, laut honum og sag\u00f0i: Herra, hj\u00e1lpa \u00fe\u00fa m\u00e9r!<a name=\"26\"><span class=\"versanumer\">26<\/span><\/a>Hann svara\u00f0i: Ekki s\u00e6mir a\u00f0 taka brau\u00f0 barnanna og kasta \u00fev\u00ed fyrir hundana.<a name=\"27\"><span class=\"versanumer\">27<\/span><\/a>H\u00fan sag\u00f0i: Satt er \u00fea\u00f0, herra, \u00fe\u00f3 eta hundarnir mola \u00fe\u00e1, sem falla af bor\u00f0um h\u00fasb\u00e6nda \u00feeirra.<a name=\"28\"><span class=\"versanumer\">28<\/span><\/a>\u00de\u00e1 m\u00e6lti Jes\u00fas vi\u00f0 hana: Kona, mikil er tr\u00fa \u00fe\u00edn. Ver\u00f0i \u00fe\u00e9r sem \u00fe\u00fa vilt. Og d\u00f3ttir hennar var\u00f0 heil fr\u00e1 \u00feeirri stundu.<a name=\"29\"><span class=\"versanumer\">29<\/span><\/a>\u00dea\u00f0an f\u00f3r Jes\u00fas og kom a\u00f0 Gal\u00edleuvatni. Og hann gekk upp \u00e1 fjall og settist \u00fear.<a name=\"30\"><span class=\"versanumer\">30<\/span><\/a>Menn komu til hans h\u00f3pum saman og h\u00f6f\u00f0u me\u00f0 s\u00e9r halta menn og blinda, fatla\u00f0a, m\u00e1llausa og marga a\u00f0ra og l\u00f6g\u00f0u \u00fe\u00e1 fyrir f\u00e6tur hans, og hann l\u00e6kna\u00f0i \u00fe\u00e1.<a name=\"31\"><span class=\"versanumer\">31<\/span><\/a>F\u00f3lki\u00f0 undra\u00f0ist, \u00feegar \u00fea\u00f0 s\u00e1 m\u00e1llausa m\u00e6la, fatla\u00f0a heila, halta ganga og blinda sj\u00e1. Og \u00feeir lofu\u00f0u Gu\u00f0 \u00cdsraels.<a name=\"32\"><span class=\"versanumer\">32<\/span><\/a>Jes\u00fas kalla\u00f0i til s\u00edn l\u00e6risveina s\u00edna og sag\u00f0i: \u00c9g kenni \u00ed brj\u00f3sti um mannfj\u00f6ldann. \u00deeir hafa n\u00fa hj\u00e1 m\u00e9r veri\u00f0 \u00ferj\u00e1 daga og hafa ekkert til matar. \u00c9g vil ekki l\u00e1ta \u00fe\u00e1 fara fastandi fr\u00e1 m\u00e9r, \u00feeir g\u00e6tu \u00f6rmagnast \u00e1 lei\u00f0inni.<a name=\"33\"><span class=\"versanumer\">33<\/span><\/a>L\u00e6risveinarnir s\u00f6g\u00f0u: Hvar f\u00e1um v\u00e9r n\u00f3g brau\u00f0 til a\u00f0 metta allt \u00feetta f\u00f3lk h\u00e9r \u00ed \u00f3bygg\u00f0um?<a name=\"34\"><span class=\"versanumer\">34<\/span><\/a>Jes\u00fas spyr: Hve m\u00f6rg brau\u00f0 hafi\u00f0 \u00fe\u00e9r? \u00deeir svara: Sj\u00f6, og f\u00e1eina sm\u00e1fiska.<a name=\"35\"><span class=\"versanumer\">35<\/span><\/a>\u00de\u00e1 bau\u00f0 hann f\u00f3lkinu a\u00f0 setjast \u00e1 j\u00f6r\u00f0ina,<a name=\"36\"><span class=\"versanumer\">36<\/span><\/a>t\u00f3k brau\u00f0in sj\u00f6 og fiskana, gj\u00f6r\u00f0i \u00feakkir og braut \u00feau og gaf l\u00e6risveinunum, en l\u00e6risveinarnir f\u00f3lkinu.<a name=\"37\"><span class=\"versanumer\">37<\/span><\/a>Allir neyttu og ur\u00f0u mettir. S\u00ed\u00f0an t\u00f3ku \u00feeir saman leifarnar, sj\u00f6 k\u00f6rfur fullar.<a name=\"38\"><span class=\"versanumer\">38<\/span><\/a>En \u00feeir, sem neytt h\u00f6f\u00f0u, voru fj\u00f3rar \u00fe\u00fasundir karlmanna auk kvenna og barna.<a name=\"39\"><span class=\"versanumer\">39<\/span><\/a>S\u00ed\u00f0an l\u00e9t hann f\u00f3lki\u00f0 fara, st\u00e9 \u00ed b\u00e1tinn og kom \u00ed Magadanbygg\u00f0ir.<\/p>\n<div class=\"footnote1981\"><b>15.1-20<\/b> Hlst. Mrk 7.1-23<br \/>\n<b>15.2<\/b> \u00devo hendur L\u00fak 11.38; sbr 2M\u00f3s 30.18-21; 5M\u00f3s 21.6<br \/>\n<b>15.4<\/b> Sbr 2M\u00f3s 20.12; 5M\u00f3s 5.16; Matt 19.19; Mrk 10.19; L\u00fak 18.20; Ef 6.2; 2M\u00f3s 21.17; sbr 3M\u00f3s 20.9<br \/>\n<b>15.7<\/b> Hr\u00e6snarar Matt 6.2+<br \/>\n<b>15.8-9<\/b> Sbr Jes 29.13; Slm 78.36-37<br \/>\n<b>15.10<\/b> Skilji\u00f0 Matt 13.13,14,51; 16.12<br \/>\n<b>15.11<\/b> Sem \u00fat fer af munni Matt 12.34<br \/>\n<b>15.12<\/b> Fyrtust Matt 5.29+<br \/>\n<b>15.13<\/b> Gu\u00f0 gr\u00f3\u00f0ursetur Jes 5.1-7 \u2013 gr\u00f3\u00f0ursetja, uppr\u00e6ta sbr L\u00fak 13.6-9; J\u00f3h 15.2<br \/>\n<b>15.14<\/b> Blindir, lei\u00f0togar blindra Matt 23.16,24; L\u00fak 6.39; R\u00f3m 2.19<br \/>\n<b>15.15<\/b> Be\u00f0i\u00f0 um \u00fatsk\u00fdringu Matt 13.36; Mrk 4.10; 7.17; L\u00fak 8.9<br \/>\n<b>15.19<\/b> Lestir R\u00f3m 1.29-30; 1Kor 5.10-11; 6.9-10; Gal 5.19-21; Ef 5.2-5; K\u00f3l 3.5-8; 1T\u00edm 1.9-10; 1P\u00e9t 4.3; Opb 21.8; 22.15<br \/>\n<b>15.21-28<\/b> Hlst. Mrk 7.24-30<br \/>\n<b>15.22<\/b> Miskunna \u00fe\u00fa Matt 9.27; 20.30-31; Mrk 10.47-48; L\u00fak 18.38-39<br \/>\n<b>15.24<\/b> T\u00fdndir sau\u00f0ir af \u00cdsraels\u00e6tt Matt 10.5-6; 18.12-14<br \/>\n<b>15.28<\/b> Mikil er tr\u00fa \u00fe\u00edn Matt 8.10 \u2013 sem \u00fe\u00fa vilt Matt 8.13; 9.29<br \/>\n<b>15.30<\/b> Haltir, blindir Matt 11.5; 21.14<br \/>\n<b>15.31<\/b> F\u00f3lki\u00f0 undrast Mrk 7.37 \u2013 lofa Gu\u00f0 Matt 9.8+<br \/>\n<b>15.32-38<\/b> Hlst. Mrk 8.1-10<br \/>\n<b>15.32<\/b> Kenndi \u00ed brj\u00f3sti um \u00fe\u00e1 Matt 9.36+ &#8211; senda f\u00f3lki\u00f0 burt Matt 14.15+<br \/>\n<b>15.33<\/b> L\u00e6risveinar \u00farr\u00e6\u00f0alausir Mrk 6.37; J\u00f3h 6.5<br \/>\n<b>15.36<\/b> Ger\u00f0i \u00feakkir 1Kor 11.24<\/div>\n","protected":false},"excerpt":{"rendered":"<p>1N\u00fa komu til Jes\u00fa far\u00edsear og fr\u00e6\u00f0imenn fr\u00e1 Jer\u00fasalem og s\u00f6g\u00f0u:2Hvers vegna brj\u00f3ta l\u00e6risveinar \u00fe\u00ednir erfikenning forfe\u00f0ranna? \u00deeir taka ekki handlaugar, \u00e1\u00f0ur en \u00feeir neyta matar.3Hann svara\u00f0i \u00feeim: Hvers vegna brj\u00f3ti\u00f0 \u00fe\u00e9r sj\u00e1lfir bo\u00f0or\u00f0 Gu\u00f0s sakir erfikenningar y\u00f0ar?4Gu\u00f0 hefur sagt: Hei\u00f0ra f\u00f6\u00f0ur \u00feinn og m\u00f3\u00f0ur, og: Hver sem form\u00e6lir f\u00f6\u00f0ur e\u00f0a m\u00f3\u00f0ur, skal dau\u00f0a deyja.5En \u00fe\u00e9r segi\u00f0: Hver sem segir vi\u00f0 f\u00f6\u00f0ur sinn e\u00f0a m\u00f3\u00f0ur: \u00dea\u00f0 sem \u00fe\u00e9r hef\u00f0i geta\u00f0 or\u00f0i\u00f0 til styrktar fr\u00e1 m\u00e9r, er musterisf\u00e9,6hann \u00e1 ekki a\u00f0 hei\u00f0ra f\u00f6\u00f0ur sinn e\u00f0a m\u00f3\u00f0ur . \u00de\u00e9r \u00f3gildi\u00f0 or\u00f0 Gu\u00f0s me\u00f0 erfikenning y\u00f0ar.7Hr\u00e6snarar, sannsp\u00e1r var Jesaja um y\u00f0ur, er hann <a href=\"https:\/\/biblian.is\/1981\/matteusargudspjall-15-kafli\/\"> [&#8230;]<\/a><\/p>\n","protected":false},"author":1,"featured_media":0,"parent":0,"menu_order":0,"comment_status":"open","ping_status":"open","template":"bibliukaflar.php","meta":{"footnotes":""},"class_list":["post-2291","page","type-page","status-publish","hentry"],"_links":{"self":[{"href":"https:\/\/biblian.is\/1981\/wp-json\/wp\/v2\/pages\/2291","targetHints":{"allow":["GET"]}}],"collection":[{"href":"https:\/\/biblian.is\/1981\/wp-json\/wp\/v2\/pages"}],"about":[{"href":"https:\/\/biblian.is\/1981\/wp-json\/wp\/v2\/types\/page"}],"author":[{"embeddable":true,"href":"https:\/\/biblian.is\/1981\/wp-json\/wp\/v2\/users\/1"}],"replies":[{"embeddable":true,"href":"https:\/\/biblian.is\/1981\/wp-json\/wp\/v2\/comments?post=2291"}],"version-history":[{"count":0,"href":"https:\/\/biblian.is\/1981\/wp-json\/wp\/v2\/pages\/2291\/revisions"}],"wp:attachment":[{"href":"https:\/\/biblian.is\/1981\/wp-json\/wp\/v2\/media?parent=2291"}],"curies":[{"name":"wp","href":"https:\/\/api.w.org\/{rel}","templated":true}]}}