{"id":2289,"date":"2017-11-18T20:21:11","date_gmt":"2017-11-18T20:21:11","guid":{"rendered":"http:\/\/biblian.is\/1981\/matteusargudspjall-13-kafli\/"},"modified":"2021-06-06T11:03:53","modified_gmt":"2021-06-06T11:03:53","slug":"matteusargudspjall-13-kafli","status":"publish","type":"page","link":"https:\/\/biblian.is\/1981\/matteusargudspjall-13-kafli\/","title":{"rendered":"Matteusargu\u00f0spjall 13. kafli"},"content":{"rendered":"<p><a name=\"1\"><span class=\"versanumer\">1<\/span><\/a>Sama dag gekk Jes\u00fas a\u00f0 heiman og settist vi\u00f0 vatni\u00f0.<a name=\"2\"><span class=\"versanumer\">2<\/span><\/a>Svo mikill mannfj\u00f6ldi safna\u00f0ist a\u00f0 honum, a\u00f0 hann var\u00f0 a\u00f0 st\u00edga \u00ed b\u00e1t og sitja \u00fear. En allt f\u00f3lki\u00f0 st\u00f3\u00f0 \u00e1 str\u00f6ndinni.<a name=\"3\"><span class=\"versanumer\">3<\/span><\/a>Hann tala\u00f0i margt til \u00feeirra \u00ed d\u00e6mis\u00f6gum. Hann sag\u00f0i: S\u00e1\u00f0ma\u00f0ur gekk \u00fat a\u00f0 s\u00e1,<a name=\"4\"><span class=\"versanumer\">4<\/span><\/a>og \u00fe\u00e1 er hann s\u00e1\u00f0i, f\u00e9ll sumt hj\u00e1 g\u00f6tunni, og fuglar komu og \u00e1tu \u00fea\u00f0 upp.<a name=\"5\"><span class=\"versanumer\">5<\/span><\/a>Sumt f\u00e9ll \u00ed gr\u00fdtta j\u00f6r\u00f0, \u00fear sem var l\u00edtill jar\u00f0vegur, og \u00fea\u00f0 rann skj\u00f3tt upp, \u00fev\u00ed \u00fea\u00f0 haf\u00f0i ekki dj\u00fapa j\u00f6r\u00f0.<a name=\"6\"><span class=\"versanumer\">6<\/span><\/a>\u00deegar s\u00f3l h\u00e6kka\u00f0i, visna\u00f0i \u00fea\u00f0, og s\u00f6kum \u00feess a\u00f0 \u00fea\u00f0 haf\u00f0i ekki r\u00e6tur, skr\u00e6lna\u00f0i \u00fea\u00f0.<a name=\"7\"><span class=\"versanumer\">7<\/span><\/a>Sumt f\u00e9ll me\u00f0al \u00feyrna, og \u00feyrnarnir uxu og k\u00e6f\u00f0u \u00fea\u00f0.<a name=\"8\"><span class=\"versanumer\">8<\/span><\/a>En sumt f\u00e9ll \u00ed g\u00f3\u00f0a j\u00f6r\u00f0 og bar \u00e1v\u00f6xt, sumt hundra\u00f0faldan, sumt sextugfaldan og sumt \u00fer\u00edtugfaldan.<a name=\"9\"><span class=\"versanumer\">9<\/span><\/a>Hver sem eyru hefur, hann heyri.<a name=\"10\"><span class=\"versanumer\">10<\/span><\/a>\u00de\u00e1 komu l\u00e6risveinarnir til hans og spur\u00f0u: Hvers vegna talar \u00fe\u00fa til \u00feeirra \u00ed d\u00e6mis\u00f6gum?<a name=\"11\"><span class=\"versanumer\">11<\/span><\/a>Hann svara\u00f0i: Y\u00f0ur er gefi\u00f0 a\u00f0 \u00feekkja leynda d\u00f3ma himnar\u00edkis, hinum er \u00fea\u00f0 ekki gefi\u00f0.<a name=\"12\"><span class=\"versanumer\">12<\/span><\/a>\u00dev\u00ed a\u00f0 \u00feeim, sem hefur, mun gefi\u00f0 ver\u00f0a, og hann mun hafa gn\u00e6g\u00f0, en fr\u00e1 \u00feeim, sem eigi hefur, mun teki\u00f0 ver\u00f0a jafnvel \u00fea\u00f0, sem hann hefur.<a name=\"13\"><span class=\"versanumer\">13<\/span><\/a>\u00deess vegna tala \u00e9g til \u00feeirra \u00ed d\u00e6mis\u00f6gum, a\u00f0 sj\u00e1andi sj\u00e1 \u00feeir ekki og heyrandi heyra \u00feeir ekki n\u00e9 skilja.<a name=\"14\"><span class=\"versanumer\">14<\/span><\/a>\u00c1 \u00feeim r\u00e6tist sp\u00e1d\u00f3mur Jesaja: Me\u00f0 eyrum munu\u00f0 \u00fe\u00e9r heyra og alls ekki skilja, og sj\u00e1andi munu\u00f0 \u00fe\u00e9r horfa og ekkert sj\u00e1.<a name=\"15\"><span class=\"versanumer\">15<\/span><\/a>\u00dev\u00ed a\u00f0 hjarta l\u00fd\u00f0s \u00feessa er slj\u00f3tt or\u00f0i\u00f0, og illa heyra \u00feeir me\u00f0 eyrum s\u00ednum, og augunum hafa \u00feeir loka\u00f0, svo a\u00f0 \u00feeir sj\u00e1i ekki me\u00f0 augunum n\u00e9 heyri me\u00f0 eyrunum og skilji me\u00f0 hjartanu og sn\u00fai s\u00e9r, og \u00e9g l\u00e6kni \u00fe\u00e1.<a name=\"16\"><span class=\"versanumer\">16<\/span><\/a>En s\u00e6l eru augu y\u00f0ar, a\u00f0 \u00feau sj\u00e1, og eyru y\u00f0ar, a\u00f0 \u00feau heyra.<a name=\"17\"><span class=\"versanumer\">17<\/span><\/a>Sannlega segi \u00e9g y\u00f0ur: Margir sp\u00e1menn og r\u00e9ttl\u00e1tir \u00fer\u00e1\u00f0u a\u00f0 sj\u00e1 \u00fea\u00f0, sem \u00fe\u00e9r sj\u00e1i\u00f0, en s\u00e1u \u00fea\u00f0 ekki, og heyra \u00fea\u00f0, sem \u00fe\u00e9r heyri\u00f0, en heyr\u00f0u \u00fea\u00f0 ekki.<a name=\"18\"><span class=\"versanumer\">18<\/span><\/a>Heyri\u00f0 \u00fe\u00e1 hva\u00f0 d\u00e6misagan um s\u00e1\u00f0manninn merkir:<a name=\"19\"><span class=\"versanumer\">19<\/span><\/a>\u00deegar einhver heyrir or\u00f0i\u00f0 um r\u00edki\u00f0 og skilur ekki, \u00fe\u00e1 kemur hinn vondi og r\u00e6nir \u00fev\u00ed, sem s\u00e1\u00f0 var \u00ed hjarta hans. \u00dea\u00f0 sem s\u00e1\u00f0 var vi\u00f0 g\u00f6tuna, merkir \u00feetta.<a name=\"20\"><span class=\"versanumer\">20<\/span><\/a>\u00dea\u00f0 sem s\u00e1\u00f0 var \u00ed gr\u00fdtta j\u00f6r\u00f0, merkir \u00feann, sem tekur or\u00f0inu me\u00f0 f\u00f6gnu\u00f0i, um lei\u00f0 og hann heyrir \u00fea\u00f0,<a name=\"21\"><span class=\"versanumer\">21<\/span><\/a>en hefur enga r\u00f3tfestu. Hann er hvikull, og er \u00ferenging ver\u00f0ur e\u00f0a ofs\u00f3kn vegna or\u00f0sins, bregst hann \u00feegar.<a name=\"22\"><span class=\"versanumer\">22<\/span><\/a>\u00dea\u00f0 er s\u00e1\u00f0 var me\u00f0al \u00feyrna, merkir \u00feann, sem heyrir or\u00f0i\u00f0, en \u00e1hyggjur heimsins og t\u00e1l au\u00f0\u00e6fanna kefja or\u00f0i\u00f0, svo \u00fea\u00f0 ber engan \u00e1v\u00f6xt.<a name=\"23\"><span class=\"versanumer\">23<\/span><\/a>En \u00fea\u00f0 er s\u00e1\u00f0 var \u00ed g\u00f3\u00f0a j\u00f6r\u00f0, merkir \u00feann, sem heyrir or\u00f0i\u00f0 og skilur \u00fea\u00f0. Hann er s\u00e1, sem ber \u00e1v\u00f6xt og gefur af s\u00e9r hundra\u00f0falt, sextugfalt e\u00f0a \u00fer\u00edtugfalt.<a name=\"24\"><span class=\"versanumer\">24<\/span><\/a>A\u00f0ra d\u00e6mis\u00f6gu sag\u00f0i hann \u00feeim: L\u00edkt er um himnar\u00edki og mann, er s\u00e1\u00f0i g\u00f3\u00f0u s\u00e6\u00f0i \u00ed akur sinn.<a name=\"25\"><span class=\"versanumer\">25<\/span><\/a>En er menn voru \u00ed svefni, kom \u00f3vinur hans, s\u00e1\u00f0i illgresi me\u00f0al hveitisins og f\u00f3r s\u00ed\u00f0an.<a name=\"26\"><span class=\"versanumer\">26<\/span><\/a>\u00deegar s\u00e6\u00f0i\u00f0 spratt upp og t\u00f3k a\u00f0 bera \u00e1v\u00f6xt, kom illgresi\u00f0 og \u00ed lj\u00f3s.<a name=\"27\"><span class=\"versanumer\">27<\/span><\/a>\u00de\u00e1 komu \u00fej\u00f3nar h\u00fasb\u00f3ndans til hans og s\u00f6g\u00f0u vi\u00f0 hann: Herra, s\u00e1\u00f0ir \u00fe\u00fa ekki g\u00f3\u00f0u s\u00e6\u00f0i \u00ed akur \u00feinn? Hva\u00f0an kemur illgresi\u00f0?<a name=\"28\"><span class=\"versanumer\">28<\/span><\/a>Hann svara\u00f0i \u00feeim: \u00deetta hefur einhver \u00f3vinur gj\u00f6rt. \u00dej\u00f3narnir s\u00f6g\u00f0u vi\u00f0 hann: Viltu, a\u00f0 v\u00e9r f\u00f6rum og t\u00ednum \u00fea\u00f0?<a name=\"29\"><span class=\"versanumer\">29<\/span><\/a>Hann sag\u00f0i: Nei, me\u00f0 \u00fev\u00ed a\u00f0 t\u00edna illgresi\u00f0, g\u00e6tu\u00f0 \u00fe\u00e9r sliti\u00f0 upp hveiti\u00f0 um lei\u00f0.<a name=\"30\"><span class=\"versanumer\">30<\/span><\/a>L\u00e1ti\u00f0 hvort tveggja vaxa saman fram a\u00f0 kornskur\u00f0i. \u00deegar komin er kornskur\u00f0art\u00ed\u00f0, mun \u00e9g segja vi\u00f0 kornskur\u00f0armenn: Safni\u00f0 fyrst illgresinu og bindi\u00f0 \u00ed bundin til a\u00f0 brenna \u00fev\u00ed, en hir\u00f0i\u00f0 hveiti\u00f0 \u00ed hl\u00f6\u00f0u m\u00edna.<a name=\"31\"><span class=\"versanumer\">31<\/span><\/a>A\u00f0ra d\u00e6mis\u00f6gu sag\u00f0i hann \u00feeim: L\u00edkt er himnar\u00edki mustar\u00f0skorni, sem ma\u00f0ur t\u00f3k og s\u00e1\u00f0i \u00ed akur sinn.<a name=\"32\"><span class=\"versanumer\">32<\/span><\/a>Sm\u00e6st er \u00fea\u00f0 allra s\u00e1\u00f0korna, en n\u00e6r \u00fea\u00f0 vex, er \u00fea\u00f0 \u00f6llum jurtum meira, \u00fea\u00f0 ver\u00f0ur tr\u00e9, og fuglar himins koma og hrei\u00f0ra sig \u00ed greinum \u00feess.<a name=\"33\"><span class=\"versanumer\">33<\/span><\/a>A\u00f0ra d\u00e6mis\u00f6gu sag\u00f0i hann \u00feeim: L\u00edkt er himnar\u00edki s\u00fardeigi, er kona t\u00f3k og f\u00f3l \u00ed \u00ferem m\u00e6lum mj\u00f6ls, uns \u00fea\u00f0 s\u00fdr\u00f0ist allt.<a name=\"34\"><span class=\"versanumer\">34<\/span><\/a>\u00deetta allt tala\u00f0i Jes\u00fas \u00ed d\u00e6mis\u00f6gum til f\u00f3lksins, og \u00e1n d\u00e6misagna tala\u00f0i hann ekki til \u00feeirra.<a name=\"35\"><span class=\"versanumer\">35<\/span><\/a>\u00dea\u00f0 \u00e1tti a\u00f0 r\u00e6tast, sem sagt er fyrir munn sp\u00e1mannsins: \u00c9g mun opna munn minn \u00ed d\u00e6mis\u00f6gum, m\u00e6la fram \u00fea\u00f0, sem huli\u00f0 var fr\u00e1 grundv\u00f6llun heims.<a name=\"36\"><span class=\"versanumer\">36<\/span><\/a>\u00de\u00e1 skildi hann vi\u00f0 mannfj\u00f6ldann og f\u00f3r inn. L\u00e6risveinar hans komu til hans og s\u00f6g\u00f0u: Sk\u00fdr\u00f0u fyrir oss d\u00e6mis\u00f6guna um illgresi\u00f0 \u00e1 akrinum.<a name=\"37\"><span class=\"versanumer\">37<\/span><\/a>Hann m\u00e6lti: S\u00e1 er s\u00e1ir g\u00f3\u00f0a s\u00e6\u00f0inu, er Mannssonurinn,<a name=\"38\"><span class=\"versanumer\">38<\/span><\/a>akurinn er heimurinn, g\u00f3\u00f0a s\u00e6\u00f0i\u00f0 merkir b\u00f6rn r\u00edkisins, en illgresi\u00f0 b\u00f6rn hins vonda.<a name=\"39\"><span class=\"versanumer\">39<\/span><\/a>\u00d3vinurinn, sem s\u00e1\u00f0i \u00fev\u00ed, er dj\u00f6fullinn. Kornskur\u00f0urinn er endir veraldar og kornskur\u00f0armennirnir englar.<a name=\"40\"><span class=\"versanumer\">40<\/span><\/a>Eins og illgresinu er safna\u00f0 og brennt \u00ed eldi, \u00feannig ver\u00f0ur vi\u00f0 endi veraldar.<a name=\"41\"><span class=\"versanumer\">41<\/span><\/a>Mannssonurinn mun senda engla s\u00edna, og \u00feeir munu safna \u00far r\u00edki hans \u00f6llum, sem hneykslunum valda og rangl\u00e6ti fremja,<a name=\"42\"><span class=\"versanumer\">42<\/span><\/a>og kasta \u00feeim \u00ed eldsofninn. \u00dear ver\u00f0ur gr\u00e1tur og gn\u00edstran tanna.<a name=\"43\"><span class=\"versanumer\">43<\/span><\/a>\u00de\u00e1 munu r\u00e9ttl\u00e1tir sk\u00edna sem s\u00f3l \u00ed r\u00edki f\u00f6\u00f0ur \u00feeirra. Hver sem eyru hefur, hann heyri.<a name=\"44\"><span class=\"versanumer\">44<\/span><\/a>L\u00edkt er himnar\u00edki fj\u00e1rsj\u00f3\u00f0i, sem f\u00f3lginn var \u00ed j\u00f6r\u00f0u og ma\u00f0ur fann og leyndi. \u00cd f\u00f6gnu\u00f0i s\u00ednum f\u00f3r hann, seldi allar eigur s\u00ednar og keypti akur \u00feann.<a name=\"45\"><span class=\"versanumer\">45<\/span><\/a>Enn er himnar\u00edki l\u00edkt kaupmanni, sem leita\u00f0i a\u00f0 f\u00f6grum perlum.<a name=\"46\"><span class=\"versanumer\">46<\/span><\/a>Og er hann fann eina d\u00fdrm\u00e6ta perlu, f\u00f3r hann, seldi allt, sem hann \u00e1tti, og keypti hana.<a name=\"47\"><span class=\"versanumer\">47<\/span><\/a>Enn er himnar\u00edki l\u00edkt neti, sem lagt er \u00ed sj\u00f3 og safnar alls kyns fiski.<a name=\"48\"><span class=\"versanumer\">48<\/span><\/a>\u00deegar \u00fea\u00f0 er fullt, draga menn \u00fea\u00f0 \u00e1 land, setjast vi\u00f0 og safna \u00feeim g\u00f3\u00f0u \u00ed ker, en kasta \u00feeim \u00f3\u00e6tu burt.<a name=\"49\"><span class=\"versanumer\">49<\/span><\/a>Svo mun ver\u00f0a, \u00feegar ver\u00f6ld endar: Englarnir munu fara til, skilja vonda menn fr\u00e1 r\u00e9ttl\u00e1tum<a name=\"50\"><span class=\"versanumer\">50<\/span><\/a>og kasta \u00feeim \u00ed eldsofninn. \u00dear ver\u00f0ur gr\u00e1tur og gn\u00edstran tanna.<a name=\"51\"><span class=\"versanumer\">51<\/span><\/a>Hafi\u00f0 \u00fe\u00e9r skili\u00f0 allt \u00feetta? J\u00e1, sv\u00f6ru\u00f0u \u00feeir.<a name=\"52\"><span class=\"versanumer\">52<\/span><\/a>Hann sag\u00f0i vi\u00f0 \u00fe\u00e1: \u00deannig er s\u00e9rhver fr\u00e6\u00f0ima\u00f0ur, sem or\u00f0inn er l\u00e6risveinn himnar\u00edkis, l\u00edkur h\u00fasf\u00f6\u00f0ur, sem ber fram n\u00fdtt og gamalt \u00far for\u00f0ab\u00fari s\u00ednu.<a name=\"53\"><span class=\"versanumer\">53<\/span><\/a>\u00deegar Jes\u00fas haf\u00f0i loki\u00f0 \u00feessum d\u00e6mis\u00f6gum, h\u00e9lt hann \u00fea\u00f0an.<a name=\"54\"><span class=\"versanumer\">54<\/span><\/a>Hann kom \u00ed \u00e6ttborg s\u00edna og t\u00f3k a\u00f0 kenna \u00feeim \u00ed samkundu \u00feeirra. \u00deeir undru\u00f0ust st\u00f3rum og s\u00f6g\u00f0u: Hva\u00f0an kemur honum \u00feessi speki og kraftaverkin?<a name=\"55\"><span class=\"versanumer\">55<\/span><\/a>Er \u00feetta ekki sonur smi\u00f0sins? Heitir ekki m\u00f3\u00f0ir hans Mar\u00eda og br\u00e6\u00f0ur hans Jakob, J\u00f3sef, S\u00edmon og J\u00fadas?<a name=\"56\"><span class=\"versanumer\">56<\/span><\/a>Og eru ekki systur hans allar hj\u00e1 oss? Hva\u00f0an kemur honum \u00fe\u00e1 allt \u00feetta?<a name=\"57\"><span class=\"versanumer\">57<\/span><\/a>Og \u00feeir hneykslu\u00f0ust \u00e1 honum. En Jes\u00fas sag\u00f0i vi\u00f0 \u00fe\u00e1: Hvergi er sp\u00e1ma\u00f0ur minna metinn en \u00ed landi s\u00ednu og me\u00f0 heimam\u00f6nnum.<a name=\"58\"><span class=\"versanumer\">58<\/span><\/a>Og hann gj\u00f6r\u00f0i \u00fear ekki m\u00f6rg kraftaverk s\u00f6kum vantr\u00faar \u00feeirra.<\/p>\n<div class=\"footnote1981\"><b>13.1-9<\/b> Hlst. Mrk 4.1-9; L\u00fak 8.4-8<br \/>\n<b>13.2<\/b> \u00cd b\u00e1ti L\u00fak 5.1-3<br \/>\n<b>13.9<\/b> Eyru a\u00f0 heyra Matt 11.15+ ; sbr 19.12<br \/>\n<b>13.10-17<\/b> Hlst. Mrk 4.10-12; L\u00fak 8.9-10<br \/>\n<b>13.11<\/b> Leyndard\u00f3mar 1Kor 4.1; Ef 3.3-4; 6.19; K\u00f3l 2.2; 4.3<br \/>\n<b>13.12<\/b> \u00deeim sem &#8230; Matt 25.29; Mrk 4.25; L\u00fak 8.18; 19.26<br \/>\n<b>13.14-15<\/b> Sbr Jes 6.9-10; J\u00f3h 12.40; Post 28.26-27; Matt 1.22+<br \/>\n<b>13.16<\/b> S\u00e6l  Matt 5.3+ &#8211; augu y\u00f0ar L\u00fak 10.23-24<br \/>\n<b>13.18-23<\/b> Hlst. Mrk 4.13-20; L\u00fak 8.11-15<br \/>\n<b>13.22<\/b> \u00c1hyggjur heimsins og t\u00e1l au\u00f0\u00e6fanna Matt 6.24; Mrk 4.19; L\u00fak 12.16-21; 1T\u00edm 6.9; 10.17<br \/>\n<b>13.30<\/b> Kornskur\u00f0ur \u2013 d\u00f3mur Matt 3.12+<br \/>\n<b>13.31-35<\/b> Hlst. Mrk 4.30-34; L\u00fak 13.18-21<br \/>\n<b>13.31<\/b> Mustar\u00f0skorn Matt 17.20; L\u00fak 17.6<br \/>\n<b>13.33<\/b> S\u00fardeig 1Kor 5.6; Gal 5.9<br \/>\n<b>13.35<\/b> Sbr Slm 78.2; Matt 1.22+<br \/>\n<b>13.36<\/b> \u00datsk\u00fdring Matt 15.15; Mrk 4.10; 7.17; L\u00fak 8.9<br \/>\n<b>13.38<\/b> Hinn vondi Matt 6.13+<br \/>\n<b>13.39<\/b> Kornskur\u00f0ur- d\u00f3mur Matt 3.12+<br \/>\n<b>13.40<\/b> Brennt \u00ed eldi Matt 3.10; 7.19; J\u00f3h 15.6<br \/>\n<b>13.41<\/b> Englar sendir a\u00f0 d\u00e6ma Matt 16.27; 24.31; Mrk 13.27<br \/>\n<b>13.42<\/b> \u00cd eldsofninn Matt 13.50 \u2013 gr\u00e1tur og gn\u00edstran tanna Matt 8.12+<br \/>\n<b>13.43<\/b> \u00deau sem hl\u00fdtt hafa sk\u00edna Dan 12.3 \u2013 eyru a\u00f0 heyra Matt 11.15+<br \/>\n<b>13.51<\/b> Skilja Matt 15.10<br \/>\n<b>13.53-58<\/b> Hlst. Mrk 6.1-6; L\u00fak 4.16-30<br \/>\n<b>13.53<\/b> A\u00f0 loknu m\u00e1li Matt 7.28+<br \/>\n<b>13.54<\/b> \u00deeir undru\u00f0ust J\u00f3h 7.15<br \/>\n<b>13.55<\/b> Sonur smi\u00f0sins L\u00fak 3.23; J\u00f3h 6.42 \u2013 br\u00e6\u00f0ur Jes\u00fa Matt 12.46+<br \/>\n<b>13.57<\/b> Menn hneykslu\u00f0ust Matt 5.29+ &#8211; sp\u00e1ma\u00f0ur \u00ed heimalandi L\u00fak 4.24; J\u00f3h 4.44<\/div>\n","protected":false},"excerpt":{"rendered":"<p>1Sama dag gekk Jes\u00fas a\u00f0 heiman og settist vi\u00f0 vatni\u00f0.2Svo mikill mannfj\u00f6ldi safna\u00f0ist a\u00f0 honum, a\u00f0 hann var\u00f0 a\u00f0 st\u00edga \u00ed b\u00e1t og sitja \u00fear. En allt f\u00f3lki\u00f0 st\u00f3\u00f0 \u00e1 str\u00f6ndinni.3Hann tala\u00f0i margt til \u00feeirra \u00ed d\u00e6mis\u00f6gum. Hann sag\u00f0i: S\u00e1\u00f0ma\u00f0ur gekk \u00fat a\u00f0 s\u00e1,4og \u00fe\u00e1 er hann s\u00e1\u00f0i, f\u00e9ll sumt hj\u00e1 g\u00f6tunni, og fuglar komu og \u00e1tu \u00fea\u00f0 upp.5Sumt f\u00e9ll \u00ed gr\u00fdtta j\u00f6r\u00f0, \u00fear sem var l\u00edtill jar\u00f0vegur, og \u00fea\u00f0 rann skj\u00f3tt upp, \u00fev\u00ed \u00fea\u00f0 haf\u00f0i ekki dj\u00fapa j\u00f6r\u00f0.6\u00deegar s\u00f3l h\u00e6kka\u00f0i, visna\u00f0i \u00fea\u00f0, og s\u00f6kum \u00feess a\u00f0 \u00fea\u00f0 haf\u00f0i ekki r\u00e6tur, skr\u00e6lna\u00f0i \u00fea\u00f0.7Sumt f\u00e9ll me\u00f0al \u00feyrna, og \u00feyrnarnir uxu og <a href=\"https:\/\/biblian.is\/1981\/matteusargudspjall-13-kafli\/\"> [&#8230;]<\/a><\/p>\n","protected":false},"author":1,"featured_media":0,"parent":0,"menu_order":0,"comment_status":"open","ping_status":"open","template":"bibliukaflar.php","meta":{"footnotes":""},"class_list":["post-2289","page","type-page","status-publish","hentry"],"_links":{"self":[{"href":"https:\/\/biblian.is\/1981\/wp-json\/wp\/v2\/pages\/2289","targetHints":{"allow":["GET"]}}],"collection":[{"href":"https:\/\/biblian.is\/1981\/wp-json\/wp\/v2\/pages"}],"about":[{"href":"https:\/\/biblian.is\/1981\/wp-json\/wp\/v2\/types\/page"}],"author":[{"embeddable":true,"href":"https:\/\/biblian.is\/1981\/wp-json\/wp\/v2\/users\/1"}],"replies":[{"embeddable":true,"href":"https:\/\/biblian.is\/1981\/wp-json\/wp\/v2\/comments?post=2289"}],"version-history":[{"count":0,"href":"https:\/\/biblian.is\/1981\/wp-json\/wp\/v2\/pages\/2289\/revisions"}],"wp:attachment":[{"href":"https:\/\/biblian.is\/1981\/wp-json\/wp\/v2\/media?parent=2289"}],"curies":[{"name":"wp","href":"https:\/\/api.w.org\/{rel}","templated":true}]}}