{"id":2287,"date":"2017-11-18T20:21:05","date_gmt":"2017-11-18T20:21:05","guid":{"rendered":"http:\/\/biblian.is\/1981\/matteusargudspjall-11-kafli\/"},"modified":"2021-06-06T11:03:53","modified_gmt":"2021-06-06T11:03:53","slug":"matteusargudspjall-11-kafli","status":"publish","type":"page","link":"https:\/\/biblian.is\/1981\/matteusargudspjall-11-kafli\/","title":{"rendered":"Matteusargu\u00f0spjall 11. kafli"},"content":{"rendered":"<p><a name=\"1\"><span class=\"versanumer\">1<\/span><\/a>\u00de\u00e1 er Jes\u00fas haf\u00f0i m\u00e6lt svo fyrir vi\u00f0 l\u00e6risveina s\u00edna t\u00f3lf, h\u00e9lt hann \u00fea\u00f0an a\u00f0 kenna og pr\u00e9dika \u00ed borgum \u00feeirra.<a name=\"2\"><span class=\"versanumer\">2<\/span><\/a>J\u00f3hannes heyr\u00f0i \u00ed fangelsinu um verk Krists. \u00de\u00e1 sendi hann honum or\u00f0 me\u00f0 l\u00e6risveinum s\u00ednum og spur\u00f0i:<a name=\"3\"><span class=\"versanumer\">3<\/span><\/a>Ert \u00fe\u00fa s\u00e1, sem koma skal, e\u00f0a eigum v\u00e9r a\u00f0 v\u00e6nta annars?<a name=\"4\"><span class=\"versanumer\">4<\/span><\/a>Jes\u00fas svara\u00f0i \u00feeim: Fari\u00f0 og kunngj\u00f6ri\u00f0 J\u00f3hannesi \u00fea\u00f0, sem \u00fe\u00e9r heyri\u00f0 og sj\u00e1i\u00f0:<a name=\"5\"><span class=\"versanumer\">5<\/span><\/a>Blindir f\u00e1 s\u00fdn og haltir ganga, l\u00edk\u00fer\u00e1ir hreinsast og daufir heyra, dau\u00f0ir r\u00edsa upp, og f\u00e1t\u00e6kum er flutt fagna\u00f0arerindi.<a name=\"6\"><span class=\"versanumer\">6<\/span><\/a>Og s\u00e6ll er s\u00e1, sem hneykslast ekki \u00e1 m\u00e9r.<a name=\"7\"><span class=\"versanumer\">7<\/span><\/a>\u00deegar \u00feeir voru farnir, t\u00f3k Jes\u00fas a\u00f0 tala til mannfj\u00f6ldans um J\u00f3hannes: Hva\u00f0 f\u00f3ru\u00f0 \u00fe\u00e9r a\u00f0 sj\u00e1 \u00ed \u00f3bygg\u00f0um? Reyr af vindi skekinn?<a name=\"8\"><span class=\"versanumer\">8<\/span><\/a>Hva\u00f0 f\u00f3ru\u00f0 \u00fe\u00e9r a\u00f0 sj\u00e1? Pr\u00fa\u00f0b\u00fainn mann? Nei, pr\u00fa\u00f0b\u00fana menn er a\u00f0 finna \u00ed s\u00f6lum konunga.<a name=\"9\"><span class=\"versanumer\">9<\/span><\/a>Til hvers f\u00f3ru\u00f0 \u00fe\u00e9r? A\u00f0 sj\u00e1 sp\u00e1mann? J\u00e1, segi \u00e9g y\u00f0ur, og \u00fea\u00f0 meira en sp\u00e1mann.<a name=\"10\"><span class=\"versanumer\">10<\/span><\/a>Hann er s\u00e1, sem um er rita\u00f0: Sj\u00e1, \u00e9g sendi sendibo\u00f0a minn \u00e1 undan \u00fe\u00e9r, er grei\u00f0a mun veg \u00feinn fyrir \u00fe\u00e9r.<a name=\"11\"><span class=\"versanumer\">11<\/span><\/a>Sannlega segi \u00e9g y\u00f0ur: Enginn er s\u00e1 af konu f\u00e6ddur, sem meiri s\u00e9 en J\u00f3hannes sk\u00edrari. En hinn minnsti \u00ed himnar\u00edki er honum meiri.<a name=\"12\"><span class=\"versanumer\">12<\/span><\/a>Fr\u00e1 d\u00f6gum J\u00f3hannesar sk\u00edrara og til \u00feessa er r\u00edki himnanna ofr\u00edki beitt, og ofr\u00edkismenn vilja hremma \u00fea\u00f0.<a name=\"13\"><span class=\"versanumer\">13<\/span><\/a>Sp\u00e1mennirnir allir og l\u00f6gm\u00e1li\u00f0, allt fram a\u00f0 J\u00f3hannesi, s\u00f6g\u00f0u fyrir um \u00feetta.<a name=\"14\"><span class=\"versanumer\">14<\/span><\/a>Og ef \u00fe\u00e9r vilji\u00f0 vi\u00f0 \u00fev\u00ed taka, \u00fe\u00e1 er hann El\u00eda s\u00e1, sem koma skyldi.<a name=\"15\"><span class=\"versanumer\">15<\/span><\/a>Hver sem eyru hefur, hann heyri.<a name=\"16\"><span class=\"versanumer\">16<\/span><\/a>Vi\u00f0 hva\u00f0 \u00e1 \u00e9g a\u00f0 l\u00edkja \u00feessari kynsl\u00f3\u00f0? L\u00edk er h\u00fan b\u00f6rnum, sem \u00e1 torgum sitja og kallast \u00e1:<a name=\"17\"><span class=\"versanumer\">17<\/span><\/a>V\u00e9r l\u00e9kum fyrir y\u00f0ur \u00e1 flautu og ekki vildu\u00f0 \u00fe\u00e9r dansa. V\u00e9r sungum y\u00f0ur sorgarlj\u00f3\u00f0, og ekki vildu\u00f0 \u00fe\u00e9r syrgja.<a name=\"18\"><span class=\"versanumer\">18<\/span><\/a>J\u00f3hannes kom, \u00e1t hvorki n\u00e9 drakk, og menn segja: Hann hefur illan anda.<a name=\"19\"><span class=\"versanumer\">19<\/span><\/a>Mannssonurinn kom, \u00e1t og drakk, og menn segja: Hann er math\u00e1kur og v\u00ednsvelgur, vinur tollheimtumanna og bersyndugra! En spekin sannast af verkum s\u00ednum.<a name=\"20\"><span class=\"versanumer\">20<\/span><\/a>\u00de\u00e1 t\u00f3k hann a\u00f0 \u00e1v\u00edta borgirnar, \u00fear sem hann haf\u00f0i gj\u00f6rt flest kraftaverk s\u00edn, fyrir a\u00f0 hafa ekki gj\u00f6rt i\u00f0run.<a name=\"21\"><span class=\"versanumer\">21<\/span><\/a>Vei \u00fe\u00e9r, Koras\u00edn! Vei \u00fe\u00e9r, Betsa\u00edda! Ef gj\u00f6rst hef\u00f0u \u00ed T\u00fdrus og S\u00eddon kraftaverkin, sem gj\u00f6r\u00f0ust \u00ed ykkur, hef\u00f0u \u00fe\u00e6r l\u00f6ngu i\u00f0rast \u00ed sekk og \u00f6sku.<a name=\"22\"><span class=\"versanumer\">22<\/span><\/a>En \u00e9g segi ykkur: T\u00fdrus og S\u00eddon mun b\u00e6rilegra \u00e1 d\u00f3msdegi en ykkur.<a name=\"23\"><span class=\"versanumer\">23<\/span><\/a>Og \u00fe\u00fa Kapernaum. Ver\u00f0ur \u00fe\u00fa hafin til himins? Nei, til heljar mun \u00fe\u00e9r steypt ver\u00f0a. Ef gj\u00f6rst hef\u00f0u \u00ed S\u00f3d\u00f3mu kraftaverkin, sem gj\u00f6r\u00f0ust \u00ed \u00fe\u00e9r, \u00fe\u00e1 st\u00e6\u00f0i h\u00fan enn \u00ed dag.<a name=\"24\"><span class=\"versanumer\">24<\/span><\/a>En \u00e9g segi y\u00f0ur: Landi S\u00f3d\u00f3mu mun b\u00e6rilegra \u00e1 d\u00f3msdegi en \u00fe\u00e9r.<a name=\"25\"><span class=\"versanumer\">25<\/span><\/a>\u00c1 \u00feeim t\u00edma t\u00f3k Jes\u00fas svo til or\u00f0a: \u00c9g vegsama \u00feig, fa\u00f0ir, herra himins og jar\u00f0ar, a\u00f0 \u00fe\u00fa hefur huli\u00f0 \u00feetta spekingum og hyggindam\u00f6nnum, en opinbera\u00f0 \u00fea\u00f0 sm\u00e6lingjum.<a name=\"26\"><span class=\"versanumer\">26<\/span><\/a>J\u00e1, fa\u00f0ir, svo var \u00fe\u00e9r \u00fe\u00f3knanlegt.<a name=\"27\"><span class=\"versanumer\">27<\/span><\/a>Allt er m\u00e9r fali\u00f0 af f\u00f6\u00f0ur m\u00ednum, og enginn \u00feekkir soninn nema fa\u00f0irinn, n\u00e9 \u00feekkir nokkur f\u00f6\u00f0urinn nema sonurinn og s\u00e1 er sonurinn vill opinbera hann.<a name=\"28\"><span class=\"versanumer\">28<\/span><\/a>Komi\u00f0 til m\u00edn, allir \u00fe\u00e9r sem erfi\u00f0i hafi\u00f0 og \u00feungar byr\u00f0ar, og \u00e9g mun veita y\u00f0ur hv\u00edld.<a name=\"29\"><span class=\"versanumer\">29<\/span><\/a>Taki\u00f0 \u00e1 y\u00f0ur mitt ok og l\u00e6ri\u00f0 af m\u00e9r, \u00fev\u00ed a\u00f0 \u00e9g er h\u00f3gv\u00e6r og af hjarta l\u00edtill\u00e1tur, og \u00fe\u00e1 munu\u00f0 \u00fe\u00e9r finna hv\u00edld s\u00e1lum y\u00f0ar.<a name=\"30\"><span class=\"versanumer\">30<\/span><\/a>\u00dev\u00ed a\u00f0 mitt ok er lj\u00faft og byr\u00f0i m\u00edn l\u00e9tt.<\/p>\n<div class=\"footnote1981\"><b>11.1-19<\/b> Hlst. L\u00fak 7.18-35<br \/>\n<b>11.1<\/b> A\u00f0 loknu m\u00e1li Matt 7.28+<br \/>\n<b>11.2<\/b> J\u00f3hannes sk\u00edrari Matt 3.1+ &#8211; l\u00e6risveinar hans Matt 9.14+<br \/>\n<b>11.3<\/b> S\u00e1, sem koma skal Matt 3.11+<br \/>\n<b>11.5<\/b> Sbr Jes 26.19; 29.18; 35.5-6; 61.1<br \/>\n<b>11.6<\/b> S\u00e6ll Matt 5.3+ &#8211; hneykslast \u00e1 Jes\u00fa Matt 5.29+<br \/>\n<b>11.7<\/b> \u00cd \u00f3bygg\u00f0um Matt 3.1+<br \/>\n<b>11.9<\/b> J\u00f3hannes sk\u00edrari, sp\u00e1ma\u00f0ur Matt 14.5; 21.26; L\u00fak 1.76<br \/>\n<b>11.10<\/b> \u00c1 undan \u00fe\u00e9r 2M\u00f3s 23.20; Mal 3.1; Mrk 1.2; L\u00fak 1.76; 7.27; J\u00f3h 3.28<br \/>\n<b>11.13<\/b> Sp\u00e1mennirnir og l\u00f6gm\u00e1li\u00f0 Matt 7.12+<br \/>\n<b>11.14<\/b> El\u00eda Mal 3.23; Matt 16.14; 17.3,10-13; Mrk 9.11-13; L\u00fak 1.17; J\u00f3h 1.21<br \/>\n<b>11.15<\/b> Eyru a\u00f0 heyra 5M\u00f3s 29.3; Slm 115.6; Matt 13,9,43; L\u00fak 8.8; 14.35; Opb 2.7; 13.9; sbr Matt 19.12<br \/>\n<b>11.16<\/b> \u00deessi kynsl\u00f3\u00f0 Matt 12.39-45; 17.17<br \/>\n<b>11.18<\/b> Meinl\u00e6ti J\u00f3hannesar Matt 3.4; 9.14 \u2013 hefur illan anda J\u00f3h 7.20<br \/>\n<b>11.19<\/b> \u00c1t og drakk Matt 9.14 \u2013 vinur bersyndugra Matt 9.11; L\u00fak 15.1-2; 19.7<br \/>\n<b>11.20-24<\/b> Hlst. L\u00fak 10.13-15<br \/>\n<b>11.21<\/b> Vei Matt 18.7; 23.13-36; 24.19; 26.24; L\u00fak 6.24; 11.46; 1Kor 9.16; J\u00fad 11; Opb 8.13; 12.12; 18.10 \u2013 Betsa\u00edda Mrk 6.45; 8.22; L\u00fak 9.10; 10.13; J\u00f3h 1.44; 12.21 \u2013 T\u00fdrus (og S\u00eddon) Jes 23.1-8; Esk 26; Am 1.9-10; Matt 15.21; Mrk 3.8; 7.24; L\u00fak 6.17; 10.13; Post 12.20; 21.3<br \/>\n<b>11.23<\/b> Sbr Jes 14.13,15 \u2013 S\u00f3d\u00f3ma Matt 10.15+<br \/>\n<b>11.25-30<\/b> Hlst. L\u00fak 10.21-22<br \/>\n<b>11.25<\/b> Huli\u00f0 hyggindam\u00f6nnum Dan 2.3-13; 1Kor 1.17-29 \u2013 opinbera\u00f0 Dan 2.18-19; Matt 13.11 \u2013 sm\u00e6lingjar Matt 10.42<br \/>\n<b>11.27<\/b> Allt Matt 28.18; J\u00f3h 3.35; 13.3; 17.2; Fil 2.9 \u2013 fa\u00f0irinn og sonurinn Matt 21.37; 24.36; Mrk 14.36; J\u00f3h 1.18; 10.15<\/div>\n","protected":false},"excerpt":{"rendered":"<p>1\u00de\u00e1 er Jes\u00fas haf\u00f0i m\u00e6lt svo fyrir vi\u00f0 l\u00e6risveina s\u00edna t\u00f3lf, h\u00e9lt hann \u00fea\u00f0an a\u00f0 kenna og pr\u00e9dika \u00ed borgum \u00feeirra.2J\u00f3hannes heyr\u00f0i \u00ed fangelsinu um verk Krists. \u00de\u00e1 sendi hann honum or\u00f0 me\u00f0 l\u00e6risveinum s\u00ednum og spur\u00f0i:3Ert \u00fe\u00fa s\u00e1, sem koma skal, e\u00f0a eigum v\u00e9r a\u00f0 v\u00e6nta annars?4Jes\u00fas svara\u00f0i \u00feeim: Fari\u00f0 og kunngj\u00f6ri\u00f0 J\u00f3hannesi \u00fea\u00f0, sem \u00fe\u00e9r heyri\u00f0 og sj\u00e1i\u00f0:5Blindir f\u00e1 s\u00fdn og haltir ganga, l\u00edk\u00fer\u00e1ir hreinsast og daufir heyra, dau\u00f0ir r\u00edsa upp, og f\u00e1t\u00e6kum er flutt fagna\u00f0arerindi.6Og s\u00e6ll er s\u00e1, sem hneykslast ekki \u00e1 m\u00e9r.7\u00deegar \u00feeir voru farnir, t\u00f3k Jes\u00fas a\u00f0 tala til mannfj\u00f6ldans um J\u00f3hannes: Hva\u00f0 f\u00f3ru\u00f0 \u00fe\u00e9r <a href=\"https:\/\/biblian.is\/1981\/matteusargudspjall-11-kafli\/\"> [&#8230;]<\/a><\/p>\n","protected":false},"author":1,"featured_media":0,"parent":0,"menu_order":0,"comment_status":"open","ping_status":"open","template":"bibliukaflar.php","meta":{"footnotes":""},"class_list":["post-2287","page","type-page","status-publish","hentry"],"_links":{"self":[{"href":"https:\/\/biblian.is\/1981\/wp-json\/wp\/v2\/pages\/2287","targetHints":{"allow":["GET"]}}],"collection":[{"href":"https:\/\/biblian.is\/1981\/wp-json\/wp\/v2\/pages"}],"about":[{"href":"https:\/\/biblian.is\/1981\/wp-json\/wp\/v2\/types\/page"}],"author":[{"embeddable":true,"href":"https:\/\/biblian.is\/1981\/wp-json\/wp\/v2\/users\/1"}],"replies":[{"embeddable":true,"href":"https:\/\/biblian.is\/1981\/wp-json\/wp\/v2\/comments?post=2287"}],"version-history":[{"count":0,"href":"https:\/\/biblian.is\/1981\/wp-json\/wp\/v2\/pages\/2287\/revisions"}],"wp:attachment":[{"href":"https:\/\/biblian.is\/1981\/wp-json\/wp\/v2\/media?parent=2287"}],"curies":[{"name":"wp","href":"https:\/\/api.w.org\/{rel}","templated":true}]}}