{"id":2284,"date":"2017-11-18T20:21:05","date_gmt":"2017-11-18T20:21:05","guid":{"rendered":"http:\/\/biblian.is\/1981\/matteusargudspjall-8-kafli\/"},"modified":"2021-06-06T11:04:01","modified_gmt":"2021-06-06T11:04:01","slug":"matteusargudspjall-8-kafli","status":"publish","type":"page","link":"https:\/\/biblian.is\/1981\/matteusargudspjall-8-kafli\/","title":{"rendered":"Matteusargu\u00f0spjall 8. kafli"},"content":{"rendered":"<p><a name=\"1\"><span class=\"versanumer\">1<\/span><\/a>N\u00fa gekk Jes\u00fas ni\u00f0ur af fjallinu, og fylgdi honum mikill mannfj\u00f6ldi.<a name=\"2\"><span class=\"versanumer\">2<\/span><\/a>\u00de\u00e1 kom til hans l\u00edk\u00fer\u00e1r ma\u00f0ur, laut honum og sag\u00f0i: Herra, ef \u00fe\u00fa vilt, getur \u00fe\u00fa hreinsa\u00f0 mig.<a name=\"3\"><span class=\"versanumer\">3<\/span><\/a>Jes\u00fas r\u00e9tti \u00fat h\u00f6ndina, snart hann og m\u00e6lti: \u00c9g vil, ver\u00f0 \u00fe\u00fa hreinn! Jafnskj\u00f3tt var\u00f0 hann hreinn af l\u00edk\u00fer\u00e1nni.<a name=\"4\"><span class=\"versanumer\">4<\/span><\/a>Jes\u00fas sag\u00f0i vi\u00f0 hann: G\u00e6t \u00feess a\u00f0 segja \u00feetta engum, en far \u00fe\u00fa, s\u00fdn \u00feig prestinum, og f\u00e6r\u00f0u \u00fe\u00e1 f\u00f3rn, sem M\u00f3se bau\u00f0, \u00feeim til vitnisbur\u00f0ar.<a name=\"5\"><span class=\"versanumer\">5<\/span><\/a>\u00deegar hann kom til Kapernaum, gekk til hans hundra\u00f0sh\u00f6f\u00f0ingi og ba\u00f0 hann:<a name=\"6\"><span class=\"versanumer\">6<\/span><\/a>Herra, sveinn minn liggur heima lami, mj\u00f6g \u00feungt haldinn.<a name=\"7\"><span class=\"versanumer\">7<\/span><\/a>Jes\u00fas sag\u00f0i: \u00c9g kem og l\u00e6kna hann.<a name=\"8\"><span class=\"versanumer\">8<\/span><\/a>\u00de\u00e1 sag\u00f0i hundra\u00f0sh\u00f6f\u00f0inginn: Herra, \u00e9g er ekki ver\u00f0ur \u00feess, a\u00f0 \u00fe\u00fa gangir inn undir \u00feak mitt. M\u00e6l \u00fe\u00fa a\u00f0eins eitt or\u00f0, og mun sveinn minn heill ver\u00f0a.<a name=\"9\"><span class=\"versanumer\">9<\/span><\/a>\u00dev\u00ed a\u00f0 sj\u00e1lfur er \u00e9g ma\u00f0ur, sem ver\u00f0 a\u00f0 l\u00fata valdi og r\u00e6\u00f0 yfir herm\u00f6nnum, og \u00e9g segi vi\u00f0 einn: Far \u00fe\u00fa, og hann fer, og vi\u00f0 annan: Kom \u00fe\u00fa, og hann kemur, og vi\u00f0 \u00fej\u00f3n minn: Gj\u00f6r \u00feetta, og hann gj\u00f6rir \u00fea\u00f0.<a name=\"10\"><span class=\"versanumer\">10<\/span><\/a>\u00deegar Jes\u00fas heyr\u00f0i \u00feetta, undra\u00f0ist hann og m\u00e6lti vi\u00f0 \u00fe\u00e1, sem fylgdu honum: Sannlega segi \u00e9g y\u00f0ur, \u00fev\u00edl\u00edka tr\u00fa hef \u00e9g ekki fundi\u00f0 hj\u00e1 neinum \u00ed \u00cdsrael.<a name=\"11\"><span class=\"versanumer\">11<\/span><\/a>En \u00e9g segi y\u00f0ur: Margir munu koma fr\u00e1 austri og vestri og sitja til bor\u00f0s me\u00f0 Abraham, \u00cdsak og Jakob \u00ed himnar\u00edki,<a name=\"12\"><span class=\"versanumer\">12<\/span><\/a>en synir r\u00edkisins munu \u00fat reknir \u00ed ystu myrkur. \u00dear ver\u00f0ur gr\u00e1tur og gn\u00edstran tanna.<a name=\"13\"><span class=\"versanumer\">13<\/span><\/a>\u00de\u00e1 sag\u00f0i Jes\u00fas vi\u00f0 hundra\u00f0sh\u00f6f\u00f0ingjann: Far \u00fe\u00fa, ver\u00f0i \u00fe\u00e9r sem \u00fe\u00fa tr\u00fair. Og sveinninn var\u00f0 heill \u00e1 \u00feeirri stundu.<a name=\"14\"><span class=\"versanumer\">14<\/span><\/a>Jes\u00fas kom \u00ed h\u00fas P\u00e9turs og s\u00e1, a\u00f0 tengdam\u00f3\u00f0ir hans l\u00e1 me\u00f0 s\u00f3tthita.<a name=\"15\"><span class=\"versanumer\">15<\/span><\/a>Hann snart h\u00f6nd hennar, og s\u00f3tthitinn f\u00f3r \u00far henni. H\u00fan reis \u00e1 f\u00e6tur og gekk honum fyrir beina.<a name=\"16\"><span class=\"versanumer\">16<\/span><\/a>\u00deegar kv\u00f6ld var komi\u00f0, f\u00e6r\u00f0u menn til hans marga, er haldnir voru illum \u00f6ndum. Illu andana rak hann \u00fat me\u00f0 or\u00f0i einu, og alla \u00fe\u00e1, er sj\u00fakir voru, l\u00e6kna\u00f0i hann.<a name=\"17\"><span class=\"versanumer\">17<\/span><\/a>\u00dea\u00f0 \u00e1tti a\u00f0 r\u00e6tast, sem sagt er fyrir munn Jesaja sp\u00e1manns: Hann t\u00f3k \u00e1 sig mein vor og bar sj\u00fakd\u00f3ma vora.<a name=\"18\"><span class=\"versanumer\">18<\/span><\/a>En \u00feegar Jes\u00fas s\u00e1 mikinn mannfj\u00f6lda kringum sig, bau\u00f0 hann a\u00f0 fara yfir um vatni\u00f0.<a name=\"19\"><span class=\"versanumer\">19<\/span><\/a>\u00de\u00e1 kom fr\u00e6\u00f0ima\u00f0ur einn til hans og sag\u00f0i: Meistari, \u00e9g vil fylgja \u00fe\u00e9r, hvert sem \u00fe\u00fa fer\u00f0.<a name=\"20\"><span class=\"versanumer\">20<\/span><\/a>Jes\u00fas sag\u00f0i vi\u00f0 hann: Refar eiga greni og fuglar himins hrei\u00f0ur, en Mannssonurinn \u00e1 hvergi h\u00f6f\u00f0i s\u00ednu a\u00f0 a\u00f0 halla.<a name=\"21\"><span class=\"versanumer\">21<\/span><\/a>Annar, \u00far h\u00f3pi l\u00e6risveinanna, sag\u00f0i vi\u00f0 hann: Herra, leyf m\u00e9r fyrst a\u00f0 fara og jar\u00f0a f\u00f6\u00f0ur minn.<a name=\"22\"><span class=\"versanumer\">22<\/span><\/a>Jes\u00fas svarar honum: Fylg \u00fe\u00fa m\u00e9r, en l\u00e1t hina dau\u00f0u jar\u00f0a s\u00edna dau\u00f0u.<a name=\"23\"><span class=\"versanumer\">23<\/span><\/a>N\u00fa f\u00f3r hann \u00ed b\u00e1tinn og l\u00e6risveinar hans fylgdu honum.<a name=\"24\"><span class=\"versanumer\">24<\/span><\/a>\u00de\u00e1 gj\u00f6r\u00f0i svo miki\u00f0 ve\u00f0ur \u00e1 vatninu, a\u00f0 bylgjurnar gengu yfir b\u00e1tinn. En Jes\u00fas svaf.<a name=\"25\"><span class=\"versanumer\">25<\/span><\/a>\u00deeir fara til, vekja hann og segja: Herra, bjarga \u00fe\u00fa, v\u00e9r f\u00f6rumst.<a name=\"26\"><span class=\"versanumer\">26<\/span><\/a>Hann sag\u00f0i vi\u00f0 \u00fe\u00e1: Hv\u00ed eru\u00f0 \u00fe\u00e9r hr\u00e6ddir, \u00fe\u00e9r tr\u00falitlir? S\u00ed\u00f0an reis hann upp og hasta\u00f0i \u00e1 vindinn og vatni\u00f0, og var\u00f0 stillilogn.<a name=\"27\"><span class=\"versanumer\">27<\/span><\/a>Mennirnir undru\u00f0ust og s\u00f6g\u00f0u: Hv\u00edl\u00edkur ma\u00f0ur er \u00feetta? Jafnvel vindar og vatn hl\u00fd\u00f0a honum.<a name=\"28\"><span class=\"versanumer\">28<\/span><\/a>\u00deegar hann kom yfir um, \u00ed bygg\u00f0 Gadarena, komu \u00e1 m\u00f3ti honum fr\u00e1 gr\u00f6funum tveir menn haldnir illum \u00f6ndum, svo sk\u00e6\u00f0ir, a\u00f0 enginn m\u00e1tti \u00feann veg fara.<a name=\"29\"><span class=\"versanumer\">29<\/span><\/a>\u00deeir \u00e6pa: Hva\u00f0 vilt \u00fe\u00fa okkur, sonur Gu\u00f0s? Komstu hinga\u00f0 a\u00f0 kvelja okkur fyrir t\u00edmann?<a name=\"30\"><span class=\"versanumer\">30<\/span><\/a>En langt fr\u00e1 \u00feeim var mikil sv\u00ednahj\u00f6r\u00f0 \u00e1 beit.<a name=\"31\"><span class=\"versanumer\">31<\/span><\/a>Illu andarnir b\u00e1\u00f0u hann og s\u00f6g\u00f0u: Ef \u00fe\u00fa rekur okkur \u00fat, sendu okkur \u00fe\u00e1 \u00ed sv\u00ednahj\u00f6r\u00f0ina.<a name=\"32\"><span class=\"versanumer\">32<\/span><\/a>Hann sag\u00f0i: Fari\u00f0! \u00dat f\u00f3ru \u00feeir og \u00ed sv\u00ednin, og \u00f6ll hj\u00f6r\u00f0in ruddist fram af hamrinum \u00ed vatni\u00f0 og t\u00fdndist \u00fear.<a name=\"33\"><span class=\"versanumer\">33<\/span><\/a>En hir\u00f0arnir fl\u00fd\u00f0u, komu til borgarinnar og s\u00f6g\u00f0u \u00f6ll t\u00ed\u00f0indin, l\u00edka fr\u00e1 m\u00f6nnunum, sem haldnir voru illum \u00f6ndum.<a name=\"34\"><span class=\"versanumer\">34<\/span><\/a>Og allir borgarmenn f\u00f3ru \u00fat til m\u00f3ts vi\u00f0 Jes\u00fa, og \u00feegar \u00feeir s\u00e1u hann, b\u00e1\u00f0u \u00feeir hann a\u00f0 fara burt \u00far h\u00e9ru\u00f0um \u00feeirra.<\/p>\n<div class=\"footnote1981\"><b>8.1-4<\/b> Hlst. Mrk 1.40-45; L\u00fak 5.12-16<br \/>\n<b>8.2<\/b> L\u00edk\u00fer\u00e1ir 5M\u00f3s 28.27,35; 3M\u00f3s 13-14; Matt 10.8; 11.5; Mrk 1.40<br \/>\n<b>8.3<\/b> Hreinn 2Kon 5.13-14<br \/>\n<b>8.4<\/b> Segja engum Dan 12.4,9; Matt 9.30; 12.16; 16.20; 17.9; Mrk 1.34,44; 3.12; 7.36; 8.30; 9.9 \u2013 s\u00fdna presti L\u00fak 17.14 \u2013 \u00e1kv\u00e6\u00f0i um f\u00f3rnir 3M\u00f3s 14.2-32 \u2013 til vitnisbur\u00f0ar L\u00fak 5.14<br \/>\n<b>8.5-13<\/b> Hlst. L\u00fak 7.1-10; J\u00f3h 4.43-54<br \/>\n<b>8.12<\/b> B\u00f6rn r\u00edkisins Matt 13.38 \u2013 ystu myrkur Matt 22.13; 25.30 \u2013 gr\u00e1tur og gn\u00edstran tanna Job 16.9; Slm 35.16; 37.12; Matt 13.42-43,50; 22.13; 24.51; 25.30; L\u00fak 13.28<br \/>\n<b>8.13<\/b> Sem \u00fe\u00fa tr\u00fair Matt 9.29; 15.28 \u2013 \u00e1 \u00feeirri stundu J\u00f3h 4.52-53<br \/>\n<b>8.14-17<\/b> Hlst. Mrk 1.29-34; L\u00fak 4.38-41<br \/>\n<b>8.15<\/b> R\u00edsa upp Matt 9.25; 16.21; 17.23; 20.19; 26.32; 28.6; Mrk 9.27; Post 3.15; 13.37; 1Kor 15.4<br \/>\n<b>8.16<\/b> Me\u00f0 or\u00f0i einu Matt 8.8; Mrk 2.10; L\u00fak 4.36; 1\u00deess 2.13; Heb 4.12<br \/>\n<b>8.17<\/b> Sbr Jes 53.4; Matt 1.22+<br \/>\n<b>8.18-22<\/b> Hlst. L\u00fak 9.57-62<br \/>\n<b>8.20<\/b> Mannssonurinn Dan 7.13; Matt 8.20; 9.6; 11.19; 12.8; 16.13,27; 17.9,22; 20.18; 24.30; 26.2,24,45 og \u00e1fr.; Post 7.56; Opb 1.13; 14.14; sbr Matt 10.23+<br \/>\n<b>8.21<\/b> Leyf m\u00e9r fyrst 1Kon 19.20<br \/>\n<b>8.22<\/b> Fylg m\u00e9r Matt 4.19+<br \/>\n<b>8.23-27<\/b> Hlst. Mrk 4.35-41; L\u00fak 8.22-25<br \/>\n<b>8.24<\/b> Stormur, jar\u00f0skj\u00e1lfti Matt 24.7; 27.51,54; 28.2,4<br \/>\n<b>8.26<\/b> Hin tr\u00falitlu Matt 6.30+ &#8211; hasta \u00e1 Mrk 1.25; 9.25; L\u00fak 4.39 \u2013 vatni\u00f0 Slm 65.8; 89.10; 93.3-4<br \/>\n<b>8.27<\/b> Mennirnir Matt 4.19; 5.13; 6.1,2; 10.7,32-33; 16.13<br \/>\n<b>8.28-34<\/b> Hlst. Mrk 5.1-20; L\u00fak 8.26-39<br \/>\n<b>8.29<\/b> Hva\u00f0 vilt \u00fe\u00fa okkur? D\u00f3m 11.12; 2Sam 16.10; 19.22; 1Kon 17.18 o.\u00e1fr.; Mrk 1.24; L\u00fak 4.34; J\u00f3h 2.4<\/div>\n","protected":false},"excerpt":{"rendered":"<p>1N\u00fa gekk Jes\u00fas ni\u00f0ur af fjallinu, og fylgdi honum mikill mannfj\u00f6ldi.2\u00de\u00e1 kom til hans l\u00edk\u00fer\u00e1r ma\u00f0ur, laut honum og sag\u00f0i: Herra, ef \u00fe\u00fa vilt, getur \u00fe\u00fa hreinsa\u00f0 mig.3Jes\u00fas r\u00e9tti \u00fat h\u00f6ndina, snart hann og m\u00e6lti: \u00c9g vil, ver\u00f0 \u00fe\u00fa hreinn! Jafnskj\u00f3tt var\u00f0 hann hreinn af l\u00edk\u00fer\u00e1nni.4Jes\u00fas sag\u00f0i vi\u00f0 hann: G\u00e6t \u00feess a\u00f0 segja \u00feetta engum, en far \u00fe\u00fa, s\u00fdn \u00feig prestinum, og f\u00e6r\u00f0u \u00fe\u00e1 f\u00f3rn, sem M\u00f3se bau\u00f0, \u00feeim til vitnisbur\u00f0ar.5\u00deegar hann kom til Kapernaum, gekk til hans hundra\u00f0sh\u00f6f\u00f0ingi og ba\u00f0 hann:6Herra, sveinn minn liggur heima lami, mj\u00f6g \u00feungt haldinn.7Jes\u00fas sag\u00f0i: \u00c9g kem og l\u00e6kna hann.8\u00de\u00e1 sag\u00f0i hundra\u00f0sh\u00f6f\u00f0inginn: Herra, \u00e9g <a href=\"https:\/\/biblian.is\/1981\/matteusargudspjall-8-kafli\/\"> [&#8230;]<\/a><\/p>\n","protected":false},"author":1,"featured_media":0,"parent":0,"menu_order":0,"comment_status":"open","ping_status":"open","template":"bibliukaflar.php","meta":{"footnotes":""},"class_list":["post-2284","page","type-page","status-publish","hentry"],"_links":{"self":[{"href":"https:\/\/biblian.is\/1981\/wp-json\/wp\/v2\/pages\/2284","targetHints":{"allow":["GET"]}}],"collection":[{"href":"https:\/\/biblian.is\/1981\/wp-json\/wp\/v2\/pages"}],"about":[{"href":"https:\/\/biblian.is\/1981\/wp-json\/wp\/v2\/types\/page"}],"author":[{"embeddable":true,"href":"https:\/\/biblian.is\/1981\/wp-json\/wp\/v2\/users\/1"}],"replies":[{"embeddable":true,"href":"https:\/\/biblian.is\/1981\/wp-json\/wp\/v2\/comments?post=2284"}],"version-history":[{"count":0,"href":"https:\/\/biblian.is\/1981\/wp-json\/wp\/v2\/pages\/2284\/revisions"}],"wp:attachment":[{"href":"https:\/\/biblian.is\/1981\/wp-json\/wp\/v2\/media?parent=2284"}],"curies":[{"name":"wp","href":"https:\/\/api.w.org\/{rel}","templated":true}]}}