{"id":2282,"date":"2017-11-18T20:21:05","date_gmt":"2017-11-18T20:21:05","guid":{"rendered":"http:\/\/biblian.is\/1981\/matteusargudspjall-6-kafli\/"},"modified":"2021-06-06T11:04:01","modified_gmt":"2021-06-06T11:04:01","slug":"matteusargudspjall-6-kafli","status":"publish","type":"page","link":"https:\/\/biblian.is\/1981\/matteusargudspjall-6-kafli\/","title":{"rendered":"Matteusargu\u00f0spjall 6. kafli"},"content":{"rendered":"<p><a name=\"1\"><span class=\"versanumer\">1<\/span><\/a>Varist a\u00f0 i\u00f0ka r\u00e9ttl\u00e6ti y\u00f0ar fyrir m\u00f6nnum, \u00feeim til s\u00fdnis, annars eigi\u00f0 \u00fe\u00e9r engin laun hj\u00e1 f\u00f6\u00f0ur y\u00f0ar \u00e1 himnum.<a name=\"2\"><span class=\"versanumer\">2<\/span><\/a>\u00deegar \u00fe\u00fa gefur \u00f6lmusu, skaltu ekki l\u00e1ta \u00feeyta l\u00fa\u00f0ur fyrir \u00fe\u00e9r, eins og hr\u00e6snarar gj\u00f6ra \u00ed samkunduh\u00fasum og \u00e1 str\u00e6tum til \u00feess a\u00f0 hlj\u00f3ta lof af m\u00f6nnum. Sannlega segi \u00e9g y\u00f0ur, \u00feeir hafa teki\u00f0 \u00fat laun s\u00edn.<a name=\"3\"><span class=\"versanumer\">3<\/span><\/a>En \u00feegar \u00fe\u00fa gefur \u00f6lmusu, viti vinstri h\u00f6nd \u00fe\u00edn ekki, hva\u00f0 s\u00fa h\u00e6gri gj\u00f6rir,<a name=\"4\"><span class=\"versanumer\">4<\/span><\/a>svo a\u00f0 \u00f6lmusa \u00fe\u00edn s\u00e9 \u00ed leynum, og fa\u00f0ir \u00feinn, sem s\u00e9r \u00ed leynum, mun umbuna \u00fe\u00e9r.<a name=\"5\"><span class=\"versanumer\">5<\/span><\/a>Og \u00feegar \u00fe\u00e9r bi\u00f0jist fyrir, \u00fe\u00e1 veri\u00f0 ekki eins og hr\u00e6snararnir. \u00deeir vilja helst standa og bi\u00f0jast fyrir \u00ed samkundum og \u00e1 gatnam\u00f3tum, til \u00feess a\u00f0 menn sj\u00e1i \u00fe\u00e1. Sannlega segi \u00e9g y\u00f0ur, \u00feeir hafa teki\u00f0 \u00fat laun s\u00edn.<a name=\"6\"><span class=\"versanumer\">6<\/span><\/a>En n\u00e6r \u00fe\u00fa bi\u00f0st fyrir, skaltu ganga inn \u00ed herbergi \u00feitt, loka dyrunum og bi\u00f0ja f\u00f6\u00f0ur \u00feinn, sem er \u00ed leynum. Fa\u00f0ir \u00feinn, sem s\u00e9r \u00ed leynum, mun umbuna \u00fe\u00e9r.<a name=\"7\"><span class=\"versanumer\">7<\/span><\/a>\u00deegar \u00fe\u00e9r bi\u00f0jist fyrir, skulu\u00f0 \u00fe\u00e9r ekki fara me\u00f0 f\u00e1n\u00fdta m\u00e6lgi a\u00f0 h\u00e6tti hei\u00f0ingja. \u00deeir hyggja, a\u00f0 \u00feeir ver\u00f0i b\u00e6nheyr\u00f0ir fyrir m\u00e6lgi s\u00edna.<a name=\"8\"><span class=\"versanumer\">8<\/span><\/a>L\u00edkist \u00feeim ekki. Fa\u00f0ir y\u00f0ar veit, hvers \u00fe\u00e9r \u00feurfi\u00f0, \u00e1\u00f0ur en \u00fe\u00e9r bi\u00f0ji\u00f0 hann.<a name=\"9\"><span class=\"versanumer\">9<\/span><\/a>En \u00feannig skulu\u00f0 \u00fe\u00e9r bi\u00f0ja: Fa\u00f0ir vor, \u00fe\u00fa sem ert \u00e1 himnum. Helgist \u00feitt nafn,<a name=\"10\"><span class=\"versanumer\">10<\/span><\/a>til komi \u00feitt r\u00edki, ver\u00f0i \u00feinn vilji, svo \u00e1 j\u00f6r\u00f0u sem \u00e1 himni.<a name=\"11\"><span class=\"versanumer\">11<\/span><\/a>Gef oss \u00ed dag vort daglegt brau\u00f0.<a name=\"12\"><span class=\"versanumer\">12<\/span><\/a>Fyrirgef oss vorar skuldir, svo sem v\u00e9r og fyrirgefum vorum skuldunautum.<a name=\"13\"><span class=\"versanumer\">13<\/span><\/a>Og eigi lei\u00f0 \u00fe\u00fa oss \u00ed freistni, heldur frelsa oss fr\u00e1 illu.  \u00dev\u00ed a\u00f0 \u00feitt er r\u00edki\u00f0, m\u00e1tturinn og d\u00fdr\u00f0in a\u00f0 eil\u00edfu, amen.<a name=\"14\"><span class=\"versanumer\">14<\/span><\/a>Ef \u00fe\u00e9r fyrirgefi\u00f0 m\u00f6nnum misgj\u00f6r\u00f0ir \u00feeirra, \u00fe\u00e1 mun og fa\u00f0ir y\u00f0ar himneskur fyrirgefa y\u00f0ur.<a name=\"15\"><span class=\"versanumer\">15<\/span><\/a>En ef \u00fe\u00e9r fyrirgefi\u00f0 ekki \u00f6\u00f0rum, mun fa\u00f0ir y\u00f0ar ekki heldur fyrirgefa misgj\u00f6r\u00f0ir y\u00f0ar.<a name=\"16\"><span class=\"versanumer\">16<\/span><\/a>\u00deegar \u00fe\u00e9r fasti\u00f0, \u00fe\u00e1 veri\u00f0 ekki daprir \u00ed brag\u00f0i, eins og hr\u00e6snarar. \u00deeir afmynda andlit s\u00edn, svo a\u00f0 engum dyljist, a\u00f0 \u00feeir fasta. Sannlega segi \u00e9g y\u00f0ur, \u00feeir hafa teki\u00f0 \u00fat laun s\u00edn.<a name=\"17\"><span class=\"versanumer\">17<\/span><\/a>En n\u00e6r \u00fe\u00fa fastar, \u00fe\u00e1 smyr h\u00f6fu\u00f0 \u00feitt og \u00fevo andlit \u00feitt,<a name=\"18\"><span class=\"versanumer\">18<\/span><\/a>svo a\u00f0 menn ver\u00f0i ekki varir vi\u00f0, a\u00f0 \u00fe\u00fa fastar, heldur fa\u00f0ir \u00feinn, sem er \u00ed leynum. Og fa\u00f0ir \u00feinn, sem s\u00e9r \u00ed leynum, mun umbuna \u00fe\u00e9r.<a name=\"19\"><span class=\"versanumer\">19<\/span><\/a>Safni\u00f0 y\u00f0ur ekki fj\u00e1rsj\u00f3\u00f0um \u00e1 j\u00f6r\u00f0u, \u00fear sem m\u00f6lur og ry\u00f0 ey\u00f0ir og \u00fej\u00f3far brj\u00f3tast inn og stela.<a name=\"20\"><span class=\"versanumer\">20<\/span><\/a>Safni\u00f0 y\u00f0ur heldur fj\u00e1rsj\u00f3\u00f0um \u00e1 himni, \u00fear sem hvorki ey\u00f0ir m\u00f6lur n\u00e9 ry\u00f0 og \u00fej\u00f3far brj\u00f3tast ekki inn og stela.<a name=\"21\"><span class=\"versanumer\">21<\/span><\/a>\u00dev\u00ed hvar sem fj\u00e1rsj\u00f3\u00f0ur \u00feinn er, \u00fear mun og hjarta \u00feitt vera.<a name=\"22\"><span class=\"versanumer\">22<\/span><\/a>Auga\u00f0 er lampi l\u00edkamans. S\u00e9 auga \u00feitt heilt, mun allur l\u00edkami \u00feinn bjartur.<a name=\"23\"><span class=\"versanumer\">23<\/span><\/a>En s\u00e9 auga \u00feitt spillt, ver\u00f0ur allur l\u00edkami \u00feinn dimmur. Ef n\u00fa lj\u00f3si\u00f0 \u00ed \u00fe\u00e9r er myrkur, hv\u00edl\u00edkt ver\u00f0ur \u00fe\u00e1 myrkri\u00f0.<a name=\"24\"><span class=\"versanumer\">24<\/span><\/a>Enginn getur \u00fej\u00f3na\u00f0 tveimur herrum. Anna\u00f0hvort hatar hann annan og elskar hinn e\u00f0a \u00fe\u00fd\u00f0ist annan og afr\u00e6kir hinn. \u00de\u00e9r geti\u00f0 ekki \u00fej\u00f3na\u00f0 Gu\u00f0i og mamm\u00f3n.<a name=\"25\"><span class=\"versanumer\">25<\/span><\/a>\u00dev\u00ed segi \u00e9g y\u00f0ur: Veri\u00f0 ekki \u00e1hyggjufullir um l\u00edf y\u00f0ar, hva\u00f0 \u00fe\u00e9r eigi\u00f0 a\u00f0 eta e\u00f0a drekka, n\u00e9 heldur um l\u00edkama y\u00f0ar, hverju \u00fe\u00e9r eigi\u00f0 a\u00f0 kl\u00e6\u00f0ast. Er l\u00edfi\u00f0 ekki meira en f\u00e6\u00f0an og l\u00edkaminn meira en kl\u00e6\u00f0in?<a name=\"26\"><span class=\"versanumer\">26<\/span><\/a>L\u00edti\u00f0 til fugla himinsins. Hvorki s\u00e1 \u00feeir n\u00e9 uppskera n\u00e9 safna \u00ed hl\u00f6\u00f0ur og fa\u00f0ir y\u00f0ar himneskur f\u00e6\u00f0ir \u00fe\u00e1. Eru\u00f0 \u00fe\u00e9r ekki miklu fremri \u00feeim?<a name=\"27\"><span class=\"versanumer\">27<\/span><\/a>Og hver y\u00f0ar getur me\u00f0 \u00e1hyggjum auki\u00f0 einni sp\u00f6nn vi\u00f0 aldur sinn?<a name=\"28\"><span class=\"versanumer\">28<\/span><\/a>Og hv\u00ed eru\u00f0 \u00fe\u00e9r \u00e1hyggjufullir um kl\u00e6\u00f0i? Hyggi\u00f0 a\u00f0 liljum vallarins, hversu \u00fe\u00e6r vaxa. Hvorki vinna \u00fe\u00e6r n\u00e9 spinna.<a name=\"29\"><span class=\"versanumer\">29<\/span><\/a>En \u00e9g segi y\u00f0ur: Jafnvel Sal\u00f3mon \u00ed allri sinni d\u00fdr\u00f0 var ekki svo b\u00fainn sem ein \u00feeirra.<a name=\"30\"><span class=\"versanumer\">30<\/span><\/a>Fyrst Gu\u00f0 skr\u00fd\u00f0ir svo gras vallarins, sem \u00ed dag stendur, en \u00e1 morgun ver\u00f0ur \u00ed ofn kasta\u00f0, skyldi hann \u00fe\u00e1 ekki miklu fremur kl\u00e6\u00f0a y\u00f0ur, \u00fe\u00e9r tr\u00falitlir!<a name=\"31\"><span class=\"versanumer\">31<\/span><\/a>Segi\u00f0 \u00fev\u00ed ekki \u00e1hyggjufullir: Hva\u00f0 eigum v\u00e9r a\u00f0 eta? Hva\u00f0 eigum v\u00e9r a\u00f0 drekka? Hverju eigum v\u00e9r a\u00f0 kl\u00e6\u00f0ast?<a name=\"32\"><span class=\"versanumer\">32<\/span><\/a>Allt \u00feetta stunda hei\u00f0ingjarnir, og y\u00f0ar himneski fa\u00f0ir veit, a\u00f0 \u00fe\u00e9r \u00fearfnist alls \u00feessa.<a name=\"33\"><span class=\"versanumer\">33<\/span><\/a>En leiti\u00f0 fyrst r\u00edkis hans og r\u00e9ttl\u00e6tis, \u00fe\u00e1 mun allt \u00feetta veitast y\u00f0ur a\u00f0 auki.<a name=\"34\"><span class=\"versanumer\">34<\/span><\/a>Hafi\u00f0 \u00fev\u00ed ekki \u00e1hyggjur af morgundeginum. Morgundagurinn mun hafa s\u00ednar \u00e1hyggjur. Hverjum degi n\u00e6gir s\u00edn \u00fej\u00e1ning.<\/p>\n<div class=\"footnote1981\"><b>6.1<\/b> Til s\u00fdnis Matt  6.5,16; 23.5 \u2013 laun Matt 5.46+<br \/>\n<b>6.2<\/b> Hr\u00e6snarar Matt 6.5,16; 7.5; 15.7; 22.18; 23.13; 24.51; L\u00fak 6.42; 12.56; 13.15<br \/>\n<b>6.5-15<\/b> Hlst. L\u00fak 11.2-4<br \/>\n<b>6.6<\/b> Herbergi \u00feitt Jes 26.20; Dan 6.11 \u2013 loka dyrum 2Kon 4.33<br \/>\n<b>6.7<\/b> F\u00e1n\u00fdt m\u00e6lgi hei\u00f0ingja 1Kon 18.27; Jes 1.15; S\u00edr 7.14<br \/>\n<b>6.8<\/b> Fa\u00f0ir y\u00f0ar veit Matt 6.32; L\u00fak 12.30<br \/>\n<b>6.9<\/b> Fa\u00f0ir \u00e1 himnum Matt 5.16,45; 6.1,9; 7.11; 12.50; 16.17; 18.14; 23.9; Mrk 11.25; L\u00fak 11.13 \u2013 helgist \u00feitt nafn 3M\u00f3s 22.32; 5M\u00f3s 32.51; Esk 28.22,25; 36.23; sbr J\u00f3h 12.28<br \/>\n<b>6.10<\/b> R\u00edki \u00feitt Matt 3.2+ &#8211; Gu\u00f0s r\u00edki Matt 6.33; 12.28; 19.24; 21.31,43; Mrk 1.15; 4.11,26,30; 9.1,47; 10.14,15,23-25; 12.34; 14.25; 15.43 og hlst.; J\u00f3h 3.3,5; Post 1.3; 8.12; 14.22; 19.8; 28.23,31; R\u00f3m 14.17; 1Kor 4.20; 6.9; 15.24,50; Gal 5.21; K\u00f3l 4.11; 1\u00deess 2.12; 2\u00deess 1.5; Jak 2.5; Opb 12.10 \u2013 vilji \u00feinn Jes 44.28; Esk 36.27; Matt 7.21,24-27; 12.50; 18.14; 21.31; 26.42 og hlst.; J\u00f3h 7.17; 9.31; Ef 1.5,9<br \/>\n<b>6.11<\/b> Daglegt brau\u00f0 Matt 6.34<br \/>\n<b>6.12<\/b> Uppgj\u00f6f skuldar Matt 18.24-27 \u2013 svo sem v\u00e9r og Matt 5.7; 6.14-15; 18.28-35; Mrk 11.25<br \/>\n<b>6.13<\/b> Freisting Matt 4.1-10 og hlst. 26.41 og hlst.; 1Kor 7.5; 10.13; 1\u00deess 3.5; 1T\u00edm 6.9; Jak 1.13; 1P\u00e9t 5.5-9; Opb 2.10 \u2013 fr\u00e1 illu \/ hinum vonda Matt 5.37; 13.19,38; J\u00f3h 17.15; 2\u00deess 3.3<br \/>\n<b>6.14<\/b> Fyrirgefa Ef 4.32; K\u00f3l 3.13<br \/>\n<b>6.15<\/b> Ef &#8230; Matt 18.35<br \/>\n<b>6.16<\/b> Fasta 2M\u00f3s 34.28; Dan 9.3; Jl 2.12; Matt 4.2; 9.14-17; 17.21; Post 13.2-3; 14.23 \u2013 s\u00fdnast fyrir m\u00f6nnum Matt 6.5; 23.5<br \/>\n<b>6.19<\/b> M\u00f6lur Jak 5.2-3 \u2013 brj\u00f3tast inn Matt 24.43<br \/>\n<b>6.20<\/b> Fj\u00e1rsj\u00f3\u00f0ur \u00e1 himni Matt 19.21 og hlst.; K\u00f3l 3.1-2<br \/>\n<b>6.22-23<\/b> Hlst. L\u00fak 11.34-36<br \/>\n<b>6.23<\/b> Spillt auga Matt 20.15; Mrk 7.22<br \/>\n<b>6.24-34<\/b> Hlst. L\u00fak 16.19; 12.22-31<br \/>\n<b>6.24<\/b> Peningar, mamm\u00f3n L\u00fak 16.9<br \/>\n<b>6.25<\/b> Ekki \u00e1hyggjufull Matt 6.11; 7.7-11; 16.5-12; Mrk 13.15; Fil 4.6; 1P\u00e9t 5.7<br \/>\n<b>6.26<\/b> Fremri fuglunum Matt 10.31; L\u00fak 12.7,24<br \/>\n<b>6.29<\/b> Sal\u00f3mon 1Kon 10<br \/>\n<b>6.30<\/b> \u00de\u00e9r tr\u00fal\u00edtil Matt 8.26; 14.31; 16.8; 17.20; L\u00fak 12.28<br \/>\n<b>6.32<\/b> Fa\u00f0ir y\u00f0ar veit Matt 6.8; L\u00fak 12.30<br \/>\n<b>6.34<\/b> Morgundagurinn 2M\u00f3s 16.4-5,19-20<\/div>\n","protected":false},"excerpt":{"rendered":"<p>1Varist a\u00f0 i\u00f0ka r\u00e9ttl\u00e6ti y\u00f0ar fyrir m\u00f6nnum, \u00feeim til s\u00fdnis, annars eigi\u00f0 \u00fe\u00e9r engin laun hj\u00e1 f\u00f6\u00f0ur y\u00f0ar \u00e1 himnum.2\u00deegar \u00fe\u00fa gefur \u00f6lmusu, skaltu ekki l\u00e1ta \u00feeyta l\u00fa\u00f0ur fyrir \u00fe\u00e9r, eins og hr\u00e6snarar gj\u00f6ra \u00ed samkunduh\u00fasum og \u00e1 str\u00e6tum til \u00feess a\u00f0 hlj\u00f3ta lof af m\u00f6nnum. Sannlega segi \u00e9g y\u00f0ur, \u00feeir hafa teki\u00f0 \u00fat laun s\u00edn.3En \u00feegar \u00fe\u00fa gefur \u00f6lmusu, viti vinstri h\u00f6nd \u00fe\u00edn ekki, hva\u00f0 s\u00fa h\u00e6gri gj\u00f6rir,4svo a\u00f0 \u00f6lmusa \u00fe\u00edn s\u00e9 \u00ed leynum, og fa\u00f0ir \u00feinn, sem s\u00e9r \u00ed leynum, mun umbuna \u00fe\u00e9r.5Og \u00feegar \u00fe\u00e9r bi\u00f0jist fyrir, \u00fe\u00e1 veri\u00f0 ekki eins og hr\u00e6snararnir. \u00deeir vilja helst standa og <a href=\"https:\/\/biblian.is\/1981\/matteusargudspjall-6-kafli\/\"> [&#8230;]<\/a><\/p>\n","protected":false},"author":1,"featured_media":0,"parent":0,"menu_order":0,"comment_status":"open","ping_status":"open","template":"bibliukaflar.php","meta":{"footnotes":""},"class_list":["post-2282","page","type-page","status-publish","hentry"],"_links":{"self":[{"href":"https:\/\/biblian.is\/1981\/wp-json\/wp\/v2\/pages\/2282","targetHints":{"allow":["GET"]}}],"collection":[{"href":"https:\/\/biblian.is\/1981\/wp-json\/wp\/v2\/pages"}],"about":[{"href":"https:\/\/biblian.is\/1981\/wp-json\/wp\/v2\/types\/page"}],"author":[{"embeddable":true,"href":"https:\/\/biblian.is\/1981\/wp-json\/wp\/v2\/users\/1"}],"replies":[{"embeddable":true,"href":"https:\/\/biblian.is\/1981\/wp-json\/wp\/v2\/comments?post=2282"}],"version-history":[{"count":0,"href":"https:\/\/biblian.is\/1981\/wp-json\/wp\/v2\/pages\/2282\/revisions"}],"wp:attachment":[{"href":"https:\/\/biblian.is\/1981\/wp-json\/wp\/v2\/media?parent=2282"}],"curies":[{"name":"wp","href":"https:\/\/api.w.org\/{rel}","templated":true}]}}