{"id":2280,"date":"2017-11-18T20:21:05","date_gmt":"2017-11-18T20:21:05","guid":{"rendered":"http:\/\/biblian.is\/1981\/matteusargudspjall-4-kafli\/"},"modified":"2021-06-06T11:04:00","modified_gmt":"2021-06-06T11:04:00","slug":"matteusargudspjall-4-kafli","status":"publish","type":"page","link":"https:\/\/biblian.is\/1981\/matteusargudspjall-4-kafli\/","title":{"rendered":"Matteusargu\u00f0spjall 4. kafli"},"content":{"rendered":"<p><a name=\"1\"><span class=\"versanumer\">1<\/span><\/a>\u00de\u00e1 leiddi andinn Jes\u00fa \u00fat \u00ed \u00f3bygg\u00f0ina, a\u00f0 hans yr\u00f0i freista\u00f0 af dj\u00f6flinum.<a name=\"2\"><span class=\"versanumer\">2<\/span><\/a>\u00dear fasta\u00f0i hann fj\u00f6rut\u00edu daga og fj\u00f6rut\u00edu n\u00e6tur og var \u00fe\u00e1 or\u00f0inn hungra\u00f0ur.<a name=\"3\"><span class=\"versanumer\">3<\/span><\/a>\u00de\u00e1 kom freistarinn og sag\u00f0i vi\u00f0 hann: Ef \u00fe\u00fa ert sonur Gu\u00f0s, \u00fe\u00e1 bj\u00f3\u00f0 \u00fe\u00fa, a\u00f0 steinar \u00feessir ver\u00f0i a\u00f0 brau\u00f0um.<a name=\"4\"><span class=\"versanumer\">4<\/span><\/a>Jes\u00fas svara\u00f0i: Rita\u00f0 er: Eigi lifir ma\u00f0urinn \u00e1 einu saman brau\u00f0i, heldur \u00e1 hverju \u00fev\u00ed or\u00f0i, sem fram gengur af Gu\u00f0s munni.<a name=\"5\"><span class=\"versanumer\">5<\/span><\/a>\u00de\u00e1 tekur dj\u00f6fullinn hann me\u00f0 s\u00e9r \u00ed borgina helgu, setur hann \u00e1 br\u00fan musterisins<a name=\"6\"><span class=\"versanumer\">6<\/span><\/a>og segir vi\u00f0 hann: Ef \u00fe\u00fa ert sonur Gu\u00f0s, \u00fe\u00e1 kasta \u00fe\u00e9r ofan, \u00fev\u00ed a\u00f0 rita\u00f0 er: Hann mun fela \u00feig englum s\u00ednum, og \u00feeir munu bera \u00feig \u00e1 h\u00f6ndum s\u00e9r, a\u00f0 \u00fe\u00fa steytir ekki f\u00f3t \u00feinn vi\u00f0 steini.<a name=\"7\"><span class=\"versanumer\">7<\/span><\/a>Jes\u00fas svara\u00f0i honum: Aftur er rita\u00f0: Ekki skalt \u00fe\u00fa freista Drottins, Gu\u00f0s \u00fe\u00edns.<a name=\"8\"><span class=\"versanumer\">8<\/span><\/a>Enn tekur dj\u00f6fullinn hann me\u00f0 s\u00e9r upp \u00e1 ofurh\u00e1tt fjall, s\u00fdnir honum \u00f6ll r\u00edki heims og d\u00fdr\u00f0 \u00feeirra<a name=\"9\"><span class=\"versanumer\">9<\/span><\/a>og segir: Allt \u00feetta mun \u00e9g gefa \u00fe\u00e9r, ef \u00fe\u00fa fellur fram og tilbi\u00f0ur mig.<a name=\"10\"><span class=\"versanumer\">10<\/span><\/a>En Jes\u00fas sag\u00f0i vi\u00f0 hann: V\u00edk brott, Satan! Rita\u00f0 er: Drottin, Gu\u00f0 \u00feinn, skalt \u00fe\u00fa tilbi\u00f0ja og \u00fej\u00f3na honum einum.<a name=\"11\"><span class=\"versanumer\">11<\/span><\/a>\u00de\u00e1 f\u00f3r dj\u00f6fullinn fr\u00e1 Jes\u00fa. Og englar komu og \u00fej\u00f3nu\u00f0u honum.<a name=\"12\"><span class=\"versanumer\">12<\/span><\/a>\u00deegar hann heyr\u00f0i, a\u00f0 J\u00f3hannes hef\u00f0i veri\u00f0 tekinn h\u00f6ndum, h\u00e9lt hann til Gal\u00edleu.<a name=\"13\"><span class=\"versanumer\">13<\/span><\/a>Hann f\u00f3r fr\u00e1 Nasaret og settist a\u00f0 \u00ed Kapernaum vi\u00f0 vatni\u00f0 \u00ed bygg\u00f0um Seb\u00falons og Naftal\u00ed.<a name=\"14\"><span class=\"versanumer\">14<\/span><\/a>\u00deannig r\u00e6ttist \u00fea\u00f0, sem sagt er fyrir munn Jesaja sp\u00e1manns:<a name=\"15\"><span class=\"versanumer\">15<\/span><\/a>Seb\u00falonsland og Naftal\u00edland vi\u00f0 vatni\u00f0, landi\u00f0 handan J\u00f3rdanar, Gal\u00edlea hei\u00f0ingjanna.<a name=\"16\"><span class=\"versanumer\">16<\/span><\/a>S\u00fa \u00fej\u00f3\u00f0, sem \u00ed myrkri sat, s\u00e1 miki\u00f0 lj\u00f3s. \u00deeim er s\u00e1tu \u00ed skuggalandi dau\u00f0ans, er lj\u00f3s upp runni\u00f0.<a name=\"17\"><span class=\"versanumer\">17<\/span><\/a>Upp fr\u00e1 \u00feessu tekur Jes\u00fas a\u00f0 pr\u00e9dika og segja: Gj\u00f6ri\u00f0 i\u00f0run, himnar\u00edki er \u00ed n\u00e1nd.<a name=\"18\"><span class=\"versanumer\">18<\/span><\/a>Hann gekk me\u00f0 Gal\u00edleuvatni og s\u00e1 tvo br\u00e6\u00f0ur, S\u00edmon, sem kalla\u00f0ur var P\u00e9tur, og Andr\u00e9s, br\u00f3\u00f0ur hans, vera a\u00f0 kasta neti \u00ed vatni\u00f0, en \u00feeir voru fiskimenn.<a name=\"19\"><span class=\"versanumer\">19<\/span><\/a>Hann sag\u00f0i vi\u00f0 \u00fe\u00e1: Komi\u00f0 og fylgi\u00f0 m\u00e9r, og mun \u00e9g l\u00e1ta y\u00f0ur menn vei\u00f0a.<a name=\"20\"><span class=\"versanumer\">20<\/span><\/a>Og \u00feegar \u00ed sta\u00f0 yfirg\u00e1fu \u00feeir netin og fylgdu honum.<a name=\"21\"><span class=\"versanumer\">21<\/span><\/a>Hann gekk \u00e1fram \u00fea\u00f0an og s\u00e1 tvo a\u00f0ra br\u00e6\u00f0ur, Jakob Sebedeusson og J\u00f3hannes, br\u00f3\u00f0ur hans. \u00deeir voru \u00ed b\u00e1tnum me\u00f0 Sebedeusi, f\u00f6\u00f0ur s\u00ednum, a\u00f0 b\u00faa net s\u00edn. Jes\u00fas kalla\u00f0i \u00fe\u00e1,<a name=\"22\"><span class=\"versanumer\">22<\/span><\/a>og \u00feeir yfirg\u00e1fu jafnskj\u00f3tt b\u00e1tinn og f\u00f6\u00f0ur sinn og fylgdu honum.<a name=\"23\"><span class=\"versanumer\">23<\/span><\/a>Hann f\u00f3r n\u00fa um alla Gal\u00edleu, kenndi \u00ed samkundum \u00feeirra, pr\u00e9dika\u00f0i fagna\u00f0arerindi\u00f0 um r\u00edki\u00f0 og l\u00e6kna\u00f0i hvers kyns sj\u00fakd\u00f3m og veikindi me\u00f0al l\u00fd\u00f0sins.<a name=\"24\"><span class=\"versanumer\">24<\/span><\/a>Or\u00f0st\u00edr hans barst um allt S\u00fdrland, og menn f\u00e6r\u00f0u til hans alla, sem \u00fej\u00e1\u00f0ust af \u00fdmsum sj\u00fakd\u00f3mum og kv\u00f6lum, voru haldnir illum \u00f6ndum, tunglsj\u00faka menn og lama. Og hann l\u00e6kna\u00f0i \u00fe\u00e1.<a name=\"25\"><span class=\"versanumer\">25<\/span><\/a>Mikill mannfj\u00f6ldi fylgdi honum \u00far Gal\u00edleu, Dekap\u00f3lis, Jer\u00fasalem, J\u00fadeu og landinu handan J\u00f3rdanar.<\/p>\n<div class=\"footnote1981\"><b>4.1-11<\/b> Hlst. Mrk 1.12-13; L\u00fak 4.1-13<br \/>\n<b>4.1<\/b> \u00cd \u00f3bygg\u00f0inni Matt 3.1+ &#8211; freista Heb 2.18; 4.15<br \/>\n<b>4.2<\/b> Fj\u00f6rut\u00edu 1M\u00f3s 7.4; 2M\u00f3s 24.18; 34.28; 5M\u00f3s 9.9,18; 4M\u00f3s 14.34; 1Kon 19.8; Post 1.3; 4.22; 7.23; 13.18; Heb 3.9,17<br \/>\n<b>4.3<\/b> Dj\u00f6fullinn freistar Matt 16.1; 19.3; 22.18,35 \u2013 ef \u00fe\u00fa ert &#8230; Matt 4.6; 27.40<br \/>\n<b>4.4<\/b> Sbr 5M\u00f3s 8.3<br \/>\n<b>4.5<\/b> Borgin helga Neh 11.1; Jes 52.1; Matt 27.53; Opb 11.2; 21.2,10; 22.19<br \/>\n<b>4.6<\/b> Sbr Slm 91.11-12<br \/>\n<b>4.7<\/b> 5M\u00f3s 6.16 \u2013 freista Gu\u00f0s 2M\u00f3s 17.2-7; 4M\u00f3s 14.22; Slm 78.18 og \u00e1fr.; 1Kor 10.9<br \/>\n<b>4.8<\/b> Heimurinn Matt 18.7+<br \/>\n<b>4.9<\/b> Tilbi\u00f0ja Matt 2.2; 28.17<br \/>\n<b>4.10<\/b> V\u00edk brott Matt 16.23; 5M\u00f3s 6.13<br \/>\n<b>4.12-17<\/b> Hlst. Mrk 1.14-15; L\u00fak 4.14-15<br \/>\n<b>4.12<\/b> J\u00f3hannes sk\u00edrari handtekinn Matt 14.3; Mrk 6.17; L\u00fak 3.20; J\u00f3h 3.24<br \/>\n<b>4.13<\/b> Kaperna\u00fam Matt 8.5; 11.23; 17.24; Mrk 1.21; 2.1; L\u00fak 4.23; J\u00f3h 2.12; 4.46; 6.17<br \/>\n<b>4.15-16<\/b> Jes 9.1-2 \u2013 Gal\u00edlea Matt 2.22+<br \/>\n<b>4.16<\/b> Myrkur, lj\u00f3s Matt 10.27; L\u00fak 1.79; 11.34-36; 12.3; J\u00f3h 1.5; 3.19; 8.12; 12.35,46; Post 26.18; R\u00f3m 2.19; 13.12; 1Kor 4.5; 2Kor 4.6; 6.14; Ef 5.8; K\u00f3l 1.13; 1\u00deess 5.4; 1P\u00e9t 2.9; 1J\u00f3h 1.5-6; 2.8,9,11; Opb 8.12<br \/>\n<b>4.17<\/b> Pr\u00e9dikun Matt 3.1+ &#8211; taki\u00f0 sinnaskiptum Matt 3.2+ &#8211; himnar\u00edki Matt 3.2+<br \/>\n<b>4.18-22<\/b> Hlst. Mrk 1.16-20; L\u00fak 5.1-11<br \/>\n<b>4.18<\/b> P\u00e9tur Matt 10.2; 14.28; 16.16-18,22-23; 17.1; 18.21; 19.27; 26.33-37 og hlst. L\u00fak 5.4-10; 22.31; 24.34; J\u00f3h 1.40-41; 3.6-10; 21.15-19; Post 2.14 og \u00e1fr.; 3.1-4.23; 5.1-10; 8.14-25; 9.32-43; 10.9-11.17; 15.7-11; Gal 2.7-14; 1P\u00e9t 1.1; sbr J\u00f3h 1.42; 1Kor 1.12; 3.22; 9.5; 15.5; Gal 1.18 \u2013 Andr\u00e9s Matt 10.2; Mrk 13.3; J\u00f3h 1.40-44; 6.8; 12.22<br \/>\n<b>4.19<\/b> \u00cd fylgd Jes\u00fa Matt 4.25; 8.1; 12.15; 14.13; 19.27 og \u00e1fr.; J\u00f3h 8.12; 10.27 \u2013 fylgi\u00f0 m\u00e9r Matt 8.22; 9.9; 10.38; 16.23-24; L\u00fak 14.27; J\u00f3h 1.43; 12.26; 13.36; 21.19; 1P\u00e9t 2.21; Opb 14.4<br \/>\n<b>4.21<\/b> Jakob og J\u00f3hannes Sededeussynir Matt 10.2; 17.1; 20.20; 26.37 og hlst.; L\u00fak 5.10; 9.54; Post 1.13 \u2013 Jakob Post 12.2 \u2013 J\u00f3hannes L\u00fak 22.8; Post 4.13-21; 8.14-17<br \/>\n<b>4.23-25<\/b> Hlst. L\u00fak 6.17-19<br \/>\n<b>4.23<\/b> Jes\u00fas kennir, pr\u00e9dikar, l\u00e6knar Matt 9.35; 11.5; Mrk 1.39 \u2013 fagna\u00f0arerindi\u00f0 um r\u00edki\u00f0 Matt 9.35; 24.14<br \/>\n<b>4.24<\/b> Sj\u00fakir og \u00fej\u00e1\u00f0ir Mrk 6.55-56<br \/>\n<b>4.25<\/b> Mikill mannfj\u00f6ldi Mrk 3.7-8<\/div>\n","protected":false},"excerpt":{"rendered":"<p>1\u00de\u00e1 leiddi andinn Jes\u00fa \u00fat \u00ed \u00f3bygg\u00f0ina, a\u00f0 hans yr\u00f0i freista\u00f0 af dj\u00f6flinum.2\u00dear fasta\u00f0i hann fj\u00f6rut\u00edu daga og fj\u00f6rut\u00edu n\u00e6tur og var \u00fe\u00e1 or\u00f0inn hungra\u00f0ur.3\u00de\u00e1 kom freistarinn og sag\u00f0i vi\u00f0 hann: Ef \u00fe\u00fa ert sonur Gu\u00f0s, \u00fe\u00e1 bj\u00f3\u00f0 \u00fe\u00fa, a\u00f0 steinar \u00feessir ver\u00f0i a\u00f0 brau\u00f0um.4Jes\u00fas svara\u00f0i: Rita\u00f0 er: Eigi lifir ma\u00f0urinn \u00e1 einu saman brau\u00f0i, heldur \u00e1 hverju \u00fev\u00ed or\u00f0i, sem fram gengur af Gu\u00f0s munni.5\u00de\u00e1 tekur dj\u00f6fullinn hann me\u00f0 s\u00e9r \u00ed borgina helgu, setur hann \u00e1 br\u00fan musterisins6og segir vi\u00f0 hann: Ef \u00fe\u00fa ert sonur Gu\u00f0s, \u00fe\u00e1 kasta \u00fe\u00e9r ofan, \u00fev\u00ed a\u00f0 rita\u00f0 er: Hann mun fela \u00feig englum <a href=\"https:\/\/biblian.is\/1981\/matteusargudspjall-4-kafli\/\"> [&#8230;]<\/a><\/p>\n","protected":false},"author":1,"featured_media":0,"parent":0,"menu_order":0,"comment_status":"open","ping_status":"open","template":"bibliukaflar.php","meta":{"footnotes":""},"class_list":["post-2280","page","type-page","status-publish","hentry"],"_links":{"self":[{"href":"https:\/\/biblian.is\/1981\/wp-json\/wp\/v2\/pages\/2280","targetHints":{"allow":["GET"]}}],"collection":[{"href":"https:\/\/biblian.is\/1981\/wp-json\/wp\/v2\/pages"}],"about":[{"href":"https:\/\/biblian.is\/1981\/wp-json\/wp\/v2\/types\/page"}],"author":[{"embeddable":true,"href":"https:\/\/biblian.is\/1981\/wp-json\/wp\/v2\/users\/1"}],"replies":[{"embeddable":true,"href":"https:\/\/biblian.is\/1981\/wp-json\/wp\/v2\/comments?post=2280"}],"version-history":[{"count":0,"href":"https:\/\/biblian.is\/1981\/wp-json\/wp\/v2\/pages\/2280\/revisions"}],"wp:attachment":[{"href":"https:\/\/biblian.is\/1981\/wp-json\/wp\/v2\/media?parent=2280"}],"curies":[{"name":"wp","href":"https:\/\/api.w.org\/{rel}","templated":true}]}}