{"id":2279,"date":"2017-11-18T20:21:05","date_gmt":"2017-11-18T20:21:05","guid":{"rendered":"http:\/\/biblian.is\/1981\/matteusargudspjall-3-kafli\/"},"modified":"2021-06-06T11:04:00","modified_gmt":"2021-06-06T11:04:00","slug":"matteusargudspjall-3-kafli","status":"publish","type":"page","link":"https:\/\/biblian.is\/1981\/matteusargudspjall-3-kafli\/","title":{"rendered":"Matteusargu\u00f0spjall 3. kafli"},"content":{"rendered":"<p><a name=\"1\"><span class=\"versanumer\">1<\/span><\/a>\u00c1 \u00feeim d\u00f6gum kemur J\u00f3hannes sk\u00edrari fram og pr\u00e9dikar \u00ed \u00f3bygg\u00f0um J\u00fadeu.<a name=\"2\"><span class=\"versanumer\">2<\/span><\/a>Hann sag\u00f0i: Gj\u00f6ri\u00f0 i\u00f0run, himnar\u00edki er \u00ed n\u00e1nd.<a name=\"3\"><span class=\"versanumer\">3<\/span><\/a>J\u00f3hannes er s\u00e1 sem svo er um m\u00e6lt hj\u00e1 Jesaja sp\u00e1manni: R\u00f6dd hr\u00f3panda \u00ed ey\u00f0im\u00f6rk: Grei\u00f0i\u00f0 veg Drottins, gj\u00f6ri\u00f0 beinar brautir hans.<a name=\"4\"><span class=\"versanumer\">4<\/span><\/a>J\u00f3hannes bar kl\u00e6\u00f0i \u00far \u00falfaldah\u00e1ri og le\u00f0urbelti um lendar s\u00e9r og haf\u00f0i til matar engisprettur og villihunang.<a name=\"5\"><span class=\"versanumer\">5<\/span><\/a>Menn streymdu til hans fr\u00e1 Jer\u00fasalem, allri J\u00fadeu og J\u00f3rdanbygg\u00f0,<a name=\"6\"><span class=\"versanumer\">6<\/span><\/a>l\u00e9tu sk\u00edrast af honum \u00ed \u00e1nni J\u00f3rdan og j\u00e1tu\u00f0u syndir s\u00ednar.<a name=\"7\"><span class=\"versanumer\">7<\/span><\/a>\u00deegar hann s\u00e1, a\u00f0 margir far\u00edsear og sadd\u00fakear komu til sk\u00edrnar, sag\u00f0i hann vi\u00f0 \u00fe\u00e1: \u00de\u00e9r n\u00f6\u00f0ru kyn, hver kenndi y\u00f0ur a\u00f0 fl\u00fdja komandi rei\u00f0i?<a name=\"8\"><span class=\"versanumer\">8<\/span><\/a>Beri\u00f0 \u00fe\u00e1 \u00e1v\u00f6xt sambo\u00f0inn i\u00f0runinni!<a name=\"9\"><span class=\"versanumer\">9<\/span><\/a>L\u00e1ti\u00f0 y\u00f0ur ekki til hugar koma, a\u00f0 \u00fe\u00e9r geti\u00f0 sagt me\u00f0 sj\u00e1lfum y\u00f0ur: V\u00e9r eigum Abraham a\u00f0 f\u00f6\u00f0ur. \u00c9g segi y\u00f0ur, a\u00f0 Gu\u00f0 getur vaki\u00f0 Abraham b\u00f6rn af steinum \u00feessum.<a name=\"10\"><span class=\"versanumer\">10<\/span><\/a>\u00d6xin er \u00feegar l\u00f6g\u00f0 a\u00f0 r\u00f3tum trj\u00e1nna, og hvert \u00fea\u00f0 tr\u00e9, sem ber ekki g\u00f3\u00f0an \u00e1v\u00f6xt, ver\u00f0ur upp h\u00f6ggvi\u00f0 og \u00ed eld kasta\u00f0.<a name=\"11\"><span class=\"versanumer\">11<\/span><\/a>\u00c9g sk\u00edri y\u00f0ur me\u00f0 vatni til i\u00f0runar, en s\u00e1 sem kemur eftir mig, er m\u00e9r m\u00e1ttugri, og er \u00e9g ekki ver\u00f0ur a\u00f0 bera sk\u00f3 hans. Hann mun sk\u00edra y\u00f0ur me\u00f0 heil\u00f6gum anda og eldi.<a name=\"12\"><span class=\"versanumer\">12<\/span><\/a>Hann er me\u00f0 varpsk\u00f3fluna \u00ed hendi s\u00e9r og mun gj\u00f6rhreinsa l\u00e1fa sinn og safna hveiti s\u00ednu \u00ed hl\u00f6\u00f0u, en hismi\u00f0 mun hann brenna \u00ed \u00f3sl\u00f6kkvanda eldi.<a name=\"13\"><span class=\"versanumer\">13<\/span><\/a>\u00de\u00e1 kemur Jes\u00fas fr\u00e1 Gal\u00edleu a\u00f0 J\u00f3rdan til J\u00f3hannesar a\u00f0 taka sk\u00edrn hj\u00e1 honum.<a name=\"14\"><span class=\"versanumer\">14<\/span><\/a>J\u00f3hannes vildi varna honum \u00feess og sag\u00f0i: M\u00e9r er \u00fe\u00f6rf a\u00f0 sk\u00edrast af \u00fe\u00e9r, og \u00fe\u00fa kemur til m\u00edn!<a name=\"15\"><span class=\"versanumer\">15<\/span><\/a>Jes\u00fas svara\u00f0i honum: L\u00e1t \u00fea\u00f0 n\u00fa eftir. \u00deannig ber okkur a\u00f0 fulln\u00e6gja \u00f6llu r\u00e9ttl\u00e6ti. Og hann l\u00e9t \u00fea\u00f0 eftir honum.<a name=\"16\"><span class=\"versanumer\">16<\/span><\/a>En \u00feegar Jes\u00fas haf\u00f0i veri\u00f0 sk\u00edr\u00f0ur, st\u00e9 hann jafnskj\u00f3tt upp \u00far vatninu. Og \u00fe\u00e1 opnu\u00f0ust himnarnir, og hann s\u00e1 anda Gu\u00f0s st\u00edga ni\u00f0ur eins og d\u00fafu og koma yfir sig.<a name=\"17\"><span class=\"versanumer\">17<\/span><\/a>Og r\u00f6dd kom af himnum: \u00deessi er minn elska\u00f0i sonur, sem \u00e9g hef vel\u00fe\u00f3knun \u00e1.<\/p>\n<div class=\"footnote1981\"><b>3.1-12<\/b> Hlst. Mrk 1.1-8; L\u00fak 3.1-18; J\u00f3h 1.19-28<br \/>\n<b>3.1<\/b> J\u00f3hannes sk\u00edrari Matt 4.12; 9.14; 11.2-19; 14.2-12; 16.14; 17.13; 21.25-32 og hlst.; L\u00fak 1; 3.2; 11.1; J\u00f3h 1.6-36; 3.23-30; 5.33-36; Post 1.22; 10.37; sbr Matt 3.6+ &#8211; bo\u00f0un Jes 40.9; Matt 4.17,23; 9.35; 10.7,27; 11.1; 24.14; 26.13; Post 8.5 \u2013 \u00f3bygg\u00f0ir Matt 4.1; 11.7; 14.13; 24.26<br \/>\n<b>3.2<\/b> Taki\u00f0 sinnaskiptun Matt 3.2,8,11; 4.17; 11.20,21; 12.41; Mrk 1.15; L\u00fak 5.32; 15.7 \u2013 himnar\u00edki Matt 4.17; 5.3; 7.21; 8.11; 10.7; 11.11-12; 13; 16.19; 18.1,23; 19.12,23; 20.1; 22.2; 23.13; 25.1 \u2013 r\u00edki Gu\u00f0s Matt 6.10+<br \/>\n<b>3.3<\/b> Sbr Jes 40.3<br \/>\n<b>3.4<\/b> Kl\u00e6\u00f0i J\u00f3hannesar 2Kon 1.8; Sak 13.4<br \/>\n<b>3.6<\/b> Sk\u00edrn J\u00f3hannesar Matt 3.11-16; 21.25 og hlst.; Mrk 1.4-5; L\u00fak 3.3,7,16; J\u00f3h 1.25,31-33; 3.23; 4.1; 10.40; Post 1.5; 11.16; 13.24; 18.25; 19.3-4; sbr Matt 21.25-27 og hlst.<br \/>\n<b>3.7<\/b> N\u00f6\u00f0rukyn Matt 12.34; 23.33; L\u00fak 3.7 \u2013 rei\u00f0i Jes 30.27-33; Matt 23.33; L\u00fak 21.23; R\u00f3m 1.18; 2.5; 5.9; Ef 5.6; K\u00f3l 3.6; Opb 6.16-17<br \/>\n<b>3.8<\/b> S\u00fdna \u00ed verki Matt 7.16-20 og hlst.; 12.33; Mrk 4.20; J\u00f3h 15.2-8,16; R\u00f3m 7.4; Gal 5.22; Ef 5.9; K\u00f3l 1.6,10<br \/>\n<b>3.9<\/b> Eiga Abraham a\u00f0 f\u00f6\u00f0ur J\u00f3h 8.33,37,39; R\u00f3m 4.12<br \/>\n<b>3.10<\/b> H\u00f6ggva upp Matt 7.19; L\u00fak 13.7-9; J\u00f3h 15.6<br \/>\n<b>3.11<\/b> J\u00f3hannes sk\u00edrari Matt 3.6+ &#8211; taka sinnaskiptum Matt 3.2+ &#8211; s\u00e1 sem kemur Mal 3.1; Matt 11.3; 21.9; J\u00f3h 1.15; 6.14; Post 19.4; Heb 10.37; Opb 1.4,8; sbr Hab 2.3 \u2013 \u00f3ver\u00f0ugur Post 13.25 \u2013 sk\u00edrn me\u00f0 anda J\u00f3h 1.33; Post 1.5; 11.16 \u2013 eldur Mal 3.2; Sak 13.9; 1Kor 3.13,15; 1P\u00e9t 1.7<br \/>\n<b>3.13-17<\/b> Hlst. Mrk 1.9-11; L\u00fak 3.21-22<br \/>\n<b>3.12<\/b> Kornskur\u00f0ur \u2013 d\u00f3mur Jes 17.5; Jer 13.24; Jl 4.12-13; Matt 13.30-39; Opb 14.14-16<br \/>\n<b>3.16<\/b> Himnarnir opnir Jes 63.19; Esk 1.1; J\u00f3h 1.51; Post 7.56; 10.11-16; Opb 4.1; 19.11<br \/>\n<b>3.17<\/b> Minn elska\u00f0i sonur Slm 2.7; 2Sam 7.14; Jes 42.1-4; Matt 12.18; 17.5 og hlst.; 2P\u00e9t 1.17<\/div>\n","protected":false},"excerpt":{"rendered":"<p>1\u00c1 \u00feeim d\u00f6gum kemur J\u00f3hannes sk\u00edrari fram og pr\u00e9dikar \u00ed \u00f3bygg\u00f0um J\u00fadeu.2Hann sag\u00f0i: Gj\u00f6ri\u00f0 i\u00f0run, himnar\u00edki er \u00ed n\u00e1nd.3J\u00f3hannes er s\u00e1 sem svo er um m\u00e6lt hj\u00e1 Jesaja sp\u00e1manni: R\u00f6dd hr\u00f3panda \u00ed ey\u00f0im\u00f6rk: Grei\u00f0i\u00f0 veg Drottins, gj\u00f6ri\u00f0 beinar brautir hans.4J\u00f3hannes bar kl\u00e6\u00f0i \u00far \u00falfaldah\u00e1ri og le\u00f0urbelti um lendar s\u00e9r og haf\u00f0i til matar engisprettur og villihunang.5Menn streymdu til hans fr\u00e1 Jer\u00fasalem, allri J\u00fadeu og J\u00f3rdanbygg\u00f0,6l\u00e9tu sk\u00edrast af honum \u00ed \u00e1nni J\u00f3rdan og j\u00e1tu\u00f0u syndir s\u00ednar.7\u00deegar hann s\u00e1, a\u00f0 margir far\u00edsear og sadd\u00fakear komu til sk\u00edrnar, sag\u00f0i hann vi\u00f0 \u00fe\u00e1: \u00de\u00e9r n\u00f6\u00f0ru kyn, hver kenndi y\u00f0ur a\u00f0 fl\u00fdja komandi rei\u00f0i?8Beri\u00f0 \u00fe\u00e1 <a href=\"https:\/\/biblian.is\/1981\/matteusargudspjall-3-kafli\/\"> [&#8230;]<\/a><\/p>\n","protected":false},"author":1,"featured_media":0,"parent":0,"menu_order":0,"comment_status":"open","ping_status":"open","template":"bibliukaflar.php","meta":{"footnotes":""},"class_list":["post-2279","page","type-page","status-publish","hentry"],"_links":{"self":[{"href":"https:\/\/biblian.is\/1981\/wp-json\/wp\/v2\/pages\/2279","targetHints":{"allow":["GET"]}}],"collection":[{"href":"https:\/\/biblian.is\/1981\/wp-json\/wp\/v2\/pages"}],"about":[{"href":"https:\/\/biblian.is\/1981\/wp-json\/wp\/v2\/types\/page"}],"author":[{"embeddable":true,"href":"https:\/\/biblian.is\/1981\/wp-json\/wp\/v2\/users\/1"}],"replies":[{"embeddable":true,"href":"https:\/\/biblian.is\/1981\/wp-json\/wp\/v2\/comments?post=2279"}],"version-history":[{"count":0,"href":"https:\/\/biblian.is\/1981\/wp-json\/wp\/v2\/pages\/2279\/revisions"}],"wp:attachment":[{"href":"https:\/\/biblian.is\/1981\/wp-json\/wp\/v2\/media?parent=2279"}],"curies":[{"name":"wp","href":"https:\/\/api.w.org\/{rel}","templated":true}]}}