{"id":2278,"date":"2017-11-18T20:21:05","date_gmt":"2017-11-18T20:21:05","guid":{"rendered":"http:\/\/biblian.is\/1981\/matteusargudspjall-2-kafli\/"},"modified":"2021-06-06T11:03:56","modified_gmt":"2021-06-06T11:03:56","slug":"matteusargudspjall-2-kafli","status":"publish","type":"page","link":"https:\/\/biblian.is\/1981\/matteusargudspjall-2-kafli\/","title":{"rendered":"Matteusargu\u00f0spjall 2. kafli"},"content":{"rendered":"<p><a name=\"1\"><span class=\"versanumer\">1<\/span><\/a>\u00deegar Jes\u00fas var f\u00e6ddur \u00ed Betlehem \u00ed J\u00fadeu \u00e1 d\u00f6gum Her\u00f3desar konungs, komu vitringar fr\u00e1 Austurl\u00f6ndum til Jer\u00fasalem<a name=\"2\"><span class=\"versanumer\">2<\/span><\/a>og s\u00f6g\u00f0u: Hvar er hinn n\u00fdf\u00e6ddi konungur Gy\u00f0inga? V\u00e9r s\u00e1um stj\u00f6rnu hans renna upp og erum komnir a\u00f0 veita honum lotningu.<a name=\"3\"><span class=\"versanumer\">3<\/span><\/a>\u00deegar Her\u00f3des heyr\u00f0i \u00feetta, var\u00f0 hann skelka\u00f0ur og \u00f6ll Jer\u00fasalem me\u00f0 honum.<a name=\"4\"><span class=\"versanumer\">4<\/span><\/a>Og hann stefndi saman \u00f6llum \u00e6\u00f0stu prestum og fr\u00e6\u00f0im\u00f6nnum l\u00fd\u00f0sins og spur\u00f0i \u00fe\u00e1: Hvar \u00e1 Kristur a\u00f0 f\u00e6\u00f0ast?<a name=\"5\"><span class=\"versanumer\">5<\/span><\/a>\u00deeir sv\u00f6ru\u00f0u honum: \u00cd Betlehem \u00ed J\u00fadeu. En \u00feannig er rita\u00f0 hj\u00e1 sp\u00e1manninum:<a name=\"6\"><span class=\"versanumer\">6<\/span><\/a>\u00de\u00fa Betlehem, \u00ed landi J\u00fada, ekki ertu s\u00edst me\u00f0al hef\u00f0arborga J\u00fada. \u00dev\u00ed a\u00f0 h\u00f6f\u00f0ingi mun fr\u00e1 \u00fe\u00e9r koma, sem ver\u00f0ur hir\u00f0ir l\u00fd\u00f0s m\u00edns, \u00cdsraels.<a name=\"7\"><span class=\"versanumer\">7<\/span><\/a>\u00de\u00e1 kalla\u00f0i Her\u00f3des vitringana til s\u00edn \u00e1 laun og gr\u00f3fst eftir \u00fev\u00ed hj\u00e1 \u00feeim, n\u00e6r stjarnan hef\u00f0i birst.<a name=\"8\"><span class=\"versanumer\">8<\/span><\/a>Hann sendi \u00fe\u00e1 s\u00ed\u00f0an til Betlehem og sag\u00f0i: Fari\u00f0 og spyrjist vandlega fyrir um barni\u00f0, og er \u00fe\u00e9r finni\u00f0 \u00fea\u00f0 l\u00e1ti\u00f0 mig vita, til \u00feess a\u00f0 \u00e9g geti einnig komi\u00f0 og veitt \u00fev\u00ed lotningu.<a name=\"9\"><span class=\"versanumer\">9<\/span><\/a>\u00deeir hl\u00fdddu \u00e1 konung og f\u00f3ru. Og stjarnan, sem \u00feeir s\u00e1u austur \u00fear, f\u00f3r fyrir \u00feeim, uns hana bar \u00fear yfir, sem barni\u00f0 var.<a name=\"10\"><span class=\"versanumer\">10<\/span><\/a>\u00deegar \u00feeir s\u00e1u stj\u00f6rnuna, gl\u00f6ddust \u00feeir harla mj\u00f6g,<a name=\"11\"><span class=\"versanumer\">11<\/span><\/a>\u00feeir gengu inn \u00ed h\u00fasi\u00f0 og s\u00e1u barni\u00f0 og Mar\u00edu, m\u00f3\u00f0ur \u00feess, f\u00e9llu fram og veittu \u00fev\u00ed lotningu. S\u00ed\u00f0an luku \u00feeir upp fj\u00e1rhirslum s\u00ednum og f\u00e6r\u00f0u \u00fev\u00ed gjafir, gull, reykelsi og myrru.<a name=\"12\"><span class=\"versanumer\">12<\/span><\/a>En \u00fear sem \u00feeir fengu bendingu \u00ed draumi a\u00f0 sn\u00faa ekki aftur til Her\u00f3desar, f\u00f3ru \u00feeir a\u00f0ra lei\u00f0 heim \u00ed land sitt.<a name=\"13\"><span class=\"versanumer\">13<\/span><\/a>\u00deegar \u00feeir voru farnir, \u00fe\u00e1 vitrast engill Drottins J\u00f3sef \u00ed draumi og segir: R\u00eds upp, tak barni\u00f0 og m\u00f3\u00f0ur \u00feess og fl\u00fd til Egyptalands. \u00dear skaltu vera, uns \u00e9g segi \u00fe\u00e9r, \u00fev\u00ed a\u00f0 Her\u00f3des mun leita barnsins til a\u00f0 fyrirfara \u00fev\u00ed.<a name=\"14\"><span class=\"versanumer\">14<\/span><\/a>Hann vakna\u00f0i, t\u00f3k barni\u00f0 og m\u00f3\u00f0ur \u00feess um n\u00f3ttina og f\u00f3r til Egyptalands.<a name=\"15\"><span class=\"versanumer\">15<\/span><\/a>\u00dear dvaldist hann \u00feanga\u00f0 til Her\u00f3des var allur. \u00dea\u00f0 sem Drottinn sag\u00f0i fyrir munn sp\u00e1mannsins, skyldi r\u00e6tast: Fr\u00e1 Egyptalandi kalla\u00f0i \u00e9g son minn.<a name=\"16\"><span class=\"versanumer\">16<\/span><\/a>\u00de\u00e1 s\u00e1 Her\u00f3des, a\u00f0 vitringarnir h\u00f6f\u00f0u gabba\u00f0 hann, og var\u00f0 afar rei\u00f0ur, sendi menn og l\u00e9t myr\u00f0a \u00f6ll sveinb\u00f6rn \u00ed Betlehem og n\u00e1grenni hennar, tv\u00e6vetur og yngri, en \u00fea\u00f0 svara\u00f0i \u00feeim t\u00edma, er hann haf\u00f0i komist a\u00f0 hj\u00e1 vitringunum.<a name=\"17\"><span class=\"versanumer\">17<\/span><\/a>N\u00fa r\u00e6ttist \u00fea\u00f0, sem sagt var fyrir munn Jerem\u00eda sp\u00e1manns:<a name=\"18\"><span class=\"versanumer\">18<\/span><\/a>R\u00f6dd heyr\u00f0ist \u00ed Rama, gr\u00e1tur og kveinstafir miklir, Rakel gr\u00e6tur b\u00f6rnin s\u00edn og vill ekki huggast l\u00e1ta, \u00fev\u00ed a\u00f0 \u00feau eru ekki framar l\u00edfs.<a name=\"19\"><span class=\"versanumer\">19<\/span><\/a>\u00deegar Her\u00f3des var d\u00e1inn, \u00fe\u00e1 vitrast engill Drottins J\u00f3sef \u00ed draumi \u00ed Egyptalandi<a name=\"20\"><span class=\"versanumer\">20<\/span><\/a>og segir: R\u00eds upp, tak barni\u00f0 og m\u00f3\u00f0ur \u00feess og far til \u00cdsraelslands. N\u00fa eru \u00feeir d\u00e1nir, sem s\u00e1tu um l\u00edf barnsins.<a name=\"21\"><span class=\"versanumer\">21<\/span><\/a>Hann t\u00f3k sig upp og f\u00f3r til \u00cdsraelslands me\u00f0 barni\u00f0 og m\u00f3\u00f0ur \u00feess.<a name=\"22\"><span class=\"versanumer\">22<\/span><\/a>En \u00fe\u00e1 er hann heyr\u00f0i, a\u00f0 Arkel\u00e1s r\u00e9\u00f0 r\u00edkjum \u00ed J\u00fadeu \u00ed sta\u00f0 Her\u00f3desar f\u00f6\u00f0ur s\u00edns, \u00f3tta\u00f0ist hann a\u00f0 fara \u00feanga\u00f0, og h\u00e9lt til Gal\u00edleubygg\u00f0a eftir bendingu \u00ed draumi.<a name=\"23\"><span class=\"versanumer\">23<\/span><\/a>\u00dear settist hann a\u00f0 \u00ed borg, sem heitir Nasaret, en \u00fea\u00f0 \u00e1tti a\u00f0 r\u00e6tast, sem sagt var fyrir munn sp\u00e1mannanna: Nasarei skal hann kallast.<\/p>\n<div class=\"footnote1981\"><b>2.1<\/b> Betlehem Matt 2.5; L\u00fak 2.4,15; J\u00f3h 7.42 \u2013 Her\u00f3des L\u00fak 1.5 \u2013 vitringar Dan 2.2,10<br \/>\n<b>2.2<\/b> Konungur Gy\u00f0inga Matt 21.5; 27.11,29,37; Mrk 15.2,9,12,18,26; L\u00fak 23.3,37,38; J\u00f3h 18.33,39; 19.3,14,15,19,21<br \/>\n<b>2.6<\/b> Sbr M\u00edk 5.1; 2Sam 5.2; 1Kro 11.2<br \/>\n<b>2.11<\/b> Gull og reykelsi Jes 60.6<br \/>\n<b>2.12<\/b> Draumur Matt 1.20+ ; 1M\u00f3s 20.3-7; 31.24; 46.2-4; sbr Post 16.9; 18.9; 23.11<br \/>\n<b>2.13<\/b> Engill Drottins Matt 1.20+<br \/>\n<b>2.15<\/b> Sbr H\u00f3s 1.1; Matt 1.22+<br \/>\n<b>2.18<\/b> Sbr Jer 31.15 \u2013 Rama Jer 40.1 \u2013 Rakel (m\u00f3\u00f0ir J\u00f3sefs og Benjam\u00edns) 1M\u00f3s 30.22-24; 35.16-18<br \/>\n<b>2.22<\/b> Gal\u00edlea 2Kon 15.29; Jes 8.23; Matt 3.13; 4.23; 26.32; 28.7 og hlst.; J\u00f3h 4.3; 7.41,52; Post 1.11; 9.31; 10.37<br \/>\n<b>2.23<\/b> Nasarei Matt 21.11; 26.71; J\u00f3h 1.45; Post 10.38<\/div>\n","protected":false},"excerpt":{"rendered":"<p>1\u00deegar Jes\u00fas var f\u00e6ddur \u00ed Betlehem \u00ed J\u00fadeu \u00e1 d\u00f6gum Her\u00f3desar konungs, komu vitringar fr\u00e1 Austurl\u00f6ndum til Jer\u00fasalem2og s\u00f6g\u00f0u: Hvar er hinn n\u00fdf\u00e6ddi konungur Gy\u00f0inga? V\u00e9r s\u00e1um stj\u00f6rnu hans renna upp og erum komnir a\u00f0 veita honum lotningu.3\u00deegar Her\u00f3des heyr\u00f0i \u00feetta, var\u00f0 hann skelka\u00f0ur og \u00f6ll Jer\u00fasalem me\u00f0 honum.4Og hann stefndi saman \u00f6llum \u00e6\u00f0stu prestum og fr\u00e6\u00f0im\u00f6nnum l\u00fd\u00f0sins og spur\u00f0i \u00fe\u00e1: Hvar \u00e1 Kristur a\u00f0 f\u00e6\u00f0ast?5\u00deeir sv\u00f6ru\u00f0u honum: \u00cd Betlehem \u00ed J\u00fadeu. En \u00feannig er rita\u00f0 hj\u00e1 sp\u00e1manninum:6\u00de\u00fa Betlehem, \u00ed landi J\u00fada, ekki ertu s\u00edst me\u00f0al hef\u00f0arborga J\u00fada. \u00dev\u00ed a\u00f0 h\u00f6f\u00f0ingi mun fr\u00e1 \u00fe\u00e9r koma, sem ver\u00f0ur hir\u00f0ir l\u00fd\u00f0s m\u00edns, <a href=\"https:\/\/biblian.is\/1981\/matteusargudspjall-2-kafli\/\"> [&#8230;]<\/a><\/p>\n","protected":false},"author":1,"featured_media":0,"parent":0,"menu_order":0,"comment_status":"open","ping_status":"open","template":"bibliukaflar.php","meta":{"footnotes":""},"class_list":["post-2278","page","type-page","status-publish","hentry"],"_links":{"self":[{"href":"https:\/\/biblian.is\/1981\/wp-json\/wp\/v2\/pages\/2278","targetHints":{"allow":["GET"]}}],"collection":[{"href":"https:\/\/biblian.is\/1981\/wp-json\/wp\/v2\/pages"}],"about":[{"href":"https:\/\/biblian.is\/1981\/wp-json\/wp\/v2\/types\/page"}],"author":[{"embeddable":true,"href":"https:\/\/biblian.is\/1981\/wp-json\/wp\/v2\/users\/1"}],"replies":[{"embeddable":true,"href":"https:\/\/biblian.is\/1981\/wp-json\/wp\/v2\/comments?post=2278"}],"version-history":[{"count":0,"href":"https:\/\/biblian.is\/1981\/wp-json\/wp\/v2\/pages\/2278\/revisions"}],"wp:attachment":[{"href":"https:\/\/biblian.is\/1981\/wp-json\/wp\/v2\/media?parent=2278"}],"curies":[{"name":"wp","href":"https:\/\/api.w.org\/{rel}","templated":true}]}}