{"id":2277,"date":"2017-11-18T20:21:05","date_gmt":"2017-11-18T20:21:05","guid":{"rendered":"http:\/\/biblian.is\/1981\/matteusargudspjall-1-kafli\/"},"modified":"2021-06-06T11:03:52","modified_gmt":"2021-06-06T11:03:52","slug":"matteusargudspjall-1-kafli","status":"publish","type":"page","link":"https:\/\/biblian.is\/1981\/matteusargudspjall-1-kafli\/","title":{"rendered":"Matteusargu\u00f0spjall 1. kafli"},"content":{"rendered":"<p><a name=\"1\"><span class=\"versanumer\">1<\/span><\/a>\u00c6ttartala Jes\u00fa Krists, sonar Dav\u00ed\u00f0s, sonar Abrahams.<a name=\"2\"><span class=\"versanumer\">2<\/span><\/a>Abraham gat \u00cdsak,\u00cdsak gat Jakob,Jakob gat J\u00fada og br\u00e6\u00f0ur hans.<a name=\"3\"><span class=\"versanumer\">3<\/span><\/a>J\u00fada gat Peres og Sara vi\u00f0 Tamar,Peres gat Esrom,Esrom gat Ram,<a name=\"4\"><span class=\"versanumer\">4<\/span><\/a>Ram gat Amm\u00ednadab,Amm\u00ednadab gat Nakson,Nakson gat Salmon,<a name=\"5\"><span class=\"versanumer\">5<\/span><\/a>Salmon gat B\u00f3as vi\u00f0 Rahab,og B\u00f3as gat \u00d3be\u00f0 vi\u00f0 Rut.\u00d3be\u00f0 gat \u00cdsa\u00ed,<a name=\"6\"><span class=\"versanumer\">6<\/span><\/a>og \u00cdsa\u00ed gat Dav\u00ed\u00f0 konung. Dav\u00ed\u00f0 gat Sal\u00f3mon vi\u00f0 konu \u00dar\u00eda,<a name=\"7\"><span class=\"versanumer\">7<\/span><\/a>Sal\u00f3mon gat R\u00f3b\u00f3am,R\u00f3b\u00f3am gat Ab\u00eda,Ab\u00eda gat Asaf,<a name=\"8\"><span class=\"versanumer\">8<\/span><\/a>Asaf gat J\u00f3safat,J\u00f3safat gat J\u00f3ram,J\u00f3ram gat \u00dass\u00eda,<a name=\"9\"><span class=\"versanumer\">9<\/span><\/a>\u00dass\u00eda gat J\u00f3tam,J\u00f3tam gat Akas,Akas gat Esek\u00eda,<a name=\"10\"><span class=\"versanumer\">10<\/span><\/a>Esek\u00eda gat Manasse,Manasse gat Amos,Amos gat J\u00f3s\u00eda.<a name=\"11\"><span class=\"versanumer\">11<\/span><\/a>J\u00f3s\u00eda gat Jekonja og br\u00e6\u00f0ur hans \u00e1 t\u00edma herlei\u00f0ingarinnartil Bab\u00fdlonar.<a name=\"12\"><span class=\"versanumer\">12<\/span><\/a>Eftir herlei\u00f0inguna til Bab\u00fdlonar gat Jekonja Sealt\u00edel,Sealt\u00edel gat Ser\u00fababel,<a name=\"13\"><span class=\"versanumer\">13<\/span><\/a>Ser\u00fababel gat Ab\u00ed\u00fad,Ab\u00ed\u00fad gat Eljak\u00edm,Eljak\u00edm gat As\u00f3r,<a name=\"14\"><span class=\"versanumer\">14<\/span><\/a>As\u00f3r gat Sad\u00f3k,Sad\u00f3k gat Ak\u00edm,Ak\u00edm gat El\u00ed\u00fad,<a name=\"15\"><span class=\"versanumer\">15<\/span><\/a>El\u00ed\u00fad gat Eleasar,Eleasar gat Mattan,Mattan gat Jakob,<a name=\"16\"><span class=\"versanumer\">16<\/span><\/a>og Jakob gat J\u00f3sef, mann Mar\u00edu, en h\u00fan \u00f3l Jes\u00fa, sem kallastKristur.<a name=\"17\"><span class=\"versanumer\">17<\/span><\/a>\u00deannig eru alls fj\u00f3rt\u00e1n \u00e6ttli\u00f0ir fr\u00e1 Abraham til Dav\u00ed\u00f0s, fj\u00f3rt\u00e1n \u00e6ttli\u00f0ir fr\u00e1 Dav\u00ed\u00f0 fram a\u00f0 herlei\u00f0ingunni til Bab\u00fdlonar og fj\u00f3rt\u00e1n \u00e6ttli\u00f0ir fr\u00e1 herlei\u00f0ingunni til Krists.<a name=\"18\"><span class=\"versanumer\">18<\/span><\/a>F\u00e6\u00f0ing Jes\u00fa Krists var\u00f0 me\u00f0 \u00feessum atbur\u00f0um: Mar\u00eda, m\u00f3\u00f0ir hans, var f\u00f6stnu\u00f0 J\u00f3sef. En \u00e1\u00f0ur en \u00feau komu saman, reyndist h\u00fan \u00feungu\u00f0 af heil\u00f6gum anda.<a name=\"19\"><span class=\"versanumer\">19<\/span><\/a>J\u00f3sef, festarma\u00f0ur hennar, sem var grandvar, vildi ekki gj\u00f6ra henni opinbera minnkun og hug\u00f0ist skilja vi\u00f0 hana \u00ed kyrr\u00feey.<a name=\"20\"><span class=\"versanumer\">20<\/span><\/a>Hann haf\u00f0i r\u00e1\u00f0i\u00f0 \u00feetta me\u00f0 s\u00e9r, en \u00fe\u00e1 vitra\u00f0ist honum engill Drottins \u00ed draumi og sag\u00f0i: J\u00f3sef, sonur Dav\u00ed\u00f0s, \u00f3ttastu ekki a\u00f0 taka til \u00fe\u00edn Mar\u00edu, heitkonu \u00fe\u00edna. Barni\u00f0, sem h\u00fan gengur me\u00f0, er af heil\u00f6gum anda.<a name=\"21\"><span class=\"versanumer\">21<\/span><\/a>H\u00fan mun son ala, og hann skaltu l\u00e1ta heita Jes\u00fa, \u00fev\u00ed a\u00f0 hann mun frelsa l\u00fd\u00f0 sinn fr\u00e1 syndum \u00feeirra.<a name=\"22\"><span class=\"versanumer\">22<\/span><\/a>Allt var\u00f0 \u00feetta til \u00feess, a\u00f0 r\u00e6tast skyldu or\u00f0 Drottins fyrir munn sp\u00e1mannsins:<a name=\"23\"><span class=\"versanumer\">23<\/span><\/a>Sj\u00e1, m\u00e6rin mun \u00feungu\u00f0 ver\u00f0a og son ala. Nafn hans mun vera Imman\u00fael, \u00fea\u00f0 \u00fe\u00fd\u00f0ir: Gu\u00f0 me\u00f0 oss.<a name=\"24\"><span class=\"versanumer\">24<\/span><\/a>\u00deegar J\u00f3sef vakna\u00f0i, gj\u00f6r\u00f0i hann eins og engill Drottins haf\u00f0i bo\u00f0i\u00f0 honum og t\u00f3k konu s\u00edna til s\u00edn.<a name=\"25\"><span class=\"versanumer\">25<\/span><\/a>Hann kenndi hennar ekki fyrr en h\u00fan haf\u00f0i ali\u00f0 son. Og hann gaf honum nafni\u00f0 JES\u00daS.<\/p>\n<div class=\"footnote1981\"><b>1.1-17<\/b> Hlst. L\u00fak 3.23-28<br \/>\n<b>1.1<\/b> \u00c6ttartala 1M\u00f3s 5.1 \u2013 sonur Dav\u00ed\u00f0s 2Sam 7.1; Matt 9.27; 12.23; 15.22; 20.30-31 hlst. 21.9,15 hlst. 22.41-45; J\u00f3h 7.42, R\u00f3m 1.3; 2T\u00edm 2.8; Opb 5.5; 22.16 \u2013 Abraham og afkv\u00e6mi hans 1M\u00f3s 15.2-5; 22.15-18; J\u00f3h 8.33-39<br \/>\n<b>1.2<\/b> \u00cdsak 1M\u00f3s 21.3,12 \u2013 Jakob 1M\u00f3s 25.26 \u2013 J\u00fada 1M\u00f3s 29.35<br \/>\n<b>1.3<\/b> Tamar 1M\u00f3s 38<br \/>\n<b>1.5<\/b> B\u00f3as og Rut Rut 4.13 \u2013 \u00d3be\u00f0, \u00cdsa\u00ed Rut 4.17,22<br \/>\n<b>1.6<\/b> Dav\u00ed\u00f0 konungur 1Sam 16.13; Post 13.22 \u2013 Dav\u00ed\u00f0, kona \u00dar\u00eda, Sal\u00f3mon 2Sam 12.24<br \/>\n<b>1.7-11<\/b> Fr\u00e1 R\u00f3b\u00f3am til Jekonja 1Kro 3.10-16<br \/>\n<b>1.11<\/b> Herlei\u00f0ingin 2Kon 24.12-16<br \/>\n<b>1.12<\/b>Jekonja og afkomendur hans 1Kro 3.17,19<br \/>\n<b>1.18-25<\/b> Hlst. L\u00fak 2.1-7<br \/>\n<b>1.20<\/b> Engill Drottins 1M\u00f3s 16.7,11; 22.11-15; 2M\u00f3s 3.2-6; Matt 1.24; 2.13,19; 28.2; L\u00fak 1.11; 2.9; Post 5.19; 8.26; 12.7,23 \u2013 draumur Matt 2.12,13,19,22; 27.19; Post 2.17<br \/>\n<b>1.21<\/b> Jes\u00fas Matt 1.16,25; L\u00fak 1.31; 2.21<br \/>\n<b>1.22<\/b> Ritningarnar r\u00e6tast Matt 2.15,17,23; 4.14; 8.17; 12.17; 13.14,35; 21.4; 26.56; 27.9; L\u00fak 4.21; 21.22; 24.44; J\u00f3h 12.38; Post 1.16; Jak 2.23<br \/>\n<b>1.23<\/b> Imman\u00fael Jes 7.14; 8.8,10<\/div>\n","protected":false},"excerpt":{"rendered":"<p>1\u00c6ttartala Jes\u00fa Krists, sonar Dav\u00ed\u00f0s, sonar Abrahams.2Abraham gat \u00cdsak,\u00cdsak gat Jakob,Jakob gat J\u00fada og br\u00e6\u00f0ur hans.3J\u00fada gat Peres og Sara vi\u00f0 Tamar,Peres gat Esrom,Esrom gat Ram,4Ram gat Amm\u00ednadab,Amm\u00ednadab gat Nakson,Nakson gat Salmon,5Salmon gat B\u00f3as vi\u00f0 Rahab,og B\u00f3as gat \u00d3be\u00f0 vi\u00f0 Rut.\u00d3be\u00f0 gat \u00cdsa\u00ed,6og \u00cdsa\u00ed gat Dav\u00ed\u00f0 konung. Dav\u00ed\u00f0 gat Sal\u00f3mon vi\u00f0 konu \u00dar\u00eda,7Sal\u00f3mon gat R\u00f3b\u00f3am,R\u00f3b\u00f3am gat Ab\u00eda,Ab\u00eda gat Asaf,8Asaf gat J\u00f3safat,J\u00f3safat gat J\u00f3ram,J\u00f3ram gat \u00dass\u00eda,9\u00dass\u00eda gat J\u00f3tam,J\u00f3tam gat Akas,Akas gat Esek\u00eda,10Esek\u00eda gat Manasse,Manasse gat Amos,Amos gat J\u00f3s\u00eda.11J\u00f3s\u00eda gat Jekonja og br\u00e6\u00f0ur hans \u00e1 t\u00edma herlei\u00f0ingarinnartil Bab\u00fdlonar.12Eftir herlei\u00f0inguna til Bab\u00fdlonar gat Jekonja Sealt\u00edel,Sealt\u00edel gat Ser\u00fababel,13Ser\u00fababel gat Ab\u00ed\u00fad,Ab\u00ed\u00fad gat Eljak\u00edm,Eljak\u00edm gat As\u00f3r,14As\u00f3r <a href=\"https:\/\/biblian.is\/1981\/matteusargudspjall-1-kafli\/\"> [&#8230;]<\/a><\/p>\n","protected":false},"author":1,"featured_media":0,"parent":0,"menu_order":0,"comment_status":"open","ping_status":"open","template":"bibliukaflar.php","meta":{"footnotes":""},"class_list":["post-2277","page","type-page","status-publish","hentry"],"_links":{"self":[{"href":"https:\/\/biblian.is\/1981\/wp-json\/wp\/v2\/pages\/2277","targetHints":{"allow":["GET"]}}],"collection":[{"href":"https:\/\/biblian.is\/1981\/wp-json\/wp\/v2\/pages"}],"about":[{"href":"https:\/\/biblian.is\/1981\/wp-json\/wp\/v2\/types\/page"}],"author":[{"embeddable":true,"href":"https:\/\/biblian.is\/1981\/wp-json\/wp\/v2\/users\/1"}],"replies":[{"embeddable":true,"href":"https:\/\/biblian.is\/1981\/wp-json\/wp\/v2\/comments?post=2277"}],"version-history":[{"count":0,"href":"https:\/\/biblian.is\/1981\/wp-json\/wp\/v2\/pages\/2277\/revisions"}],"wp:attachment":[{"href":"https:\/\/biblian.is\/1981\/wp-json\/wp\/v2\/media?parent=2277"}],"curies":[{"name":"wp","href":"https:\/\/api.w.org\/{rel}","templated":true}]}}