{"id":2276,"date":"2017-11-18T20:21:05","date_gmt":"2017-11-18T20:21:05","guid":{"rendered":"http:\/\/biblian.is\/1981\/malaki-4-kafli\/"},"modified":"2021-06-06T11:03:46","modified_gmt":"2021-06-06T11:03:46","slug":"malaki-4-kafli","status":"publish","type":"page","link":"https:\/\/biblian.is\/1981\/malaki-4-kafli\/","title":{"rendered":"Malak\u00ed 4. kafli"},"content":{"rendered":"<p><a name=\"1\"><span class=\"versanumer\">1<\/span><\/a>\u00dev\u00ed sj\u00e1, dagurinn kemur, brennandi sem ofn, og allir hrokafullir og allir \u00feeir er gu\u00f0leysi fremja, munu \u00fe\u00e1 vera sem h\u00e1lmleggir, og dagurinn sem kemur mun kveikja \u00ed \u00feeim segir Drottinn allsherjar svo a\u00f0 hvorki ver\u00f0i eftir af \u00feeim r\u00f3t n\u00e9 kvistur.<a name=\"2\"><span class=\"versanumer\">2<\/span><\/a>En yfir y\u00f0ur, sem \u00f3ttist nafn mitt, mun r\u00e9ttl\u00e6tiss\u00f3lin upp renna me\u00f0 gr\u00e6\u00f0slu undir v\u00e6ngjum s\u00ednum, og \u00fe\u00e9r munu\u00f0 \u00fat koma og leika y\u00f0ur eins og k\u00e1lfar, sem \u00fat er hleypt \u00far st\u00edu,<a name=\"3\"><span class=\"versanumer\">3<\/span><\/a>og \u00fe\u00e9r munu\u00f0 sundur tro\u00f0a hina \u00f3gu\u00f0legu, \u00fev\u00ed a\u00f0 \u00feeir munu ver\u00f0a aska undir iljum y\u00f0ar, \u00e1 \u00feeim degi er \u00e9g hefst handa segir Drottinn allsherjar.<a name=\"4\"><span class=\"versanumer\">4<\/span><\/a>Muni\u00f0 eftir l\u00f6gm\u00e1li M\u00f3se \u00fej\u00f3ns m\u00edns, \u00feess er \u00e9g \u00e1 H\u00f3reb f\u00f3l setninga og \u00e1kv\u00e6\u00f0i fyrir allan \u00cdsrael.<a name=\"5\"><span class=\"versanumer\">5<\/span><\/a>Sj\u00e1, \u00e9g sendi y\u00f0ur El\u00eda sp\u00e1mann, \u00e1\u00f0ur en hinn mikli og \u00f3gurlegi dagur Drottins kemur.<a name=\"6\"><span class=\"versanumer\">6<\/span><\/a>Hann mun s\u00e6tta fe\u00f0ur vi\u00f0 sonu og sonu vi\u00f0 fe\u00f0ur, til \u00feess a\u00f0 \u00e9g komi ekki og lj\u00f3sti landi\u00f0 banni.<\/p>\n<div class=\"footnote1981\"><\/div>\n","protected":false},"excerpt":{"rendered":"<p>1\u00dev\u00ed sj\u00e1, dagurinn kemur, brennandi sem ofn, og allir hrokafullir og allir \u00feeir er gu\u00f0leysi fremja, munu \u00fe\u00e1 vera sem h\u00e1lmleggir, og dagurinn sem kemur mun kveikja \u00ed \u00feeim segir Drottinn allsherjar svo a\u00f0 hvorki ver\u00f0i eftir af \u00feeim r\u00f3t n\u00e9 kvistur.2En yfir y\u00f0ur, sem \u00f3ttist nafn mitt, mun r\u00e9ttl\u00e6tiss\u00f3lin upp renna me\u00f0 gr\u00e6\u00f0slu undir v\u00e6ngjum s\u00ednum, og \u00fe\u00e9r munu\u00f0 \u00fat koma og leika y\u00f0ur eins og k\u00e1lfar, sem \u00fat er hleypt \u00far st\u00edu,3og \u00fe\u00e9r munu\u00f0 sundur tro\u00f0a hina \u00f3gu\u00f0legu, \u00fev\u00ed a\u00f0 \u00feeir munu ver\u00f0a aska undir iljum y\u00f0ar, \u00e1 \u00feeim degi er \u00e9g hefst handa segir Drottinn allsherjar.4Muni\u00f0 eftir <a href=\"https:\/\/biblian.is\/1981\/malaki-4-kafli\/\"> [&#8230;]<\/a><\/p>\n","protected":false},"author":1,"featured_media":0,"parent":0,"menu_order":0,"comment_status":"open","ping_status":"open","template":"bibliukaflar.php","meta":{"footnotes":""},"class_list":["post-2276","page","type-page","status-publish","hentry"],"_links":{"self":[{"href":"https:\/\/biblian.is\/1981\/wp-json\/wp\/v2\/pages\/2276","targetHints":{"allow":["GET"]}}],"collection":[{"href":"https:\/\/biblian.is\/1981\/wp-json\/wp\/v2\/pages"}],"about":[{"href":"https:\/\/biblian.is\/1981\/wp-json\/wp\/v2\/types\/page"}],"author":[{"embeddable":true,"href":"https:\/\/biblian.is\/1981\/wp-json\/wp\/v2\/users\/1"}],"replies":[{"embeddable":true,"href":"https:\/\/biblian.is\/1981\/wp-json\/wp\/v2\/comments?post=2276"}],"version-history":[{"count":0,"href":"https:\/\/biblian.is\/1981\/wp-json\/wp\/v2\/pages\/2276\/revisions"}],"wp:attachment":[{"href":"https:\/\/biblian.is\/1981\/wp-json\/wp\/v2\/media?parent=2276"}],"curies":[{"name":"wp","href":"https:\/\/api.w.org\/{rel}","templated":true}]}}