{"id":2275,"date":"2017-11-18T20:21:05","date_gmt":"2017-11-18T20:21:05","guid":{"rendered":"http:\/\/biblian.is\/1981\/malaki-3-kafli\/"},"modified":"2021-06-06T11:03:45","modified_gmt":"2021-06-06T11:03:45","slug":"malaki-3-kafli","status":"publish","type":"page","link":"https:\/\/biblian.is\/1981\/malaki-3-kafli\/","title":{"rendered":"Malak\u00ed 3. kafli"},"content":{"rendered":"<p><a name=\"1\"><span class=\"versanumer\">1<\/span><\/a>Sj\u00e1, \u00e9g sendi sendibo\u00f0a minn, og hann mun grei\u00f0a veginn fyrir m\u00e9r. Og br\u00e1\u00f0lega mun hann koma til musteris s\u00edns, s\u00e1 Drottinn er \u00fe\u00e9r leiti\u00f0, og engill s\u00e1ttm\u00e1lans, s\u00e1 er \u00fe\u00e9r \u00fer\u00e1i\u00f0. Sj\u00e1, hann kemur segir Drottinn allsherjar.<a name=\"2\"><span class=\"versanumer\">2<\/span><\/a>En hver m\u00e1 afbera \u00feann dag, er hann kemur, og hver f\u00e6r sta\u00f0ist, \u00feegar hann birtist? \u00dev\u00ed a\u00f0 hann er sem eldur m\u00e1lmbr\u00e6\u00f0slumannsins og sem l\u00fatarsalt \u00fevottamannanna.<a name=\"3\"><span class=\"versanumer\">3<\/span><\/a>Og hann mun sitja og br\u00e6\u00f0a og hreinsa silfri\u00f0, og hann mun hreinsa lev\u00edtana og gj\u00f6ra \u00fe\u00e1 sk\u00edra sem gull og silfur, til \u00feess a\u00f0 Drottinn hafi aftur \u00fe\u00e1 menn, er bera fram f\u00f3rnir \u00e1 \u00feann h\u00e1tt sem r\u00e9tt er,<a name=\"4\"><span class=\"versanumer\">4<\/span><\/a>og \u00fe\u00e1 munu f\u00f3rnir J\u00fadamanna og Jer\u00fasalemb\u00faa ge\u00f0jast Drottni eins og for\u00f0um daga og eins og \u00e1 l\u00f6ngu li\u00f0num \u00e1rum.<a name=\"5\"><span class=\"versanumer\">5<\/span><\/a>En \u00e9g mun n\u00e1l\u00e6gja mig y\u00f0ur til a\u00f0 halda d\u00f3m og mun skyndilega fram ganga sem vitni \u00ed gegn t\u00f6fram\u00f6nnum, h\u00f3rd\u00f3msm\u00f6nnum og meins\u00e6rism\u00f6nnum og \u00ed gegn \u00feeim, sem hafa af daglaunam\u00f6nnum, ekkjum og muna\u00f0arleysingjum og halla r\u00e9tti \u00fatlendinga, en \u00f3ttast mig ekki segir Drottinn allsherjar.<a name=\"6\"><span class=\"versanumer\">6<\/span><\/a>\u00c9g, Drottinn, hefi ekki breytt m\u00e9r, og \u00fe\u00e9r, Jakobssynir, eru\u00f0 samir vi\u00f0 y\u00f0ur.<a name=\"7\"><span class=\"versanumer\">7<\/span><\/a>Allt \u00ed fr\u00e1 d\u00f6gum fe\u00f0ra y\u00f0ar hafi\u00f0 \u00fe\u00e9r viki\u00f0 fr\u00e1 setningum m\u00ednum og ekki g\u00e6tt \u00feeirra. Sn\u00fai\u00f0 y\u00f0ur til m\u00edn, \u00fe\u00e1 mun \u00e9g sn\u00faa m\u00e9r til y\u00f0ar segir Drottinn allsherjar. En \u00fe\u00e9r spyrji\u00f0: A\u00f0 hverju leyti eigum v\u00e9r a\u00f0 sn\u00faa oss?<a name=\"8\"><span class=\"versanumer\">8<\/span><\/a>\u00c1 ma\u00f0urinn a\u00f0 pretta Gu\u00f0, \u00far \u00fev\u00ed a\u00f0 \u00fe\u00e9r pretti\u00f0 mig? \u00de\u00e9r spyrji\u00f0: \u00cd hverju h\u00f6fum v\u00e9r pretta\u00f0 \u00feig? \u00cd t\u00edund og f\u00f3rnargj\u00f6fum.<a name=\"9\"><span class=\"versanumer\">9<\/span><\/a>Mikil b\u00f6lvun hv\u00edlir yfir y\u00f0ur, af \u00fev\u00ed a\u00f0 \u00fe\u00e9r pretti\u00f0 mig, \u00f6ll \u00fej\u00f3\u00f0in.<a name=\"10\"><span class=\"versanumer\">10<\/span><\/a>F\u00e6ri\u00f0 alla t\u00edundina \u00ed for\u00f0ab\u00fari\u00f0 til \u00feess a\u00f0 f\u00e6\u00f0sla s\u00e9 til \u00ed h\u00fasi m\u00ednu, og reyni\u00f0 mig einu sinni \u00e1 \u00feennan h\u00e1tt segir Drottinn allsherjar, hvort \u00e9g l\u00fdk ekki upp fyrir y\u00f0ur fl\u00f3\u00f0g\u00e1ttum himinsins og \u00fathelli yfir y\u00f0ur yfirgn\u00e6fanlegri blessun.<a name=\"11\"><span class=\"versanumer\">11<\/span><\/a>Og \u00e9g mun hasta \u00e1 \u00e1tvarginn fyrir y\u00f0ur, til \u00feess a\u00f0 hann spilli ekki fyrir y\u00f0ur gr\u00f3\u00f0ri jar\u00f0arinnar og v\u00edntr\u00e9\u00f0 \u00e1 akrinum ver\u00f0i y\u00f0ur ekki \u00e1vaxtarlaust segir Drottinn allsherjar.<a name=\"12\"><span class=\"versanumer\">12<\/span><\/a>\u00de\u00e1 munu allar \u00fej\u00f3\u00f0ir telja y\u00f0ur s\u00e6la, \u00fev\u00ed a\u00f0 \u00fe\u00e9r munu\u00f0 vera d\u00fdrindisland segir Drottinn allsherjar.<a name=\"13\"><span class=\"versanumer\">13<\/span><\/a>H\u00f6r\u00f0 eru umm\u00e6li y\u00f0ar um mig segir Drottinn. Og \u00fe\u00e9r spyrji\u00f0: Hva\u00f0 h\u00f6fum v\u00e9r \u00fe\u00e1 sagt vor \u00ed milli um \u00feig?<a name=\"14\"><span class=\"versanumer\">14<\/span><\/a>\u00de\u00e9r segi\u00f0: \u00dea\u00f0 er til einskis a\u00f0 \u00fej\u00f3na Gu\u00f0i, e\u00f0a hva\u00f0a \u00e1vinning h\u00f6fum v\u00e9r af \u00fev\u00ed haft, a\u00f0 v\u00e9r var\u00f0veittum bo\u00f0or\u00f0 hans og gengum \u00ed sorgarb\u00faningi fyrir augliti Drottins allsherjar?<a name=\"15\"><span class=\"versanumer\">15<\/span><\/a>Fyrir \u00fev\u00ed teljum v\u00e9r n\u00fa hina hrokafullu s\u00e6la. \u00deeir \u00ferifust eigi a\u00f0eins vel, \u00fe\u00e1 er \u00feeir h\u00f6f\u00f0u gu\u00f0leysi \u00ed frammi, heldur freistu\u00f0u \u00feeir og Gu\u00f0s, og sluppu \u00f3hegndir.<a name=\"16\"><span class=\"versanumer\">16<\/span><\/a>\u00de\u00e1 m\u00e6ltu \u00feeir hver vi\u00f0 annan, sem \u00f3ttast Drottin, og Drottinn gaf g\u00e6tur a\u00f0 \u00fev\u00ed og heyr\u00f0i \u00fea\u00f0, og frammi fyrir augliti hans var ritu\u00f0 minnisb\u00f3k fyrir \u00fe\u00e1, sem \u00f3ttast Drottin og vir\u00f0a hans nafn.<a name=\"17\"><span class=\"versanumer\">17<\/span><\/a>\u00deeir skulu vera m\u00edn eign segir Drottinn allsherjar \u00e1 \u00feeim degi, sem \u00e9g hefst handa, og \u00e9g mun v\u00e6gja \u00feeim, eins og ma\u00f0ur v\u00e6gir syni s\u00ednum, sem \u00fej\u00f3nar honum.<a name=\"18\"><span class=\"versanumer\">18<\/span><\/a>\u00de\u00e1 munu\u00f0 \u00fe\u00e9r aftur sj\u00e1 \u00feann mismun, sem er \u00e1 milli r\u00e9ttl\u00e1ts manns og \u00f3gu\u00f0legs, \u00e1 milli \u00feess, sem Gu\u00f0i \u00fej\u00f3nar, og hins, sem ekki \u00fej\u00f3nar honum.<\/p>\n<div class=\"footnote1981\"><b>3.1<\/b> Sendibo\u00f0i minn Matt 11.10 \u2013 ry\u00f0ja braut Jes 40.3 \u2013 skyndilega Jes 29.5-6; 47.9; 1\u00deess 5.<br \/>\n<b>3.2<\/b> Hver f\u00e6r sta\u00f0ist? Nah 1.6+ &#8211; daginn Jl 1.15+ &#8211; eins og eldur Mal 3.19 \u2013 \u00ed br\u00e6\u00f0sluofni Jes 1.25; Jer 9.6; Sak 13.9; S\u00edr 2.5; 1P\u00e9t 1.7<br \/>\n<b>3.4<\/b> Eins og for\u00f0um Jes 1.26<br \/>\n<b>3.5<\/b> Vitni M\u00edk 1.2 \u2013 gegn galdram\u00f6nnum 2M\u00f3s 22.17; 3M\u00f3s 19.26; 5M\u00f3s 18.10; Gal 5.20 \u2013 h\u00f3rk\u00f6rlum Esk 16.15-19; H\u00f3s 2.4 \u2013 r\u00e9ttur ekkna, muna\u00f0arleysingja og \u00fatlendinga 5M\u00f3s 24.17-21; Jer 7.6<br \/>\n<b>3.6<\/b> Drottinn breytist ekki 4M\u00f3s 23.19; sbr H\u00f3s 11.9 \u2013 Jakob prettari Jes 43.27; H\u00f3s 12.4<br \/>\n<b>3.7<\/b> Sn\u00faa til Drottins Sak 1.3+<br \/>\n<b>3.8<\/b> T\u00edund 3M\u00f3s 27.30-32; 4M\u00f3s 18.21-29; Neh 10.37<br \/>\n<b>3.10<\/b> T\u00edund og blessun Okv 3.9-10; sbr 5M\u00f3s 28.8-12<br \/>\n<b>3.14<\/b> Til hvers a\u00f0 \u00fej\u00f3na Gu\u00f0i? Jes 58.3; Job 21.14-15 \u2013 frammi fyrir Gu\u00f0i 1M\u00f3s 17.1; 48.15; 1Kon 8.23; Slm 56.14; 116.9; sbr 1M\u00f3s 5.22; 6.9; M\u00edk 6.8 \u2013 \u00ed sorg Slm 35.14; 38.7<br \/>\n<b>3.15<\/b> Hrokagikkirnir eru s\u00e6lir Mal 2.17+<br \/>\n<b>3.16<\/b> \u00d3ttast Drottin Slm 15.4+ &#8211; ritu\u00f0 minnisb\u00f3k Esk 13.9; Opb 3.5+<br \/>\n<b>3.17<\/b> M\u00edn eign 2M\u00f3s 19.5 (sbr 6.7); 5M\u00f3s 7.6; Esk 18.4; Slm 135.4+; T\u00edt 2.14 \u2013 eins og fa\u00f0ir og sonur 2Sam 7.14; Slm 103.13; 2Kor 6.18<br \/>\n<b>3.19<\/b> Dagurinn Jl 1.15+ &#8211; a\u00f0 h\u00e1lmi Jes 47.14; Jl.2.5<br \/>\n<b>3.20<\/b> S\u00f3l r\u00e9ttl\u00e6tis sbr L\u00fak 1.78 \u2013 l\u00e6kning Jes 57.18; Jer 33.6<br \/>\n<b>3.21<\/b> Tra\u00f0ka M\u00edk 4.11-13<br \/>\n<b>3.22<\/b> M\u00f3se \u00fej\u00f3nn, hir\u00f0ir Jes 63.11 \u2013 l\u00f6gm\u00e1l M\u00f3se 2M\u00f3s 24.12; 5M\u00f3s 33.4; J\u00f3s 1.7; 1Kon 2.3; 2Kon 23.25; Esr 7.6; Neh 8.1; L\u00fak 24.44 o.fl.<br \/>\n<b>3.23<\/b> El\u00eda 1Kon 17.24; 2Kon 2.1-17; Matt 17.1-13 \u2013 dagur Drottins Mal 3.19<br \/>\n<b>3.24<\/b> S\u00e6tta fe\u00f0ur vi\u00f0 syni L\u00fak 1.17 \u2013 bann J\u00f3s 6.17; 7.1; 1Kon 20.42<\/div>\n","protected":false},"excerpt":{"rendered":"<p>1Sj\u00e1, \u00e9g sendi sendibo\u00f0a minn, og hann mun grei\u00f0a veginn fyrir m\u00e9r. Og br\u00e1\u00f0lega mun hann koma til musteris s\u00edns, s\u00e1 Drottinn er \u00fe\u00e9r leiti\u00f0, og engill s\u00e1ttm\u00e1lans, s\u00e1 er \u00fe\u00e9r \u00fer\u00e1i\u00f0. Sj\u00e1, hann kemur segir Drottinn allsherjar.2En hver m\u00e1 afbera \u00feann dag, er hann kemur, og hver f\u00e6r sta\u00f0ist, \u00feegar hann birtist? \u00dev\u00ed a\u00f0 hann er sem eldur m\u00e1lmbr\u00e6\u00f0slumannsins og sem l\u00fatarsalt \u00fevottamannanna.3Og hann mun sitja og br\u00e6\u00f0a og hreinsa silfri\u00f0, og hann mun hreinsa lev\u00edtana og gj\u00f6ra \u00fe\u00e1 sk\u00edra sem gull og silfur, til \u00feess a\u00f0 Drottinn hafi aftur \u00fe\u00e1 menn, er bera fram f\u00f3rnir \u00e1 \u00feann h\u00e1tt <a href=\"https:\/\/biblian.is\/1981\/malaki-3-kafli\/\"> [&#8230;]<\/a><\/p>\n","protected":false},"author":1,"featured_media":0,"parent":0,"menu_order":0,"comment_status":"open","ping_status":"open","template":"bibliukaflar.php","meta":{"footnotes":""},"class_list":["post-2275","page","type-page","status-publish","hentry"],"_links":{"self":[{"href":"https:\/\/biblian.is\/1981\/wp-json\/wp\/v2\/pages\/2275","targetHints":{"allow":["GET"]}}],"collection":[{"href":"https:\/\/biblian.is\/1981\/wp-json\/wp\/v2\/pages"}],"about":[{"href":"https:\/\/biblian.is\/1981\/wp-json\/wp\/v2\/types\/page"}],"author":[{"embeddable":true,"href":"https:\/\/biblian.is\/1981\/wp-json\/wp\/v2\/users\/1"}],"replies":[{"embeddable":true,"href":"https:\/\/biblian.is\/1981\/wp-json\/wp\/v2\/comments?post=2275"}],"version-history":[{"count":0,"href":"https:\/\/biblian.is\/1981\/wp-json\/wp\/v2\/pages\/2275\/revisions"}],"wp:attachment":[{"href":"https:\/\/biblian.is\/1981\/wp-json\/wp\/v2\/media?parent=2275"}],"curies":[{"name":"wp","href":"https:\/\/api.w.org\/{rel}","templated":true}]}}