{"id":2274,"date":"2017-11-18T20:21:05","date_gmt":"2017-11-18T20:21:05","guid":{"rendered":"http:\/\/biblian.is\/1981\/malaki-2-kafli\/"},"modified":"2021-06-06T11:03:45","modified_gmt":"2021-06-06T11:03:45","slug":"malaki-2-kafli","status":"publish","type":"page","link":"https:\/\/biblian.is\/1981\/malaki-2-kafli\/","title":{"rendered":"Malak\u00ed 2. kafli"},"content":{"rendered":"<p><a name=\"1\"><span class=\"versanumer\">1<\/span><\/a>Og n\u00fa \u00fat gengur \u00feessi vi\u00f0v\u00f6run til y\u00f0ar, \u00fe\u00e9r prestar:<a name=\"2\"><span class=\"versanumer\">2<\/span><\/a>Ef \u00fe\u00e9r hl\u00fd\u00f0i\u00f0 ekki og l\u00e1ti\u00f0 y\u00f0ur ekki um \u00fea\u00f0 huga\u00f0 a\u00f0 gefa nafni m\u00ednu d\u00fdr\u00f0ina segir Drottinn allsherjar, \u00fe\u00e1 sendi \u00e9g yfir y\u00f0ur b\u00f6lvunina og sn\u00fd blessunum y\u00f0ar \u00ed b\u00f6lvun, j\u00e1 \u00e9g hefi \u00feegar sn\u00fai\u00f0 \u00feeim \u00ed b\u00f6lvun, af \u00fev\u00ed a\u00f0 \u00fe\u00e9r l\u00e1ti\u00f0 y\u00f0ur ekki um \u00fea\u00f0 huga\u00f0.<a name=\"3\"><span class=\"versanumer\">3<\/span><\/a>Sj\u00e1, \u00e9g hegg af y\u00f0ur arminn og str\u00e1i saur framan \u00ed y\u00f0ur, saurnum fr\u00e1 h\u00e1t\u00ed\u00f0af\u00f3rnunum, og varpa y\u00f0ur \u00fat til hans.<a name=\"4\"><span class=\"versanumer\">4<\/span><\/a>Og \u00fe\u00e9r munu\u00f0 vi\u00f0urkenna, a\u00f0 \u00e9g hefi sent y\u00f0ur \u00feessa vi\u00f0v\u00f6run, til \u00feess a\u00f0 s\u00e1ttm\u00e1li minn vi\u00f0 Lev\u00ed m\u00e6tti haldast segir Drottinn allsherjar.<a name=\"5\"><span class=\"versanumer\">5<\/span><\/a>S\u00e1ttm\u00e1li minn var vi\u00f0 hann, l\u00edf og hamingju veitti \u00e9g honum, lotningarfullan \u00f3tta, svo a\u00f0 hann \u00f3tta\u00f0ist mig og b\u00e6ri mikla lotningu fyrir nafni m\u00ednu.<a name=\"6\"><span class=\"versanumer\">6<\/span><\/a>S\u00f6nn fr\u00e6\u00f0sla var \u00ed munni hans og rangindi fundust ekki \u00e1 v\u00f6rum hans. \u00cd fri\u00f0i og r\u00e1\u00f0vendni gekk hann me\u00f0 m\u00e9r, og m\u00f6rgum aftra\u00f0i hann fr\u00e1 misgj\u00f6r\u00f0um.<a name=\"7\"><span class=\"versanumer\">7<\/span><\/a>\u00dev\u00ed a\u00f0 varir prestsins eiga a\u00f0 var\u00f0veita \u00feekking, og fr\u00e6\u00f0slu leita menn af munni hans, \u00fev\u00ed a\u00f0 hann er sendibo\u00f0i Drottins allsherjar.<a name=\"8\"><span class=\"versanumer\">8<\/span><\/a>En \u00fe\u00e9r hafi\u00f0 viki\u00f0 af veginum og leitt marga \u00ed hr\u00f6sun me\u00f0 fr\u00e6\u00f0slu y\u00f0ar, \u00fe\u00e9r hafi\u00f0 spillt s\u00e1ttm\u00e1la Lev\u00ed segir Drottinn allsherjar.<a name=\"9\"><span class=\"versanumer\">9<\/span><\/a>Fyrir \u00fev\u00ed hefi \u00e9g og komi\u00f0 y\u00f0ur \u00ed fyrirlitning og \u00f3vir\u00f0ing hj\u00e1 gj\u00f6rv\u00f6llum l\u00fd\u00f0num, af \u00fev\u00ed a\u00f0 \u00fe\u00e9r g\u00e6ti\u00f0 ekki minna vega og eru\u00f0 hlutdr\u00e6gir vi\u00f0 fr\u00e6\u00f0sluna.<a name=\"10\"><span class=\"versanumer\">10<\/span><\/a>Eigum v\u00e9r ekki allir hinn sama f\u00f6\u00f0ur? Hefir ekki einn Gu\u00f0 skapa\u00f0 oss? Hvers vegna breytum v\u00e9r \u00fe\u00e1 sviksamlega hver vi\u00f0 annan og vanhelgum s\u00e1ttm\u00e1la fe\u00f0ra vorra?<a name=\"11\"><span class=\"versanumer\">11<\/span><\/a>J\u00fada hefir gj\u00f6rst tr\u00farofi og sv\u00edvir\u00f0ingar vi\u00f0gangast \u00ed \u00cdsrael og \u00ed Jer\u00fasalem, \u00fev\u00ed a\u00f0 J\u00fada hefir vanhelga\u00f0 helgid\u00f3m Drottins, sem hann elskar, og gengi\u00f0 a\u00f0 eiga \u00fe\u00e6r konur, sem tr\u00faa \u00e1 \u00fatlenda gu\u00f0i.<a name=\"12\"><span class=\"versanumer\">12<\/span><\/a>Drottinn afm\u00e1i fyrir \u00feeim manni, er sl\u00edkt gj\u00f6rir, k\u00e6randa og verjanda \u00far tj\u00f6ldum Jakobs og \u00feann er framber f\u00f3rnargjafir fyrir Drottin allsherjar.<a name=\"13\"><span class=\"versanumer\">13<\/span><\/a>\u00cd \u00f6\u00f0ru lagi gj\u00f6ri\u00f0 \u00fe\u00e9r \u00feetta: \u00de\u00e9r hylji\u00f0 altari Drottins me\u00f0 t\u00e1rum, me\u00f0 gr\u00e1ti og andv\u00f6rpunum, \u00fear sem eigi getur framar komi\u00f0 til m\u00e1la, a\u00f0 hann l\u00edti vingjarnlega \u00e1 f\u00f3rnirnar n\u00e9 taki \u00e1 m\u00f3ti vel\u00fe\u00f3knanlegum gj\u00f6fum af y\u00f0ar hendi.<a name=\"14\"><span class=\"versanumer\">14<\/span><\/a>\u00de\u00e9r segi\u00f0: Hvers vegna? Af \u00fev\u00ed a\u00f0 Drottinn var vottur a\u00f0 s\u00e1ttm\u00e1lsgj\u00f6r\u00f0inni milli \u00fe\u00edn og konu \u00e6sku \u00feinnar, er \u00fe\u00fa hefir n\u00fa brug\u00f0i\u00f0 tr\u00fana\u00f0i vi\u00f0, enda \u00fe\u00f3tt h\u00fan v\u00e6ri f\u00f6runautur \u00feinn og eiginkona \u00fe\u00edn eftir gj\u00f6r\u00f0u s\u00e1ttm\u00e1li.<a name=\"15\"><span class=\"versanumer\">15<\/span><\/a>Hefir ekki einn og hinn sami gefi\u00f0 oss l\u00edfi\u00f0 og vi\u00f0haldi\u00f0 \u00fev\u00ed? Og hva\u00f0 heimtar s\u00e1 hinn eini? B\u00f6rn sem heyra Gu\u00f0i til. G\u00e6ti\u00f0 y\u00f0ar \u00fev\u00ed \u00ed huga y\u00f0ar, og breg\u00f0 eigi tr\u00fana\u00f0i vi\u00f0 eiginkonu \u00e6sku \u00feinnar.<a name=\"16\"><span class=\"versanumer\">16<\/span><\/a>\u00dev\u00ed a\u00f0 \u00e9g hata hj\u00f3naskilna\u00f0 segir Drottinn, \u00cdsraels Gu\u00f0, og \u00feann sem hylur kl\u00e6\u00f0i s\u00edn gl\u00e6pum segir Drottinn allsherjar. G\u00e6ti\u00f0 y\u00f0ar \u00fev\u00ed \u00ed huga y\u00f0ar og breg\u00f0i\u00f0 aldrei tr\u00fana\u00f0i.<a name=\"17\"><span class=\"versanumer\">17<\/span><\/a>\u00de\u00e9r hafi\u00f0 m\u00e6tt Drottin me\u00f0 or\u00f0um y\u00f0ar og \u00fe\u00e9r segi\u00f0: Me\u00f0 hverju m\u00e6\u00f0um v\u00e9r hann? Me\u00f0 \u00fev\u00ed, a\u00f0 \u00fe\u00e9r segi\u00f0: S\u00e9rhver sem illt gj\u00f6rir, er g\u00f3\u00f0ur \u00ed augum Drottins, og um sl\u00edka \u00feykir honum v\u00e6nt, e\u00f0a: Hvar er s\u00e1 Gu\u00f0, sem d\u00e6mir?<\/p>\n<div class=\"footnote1981\"><b>2.2<\/b> Halda nafni Gu\u00f0s \u00ed hei\u00f0ri J\u00f3s 7.19; 1Sam 6.5; Jes 42.12; Jer 13.16; Slm 115.1; J\u00f3h 9.24; Post 12.23; Opb 11.13<br \/>\n<b>2.4<\/b> S\u00e1ttm\u00e1linn vi\u00f0 Lev\u00ed 4M\u00f3s 25.10-13; 5M\u00f3s 18.1-8; 33.8-11; Jer 33.20-22; Neh 13.29; S\u00edr 45.23-26<br \/>\n<b>2.6<\/b> Kenning prestanna 3M\u00f3s 10.11; 5M\u00f3s 21.5; 33.10; Esk 7.26; H\u00f3s 4.6; Neh 8.7-8; 2Kro 15.3; 17.7-9<br \/>\n<b>2.7<\/b> \u00deekking prestanna Sak 7.3+<br \/>\n<b>2.9<\/b> Hlutdr\u00e6gir 3M\u00f3s 19.15; Slm 82.2-4; Jak 2.1-9; sbr 5M\u00f3s 10.17; R\u00f3m 2.11<br \/>\n<b>2.10<\/b> Einn fa\u00f0ir 5M\u00f3s 32.6; Ef 4.6<br \/>\n<b>2.11<\/b> D\u00f3ttir framandi gu\u00f0s fyrir konu 1Kon 11.1-8; Esr 9-10; Neh 13.23-27<br \/>\n<b>2.14<\/b> Drottinn var vottur Ef 5.25-32 \u2013 kona \u00e6sku \u00feinnar Okv 5.18 \u2013 skilna\u00f0ur-svik Matt 5.32; 19.1-9<br \/>\n<b>2.15<\/b> Ein lifandi vera 1M\u00f3s 2.24; Matt 19.5<br \/>\n<b>2.17<\/b> \u00dereyta Drottin Jes 43.24 \u2013 l\u00e1n illra Mal 3.15; Jer 12.1-2; Hab 1.13; Slm 10.4-13; 37.1; 73.3-13; Job 21.7-33; Pr\u00e9d 8.11<\/div>\n","protected":false},"excerpt":{"rendered":"<p>1Og n\u00fa \u00fat gengur \u00feessi vi\u00f0v\u00f6run til y\u00f0ar, \u00fe\u00e9r prestar:2Ef \u00fe\u00e9r hl\u00fd\u00f0i\u00f0 ekki og l\u00e1ti\u00f0 y\u00f0ur ekki um \u00fea\u00f0 huga\u00f0 a\u00f0 gefa nafni m\u00ednu d\u00fdr\u00f0ina segir Drottinn allsherjar, \u00fe\u00e1 sendi \u00e9g yfir y\u00f0ur b\u00f6lvunina og sn\u00fd blessunum y\u00f0ar \u00ed b\u00f6lvun, j\u00e1 \u00e9g hefi \u00feegar sn\u00fai\u00f0 \u00feeim \u00ed b\u00f6lvun, af \u00fev\u00ed a\u00f0 \u00fe\u00e9r l\u00e1ti\u00f0 y\u00f0ur ekki um \u00fea\u00f0 huga\u00f0.3Sj\u00e1, \u00e9g hegg af y\u00f0ur arminn og str\u00e1i saur framan \u00ed y\u00f0ur, saurnum fr\u00e1 h\u00e1t\u00ed\u00f0af\u00f3rnunum, og varpa y\u00f0ur \u00fat til hans.4Og \u00fe\u00e9r munu\u00f0 vi\u00f0urkenna, a\u00f0 \u00e9g hefi sent y\u00f0ur \u00feessa vi\u00f0v\u00f6run, til \u00feess a\u00f0 s\u00e1ttm\u00e1li minn vi\u00f0 Lev\u00ed m\u00e6tti haldast segir Drottinn allsherjar.5S\u00e1ttm\u00e1li <a href=\"https:\/\/biblian.is\/1981\/malaki-2-kafli\/\"> [&#8230;]<\/a><\/p>\n","protected":false},"author":1,"featured_media":0,"parent":0,"menu_order":0,"comment_status":"open","ping_status":"open","template":"bibliukaflar.php","meta":{"footnotes":""},"class_list":["post-2274","page","type-page","status-publish","hentry"],"_links":{"self":[{"href":"https:\/\/biblian.is\/1981\/wp-json\/wp\/v2\/pages\/2274","targetHints":{"allow":["GET"]}}],"collection":[{"href":"https:\/\/biblian.is\/1981\/wp-json\/wp\/v2\/pages"}],"about":[{"href":"https:\/\/biblian.is\/1981\/wp-json\/wp\/v2\/types\/page"}],"author":[{"embeddable":true,"href":"https:\/\/biblian.is\/1981\/wp-json\/wp\/v2\/users\/1"}],"replies":[{"embeddable":true,"href":"https:\/\/biblian.is\/1981\/wp-json\/wp\/v2\/comments?post=2274"}],"version-history":[{"count":0,"href":"https:\/\/biblian.is\/1981\/wp-json\/wp\/v2\/pages\/2274\/revisions"}],"wp:attachment":[{"href":"https:\/\/biblian.is\/1981\/wp-json\/wp\/v2\/media?parent=2274"}],"curies":[{"name":"wp","href":"https:\/\/api.w.org\/{rel}","templated":true}]}}