{"id":2272,"date":"2017-11-18T20:21:05","date_gmt":"2017-11-18T20:21:05","guid":{"rendered":"http:\/\/biblian.is\/1981\/sakaria-14-kafli\/"},"modified":"2021-06-06T11:05:43","modified_gmt":"2021-06-06T11:05:43","slug":"sakaria-14-kafli","status":"publish","type":"page","link":"https:\/\/biblian.is\/1981\/sakaria-14-kafli\/","title":{"rendered":"Sakar\u00eda 14. kafli"},"content":{"rendered":"<p><a name=\"1\"><span class=\"versanumer\">1<\/span><\/a>Sj\u00e1, s\u00e1 dagur kemur fr\u00e1 Drottni, a\u00f0 herfangi \u00fe\u00ednu ver\u00f0ur skipt mitt \u00ed sj\u00e1lfri \u00fe\u00e9r.<a name=\"2\"><span class=\"versanumer\">2<\/span><\/a>Og \u00e9g mun safna \u00f6llum \u00fej\u00f3\u00f0unum til herna\u00f0ar m\u00f3ti Jer\u00fasalem, og borgin mun ver\u00f0a tekin, h\u00fasin r\u00e6nd og konurnar sm\u00e1na\u00f0ar. Helmingur borgarmanna mun ver\u00f0a herleiddur, en hinn l\u00fd\u00f0urinn mun ekki uppr\u00e6ttur ver\u00f0a \u00far borginni.<a name=\"3\"><span class=\"versanumer\">3<\/span><\/a>Og Drottinn mun \u00fat fara og berjast vi\u00f0 \u00feessar \u00fej\u00f3\u00f0ir, eins og \u00feegar hann bar\u00f0ist for\u00f0um \u00e1 orustudeginum.<a name=\"4\"><span class=\"versanumer\">4<\/span><\/a>F\u00e6tur hans munu \u00e1 \u00feeim degi standa \u00e1 Ol\u00edufjallinu, sem er austanvert vi\u00f0 Jer\u00fasalem, og Ol\u00edufjalli\u00f0 mun klofna um \u00fevert fr\u00e1 austri til vesturs, og \u00fear mun ver\u00f0a geysiv\u00ed\u00f0ur dalur, \u00fev\u00ed a\u00f0 annar hluti fjallsins mun undan s\u00edga til nor\u00f0urs, en hinn til su\u00f0urs.<a name=\"5\"><span class=\"versanumer\">5<\/span><\/a>En \u00fe\u00e9r munu\u00f0 fl\u00fdja \u00ed fjalldal minn, \u00fev\u00ed a\u00f0 fjalldalurinn n\u00e6r til Asal. Og \u00fe\u00e9r munu\u00f0 fl\u00fdja, eins og \u00fe\u00e9r fl\u00fd\u00f0u\u00f0 undan landskj\u00e1lftanum \u00e1 d\u00f6gum \u00dass\u00eda J\u00fadakonungs. En Drottinn, Gu\u00f0 minn, mun koma og allir heilagir me\u00f0 honum.<a name=\"6\"><span class=\"versanumer\">6<\/span><\/a>\u00c1 \u00feeim degi mun hvorki ver\u00f0a hiti, kuldi n\u00e9 frost,<a name=\"7\"><span class=\"versanumer\">7<\/span><\/a>og \u00fea\u00f0 mun ver\u00f0a \u00f3slitinn dagur hann er Drottni kunnur hvorki dagur n\u00e9 n\u00f3tt, og jafnvel um kveldt\u00edma mun vera bjart.<a name=\"8\"><span class=\"versanumer\">8<\/span><\/a>\u00c1 \u00feeim degi munu lifandi v\u00f6tn \u00fat flj\u00f3ta fr\u00e1 Jer\u00fasalem, og mun annar helmingur \u00feeirra falla \u00ed austurhafi\u00f0, en hinn helmingurinn \u00ed vesturhafi\u00f0. Skal \u00fea\u00f0 ver\u00f0a b\u00e6\u00f0i sumar og vetur.<a name=\"9\"><span class=\"versanumer\">9<\/span><\/a>Drottinn mun \u00fe\u00e1 vera konungur yfir \u00f6llu landinu. \u00c1 \u00feeim degi mun Drottinn vera einn og nafn hans eitt.<a name=\"10\"><span class=\"versanumer\">10<\/span><\/a>Allt landi\u00f0 fr\u00e1 Geba til Rimmon fyrir sunnan Jer\u00fasalem mun ver\u00f0a a\u00f0 einni sl\u00e9ttu, en h\u00fan mun standa h\u00e1reist og \u00f3h\u00f6ggu\u00f0 \u00e1 st\u00f6\u00f0vum s\u00ednum, fr\u00e1 Benjam\u00ednshli\u00f0i \u00feanga\u00f0 a\u00f0 er fyrra hli\u00f0i\u00f0 var, allt a\u00f0 hornhli\u00f0inu, og fr\u00e1 Hananelturni til konungsv\u00edn\u00fer\u00f3nna.<a name=\"11\"><span class=\"versanumer\">11<\/span><\/a>Menn munu b\u00faa \u00ed henni, og bannf\u00e6ring skal eigi framar til vera, og Jer\u00fasalem skal \u00f3hult standa.<a name=\"12\"><span class=\"versanumer\">12<\/span><\/a>Og \u00feetta mun ver\u00f0a pl\u00e1gan, sem Drottinn mun l\u00e1ta ganga yfir allar \u00fe\u00e6r \u00fej\u00f3\u00f0ir, sem f\u00f3ru herf\u00f6r gegn Jer\u00fasalem: Hann mun l\u00e1ta hold \u00feeirra upp \u00feorna, me\u00f0an \u00feeir enn standa \u00e1 f\u00f3tum, augu \u00feeirra munu hja\u00f0na \u00ed augnat\u00f3ttunum og tungan visna \u00ed munninum.<a name=\"13\"><span class=\"versanumer\">13<\/span><\/a>\u00c1 \u00feeim degi mun mikill felmtur fr\u00e1 Drottni koma yfir \u00fe\u00e1, og \u00feeir munu \u00fer\u00edfa hver \u00ed h\u00f6ndina \u00e1 \u00f6\u00f0rum og hver h\u00f6ndin vera uppi \u00e1 m\u00f3ti annarri.<a name=\"14\"><span class=\"versanumer\">14<\/span><\/a>Jafnvel J\u00fada mun berjast gegn Jer\u00fasalem. \u00de\u00e1 mun au\u00f0i allra \u00fej\u00f3\u00f0anna, sem umhverfis eru, safna\u00f0 ver\u00f0a saman: gulli, silfri og kl\u00e6\u00f0um hr\u00f6nnum saman.<a name=\"15\"><span class=\"versanumer\">15<\/span><\/a>Og alveg sama pl\u00e1gan mun koma yfir hesta, m\u00fala, \u00falfalda, asna og yfir allar \u00fe\u00e6r skepnur, sem ver\u00f0a munu \u00ed \u00feeim herb\u00fa\u00f0um.<a name=\"16\"><span class=\"versanumer\">16<\/span><\/a>En allir \u00feeir, sem eftir ver\u00f0a af \u00f6llum \u00feeim \u00fej\u00f3\u00f0um, sem fari\u00f0 hafa m\u00f3ti Jer\u00fasalem, munu \u00e1 hverju \u00e1ri fara upp \u00feanga\u00f0 til \u00feess a\u00f0 falla fram fyrir konunginum, Drottni allsherjar, og til a\u00f0 halda laufsk\u00e1lah\u00e1t\u00ed\u00f0ina.<a name=\"17\"><span class=\"versanumer\">17<\/span><\/a>En \u00feeir menn af kynkv\u00edslum jar\u00f0arinnar, sem ekki fara upp til Jer\u00fasalem til \u00feess a\u00f0 falla fram fyrir konunginum, Drottni allsherjar, yfir \u00fe\u00e1 mun engin regnsk\u00far koma.<a name=\"18\"><span class=\"versanumer\">18<\/span><\/a>Og ef kynkv\u00edsl Egyptalands fer eigi upp \u00feanga\u00f0 og kemur ekki, \u00fe\u00e1 mun sama pl\u00e1gan koma yfir \u00fe\u00e1 sem Drottinn l\u00e6tur koma yfir \u00fe\u00e6r \u00fej\u00f3\u00f0ir, er eigi fara upp \u00feanga\u00f0 til a\u00f0 halda laufsk\u00e1lah\u00e1t\u00ed\u00f0ina.<a name=\"19\"><span class=\"versanumer\">19<\/span><\/a>\u00deetta mun ver\u00f0a hegning Egypta og hegning allra \u00feeirra \u00fej\u00f3\u00f0a, sem eigi fara upp \u00feanga\u00f0, til \u00feess a\u00f0 halda laufsk\u00e1lah\u00e1t\u00ed\u00f0ina.<a name=\"20\"><span class=\"versanumer\">20<\/span><\/a>\u00c1 \u00feeim degi skal standa \u00e1 bj\u00f6llum hestanna: Helga\u00f0ur Drottni, og katlarnir \u00ed h\u00fasi Drottins munu ver\u00f0a eins st\u00f3rir og f\u00f3rnarsk\u00e1larnar fyrir altarinu.<a name=\"21\"><span class=\"versanumer\">21<\/span><\/a>Og s\u00e9rhver ketill \u00ed Jer\u00fasalem og \u00ed J\u00fada mun helga\u00f0ur vera Drottni allsherjar, og allir \u00feeir sem f\u00f3rnf\u00e6ra vilja, munu koma og taka einhvern \u00feeirra og sj\u00f3\u00f0a \u00ed, og \u00e1 \u00feeim degi mun enginn mangari framar vera \u00ed h\u00fasi Drottins allsherjar.<\/p>\n<div class=\"footnote1981\"><b>14.1<\/b> S\u00e1 dagur Jl 1.15+ &#8211; herfangi skipt Jes 9.2<br \/>\n<b>14.2<\/b> Gegn Jer\u00fasael Esk 38.9; Jl 4.2,12 \u2013 hinn hlutinn sbr Jes 4.3+<br \/>\n<b>14.3<\/b> Drottinn berst Jes 31.4<br \/>\n<b>14.4<\/b> Fjalli\u00f0 klofnar M\u00edk 1.4; sbr Jl 3.3-4; Matt 24.29-31<br \/>\n<b>14.5<\/b> Jar\u00f0skj\u00e1lfti Am 1.1 \u2013 Gu\u00f0 kemur 5M\u00f3s 33.2-3; sbr Matt 16.27 \u2013 heilagir Slm 89.6; Dan 4.14; Jdt 14<br \/>\n<b>14.7<\/b> Kann Drottinn einn skil Mrk 13.32 \u2013 bjart um kveldt\u00edma Jes 60.20; Opb 22.5<br \/>\n<b>14.8<\/b> Ferskt vatn Sak 13.1; Esk 47.1-12; Jl 4.18; Slm 46.5; Opb 22.1-2; sbr J\u00f3h 4.10; 7.38<br \/>\n<b>14.9<\/b> Konungur Slm 22.28-29; Dan 2.44, Opb 11.15; sbr Sak 4.14; 6.5 \u2013 Drottinn einn 5M\u00f3s 6.4<br \/>\n<b>14.10<\/b> Geba 1Kon 15.22; 2Kon 23.8 \u2013 Rimmon J\u00f3s 15.32; Neh 11.29 \u2013 Jer\u00fasalem h\u00e1reist M\u00edk 4.1 \u2013 \u00e1 sta\u00f0 s\u00ednum Sak 12.6<br \/>\n<b>14.11<\/b> Bannf\u00e6ring ekki til Opb 22.3 \u2013 \u00f3hult 5M\u00f3s 22.28<br \/>\n<b>14.13<\/b> Hver h\u00f6ndin D\u00f3m 7.22; Esk 38.21<br \/>\n<b>14.14<\/b> Au\u00f0ur \u00fej\u00f3\u00f0anna Esk 39.10<br \/>\n<b>14.16<\/b> \u00dej\u00f3\u00f0irnar koma og lofa Drottin M\u00edk 4.1+ &#8211; Drottinn er konungur Sak 14.9; Slm 93.1+ &#8211; laufsk\u00e1lah\u00e1t\u00ed\u00f0 5M\u00f3s 16.13-15; Neh 8.13-18<br \/>\n<b>14.20<\/b> Helga\u00f0ur Drottni 2M\u00f3s 28.36<br \/>\n<b>14.21<\/b> Enginn mangari J\u00f3h 2.16 og hlst.<\/div>\n","protected":false},"excerpt":{"rendered":"<p>1Sj\u00e1, s\u00e1 dagur kemur fr\u00e1 Drottni, a\u00f0 herfangi \u00fe\u00ednu ver\u00f0ur skipt mitt \u00ed sj\u00e1lfri \u00fe\u00e9r.2Og \u00e9g mun safna \u00f6llum \u00fej\u00f3\u00f0unum til herna\u00f0ar m\u00f3ti Jer\u00fasalem, og borgin mun ver\u00f0a tekin, h\u00fasin r\u00e6nd og konurnar sm\u00e1na\u00f0ar. Helmingur borgarmanna mun ver\u00f0a herleiddur, en hinn l\u00fd\u00f0urinn mun ekki uppr\u00e6ttur ver\u00f0a \u00far borginni.3Og Drottinn mun \u00fat fara og berjast vi\u00f0 \u00feessar \u00fej\u00f3\u00f0ir, eins og \u00feegar hann bar\u00f0ist for\u00f0um \u00e1 orustudeginum.4F\u00e6tur hans munu \u00e1 \u00feeim degi standa \u00e1 Ol\u00edufjallinu, sem er austanvert vi\u00f0 Jer\u00fasalem, og Ol\u00edufjalli\u00f0 mun klofna um \u00fevert fr\u00e1 austri til vesturs, og \u00fear mun ver\u00f0a geysiv\u00ed\u00f0ur dalur, \u00fev\u00ed a\u00f0 annar hluti fjallsins mun <a href=\"https:\/\/biblian.is\/1981\/sakaria-14-kafli\/\"> [&#8230;]<\/a><\/p>\n","protected":false},"author":1,"featured_media":0,"parent":0,"menu_order":0,"comment_status":"open","ping_status":"open","template":"bibliukaflar.php","meta":{"footnotes":""},"class_list":["post-2272","page","type-page","status-publish","hentry"],"_links":{"self":[{"href":"https:\/\/biblian.is\/1981\/wp-json\/wp\/v2\/pages\/2272","targetHints":{"allow":["GET"]}}],"collection":[{"href":"https:\/\/biblian.is\/1981\/wp-json\/wp\/v2\/pages"}],"about":[{"href":"https:\/\/biblian.is\/1981\/wp-json\/wp\/v2\/types\/page"}],"author":[{"embeddable":true,"href":"https:\/\/biblian.is\/1981\/wp-json\/wp\/v2\/users\/1"}],"replies":[{"embeddable":true,"href":"https:\/\/biblian.is\/1981\/wp-json\/wp\/v2\/comments?post=2272"}],"version-history":[{"count":0,"href":"https:\/\/biblian.is\/1981\/wp-json\/wp\/v2\/pages\/2272\/revisions"}],"wp:attachment":[{"href":"https:\/\/biblian.is\/1981\/wp-json\/wp\/v2\/media?parent=2272"}],"curies":[{"name":"wp","href":"https:\/\/api.w.org\/{rel}","templated":true}]}}