{"id":2271,"date":"2017-11-18T20:21:05","date_gmt":"2017-11-18T20:21:05","guid":{"rendered":"http:\/\/biblian.is\/1981\/sakaria-13-kafli\/"},"modified":"2021-06-06T11:05:42","modified_gmt":"2021-06-06T11:05:42","slug":"sakaria-13-kafli","status":"publish","type":"page","link":"https:\/\/biblian.is\/1981\/sakaria-13-kafli\/","title":{"rendered":"Sakar\u00eda 13. kafli"},"content":{"rendered":"<p><a name=\"1\"><span class=\"versanumer\">1<\/span><\/a>\u00c1 \u00feeim degi mun Dav\u00ed\u00f0s h\u00fasi og Jer\u00fasalemb\u00faum standa opin lind til a\u00f0 \u00fevo af s\u00e9r syndir og saurugleik.<a name=\"2\"><span class=\"versanumer\">2<\/span><\/a>\u00c1 \u00feeim degi segir Drottinn allsherjar mun \u00e9g afm\u00e1 n\u00f6fn skur\u00f0go\u00f0anna \u00far landinu, svo a\u00f0 \u00feeirra skal eigi framar minnst ver\u00f0a, og s\u00f6mulei\u00f0is vil \u00e9g reka burt \u00far landinu sp\u00e1mennina og \u00f3hreinleikans anda.<a name=\"3\"><span class=\"versanumer\">3<\/span><\/a>En ef nokkur kemur enn fram sem sp\u00e1ma\u00f0ur, \u00fe\u00e1 munu fa\u00f0ir hans og m\u00f3\u00f0ir, hans eigin foreldrar, segja vi\u00f0 hann: \u00de\u00fa skalt eigi l\u00edfi halda, \u00fev\u00ed a\u00f0 \u00fe\u00fa hefir tala\u00f0 lygi \u00ed nafni Drottins. Og fa\u00f0ir hans og m\u00f3\u00f0ir, hans eigin foreldrar, munu leggja hann \u00ed gegn, \u00fe\u00e1 er hann kemur fram sem sp\u00e1ma\u00f0ur.<a name=\"4\"><span class=\"versanumer\">4<\/span><\/a>\u00c1 \u00feeim degi munu allir sp\u00e1menn skammast s\u00edn fyrir s\u00fdnir s\u00ednar, \u00fe\u00e1 er \u00feeir eru a\u00f0 sp\u00e1, og \u00feeir skulu eigi kl\u00e6\u00f0ast lo\u00f0feldum til \u00feess a\u00f0 blekkja a\u00f0ra,<a name=\"5\"><span class=\"versanumer\">5<\/span><\/a>heldur mun hver \u00feeirra segja: \u00c9g er enginn sp\u00e1ma\u00f0ur, \u00e9g er akurkarl, \u00fev\u00ed \u00e1 akuryrkju hefi \u00e9g lagt stund fr\u00e1 barn\u00e6sku.<a name=\"6\"><span class=\"versanumer\">6<\/span><\/a>Og segi einhver vi\u00f0 hann: Hva\u00f0a \u00f6r eru \u00feetta \u00e1 brj\u00f3sti \u00fe\u00ednu? \u00fe\u00e1 mun hann svara: \u00dea\u00f0 er eftir h\u00f6gg, sem \u00e9g f\u00e9kk \u00ed h\u00fasi \u00e1stvina minna.<a name=\"7\"><span class=\"versanumer\">7<\/span><\/a>Hef \u00feig \u00e1 loft, sver\u00f0, gegn hir\u00f0i m\u00ednum og gegn manninum, sem m\u00e9r er svo n\u00e1kominn! segir Drottinn allsherjar. Sl\u00e1 \u00fe\u00fa hir\u00f0inn, \u00fe\u00e1 mun hj\u00f6r\u00f0in tv\u00edstrast, og \u00e9g mun sn\u00faa hendi minni til hinna sm\u00e1u.<a name=\"8\"><span class=\"versanumer\">8<\/span><\/a>Og svo skal fara \u00ed gj\u00f6rv\u00f6llu landinu segir Drottinn a\u00f0 tveir hlutir landsf\u00f3lksins skulu uppr\u00e6ttir ver\u00f0a og gefa upp \u00f6ndina, en \u00feri\u00f0jungur \u00feess eftir ver\u00f0a.<a name=\"9\"><span class=\"versanumer\">9<\/span><\/a>En \u00feennan \u00feri\u00f0jung l\u00e6t \u00e9g \u00ed eld og br\u00e6\u00f0i \u00fe\u00e1, eins og silfur er br\u00e6tt, og hreinsa \u00fe\u00e1 eins og gull er hreinsa\u00f0. Hann mun \u00e1kalla nafn mitt, og \u00e9g mun b\u00e6nheyra hann og \u00e9g mun segja: \u00deetta er minn l\u00fd\u00f0ur! og hann mun segja: Drottinn, Gu\u00f0 minn!<\/p>\n<div class=\"footnote1981\"><b>13.1<\/b> Opin lind Sak 14.8; Esk 47.1 \u2013 \u00f3hreinleiki Jer 2.23; Esk 22.3; 36.25; H\u00f3s 5.3; 6.10<br \/>\n<b>13.2<\/b> Sp\u00e1menn reknir burt M\u00edk 5.11-12<br \/>\n<b>13.3<\/b> Falssp\u00e1menn deyddir 5M\u00f3s 18.20; Jer 14.14-15; 23.16-17; 27.14-15; 28.15<br \/>\n<b>13.4<\/b> Blyg\u00f0ast s\u00edn sbr M\u00edk 3.7<br \/>\n<b>13.7<\/b> Hir\u00f0ir Drottins Sak 11.4-17 \u2013 bana hir\u00f0inum &#8230; Matt 26.31; Mrk 14.27 \u2013 jafnt st\u00f3rir sem sm\u00e1ir Jer 44.12<br \/>\n<b>13.8<\/b> Tveir hlutar eyddir sbr Esk 5.1-4 \u2013 \u00feri\u00f0jungur sbr Jes 4.3+<br \/>\n<b>13.9<\/b> Lei\u00f0a gegnum eldinn Mal 3.2-3 \u2013 hreinsa Jes 48.10 \u2013 m\u00edn \u00fej\u00f3\u00f0 &#8230; Gu\u00f0 minn (s\u00e1ttm\u00e1linn) Sak 8.8; Jer 7.23+<\/div>\n","protected":false},"excerpt":{"rendered":"<p>1\u00c1 \u00feeim degi mun Dav\u00ed\u00f0s h\u00fasi og Jer\u00fasalemb\u00faum standa opin lind til a\u00f0 \u00fevo af s\u00e9r syndir og saurugleik.2\u00c1 \u00feeim degi segir Drottinn allsherjar mun \u00e9g afm\u00e1 n\u00f6fn skur\u00f0go\u00f0anna \u00far landinu, svo a\u00f0 \u00feeirra skal eigi framar minnst ver\u00f0a, og s\u00f6mulei\u00f0is vil \u00e9g reka burt \u00far landinu sp\u00e1mennina og \u00f3hreinleikans anda.3En ef nokkur kemur enn fram sem sp\u00e1ma\u00f0ur, \u00fe\u00e1 munu fa\u00f0ir hans og m\u00f3\u00f0ir, hans eigin foreldrar, segja vi\u00f0 hann: \u00de\u00fa skalt eigi l\u00edfi halda, \u00fev\u00ed a\u00f0 \u00fe\u00fa hefir tala\u00f0 lygi \u00ed nafni Drottins. Og fa\u00f0ir hans og m\u00f3\u00f0ir, hans eigin foreldrar, munu leggja hann \u00ed gegn, \u00fe\u00e1 er hann <a href=\"https:\/\/biblian.is\/1981\/sakaria-13-kafli\/\"> [&#8230;]<\/a><\/p>\n","protected":false},"author":1,"featured_media":0,"parent":0,"menu_order":0,"comment_status":"open","ping_status":"open","template":"bibliukaflar.php","meta":{"footnotes":""},"class_list":["post-2271","page","type-page","status-publish","hentry"],"_links":{"self":[{"href":"https:\/\/biblian.is\/1981\/wp-json\/wp\/v2\/pages\/2271","targetHints":{"allow":["GET"]}}],"collection":[{"href":"https:\/\/biblian.is\/1981\/wp-json\/wp\/v2\/pages"}],"about":[{"href":"https:\/\/biblian.is\/1981\/wp-json\/wp\/v2\/types\/page"}],"author":[{"embeddable":true,"href":"https:\/\/biblian.is\/1981\/wp-json\/wp\/v2\/users\/1"}],"replies":[{"embeddable":true,"href":"https:\/\/biblian.is\/1981\/wp-json\/wp\/v2\/comments?post=2271"}],"version-history":[{"count":0,"href":"https:\/\/biblian.is\/1981\/wp-json\/wp\/v2\/pages\/2271\/revisions"}],"wp:attachment":[{"href":"https:\/\/biblian.is\/1981\/wp-json\/wp\/v2\/media?parent=2271"}],"curies":[{"name":"wp","href":"https:\/\/api.w.org\/{rel}","templated":true}]}}