{"id":2270,"date":"2017-11-18T20:21:05","date_gmt":"2017-11-18T20:21:05","guid":{"rendered":"http:\/\/biblian.is\/1981\/sakaria-12-kafli\/"},"modified":"2021-06-06T11:05:41","modified_gmt":"2021-06-06T11:05:41","slug":"sakaria-12-kafli","status":"publish","type":"page","link":"https:\/\/biblian.is\/1981\/sakaria-12-kafli\/","title":{"rendered":"Sakar\u00eda 12. kafli"},"content":{"rendered":"<p><a name=\"1\"><span class=\"versanumer\">1<\/span><\/a>Sp\u00e1d\u00f3mur. Or\u00f0 Drottins um \u00cdsrael, gu\u00f0m\u00e6li Drottins, sem \u00fat\u00feandi himininn, grundvalla\u00f0i j\u00f6r\u00f0ina og mynda\u00f0i andann \u00ed brj\u00f3sti mannsins:<a name=\"2\"><span class=\"versanumer\">2<\/span><\/a>Sj\u00e1, \u00e9g gj\u00f6ri Jer\u00fasalem a\u00f0 v\u00edmusk\u00e1l fyrir allar \u00fej\u00f3\u00f0irnar, sem umhverfis hana eru. Jafnvel J\u00fada mun vera me\u00f0 \u00ed ums\u00e1tinni um Jer\u00fasalem.<a name=\"3\"><span class=\"versanumer\">3<\/span><\/a>\u00c1 \u00feeim degi mun \u00e9g gj\u00f6ra Jer\u00fasalem a\u00f0 aflraunasteini fyrir allar \u00fej\u00f3\u00f0ir. Hver s\u00e1, er hefur hann upp, mun hrufla sig til bl\u00f3\u00f0s, og allar \u00fej\u00f3\u00f0ir jar\u00f0arinnar munu safnast gegn henni.<a name=\"4\"><span class=\"versanumer\">4<\/span><\/a>\u00c1 \u00feeim degi segir Drottinn mun \u00e9g sl\u00e1 felmt \u00e1 alla v\u00edghesta og vitfirring \u00e1 \u00fe\u00e1 sem r\u00ed\u00f0a \u00feeim. \u00c1 J\u00fada h\u00fasi vil \u00e9g hafa vakandi auga, en sl\u00e1 alla hesta \u00fej\u00f3\u00f0anna me\u00f0 blindu.<a name=\"5\"><span class=\"versanumer\">5<\/span><\/a>\u00de\u00e1 munu \u00e6tth\u00f6f\u00f0ingjar J\u00fada segja me\u00f0 sj\u00e1lfum s\u00e9r: Styrkur er Jer\u00fasalemb\u00faum \u00ed Drottni allsherjar, Gu\u00f0i s\u00ednum.<a name=\"6\"><span class=\"versanumer\">6<\/span><\/a>\u00c1 \u00feeim degi mun \u00e9g gj\u00f6ra \u00e6tth\u00f6f\u00f0ingja J\u00fada eins og gl\u00f3\u00f0arker \u00ed vi\u00f0arkesti og sem brennandi blys \u00ed kerfum, og \u00feeir munu ey\u00f0a til h\u00e6gri og til vinstri \u00f6llum \u00fej\u00f3\u00f0um umhverfis, en Jer\u00fasalem mun ver\u00f0a kyrr \u00e1 s\u00ednum sta\u00f0 eins og \u00e1\u00f0ur.<a name=\"7\"><span class=\"versanumer\">7<\/span><\/a>Fyrst mun Drottinn frelsa tj\u00f6ld J\u00fada, til \u00feess a\u00f0 fr\u00e6g\u00f0 Dav\u00ed\u00f0s h\u00fass og fr\u00e6g\u00f0 Jer\u00fasalemb\u00faa ver\u00f0i ekki meiri en J\u00fada.<a name=\"8\"><span class=\"versanumer\">8<\/span><\/a>\u00c1 \u00feeim degi mun Drottinn halda hl\u00edfiskildi yfir Jer\u00fasalemb\u00faum, og hinn m\u00e1ttfarni me\u00f0al \u00feeirra mun \u00e1 \u00feeim degi vera eins og Dav\u00ed\u00f0 og Dav\u00ed\u00f0s h\u00fas eins og Gu\u00f0, eins og engill Drottins \u00e1 undan \u00feeim.<a name=\"9\"><span class=\"versanumer\">9<\/span><\/a>\u00c1 \u00feeim degi mun \u00e9g leitast vi\u00f0 a\u00f0 ey\u00f0a \u00f6llum \u00fej\u00f3\u00f0unum, er f\u00f3ru \u00ed m\u00f3ti Jer\u00fasalem.<a name=\"10\"><span class=\"versanumer\">10<\/span><\/a>En yfir Dav\u00ed\u00f0s h\u00fas og yfir Jer\u00fasalemb\u00faa \u00fathelli \u00e9g l\u00edknar- og b\u00e6naranda, og \u00feeir munu l\u00edta til m\u00edn, til hans, sem \u00feeir l\u00f6g\u00f0u \u00ed gegn, og harma hann eins og menn harma l\u00e1t einkasonar, og syrgja hann eins og menn syrgja frumgetinn son.<a name=\"11\"><span class=\"versanumer\">11<\/span><\/a>\u00c1 \u00feeim degi mun eins miki\u00f0 harmakvein ver\u00f0a \u00ed Jer\u00fasalem eins og Hadad-Rimmon-harmakveini\u00f0 \u00ed Megidd\u00f3dal.<a name=\"12\"><span class=\"versanumer\">12<\/span><\/a>Landi\u00f0 mun kveina, hver kyn\u00fe\u00e1ttur fyrir sig: Kyn\u00fe\u00e1ttur Dav\u00ed\u00f0s h\u00fass fyrir sig og konur \u00feeirra fyrir sig, kyn\u00fe\u00e1ttur Natans h\u00fass fyrir sig og konur \u00feeirra fyrir sig,<a name=\"13\"><span class=\"versanumer\">13<\/span><\/a>kyn\u00fe\u00e1ttur Lev\u00ed h\u00fass fyrir sig og konur \u00feeirra fyrir sig, kyn\u00fe\u00e1ttur S\u00edme\u00edta fyrir sig og konur \u00feeirra fyrir sig,<a name=\"14\"><span class=\"versanumer\">14<\/span><\/a>og eins allir hinir kyn\u00fe\u00e6ttirnir, sem eftir eru, hver kyn\u00fe\u00e1ttur fyrir sig og konur \u00feeirra fyrir sig.<\/p>\n<div class=\"footnote1981\"><b>12.1<\/b> Sp\u00e1d\u00f3mur Jes 13.1+ &#8211; \u00feandi \u00fat himininn Jes 40.22; 42.5; 44.24; Slm 104.2 \u2013 grundvalla\u00f0i j\u00f6r\u00f0ina Jes 44.24+ ; Slm 78.69; 102.26; 104.5+ &#8211; mynda\u00f0i andann sbr Jes 44.24<br \/>\n<b>12.2<\/b> V\u00edmusk\u00e1l Jer 25.15+<br \/>\n<b>12.3<\/b> Gegn henni M\u00edk 4.11<br \/>\n<b>12.10<\/b> Fylla anda Esk 39.29; Jl 3.1-2; sbr Jes 44.3 \u2013 r\u00e1\u00f0ast gegn J\u00f3h 19.37; Opb 1.7; sbr Jes 53 \u2013 harma sem einkason Jer 6.26; Am 8.10; sbr 2M\u00f3s 12.30<\/div>\n","protected":false},"excerpt":{"rendered":"<p>1Sp\u00e1d\u00f3mur. Or\u00f0 Drottins um \u00cdsrael, gu\u00f0m\u00e6li Drottins, sem \u00fat\u00feandi himininn, grundvalla\u00f0i j\u00f6r\u00f0ina og mynda\u00f0i andann \u00ed brj\u00f3sti mannsins:2Sj\u00e1, \u00e9g gj\u00f6ri Jer\u00fasalem a\u00f0 v\u00edmusk\u00e1l fyrir allar \u00fej\u00f3\u00f0irnar, sem umhverfis hana eru. Jafnvel J\u00fada mun vera me\u00f0 \u00ed ums\u00e1tinni um Jer\u00fasalem.3\u00c1 \u00feeim degi mun \u00e9g gj\u00f6ra Jer\u00fasalem a\u00f0 aflraunasteini fyrir allar \u00fej\u00f3\u00f0ir. Hver s\u00e1, er hefur hann upp, mun hrufla sig til bl\u00f3\u00f0s, og allar \u00fej\u00f3\u00f0ir jar\u00f0arinnar munu safnast gegn henni.4\u00c1 \u00feeim degi segir Drottinn mun \u00e9g sl\u00e1 felmt \u00e1 alla v\u00edghesta og vitfirring \u00e1 \u00fe\u00e1 sem r\u00ed\u00f0a \u00feeim. \u00c1 J\u00fada h\u00fasi vil \u00e9g hafa vakandi auga, en sl\u00e1 alla hesta \u00fej\u00f3\u00f0anna <a href=\"https:\/\/biblian.is\/1981\/sakaria-12-kafli\/\"> [&#8230;]<\/a><\/p>\n","protected":false},"author":1,"featured_media":0,"parent":0,"menu_order":0,"comment_status":"open","ping_status":"open","template":"bibliukaflar.php","meta":{"footnotes":""},"class_list":["post-2270","page","type-page","status-publish","hentry"],"_links":{"self":[{"href":"https:\/\/biblian.is\/1981\/wp-json\/wp\/v2\/pages\/2270","targetHints":{"allow":["GET"]}}],"collection":[{"href":"https:\/\/biblian.is\/1981\/wp-json\/wp\/v2\/pages"}],"about":[{"href":"https:\/\/biblian.is\/1981\/wp-json\/wp\/v2\/types\/page"}],"author":[{"embeddable":true,"href":"https:\/\/biblian.is\/1981\/wp-json\/wp\/v2\/users\/1"}],"replies":[{"embeddable":true,"href":"https:\/\/biblian.is\/1981\/wp-json\/wp\/v2\/comments?post=2270"}],"version-history":[{"count":0,"href":"https:\/\/biblian.is\/1981\/wp-json\/wp\/v2\/pages\/2270\/revisions"}],"wp:attachment":[{"href":"https:\/\/biblian.is\/1981\/wp-json\/wp\/v2\/media?parent=2270"}],"curies":[{"name":"wp","href":"https:\/\/api.w.org\/{rel}","templated":true}]}}