{"id":2269,"date":"2017-11-18T20:21:05","date_gmt":"2017-11-18T20:21:05","guid":{"rendered":"http:\/\/biblian.is\/1981\/sakaria-11-kafli\/"},"modified":"2021-06-06T11:05:39","modified_gmt":"2021-06-06T11:05:39","slug":"sakaria-11-kafli","status":"publish","type":"page","link":"https:\/\/biblian.is\/1981\/sakaria-11-kafli\/","title":{"rendered":"Sakar\u00eda 11. kafli"},"content":{"rendered":"<p><a name=\"1\"><span class=\"versanumer\">1<\/span><\/a>Upp l\u00fak dyrum \u00fe\u00ednum, L\u00edbanon, til \u00feess a\u00f0 eldur geti eytt sedrustrj\u00e1m \u00fe\u00ednum.<a name=\"2\"><span class=\"versanumer\">2<\/span><\/a>Kveina \u00fe\u00fa, k\u00fdprestr\u00e9, yfir \u00fev\u00ed a\u00f0 sedrustr\u00e9\u00f0 er falli\u00f0. Kveini\u00f0 \u00fe\u00e9r, Basans eikur, yfir \u00fev\u00ed a\u00f0 hinn \u00feykki sk\u00f3gurinn liggur vi\u00f0 velli.<a name=\"3\"><span class=\"versanumer\">3<\/span><\/a>Heyr, hversu hir\u00f0arnir kveina, af \u00fev\u00ed a\u00f0 pr\u00fd\u00f0i \u00feeirra er ey\u00f0il\u00f6g\u00f0. Heyr, hversu unglj\u00f3nin \u00f6skra, af \u00fev\u00ed a\u00f0 vegsemd J\u00f3rdanar er eydd.<a name=\"4\"><span class=\"versanumer\">4<\/span><\/a>Svo sag\u00f0i Drottinn, Gu\u00f0 minn: Hald til haga skur\u00f0arsau\u00f0unum,<a name=\"5\"><span class=\"versanumer\">5<\/span><\/a>er kaupendur \u00feeirra sl\u00e1tra a\u00f0 \u00f3sekju, og seljendur \u00feeirra segja: Lofa\u00f0ur s\u00e9 Drottinn, n\u00fa er \u00e9g or\u00f0inn r\u00edkur! og hir\u00f0ar \u00feeirra v\u00e6gja \u00feeim ekki.<a name=\"6\"><span class=\"versanumer\">6<\/span><\/a>\u00dev\u00ed a\u00f0 n\u00fa vil \u00e9g ekki framar v\u00e6gja \u00edb\u00faum landsins segir Drottinn heldur framsel \u00e9g n\u00fa sj\u00e1lfur mennina, hvern \u00ed hendur konungi s\u00ednum. \u00deeir munu ey\u00f0a landi\u00f0, og \u00e9g mun engan frelsa undan valdi \u00feeirra.<a name=\"7\"><span class=\"versanumer\">7<\/span><\/a>\u00de\u00e1 h\u00e9lt \u00e9g til haga skur\u00f0arsau\u00f0unum fyrir fj\u00e1rkaupmennina, og t\u00f3k \u00e9g m\u00e9r tvo stafi. Kalla\u00f0i \u00e9g annan \u00feeirra Hylli og hinn Sameining. G\u00e6tti \u00e9g n\u00fa fj\u00e1rins<a name=\"8\"><span class=\"versanumer\">8<\/span><\/a>og afm\u00e1\u00f0i \u00ferj\u00e1 hir\u00f0a \u00e1 einum m\u00e1nu\u00f0i. Var\u00f0 \u00e9g lei\u00f0ur \u00e1 \u00feeim, og \u00feeir h\u00f6f\u00f0u einnig \u00f3beit \u00e1 m\u00e9r.<a name=\"9\"><span class=\"versanumer\">9<\/span><\/a>\u00de\u00e1 sag\u00f0i \u00e9g: \u00c9g vil ekki g\u00e6ta y\u00f0ar. Deyi \u00fea\u00f0 sem deyja vill, farist \u00fea\u00f0 sem farast vill, og \u00fea\u00f0 sem \u00fe\u00e1 ver\u00f0ur eftir, eti hva\u00f0 anna\u00f0 upp.<a name=\"10\"><span class=\"versanumer\">10<\/span><\/a>S\u00ed\u00f0an t\u00f3k \u00e9g staf minn Hylli og braut \u00ed sundur til \u00feess a\u00f0 breg\u00f0a \u00feeim s\u00e1ttm\u00e1la, sem \u00e9g haf\u00f0i gj\u00f6rt vi\u00f0 allar \u00fej\u00f3\u00f0ir.<a name=\"11\"><span class=\"versanumer\">11<\/span><\/a>En er honum var brug\u00f0i\u00f0 \u00e1 \u00feeim degi, \u00fe\u00e1 k\u00f6nnu\u00f0ust fj\u00e1rkaupmennirnir vi\u00f0, \u00feeir er g\u00e1fu m\u00e9r gaum, a\u00f0 \u00feetta var or\u00f0 Drottins.<a name=\"12\"><span class=\"versanumer\">12<\/span><\/a>\u00de\u00e1 sag\u00f0i \u00e9g vi\u00f0 \u00fe\u00e1: Ef y\u00f0ur \u00fe\u00f3knast, \u00fe\u00e1 grei\u00f0i\u00f0 m\u00e9r kaup mitt, en a\u00f0 \u00f6\u00f0rum kosti l\u00e1ti\u00f0 \u00fea\u00f0 vera! \u00de\u00e1 v\u00f3gu \u00feeir m\u00e9r \u00ferj\u00e1t\u00edu sikla silfurs \u00ed kaup mitt.<a name=\"13\"><span class=\"versanumer\">13<\/span><\/a>En Drottinn sag\u00f0i vi\u00f0 mig: Kasta \u00fe\u00fa \u00fev\u00ed til leirkerasmi\u00f0sins, hinu d\u00fdra ver\u00f0inu, er \u00fe\u00fa varst metinn af \u00feeim! Og \u00e9g t\u00f3k \u00fe\u00e1 \u00ferj\u00e1t\u00edu sikla silfurs og kasta\u00f0i \u00feeim til leirkerasmi\u00f0sins \u00ed musteri Drottins.<a name=\"14\"><span class=\"versanumer\">14<\/span><\/a>S\u00ed\u00f0an braut \u00e9g sundur hinn stafinn, Sameining, til \u00feess a\u00f0 breg\u00f0a upp br\u00e6\u00f0ralaginu milli J\u00fada og \u00cdsrael.<a name=\"15\"><span class=\"versanumer\">15<\/span><\/a>\u00dev\u00ed n\u00e6st sag\u00f0i Drottinn vi\u00f0 mig: Tak \u00fe\u00e9r enn verkf\u00e6ri heimsks hir\u00f0is,<a name=\"16\"><span class=\"versanumer\">16<\/span><\/a>\u00fev\u00ed a\u00f0 sj\u00e1, \u00e9g \u00e6tla sj\u00e1lfur a\u00f0 l\u00e1ta hir\u00f0i r\u00edsa upp \u00ed landinu, sem vitjar ekki \u00feess, sem er a\u00f0 farast, leitar ekki \u00feess, sem villst hefir, gr\u00e6\u00f0ir ekki hi\u00f0 limlesta, annast ekki hi\u00f0 heilbrig\u00f0a, heldur etur kj\u00f6ti\u00f0 af feitu skepnunum og r\u00edfur klaufirnar af \u00feeim.<a name=\"17\"><span class=\"versanumer\">17<\/span><\/a>Vei hinum \u00f3n\u00fdta hir\u00f0i, sem yfirgefur sau\u00f0ina. Gl\u00f6tun komi yfir armlegg hans og yfir h\u00e6gra auga hans! Armleggur hans visni gj\u00f6rsamlega, og h\u00e6gra auga hans ver\u00f0i steinblint.<\/p>\n<div class=\"footnote1981\"><b>11.1-2<\/b> Sedrustr\u00e9 L\u00edbanons D\u00f3m 9.15; Esk 27.5; 31.3; Slm 29.5 \u2013 fallin sedrustr\u00e9 Jes 2.13; 10.33-34; Esk 31 \u2013 Basan 5M\u00f3s 32.14; Jes 2.13; Esk 27.6; Am 4.1; M\u00edk 7.14<br \/>\n<b>11.3<\/b> Smalar og lj\u00f3n (h\u00e9r fjendur \u00cdsraels) Jer 49.19<br \/>\n<b>11.4<\/b> Sl\u00e1turf\u00e9 Esk 34.8-22<br \/>\n<b>11.9<\/b> Deyi \u00fea\u00f0 sem deyja vill &#8230; Jer 15.2; 43.11; sbr Opb 13.10<br \/>\n<b>11.10<\/b> Rofinn s\u00e1ttm\u00e1li Jer 11.10; 31.32; 33.21<br \/>\n<b>11.12<\/b> \u00derj\u00e1t\u00edu Matt 26.15<br \/>\n<b>11.13<\/b> Silfrinu kasta\u00f0 Matt 27.3-10<br \/>\n<b>11.14<\/b> Br\u00e6\u00f0ralag Jer 3.18; Esk 37.15-28; H\u00f3s 2.2<br \/>\n<b>11.16<\/b> K\u00e6rulaus hir\u00f0ir Jer 23.1; Esk 34.4<br \/>\n<b>11.17<\/b> \u00d3n\u00fdtur hir\u00f0ir J\u00f3h 10.12-13<\/div>\n","protected":false},"excerpt":{"rendered":"<p>1Upp l\u00fak dyrum \u00fe\u00ednum, L\u00edbanon, til \u00feess a\u00f0 eldur geti eytt sedrustrj\u00e1m \u00fe\u00ednum.2Kveina \u00fe\u00fa, k\u00fdprestr\u00e9, yfir \u00fev\u00ed a\u00f0 sedrustr\u00e9\u00f0 er falli\u00f0. Kveini\u00f0 \u00fe\u00e9r, Basans eikur, yfir \u00fev\u00ed a\u00f0 hinn \u00feykki sk\u00f3gurinn liggur vi\u00f0 velli.3Heyr, hversu hir\u00f0arnir kveina, af \u00fev\u00ed a\u00f0 pr\u00fd\u00f0i \u00feeirra er ey\u00f0il\u00f6g\u00f0. Heyr, hversu unglj\u00f3nin \u00f6skra, af \u00fev\u00ed a\u00f0 vegsemd J\u00f3rdanar er eydd.4Svo sag\u00f0i Drottinn, Gu\u00f0 minn: Hald til haga skur\u00f0arsau\u00f0unum,5er kaupendur \u00feeirra sl\u00e1tra a\u00f0 \u00f3sekju, og seljendur \u00feeirra segja: Lofa\u00f0ur s\u00e9 Drottinn, n\u00fa er \u00e9g or\u00f0inn r\u00edkur! og hir\u00f0ar \u00feeirra v\u00e6gja \u00feeim ekki.6\u00dev\u00ed a\u00f0 n\u00fa vil \u00e9g ekki framar v\u00e6gja \u00edb\u00faum landsins segir Drottinn heldur framsel \u00e9g <a href=\"https:\/\/biblian.is\/1981\/sakaria-11-kafli\/\"> [&#8230;]<\/a><\/p>\n","protected":false},"author":1,"featured_media":0,"parent":0,"menu_order":0,"comment_status":"open","ping_status":"open","template":"bibliukaflar.php","meta":{"footnotes":""},"class_list":["post-2269","page","type-page","status-publish","hentry"],"_links":{"self":[{"href":"https:\/\/biblian.is\/1981\/wp-json\/wp\/v2\/pages\/2269","targetHints":{"allow":["GET"]}}],"collection":[{"href":"https:\/\/biblian.is\/1981\/wp-json\/wp\/v2\/pages"}],"about":[{"href":"https:\/\/biblian.is\/1981\/wp-json\/wp\/v2\/types\/page"}],"author":[{"embeddable":true,"href":"https:\/\/biblian.is\/1981\/wp-json\/wp\/v2\/users\/1"}],"replies":[{"embeddable":true,"href":"https:\/\/biblian.is\/1981\/wp-json\/wp\/v2\/comments?post=2269"}],"version-history":[{"count":0,"href":"https:\/\/biblian.is\/1981\/wp-json\/wp\/v2\/pages\/2269\/revisions"}],"wp:attachment":[{"href":"https:\/\/biblian.is\/1981\/wp-json\/wp\/v2\/media?parent=2269"}],"curies":[{"name":"wp","href":"https:\/\/api.w.org\/{rel}","templated":true}]}}