{"id":2268,"date":"2017-11-18T20:21:05","date_gmt":"2017-11-18T20:21:05","guid":{"rendered":"http:\/\/biblian.is\/1981\/sakaria-10-kafli\/"},"modified":"2021-06-06T11:05:38","modified_gmt":"2021-06-06T11:05:38","slug":"sakaria-10-kafli","status":"publish","type":"page","link":"https:\/\/biblian.is\/1981\/sakaria-10-kafli\/","title":{"rendered":"Sakar\u00eda 10. kafli"},"content":{"rendered":"<p><a name=\"1\"><span class=\"versanumer\">1<\/span><\/a>Bi\u00f0ji\u00f0 Drottin um regn. Hann veitir vorregn og haustregn \u00e1 r\u00e9ttum t\u00edma. Hellisk\u00farir og steypiregn gefur hann \u00feeim, hverri jurt vallarins.<a name=\"2\"><span class=\"versanumer\">2<\/span><\/a>H\u00fasgo\u00f0in veittu f\u00e1n\u00fdt sv\u00f6r, og sp\u00e1sagnamennirnir s\u00e1u falss\u00fdnir. \u00deeir kunngj\u00f6ra a\u00f0eins h\u00e9g\u00f3mlega drauma og veita einskisver\u00f0a huggun. Fyrir \u00fev\u00ed h\u00e9ldu \u00feeir \u00e1fram eins og hj\u00f6r\u00f0, eru n\u00fa nau\u00f0ulega staddir, af \u00fev\u00ed a\u00f0 enginn er hir\u00f0irinn.<a name=\"3\"><span class=\"versanumer\">3<\/span><\/a>Gegn hir\u00f0unum er rei\u00f0i m\u00edn upptendru\u00f0 og forustusau\u00f0anna skal \u00e9g vitja. \u00dev\u00ed a\u00f0 Drottinn allsherjar hefir liti\u00f0 til hjar\u00f0ar sinnar, J\u00fada h\u00fass, og gj\u00f6rt \u00fe\u00e1 a\u00f0 skrauthesti s\u00ednum \u00ed str\u00ed\u00f0inu.<a name=\"4\"><span class=\"versanumer\">4<\/span><\/a>Fr\u00e1 \u00feeim kemur hornsteinninn, fr\u00e1 \u00feeim kemur tjaldh\u00e6llinn, fr\u00e1 \u00feeim kemur herboginn, fr\u00e1 \u00feeim koma allir saman hersh\u00f6f\u00f0ingjarnir.<a name=\"5\"><span class=\"versanumer\">5<\/span><\/a>\u00deeir munu \u00ed str\u00ed\u00f0inu ver\u00f0a eins og hetjur, sem tro\u00f0a ni\u00f0ur saurinn \u00e1 str\u00e6tunum, og \u00feeir munu berjast vasklega, \u00fev\u00ed a\u00f0 Drottinn er me\u00f0 \u00feeim, svo a\u00f0 \u00feeir ver\u00f0a til skammar, sem hestunum r\u00ed\u00f0a.<a name=\"6\"><span class=\"versanumer\">6<\/span><\/a>\u00c9g gj\u00f6ri J\u00fada h\u00fas sterkt, og J\u00f3sefs h\u00fasi veiti \u00e9g hj\u00e1lp. \u00c9g lei\u00f0i \u00fe\u00e1 aftur heim, \u00fev\u00ed a\u00f0 \u00e9g aumkast yfir \u00fe\u00e1, og \u00feeir skulu vera eins og \u00e9g hef\u00f0i aldrei \u00fatsk\u00fafa\u00f0 \u00feeim. \u00dev\u00ed a\u00f0 \u00e9g er Drottinn, Gu\u00f0 \u00feeirra, og \u00e9g vil b\u00e6nheyra \u00fe\u00e1.<a name=\"7\"><span class=\"versanumer\">7<\/span><\/a>\u00de\u00e1 munu Efra\u00edmsmenn ver\u00f0a eins og hetjur og hjarta \u00feeirra gle\u00f0jast eins og af v\u00edni. B\u00f6rn \u00feeirra munu sj\u00e1 \u00fea\u00f0 og gle\u00f0jast, hjarta \u00feeirra skal fagna yfir Drottni.<a name=\"8\"><span class=\"versanumer\">8<\/span><\/a>\u00c9g vil bl\u00edstra \u00e1 \u00fe\u00e1 og safna \u00feeim saman, \u00fev\u00ed a\u00f0 \u00e9g hefi leyst \u00fe\u00e1, og \u00feeir skulu ver\u00f0a eins fj\u00f6lmennir og \u00feeir for\u00f0um voru.<a name=\"9\"><span class=\"versanumer\">9<\/span><\/a>\u00c9g s\u00e1\u00f0i \u00feeim \u00fat me\u00f0al \u00fej\u00f3\u00f0anna, en \u00ed fjarl\u00e6gum l\u00f6ndum munu \u00feeir minnast m\u00edn og uppala \u00fear b\u00f6rn s\u00edn og sn\u00faa s\u00ed\u00f0an heim.<a name=\"10\"><span class=\"versanumer\">10<\/span><\/a>\u00c9g mun lei\u00f0a \u00fe\u00e1 heim aftur fr\u00e1 Egyptalandi og safna \u00feeim saman fr\u00e1 Ass\u00fdr\u00edu. \u00c9g lei\u00f0i \u00fe\u00e1 inn \u00ed G\u00edlea\u00f0land og inn \u00e1 L\u00edbanon, og skorta mun landr\u00fdmi fyrir \u00fe\u00e1.<a name=\"11\"><span class=\"versanumer\">11<\/span><\/a>\u00deeir fara yfir Egyptalandshaf, og hann l\u00fdstur hi\u00f0 b\u00e1r\u00f3tta haf, og allir \u00e1lar N\u00edlflj\u00f3tsins \u00feorna. Hroki Ass\u00fdr\u00edu skal ni\u00f0ur steypast og veldissprotinn v\u00edkja fr\u00e1 Egyptalandi.<a name=\"12\"><span class=\"versanumer\">12<\/span><\/a>\u00c9g vil gj\u00f6ra \u00fe\u00e1 sterka \u00ed Drottni, og af hans nafni skulu \u00feeir hr\u00f3sa s\u00e9r segir Drottinn.<\/p>\n<div class=\"footnote1981\"><b>10.1<\/b> Drottinn gefur regni\u00f0 5M\u00f3s 28.12, 1Kon 18.41-45<br \/>\n<b>10.2<\/b> \u00d3merk go\u00f0 Jes 44.20; 46.7; Jer 10.5; Slm 115.5-7; sv\u00f6r draumanna blekking Esk 12.24; 13.6-9; 21.29; 22.28 \u2013 hj\u00f6r\u00f0 \u00e1n hir\u00f0is Esk 34.5; Matt 9.36 og hlst.<br \/>\n<b>10.4<\/b> Hornsteinn Sak 4.7; Slm 118.22<br \/>\n<b>10.5<\/b> Drottinn er me\u00f0 \u00feeim Sak 8.23; Jes 7.14+<br \/>\n<b>10.6<\/b> \u00c9g lei\u00f0i \u00fe\u00e1 heim Jes 14.1; Jer 27.11; Esk 37.14 \u2013 eiga sam\u00fa\u00f0 m\u00edna H\u00f3s 2.23 \u2013 hafna\u00f0-frelsa\u00f0 Jes 54.6-8<br \/>\n<b>10.8<\/b> Drottinn bl\u00edstrar Jes 5.26<br \/>\n<b>10.9<\/b> Dreif\u00f0i \u00feeim Jer 31.10; Esk 11.16; 34.5 \u2013 minnast m\u00edn Esk 6.9; 36.31; Hlj 3.19; sbr Jer 51.50 \u2013 sn\u00faa aftur 5M\u00f3s 30.1-3<br \/>\n<b>10.10<\/b> G\u00edlea\u00f0land H\u00f3s 12.12; M\u00edk 7.14<br \/>\n<b>10.11<\/b> Fara yfir 2M\u00f3s 14.21-22; Jes 51.10, Slm 106.9 \u2013 hroki Ass\u00fdr\u00edu &#8230; Jes 10.12,15<br \/>\n<b>10.12<\/b> Ganga \u00ed nafni Drottins M\u00edk 4.5<\/div>\n","protected":false},"excerpt":{"rendered":"<p>1Bi\u00f0ji\u00f0 Drottin um regn. Hann veitir vorregn og haustregn \u00e1 r\u00e9ttum t\u00edma. Hellisk\u00farir og steypiregn gefur hann \u00feeim, hverri jurt vallarins.2H\u00fasgo\u00f0in veittu f\u00e1n\u00fdt sv\u00f6r, og sp\u00e1sagnamennirnir s\u00e1u falss\u00fdnir. \u00deeir kunngj\u00f6ra a\u00f0eins h\u00e9g\u00f3mlega drauma og veita einskisver\u00f0a huggun. Fyrir \u00fev\u00ed h\u00e9ldu \u00feeir \u00e1fram eins og hj\u00f6r\u00f0, eru n\u00fa nau\u00f0ulega staddir, af \u00fev\u00ed a\u00f0 enginn er hir\u00f0irinn.3Gegn hir\u00f0unum er rei\u00f0i m\u00edn upptendru\u00f0 og forustusau\u00f0anna skal \u00e9g vitja. \u00dev\u00ed a\u00f0 Drottinn allsherjar hefir liti\u00f0 til hjar\u00f0ar sinnar, J\u00fada h\u00fass, og gj\u00f6rt \u00fe\u00e1 a\u00f0 skrauthesti s\u00ednum \u00ed str\u00ed\u00f0inu.4Fr\u00e1 \u00feeim kemur hornsteinninn, fr\u00e1 \u00feeim kemur tjaldh\u00e6llinn, fr\u00e1 \u00feeim kemur herboginn, fr\u00e1 \u00feeim koma allir saman <a href=\"https:\/\/biblian.is\/1981\/sakaria-10-kafli\/\"> [&#8230;]<\/a><\/p>\n","protected":false},"author":1,"featured_media":0,"parent":0,"menu_order":0,"comment_status":"open","ping_status":"open","template":"bibliukaflar.php","meta":{"footnotes":""},"class_list":["post-2268","page","type-page","status-publish","hentry"],"_links":{"self":[{"href":"https:\/\/biblian.is\/1981\/wp-json\/wp\/v2\/pages\/2268","targetHints":{"allow":["GET"]}}],"collection":[{"href":"https:\/\/biblian.is\/1981\/wp-json\/wp\/v2\/pages"}],"about":[{"href":"https:\/\/biblian.is\/1981\/wp-json\/wp\/v2\/types\/page"}],"author":[{"embeddable":true,"href":"https:\/\/biblian.is\/1981\/wp-json\/wp\/v2\/users\/1"}],"replies":[{"embeddable":true,"href":"https:\/\/biblian.is\/1981\/wp-json\/wp\/v2\/comments?post=2268"}],"version-history":[{"count":0,"href":"https:\/\/biblian.is\/1981\/wp-json\/wp\/v2\/pages\/2268\/revisions"}],"wp:attachment":[{"href":"https:\/\/biblian.is\/1981\/wp-json\/wp\/v2\/media?parent=2268"}],"curies":[{"name":"wp","href":"https:\/\/api.w.org\/{rel}","templated":true}]}}