{"id":2267,"date":"2017-11-18T20:20:58","date_gmt":"2017-11-18T20:20:58","guid":{"rendered":"http:\/\/biblian.is\/1981\/sakaria-9-kafli\/"},"modified":"2021-06-06T11:05:55","modified_gmt":"2021-06-06T11:05:55","slug":"sakaria-9-kafli","status":"publish","type":"page","link":"https:\/\/biblian.is\/1981\/sakaria-9-kafli\/","title":{"rendered":"Sakar\u00eda 9. kafli"},"content":{"rendered":"<p><a name=\"1\"><span class=\"versanumer\">1<\/span><\/a>Sp\u00e1d\u00f3mur. Or\u00f0 Drottins beinist gegn Hadraklandi og \u00fea\u00f0 kemur ni\u00f0ur \u00ed Damaskus, \u00fev\u00ed a\u00f0 Drottinn hefir g\u00e6tur \u00e1 m\u00f6nnunum og \u00e1 \u00f6llum \u00e6ttkv\u00edslum \u00cdsraels.<a name=\"2\"><span class=\"versanumer\">2<\/span><\/a>S\u00f6mulei\u00f0is \u00ed Hamat, sem \u00fear liggur hj\u00e1, \u00ed T\u00fdrus og S\u00eddon, \u00fev\u00ed a\u00f0 \u00fe\u00e6r eru vitrar mj\u00f6g.<a name=\"3\"><span class=\"versanumer\">3<\/span><\/a>T\u00fdrus reisti s\u00e9r v\u00edgi og hr\u00faga\u00f0i saman silfri eins og mold og sk\u00edragulli eins og saur \u00e1 str\u00e6tum.<a name=\"4\"><span class=\"versanumer\">4<\/span><\/a>Sj\u00e1, Drottinn skal gj\u00f6ra hana a\u00f0 \u00f6reiga og steypa varnarvirki hennar \u00ed sj\u00f3inn, og sj\u00e1lf mun h\u00fan eydd ver\u00f0a af eldi.<a name=\"5\"><span class=\"versanumer\">5<\/span><\/a>Askalon skal sj\u00e1 \u00fea\u00f0 og hr\u00e6\u00f0ast, og Gasa engjast sundur og saman. S\u00f6mulei\u00f0is Ekron, \u00fev\u00ed a\u00f0 von hennar er or\u00f0in til skammar. Konungurinn mun hverfa fr\u00e1 Gasa, og Askalon mun ver\u00f0a \u00f3bygg\u00f0,<a name=\"6\"><span class=\"versanumer\">6<\/span><\/a>og skr\u00edll mun b\u00faa \u00ed Asd\u00f3d. \u00c9g gj\u00f6ri enda \u00e1 ofdrambi Filista,<a name=\"7\"><span class=\"versanumer\">7<\/span><\/a>og \u00e9g tek bl\u00f3\u00f0i\u00f0 burt \u00far munni \u00feeirra og vi\u00f0urstygg\u00f0irnar undan t\u00f6nnum \u00feeirra. \u00de\u00e1 munu \u00feeir sem eftir ver\u00f0a, tilheyra Gu\u00f0i vorum, \u00feeir munu ver\u00f0a eins og \u00e6tth\u00f6f\u00f0ingjar \u00ed J\u00fada og Ekronmenn eins og Jeb\u00fas\u00edtar.<a name=\"8\"><span class=\"versanumer\">8<\/span><\/a>\u00c9g sest kringum h\u00fas mitt sem var\u00f0li\u00f0 gegn \u00feeim, sem um fara og aftur sn\u00faa. Enginn k\u00fagari skal framar va\u00f0a yfir \u00fe\u00e1, \u00fev\u00ed a\u00f0 n\u00fa hefi \u00e9g s\u00e9\u00f0 me\u00f0 eigin augum.<a name=\"9\"><span class=\"versanumer\">9<\/span><\/a>Fagna \u00fe\u00fa mj\u00f6g, d\u00f3ttirin S\u00edon, l\u00e1t gle\u00f0il\u00e1tum, d\u00f3ttirin Jer\u00fasalem! Sj\u00e1, konungur \u00feinn kemur til \u00fe\u00edn. R\u00e9ttl\u00e1tur er hann og sigurs\u00e6ll, l\u00edtill\u00e1tur og r\u00ed\u00f0ur asna, ungum \u00f6snufola.<a name=\"10\"><span class=\"versanumer\">10<\/span><\/a>Hann \u00fatr\u00fdmir herv\u00f6gnum \u00far Efra\u00edm og v\u00edghestum \u00far Jer\u00fasalem. \u00d6llum herbogum mun og \u00fatr\u00fdmt ver\u00f0a, og hann mun veita \u00fej\u00f3\u00f0unum fri\u00f0 me\u00f0 \u00farskur\u00f0um s\u00ednum. Veldi hans mun n\u00e1 fr\u00e1 hafi til hafs og fr\u00e1 Flj\u00f3tinu til endimarka jar\u00f0arinnar.<a name=\"11\"><span class=\"versanumer\">11<\/span><\/a>Vegna bl\u00f3\u00f0s s\u00e1ttm\u00e1la \u00fe\u00edns l\u00e6t \u00e9g bandingja \u00fe\u00edna lausa \u00far hinni vatnslausu gryfju.<a name=\"12\"><span class=\"versanumer\">12<\/span><\/a>Sn\u00fai\u00f0 aftur til hins trausta v\u00edgisins, \u00fe\u00e9r bandingjar, sem v\u00e6nti\u00f0 lausnar. Einnig \u00ed dag er gj\u00f6rt heyrinkunnugt: \u00c9g endurgeld \u00fe\u00e9r tv\u00f6falt.<a name=\"13\"><span class=\"versanumer\">13<\/span><\/a>\u00c9g hefi bent J\u00fada eins og boga, fyllt Efra\u00edm eins og \u00f6rvam\u00e6li, og \u00e9g vek sonu \u00fe\u00edna, S\u00edon, \u00ed m\u00f3ti sonum Javans og gj\u00f6ri \u00feig eins og sver\u00f0 \u00ed hendi kappa.<a name=\"14\"><span class=\"versanumer\">14<\/span><\/a>Drottinn mun birtast uppi yfir \u00feeim og \u00f6rvar hans \u00fat fara sem eldingar. Drottinn Gu\u00f0 mun \u00feeyta l\u00fa\u00f0urinn og ganga fram \u00ed sunnanstormunum.<a name=\"15\"><span class=\"versanumer\">15<\/span><\/a>Drottinn allsherjar mun halda hl\u00edfiskildi yfir \u00feeim, og \u00feeir munu sigra \u00fe\u00e1 og f\u00f3tum tro\u00f0a sl\u00f6ngvusteinana. Og \u00feeir munu drekka og reika sem v\u00edndrukknir og ver\u00f0a fullir eins og f\u00f3rnarsk\u00e1lar, dreyrstokknir sem altarishorn.<a name=\"16\"><span class=\"versanumer\">16<\/span><\/a>Drottinn Gu\u00f0 \u00feeirra mun veita \u00feeim sigur \u00e1 \u00feeim degi sem hj\u00f6r\u00f0 s\u00edns l\u00fd\u00f0s, \u00fev\u00ed a\u00f0 \u00feeir eru gimsteinar \u00ed h\u00f6fu\u00f0dj\u00e1sni, sem gn\u00e6fa glitrandi \u00e1 landi s\u00ednu.<a name=\"17\"><span class=\"versanumer\">17<\/span><\/a>J\u00e1, hversu mikil eru g\u00e6\u00f0i \u00feess og hversu d\u00fdrleg fegur\u00f0 \u00feess! Korn l\u00e6tur \u00e6skumenn upp renna og v\u00ednberjal\u00f6gur meyjar.<\/p>\n<div class=\"footnote1981\"><b>9.1<\/b> Sp\u00e1d\u00f3mur Jes 13.1+ &#8211; Damaskus Jes 7.8+<br \/>\n<b>9.2<\/b> Hamat Jes 10.9+ &#8211; T\u00fdrus og S\u00eddon Am 1.9+<br \/>\n<b>9.3<\/b> Au\u00f0ur T\u00fdrusar Esk 27.2-27<br \/>\n<b>9.4<\/b> T\u00fdrus eydd Esk 27.34<br \/>\n<b>9.5-6<\/b> Askalon, Gasa, Ekron, Asd\u00f3d J\u00f3s 13.2-3; Am 1.6-8; Sef 2.4-7<br \/>\n<b>9.6<\/b> \u00dej\u00f3\u00f0ablanda 5M\u00f3s 23.3<br \/>\n<b>9.7<\/b> Ekki neyta bl\u00f3\u00f0s 1M\u00f3s 9.4; 3M\u00f3s 19.26; Esk 33.25 \u2013 ver\u00f0a eftir Jes 4.3+ &#8211; Gu\u00f0i vorum sbr Slm 87.4-6<br \/>\n<b>9.8<\/b> H\u00fas Gu\u00f0s (landi\u00f0) Jer 12.7; H\u00f3s 8.1; 9.15 \u2013 \u00e9g hef s\u00e9\u00f0 2M\u00f3s 3.7-9<br \/>\n<b>9.9<\/b> Sbr Matt 21.5 og hlst. \u2013 her\u00f3p \u00ed hinu heilaga str\u00ed\u00f0i 4M\u00f3s 10.9; J\u00f3s 6.10; 1Sam 17.20 \u2013 gle\u00f0il\u00e6ti Sef 3.14; Slm 47.2; 95.1, 98.4,6 \u2013 konungur \u00feinn Jes 9.5; 11.1; Esk 37.22 \u2013 r\u00e9ttl\u00e1tur Jes 9.6; 11.4; 16.5; Jer 23.5 \u2013 sigurs\u00e6ll Jes 33.16-18 \u2013 l\u00edtill\u00e1tur Jes 57.15; 61.1-2; Sef 2.3; Slm 69.33-34<br \/>\n<b>9.10<\/b> Hverjum eytt Jes 2.4+ &#8211; fri\u00f0ur Jes 9.5-6; 11.6-9; 42.1-4; 57.19; Slm 46.10; 72.7 \u2013 alheimsveldi Slm 72.8+ &#8211; fr\u00e1 hafi til hafs &#8230; 1M\u00f3s 15.18; 1Kon 5.1; 8.65; Slm 80.12<br \/>\n<b>9.11<\/b> S\u00e1ttm\u00e1li innsigla\u00f0ur me\u00f0 bl\u00f3\u00f0i 2M\u00f3s 24.5-8; Slm 50.5 \u2013 \u00ed gryfju 1M\u00f3s 37.20-29; Jer 38.6<br \/>\n<b>9.12<\/b> Hi\u00f0 trausta v\u00edgi (Jer\u00fasalem) Slm 122.3 \u2013 tv\u00f6falt endurgjald Jes 61.7+<br \/>\n<b>9.13<\/b> Javan Jes 66.19; Esk 27.13; Jl 4.6<br \/>\n<b>9.14<\/b> Drottin birtist, \u00f6rvar hans Slm 18.14-15 \u2013 \u00feeyta horni\u00f0 2M\u00f3s 19.16; Jes 27.13; Jer 4.5; Matt 24.31; Opb 8.6-7 o.\u00e1fr. \u2013 Gu\u00f0 kemur \u00far su\u00f0ri 5M\u00f3s 33.2; D\u00f3m 5.4; Hab 3.3-4<br \/>\n<b>9.15<\/b> Bl\u00f3\u00f0 \u00e1 altarishornum 2M\u00f3s 29.12; 3M\u00f3s 4.7; 8.15; 16.18<br \/>\n<b>9.16<\/b> Gu\u00f0 frelsar Jes 43.3+ &#8211; \u00fej\u00f3\u00f0, hj\u00f6r\u00f0 Slm 77.21+<br \/>\n<b>9.17<\/b> Korn, v\u00edn Jer 31.12-13<\/div>\n","protected":false},"excerpt":{"rendered":"<p>1Sp\u00e1d\u00f3mur. Or\u00f0 Drottins beinist gegn Hadraklandi og \u00fea\u00f0 kemur ni\u00f0ur \u00ed Damaskus, \u00fev\u00ed a\u00f0 Drottinn hefir g\u00e6tur \u00e1 m\u00f6nnunum og \u00e1 \u00f6llum \u00e6ttkv\u00edslum \u00cdsraels.2S\u00f6mulei\u00f0is \u00ed Hamat, sem \u00fear liggur hj\u00e1, \u00ed T\u00fdrus og S\u00eddon, \u00fev\u00ed a\u00f0 \u00fe\u00e6r eru vitrar mj\u00f6g.3T\u00fdrus reisti s\u00e9r v\u00edgi og hr\u00faga\u00f0i saman silfri eins og mold og sk\u00edragulli eins og saur \u00e1 str\u00e6tum.4Sj\u00e1, Drottinn skal gj\u00f6ra hana a\u00f0 \u00f6reiga og steypa varnarvirki hennar \u00ed sj\u00f3inn, og sj\u00e1lf mun h\u00fan eydd ver\u00f0a af eldi.5Askalon skal sj\u00e1 \u00fea\u00f0 og hr\u00e6\u00f0ast, og Gasa engjast sundur og saman. S\u00f6mulei\u00f0is Ekron, \u00fev\u00ed a\u00f0 von hennar er or\u00f0in til skammar. Konungurinn mun <a href=\"https:\/\/biblian.is\/1981\/sakaria-9-kafli\/\"> [&#8230;]<\/a><\/p>\n","protected":false},"author":1,"featured_media":0,"parent":0,"menu_order":0,"comment_status":"open","ping_status":"open","template":"bibliukaflar.php","meta":{"footnotes":""},"class_list":["post-2267","page","type-page","status-publish","hentry"],"_links":{"self":[{"href":"https:\/\/biblian.is\/1981\/wp-json\/wp\/v2\/pages\/2267","targetHints":{"allow":["GET"]}}],"collection":[{"href":"https:\/\/biblian.is\/1981\/wp-json\/wp\/v2\/pages"}],"about":[{"href":"https:\/\/biblian.is\/1981\/wp-json\/wp\/v2\/types\/page"}],"author":[{"embeddable":true,"href":"https:\/\/biblian.is\/1981\/wp-json\/wp\/v2\/users\/1"}],"replies":[{"embeddable":true,"href":"https:\/\/biblian.is\/1981\/wp-json\/wp\/v2\/comments?post=2267"}],"version-history":[{"count":0,"href":"https:\/\/biblian.is\/1981\/wp-json\/wp\/v2\/pages\/2267\/revisions"}],"wp:attachment":[{"href":"https:\/\/biblian.is\/1981\/wp-json\/wp\/v2\/media?parent=2267"}],"curies":[{"name":"wp","href":"https:\/\/api.w.org\/{rel}","templated":true}]}}