{"id":2266,"date":"2017-11-18T20:20:58","date_gmt":"2017-11-18T20:20:58","guid":{"rendered":"http:\/\/biblian.is\/1981\/sakaria-8-kafli\/"},"modified":"2021-06-06T11:05:53","modified_gmt":"2021-06-06T11:05:53","slug":"sakaria-8-kafli","status":"publish","type":"page","link":"https:\/\/biblian.is\/1981\/sakaria-8-kafli\/","title":{"rendered":"Sakar\u00eda 8. kafli"},"content":{"rendered":"<p><a name=\"1\"><span class=\"versanumer\">1<\/span><\/a>Or\u00f0 Drottins allsherjar kom til m\u00edn, svo hlj\u00f3\u00f0andi:<a name=\"2\"><span class=\"versanumer\">2<\/span><\/a>Svo segir Drottinn allsherjar: \u00c9g er gagntekinn af vandl\u00e6tisfullri elsku til S\u00edonar og er upptendra\u00f0ur af mikilli rei\u00f0i hennar vegna.<a name=\"3\"><span class=\"versanumer\">3<\/span><\/a>Svo segir Drottinn: \u00c9g er \u00e1 afturlei\u00f0 til S\u00edonar og mun taka m\u00e9r b\u00f3lfestu \u00ed Jer\u00fasalem mi\u00f0ri. Og Jer\u00fasalem mun nefnd ver\u00f0a borgin tr\u00fafasta og fjall Drottins allsherjar fjalli\u00f0 helga.<a name=\"4\"><span class=\"versanumer\">4<\/span><\/a>Svo segir Drottinn allsherjar: Enn munu gamlir menn og gamlar konur sitja \u00e1 torgum Jer\u00fasalem og hvert \u00feeirra hafa staf \u00ed hendi s\u00e9r fyrir elli sakir.<a name=\"5\"><span class=\"versanumer\">5<\/span><\/a>Og torg borgarinnar munu full vera af drengjum og st\u00falkum, sem leika s\u00e9r \u00fear \u00e1 torgunum.<a name=\"6\"><span class=\"versanumer\">6<\/span><\/a>Svo segir Drottinn allsherjar: \u00de\u00f3tt \u00fea\u00f0 s\u00e9 fur\u00f0uverk \u00ed augum \u00feeirra, sem eftir ver\u00f0a af \u00feessum l\u00fd\u00f0 \u00e1 \u00feeim d\u00f6gum, hvort mun \u00fea\u00f0 og vera fur\u00f0uverk \u00ed m\u00ednum augum? segir Drottinn allsherjar.<a name=\"7\"><span class=\"versanumer\">7<\/span><\/a>Svo segir Drottinn allsherjar: Sj\u00e1, \u00e9g mun frelsa l\u00fd\u00f0 minn \u00far landi s\u00f3laruppr\u00e1sarinnar og \u00far landi s\u00f3lsetursins,<a name=\"8\"><span class=\"versanumer\">8<\/span><\/a>og \u00e9g mun flytja \u00fe\u00e1 heim og \u00feeir skulu b\u00faa \u00ed Jer\u00fasalem mi\u00f0ri, og \u00feeir skulu vera minn l\u00fd\u00f0ur og \u00e9g skal vera \u00feeirra Gu\u00f0 \u00ed tr\u00fafesti og r\u00e9ttl\u00e6ti.<a name=\"9\"><span class=\"versanumer\">9<\/span><\/a>Svo segir Drottinn allsherjar: Veri\u00f0 hughraustir, \u00fe\u00e9r sem \u00e1 \u00feessum d\u00f6gum heyri\u00f0 \u00feessi or\u00f0 af munni sp\u00e1mannanna, sem uppi voru, er undirst\u00f6\u00f0usteinninn var lag\u00f0ur til \u00feess a\u00f0 endurreisa h\u00fas Drottins allsherjar, musteri\u00f0.<a name=\"10\"><span class=\"versanumer\">10<\/span><\/a>\u00dev\u00ed a\u00f0 fyrir \u00feann t\u00edma var\u00f0 enginn ar\u00f0ur af erfi\u00f0i mannanna og enginn ar\u00f0ur af vinnu skepnanna, og enginn var \u00f3hultur fyrir \u00f3vinum, hvort heldur hann gekk \u00fat e\u00f0a kom heim, og \u00e9g hleypti \u00f6llum m\u00f6nnum upp, hverjum \u00e1 m\u00f3ti \u00f6\u00f0rum.<a name=\"11\"><span class=\"versanumer\">11<\/span><\/a>En n\u00fa stend \u00e9g \u00f6\u00f0ruv\u00edsi gagnvart leifum \u00feessa l\u00fd\u00f0s en \u00ed fyrri daga segir Drottinn allsherjar<a name=\"12\"><span class=\"versanumer\">12<\/span><\/a>\u00fev\u00ed a\u00f0 s\u00e1\u00f0korn \u00feeirra ver\u00f0a \u00f3sk\u00f6ddu\u00f0. V\u00edntr\u00e9\u00f0 ber sinn \u00e1v\u00f6xt, og j\u00f6r\u00f0in ber sinn gr\u00f3\u00f0a. Himinninn veitir d\u00f6gg s\u00edna, og \u00e9g l\u00e6t leifar \u00feessa l\u00fd\u00f0s taka allt \u00feetta til eignar.<a name=\"13\"><span class=\"versanumer\">13<\/span><\/a>Og eins og \u00fe\u00e9r, J\u00fada h\u00fas og \u00cdsraels h\u00fas, hafi\u00f0 veri\u00f0 haf\u00f0ir a\u00f0 form\u00e6ling me\u00f0al \u00fej\u00f3\u00f0anna, eins vil \u00e9g n\u00fa svo hj\u00e1lpa y\u00f0ur, a\u00f0 \u00fe\u00e9r ver\u00f0i\u00f0 haf\u00f0ir a\u00f0 blessunar\u00f3skum. \u00d3ttist ekki, veri\u00f0 hughraustir.<a name=\"14\"><span class=\"versanumer\">14<\/span><\/a>\u00dev\u00ed a\u00f0 svo segir Drottinn allsherjar: Eins og \u00e9g \u00e1setti m\u00e9r a\u00f0 gj\u00f6ra y\u00f0ur illt, \u00fe\u00e1 er fe\u00f0ur y\u00f0ar reittu mig til rei\u00f0i segir Drottinn allsherjar og l\u00e9t mig ekki i\u00f0ra \u00feess,<a name=\"15\"><span class=\"versanumer\">15<\/span><\/a>eins hefi \u00e9g n\u00fa aftur \u00e1sett m\u00e9r \u00e1 \u00feessum d\u00f6gum a\u00f0 gj\u00f6ra vel vi\u00f0 Jer\u00fasalem og J\u00fada h\u00fas. \u00d3ttist ekki!<a name=\"16\"><span class=\"versanumer\">16<\/span><\/a>\u00deetta er \u00fea\u00f0 sem y\u00f0ur ber a\u00f0 gj\u00f6ra: Tali\u00f0 sannleika hver vi\u00f0 annan og d\u00e6mi\u00f0 r\u00e1\u00f0vandlega og eftir \u00f3skertum r\u00e9tti \u00ed hli\u00f0um y\u00f0ar.<a name=\"17\"><span class=\"versanumer\">17<\/span><\/a>Enginn y\u00f0ar hugsi \u00f6\u00f0rum illt \u00ed hjarta s\u00ednu og hafi\u00f0 ekki m\u00e6tur \u00e1 lyga-svard\u00f6gum. \u00dev\u00ed a\u00f0 allt sl\u00edkt hata \u00e9g segir Drottinn.<a name=\"18\"><span class=\"versanumer\">18<\/span><\/a>Or\u00f0 Drottins allsherjar kom til m\u00edn, svo hlj\u00f3\u00f0andi:<a name=\"19\"><span class=\"versanumer\">19<\/span><\/a>Svo segir Drottinn allsherjar: Fastan \u00ed hinum fj\u00f3r\u00f0a m\u00e1nu\u00f0i, fastan \u00ed hinum fimmta m\u00e1nu\u00f0i, fastan \u00ed hinum sj\u00f6unda m\u00e1nu\u00f0i og fastan \u00ed hinum t\u00edunda m\u00e1nu\u00f0i mun ver\u00f0a J\u00fada h\u00fasi til fagna\u00f0ar og gle\u00f0i og a\u00f0 una\u00f0slegum h\u00e1t\u00ed\u00f0ard\u00f6gum. En elski\u00f0 sannleik og fri\u00f0.<a name=\"20\"><span class=\"versanumer\">20<\/span><\/a>Svo segir Drottinn allsherjar: Enn munu koma heilar \u00fej\u00f3\u00f0ir og \u00edb\u00faar margra borga.<a name=\"21\"><span class=\"versanumer\">21<\/span><\/a>\u00cdb\u00faar einnar borgar munu fara til annarrar og segja: V\u00e9r skulum fara til \u00feess a\u00f0 bl\u00ed\u00f0ka Drottin og til \u00feess a\u00f0 leita Drottins allsherjar! \u00c9g fer l\u00edka!<a name=\"22\"><span class=\"versanumer\">22<\/span><\/a>Og \u00feannig munu fj\u00f6lmennir \u00fej\u00f3\u00f0flokkar og voldugar \u00fej\u00f3\u00f0ir koma til \u00feess a\u00f0 leita Drottins allsherjar \u00ed Jer\u00fasalem og til \u00feess a\u00f0 bl\u00ed\u00f0ka Drottin.<a name=\"23\"><span class=\"versanumer\">23<\/span><\/a>Svo segir Drottinn allsherjar: \u00c1 \u00feeim d\u00f6gum munu t\u00edu menn af \u00fej\u00f3\u00f0um \u00fdmissa tungna taka \u00ed kyrtilskaut eins Gy\u00f0ings og segja: V\u00e9r viljum fara me\u00f0 y\u00f0ur, \u00fev\u00ed a\u00f0 v\u00e9r h\u00f6fum heyrt, a\u00f0 Gu\u00f0 s\u00e9 me\u00f0 y\u00f0ur.<\/p>\n<div class=\"footnote1981\"><b>8.2<\/b> Afbr\u00fd\u00f0i Gu\u00f0s Sak 1.14+<br \/>\n<b>8.3<\/b> N\u00fdtt nafn Jes 1.26+ &#8211; \u00e1 Jer\u00fasalem Jes 62.12; Jer 33.16; Bar 5.4<br \/>\n<b>8.4<\/b> Gamalmenni Jes 65.20<br \/>\n<b>8.6<\/b> Undarlegt 1M\u00f3s 18.14; Jer 32.27; L\u00fak 1.37; sbr Jes 50.2<br \/>\n<b>8.8<\/b> Flytja hana heim Sak 10.10; 1Kon 8.34; Jes 43.5; 49.6; Jer 3.14; 12.15; 32.37; Esk 34.13; 37.12; Sef 3.20; Slm 14.7; Neh 1.9 \u2013 m\u00edn \u00fej\u00f3\u00f0 &#8230; hennar Gu\u00f0 Sak 13.9; Jer 7.23+ &#8211; tr\u00fafesti og r\u00e9ttv\u00edsi 1) Gu\u00f0s Jes 11.5; Slm 19.10; 85.14; 2) l\u00fd\u00f0sins 1Kon 3.6; Jer 4.2<br \/>\n<b>8.9<\/b> Hugrekki til a\u00f0 endurreisa Hag 1.5-11; 2.4-5<br \/>\n<b>8.10<\/b> Fyrir \u00fe\u00e1 daga Hag 2.15<br \/>\n<b>8.11<\/b> \u00deau sem eftir lifa af \u00fej\u00f3\u00f0inni Jes 4.3+<br \/>\n<b>8.13<\/b> Blessun Hag 2.19<br \/>\n<b>8.14<\/b> Gu\u00f0 i\u00f0ra\u00f0ist ekki 4M\u00f3s 23.19; 1Sam 15.29; Jer 4.28; Am 1.3; Slm 110.4; R\u00f3m 11.29; Heb 6.17-18<br \/>\n<b>8.15<\/b> Gu\u00f0 \u00e1kve\u00f0ur Jer 18.8; 26.3; Jl 2.13; Am 7.3; J\u00f3n 4.2<br \/>\n<b>8.16<\/b> Sannleikur og sanngirni Sak 7.8-10 \u2013 \u00ed borgarhli\u00f0inu Am 5.10<br \/>\n<b>8.19<\/b> Til fagna\u00f0ar Jes 60.20; Jer 31.10-14; Slm 90.15; J\u00f3h 16.20<br \/>\n<b>8.21<\/b> Bl\u00ed\u00f0ka Drottin Sak 7.2+ &#8211; leita Drottins Slm 9.11+<br \/>\n<b>8.22<\/b> \u00dej\u00f3\u00f0irnar streyma til Jer\u00fasalem Sak 14.16; M\u00edk 4.1+<br \/>\n<b>8.23<\/b> Gy\u00f0ingar Est 2.5; 3.6,10 o.\u00e1fr.; Neh 1.2 \u2013 me\u00f0 y\u00f0ur sbr Jes 7.14+<\/div>\n","protected":false},"excerpt":{"rendered":"<p>1Or\u00f0 Drottins allsherjar kom til m\u00edn, svo hlj\u00f3\u00f0andi:2Svo segir Drottinn allsherjar: \u00c9g er gagntekinn af vandl\u00e6tisfullri elsku til S\u00edonar og er upptendra\u00f0ur af mikilli rei\u00f0i hennar vegna.3Svo segir Drottinn: \u00c9g er \u00e1 afturlei\u00f0 til S\u00edonar og mun taka m\u00e9r b\u00f3lfestu \u00ed Jer\u00fasalem mi\u00f0ri. Og Jer\u00fasalem mun nefnd ver\u00f0a borgin tr\u00fafasta og fjall Drottins allsherjar fjalli\u00f0 helga.4Svo segir Drottinn allsherjar: Enn munu gamlir menn og gamlar konur sitja \u00e1 torgum Jer\u00fasalem og hvert \u00feeirra hafa staf \u00ed hendi s\u00e9r fyrir elli sakir.5Og torg borgarinnar munu full vera af drengjum og st\u00falkum, sem leika s\u00e9r \u00fear \u00e1 torgunum.6Svo segir Drottinn allsherjar: \u00de\u00f3tt <a href=\"https:\/\/biblian.is\/1981\/sakaria-8-kafli\/\"> [&#8230;]<\/a><\/p>\n","protected":false},"author":1,"featured_media":0,"parent":0,"menu_order":0,"comment_status":"open","ping_status":"open","template":"bibliukaflar.php","meta":{"footnotes":""},"class_list":["post-2266","page","type-page","status-publish","hentry"],"_links":{"self":[{"href":"https:\/\/biblian.is\/1981\/wp-json\/wp\/v2\/pages\/2266","targetHints":{"allow":["GET"]}}],"collection":[{"href":"https:\/\/biblian.is\/1981\/wp-json\/wp\/v2\/pages"}],"about":[{"href":"https:\/\/biblian.is\/1981\/wp-json\/wp\/v2\/types\/page"}],"author":[{"embeddable":true,"href":"https:\/\/biblian.is\/1981\/wp-json\/wp\/v2\/users\/1"}],"replies":[{"embeddable":true,"href":"https:\/\/biblian.is\/1981\/wp-json\/wp\/v2\/comments?post=2266"}],"version-history":[{"count":0,"href":"https:\/\/biblian.is\/1981\/wp-json\/wp\/v2\/pages\/2266\/revisions"}],"wp:attachment":[{"href":"https:\/\/biblian.is\/1981\/wp-json\/wp\/v2\/media?parent=2266"}],"curies":[{"name":"wp","href":"https:\/\/api.w.org\/{rel}","templated":true}]}}