{"id":2265,"date":"2017-11-18T20:20:58","date_gmt":"2017-11-18T20:20:58","guid":{"rendered":"http:\/\/biblian.is\/1981\/sakaria-7-kafli\/"},"modified":"2021-06-06T11:05:51","modified_gmt":"2021-06-06T11:05:51","slug":"sakaria-7-kafli","status":"publish","type":"page","link":"https:\/\/biblian.is\/1981\/sakaria-7-kafli\/","title":{"rendered":"Sakar\u00eda 7. kafli"},"content":{"rendered":"<p><a name=\"1\"><span class=\"versanumer\">1<\/span><\/a>\u00c1 fj\u00f3r\u00f0a r\u00edkis\u00e1ri Dar\u00edusar konungs kom or\u00f0 Drottins til Sakar\u00eda. \u00c1 fj\u00f3r\u00f0a degi hins n\u00edunda m\u00e1na\u00f0ar, \u00ed kislevm\u00e1nu\u00f0i,<a name=\"2\"><span class=\"versanumer\">2<\/span><\/a>sendu Betel Sareser og Regem Melek og menn hans sendimenn til \u00feess a\u00f0 bl\u00ed\u00f0ka Drottin.<a name=\"3\"><span class=\"versanumer\">3<\/span><\/a>\u00deeir l\u00f6g\u00f0u svol\u00e1tandi fyrirspurn fyrir prestana, sem \u00fej\u00f3nu\u00f0u \u00ed h\u00fasi Drottins allsherjar, og fyrir sp\u00e1mennina: \u00c1 \u00e9g a\u00f0 gr\u00e1ta og fasta \u00ed fimmta m\u00e1nu\u00f0inum, eins og \u00e9g hefi gj\u00f6rt n\u00fa \u00ed m\u00f6rg undanfarin \u00e1r?<a name=\"4\"><span class=\"versanumer\">4<\/span><\/a>\u00de\u00e1 kom or\u00f0 Drottins allsherjar til m\u00edn, svo hlj\u00f3\u00f0andi:<a name=\"5\"><span class=\"versanumer\">5<\/span><\/a>Tala \u00fe\u00fa til alls landsl\u00fd\u00f0sins og til prestanna \u00e1 \u00feessa lei\u00f0: \u00dear sem \u00fe\u00e9r hafi\u00f0 fasta\u00f0 og kveina\u00f0 \u00ed fimmta og sj\u00f6unda m\u00e1nu\u00f0inum n\u00fa \u00ed sj\u00f6t\u00edu \u00e1r, hvort var \u00fea\u00f0 \u00fe\u00e1 m\u00edn vegna, a\u00f0 \u00fe\u00e9r f\u00f6stu\u00f0u\u00f0?<a name=\"6\"><span class=\"versanumer\">6<\/span><\/a>Og er \u00fe\u00e9r eti\u00f0 og drekki\u00f0, eru\u00f0 \u00fea\u00f0 \u00fe\u00e1 ekki \u00fe\u00e9r, sem eti\u00f0, og eru\u00f0 \u00fea\u00f0 ekki \u00fe\u00e9r, sem drekki\u00f0?<a name=\"7\"><span class=\"versanumer\">7<\/span><\/a>Eru \u00feetta ekki \u00feau or\u00f0, er Drottinn l\u00e9t kunngj\u00f6ra fyrir munn hinna fyrri sp\u00e1manna, \u00fe\u00e1 er Jer\u00fasalem var bygg\u00f0 og naut fri\u00f0ar, \u00e1samt borgunum umhverfis hana, og \u00fe\u00e1 er Su\u00f0urlandi\u00f0 og sl\u00e9ttlendi\u00f0 voru bygg\u00f0?<a name=\"8\"><span class=\"versanumer\">8<\/span><\/a>\u00de\u00e1 kom or\u00f0 Drottins til Sakar\u00eda, svo hlj\u00f3\u00f0andi:<a name=\"9\"><span class=\"versanumer\">9<\/span><\/a>Svo segir Drottinn allsherjar: D\u00e6mi\u00f0 r\u00e9tta d\u00f3ma og au\u00f0s\u00fdni\u00f0 hver \u00f6\u00f0rum k\u00e6rleika og miskunnsemi.<a name=\"10\"><span class=\"versanumer\">10<\/span><\/a>Veiti\u00f0 ekki \u00e1gang ekkjum og muna\u00f0arleysingjum, \u00fatlendingum n\u00e9 f\u00e1t\u00e6kum m\u00f6nnum, og enginn y\u00f0ar hugsi \u00f6\u00f0rum illt \u00ed hjarta s\u00ednu.<a name=\"11\"><span class=\"versanumer\">11<\/span><\/a>En \u00feeir vildu ekki gefa \u00fev\u00ed gaum og \u00feversk\u00f6llu\u00f0ust. \u00deeir gj\u00f6r\u00f0u eyru s\u00edn dauf, til \u00feess a\u00f0 \u00feeir skyldu ekki heyra,<a name=\"12\"><span class=\"versanumer\">12<\/span><\/a>og \u00feeir gj\u00f6r\u00f0u hj\u00f6rtu s\u00edn a\u00f0 demanti, til \u00feess a\u00f0 \u00feeir skyldu ekki heyra fr\u00e6\u00f0sluna og or\u00f0in, sem Drottinn allsherjar sendi fyrir anda sinn, fyrir munn hinna fyrri sp\u00e1manna, og \u00fea\u00f0 kom mikil rei\u00f0i fr\u00e1 Drottni allsherjar.<a name=\"13\"><span class=\"versanumer\">13<\/span><\/a>Og eins og hann kalla\u00f0i, en \u00feeir heyr\u00f0u ekki, svo skulu \u00feeir n\u00fa sag\u00f0i Drottinn allsherjar kalla, en \u00e9g ekki heyra.<a name=\"14\"><span class=\"versanumer\">14<\/span><\/a>Og \u00e9g feyki \u00feeim burt me\u00f0al allra \u00fej\u00f3\u00f0a, er \u00feeir eigi hafa \u00feekkt, og landi\u00f0 skal ver\u00f0a a\u00f0 au\u00f0n, \u00fe\u00e1 er \u00feeir eru burt farnir, svo a\u00f0 enginn fer \u00fear um \u00e1 lei\u00f0 fram e\u00f0a aftur. \u00deannig gj\u00f6r\u00f0u \u00feeir una\u00f0slegt land a\u00f0 au\u00f0n.<\/p>\n<div class=\"footnote1981\"><b>7.2<\/b> Leita fulltingis Drottins Sak  8.21; 2M\u00f3s 32.11; 1Sam 13.12; 1Kon 13.6; Jer 26.19; Mal 1.9; Slm 119.58<br \/>\n<b>7.3<\/b> Fyrirspurn fyrir presta 3M\u00f3s 27.8,11-12,14; Jer 2.8; Esk 7.26; Sak 7.1-3; Mal 2.7 \u2013 harma Slm 137.1; Hlj 2.18 \u2013 og fasta Jl 2.12-17<br \/>\n<b>7.5<\/b> Umdeild fasta Jes 58.5; Matt 6.16 \u2013 sj\u00f6t\u00edu \u00e1r Jer 25.11; 29.10<br \/>\n<b>7.10<\/b> Ekkja og muna\u00f0arleysingi &#8230; Jes 1.16-17+ ; sbr Am 8.4<br \/>\n<b>7.11<\/b> Dauf eyru Jes 6.10; Jer 18.12; Esk 2.4-5<br \/>\n<b>7.12<\/b> Hj\u00f6rtu a\u00f0 steini sbr 2Kon 17.14; Esk 11.19; Neh 9.16 \u2013 \u00e1minningar og vi\u00f0varanir (l\u00f6gm\u00e1li\u00f0 og sp\u00e1mennirnir) Matt 7.12; 22.40<br \/>\n<b>7.13<\/b> Kalla\u00f0, en ekki svara\u00f0 Jes 50.2; 65.12; 66.4; Jer 7.13; 35.17; Okv 1.24-33<\/div>\n","protected":false},"excerpt":{"rendered":"<p>1\u00c1 fj\u00f3r\u00f0a r\u00edkis\u00e1ri Dar\u00edusar konungs kom or\u00f0 Drottins til Sakar\u00eda. \u00c1 fj\u00f3r\u00f0a degi hins n\u00edunda m\u00e1na\u00f0ar, \u00ed kislevm\u00e1nu\u00f0i,2sendu Betel Sareser og Regem Melek og menn hans sendimenn til \u00feess a\u00f0 bl\u00ed\u00f0ka Drottin.3\u00deeir l\u00f6g\u00f0u svol\u00e1tandi fyrirspurn fyrir prestana, sem \u00fej\u00f3nu\u00f0u \u00ed h\u00fasi Drottins allsherjar, og fyrir sp\u00e1mennina: \u00c1 \u00e9g a\u00f0 gr\u00e1ta og fasta \u00ed fimmta m\u00e1nu\u00f0inum, eins og \u00e9g hefi gj\u00f6rt n\u00fa \u00ed m\u00f6rg undanfarin \u00e1r?4\u00de\u00e1 kom or\u00f0 Drottins allsherjar til m\u00edn, svo hlj\u00f3\u00f0andi:5Tala \u00fe\u00fa til alls landsl\u00fd\u00f0sins og til prestanna \u00e1 \u00feessa lei\u00f0: \u00dear sem \u00fe\u00e9r hafi\u00f0 fasta\u00f0 og kveina\u00f0 \u00ed fimmta og sj\u00f6unda m\u00e1nu\u00f0inum n\u00fa \u00ed sj\u00f6t\u00edu \u00e1r, hvort <a href=\"https:\/\/biblian.is\/1981\/sakaria-7-kafli\/\"> [&#8230;]<\/a><\/p>\n","protected":false},"author":1,"featured_media":0,"parent":0,"menu_order":0,"comment_status":"open","ping_status":"open","template":"bibliukaflar.php","meta":{"footnotes":""},"class_list":["post-2265","page","type-page","status-publish","hentry"],"_links":{"self":[{"href":"https:\/\/biblian.is\/1981\/wp-json\/wp\/v2\/pages\/2265","targetHints":{"allow":["GET"]}}],"collection":[{"href":"https:\/\/biblian.is\/1981\/wp-json\/wp\/v2\/pages"}],"about":[{"href":"https:\/\/biblian.is\/1981\/wp-json\/wp\/v2\/types\/page"}],"author":[{"embeddable":true,"href":"https:\/\/biblian.is\/1981\/wp-json\/wp\/v2\/users\/1"}],"replies":[{"embeddable":true,"href":"https:\/\/biblian.is\/1981\/wp-json\/wp\/v2\/comments?post=2265"}],"version-history":[{"count":0,"href":"https:\/\/biblian.is\/1981\/wp-json\/wp\/v2\/pages\/2265\/revisions"}],"wp:attachment":[{"href":"https:\/\/biblian.is\/1981\/wp-json\/wp\/v2\/media?parent=2265"}],"curies":[{"name":"wp","href":"https:\/\/api.w.org\/{rel}","templated":true}]}}