{"id":2264,"date":"2017-11-18T20:20:58","date_gmt":"2017-11-18T20:20:58","guid":{"rendered":"http:\/\/biblian.is\/1981\/sakaria-6-kafli\/"},"modified":"2021-06-06T11:05:50","modified_gmt":"2021-06-06T11:05:50","slug":"sakaria-6-kafli","status":"publish","type":"page","link":"https:\/\/biblian.is\/1981\/sakaria-6-kafli\/","title":{"rendered":"Sakar\u00eda 6. kafli"},"content":{"rendered":"<p><a name=\"1\"><span class=\"versanumer\">1<\/span><\/a>\u00c9g h\u00f3f aftur upp augu m\u00edn og s\u00e1, hvar fj\u00f3rir vagnar komu \u00fat \u00e1 milli tveggja fjalla, en fj\u00f6llin voru eirfj\u00f6ll.<a name=\"2\"><span class=\"versanumer\">2<\/span><\/a>Fyrir fyrsta vagninum voru rau\u00f0ir hestar, fyrir \u00f6\u00f0rum vagninum svartir hestar,<a name=\"3\"><span class=\"versanumer\">3<\/span><\/a>fyrir \u00feri\u00f0ja vagninum voru hv\u00edtir hestar og fyrir fj\u00f3r\u00f0a vagninum rau\u00f0skj\u00f3ttir hestar.<a name=\"4\"><span class=\"versanumer\">4<\/span><\/a>\u00de\u00e1 t\u00f3k \u00e9g til m\u00e1ls og sag\u00f0i vi\u00f0 engilinn, er vi\u00f0 mig tala\u00f0i: Hva\u00f0 merkir \u00feetta, herra minn?<a name=\"5\"><span class=\"versanumer\">5<\/span><\/a>Engillinn svara\u00f0i og sag\u00f0i vi\u00f0 mig: \u00deetta eru \u00feeir fj\u00f3rir vindar himinsins. \u00deeir hafa gengi\u00f0 fyrir Drottin gj\u00f6rvallrar jar\u00f0arinnar og eru n\u00fa a\u00f0 fara af sta\u00f0.<a name=\"6\"><span class=\"versanumer\">6<\/span><\/a>Vagninn me\u00f0 sv\u00f6rtu hestunum fyrir var a\u00f0 fara til landsins nor\u00f0ur fr\u00e1, og hinir hv\u00edtu f\u00f3ru \u00e1 eftir \u00feeim, en hinir skj\u00f3ttu f\u00f3ru til landsins su\u00f0ur fr\u00e1.<a name=\"7\"><span class=\"versanumer\">7<\/span><\/a>Og hinir rau\u00f0u f\u00f3ru \u00fat, og me\u00f0 \u00fev\u00ed a\u00f0 \u00feeir voru r\u00e1\u00f0nir \u00ed a\u00f0 halda af sta\u00f0 til \u00feess a\u00f0 fara um j\u00f6r\u00f0ina, sag\u00f0i hann: Fari\u00f0! Fari\u00f0 um j\u00f6r\u00f0ina! Og \u00feeir f\u00f3ru um j\u00f6r\u00f0ina.<a name=\"8\"><span class=\"versanumer\">8<\/span><\/a>\u00de\u00e1 kalla\u00f0i hann \u00e1 mig og sag\u00f0i vi\u00f0 mig: Sj\u00e1, \u00feeir sem fara til landsins nor\u00f0ur fr\u00e1, svala rei\u00f0i minni vi\u00f0 landi\u00f0 nor\u00f0ur fr\u00e1.<a name=\"9\"><span class=\"versanumer\">9<\/span><\/a>Or\u00f0 Drottins kom til m\u00edn, svo hlj\u00f3\u00f0andi:<a name=\"10\"><span class=\"versanumer\">10<\/span><\/a>Tak \u00fe\u00fa vi\u00f0 gj\u00f6fum hinna herleiddu af hendi Helda\u00ed, Tob\u00eda og Jedaja, og far \u00fe\u00fa sj\u00e1lfur \u00feann sama dag og gakk \u00fe\u00fa inn \u00ed h\u00fas J\u00f3s\u00eda Sefan\u00edasonar, en \u00feanga\u00f0 eru \u00feeir komnir fr\u00e1 Bab\u00fdlon.<a name=\"11\"><span class=\"versanumer\">11<\/span><\/a>\u00dear skalt \u00fe\u00fa taka silfur og gull og b\u00faa til k\u00f3r\u00f3nu og setja \u00e1 h\u00f6fu\u00f0 J\u00f3s\u00faa J\u00f3sadakssonar \u00e6\u00f0sta prests.<a name=\"12\"><span class=\"versanumer\">12<\/span><\/a>Og \u00fe\u00fa skalt m\u00e6la \u00feannig til hans: Svo segir Drottinn allsherjar: Sj\u00e1, ma\u00f0ur heitir Kvistur. Af hans r\u00f3tum mun spretta, og hann mun byggja musteri Drottins.<a name=\"13\"><span class=\"versanumer\">13<\/span><\/a>Hann er s\u00e1 sem byggja mun musteri Drottins, og hann mun tign hlj\u00f3ta, svo a\u00f0 hann mun sitja og drottna \u00ed h\u00e1s\u00e6ti s\u00ednu, og prestur mun vera honum til h\u00e6gri handar, og fri\u00f0ar\u00feel mun vera milli \u00feeirra beggja.<a name=\"14\"><span class=\"versanumer\">14<\/span><\/a>En k\u00f3r\u00f3nan skal vera \u00feeim Helem, Tob\u00eda, Jedaja og Hen Sefan\u00edasyni til minningar \u00ed musteri Drottins.<a name=\"15\"><span class=\"versanumer\">15<\/span><\/a>Og \u00feeir sem b\u00faa \u00ed fjarl\u00e6g\u00f0, munu koma til a\u00f0 byggja musteri Drottins. Og \u00fe\u00e1 munu\u00f0 \u00fe\u00e9r vi\u00f0urkenna, a\u00f0 Drottinn allsherjar hefir sent mig til y\u00f0ar. Ef \u00fe\u00e9r hl\u00fd\u00f0i\u00f0 r\u00f6ddu Drottins, Gu\u00f0s y\u00f0ar, \u00fe\u00e1 mun \u00feetta ver\u00f0a.<\/p>\n<div class=\"footnote1981\"><b>6.2<\/b> Hestar Sak 1.8+<br \/>\n<b>6.5<\/b> H\u00f6fu\u00f0vindarnir fj\u00f3rir Jer 49.36; Esk 37.9; Dan 7.2; 11.4 \u2013 Drottin allrar jar\u00f0arinnar Sak 4.14<br \/>\n<b>6.7<\/b> Fara um j\u00f6r\u00f0ina Sak 1.10-11<br \/>\n<b>6.10<\/b> Sefan\u00eda 2Kon 25.18; Jer 29.25,29; 37.3<br \/>\n<b>6.11<\/b> J\u00f3s\u00faa \u00e6\u00f0sti prestur Hag 1.1<br \/>\n<b>6.12<\/b> Reisa musteri 2Sam 7.13; 1Kon 8.20<br \/>\n<b>6.13<\/b> \u00d6\u00f0last tign Slm 93.1; sbr Hab 3.3 \u2013 me\u00f0 \u00feeim sbr Sak 4.14<br \/>\n<b>6.15<\/b> \u00d3ralei\u00f0ir sbr Sak 6.8 \u2013 byggja musteri Drottins Hag 1.8,14 \u2013 hlutverk Sakar\u00eda Sak 2.12+ &#8211; hl\u00fd\u00f0a Drottni 5M\u00f3s 28.1<\/div>\n","protected":false},"excerpt":{"rendered":"<p>1\u00c9g h\u00f3f aftur upp augu m\u00edn og s\u00e1, hvar fj\u00f3rir vagnar komu \u00fat \u00e1 milli tveggja fjalla, en fj\u00f6llin voru eirfj\u00f6ll.2Fyrir fyrsta vagninum voru rau\u00f0ir hestar, fyrir \u00f6\u00f0rum vagninum svartir hestar,3fyrir \u00feri\u00f0ja vagninum voru hv\u00edtir hestar og fyrir fj\u00f3r\u00f0a vagninum rau\u00f0skj\u00f3ttir hestar.4\u00de\u00e1 t\u00f3k \u00e9g til m\u00e1ls og sag\u00f0i vi\u00f0 engilinn, er vi\u00f0 mig tala\u00f0i: Hva\u00f0 merkir \u00feetta, herra minn?5Engillinn svara\u00f0i og sag\u00f0i vi\u00f0 mig: \u00deetta eru \u00feeir fj\u00f3rir vindar himinsins. \u00deeir hafa gengi\u00f0 fyrir Drottin gj\u00f6rvallrar jar\u00f0arinnar og eru n\u00fa a\u00f0 fara af sta\u00f0.6Vagninn me\u00f0 sv\u00f6rtu hestunum fyrir var a\u00f0 fara til landsins nor\u00f0ur fr\u00e1, og hinir hv\u00edtu f\u00f3ru \u00e1 <a href=\"https:\/\/biblian.is\/1981\/sakaria-6-kafli\/\"> [&#8230;]<\/a><\/p>\n","protected":false},"author":1,"featured_media":0,"parent":0,"menu_order":0,"comment_status":"open","ping_status":"open","template":"bibliukaflar.php","meta":{"footnotes":""},"class_list":["post-2264","page","type-page","status-publish","hentry"],"_links":{"self":[{"href":"https:\/\/biblian.is\/1981\/wp-json\/wp\/v2\/pages\/2264","targetHints":{"allow":["GET"]}}],"collection":[{"href":"https:\/\/biblian.is\/1981\/wp-json\/wp\/v2\/pages"}],"about":[{"href":"https:\/\/biblian.is\/1981\/wp-json\/wp\/v2\/types\/page"}],"author":[{"embeddable":true,"href":"https:\/\/biblian.is\/1981\/wp-json\/wp\/v2\/users\/1"}],"replies":[{"embeddable":true,"href":"https:\/\/biblian.is\/1981\/wp-json\/wp\/v2\/comments?post=2264"}],"version-history":[{"count":0,"href":"https:\/\/biblian.is\/1981\/wp-json\/wp\/v2\/pages\/2264\/revisions"}],"wp:attachment":[{"href":"https:\/\/biblian.is\/1981\/wp-json\/wp\/v2\/media?parent=2264"}],"curies":[{"name":"wp","href":"https:\/\/api.w.org\/{rel}","templated":true}]}}