{"id":2263,"date":"2017-11-18T20:20:58","date_gmt":"2017-11-18T20:20:58","guid":{"rendered":"http:\/\/biblian.is\/1981\/sakaria-5-kafli\/"},"modified":"2021-06-06T11:05:49","modified_gmt":"2021-06-06T11:05:49","slug":"sakaria-5-kafli","status":"publish","type":"page","link":"https:\/\/biblian.is\/1981\/sakaria-5-kafli\/","title":{"rendered":"Sakar\u00eda 5. kafli"},"content":{"rendered":"<p><a name=\"1\"><span class=\"versanumer\">1<\/span><\/a>\u00c9g h\u00f3f aftur upp augu m\u00edn og s\u00e1 b\u00f3krollu, sem var \u00e1 flugi.<a name=\"2\"><span class=\"versanumer\">2<\/span><\/a>\u00de\u00e1 sag\u00f0i hann vi\u00f0 mig: Hva\u00f0 s\u00e9r \u00fe\u00fa? \u00c9g svara\u00f0i: \u00c9g s\u00e9 b\u00f3krollu \u00e1 flugi, tuttugu \u00e1lna langa og t\u00edu \u00e1lna brei\u00f0a.<a name=\"3\"><span class=\"versanumer\">3<\/span><\/a>\u00de\u00e1 sag\u00f0i hann vi\u00f0 mig: \u00deetta er b\u00f6lvunin, sem \u00fat gengur yfir gj\u00f6rvallt landi\u00f0, \u00fev\u00ed a\u00f0 s\u00e9rhverjum sem stelur, ver\u00f0ur samkv\u00e6mt henni s\u00f3pa\u00f0 h\u00e9\u00f0an, og s\u00e9rhverjum sem meins\u00e6ri fremur, ver\u00f0ur samkv\u00e6mt henni s\u00f3pa\u00f0 h\u00e9\u00f0an.<a name=\"4\"><span class=\"versanumer\">4<\/span><\/a>\u00c9g hefi l\u00e1ti\u00f0 hana \u00fat ganga segir Drottinn allsherjar til \u00feess a\u00f0 h\u00fan komi inn \u00ed h\u00fas \u00fej\u00f3fsins og inn \u00ed h\u00fas \u00feess, sem meins\u00e6ri fremur vi\u00f0 nafn mitt, og sta\u00f0n\u00e6mist inni \u00ed h\u00fasi hans og ey\u00f0i \u00fev\u00ed b\u00e6\u00f0i a\u00f0 vi\u00f0um og veggjum.<a name=\"5\"><span class=\"versanumer\">5<\/span><\/a>\u00deessu n\u00e6st gekk fram engillinn, er vi\u00f0 mig tala\u00f0i, og sag\u00f0i vi\u00f0 mig: Hef upp augu \u00fe\u00edn og sj\u00e1, hva\u00f0 \u00fear kemur fram!<a name=\"6\"><span class=\"versanumer\">6<\/span><\/a>\u00c9g sag\u00f0i: Hva\u00f0 er \u00feetta? \u00de\u00e1 sag\u00f0i hann: \u00deetta er efan, sem kemur \u00ed lj\u00f3s. \u00de\u00e1 sag\u00f0i hann: \u00deetta er misgj\u00f6r\u00f0 \u00feeirra \u00ed \u00f6llu landinu.<a name=\"7\"><span class=\"versanumer\">7<\/span><\/a>\u00de\u00e1 lyftist allt \u00ed einu upp kringl\u00f3tt bl\u00fdlok, og sat \u00fear kona ein ni\u00f0ri \u00ed efunni.<a name=\"8\"><span class=\"versanumer\">8<\/span><\/a>\u00de\u00e1 sag\u00f0i hann: \u00deetta er Vonskan! kasta\u00f0i henni ofan \u00ed efuna og kasta\u00f0i bl\u00fdlokinu ofan yfir opi\u00f0.<a name=\"9\"><span class=\"versanumer\">9<\/span><\/a>S\u00ed\u00f0an h\u00f3f \u00e9g upp augu m\u00edn og s\u00e1 allt \u00ed einu tv\u00e6r konur koma fram, og st\u00f3\u00f0 vindur undir v\u00e6ngi \u00feeim \u00fev\u00ed a\u00f0 \u00fe\u00e6r h\u00f6f\u00f0u v\u00e6ngi sem storksv\u00e6ngi og h\u00f3fu \u00fe\u00e6r efuna upp milli jar\u00f0ar og himins.<a name=\"10\"><span class=\"versanumer\">10<\/span><\/a>\u00de\u00e1 sag\u00f0i \u00e9g vi\u00f0 engilinn, sem vi\u00f0 mig tala\u00f0i: Hvert fara \u00fe\u00e6r me\u00f0 efuna?<a name=\"11\"><span class=\"versanumer\">11<\/span><\/a>Hann svara\u00f0i m\u00e9r: \u00de\u00e6r \u00e6tla a\u00f0 reisa henni h\u00fas \u00ed S\u00ednearlandi, og \u00feegar \u00fea\u00f0 er b\u00fai\u00f0, \u00fe\u00e1 setja \u00fe\u00e6r hana \u00fear \u00e1 sinn sta\u00f0.<\/p>\n<div class=\"footnote1981\"><b>5.1<\/b> B\u00f3kfell Esk 2.10<br \/>\n<b>5.2<\/b> Hva\u00f0 s\u00e9r\u00f0u? Sak 4.2+ &#8211; tuttugu \u00e1lnir &#8230; 1Kon 6.3<br \/>\n<b>5.3<\/b> Meins\u00e6ri Sak 8.17; Mal 3.5<br \/>\n<b>5.4<\/b> B\u00f6lvun gengur \u00fat sbr Jes 9.7 \u2013 h\u00fasi eytt Esr 6.11<br \/>\n<b>5.9<\/b> V\u00e6ngir Opb 12.14<br \/>\n<b>5.11<\/b> S\u00ednearland 1M\u00f3s 10.10; 11.2; Dan 1.2<\/div>\n","protected":false},"excerpt":{"rendered":"<p>1\u00c9g h\u00f3f aftur upp augu m\u00edn og s\u00e1 b\u00f3krollu, sem var \u00e1 flugi.2\u00de\u00e1 sag\u00f0i hann vi\u00f0 mig: Hva\u00f0 s\u00e9r \u00fe\u00fa? \u00c9g svara\u00f0i: \u00c9g s\u00e9 b\u00f3krollu \u00e1 flugi, tuttugu \u00e1lna langa og t\u00edu \u00e1lna brei\u00f0a.3\u00de\u00e1 sag\u00f0i hann vi\u00f0 mig: \u00deetta er b\u00f6lvunin, sem \u00fat gengur yfir gj\u00f6rvallt landi\u00f0, \u00fev\u00ed a\u00f0 s\u00e9rhverjum sem stelur, ver\u00f0ur samkv\u00e6mt henni s\u00f3pa\u00f0 h\u00e9\u00f0an, og s\u00e9rhverjum sem meins\u00e6ri fremur, ver\u00f0ur samkv\u00e6mt henni s\u00f3pa\u00f0 h\u00e9\u00f0an.4\u00c9g hefi l\u00e1ti\u00f0 hana \u00fat ganga segir Drottinn allsherjar til \u00feess a\u00f0 h\u00fan komi inn \u00ed h\u00fas \u00fej\u00f3fsins og inn \u00ed h\u00fas \u00feess, sem meins\u00e6ri fremur vi\u00f0 nafn mitt, og sta\u00f0n\u00e6mist inni \u00ed h\u00fasi <a href=\"https:\/\/biblian.is\/1981\/sakaria-5-kafli\/\"> [&#8230;]<\/a><\/p>\n","protected":false},"author":1,"featured_media":0,"parent":0,"menu_order":0,"comment_status":"open","ping_status":"open","template":"bibliukaflar.php","meta":{"footnotes":""},"class_list":["post-2263","page","type-page","status-publish","hentry"],"_links":{"self":[{"href":"https:\/\/biblian.is\/1981\/wp-json\/wp\/v2\/pages\/2263","targetHints":{"allow":["GET"]}}],"collection":[{"href":"https:\/\/biblian.is\/1981\/wp-json\/wp\/v2\/pages"}],"about":[{"href":"https:\/\/biblian.is\/1981\/wp-json\/wp\/v2\/types\/page"}],"author":[{"embeddable":true,"href":"https:\/\/biblian.is\/1981\/wp-json\/wp\/v2\/users\/1"}],"replies":[{"embeddable":true,"href":"https:\/\/biblian.is\/1981\/wp-json\/wp\/v2\/comments?post=2263"}],"version-history":[{"count":0,"href":"https:\/\/biblian.is\/1981\/wp-json\/wp\/v2\/pages\/2263\/revisions"}],"wp:attachment":[{"href":"https:\/\/biblian.is\/1981\/wp-json\/wp\/v2\/media?parent=2263"}],"curies":[{"name":"wp","href":"https:\/\/api.w.org\/{rel}","templated":true}]}}